{"id":11628,"date":"2023-10-04T07:39:46","date_gmt":"2023-10-04T07:39:46","guid":{"rendered":"https:\/\/haitises.com\/?post_type=product&#038;p=11628"},"modified":"2024-04-01T17:28:14","modified_gmt":"2024-04-01T17:28:14","slug":"cayo-levantado-day-trip","status":"publish","type":"product","link":"https:\/\/visitaloshaitises.com\/eo\/privata\/cayo-levantado-day-trip\/","title":{"rendered":"Cayo Levantado Day Trip"},"content":{"rendered":"<div class=\"vc_row wpb_row vc_row-fluid\" ><div class=\"wpb_column vc_column_container vc_col-sm-12\"><div class=\"vc_column-inner\"><div class=\"wpb_wrapper\">\n\t<div class=\"wpb_text_column wpb_content_element\" >\n\t\t<div class=\"wpb_wrapper\">\n\t\t\t<p><span style=\"vertical-align: inherit;\"><span style=\"vertical-align: inherit;\"><\/p>\n\n\t\t<\/div>\n\t<\/div>\n<\/div><\/div><\/div><\/div><div class=\"vc_row wpb_row vc_row-fluid\" ><div class=\"wpb_column vc_column_container vc_col-sm-12\"><div class=\"vc_column-inner\"><div class=\"wpb_wrapper\"><\/div><\/div><\/div>[mkdf_section_title title_tag=\u00bb\u00bb disable_break_words=\u00bbno\u00bb subtitle_tag=\u00bb\u00bb title=\u00bbPase de un d\u00eda a la isla Bacard\u00ed (Cayo Levantado)\u00bb subtitle=\u00bbAlmuerzo y nataci\u00f3n en la playa\u00bb]<div class=\"vc_row wpb_row vc_row-fluid\" ><\/div><\/div>[\/vc_row]<div class=\"vc_row wpb_row vc_row-fluid\" ><div class=\"wpb_column vc_column_container vc_col-sm-12\"><div class=\"vc_column-inner\"><div class=\"wpb_wrapper\"><\/div><\/div><\/div><\/div><div class=\"vc_row wpb_row vc_row-fluid\" ><div class=\"wpb_column vc_column_container vc_col-sm-12\"><div class=\"vc_column-inner\"><div class=\"wpb_wrapper\"><div class=\"vc_btn3-container vc_btn3-inline\" ><button class=\"vc_general vc_btn3 vc_btn3-size-md vc_btn3-shape-rounded vc_btn3-style-modern vc_btn3-color-green\">eLIBRO NUN<\/button><\/div><\/div><\/div><\/div><\/div><div class=\"wpb_column vc_column_container vc_col-sm-12\"><div class=\"vc_column-inner\"><div class=\"wpb_wrapper\"><\/div><\/div><\/div><div class=\"vc_empty_space\"   style=\"height: 32px\"><span class=\"vc_empty_space_inner\"><\/span><\/div><div class=\"vc_row wpb_row vc_row-fluid\" ><\/div><div class=\"wpb_column vc_column_container vc_col-sm-12\"><div class=\"vc_column-inner\"><div class=\"wpb_wrapper\"><\/div><\/div><\/div>\n\t<div class=\"wpb_text_column wpb_content_element\" >\n\t\t<div class=\"wpb_wrapper\">\n\t\t\t<p>\u00a0<\/span><\/span><\/p>\n<h4><b><i><span style=\"vertical-align: inherit;\"><span style=\"vertical-align: inherit;\">Visi\u00f3n general <\/span><\/span><\/i><\/b><\/h4>\n<p>Our <em>day passes<\/em>\u00a0are for anyone who wants to spend a\u00a0<em>day<\/em> at one of the most beautiful beaches in the Dominican Republic. You are free to walk around, swimming, relaxing, chilling, playing volleyball, taking photos, snorkeling, enjoying the beach or just lying in shadow and taking a refreshing beverage (Pi\u00f1a Colada, Coco Loco, Cuba Libre etc.)<\/p>\n<ul>\n<li style=\"font-weight: 400;\"><span style=\"font-weight: 400;\">Includes buffet lunch on the beach<\/span><\/li>\n<li>One Pina Colada with or without Alcohol per adult.<\/li>\n<li>Boat Transfer<\/li>\n<li style=\"font-weight: 400;\"><span style=\"font-weight: 400;\">The Captain provides instruction and Supervision<\/span><\/li>\n<\/ul>\n<p>&nbsp;<\/p>\n<h4><b>Inkludoj &amp; Ekskludoj<\/b><\/h4>\n<p>&nbsp;<\/p>\n<p><b>Inkluzivecoj<\/b><\/p>\n<ol>\n<li>One Pina Colada with or without Alcohol per adult.<\/li>\n<li style=\"font-weight: 400;\"><span style=\"font-weight: 400;\">Bufeta tagman\u011do sur la strando<\/span><\/li>\n<li style=\"font-weight: 400;\"><span style=\"font-weight: 400;\">\u0108iuj impostoj, kotizoj kaj pritraktadoj<\/span><\/li>\n<li style=\"font-weight: 400;\"><span style=\"font-weight: 400;\">Lokaj impostoj<\/span><\/li>\n<li style=\"font-weight: 400;\"><span style=\"font-weight: 400;\">Trinka\u0135oj<\/span><\/li>\n<\/ol>\n<p><b> Ekskludoj<\/b><\/p>\n<ol>\n<li style=\"font-weight: 400;\"><span style=\"font-weight: 400;\">Senpagaj<\/span><\/li>\n<li style=\"font-weight: 400;\"><span style=\"font-weight: 400;\">Transfer Car<\/span><\/li>\n<li style=\"font-weight: 400;\"><span style=\"font-weight: 400;\">Alkoholaj Trinka\u0135oj<\/span><\/li>\n<li>Local Guide<\/li>\n<\/ol>\n<p>&nbsp;<\/p>\n<h4><em><strong>Foriro &amp; Reveno<\/strong><\/em><\/h4>\n<p><span style=\"font-weight: 400;\">La voja\u011danto ricevos renkontpunkton post la Rezerva Procezo. Turneoj komenci\u011das kaj Fini\u011das en niaj renkontpunktoj.<\/span><\/p>\n<p>&nbsp;<\/p>\n<h4><b><i>Kion Atendu?<\/i><\/b><\/h4>\n<p>&nbsp;<\/p>\n<p><em><strong>Akiru viajn biletojn<\/strong><\/em> fora day pass in Bacardi island ( Cayo Levantado) in Samana plus a wonderful lunch and beach time.<\/p>\n<p><span style=\"font-weight: 400;\">The Daypass, organized by \u00abBooking Adventures\u00bb starts at the meeting point set with the Tour Guide. <\/span>Lunch at the beach and you can stay as long as you want swimming around. If you are Vegan we also can set some food for you.<\/p>\n<p><strong>Timetable:<\/strong><\/p>\n<p>8:45 AM &#8211; 4:30 PM<\/p>\n<p>&nbsp;<\/p>\n<h4><em><strong>Kion vi alportu?<\/strong><\/em><\/h4>\n<ul>\n<li style=\"font-weight: 400;\"><span style=\"font-weight: 400;\">fotilo<\/span><\/li>\n<li style=\"font-weight: 400;\"><span style=\"font-weight: 400;\">Forpu\u015digaj bur\u011donoj<\/span><\/li>\n<li style=\"font-weight: 400;\"><span style=\"font-weight: 400;\">sunkremo<\/span><\/li>\n<li style=\"font-weight: 400;\"><span style=\"font-weight: 400;\">\u0108apelo<\/span><\/li>\n<li style=\"font-weight: 400;\"><span style=\"font-weight: 400;\">Komfortaj pantalonoj<\/span><\/li>\n<li style=\"font-weight: 400;\"><span style=\"font-weight: 400;\">Mar\u015duoj por arbaro<\/span><\/li>\n<li style=\"font-weight: 400;\"><span style=\"font-weight: 400;\">Sandaloj al la strando<\/span><\/li>\n<li style=\"font-weight: 400;\"><span style=\"font-weight: 400;\">Na\u011dvesta\u0135o<\/span><\/li>\n<li>Cash for souvenirs<\/li>\n<\/ul>\n<p>&nbsp;<\/p>\n<h4><b><i>Hotela Kaptado <\/i><\/b><\/h4>\n<p><span style=\"font-weight: 400;\">Repreno de hotelo ne estas ofertita por \u0109i tiu turneo. <\/span><\/p>\n<p>&nbsp;<\/p>\n<p><b>Notu:<\/b><span style=\"font-weight: 400;\"> if you are booking within 24 hours of the tour\/Excursion departure time, we can arrangements hotel pick-up with extra Charges. Once your purchase is complete, we will send you complete contact information (phone number, email address, etc.) for our local Tour guide to organize pick-up arrangements.<\/span><\/p>\n<h4><b><i>Konfirmo de Pliaj Informoj <\/i><\/b><\/h4>\n<ol>\n<li>Biletoj estas la Kvitanco post pagado de \u0109i tiu Turneo. Vi povas montri la pagon per via telefono.<\/li>\n<li style=\"font-weight: 400;\"><span style=\"font-weight: 400;\">Renkontopunkto Estos ricevita Post la Rezerva Procezo.<\/span><\/li>\n<li style=\"font-weight: 400;\"><span style=\"font-weight: 400;\">Infanoj devas esti akompanataj de plenkreskulo.<\/span><\/li>\n<li style=\"font-weight: 400;\"><span style=\"font-weight: 400;\">wheelchair accessible <\/span><\/li>\n<li style=\"font-weight: 400;\"><span style=\"font-weight: 400;\">Infanoj devas sidi sur rondiroj <\/span><\/li>\n<li style=\"font-weight: 400;\"><span style=\"font-weight: 400;\">Plej multaj voja\u011dantoj povas partopreni<\/span><\/li>\n<\/ol>\n<h4><b><i>Politiko pri nuligo<\/i><\/b><\/h4>\n<p>Por plena repago, bonvolu legi niajn Politikojn pri Nuligo\u00a0<a href=\"https:\/\/www.ticketswhales.com\/online-booking\/\" target=\"_blank\" rel=\"noopener\" data-saferedirecturl=\"https:\/\/www.google.com\/url?q=https:\/\/www.ticketswhales.com\/online-booking\/&amp;source=gmail&amp;ust=1672532492004000&amp;usg=AOvVaw3ylqI1cdbIPTimEqEWneyd\">Klaku \u0109i tie<\/a>. Funds will be lost if the reservation is cancelled the same day of the trip.<\/p>\n\n\t\t<\/div>\n\t<\/div>\n<div class=\"vc_row wpb_row vc_row-fluid\" ><\/div><div class=\"wpb_column vc_column_container vc_col-sm-12\"><div class=\"vc_column-inner\"><div class=\"wpb_wrapper\"><\/div><\/div><\/div><div class=\"vc_empty_space\"   style=\"height: 32px\"><span class=\"vc_empty_space_inner\"><\/span><\/div><div class=\"vc_empty_space\"   style=\"height: 32px\"><span class=\"vc_empty_space_inner\"><\/span><\/div><div class=\"vc_row wpb_row vc_row-fluid\" ><\/div><div class=\"wpb_column vc_column_container vc_col-sm-12\"><div class=\"vc_column-inner\"><div class=\"wpb_wrapper\"><\/div><\/div><\/div><div class=\"vc_row wpb_row vc_row-fluid\" ><div class=\"wpb_column vc_column_container vc_col-sm-12\"><div class=\"vc_column-inner\"><div class=\"wpb_wrapper\"><div class=\"vc_btn3-container vc_btn3-inline\" ><button class=\"vc_general vc_btn3 vc_btn3-size-md vc_btn3-shape-rounded vc_btn3-style-modern vc_btn3-color-green\">eLIBRO NUN<\/button><\/div><\/div><\/div><\/div><\/div>","protected":false},"excerpt":{"rendered":"<p><span style=\"vertical-align: inherit;\"><span style=\"vertical-align: inherit;\">\u00a1Excursi\u00f3n de un d\u00eda a la playa de la isla Bacard\u00ed (Cayo Levantado)! <\/span><span style=\"vertical-align: inherit;\">Consiga sus entradas y almuerce en la playa. <\/span><span style=\"vertical-align: inherit;\">Traslado en barco o catamar\u00e1n todos los d\u00edas a la isla de Bacardi. <\/span><span style=\"vertical-align: inherit;\">Visite la bah\u00eda de Saman\u00e1 y reserve hoy esta oferta.<\/span><\/span><\/p>\n<p>&nbsp;<\/p>\n<p><em><strong><span style=\"vertical-align: inherit;\"><span style=\"vertical-align: inherit;\">Seleccione la fecha para el tour\u00a0<\/span><\/span><\/strong><\/em><\/p>","protected":false},"featured_media":11094,"template":"","meta":[],"product_brand":[],"product_cat":[571,98,135,122,123,124],"product_tag":[137,138,162,163,131,142,147,148,143],"class_list":{"0":"post-11628","1":"product","2":"type-product","3":"status-publish","4":"has-post-thumbnail","6":"product_cat-1-samana","7":"product_cat-local-tour-guides","8":"product_cat-lunch","9":"product_cat-tours-and-excursions","10":"product_cat-tours-excursions-los-haitises-national-park","11":"product_cat-tours-excursions-samana-bay-dominican-republic","12":"product_tag-bacardi-island","13":"product_tag-beach-time","14":"product_tag-cayo-levantado-day-pass","15":"product_tag-cayo-levantado-tour","16":"product_tag-locals-guides","17":"product_tag-samana","18":"product_tag-samana-bay","19":"product_tag-samana-excursions","20":"product_tag-samana-tours","22":"first","23":"instock","24":"sale","25":"featured","26":"sold-individually","27":"shipping-taxable","28":"product-type-external"},"_links":{"self":[{"href":"https:\/\/visitaloshaitises.com\/eo\/wp-json\/wp\/v2\/product\/11628","targetHints":{"allow":["GET"]}}],"collection":[{"href":"https:\/\/visitaloshaitises.com\/eo\/wp-json\/wp\/v2\/product"}],"about":[{"href":"https:\/\/visitaloshaitises.com\/eo\/wp-json\/wp\/v2\/types\/product"}],"wp:featuredmedia":[{"embeddable":true,"href":"https:\/\/visitaloshaitises.com\/eo\/wp-json\/wp\/v2\/media\/11094"}],"wp:attachment":[{"href":"https:\/\/visitaloshaitises.com\/eo\/wp-json\/wp\/v2\/media?parent=11628"}],"wp:term":[{"taxonomy":"product_brand","embeddable":true,"href":"https:\/\/visitaloshaitises.com\/eo\/wp-json\/wp\/v2\/product_brand?post=11628"},{"taxonomy":"product_cat","embeddable":true,"href":"https:\/\/visitaloshaitises.com\/eo\/wp-json\/wp\/v2\/product_cat?post=11628"},{"taxonomy":"product_tag","embeddable":true,"href":"https:\/\/visitaloshaitises.com\/eo\/wp-json\/wp\/v2\/product_tag?post=11628"}],"curies":[{"name":"wp","href":"https:\/\/api.w.org\/{rel}","templated":true}]}}