{"id":558,"date":"2020-06-23T12:05:23","date_gmt":"2020-06-23T12:05:23","guid":{"rendered":"https:\/\/haitises.com\/?post_type=product&#038;p=558"},"modified":"2024-04-17T18:50:43","modified_gmt":"2024-04-17T18:50:43","slug":"excursion-a-los-haitises-con-senderismo-en-el-bosque-humedo","status":"publish","type":"product","link":"https:\/\/visitaloshaitises.com\/en\/private\/excursion-a-los-haitises-con-senderismo-en-el-bosque-humedo\/","title":{"rendered":"Excursion to Los Haitises with Hiking in the Wet Forest"},"content":{"rendered":"<div class=\"vc_row wpb_row vc_row-fluid\" ><div class=\"wpb_column vc_column_container vc_col-sm-12\"><div class=\"vc_column-inner\"><div class=\"wpb_wrapper\">[mkdf_section_title title_tag=\u00bb\u00bb disable_break_words=\u00bbno\u00bb subtitle_tag=\u00bb\u00bb title=\u00bbLos Haitises National Park- From Sabana de la Mar + Hiking 2 Hours\u00bb subtitle=\u00bbHumid Forest + Normal Trip to Caves\u00bb]<\/div><\/div><\/div><\/div><div class=\"vc_row wpb_row vc_row-fluid\" ><div class=\"wpb_column vc_column_container vc_col-sm-12\"><div class=\"vc_column-inner\"><div class=\"wpb_wrapper\">\n\t<div class=\"wpb_text_column wpb_content_element\" >\n\t\t<div class=\"wpb_wrapper\">\n\t\t\t<h5>Wet Forest + Normal Trip to Caves<\/h5>\n<h2>Los Haitises National Park- From Sabana de la Mar + Hiking 2 hours<\/h2>\n<h3><em>Description<\/em><\/h3>\n<p>Enjoy a two-hour walk through the forest of Los Haitises National Park. Learn about medicinal plants and visit local places. After visiting the Los Haitises National Park from Sabana de la Mar or the Ca\u00f1o Hondo hotels with Local guides.<\/p>\n<p>We will do the hike after the boat trip. A normal private trip to Los Haitises National Park. Come with us and visit the most beautiful national park in the Dominican Republic, visiting mangroves, 3 caves and San Lorenzo Bay. This experience can begin from the community of Sabana de la Mar learning about this history of Sabana de la Mar.<\/p>\n<ul>\n<li>Hiking 2 hours in the forest<\/li>\n<li>History of Sabana de la Mar<\/li>\n<li>Taxes included<\/li>\n<li>The guide provides instruction and supervision.<\/li>\n<li>Lunch is not included for lunch in Cano Hondo Choose this tour: Los Haitises Plus Ca\u00f1o Hondo.<\/li>\n<\/ul>\n<h3>Inclusions and exclusions<\/h3>\n<h4>Inclusions<\/h4>\n<ol>\n<li>Los Haitises Tour + Caves and Pictographs<\/li>\n<li>All taxes, fees and handling charges.<\/li>\n<li>Local taxes<\/li>\n<li>All the activities<\/li>\n<li>Local guide<\/li>\n<\/ol>\n<h4>Exclusions<\/h4>\n<ol>\n<li>Tips<\/li>\n<li>Lunch is not included for lunch in Cano Hondo Choose this tour: Los Haitises Plus Ca\u00f1o Hondo.<\/li>\n<li>Transport<\/li>\n<li>Alcoholic beverages<\/li>\n<\/ol>\n<h3><em>Departure and return<\/em><\/h3>\n<p>The traveler will get a meeting point after the booking process. Tours begin and end at our meeting points.<\/p>\n<h3><em>What to expect?<\/em><\/h3>\n<p>Get your tickets to visit Los Haitises National Park with Caves, Mangroves and San Lorenzo Bay after a two-hour hike through the humid forest of Los Haitises National Park.<\/p>\n<p>Los Haitises National Park from Sabana de la Mar or Ca\u00f1o Hondo hotels with Local guides. The trip begins at the main port of Los Haitises National Park. This trip begins at 10:00 am with a local tour guide who knows the original story about the magnificent National Park.<\/p>\n<p>Then we start from the main port of Los Haitises National Park, called Ca\u00f1o Hondo (Deep Creek) in a BOAT with life jackets. We will enjoy the red mangrove forest until we reach San Lorenzo Bay. Small bay in Saman\u00e1 Bay. And here we go! The first thing you can see is the huge collection of mountain limestone island called Mogotes. Above them more than 700 species of plants and many wetland birds flying around. Then visiting caves with pictographs of our indigenous communities from 750 years ago.<\/p>\n<p>Through the mangroves and land in the open San Lorenzo Bay, from where you can photograph the rugged forest landscape. Look out into the water to see manatees, crustaceans and dolphins.<\/p>\n<p>El nombre del parque nacional proviene de sus habitantes originales, los indios ta\u00ednos. En su idioma, \u00abHaitises\u00bb se traduce en tierras altas o colinas, una referencia a las empinadas formaciones geol\u00f3gicas de la costa con calizas. Avent\u00farate en el parque para explorar cuevas como la Cueva de la Arena y la Cueva de la L\u00ednea. Las cuevas en la reserva fueron utilizadas como refugio por los indios ta\u00ednos y, m\u00e1s adelante, por los piratas escondidos. Busque dibujos de indios que decoran algunas de las paredes. Despu\u00e9s de visitar el Parque Nacional Los Haitises, iremos al bosque h\u00famedo para caminar 2 horas y regresar al lugar donde comenz\u00f3 nuestro viaje.<\/p>\n<h3><em>What should you bring?<\/em><\/h3>\n<ul>\n<li>Camera<\/li>\n<li>Repellents<\/li>\n<li>sunscreen<\/li>\n<li>Hat<\/li>\n<li>Comfortable pants<\/li>\n<li>Forest hiking shoes<\/li>\n<li>Sandals to spring areas.<\/li>\n<li>Swimsuit<\/li>\n<\/ul>\n<h3><em>Hotel pickup<\/em><\/h3>\n<p>Hotel pickup is offered if you are located at Paraiso Ca\u00f1o Hondo or Altos Ca\u00f1o Hondo Hotel. Our meeting point is a 5-minute walk from those hotels.<\/p>\n<p><strong>Note:<\/strong> If you book within 24 hours of the tour\/excursion departure time, we can arrange hotel pickup with additional charges if you are not at the Ca\u00f1o Hondo hotels. Once your purchase is complete, we will send you complete contact information (phone number, email address, etc.) for our local tour guide to arrange pickup arrangements.<\/p>\n<h3><em>Confirmation of additional information<\/em><\/h3>\n<ul>\n<li>The tickets are the Receipt after paying for this Tour. You can show the payment on your phone.<\/li>\n<li>The meeting point will be received after the reservation process.<\/li>\n<li>Children must be accompanied by an adult.<\/li>\n<li>Not wheelchair accessible<\/li>\n<li>Infants should sit in a baby seat or with an adult<\/li>\n<li>Not recommended for travelers with back problems.<\/li>\n<li>Not recommended for pregnant women.<\/li>\n<li>No heart problems or other serious medical conditions.<\/li>\n<li>Most travelers can participate.<\/li>\n<\/ul>\n<h3><em>Cancellation policy<\/em><\/h3>\n<p>For a full refund, cancel at least 24 hours before the experience start date.<\/p>\n\n\t\t<\/div>\n\t<\/div>\n<\/div><\/div><\/div><\/div><div class=\"vc_row wpb_row vc_row-fluid\" ><div class=\"wpb_column vc_column_container vc_col-sm-12\"><div class=\"vc_column-inner\"><div class=\"wpb_wrapper\"><div class=\"vc_empty_space\"   style=\"height: 32px\"><span class=\"vc_empty_space_inner\"><\/span><\/div>\n\t<div class=\"wpb_video_widget wpb_content_element vc_clearfix   vc_video-aspect-ratio-169 vc_video-el-width-100 vc_video-align-left\" >\n\t\t<div class=\"wpb_wrapper\">\n\t\t\t\n\t\t\t<div class=\"wpb_video_wrapper\"><iframe loading=\"lazy\" title=\"Los Haitises National Park, Tours &amp; Excursion From Samana or Sabana de la Mar. Book Here:\" src=\"https:\/\/player.vimeo.com\/video\/346508015?dnt=1&amp;app_id=122963\" width=\"1100\" height=\"619\" frameborder=\"0\" allow=\"autoplay; fullscreen\" allowfullscreen><\/iframe><\/div>\n\t\t<\/div>\n\t<\/div>\n<\/div><\/div><\/div><\/div><div class=\"vc_row wpb_row vc_row-fluid\" ><div class=\"wpb_column vc_column_container vc_col-sm-12\"><div class=\"vc_column-inner\"><div class=\"wpb_wrapper\"><div class=\"vc_empty_space\"   style=\"height: 32px\"><span class=\"vc_empty_space_inner\"><\/span><\/div>\n\t<div class=\"wpb_text_column wpb_content_element\" >\n\t\t<div class=\"wpb_wrapper\">\n\t\t\t<h4>Contact us?<\/h4>\n<h5>Booking Adventures<\/h5>\n<p><em><strong>Locals<\/strong>\u00a0and\u00a0<strong>Nationals<\/strong>\u00a0Tour Guides &amp; Guest Services<\/em><\/p>\n<p><span class=\"text-turquoise\">Reservations:<\/span>\u00a0Tours &amp; Excursions in Dom. Rep.<\/p>\n<p><img decoding=\"async\" class=\"emoji\" draggable=\"false\" src=\"https:\/\/s.w.org\/images\/core\/emoji\/11.2.0\/svg\/1f4de.svg\" alt=\"\ud83d\udcde\" \/>\u00a0Tel \/ Whatsapp\u00a0\u00a0<a href=\"tel:+1-809-720-6035\">+1-809-720-6035<\/a>.<\/p>\n<p><img decoding=\"async\" class=\"emoji\" draggable=\"false\" src=\"https:\/\/s.w.org\/images\/core\/emoji\/11.2.0\/svg\/1f4e9.svg\" alt=\"\ud83d\udce9\" \/>\u00a0<a href=\"mailto:info@bookingadventures.com.do\">info@bookingadventures.com.do<\/a><\/p>\n<p><strong>We are Flexible Setting Private Tours by Whatsapp:\u00a0<a href=\"tel:+18097206035\">+18097206035.<\/a><\/strong><\/p>\n\n\t\t<\/div>\n\t<\/div>\n<div class=\"vc_empty_space\"   style=\"height: 32px\"><span class=\"vc_empty_space_inner\"><\/span><\/div><\/div><\/div><\/div><\/div>","protected":false},"excerpt":{"rendered":"<p>And here we go! The first thing you can see is the huge collection of limestone mountain island called Mogotes above them more than 700 species of plants and many wetland birds flying. Then visit caves with pictographs of our indigenous communities 750 years ago.<\/p>\n<p>Furthermore, this trip shows that they are the most important places to visit in Haitises National Park. The two most visited caves are the Cueva de la L\u00ednea and the Cueva de la Arena. After a few hours visiting this beautiful National Park we headed towards the humid forest of the Haitises National Park, after 2 hours of walking, we returned to the place from where we started our excursion. Get your tickets here and ride with locals who know the history of Haitises National Park.<\/p>\n<p><strong>Please select the date for the Tour:<\/strong><\/p>\n<p>&nbsp;<\/p>\n<p>&nbsp;<\/p>","protected":false},"featured_media":84,"template":"","meta":[],"product_brand":[],"product_cat":[443,123,124],"product_tag":[179,125,126,129,130,104,221,131,132,210,222,134,223,146,114,224],"class_list":{"0":"post-558","1":"product","2":"type-product","3":"status-publish","4":"has-post-thumbnail","6":"product_cat-tours-y-excursiones-es","7":"product_cat-tours-excursions-los-haitises-national-park","8":"product_cat-tours-excursions-samana-bay-dominican-republic","9":"product_tag-birding-in-los-haitises","10":"product_tag-boat-tour","11":"product_tag-cano-hondo","12":"product_tag-eco-tours","13":"product_tag-excursion","14":"product_tag-hiking","15":"product_tag-hiking-los-haitises","16":"product_tag-locals-guides","17":"product_tag-los-haitises","18":"product_tag-los-haitises-excursions","19":"product_tag-los-haitises-from-samana","20":"product_tag-los-haitises-national-park-tour","21":"product_tag-los-haitises-sabana-de-la-mar","22":"product_tag-mangroves-los-haitises","23":"product_tag-sabana-de-la-mar","24":"product_tag-trails","26":"first","27":"instock","28":"sale","29":"sold-individually","30":"shipping-taxable","31":"product-type-external"},"_links":{"self":[{"href":"https:\/\/visitaloshaitises.com\/en\/wp-json\/wp\/v2\/product\/558","targetHints":{"allow":["GET"]}}],"collection":[{"href":"https:\/\/visitaloshaitises.com\/en\/wp-json\/wp\/v2\/product"}],"about":[{"href":"https:\/\/visitaloshaitises.com\/en\/wp-json\/wp\/v2\/types\/product"}],"wp:featuredmedia":[{"embeddable":true,"href":"https:\/\/visitaloshaitises.com\/en\/wp-json\/wp\/v2\/media\/84"}],"wp:attachment":[{"href":"https:\/\/visitaloshaitises.com\/en\/wp-json\/wp\/v2\/media?parent=558"}],"wp:term":[{"taxonomy":"product_brand","embeddable":true,"href":"https:\/\/visitaloshaitises.com\/en\/wp-json\/wp\/v2\/product_brand?post=558"},{"taxonomy":"product_cat","embeddable":true,"href":"https:\/\/visitaloshaitises.com\/en\/wp-json\/wp\/v2\/product_cat?post=558"},{"taxonomy":"product_tag","embeddable":true,"href":"https:\/\/visitaloshaitises.com\/en\/wp-json\/wp\/v2\/product_tag?post=558"}],"curies":[{"name":"wp","href":"https:\/\/api.w.org\/{rel}","templated":true}]}}