{"id":554,"date":"2020-06-22T17:36:48","date_gmt":"2020-06-22T17:36:48","guid":{"rendered":"https:\/\/haitises.com\/?post_type=product&#038;p=554"},"modified":"2024-04-17T20:44:54","modified_gmt":"2024-04-17T20:44:54","slug":"excursion-a-los-haitises-desde-sabana-de-la-mar-o-cano-hondo","status":"publish","type":"product","link":"https:\/\/visitaloshaitises.com\/en\/private\/excursion-to-the-haitises-from-sabana-de-la-mar-or-cano-hondo\/","title":{"rendered":"Excursion to Los Haitises from Sabana de la Mar or Ca\u00f1o Hondo"},"content":{"rendered":"<div class=\"vc_row wpb_row vc_row-fluid\" ><div class=\"wpb_column vc_column_container vc_col-sm-12\"><div class=\"vc_column-inner\"><div class=\"wpb_wrapper\"><div class=\"mkdf-section-title-holder\" style=\"text-align: left\">\n\t<div class=\"mkdf-st-inner\">\n\t\t\t\t\t<h5 class=\"mkdf-st-subtitle\" >\n\t\t\t\tNormal tour to Haitises\t\t\t<\/h5>\n\t\t\t\t\t\t\t<\/div>\n<\/div><\/div><\/div><\/div><\/div><div class=\"vc_row wpb_row vc_row-fluid\" ><div class=\"wpb_column vc_column_container vc_col-sm-12\"><div class=\"vc_column-inner\"><div class=\"wpb_wrapper\">\n\t<div class=\"wpb_text_column wpb_content_element\" >\n\t\t<div class=\"wpb_wrapper\">\n\t\t\t<h2>Los Haitises National Park From Sabana de la Mar or Hotel Cano Hondo.<\/h2>\n<h3>Description<\/h3>\n<p>A normal private trip to Los Haitises National Park. Come with us and visit the most beautiful national park in the Dominican Republic, visiting mangroves, caves and San Lorenzo Bay. This experience can begin from the community of Sabana de la Mar learning about this history of Sabana de la Mar. Additionally, we begin this trip from the port of Ca\u00f1o Hondo.<\/p>\n<ul>\n<li>Taxes included<\/li>\n<li>The guide provides instruction and supervision.<\/li>\n<li>Lunch is not included for lunch in Ca\u00f1o Hondo Choose this tour: Los Haitises Plus Ca\u00f1o Hondo.<\/li>\n<\/ul>\n<h3>Inclusions and exclusions<\/h3>\n<h4>Inclusions<\/h4>\n<ol>\n<li>Los Haitises Tour + Caves and Pictographs<\/li>\n<li>All taxes, fees and handling charges.<\/li>\n<li>Local taxes<\/li>\n<li>All the activities<\/li>\n<li>Local guide<\/li>\n<\/ol>\n<h4>Exclusions<\/h4>\n<ol>\n<li>Tips<\/li>\n<li>Lunch is not included for lunch in Ca\u00f1o Hondo Choose this tour: Los Haitises Plus Ca\u00f1o Hondo.<\/li>\n<li>Transport<\/li>\n<li>Alcoholic beverages<\/li>\n<\/ol>\n<h3><em>Departure and return<\/em><\/h3>\n<p>The traveler will get a meeting point after the booking process. Tours begin and end at our meeting points.<\/p>\n<h4><em>What to expect?<\/em><\/h4>\n<p>Get your tickets to visit Los Haitises National Park with Caves, Mangroves and San Lorenzo Bay.<\/p>\n<p>The lowest price to visit Los Haitises National Park from Sabana de la Mar or Ca\u00f1o Hondo hotels with Local guides. The trip begins at the main port of Los Haitises National Park. This trip begins at 10:00 am with a local tour guide who knows the original story about the magnificent National Park.<\/p>\n<p>Then we start from the main port of Los Haitises National Park, called Ca\u00f1o Hondo (Deep Creek) in a BOAT with life jackets. We will enjoy the red mangrove forest until we reach San Lorenzo Bay. Small bay in Saman\u00e1 Bay. And here we go! The first thing you can see is the collection of a huge limestone mountain island called Mogotes. Above them more than 700 species of plants and many wetland birds flying around. Later visiting caves with pictographs of our indigenous communities 750 years ago.<\/p>\n<p>Through the mangroves and land in the open San Lorenzo Bay, from where you can photograph the rugged forest landscape. Look out into the water to see manatees, crustaceans and dolphins.<\/p>\n<p>El nombre del parque nacional proviene de sus habitantes originales, los indios ta\u00ednos. En su idioma, \u00abHaitises\u00bb se traduce en tierras altas o colinas, una referencia a las empinadas formaciones geol\u00f3gicas de la costa con calizas. Avent\u00farate en el parque para explorar cuevas como la Cueva de la Arena y la Cueva de la L\u00ednea. Las cuevas en la reserva fueron utilizadas como refugio por los indios ta\u00ednos y, m\u00e1s tarde, por los piratas escondidos. Busque dibujos de indios que decoran algunas de las paredes. Despu\u00e9s de visitar el Parque Nacional Los Haitises, regresaremos al puerto donde comenz\u00f3 nuestro viaje.<\/p>\n<h3><em>What should you bring?<\/em><\/h3>\n<ul>\n<li>Camera<\/li>\n<li>Repellents<\/li>\n<li>sunscreen<\/li>\n<li>Hat<\/li>\n<li>Comfortable pants<\/li>\n<li>Forest hiking shoes<\/li>\n<li>Sandals to spring areas.<\/li>\n<li>Swimsuit<\/li>\n<\/ul>\n<h3><em>Hotel pickup<\/em><\/h3>\n<p>Hotel pickup is offered if you are located at Paraiso Ca\u00f1o Hondo or Altos Ca\u00f1o Hondo Hotel. Our meeting point is a 5-minute walk from those hotels.<\/p>\n<p><strong>Note<\/strong>- If you book within 24 hours of the tour\/excursion departure time, we can arrange hotel pickup with additional charges if you are not at the Ca\u00f1o Hondo hotels. Once your purchase is complete, we will send you complete contact information (phone number, email address, etc.) for our local tour guide to arrange pickup arrangements.<\/p>\n<h3><em>Confirmation of additional information<\/em><\/h3>\n<ul>\n<li>The tickets are the Receipt after paying for this Tour. You can show the payment on your phone.<\/li>\n<li>The meeting point will be received after the reservation process.<\/li>\n<li>Children must be accompanied by an adult.<\/li>\n<li>Not wheelchair accessible<\/li>\n<li>Infants should sit in a baby seat or with an adult<\/li>\n<li>Not recommended for travelers with back problems.<\/li>\n<li>Not recommended for pregnant women.<\/li>\n<li>No heart problems or other serious medical conditions.<\/li>\n<li>Most travelers can participate.<\/li>\n<\/ul>\n<h3><em>Cancellation policy<\/em><\/h3>\n<p>For a full refund, cancel at least 24 hours before the experience start date.<\/p>\n<h3><em>Contact us?<\/em><\/h3>\n<p>Booking Adventures<br \/>\nLocal and national tour guides and guest services<\/p>\n<p>Reservations: Tours and Excursions in Dom. Reps.<\/p>\n<p>\ud83d\udcde Tel\/Whatsapp +1-809-720-6035.<\/p>\n<p>\ud83d\udce9 info@bookingadventures.com.do<\/p>\n<p>We organize private tours with flexible configuration by Whatsapp: +18097206035.<\/p>\n\n\t\t<\/div>\n\t<\/div>\n<\/div><\/div><\/div><\/div>","protected":false},"excerpt":{"rendered":"<p>The lowest price to visit Los Haitises National Park from Sabana de la Mar or Ca\u00f1o Hondo hotels with Local guides. The trip begins at the main port of Los Haitises National Park. This trip begins at 10:00 am with a local tour guide who knows the original story about the magnificent National Park.<\/p>\n<p>Then we start from the main port of Los Haitises National Park, called Ca\u00f1o Hondo (Deep Creek) in a BOAT with life jackets. We will enjoy the red mangrove forest until we reach San Lorenzo Bay, a small bay in Saman\u00e1 Bay. And here we go! The first thing you can see is the collection of a huge limestone mountain island called Mogotes. In addition to them, more than 700 species of plants and many wetland birds fly around. Later visiting caves with pictographs of our indigenous communities 750 years ago.<\/p>\n<p><strong>Please select the date for the Tour\u00a0<\/strong><\/p>","protected":false},"featured_media":81,"template":"","meta":[],"product_brand":[],"product_cat":[119,120,98,121,99,122,443,123,124],"product_tag":[125,126,127,128,129,130,131,132,133,134,114],"class_list":{"0":"post-554","1":"product","2":"type-product","3":"status-publish","4":"has-post-thumbnail","6":"product_cat-caves","7":"product_cat-fees-entrace","8":"product_cat-local-tour-guides","9":"product_cat-mangroves","10":"product_cat-swimming-natural-springs","11":"product_cat-tours-and-excursions","12":"product_cat-tours-y-excursiones-es","13":"product_cat-tours-excursions-los-haitises-national-park","14":"product_cat-tours-excursions-samana-bay-dominican-republic","15":"product_tag-boat-tour","16":"product_tag-cano-hondo","17":"product_tag-cano-hondo-hotel","18":"product_tag-cano-hondo-tours","19":"product_tag-eco-tours","20":"product_tag-excursion","21":"product_tag-locals-guides","22":"product_tag-los-haitises","23":"product_tag-los-haitises-national-park","24":"product_tag-los-haitises-national-park-tour","25":"product_tag-sabana-de-la-mar","27":"first","28":"instock","29":"sale","30":"sold-individually","31":"shipping-taxable","32":"product-type-external"},"_links":{"self":[{"href":"https:\/\/visitaloshaitises.com\/en\/wp-json\/wp\/v2\/product\/554","targetHints":{"allow":["GET"]}}],"collection":[{"href":"https:\/\/visitaloshaitises.com\/en\/wp-json\/wp\/v2\/product"}],"about":[{"href":"https:\/\/visitaloshaitises.com\/en\/wp-json\/wp\/v2\/types\/product"}],"wp:featuredmedia":[{"embeddable":true,"href":"https:\/\/visitaloshaitises.com\/en\/wp-json\/wp\/v2\/media\/81"}],"wp:attachment":[{"href":"https:\/\/visitaloshaitises.com\/en\/wp-json\/wp\/v2\/media?parent=554"}],"wp:term":[{"taxonomy":"product_brand","embeddable":true,"href":"https:\/\/visitaloshaitises.com\/en\/wp-json\/wp\/v2\/product_brand?post=554"},{"taxonomy":"product_cat","embeddable":true,"href":"https:\/\/visitaloshaitises.com\/en\/wp-json\/wp\/v2\/product_cat?post=554"},{"taxonomy":"product_tag","embeddable":true,"href":"https:\/\/visitaloshaitises.com\/en\/wp-json\/wp\/v2\/product_tag?post=554"}],"curies":[{"name":"wp","href":"https:\/\/api.w.org\/{rel}","templated":true}]}}