{"id":10883,"date":"2020-07-13T23:09:10","date_gmt":"2020-07-13T23:09:10","guid":{"rendered":"https:\/\/haitises.com\/?post_type=product&#038;p=10883"},"modified":"2024-04-16T01:58:11","modified_gmt":"2024-04-16T01:58:11","slug":"excursion-de-observacion-samana-desde-los-hoteles-de-las-terrenas-medio-dia-para-avistamiento-de-ballenas","status":"publish","type":"product","link":"https:\/\/visitaloshaitises.com\/en\/private\/excursion-de-observacion-samana-desde-los-hoteles-de-las-terrenas-medio-dia-para-avistamiento-de-ballenas\/","title":{"rendered":"Samana whale watching excursion from Las Terrenas hotels. Half day whale watching."},"content":{"rendered":"<div class=\"vc_row wpb_row vc_row-fluid\" ><div class=\"wpb_column vc_column_container vc_col-sm-12\"><div class=\"vc_column-inner\"><div class=\"wpb_wrapper\">[mkdf_section_title title_tag=\u00bb\u00bb disable_break_words=\u00bbno\u00bb subtitle_tag=\u00bb\u00bb title=\u00bbExcursi\u00f3n de Ballenas 2020 desde Las Terrenas a la Bah\u00eda de Saman\u00e1\u00bb subtitle=\u00bbExcursi\u00f3n de Ballenas Saman\u00e1 desde los hoteles de Las Terrenas. Viaje de medio d\u00eda a Observaci\u00f3n de Ballenas\u00bb]<\/div><\/div><\/div><\/div><div class=\"vc_row wpb_row vc_row-fluid\" ><div class=\"wpb_column vc_column_container vc_col-sm-12\"><div class=\"vc_column-inner\"><div class=\"wpb_wrapper\">\n\t<div class=\"wpb_text_column wpb_content_element\" >\n\t\t<div class=\"wpb_wrapper\">\n\t\t\t<h3>Description<\/h3>\n<p>Ballenas Las Terrenas, observaci\u00f3n de ballenas en la Bah\u00eda de Saman\u00e1 desde los hoteles de Las Terrenas Excursi\u00f3n de medio d\u00eda. Viaje a la bah\u00eda de Saman\u00e1 a bordo de un c\u00f3modo autob\u00fas con aire acondicionado y luego traslado a un bote. Navegue en aguas abiertas para buscar las manadas de ballenas jorobadas que visitan para reproducirse y tener sus cr\u00edas en el \u00e1rea. Aprenda sobre el comportamiento y la biolog\u00eda de estos mam\u00edferos marinos de su gu\u00eda experto naturalista. Despu\u00e9s de este viaje de medio d\u00eda volvemos al punto de encuentro en Las Terrenas.<\/p>\n<p><strong>Note:<\/strong> Este tour no es privado.<\/p>\n<ul>\n<li>Avistamiento de ballenas<\/li>\n<li>Entradas al Observatorio<\/li>\n<li>Samana Safari<\/li>\n<li>Transporte de barco<\/li>\n<li>The Captain provides instruction and supervision.<\/li>\n<li>Gu\u00eda tur\u00edstico<\/li>\n<\/ul>\n<h3>Inclusions and exclusions<\/h3>\n<h4>Inclusions<\/h4>\n<ol>\n<li>Almuerzo buffet<\/li>\n<li>Traslado desde hoteles<\/li>\n<li>Gu\u00eda tur\u00edstico<\/li>\n<li>Boat trip<\/li>\n<li>All taxes, fees and handling charges<\/li>\n<li>Local taxes<\/li>\n<li>Drinks<\/li>\n<\/ol>\n<h4>Exclusions<\/h4>\n<ol>\n<li>Tips<\/li>\n<\/ol>\n<h3><em>Departure and return<\/em><\/h3>\n<p>The traveler will get a meeting point after the booking process. Tours begin and end at our meeting points.<\/p>\n<p>Avistamiento de ballenas en Saman\u00e1 desde los hoteles de Las Terrenas. Excursi\u00f3n de medio d\u00eda para avistamiento de ballenas.<\/p>\n<h3><em>What to expect?<\/em><\/h3>\n<p>Las ballenas jorobadas vienen a la Bah\u00eda de Saman\u00e1 para dar a luz y aparearse. La observaci\u00f3n de ballenas est\u00e1 permitida del 15 de enero al 15 de marzo solamente. Con unas medidas de unos 12 metros y un peso de 40 toneladas, las ballenas ofrecen una vista inolvidable para sus ojos asombrados. No pierdas la oportunidad de escuchar el poderoso sonido de este magn\u00edfico mam\u00edfero mientras sale del agua. Observe c\u00f3mo los machos se lanzan fuera del agua en un esfuerzo por impresionar a las \u00abdamas\u00bb como el ritual de apareamiento.<\/p>\n<p>Es muy emocionante ver a los terneros reci\u00e9n nacidos aferrados a sus madres, quienes a su vez pasan todo el tiempo acarici\u00e1ndolas y jugando con ellas. Nuestro gu\u00eda tur\u00edstico est\u00e1 especializado en mam\u00edferos marinos y lo sorprender\u00e1 con su conocimiento y lo ayudar\u00e1 a interpretar cada movimiento que hacen las ballenas.<\/p>\n<p>Desde las 9:00 a.m. hasta las 12:00 a.m. al mediod\u00eda Observatorio de avistamiento de ballenas y despu\u00e9s de este viaje, almorzaremos. El recorrido finalizar\u00e1 a la 1:30 p.m.en el mismo puerto desde donde comenzar\u00e1. Despu\u00e9s de esto regresaremos a Las Terrenas.<\/p>\n<p>Schedule:<\/p>\n<p>8:00 AM &#8211; 1:30 PM<\/p>\n<h3><em>What should you bring?<\/em><\/h3>\n<ul>\n<li>Camera<\/li>\n<li>Repellents<\/li>\n<li>sunscreen<\/li>\n<li>Hat<\/li>\n<li>Comfortable pants<\/li>\n<li>Sandals to the beach<\/li>\n<li>Swimsuit<\/li>\n<li>Efectivo para recuerdos y propinas<\/li>\n<\/ul>\n<h3><em>Hotel pickup<\/em><\/h3>\n<p>Se ofrece recogida en el hotel para este recorrido. Solo en Las Terrenas.<\/p>\n<p><strong>Note:<\/strong> si realiza la reserva dentro de las 24 horas de la hora de salida del tour \/ excursi\u00f3n, podemos organizar la recogida en el hotel. Una vez que se complete su compra, le enviaremos informaci\u00f3n de contacto completa (n\u00famero de tel\u00e9fono, direcci\u00f3n de correo electr\u00f3nico, etc.) para que nuestro gu\u00eda tur\u00edstico local organice los arreglos de recogida.<\/p>\n<h3><em>Confirmation of additional information<\/em><\/h3>\n<ul>\n<li>The tickets are the Receipt after paying for this Tour. You can show the payment on your phone.<\/li>\n<li>The meeting point will be received after the reservation process.<\/li>\n<li>Children must be accompanied by an adult.<\/li>\n<li>Accesible para sillas de ruedas<\/li>\n<li>Infants should sit on the lap<\/li>\n<li>Most travelers can participate.<\/li>\n<\/ul>\n<h3><em>Cancellation policy<\/em><\/h3>\n<p>For a full refund, cancel at least 24 hours before the experience start date.<\/p>\n<h4>\u00a1Cont\u00e1ctenos!<br \/>\nTOUR BALLENAS SAMANA<\/h4>\n<p><em>Tour guides <strong>local<\/strong> and <strong>national<\/strong> and guest services<\/em><\/p>\n<p>Reservations: Tours and Excursions in Dom. Rep.<\/p>\n<p>Tel\/Whatsapp +1-809-720-6035.<\/p>\n<p>info@bookingadventures.com.do<\/p>\n<p>We do private tours with flexible configuration by Whatsapp: +18097206035.<\/p>\n\n\t\t<\/div>\n\t<\/div>\n<\/div><\/div><\/div><\/div>","protected":false},"excerpt":{"rendered":"<p>Desde los hoteles de Las Terrenas, ven con nosotros a visitar las ballenas jorobadas en el santuario de la Bah\u00eda de Saman\u00e1, Rep\u00fablica Dominicana. Todos los d\u00edas excursiones de avistamiento de ballenas desde las Terrenas en Saman\u00e1. Cont\u00e1ctenos si tiene alguna pregunta sobre los viajes de observaci\u00f3n de ballenas en la bah\u00eda de Saman\u00e1 desde Las Terrenas.<\/p>\n<p><strong>Por favor, seleccione la fecha de la excursi\u00f3n:<\/strong><\/p>","protected":false},"featured_media":428,"template":"","meta":[],"product_brand":[],"product_cat":[120,443,232],"product_tag":[390,137,162,364,283,422,225,381,423,420,201,147,392,271,424,234,280,236,425],"class_list":{"0":"post-10883","1":"product","2":"type-product","3":"status-publish","4":"has-post-thumbnail","6":"product_cat-fees-entrace","7":"product_cat-tours-y-excursiones-es","8":"product_cat-whale-watching-samana","9":"product_tag-390","10":"product_tag-bacardi-island","11":"product_tag-cayo-levantado-day-pass","12":"product_tag-cheap-punta-cana-excursions","13":"product_tag-el-limon-waterfall-and-bacardi-island-tour-from-punta-cana","14":"product_tag-half-day-whale-watching-las-terrenas","15":"product_tag-las-terrenas","16":"product_tag-las-terrenas-excursions","17":"product_tag-las-terrenas-whale-watching","18":"product_tag-limon-from-punta-cana","19":"product_tag-private-tours-samana","20":"product_tag-samana-bay","21":"product_tag-samana-day-trip","22":"product_tag-samana-whale-watching","23":"product_tag-whale-las-terrenas","24":"product_tag-whale-samana","25":"product_tag-whale-watching-2020","26":"product_tag-whale-watching-dominican-republic","27":"product_tag-whale-watching-trips-las-terrenas","29":"first","30":"instock","31":"sale","32":"sold-individually","33":"shipping-taxable","34":"product-type-external"},"_links":{"self":[{"href":"https:\/\/visitaloshaitises.com\/en\/wp-json\/wp\/v2\/product\/10883","targetHints":{"allow":["GET"]}}],"collection":[{"href":"https:\/\/visitaloshaitises.com\/en\/wp-json\/wp\/v2\/product"}],"about":[{"href":"https:\/\/visitaloshaitises.com\/en\/wp-json\/wp\/v2\/types\/product"}],"wp:featuredmedia":[{"embeddable":true,"href":"https:\/\/visitaloshaitises.com\/en\/wp-json\/wp\/v2\/media\/428"}],"wp:attachment":[{"href":"https:\/\/visitaloshaitises.com\/en\/wp-json\/wp\/v2\/media?parent=10883"}],"wp:term":[{"taxonomy":"product_brand","embeddable":true,"href":"https:\/\/visitaloshaitises.com\/en\/wp-json\/wp\/v2\/product_brand?post=10883"},{"taxonomy":"product_cat","embeddable":true,"href":"https:\/\/visitaloshaitises.com\/en\/wp-json\/wp\/v2\/product_cat?post=10883"},{"taxonomy":"product_tag","embeddable":true,"href":"https:\/\/visitaloshaitises.com\/en\/wp-json\/wp\/v2\/product_tag?post=10883"}],"curies":[{"name":"wp","href":"https:\/\/api.w.org\/{rel}","templated":true}]}}