{"id":10905,"date":"2020-07-17T11:45:11","date_gmt":"2020-07-17T11:45:11","guid":{"rendered":"https:\/\/haitises.com\/?post_type=product&#038;p=10905"},"modified":"2024-04-16T00:20:24","modified_gmt":"2024-04-16T00:20:24","slug":"excursion-cascada-el-limon-y-cayo-levantado-desde-el-area-de-punta-cana-punto-de-reunion-sabana-de-la-mar","status":"publish","type":"product","link":"https:\/\/visitaloshaitises.com\/el\/private\/excursion-cascada-el-limon-y-cayo-levantado-desde-el-area-de-punta-cana-punto-de-reunion-sabana-de-la-mar\/","title":{"rendered":"\u039a\u03b1\u03c4\u03b1\u03c1\u03c1\u03ac\u03ba\u03c4\u03b7\u03c2 El Lim\u00f3n \u03ba\u03b1\u03b9 \u03b5\u03ba\u03b4\u03c1\u03bf\u03bc\u03ae Cayo Levantado \u03b1\u03c0\u03cc \u03c4\u03b7\u03bd \u03c0\u03b5\u03c1\u03b9\u03bf\u03c7\u03ae Punta Cana (\u03c3\u03b7\u03bc\u03b5\u03af\u03bf \u03c3\u03c5\u03bd\u03ac\u03bd\u03c4\u03b7\u03c3\u03b7\u03c2 Savana de la Mar)"},"content":{"rendered":"<div class=\"vc_row wpb_row vc_row-fluid\" ><div class=\"wpb_column vc_column_container vc_col-sm-12\"><div class=\"vc_column-inner\"><div class=\"wpb_wrapper\"><div class=\"mkdf-section-title-holder\" style=\"text-align: left\">\n\t<div class=\"mkdf-st-inner\">\n\t\t\t\t\t<h5 class=\"mkdf-st-subtitle\" >\n\t\t\t\t(Punto de encuentro Sabana de la Mar)\t\t\t<\/h5>\n\t\t\t\t\t\t\t<h3 class=\"mkdf-st-title\" >\n\t\t\t\tCascada El Lim\u00f3n y Cayo Levantado - Excursi\u00f3n desde el \u00e1rea de Punta Cana\t\t\t<\/h3>\n\t\t\t\t\t<\/div>\n<\/div><\/div><\/div><\/div><\/div><div class=\"vc_row wpb_row vc_row-fluid\" ><div class=\"wpb_column vc_column_container vc_col-sm-12\"><div class=\"vc_column-inner\"><div class=\"wpb_wrapper\">\n\t<div class=\"wpb_text_column wpb_content_element\" >\n\t\t<div class=\"wpb_wrapper\">\n\t\t\t<h3>\u03a0\u03b5\u03c1\u03b9\u03b3\u03c1\u03b1\u03c6\u03ae<\/h3>\n<p>Si se encuentra en Punta Cana o B\u00e1varo, busca una excursi\u00f3n de un d\u00eda pagando menos de lo normal. Simplemente reserve este viaje a partir de la zona de Sabana de la Mar. Visitar la comunidad de Saman\u00e1 en Safari para llegar a la comunidad de El Lim\u00f3n, montar a caballo o caminar a las cataratas despu\u00e9s de cruzar la bah\u00eda de Saman\u00e1 y el tiempo de almuerzo en la isla de Bacardi. Este viaje comienza a las 9:00 a.m. y termina a las 4:30 p.m.<\/p>\n<p>Despu\u00e9s de esta experiencia, volver\u00e1s al puerto de Sabana de la Mar.<\/p>\n<ul>\n<li>\u03a3\u03c5\u03bc\u03c0\u03b5\u03c1\u03b9\u03bb\u03b1\u03bc\u03b2\u03ac\u03bd\u03bf\u03bd\u03c4\u03b1\u03b9 \u03c6\u03cc\u03c1\u03bf\u03b9<\/li>\n<li>Almuerzo en la playa incluido.<\/li>\n<li>\u039f \u03bf\u03b4\u03b7\u03b3\u03cc\u03c2 \u03c0\u03b1\u03c1\u03ad\u03c7\u03b5\u03b9 \u03bf\u03b4\u03b7\u03b3\u03af\u03b5\u03c2 \u03ba\u03b1\u03b9 \u03b5\u03c0\u03bf\u03c0\u03c4\u03b5\u03af\u03b1.<\/li>\n<\/ul>\n<h3>\u03a3\u03c5\u03bc\u03c0\u03b5\u03c1\u03b9\u03bb\u03ae\u03c8\u03b5\u03b9\u03c2 \u03ba\u03b1\u03b9 \u03b5\u03be\u03b1\u03b9\u03c1\u03ad\u03c3\u03b5\u03b9\u03c2<\/h3>\n<h4>\u03a3\u03c5\u03bc\u03c0\u03b5\u03c1\u03b9\u03bb\u03ae\u03c8\u03b5\u03b9\u03c2<\/h4>\n<ul>\n<li>Bah\u00eda Saman\u00e1<\/li>\n<li>Isla Bacardi, playa y almuerzo<\/li>\n<li>Safari a El Lim\u00f3n<\/li>\n<li>Paseos a caballo o senderismo a las cascadas<\/li>\n<li>C\u00f3cteles Dominicanos<\/li>\n<li>\u038c\u03bb\u03bf\u03b9 \u03bf\u03b9 \u03c6\u03cc\u03c1\u03bf\u03b9, \u03c4\u03b1 \u03c4\u03ad\u03bb\u03b7 \u03ba\u03b1\u03b9 \u03c4\u03b1 \u03ad\u03be\u03bf\u03b4\u03b1 \u03b4\u03b9\u03b5\u03ba\u03c0\u03b5\u03c1\u03b1\u03af\u03c9\u03c3\u03b7\u03c2<\/li>\n<li>\u03a4\u03bf\u03c0\u03b9\u03ba\u03bf\u03af \u03c6\u03cc\u03c1\u03bf\u03b9<\/li>\n<li>\u03a0\u03bf\u03c4\u03ac<\/li>\n<li>\u038c\u03bb\u03b5\u03c2 \u03bf\u03b9 \u03b4\u03c1\u03b1\u03c3\u03c4\u03b7\u03c1\u03b9\u03cc\u03c4\u03b7\u03c4\u03b5\u03c2<\/li>\n<li>\u03a4\u03bf\u03c0\u03b9\u03ba\u03cc\u03c2 \u03bf\u03b4\u03b7\u03b3\u03cc\u03c2<\/li>\n<\/ul>\n<h4>\u0395\u03be\u03b1\u03b9\u03c1\u03ad\u03c3\u03b5\u03b9\u03c2<\/h4>\n<ul>\n<li>\u0391\u03bd\u03b1\u03c4\u03c1\u03bf\u03c0\u03ae<\/li>\n<li>Traslado desde Punta Cana no incluido<\/li>\n<li>Bebidas alcoh\u00f3licas despu\u00e9s de c\u00f3cteles<\/li>\n<\/ul>\n<h3><em>\u0391\u03bd\u03b1\u03c7\u03ce\u03c1\u03b7\u03c3\u03b7 \u03ba\u03b1\u03b9 \u03b5\u03c0\u03b9\u03c3\u03c4\u03c1\u03bf\u03c6\u03ae<\/em><\/h3>\n<p>\u039f \u03c4\u03b1\u03be\u03b9\u03b4\u03b9\u03ce\u03c4\u03b7\u03c2 \u03b8\u03b1 \u03bb\u03ac\u03b2\u03b5\u03b9 \u03ad\u03bd\u03b1 \u03c3\u03b7\u03bc\u03b5\u03af\u03bf \u03c3\u03c5\u03bd\u03ac\u03bd\u03c4\u03b7\u03c3\u03b7\u03c2 \u03bc\u03b5\u03c4\u03ac \u03c4\u03b7 \u03b4\u03b9\u03b1\u03b4\u03b9\u03ba\u03b1\u03c3\u03af\u03b1 \u03ba\u03c1\u03ac\u03c4\u03b7\u03c3\u03b7\u03c2. \u039f\u03b9 \u03b5\u03ba\u03b4\u03c1\u03bf\u03bc\u03ad\u03c2 \u03be\u03b5\u03ba\u03b9\u03bd\u03bf\u03cd\u03bd \u03ba\u03b1\u03b9 \u03c4\u03b5\u03bb\u03b5\u03b9\u03ce\u03bd\u03bf\u03c5\u03bd \u03c3\u03c4\u03b1 \u03c3\u03b7\u03bc\u03b5\u03af\u03b1 \u03c3\u03c5\u03bd\u03ac\u03bd\u03c4\u03b7\u03c3\u03ae\u03c2 \u03bc\u03b1\u03c2.<\/p>\n<h3><em>\u03a4\u03b9 \u03bd\u03b1 \u03c0\u03b5\u03c1\u03b9\u03bc\u03ad\u03bd\u03b5\u03c4\u03b5;<\/em><\/h3>\n<p>Obtenga sus boletos para visitar las cataratas en caballos o senderismo, Safari Saman\u00e1, nadar en los manantiales naturales desde el almuerzo de las cascadas en la isla de Bacardi m\u00e1s tiempo en la playa.<\/p>\n<p>Comenzando desde los puertos de Sabana de la Mar a bordo de un barco o catamar\u00e1n con un gu\u00eda tur\u00edstico local, pasamos la bah\u00eda de Saman\u00e1 a la comunidad de Saman\u00e1. Tomar un safari con un gu\u00eda tur\u00edstico local para hablar sobre la historia de Saman\u00e1 hasta llegar a la comunidad de El Lim\u00f3n. En la comunidad de El Lim\u00f3n comenzamos a caminar o montar a caballo por el bosque de cascadas de El Lim\u00f3n hasta las cascadas de El Lim\u00f3n. Donde cuando llegamos, \u00a1podemos nadar! Despu\u00e9s de regresar a Safari para ir al puerto de Saman\u00e1. Visite la isla de Bacardi para almorzar en la playa y nadar en una de las islas m\u00e1s bellas de la Rep\u00fablica Dominicana.<\/p>\n<p>\u03a3\u03b5 \u03c0\u03b5\u03c1\u03af\u03c0\u03c4\u03c9\u03c3\u03b7 \u03c0\u03bf\u03c5 \u03c3\u03b1\u03c2 \u03b1\u03c1\u03ad\u03c3\u03b5\u03b9 \u03b1\u03c5\u03c4\u03cc \u03c4\u03bf \u03c4\u03b1\u03be\u03af\u03b4\u03b9 \u03bc\u03b5\u03b3\u03b1\u03bb\u03cd\u03c4\u03b5\u03c1\u03bf \u03ae \u03bc\u03b9\u03ba\u03c1\u03cc\u03c4\u03b5\u03c1\u03bf, \u03ad\u03c7\u03bf\u03c5\u03bc\u03b5 \u03c4\u03b9\u03c2 \u03b5\u03be\u03ae\u03c2 \u03b5\u03c0\u03b9\u03bb\u03bf\u03b3\u03ad\u03c2:<\/p>\n<ul>\n<li>Los Haitises + Cayo Levantado \u03b1\u03c0\u03cc \u03c4\u03bf \u03bb\u03b9\u03bc\u03ac\u03bd\u03b9 \u03c4\u03b7\u03c2 Saman\u00e1.<\/li>\n<li>Los Haitises + Cano Hondo \u03b1\u03c0\u03cc \u03c4\u03bf \u03bb\u03b9\u03bc\u03ac\u03bd\u03b9 \u03c4\u03b7\u03c2 Saman\u00e1.<\/li>\n<\/ul>\n<h3><em>\u03a4\u03b9 \u03c0\u03c1\u03ad\u03c0\u03b5\u03b9 \u03bd\u03b1 \u03c6\u03ad\u03c1\u03b5\u03c4\u03b5;<\/em><\/h3>\n<ul>\n<li>\u039a\u03ac\u03bc\u03b5\u03c1\u03b1<\/li>\n<li>\u0391\u03c0\u03c9\u03b8\u03b7\u03c4\u03b9\u03ba\u03ac<\/li>\n<li>\u03b1\u03bd\u03c4\u03b7\u03bb\u03b9\u03b1\u03ba\u03ae \u03ba\u03c1\u03ad\u03bc\u03b1<\/li>\n<li>\u039a\u03b1\u03c0\u03ad\u03bb\u03bf<\/li>\n<li>\u0386\u03bd\u03b5\u03c4\u03bf \u03c0\u03b1\u03bd\u03c4\u03b5\u03bb\u03cc\u03bd\u03b9<\/li>\n<li>\u03a0\u03b1\u03c0\u03bf\u03cd\u03c4\u03c3\u03b9\u03b1 \u03c0\u03b5\u03b6\u03bf\u03c0\u03bf\u03c1\u03af\u03b1\u03c2 \u03b4\u03ac\u03c3\u03bf\u03c5\u03c2<\/li>\n<li>\u03a3\u03b1\u03bd\u03b4\u03ac\u03bb\u03b9\u03b1 \u03c3\u03b5 \u03b1\u03bd\u03bf\u03b9\u03be\u03b9\u03ac\u03c4\u03b9\u03ba\u03b5\u03c2 \u03c0\u03b5\u03c1\u03b9\u03bf\u03c7\u03ad\u03c2.<\/li>\n<li>\u039a\u03bf\u03bb\u03c5\u03bc\u03b2\u03b7\u03c4\u03b9\u03ba\u03cc \u03ba\u03bf\u03c3\u03c4\u03bf\u03cd\u03bc\u03b9<\/li>\n<\/ul>\n<h3><em>\u03a0\u03b1\u03c1\u03b1\u03bb\u03b1\u03b2\u03ae \u03b1\u03c0\u03cc \u03c4\u03bf \u03be\u03b5\u03bd\u03bf\u03b4\u03bf\u03c7\u03b5\u03af\u03bf<\/em><\/h3>\n<p>No se ofrece la recogida en el hotel para este tour. Pero si nos contacta, podemos hablar de ello.<\/p>\n<p><strong>\u03a3\u03b7\u03bc\u03b5\u03af\u03c9\u03c3\u03b7<\/strong>: \u0395\u03ac\u03bd \u03ba\u03ac\u03bd\u03b5\u03c4\u03b5 \u03ba\u03c1\u03ac\u03c4\u03b7\u03c3\u03b7 \u03b5\u03bd\u03c4\u03cc\u03c2 24 \u03c9\u03c1\u03ce\u03bd \u03b1\u03c0\u03cc \u03c4\u03b7\u03bd \u03ce\u03c1\u03b1 \u03b1\u03bd\u03b1\u03c7\u03ce\u03c1\u03b7\u03c3\u03b7\u03c2 \u03c4\u03b7\u03c2 \u03c0\u03b5\u03c1\u03b9\u03ae\u03b3\u03b7\u03c3\u03b7\u03c2\/\u03b5\u03ba\u03b4\u03c1\u03bf\u03bc\u03ae\u03c2, \u03bc\u03c0\u03bf\u03c1\u03bf\u03cd\u03bc\u03b5 \u03bd\u03b1 \u03ba\u03b1\u03bd\u03bf\u03bd\u03af\u03c3\u03bf\u03c5\u03bc\u03b5 \u03c4\u03b7\u03bd \u03c0\u03b1\u03c1\u03b1\u03bb\u03b1\u03b2\u03ae \u03c4\u03bf\u03c5 \u03be\u03b5\u03bd\u03bf\u03b4\u03bf\u03c7\u03b5\u03af\u03bf\u03c5 \u03bc\u03b5 \u03b5\u03c0\u03b9\u03c0\u03bb\u03ad\u03bf\u03bd \u03c7\u03c1\u03b5\u03ce\u03c3\u03b5\u03b9\u03c2. \u039c\u03cc\u03bb\u03b9\u03c2 \u03bf\u03bb\u03bf\u03ba\u03bb\u03b7\u03c1\u03c9\u03b8\u03b5\u03af \u03b7 \u03b1\u03b3\u03bf\u03c1\u03ac \u03c3\u03b1\u03c2, \u03b8\u03b1 \u03c3\u03b1\u03c2 \u03c3\u03c4\u03b5\u03af\u03bb\u03bf\u03c5\u03bc\u03b5 \u03c0\u03bb\u03ae\u03c1\u03b7 \u03c3\u03c4\u03bf\u03b9\u03c7\u03b5\u03af\u03b1 \u03b5\u03c0\u03b9\u03ba\u03bf\u03b9\u03bd\u03c9\u03bd\u03af\u03b1\u03c2 (\u03b1\u03c1\u03b9\u03b8\u03bc\u03cc\u03c2 \u03c4\u03b7\u03bb\u03b5\u03c6\u03ce\u03bd\u03bf\u03c5, \u03b4\u03b9\u03b5\u03cd\u03b8\u03c5\u03bd\u03c3\u03b7 email, \u03ba.\u03bb\u03c0.) \u03b3\u03b9\u03b1 \u03c4\u03bf\u03bd \u03c4\u03bf\u03c0\u03b9\u03ba\u03cc \u03bc\u03b1\u03c2 \u03be\u03b5\u03bd\u03b1\u03b3\u03cc \u03b3\u03b9\u03b1 \u03bd\u03b1 \u03ba\u03b1\u03bd\u03bf\u03bd\u03af\u03c3\u03bf\u03c5\u03bc\u03b5 \u03c4\u03b9\u03c2 \u03c1\u03c5\u03b8\u03bc\u03af\u03c3\u03b5\u03b9\u03c2 \u03c0\u03b1\u03c1\u03b1\u03bb\u03b1\u03b2\u03ae\u03c2.<\/p>\n<h3><em>\u0395\u03c0\u03b9\u03b2\u03b5\u03b2\u03b1\u03af\u03c9\u03c3\u03b7 \u03c0\u03c1\u03cc\u03c3\u03b8\u03b5\u03c4\u03c9\u03bd \u03c0\u03bb\u03b7\u03c1\u03bf\u03c6\u03bf\u03c1\u03b9\u03ce\u03bd<\/em><\/h3>\n<ol>\n<li>\u03a4\u03b1 \u03b5\u03b9\u03c3\u03b9\u03c4\u03ae\u03c1\u03b9\u03b1 \u03b5\u03af\u03bd\u03b1\u03b9 \u0391\u03c0\u03cc\u03b4\u03b5\u03b9\u03be\u03b7 \u03bc\u03b5\u03c4\u03ac \u03c4\u03b7\u03bd \u03c0\u03bb\u03b7\u03c1\u03c9\u03bc\u03ae \u03b3\u03b9\u03b1 \u03b1\u03c5\u03c4\u03ae \u03c4\u03b7\u03bd \u03a0\u03b5\u03c1\u03b9\u03ae\u03b3\u03b7\u03c3\u03b7. \u039c\u03c0\u03bf\u03c1\u03b5\u03af\u03c4\u03b5 \u03bd\u03b1 \u03b4\u03b5\u03af\u03be\u03b5\u03c4\u03b5 \u03c4\u03b7\u03bd \u03c0\u03bb\u03b7\u03c1\u03c9\u03bc\u03ae \u03c3\u03c4\u03bf \u03c4\u03b7\u03bb\u03ad\u03c6\u03c9\u03bd\u03cc \u03c3\u03b1\u03c2.<\/li>\n<li>\u03a4\u03bf \u03c3\u03b7\u03bc\u03b5\u03af\u03bf \u03c3\u03c5\u03bd\u03ac\u03bd\u03c4\u03b7\u03c3\u03b7\u03c2 \u03b8\u03b1 \u03bb\u03ac\u03b2\u03b5\u03c4\u03b5 \u03bc\u03b5\u03c4\u03ac \u03c4\u03b7 \u03b4\u03b9\u03b1\u03b4\u03b9\u03ba\u03b1\u03c3\u03af\u03b1 \u03ba\u03c1\u03ac\u03c4\u03b7\u03c3\u03b7\u03c2.<\/li>\n<li>\u03a4\u03b1 \u03c0\u03b1\u03b9\u03b4\u03b9\u03ac \u03c0\u03c1\u03ad\u03c0\u03b5\u03b9 \u03bd\u03b1 \u03c3\u03c5\u03bd\u03bf\u03b4\u03b5\u03cd\u03bf\u03bd\u03c4\u03b1\u03b9 \u03b1\u03c0\u03cc \u03b5\u03bd\u03ae\u03bb\u03b9\u03ba\u03b1.<\/li>\n<li>\u0394\u03b5\u03bd \u03b5\u03af\u03bd\u03b1\u03b9 \u03c0\u03c1\u03bf\u03c3\u03b2\u03ac\u03c3\u03b9\u03bc\u03bf \u03c3\u03b5 \u03b1\u03bd\u03b1\u03c0\u03b7\u03c1\u03b9\u03ba\u03cc \u03b1\u03bc\u03b1\u03be\u03af\u03b4\u03b9\u03bf<\/li>\n<li>\u03a4\u03b1 \u03b2\u03c1\u03ad\u03c6\u03b7 \u03c0\u03c1\u03ad\u03c0\u03b5\u03b9 \u03bd\u03b1 \u03ba\u03ac\u03b8\u03bf\u03bd\u03c4\u03b1\u03b9 \u03c3\u03c4\u03b7\u03bd \u03b1\u03b3\u03ba\u03b1\u03bb\u03b9\u03ac<\/li>\n<li>\u0394\u03b5\u03bd \u03c3\u03c5\u03bd\u03b9\u03c3\u03c4\u03ac\u03c4\u03b1\u03b9 \u03b3\u03b9\u03b1 \u03c4\u03b1\u03be\u03b9\u03b4\u03b9\u03ce\u03c4\u03b5\u03c2 \u03bc\u03b5 \u03c0\u03c1\u03bf\u03b2\u03bb\u03ae\u03bc\u03b1\u03c4\u03b1 \u03c3\u03c4\u03b7\u03bd \u03c0\u03bb\u03ac\u03c4\u03b7.<\/li>\n<li>\u0394\u03b5\u03bd \u03c3\u03c5\u03bd\u03b9\u03c3\u03c4\u03ac\u03c4\u03b1\u03b9 \u03b3\u03b9\u03b1 \u03ad\u03b3\u03ba\u03c5\u03b5\u03c2 \u03b3\u03c5\u03bd\u03b1\u03af\u03ba\u03b5\u03c2.<\/li>\n<li>\u0394\u03b5\u03bd \u03c5\u03c0\u03ac\u03c1\u03c7\u03bf\u03c5\u03bd \u03ba\u03b1\u03c1\u03b4\u03b9\u03b1\u03ba\u03ac \u03c0\u03c1\u03bf\u03b2\u03bb\u03ae\u03bc\u03b1\u03c4\u03b1 \u03ae \u03ac\u03bb\u03bb\u03b5\u03c2 \u03c3\u03bf\u03b2\u03b1\u03c1\u03ad\u03c2 \u03b9\u03b1\u03c4\u03c1\u03b9\u03ba\u03ad\u03c2 \u03c0\u03b1\u03b8\u03ae\u03c3\u03b5\u03b9\u03c2.<\/li>\n<li>\u039f\u03b9 \u03c0\u03b5\u03c1\u03b9\u03c3\u03c3\u03cc\u03c4\u03b5\u03c1\u03bf\u03b9 \u03c4\u03b1\u03be\u03b9\u03b4\u03b9\u03ce\u03c4\u03b5\u03c2 \u03bc\u03c0\u03bf\u03c1\u03bf\u03cd\u03bd \u03bd\u03b1 \u03c3\u03c5\u03bc\u03bc\u03b5\u03c4\u03ac\u03c3\u03c7\u03bf\u03c5\u03bd.<\/li>\n<\/ol>\n<h3><em>\u03a0\u03bf\u03bb\u03b9\u03c4\u03b9\u03ba\u03ae \u03b1\u03ba\u03cd\u03c1\u03c9\u03c3\u03b7\u03c2<\/em><\/h3>\n<p>\u0393\u03b9\u03b1 \u03c0\u03bb\u03ae\u03c1\u03b7 \u03b5\u03c0\u03b9\u03c3\u03c4\u03c1\u03bf\u03c6\u03ae \u03c7\u03c1\u03b7\u03bc\u03ac\u03c4\u03c9\u03bd, \u03c0\u03b1\u03c1\u03b1\u03ba\u03b1\u03bb\u03b5\u03af\u03c3\u03c4\u03b5 \u03bd\u03b1 \u03c4\u03bf \u03b1\u03ba\u03c5\u03c1\u03ce\u03c3\u03b5\u03c4\u03b5 \u03c4\u03bf\u03c5\u03bb\u03ac\u03c7\u03b9\u03c3\u03c4\u03bf\u03bd 24 \u03ce\u03c1\u03b5\u03c2 \u03c0\u03c1\u03b9\u03bd \u03b1\u03c0\u03cc \u03c4\u03b7\u03bd \u03b7\u03bc\u03b5\u03c1\u03bf\u03bc\u03b7\u03bd\u03af\u03b1 \u03ad\u03bd\u03b1\u03c1\u03be\u03b7\u03c2 \u03c4\u03b7\u03c2 \u03b5\u03bc\u03c0\u03b5\u03b9\u03c1\u03af\u03b1\u03c2.<\/p>\n\n\t\t<\/div>\n\t<\/div>\n<\/div><\/div><\/div><\/div><div class=\"vc_row wpb_row vc_row-fluid\" ><div class=\"wpb_column vc_column_container vc_col-sm-12\"><div class=\"vc_column-inner\"><div class=\"wpb_wrapper\"><div class=\"vc_empty_space\"   style=\"height: 32px\"><span class=\"vc_empty_space_inner\"><\/span><\/div>\n\t<div class=\"wpb_text_column wpb_content_element\" >\n\t\t<div class=\"wpb_wrapper\">\n\t\t\t<h4>\u00a1Cont\u00e1ctenos!<\/h4>\n<h5>Adventure Reserve<\/h5>\n<p><em>Gu\u00edas tur\u00edsticos Locales y nacionales y servicios para hu\u00e9spedes<\/em><\/p>\n<p>\u039a\u03c1\u03b1\u03c4\u03ae\u03c3\u03b5\u03b9\u03c2: \u0395\u03ba\u03b4\u03c1\u03bf\u03bc\u03ad\u03c2 \u03ba\u03b1\u03b9 \u03c0\u03b5\u03c1\u03b9\u03b7\u03b3\u03ae\u03c3\u03b5\u03b9\u03c2 \u03c3\u03c4\u03b7\u03bd Dom. Rep.<\/p>\n<p>\u03a4\u03b7\u03bb\/Whatsapp +1-809-720-6035.<\/p>\n<p>info@bookingadventures.com.do<\/p>\n<p>\u0395\u03af\u03bc\u03b1\u03c3\u03c4\u03b5 \u03b5\u03c5\u03ad\u03bb\u03b9\u03ba\u03c4\u03bf\u03b9 \u03a1\u03c5\u03b8\u03bc\u03af\u03b6\u03bf\u03bd\u03c4\u03b1\u03c2 \u03b9\u03b4\u03b9\u03c9\u03c4\u03b9\u03ba\u03ad\u03c2 \u03b5\u03ba\u03b4\u03c1\u03bf\u03bc\u03ad\u03c2 \u03b1\u03c0\u03cc <strong>WhatsApp: <a href=\"tel:+18097206035\">+18097206035.<\/a><\/strong><\/p>\n\n\t\t<\/div>\n\t<\/div>\n<div class=\"vc_empty_space\"   style=\"height: 32px\"><span class=\"vc_empty_space_inner\"><\/span><\/div><\/div><\/div><\/div><\/div>","protected":false},"excerpt":{"rendered":"<p><strong>\u0395\u03c0\u03b9\u03bb\u03ad\u03be\u03c4\u03b5 \u03c4\u03b7\u03bd \u03b7\u03bc\u03b5\u03c1\u03bf\u03bc\u03b7\u03bd\u03af\u03b1 \u03b3\u03b9\u03b1 \u03c4\u03b7\u03bd \u03b5\u03ba\u03b4\u03c1\u03bf\u03bc\u03ae:<\/strong><\/p>","protected":false},"featured_media":94,"template":"","meta":[],"product_brand":[],"product_cat":[96,97,135,136,122,443,123,124],"product_tag":[137,138,139,140,141,114,142,143],"class_list":{"0":"post-10905","1":"product","2":"type-product","3":"status-publish","4":"has-post-thumbnail","6":"product_cat-hiking","7":"product_cat-horse-riding-to-waterfalls","8":"product_cat-lunch","9":"product_cat-safari-samana","10":"product_cat-tours-and-excursions","11":"product_cat-tours-y-excursiones-es","12":"product_cat-tours-excursions-los-haitises-national-park","13":"product_cat-tours-excursions-samana-bay-dominican-republic","14":"product_tag-bacardi-island","15":"product_tag-beach-time","16":"product_tag-cayo-levantado","17":"product_tag-el-limon-waterfalls","18":"product_tag-punta-cana","19":"product_tag-sabana-de-la-mar","20":"product_tag-samana","21":"product_tag-samana-tours","23":"first","24":"instock","25":"sale","26":"sold-individually","27":"shipping-taxable","28":"product-type-external"},"_links":{"self":[{"href":"https:\/\/visitaloshaitises.com\/el\/wp-json\/wp\/v2\/product\/10905","targetHints":{"allow":["GET"]}}],"collection":[{"href":"https:\/\/visitaloshaitises.com\/el\/wp-json\/wp\/v2\/product"}],"about":[{"href":"https:\/\/visitaloshaitises.com\/el\/wp-json\/wp\/v2\/types\/product"}],"wp:featuredmedia":[{"embeddable":true,"href":"https:\/\/visitaloshaitises.com\/el\/wp-json\/wp\/v2\/media\/94"}],"wp:attachment":[{"href":"https:\/\/visitaloshaitises.com\/el\/wp-json\/wp\/v2\/media?parent=10905"}],"wp:term":[{"taxonomy":"product_brand","embeddable":true,"href":"https:\/\/visitaloshaitises.com\/el\/wp-json\/wp\/v2\/product_brand?post=10905"},{"taxonomy":"product_cat","embeddable":true,"href":"https:\/\/visitaloshaitises.com\/el\/wp-json\/wp\/v2\/product_cat?post=10905"},{"taxonomy":"product_tag","embeddable":true,"href":"https:\/\/visitaloshaitises.com\/el\/wp-json\/wp\/v2\/product_tag?post=10905"}],"curies":[{"name":"wp","href":"https:\/\/api.w.org\/{rel}","templated":true}]}}