{"id":10907,"date":"2020-07-18T16:58:56","date_gmt":"2020-07-18T16:58:56","guid":{"rendered":"https:\/\/haitises.com\/?post_type=product&#038;p=10907"},"modified":"2024-04-15T23:54:32","modified_gmt":"2024-04-15T23:54:32","slug":"excursion-observacion-de-ballenas-y-media-luna-miches","status":"publish","type":"product","link":"https:\/\/visitaloshaitises.com\/dz\/private\/excursion-observacion-de-ballenas-y-media-luna-miches\/","title":{"rendered":"Excursi\u00f3n Observaci\u00f3n de Ballenas y Media Luna, Miches"},"content":{"rendered":"<div class=\"vc_row wpb_row vc_row-fluid\" ><div class=\"wpb_column vc_column_container vc_col-sm-12\"><div class=\"vc_column-inner\"><div class=\"wpb_wrapper\"><div class=\"mkdf-section-title-holder\" style=\"text-align: left\">\n\t<div class=\"mkdf-st-inner\">\n\t\t\t\t\t<h5 class=\"mkdf-st-subtitle\" >\n\t\t\t\tMedia Luna (Half-Moon) incluido.\t\t\t<\/h5>\n\t\t\t\t\t\t\t<h3 class=\"mkdf-st-title\" >\n\t\t\t\tObservaci\u00f3n de Ballenas en Miches - Experiencia de medio d\u00eda\t\t\t<\/h3>\n\t\t\t\t\t<\/div>\n<\/div><\/div><\/div><\/div><\/div><div class=\"vc_row wpb_row vc_row-fluid\" ><div class=\"wpb_column vc_column_container vc_col-sm-12\"><div class=\"vc_column-inner\"><div class=\"wpb_wrapper\">\n\t<div class=\"wpb_text_column wpb_content_element\" >\n\t\t<div class=\"wpb_wrapper\">\n\t\t\t<div class=\"vc_row wpb_row vc_row-fluid\">\n<div class=\"wpb_column vc_column_container vc_col-sm-12\">\n<div class=\"vc_column-inner\">\n<div class=\"wpb_wrapper\">\n<div class=\"wpb_text_column wpb_content_element\">\n<div class=\"wpb_wrapper\">\n<div class=\"vc_row wpb_row vc_row-fluid\">\n<div class=\"wpb_column vc_column_container vc_col-sm-12\">\n<div class=\"vc_column-inner\">\n<div class=\"wpb_wrapper\">\n<div class=\"wpb_text_column wpb_content_element\">\n<div class=\"wpb_wrapper\"><\/div>\n<\/div>\n<\/div>\n<\/div>\n<\/div>\n<\/div>\n<\/div>\n<\/div>\n<\/div>\n<\/div>\n<\/div>\n<\/div>\n<div class=\"vc_row wpb_row vc_row-fluid\">\n<div class=\"wpb_column vc_column_container vc_col-sm-12\">\n<div class=\"vc_column-inner\">\n<div class=\"wpb_wrapper\">\n<div class=\"wpb_text_column wpb_content_element\">\n<div class=\"wpb_wrapper\">\n<h3>Descripci\u00f3n<\/h3>\n<p>Abordando nuestro barco para visitar las ballenas jorobadas en su propio h\u00e1bitat. Esta experiencia incluye piscina natural para estrellas de mar y peces. Se permite llevar snorkel a las piscinas naturales. <strong>Nota:<\/strong> no para nadar con ballenas. Nuestros capitanes est\u00e1n entrenados para asegurarse de que veas ballenas.<\/p>\n<p>De 9:00 a.m. a 1:00 p.m. Observatorio de avistamiento de ballenas y Despu\u00e9s de este viaje de Observaci\u00f3n de Ballenas, volvemos al puerto de Miches.<\/p>\n<p><strong>Nota:<\/strong> Este tour no es privado. Si desea establecer un recorrido privado, cont\u00e1ctenos.<\/p>\n<ul>\n<li>Avistamiento de ballenas<\/li>\n<li>Piscina natural para observaci\u00f3n de peces estrella<\/li>\n<li>Transferencia de catamar\u00e1n en barco<\/li>\n<li>El Capit\u00e1n proporciona instrucci\u00f3n y supervisi\u00f3n.<\/li>\n<li>Gu\u00eda tur\u00edstico<\/li>\n<\/ul>\n<h3>Inclusiones y exclusiones<\/h3>\n<h4>Inclusiones<\/h4>\n<ol>\n<li>Gu\u00eda tur\u00edstico<\/li>\n<li>Catamar\u00e1n o paseo en barco<\/li>\n<li>Todos los impuestos, tarifas y cargos por manejo<\/li>\n<li>Impuestos locales<\/li>\n<li>Bebidas<\/li>\n<li>Tabletas de Dramamine (Opcional)<\/li>\n<li>Tasas de entrada al Santuario. (Pulsera)<\/li>\n<\/ol>\n<h4>Exclusiones<\/h4>\n<ol>\n<li>Propinas<\/li>\n<li>Transporte carro<\/li>\n<li>Bebidas alcoh\u00f3licas<\/li>\n<\/ol>\n<h3><em>Salida y regreso<\/em><\/h3>\n<p>El viajero obtendr\u00e1 un punto de encuentro despu\u00e9s del proceso de reserva. Los tours comienzan y finalizan en nuestros puntos de encuentro.<\/p>\n<p>Miches Observaci\u00f3n de Ballenas &#8211; Media Luna (Half-Moon).<\/p>\n<h3><em>\u00bfQu\u00e9 esperar?<\/em><\/h3>\n<p>Obtenga sus boletos para un viaje de medio d\u00eda Tour de avistamiento de ballenas en la bah\u00eda de Saman\u00e1 desde Miches.<\/p>\n<p>El viaje de avistamiento de ballenas de medio d\u00eda, organizado por \u00abBooking Adventures\u00bb comienza en el punto de encuentro establecido con el gu\u00eda tur\u00edstico. Este viaje visita Media Luna (Half-Moon). El almuerzo en la playa no est\u00e1 incluido en este tour.<\/p>\n<h5>\u00bfQu\u00e9 es Media Luna?<\/h5>\n<p>Es un lugar donde el nivel del agua depende del horizonte de las mareas o corrientes marinas, que cuando es alto se vuelve m\u00e1s profundo y cuando es bajo, el flujo de la piscina disminuye. Estar escondido y ser su acceso por el mar, lo convierte en un lugar m\u00e1gico y virgen, para quienes lo visitan sin querer salir. Aqu\u00ed no hay \u00e1rboles para protegerse del sol, pero el agua est\u00e1 fr\u00eda al acunar o balancear los vientos en el \u00e1rea.<\/p>\n<p>Se puede resumir que es una laguna natural en el Oc\u00e9ano Atl\u00e1ntico, que debe su nombre al que se observa desde arriba se asemeja a una media luna. Los lugare\u00f1os tambi\u00e9n lo llaman Cayo de la Media Luna, formado por arrecifes de coral y arena blanca, de agua cristalina salpicada por todas partes para romper las olas naturales, que calman sus aguas. Cuando la marea es estable, su profundidad no supera los tres pies, lo que hace que los ni\u00f1os y los adultos disfruten de este lugar celestial de agua salada.<\/p>\n<p><strong>Horario:<\/strong><\/p>\n<p>8:45 AM &#8211; 12: 30 PM<\/p>\n<p>El tiempo puede cambiar dependiendo de cu\u00e1ntas ballenas vemos.<\/p>\n<h3><em>\u00bfQu\u00e9 deber\u00edas traer?<\/em><\/h3>\n<ul>\n<li>C\u00e1mara<\/li>\n<li>Repelentes<\/li>\n<li>crema solar<\/li>\n<li>Sombrero<\/li>\n<li>Pantalones c\u00f3modos<\/li>\n<li>Traje de ba\u00f1o<\/li>\n<li>Efectivo para recuerdos<\/li>\n<\/ul>\n<h3><em>Recogida en el hotel<\/em><\/h3>\n<p>No se ofrece la recogida en el hotel para este tour. Podemos configurarlo a trav\u00e9s de Whatsapp.<\/p>\n<p><strong>Nota:<\/strong> si realiza la reserva dentro de las 24 horas de la hora de salida del tour \/ excursi\u00f3n, podemos organizar la recogida en el hotel con cargos adicionales. Una vez que se complete su compra, le enviaremos informaci\u00f3n de contacto completa (n\u00famero de tel\u00e9fono, direcci\u00f3n de correo electr\u00f3nico, etc.) para que nuestro gu\u00eda tur\u00edstico local organice los arreglos de recogida.<\/p>\n<h3><em>Confirmaci\u00f3n de informaci\u00f3n adicional<\/em><\/h3>\n<ol>\n<li>Los boletos son el Recibo despu\u00e9s de pagar este Tour. Puede mostrar el pago en su tel\u00e9fono.<\/li>\n<li>El punto de encuentro se recibir\u00e1 despu\u00e9s del proceso de reserva.<\/li>\n<li>Los ni\u00f1os deben estar acompa\u00f1ados por un adulto.<\/li>\n<li>Accesible para sillas de ruedas<\/li>\n<li>Los infantes deben sentarse en el regazo<\/li>\n<li>La mayor\u00eda de los viajeros pueden participar.<\/li>\n<\/ol>\n<h3><em>Pol\u00edtica de cancelaci\u00f3n<\/em><\/h3>\n<p>Para obtener un reembolso completo, cancele al menos 24 horas antes de la fecha de inicio de la experiencia.<\/p>\n<h4>Cont\u00e1ctenos<br \/>\nTOUR BALLENAS SAMANA<\/h4>\n<p><em>Gu\u00edas tur\u00edsticos Locales y nacionales y servicios para hu\u00e9spedes<\/em><\/p>\n<p>Reservas: Tours y Excursiones en Dom. Rep.<\/p>\n<p>Tel \/ Whatsapp + 1-809-720-6035.<\/p>\n<p>info@bookingadventures.com.do<\/p>\n<p>Somos flexibles Configurando tours privados por <strong>Whatsapp: <a href=\"tel:+18097206035\">+18097206035.<\/a><\/strong><\/p>\n<\/div>\n<\/div>\n<\/div>\n<\/div>\n<\/div>\n<\/div>\n\n\t\t<\/div>\n\t<\/div>\n<\/div><\/div><\/div><\/div>","protected":false},"excerpt":{"rendered":"<p>Avistamiento de ballenas de medio d\u00eda Bah\u00eda de Saman\u00e1, Rep\u00fablica Dominicana. Avistamiento de ballenas desde el puerto de Miches en un c\u00f3modo catamar\u00e1n o barco. Reserve para la ma\u00f1ana, despu\u00e9s del desayuno para visitar Media Luna (Half Moon) y avistamiento de ballenas. Reserve ahora esta excursi\u00f3n en la bah\u00eda de Saman\u00e1 para disfrutar de una buena experiencia de viaje de observaci\u00f3n de ballenas y estrellas del mar.<\/p>\n<p><strong>Por favor, seleccione la fecha de la excursi\u00f3n:<\/strong><\/p>","protected":false},"featured_media":440,"template":"","meta":[],"product_brand":[],"product_cat":[344,443,124,232],"product_tag":[345,346,113,269,201,147,271,234,235,236,337,338,238],"class_list":{"0":"post-10907","1":"product","2":"type-product","3":"status-publish","4":"has-post-thumbnail","6":"product_cat-miches-whale-watching-and-media-luna","7":"product_cat-tours-y-excursiones-es","8":"product_cat-tours-excursions-samana-bay-dominican-republic","9":"product_cat-whale-watching-samana","10":"product_tag-half-day-whale-watching-miches","11":"product_tag-media-luna-miches","12":"product_tag-miches","13":"product_tag-miches-whale-watching","14":"product_tag-private-tours-samana","15":"product_tag-samana-bay","16":"product_tag-samana-whale-watching","17":"product_tag-whale-samana","18":"product_tag-whale-tours","19":"product_tag-whale-watching-dominican-republic","20":"product_tag-whale-watching-las-galeras","21":"product_tag-whale-watching-las-terrenas","22":"product_tag-whale-watching-samana","24":"first","25":"instock","26":"sale","27":"sold-individually","28":"shipping-taxable","29":"product-type-external"},"_links":{"self":[{"href":"https:\/\/visitaloshaitises.com\/dz\/wp-json\/wp\/v2\/product\/10907","targetHints":{"allow":["GET"]}}],"collection":[{"href":"https:\/\/visitaloshaitises.com\/dz\/wp-json\/wp\/v2\/product"}],"about":[{"href":"https:\/\/visitaloshaitises.com\/dz\/wp-json\/wp\/v2\/types\/product"}],"wp:featuredmedia":[{"embeddable":true,"href":"https:\/\/visitaloshaitises.com\/dz\/wp-json\/wp\/v2\/media\/440"}],"wp:attachment":[{"href":"https:\/\/visitaloshaitises.com\/dz\/wp-json\/wp\/v2\/media?parent=10907"}],"wp:term":[{"taxonomy":"product_brand","embeddable":true,"href":"https:\/\/visitaloshaitises.com\/dz\/wp-json\/wp\/v2\/product_brand?post=10907"},{"taxonomy":"product_cat","embeddable":true,"href":"https:\/\/visitaloshaitises.com\/dz\/wp-json\/wp\/v2\/product_cat?post=10907"},{"taxonomy":"product_tag","embeddable":true,"href":"https:\/\/visitaloshaitises.com\/dz\/wp-json\/wp\/v2\/product_tag?post=10907"}],"curies":[{"name":"wp","href":"https:\/\/api.w.org\/{rel}","templated":true}]}}