{"id":602,"date":"2020-07-06T21:08:32","date_gmt":"2020-07-06T21:08:32","guid":{"rendered":"https:\/\/haitises.com\/?post_type=product&#038;p=602"},"modified":"2024-04-16T16:45:03","modified_gmt":"2024-04-16T16:45:03","slug":"excursion-parque-nacional-salto-de-la-jalda-el-salto-mas-alto-de-el-caribe-272-pies","status":"publish","type":"product","link":"https:\/\/visitaloshaitises.com\/de\/private\/ausflug-nationalpark-sprung-von-la-jalda-der-hochste-sprung-in-der-karibik-272-fus\/","title":{"rendered":"Ausflug Nationalpark Salto de la Jalda \u2013 Der h\u00f6chste Wasserfall der Karibik 272 Fu\u00df"},"content":{"rendered":"<div class=\"vc_row wpb_row vc_row-fluid\" ><div class=\"wpb_column vc_column_container vc_col-sm-12\"><div class=\"vc_column-inner\"><div class=\"wpb_wrapper\"><div class=\"mkdf-section-title-holder\" style=\"text-align: left\">\n\t<div class=\"mkdf-st-inner\">\n\t\t\t\t\t<h5 class=\"mkdf-st-subtitle\" >\n\t\t\t\tDer h\u00f6chste Wasserfall in der Karibik ist 272 Fu\u00df\t\t\t<\/h5>\n\t\t\t\t\t\t\t\t\t<p class=\"mkdf-st-text\" >\n\t\t\t\tWandern oder Reiten\t\t\t<\/p>\n\t\t\t<\/div>\n<\/div><\/div><\/div><\/div><\/div><div class=\"vc_row wpb_row vc_row-fluid\" ><div class=\"wpb_column vc_column_container vc_col-sm-12\"><div class=\"vc_column-inner\"><div class=\"wpb_wrapper\">\n\t<div class=\"wpb_text_column wpb_content_element\" >\n\t\t<div class=\"wpb_wrapper\">\n\t\t\t<h2>Nationalpark Salto de la Jalda<\/h2>\n<h3>Beschreibung<\/h3>\n<p>Dies ist eine private Tour zu den Wasserf\u00e4llen Salto de la Jalda mit Reiten oder Wandern. Besuch des Kakao- und Kaffeewaldes unter den Kokosn\u00fcssen. Wenn Sie die Wasserf\u00e4lle erreichen, k\u00f6nnen Sie schwimmen und die Zeit mit Ihrem \u00f6rtlichen Reiseleiter festlegen.<\/p>\n<p>Lernen Sie von den Einheimischen und genie\u00dfen Sie eine sichere Reise. Sichern Sie sich noch heute Ihre Tickets im Vorverkauf.<\/p>\n<ul>\n<li>Reiten oder Wandern<\/li>\n<li>Der F\u00fchrer bietet Anweisungen und Aufsicht.<\/li>\n<li>Geb\u00fchren f\u00fcr den Nationalpark<\/li>\n<\/ul>\n<h3>Einschl\u00fcsse und Ausschl\u00fcsse<\/h3>\n<h4>Einschl\u00fcsse<\/h4>\n<ol>\n<li>Ausflug zu Fu\u00df oder zu Pferd<\/li>\n<li>Alle Steuern, Geb\u00fchren und Abgaben<\/li>\n<li>Lokale Steuern<\/li>\n<li>Getr\u00e4nke<\/li>\n<li>Alle Aktivit\u00e4ten<\/li>\n<li>Lokaler F\u00fchrer<\/li>\n<\/ol>\n<h4>Ausschl\u00fcsse<\/h4>\n<ol>\n<li>Tipps<\/li>\n<li>Transport<\/li>\n<li>Mittagessen<\/li>\n<li>Alkoholische Getr\u00e4nke<\/li>\n<\/ol>\n<h3><em>Abreise und R\u00fcckkehr<\/em><\/h3>\n<p>Der Reisende erh\u00e4lt nach dem Buchungsvorgang einen Treffpunkt. Die Touren beginnen und enden an unseren Treffpunkten.<\/p>\n<h2>Wanderung zum Nationalpark Salto de la Jalda<\/h2>\n<h3><em>Was zu erwarten ist?<\/em><\/h3>\n<p>Holen Sie sich Ihre Tickets f\u00fcr den Besuch der h\u00f6chsten Wasserf\u00e4lle in der Karibik. El Salto la Jalda Wandern oder zu Pferd.<\/p>\n<p>El recorrido, organizado por \u00abBooking Adventures\u00bb comienza en el punto de encuentro establecido con el gu\u00eda tur\u00edstico. Para comenzar nuestro recorrido, nos encontramos en Sabana de la Mar. Luego nos subimos al veh\u00edculo que conducimos 25 minutos a la Comunidad Magua. Donde nos encontraremos con nuestros gu\u00edas locales de senderismo. Dejando su veh\u00edculo en un lugar de estacionamiento seguro, vamos a caballo o a pie al Parque Nacional Salto de La Jalda, con un tiempo de tres horas para llegar all\u00ed.<\/p>\n<p>Die Stra\u00dfe ist 6,5 Kilometer lang und ein langes Erlebnis durch den dominikanischen Wald, vorbei an Kakao-, Kokosnuss- und Kaffeew\u00e4ldern. Auf unserer gesamten Reise kommen wir in der N\u00e4he des Magua-Flusses vorbei und \u00fcberqueren ihn ungef\u00e4hr acht Mal ohne gro\u00dfe Schwierigkeiten.<\/p>\n<p>Fast der gesamte Weg liegt im Schatten einer gro\u00dfen Menge Kakaowald, der gepflanzt wurde, bevor das Gebiet zum Nationalpark Salto de La Jalda erkl\u00e4rt wurde. In diesem ersten Teil des \u00d6kotourismus-Abenteuers k\u00f6nnen Sie den Gesang der V\u00f6gel, das Rauschen des flie\u00dfenden Wassers, das gr\u00f6\u00dftenteils flache Gel\u00e4nde und die gr\u00fcne Vegetation genie\u00dfen.<\/p>\n<p>Neben Kakao k\u00f6nnen Sie im Nationalpark La Jalda auch Kaffeeplantagen besichtigen. Als wir fast den Wasserfall erreicht haben, halten wir am Haus einheimischer Parkw\u00e4chter aus der Gemeinde Magua, die dem Jalda-Nationalpark zugeordnet ist. Dort k\u00f6nnen Sie eine kurze Pause einlegen, von der aus Sie einen unglaublichen \u00dcberblick \u00fcber den Salto de La Jalda haben.<\/p>\n<p>Wir werden weiter zu den Wasserf\u00e4llen gehen. Schwimmen Sie dort und kehren Sie nach einigen Stunden auf dem gleichen Weg zum Fahrzeug zur\u00fcck. Das ist ein extremes Abenteuer. Wenn Sie keine Wanderbedingungen haben, m\u00fcssen Sie bitte reiten.<\/p>\n<h3><em>Was sollten Sie mitbringen?<\/em><\/h3>\n<ul>\n<li>Kamera<\/li>\n<li>Abwehrmittel<\/li>\n<li>Sonnenschutz<\/li>\n<li>Hut<\/li>\n<li>Bequeme Hose<\/li>\n<li>Waldwanderschuhe<\/li>\n<li>Badeanzug<\/li>\n<li>Zus\u00e4tzliche Wasserflasche<\/li>\n<li>Mittagessen oder Snacks<\/li>\n<\/ul>\n<h3><em>Abholung vom Hotel<\/em><\/h3>\n<p>F\u00fcr diese Tour wird keine Abholung vom Hotel angeboten.<\/p>\n<p><strong>Notiz:<\/strong> Wenn Sie innerhalb von 24 Stunden vor der Abfahrtszeit der Tour\/des Ausflugs buchen, k\u00f6nnen wir gegen Aufpreis eine Abholung vom Hotel arrangieren. Sobald Ihr Kauf abgeschlossen ist, senden wir Ihnen die vollst\u00e4ndigen Kontaktinformationen (Telefonnummer, E-Mail-Adresse usw.) f\u00fcr unseren \u00f6rtlichen Reiseleiter, um die Abholung zu vereinbaren.<\/p>\n<h3><em>Best\u00e4tigung zus\u00e4tzlicher Informationen<\/em><\/h3>\n<ul>\n<li>Die Tickets sind die Quittung nach der Bezahlung dieser Tour. Sie k\u00f6nnen die Zahlung auf Ihrem Telefon anzeigen.<\/li>\n<li>Der Treffpunkt wird Ihnen nach der Buchung mitgeteilt.<\/li>\n<li>Kinder m\u00fcssen von einem Erwachsenen begleitet werden.<\/li>\n<li>Nicht rollstuhlgerecht<\/li>\n<li>Babys sind auf dieser Reise nicht gestattet<\/li>\n<li>F\u00fcr Reisende mit R\u00fcckenproblemen nicht zu empfehlen.<\/li>\n<li>F\u00fcr schwangere Frauen nicht empfohlen.<\/li>\n<li>Keine Herzprobleme oder andere schwerwiegende Erkrankungen.<\/li>\n<li>Die meisten Reisenden k\u00f6nnen teilnehmen.<\/li>\n<\/ul>\n<h3><em>Annullierungspolitik<\/em><\/h3>\n<p>F\u00fcr eine vollst\u00e4ndige R\u00fcckerstattung stornieren Sie bitte mindestens 24 Stunden vor dem Startdatum des Erlebnisses.<\/p>\n\n\t\t<\/div>\n\t<\/div>\n<\/div><\/div><\/div><\/div><div class=\"vc_row wpb_row vc_row-fluid\" ><div class=\"wpb_column vc_column_container vc_col-sm-12\"><div class=\"vc_column-inner\"><div class=\"wpb_wrapper\">\n\t<div class=\"wpb_text_column wpb_content_element\" >\n\t\t<div class=\"wpb_wrapper\">\n\t\t\t<h4>Kontakt aufnehmen?<\/h4>\n<h5>Abenteuer Buchungen<\/h5>\n<p><em>Reisef\u00fchrer <strong>lokal<\/strong> y <strong>national<\/strong> und G\u00e4steservice<\/em><\/p>\n<p>Reservierungen: F\u00fchrungen und Ausfl\u00fcge in Dom. Rep.<\/p>\n<p>Tel\/WhatsApp +1-809-720-6035.<\/p>\n<p>info@bookingadventures.com.do<\/p>\n<p>Wir machen private Touren mit flexibler Konfiguration \u00fcber WhatsApp: +18097206035.<\/p>\n\n\t\t<\/div>\n\t<\/div>\n<\/div><\/div><\/div><\/div>","protected":false},"excerpt":{"rendered":"<p>Ein extremes Abenteuer zum h\u00f6chsten Wasserfall der Karibik. Kommen Sie mit den Einheimischen zu Fu\u00df oder mit dem Pferd zum Wasserfall. Erfahren Sie mehr \u00fcber den wahren Lebensstil im dominikanischen Wald. Besuchen Sie die gr\u00f6\u00dften Kakaobaumwaldplantagen in der Dominikanischen Republik und erfahren Sie von einheimischen F\u00fchrern etwas \u00fcber diese Geschichte.<\/p>\n<p>Wenn Sie diese Reise buchen, unterst\u00fctzen Sie Familien aus Magua, Gemeinde Sabana de la Mar. Wo es das ganze Jahr \u00fcber keine Touristen gibt. Das Geld bleibt bei diesen Einheimischen.<\/p>\n<p><strong>Bitte w\u00e4hlen Sie das Datum f\u00fcr die Tour aus:<\/strong><\/p>","protected":false},"featured_media":62,"template":"","meta":[],"product_brand":[],"product_cat":[95,96,97,98,99,443,100],"product_tag":[101,102,103,104,105,106,107,108,109,110,111,112,113,114,115,116,117,118],"class_list":{"0":"post-602","1":"product","2":"type-product","3":"status-publish","4":"has-post-thumbnail","6":"product_cat-hike-to-miches-la-jalda-waterfall-waterfalls","7":"product_cat-hiking","8":"product_cat-horse-riding-to-waterfalls","9":"product_cat-local-tour-guides","10":"product_cat-swimming-natural-springs","11":"product_cat-tours-y-excursiones-es","12":"product_cat-waterfalls","13":"product_tag-higthest-waterfall-in-the-caribean","14":"product_tag-hike-la-jalda","15":"product_tag-hike-to-miches-la-jalda-waterfall-waterfalls","16":"product_tag-hiking","17":"product_tag-la-jalda-excursions","18":"product_tag-la-jalda-horses","19":"product_tag-la-jalda-national-park","20":"product_tag-la-jalda-waterfall","21":"product_tag-leaping","22":"product_tag-leaping-jalda","23":"product_tag-magua","24":"product_tag-magua-la-jalda","25":"product_tag-miches","26":"product_tag-sabana-de-la-mar","27":"product_tag-salto-de-la-jalda","28":"product_tag-salto-la-jalda-sabana-de-la-mar","29":"product_tag-salto-la-jalda-tours","30":"product_tag-waterfalls","32":"first","33":"instock","34":"sale","35":"featured","36":"sold-individually","37":"shipping-taxable","38":"product-type-external"},"_links":{"self":[{"href":"https:\/\/visitaloshaitises.com\/de\/wp-json\/wp\/v2\/product\/602","targetHints":{"allow":["GET"]}}],"collection":[{"href":"https:\/\/visitaloshaitises.com\/de\/wp-json\/wp\/v2\/product"}],"about":[{"href":"https:\/\/visitaloshaitises.com\/de\/wp-json\/wp\/v2\/types\/product"}],"wp:featuredmedia":[{"embeddable":true,"href":"https:\/\/visitaloshaitises.com\/de\/wp-json\/wp\/v2\/media\/62"}],"wp:attachment":[{"href":"https:\/\/visitaloshaitises.com\/de\/wp-json\/wp\/v2\/media?parent=602"}],"wp:term":[{"taxonomy":"product_brand","embeddable":true,"href":"https:\/\/visitaloshaitises.com\/de\/wp-json\/wp\/v2\/product_brand?post=602"},{"taxonomy":"product_cat","embeddable":true,"href":"https:\/\/visitaloshaitises.com\/de\/wp-json\/wp\/v2\/product_cat?post=602"},{"taxonomy":"product_tag","embeddable":true,"href":"https:\/\/visitaloshaitises.com\/de\/wp-json\/wp\/v2\/product_tag?post=602"}],"curies":[{"name":"wp","href":"https:\/\/api.w.org\/{rel}","templated":true}]}}