{"id":562,"date":"2020-06-25T15:24:34","date_gmt":"2020-06-25T15:24:34","guid":{"rendered":"https:\/\/haitises.com\/?post_type=product&#038;p=562"},"modified":"2024-04-17T17:28:59","modified_gmt":"2024-04-17T17:28:59","slug":"los-haitises-excursion-en-kayak-4-horas","status":"publish","type":"product","link":"https:\/\/visitaloshaitises.com\/de\/private\/kajakausflug-nach-los-haitises-4-stunden\/","title":{"rendered":"Los Haitises Kajak-Ausflug 4 Stunden"},"content":{"rendered":"<div class=\"vc_row wpb_row vc_row-fluid\" ><div class=\"wpb_column vc_column_container vc_col-sm-12\"><div class=\"vc_column-inner\"><div class=\"wpb_wrapper\"><div class=\"vc_empty_space\"   style=\"height: 32px\"><span class=\"vc_empty_space_inner\"><\/span><\/div><\/div><\/div><\/div><\/div><div class=\"vc_row wpb_row vc_row-fluid\" ><div class=\"wpb_column vc_column_container vc_col-sm-12\"><div class=\"vc_column-inner\"><div class=\"wpb_wrapper\"><div class=\"mkdf-section-title-holder\" style=\"text-align: left\">\n\t<div class=\"mkdf-st-inner\">\n\t\t\t\t\t<h5 class=\"mkdf-st-subtitle\" >\n\t\t\t\tMangroven, H\u00f6hlen und mehr.\t\t\t<\/h5>\n\t\t\t\t\t\t\t<\/div>\n<\/div><\/div><\/div><\/div><\/div><div class=\"vc_row wpb_row vc_row-fluid\" ><div class=\"wpb_column vc_column_container vc_col-sm-12\"><div class=\"vc_column-inner\"><div class=\"wpb_wrapper\"><div class=\"vc_empty_space\"   style=\"height: 32px\"><span class=\"vc_empty_space_inner\"><\/span><\/div><\/div><\/div><\/div><\/div><div class=\"vc_row wpb_row vc_row-fluid\" ><div class=\"wpb_column vc_column_container vc_col-sm-12\"><div class=\"vc_column-inner\"><div class=\"wpb_wrapper\">\n\t<div class=\"wpb_text_column wpb_content_element\" >\n\t\t<div class=\"wpb_wrapper\">\n\t\t\t<h2>Kajakfahren in Los Haitises mit Ca\u00f1o Hondo-Reiseleiter 4 Stunden<\/h2>\n<h3>Beschreibung<\/h3>\n<p>Mangroven-Kajakfahren im Nationalpark Los Haitises mit einem lokalen F\u00fchrer f\u00fcr 4 Stunden. Besuch von Mangroven, H\u00f6hlen, Piktogrammen am Fluss Ca\u00f1o Hondo und einem \u00dcberblick \u00fcber die Bucht von San Lorenzo im Nationalpark Los Haitises, Gebiet Sabana de la Mar, Ca\u00f1o Hondo. Bei einem Kurztrip: Kajak Los Haitises 2 Stunden<\/p>\n<ul>\n<li>Der Guide bietet Anleitung und Betreuung.<\/li>\n<li>Kajaks und Paddel verf\u00fcgbar. Double f\u00fcr zwei Personen und Simple f\u00fcr eine Person.<\/li>\n<\/ul>\n<h3>Einschl\u00fcsse und Ausschl\u00fcsse<\/h3>\n<h4>Einschl\u00fcsse<\/h4>\n<ol>\n<li>Kajaktour<\/li>\n<li>Ausfl\u00fcge zu den H\u00f6hlen<\/li>\n<li>Alle Steuern, Geb\u00fchren und Bearbeitungsgeb\u00fchren<\/li>\n<li>Lokale Steuern<\/li>\n<li>Lokaler F\u00fchrer<\/li>\n<\/ol>\n<h4>Ausschl\u00fcsse<\/h4>\n<ol>\n<li>Tipps<\/li>\n<li>Transport<\/li>\n<li>Das Mittagessen ist nicht inbegriffen.<\/li>\n<li>Alkoholische Getr\u00e4nke<\/li>\n<\/ol>\n<h3><em>Abreise und R\u00fcckkehr<\/em><\/h3>\n<p>Der Reisende erh\u00e4lt nach dem Buchungsvorgang einen Treffpunkt. Die Touren beginnen und enden an unseren Treffpunkten.<\/p>\n<h3><em>Was zu erwarten ist?<\/em><\/h3>\n<p>Holen Sie sich Ihre Tickets f\u00fcr eine 4-st\u00fcndige Kajaktour zum Ca\u00f1o Hondo River Forest (Mangroven), zu den Rocky Islands, zur Vogelbeobachtung und zu H\u00f6hlen mit dem \u00f6rtlichen Reiseleiter.<\/p>\n<p>Wir besorgen die gesamte f\u00fcr Ihre Sicherheit notwendige Ausr\u00fcstung (Schwimmwesten usw.) und die Aktion beginnt mit dem Kajak vom Fluss Ca\u00f1o Hondo aus.<\/p>\n<p>El recorrido, organizado por \u00abBooking Adventures\u00bb, comienza en el punto de encuentro establecido con el gu\u00eda tur\u00edstico. Tomando los kayaks y atravesando manglares, pasando por antiguas cuevas piratas y por bosques protegidos en esta pintoresca reserva a partir del \u00e1rea de los Hoteles Ca\u00f1o Hondo o de Sabana de la Mar.<\/p>\n<p>Kommen Sie mit Booking Adventures und entdecken Sie Mangroven voller V\u00f6gel, sanfte H\u00fcgel mit \u00fcppiger Vegetation und H\u00f6hlen des Nationalparks Los Haitises. Machen Sie einen Kajakausflug vom Fluss Ca\u00f1o Hondo in Sabana de la Mar. Durch die Mangroven und landen Sie in der offenen Bucht von San Lorenzo, von wo aus Sie die raue Waldlandschaft fotografieren k\u00f6nnen. Schauen Sie ins Wasser, um Seek\u00fche, Krebstiere und Delfine zu beobachten.<\/p>\n<p>El nombre del parque nacional proviene de sus habitantes originales, los indios ta\u00ednos. En su idioma, \u00abHaitises\u00bb se traduce como tierras altas o colinas, una referencia a las empinadas formaciones geol\u00f3gicas de la costa con calizas. Avent\u00farate m\u00e1s en el parque para explorar cuevas como la Cueva de la Arena y la Cueva de la L\u00ednea. Las cuevas en la reserva fueron utilizadas como refugio por los indios ta\u00ednos y, m\u00e1s tarde, por los piratas para esconderse. Busque dibujos de indios que decoran algunas de las paredes.<\/p>\n<p>Falls Ihnen diese k\u00fcrzere Reise gef\u00e4llt, haben wir eine zweite Option: Kajak in Los Haitises 2 Stunden<\/p>\n<p>Die Tour endet am Ausgangspunkt im Nationalpark Los Haitises. Wir empfehlen diesen Ausflug um 6:00 Uhr, falls Sie Seek\u00fche, Krebstiere und Delfine sehen m\u00f6chten.<\/p>\n<p>6:00 Uhr ist fr\u00fch, daher gibt es noch keine Boote im Nationalpark Los Haitises.<\/p>\n<h3><em>Was sollten Sie mitbringen?<\/em><\/h3>\n<ul>\n<li>Kamera<\/li>\n<li>Abwehrmittel<\/li>\n<li>Sonnenschutz<\/li>\n<li>HutBequeme Hose<\/li>\n<li>Sandalen<\/li>\n<li>Badeanzug<\/li>\n<\/ul>\n<h3><em>Abholung vom Hotel<\/em><\/h3>\n<p>F\u00fcr diese Tour wird keine Abholung vom Hotel angeboten.<\/p>\n<p><strong>Notiz<\/strong>- Wenn Sie innerhalb von 24 Stunden vor der Abfahrtszeit der Tour\/des Ausflugs buchen, k\u00f6nnen wir gegen Aufpreis eine Abholung vom Hotel arrangieren. Sobald Ihr Kauf abgeschlossen ist, senden wir Ihnen die vollst\u00e4ndigen Kontaktinformationen (Telefonnummer, E-Mail-Adresse usw.) f\u00fcr unseren \u00f6rtlichen Reiseleiter, um die Abholung zu vereinbaren.<\/p>\n<h3><em>Best\u00e4tigung zus\u00e4tzlicher Informationen<\/em><\/h3>\n<ul>\n<li>Die Tickets sind die Quittung nach der Bezahlung dieser Tour. Sie k\u00f6nnen die Zahlung auf Ihrem Telefon anzeigen.<\/li>\n<li>Der Treffpunkt wird Ihnen nach der Buchung mitgeteilt.<\/li>\n<li>Kinder m\u00fcssen von einem Erwachsenen begleitet werden.<\/li>\n<li>Nicht rollstuhlgerecht<\/li>\n<li>Kleinkinder sollten in einer Babyschale oder bei einem Erwachsenen sitzen<\/li>\n<li>F\u00fcr Reisende mit R\u00fcckenproblemen nicht zu empfehlen.<\/li>\n<li>F\u00fcr schwangere Frauen nicht empfohlen.<\/li>\n<li>Keine Herzprobleme oder andere schwerwiegende Erkrankungen.<\/li>\n<li>Die meisten Reisenden k\u00f6nnen teilnehmen.<\/li>\n<\/ul>\n<h3><em>Annullierungspolitik<\/em><\/h3>\n<p>F\u00fcr eine vollst\u00e4ndige R\u00fcckerstattung stornieren Sie bitte mindestens 24 Stunden vor dem Startdatum des Erlebnisses.<\/p>\n<h3><em>Kontaktiere uns?<\/em><\/h3>\n<p>Abenteuer buchen<br \/>\nLokale und nationale Reiseleiter und G\u00e4steservice<\/p>\n<p>Reservierungen: F\u00fchrungen und Ausfl\u00fcge im Dom. Reps.<\/p>\n<p>\ud83d\udcde Tel\/WhatsApp +1-809-720-6035.<\/p>\n<p>\ud83d\udce9 info@bookingadventures.com.do<\/p>\n<p>Wir machen private Touren mit Flexibilit\u00e4t per WhatsApp: +18097206035.<\/p>\n\n\t\t<\/div>\n\t<\/div>\n<\/div><\/div><\/div><\/div>","protected":false},"excerpt":{"rendered":"<p>Ausflug zum Nationalpark Los Haitises mit Start in Sabana de la Mar im Ca\u00f1o Hondo-Gebiet, Besuch von Mangroven, H\u00f6hlen, Piktogrammen und Felsformationen.<\/p>\n<p>Diese Tour kann mit dem Wanderrouten-Clip hier eingerichtet werden. Erfahren Sie mit Einheimischen die wahre Geschichte des Nationalparks Los Haitises.<\/p>\n<p><strong>Bitte w\u00e4hlen Sie das Datum f\u00fcr die Tour aus:<\/strong><\/p>","protected":false},"featured_media":229,"template":"","meta":[],"product_brand":[],"product_cat":[144,443,123,124],"product_tag":[126,127,145,150,197,198,199,132,133,200,201,114,147,148],"class_list":{"0":"post-562","1":"product","2":"type-product","3":"status-publish","4":"has-post-thumbnail","6":"product_cat-kayaking","7":"product_cat-tours-y-excursiones-es","8":"product_cat-tours-excursions-los-haitises-national-park","9":"product_cat-tours-excursions-samana-bay-dominican-republic","10":"product_tag-cano-hondo","11":"product_tag-cano-hondo-hotel","12":"product_tag-day-tour-cano-hondo","13":"product_tag-kayak-dominican-republic","14":"product_tag-kayaking-dominican-republic","15":"product_tag-kayaking-los-haitises","16":"product_tag-kayaks","17":"product_tag-los-haitises","18":"product_tag-los-haitises-national-park","19":"product_tag-los-haitises-tours","20":"product_tag-private-tours-samana","21":"product_tag-sabana-de-la-mar","22":"product_tag-samana-bay","23":"product_tag-samana-excursions","25":"first","26":"instock","27":"sale","28":"sold-individually","29":"shipping-taxable","30":"product-type-external"},"_links":{"self":[{"href":"https:\/\/visitaloshaitises.com\/de\/wp-json\/wp\/v2\/product\/562","targetHints":{"allow":["GET"]}}],"collection":[{"href":"https:\/\/visitaloshaitises.com\/de\/wp-json\/wp\/v2\/product"}],"about":[{"href":"https:\/\/visitaloshaitises.com\/de\/wp-json\/wp\/v2\/types\/product"}],"wp:featuredmedia":[{"embeddable":true,"href":"https:\/\/visitaloshaitises.com\/de\/wp-json\/wp\/v2\/media\/229"}],"wp:attachment":[{"href":"https:\/\/visitaloshaitises.com\/de\/wp-json\/wp\/v2\/media?parent=562"}],"wp:term":[{"taxonomy":"product_brand","embeddable":true,"href":"https:\/\/visitaloshaitises.com\/de\/wp-json\/wp\/v2\/product_brand?post=562"},{"taxonomy":"product_cat","embeddable":true,"href":"https:\/\/visitaloshaitises.com\/de\/wp-json\/wp\/v2\/product_cat?post=562"},{"taxonomy":"product_tag","embeddable":true,"href":"https:\/\/visitaloshaitises.com\/de\/wp-json\/wp\/v2\/product_tag?post=562"}],"curies":[{"name":"wp","href":"https:\/\/api.w.org\/{rel}","templated":true}]}}