{"id":42,"date":"2020-06-14T11:56:46","date_gmt":"2020-06-14T11:56:46","guid":{"rendered":"https:\/\/haitises.com\/product\/import-placeholder-for-8848\/"},"modified":"2024-04-24T19:14:25","modified_gmt":"2024-04-24T19:14:25","slug":"birdwatching-in-los-haitises-national-park","status":"publish","type":"product","link":"https:\/\/visitaloshaitises.com\/de\/private\/vogelbeobachtung-im-nationalpark-los-haitises-2\/","title":{"rendered":"Vogelbeobachtung im Nationalpark Los Haitises"},"content":{"rendered":"<div class=\"vc_row wpb_row vc_row-fluid\" ><div class=\"wpb_column vc_column_container vc_col-sm-12\"><div class=\"vc_column-inner\"><div class=\"wpb_wrapper\"><div class=\"mkdf-section-title-holder\" style=\"text-align: left\">\n\t<div class=\"mkdf-st-inner\">\n\t\t\t\t\t<h5 class=\"mkdf-st-subtitle\" >\n\t\t\t\tVogelbeobachtung im Nationalpark Los Haitises\t\t\t<\/h5>\n\t\t\t\t\t\t\t<h3 class=\"mkdf-st-title\" >\n\t\t\t\tRidgway's Hawk Tour\t\t\t<\/h3>\n\t\t\t\t\t<\/div>\n<\/div><\/div><\/div><\/div><\/div><div class=\"vc_row wpb_row vc_row-fluid\" ><div class=\"wpb_column vc_column_container vc_col-sm-12\"><div class=\"vc_column-inner\"><div class=\"wpb_wrapper\">\n\t<div class=\"wpb_text_column wpb_content_element\" >\n\t\t<div class=\"wpb_wrapper\">\n\t\t\t<h4><b><i>\u00dcbersicht <\/i><\/b><\/h4>\n<section><\/section>\n<p><strong>Nationalpark Los Haitises<\/strong> ist ein beliebtes Ziel f\u00fcr Naturliebhaber und Vogelbeobachter, denn es ist von gr\u00f6\u00dfter Bedeutung f\u00fcr die biologische Vielfalt und den Reichtum der Fauna, sowohl in Bezug auf Endemismus als auch auf die Anzahl der Arten. Tropischer Regenwald mit atemberaubenden Landschaften und eines der gr\u00f6\u00dften und wichtigsten Naturschutzgebiete der Dominikanischen Republik. Los Haitises beherbergt eine Vielzahl von einheimischen, endemischen und Zugv\u00f6geln, von denen einige sehr selten und stark bedroht sind. Die meisten Besucher fahren mit dem Boot hinaus, um den Park, seine H\u00f6hlen, Inseln und die Tierwelt zu erkunden.<\/p>\n<p>Wir sch\u00fctzen 110 Vogelarten, die Sie im Nationalpark Los Haitises finden k\u00f6nnen. Wandern Sie durch diesen magischen Wald auf der Suche nach Papageien, Todys, Ridgway's Hawks, Tangaren, Kolibris und vielem mehr. Wir erz\u00e4hlen Ihnen interessante Geschichten \u00fcber all diese V\u00f6gel, die Sie auf dem Humit-Pfad sehen k\u00f6nnen. Wir kennen die Lebensr\u00e4ume von Ridgway's, Ashy Faced Owls und anderen endemischen Arten. Diese Tour konzentriert sich auf die Natur und auf die Informationen \u00fcber die Tierwelt.<\/p>\n<p><strong>In der Regel handelt es sich um eine private Tour, die ein wirklich hochwertiges Erlebnis bietet.<\/strong><\/p>\n<h4><\/h4>\n<h4><b>Einschl\u00fcsse &amp; Ausschl\u00fcsse<\/b><\/h4>\n<p><b>Einschl\u00fcsse<\/b><\/p>\n<ol>\n<li style=\"font-weight: 400;\">3 Stunden Vogelspaziergang auf den Parkpfaden<\/li>\n<li style=\"font-weight: 400;\"><span style=\"font-weight: 400;\">Alle Steuern, Geb\u00fchren und Bearbeitungskosten<\/span><\/li>\n<li style=\"font-weight: 400;\"><span style=\"font-weight: 400;\">Lokale Steuern<\/span><\/li>\n<li style=\"font-weight: 400;\">Offizielle \u00d6kologen-Reisef\u00fchrer Englisch\/Spanisch<\/li>\n<\/ol>\n<p><b> Ausschl\u00fcsse<\/b><\/p>\n<ol>\n<li style=\"font-weight: 400;\"><span style=\"font-weight: 400;\">Trinkgelder<\/span><\/li>\n<li style=\"font-weight: 400;\"><span style=\"font-weight: 400;\">\u00dcberweisen<\/span><\/li>\n<li style=\"font-weight: 400;\"><span style=\"font-weight: 400;\">Getr\u00e4nk<\/span><\/li>\n<\/ol>\n<p>&nbsp;<\/p>\n<h4><em><strong>Abreise und R\u00fcckkehr<\/strong><\/em><\/h4>\n<p><span style=\"font-weight: 400;\">The tour, organized by \u00abBooking Adventures\u00bb starts at the meeting point set with the Tour Guide. The traveler will get a meeting point after the Reservation Process. Tours start and Finished in our meeting points.<\/span><\/p>\n<p>&nbsp;<\/p>\n<h4><b><i>Was ist zu erwarten?<\/i><\/b><\/h4>\n<p><em><strong>Holen Sie sich Ihr Ticket<\/strong><\/em> f\u00fcr die Vogelbeobachtung im Los Haitises National Park.<\/p>\n<p>Diese Exkursion beginnt am Treffpunkt mit einer Wanderung auf den Ridgway-Pfaden zu den Nistpl\u00e4tzen. Nach 30 Minuten Wanderung und Beobachtung der Falken haben wir die M\u00f6glichkeit, weiter zu wandern und nach Papageien, Piculets und anderen endemischen Arten im Nationalpark Los Haitises zu suchen.<\/p>\n<p>Der Nationalpark Los Haitises hat nur zwei Wanderwege zur Vogelbeobachtung in Sabana de la Mar. Auf dem Weg zum Nationalpark Los Haitises halten wir an einigen Stellen an, um weitere V\u00f6gel zu beobachten.<\/p>\n<p>In der Bucht von San Lorenzo werden wir zwei H\u00f6hlen besichtigen, die H\u00f6hle Sadly, auf Spanisch Cueva de la Arena genannt; in dieser H\u00f6hle k\u00f6nnen wir die Petrographien der Tainos-Gemeinschaften sehen, die sich in dieser Gegend aufhielten und die H\u00f6hlen als Tempel nutzten.<\/p>\n<p>Danach geht es weiter zur Linea-H\u00f6hle, die 2.243 originale Piktogramme beherbergt, und unser Reiseleiter erkl\u00e4rt Ihnen die Informationen von Arch\u00e4ologen \u00fcber diese Piktogramme.<\/p>\n<p>Mit dem Boot geht es zur\u00fcck zur Insel Pajaros (Vogelinsel), wo wir die meisten V\u00f6gel der Feuchtgebiete rund um den Nationalpark Los Haitises sehen k\u00f6nnen. Nur weil nicht alle V\u00f6gel im Wasser sind.<\/p>\n<p>Nach viereinhalb Stunden, in denen Sie im Nationalpark Los Haitises etwas \u00fcber V\u00f6gel lernen, endet diese Exkursion am selben Ort, an dem sie begonnen hat.<\/p>\n<p><strong>Hinweis: Diese Touren werden von offiziellen \u00d6kologen gef\u00fchrt. Bitte buchen Sie rechtzeitig, da es im Park nicht allzu viele Spezialisten gibt.<\/strong><\/p>\n<p>&nbsp;<\/p>\n<h4><em><strong>Was sollten Sie mitbringen?<\/strong><\/em><\/h4>\n<ul>\n<li style=\"font-weight: 400;\"><span style=\"font-weight: 400;\">Kamera<\/span><\/li>\n<li>Binokular<\/li>\n<li style=\"font-weight: 400;\"><span style=\"font-weight: 400;\">Absto\u00dfende Knospen<\/span><\/li>\n<li style=\"font-weight: 400;\"><span style=\"font-weight: 400;\">Sonnencreme<\/span><\/li>\n<li style=\"font-weight: 400;\"><span style=\"font-weight: 400;\">Hut<\/span><\/li>\n<li style=\"font-weight: 400;\"><span style=\"font-weight: 400;\">Bequeme Hosen<\/span><\/li>\n<li style=\"font-weight: 400;\"><span style=\"font-weight: 400;\">Wanderschuhe f\u00fcr den Wald<\/span><\/li>\n<li style=\"font-weight: 400;\"><span style=\"font-weight: 400;\">Sandalen zu den Fr\u00fchlingsgebieten.<\/span><\/li>\n<li style=\"font-weight: 400;\"><span style=\"font-weight: 400;\">Schwimmbekleidung<\/span><\/li>\n<\/ul>\n<p>&nbsp;<\/p>\n<h4><b><i>Abholung Hotel <\/i><\/b><\/h4>\n<p><span style=\"font-weight: 400;\">Eine Abholung vom Hotel wird f\u00fcr diese Tour nicht angeboten. <\/span><\/p>\n<p>&nbsp;<\/p>\n<p><b>Anmerkung:<\/b><span style=\"font-weight: 400;\"> Wenn Sie innerhalb von 24 Stunden vor der Abfahrtszeit der Tour\/des Ausflugs buchen, k\u00f6nnen wir gegen Aufpreis eine Abholung vom Hotel arrangieren. Sobald Ihr Kauf abgeschlossen ist, senden wir Ihnen die vollst\u00e4ndigen Kontaktinformationen (Telefonnummer, E-Mail-Adresse usw.) f\u00fcr unseren \u00f6rtlichen Reiseleiter, um die Abholung zu organisieren.<\/span><\/p>\n<h4><b><i>Zus\u00e4tzliche Informationen Best\u00e4tigung <\/i><\/b><\/h4>\n<ol>\n<li>Die Tickets sind die Quittung nach der Bezahlung dieser Tour. Sie k\u00f6nnen die Zahlung auf Ihrem Telefon zeigen.<\/li>\n<li style=\"font-weight: 400;\"><span style=\"font-weight: 400;\">Der Treffpunkt wird nach der Reservierung mitgeteilt.<\/span><\/li>\n<li style=\"font-weight: 400;\"><span style=\"font-weight: 400;\">Kinder m\u00fcssen von einem Erwachsenen begleitet werden.<\/span><\/li>\n<li style=\"font-weight: 400;\"><span style=\"font-weight: 400;\"> Nicht rollstuhlgerecht <\/span><\/li>\n<li style=\"font-weight: 400;\"><span style=\"font-weight: 400;\">Kleinkinder m\u00fcssen auf dem Scho\u00df sitzen <\/span><\/li>\n<li style=\"font-weight: 400;\"><span style=\"font-weight: 400;\">F\u00fcr Reisende mit R\u00fcckenproblemen nicht zu empfehlen<\/span><\/li>\n<li style=\"font-weight: 400;\"><span style=\"font-weight: 400;\">F\u00fcr schwangere Reisende nicht empfohlen <\/span><\/li>\n<li style=\"font-weight: 400;\"><span style=\"font-weight: 400;\"> Keine Herzprobleme oder andere schwerwiegende Erkrankungen <\/span><\/li>\n<li style=\"font-weight: 400;\"><span style=\"font-weight: 400;\">Die meisten Reisenden k\u00f6nnen teilnehmen<\/span><\/li>\n<\/ol>\n<p>Diese Tour wird f\u00fcr mindestens 2 Personen und maximal 15 Personen angeboten. Im Falle von weniger Personen, kontaktieren Sie uns bitte.<\/p>\n<h4><b><i>Stornierungspolitik<\/i><\/b><\/h4>\n<p><span style=\"font-weight: 400;\">F\u00fcr eine vollst\u00e4ndige R\u00fcckerstattung stornieren Sie bitte mindestens 24 Stunden vor Beginn des Erlebnisses.<\/span><\/p>\n\n\t\t<\/div>\n\t<\/div>\n<\/div><\/div><\/div><\/div><div class=\"vc_row wpb_row vc_row-fluid\" ><div class=\"wpb_column vc_column_container vc_col-sm-12\"><div class=\"vc_column-inner\"><div class=\"wpb_wrapper\">\n\t<div class=\"wpb_text_column wpb_content_element\" >\n\t\t<div class=\"wpb_wrapper\">\n\t\t\t<h4>Kontaktieren Sie uns?<\/h4>\n<h5><em><strong>Abenteuer buchen<\/strong><\/em><\/h5>\n<p><em><strong>Einheimische<\/strong> und <strong>Nationals<\/strong> Reiseleiter &amp; G\u00e4steservice<\/em><\/p>\n<p><span class=\"text-turquoise\">Reservierungen:<\/span> Touren &amp; Ausfl\u00fcge in Dom. Rep.<\/p>\n<p><img decoding=\"async\" class=\"emoji\" draggable=\"false\" src=\"https:\/\/s.w.org\/images\/core\/emoji\/11.2.0\/svg\/1f4de.svg\" alt=\"\ud83d\udcde\" \/> Telefon \/ Whatsapp\u00a0 <a href=\"tel:+1-809-720-6035\">+1-809-720-6035<\/a>.<\/p>\n<p><img decoding=\"async\" class=\"emoji\" draggable=\"false\" src=\"https:\/\/s.w.org\/images\/core\/emoji\/11.2.0\/svg\/1f4e9.svg\" alt=\"\ud83d\udce9\" \/> <a href=\"mailto:info@bookingadventures.com.do\">info@bookingadventures.com.do<\/a><\/p>\n<p><strong>Wir sind flexibel und stellen private Touren per Whatsapp ein: <a href=\"tel:+18097206035\">+18097206035.<\/a><\/strong><\/p>\n\n\t\t<\/div>\n\t<\/div>\n<\/div><\/div><\/div><\/div>","protected":false},"excerpt":{"rendered":"<p>Ausflug in den Nationalpark Los Haitises mit einem lokalen Reiseleiter, der sich auf Vogelbeobachtung und H\u00f6hlen konzentriert. Besuch der Cays im Nationalpark Los Haitises, Mangroven, Vegetation, Vogelbeobachtung, H\u00f6hlen, Piktogramme und die historischen Gebiete von Sabana de la Mar im Nationalpark Los Haitises.<\/p>\n<p>&nbsp;<\/p>\n<p><em><strong>Bitte w\u00e4hlen Sie ein Datum f\u00fcr The Tour\u00a0<\/strong><\/em><\/p>","protected":false},"featured_media":177,"template":"","meta":[],"product_brand":[],"product_cat":[119,120,96,98,121,122,123,124],"product_tag":[176,177,178,179,180,181,182,183,184,185,186,132,187,133,188,189,190,191,192,114,142,147,193],"class_list":{"0":"post-42","1":"product","2":"type-product","3":"status-publish","4":"has-post-thumbnail","6":"product_cat-caves","7":"product_cat-fees-entrace","8":"product_cat-hiking","9":"product_cat-local-tour-guides","10":"product_cat-mangroves","11":"product_cat-tours-and-excursions","12":"product_cat-tours-excursions-los-haitises-national-park","13":"product_cat-tours-excursions-samana-bay-dominican-republic","14":"product_tag-biding-sabana-de-la-mar","15":"product_tag-birding","16":"product_tag-birding-dominican-republic","17":"product_tag-birding-in-los-haitises","18":"product_tag-birdwatching","19":"product_tag-birdwatching-dominicana","20":"product_tag-birdwtaching","21":"product_tag-boat-tour-birding","22":"product_tag-carretera-cano-hondo","23":"product_tag-eco-lodge-paraiso-cano-hondo","24":"product_tag-hire-a-guide-in-los-haitises","25":"product_tag-los-haitises","26":"product_tag-los-haitises-birding","27":"product_tag-los-haitises-national-park","28":"product_tag-los-haitises-national-park-birding-tour-from-punta-cana","29":"product_tag-los-haitises-national-park-cano-hondo","30":"product_tag-los-haitises-samana","31":"product_tag-nature","32":"product_tag-ridgways-hawk","33":"product_tag-sabana-de-la-mar","34":"product_tag-samana","35":"product_tag-samana-bay","36":"product_tag-wildlife","38":"first","39":"instock","40":"sale","41":"sold-individually","42":"shipping-taxable","43":"product-type-external"},"_links":{"self":[{"href":"https:\/\/visitaloshaitises.com\/de\/wp-json\/wp\/v2\/product\/42","targetHints":{"allow":["GET"]}}],"collection":[{"href":"https:\/\/visitaloshaitises.com\/de\/wp-json\/wp\/v2\/product"}],"about":[{"href":"https:\/\/visitaloshaitises.com\/de\/wp-json\/wp\/v2\/types\/product"}],"wp:featuredmedia":[{"embeddable":true,"href":"https:\/\/visitaloshaitises.com\/de\/wp-json\/wp\/v2\/media\/177"}],"wp:attachment":[{"href":"https:\/\/visitaloshaitises.com\/de\/wp-json\/wp\/v2\/media?parent=42"}],"wp:term":[{"taxonomy":"product_brand","embeddable":true,"href":"https:\/\/visitaloshaitises.com\/de\/wp-json\/wp\/v2\/product_brand?post=42"},{"taxonomy":"product_cat","embeddable":true,"href":"https:\/\/visitaloshaitises.com\/de\/wp-json\/wp\/v2\/product_cat?post=42"},{"taxonomy":"product_tag","embeddable":true,"href":"https:\/\/visitaloshaitises.com\/de\/wp-json\/wp\/v2\/product_tag?post=42"}],"curies":[{"name":"wp","href":"https:\/\/api.w.org\/{rel}","templated":true}]}}