{"id":11674,"date":"2023-10-04T07:40:09","date_gmt":"2023-10-04T07:40:09","guid":{"rendered":"https:\/\/haitises.com\/?post_type=product&#038;p=11674"},"modified":"2024-03-30T12:46:56","modified_gmt":"2024-03-30T12:46:56","slug":"punta-cana-samana-whale-watching-cayo-levantado-bacardi-island-limon-waterfalls","status":"publish","type":"product","link":"https:\/\/visitaloshaitises.com\/de\/private\/samana-walbeobachtung-cayo-levantado-bacardi-insel-limonenwasserfalle-von-punta-cana-hotels\/","title":{"rendered":"Punta Cana: Saman\u00e1 Whale Watching + Cayo Levantado (Bacardi Island) + Lim\u00f3n Waterfalls"},"content":{"rendered":"<div class=\"wpb_column vc_column_container vc_col-sm-12\"><div class=\"vc_column-inner\"><div class=\"wpb_wrapper\"><div class=\"vc_btn3-container vc_btn3-inline\" ><button class=\"vc_general vc_btn3 vc_btn3-size-md vc_btn3-shape-rounded vc_btn3-style-modern vc_btn3-color-green\">JETZT BUCHEN<\/button><\/div>\n\t<div class=\"wpb_text_column wpb_content_element\" >\n\t\t<div class=\"wpb_wrapper\">\n\t\t\t<div class=\"vc_row wpb_row vc_row-fluid\">\n<div class=\"wpb_column vc_column_container vc_col-sm-12\">\n<div class=\"vc_column-inner\">\n<div class=\"wpb_wrapper\">\n<div class=\"mkdf-section-title-holder\">\n<div class=\"mkdf-st-inner\">\n<h5 class=\"mkdf-st-subtitle\">Cayo Levantado (Bacardi Island) + Limon Waterfalls from Punta Cana Hotels.<\/h5>\n<h3 class=\"mkdf-st-title\">Whale Watching 2023 in Punta Cana to Samana Bay<\/h3>\n<\/div>\n<\/div>\n<\/div>\n<\/div>\n<\/div>\n<\/div>\n<div class=\"vc_row wpb_row vc_row-fluid\"><\/div>\n<div class=\"wpb_column vc_column_container vc_col-sm-12\">\n<div class=\"vc_column-inner\">\n<div class=\"wpb_wrapper\"><\/div>\n<\/div>\n<\/div>\n<div class=\"wpb_text_column wpb_content_element\">\n<div class=\"wpb_wrapper\"><\/div>\n<\/div>\n<div class=\"vc_row wpb_row vc_row-fluid\">\n<div class=\"wpb_column vc_column_container vc_col-sm-12\">\n<div class=\"vc_column-inner\">\n<div class=\"wpb_wrapper\">\n<div class=\"wpb_text_column wpb_content_element\">\n<div class=\"wpb_wrapper\">\n<div class=\"vc_row wpb_row vc_row-fluid\">\n<div class=\"wpb_column vc_column_container vc_col-sm-12\">\n<div class=\"vc_column-inner\">\n<div class=\"wpb_wrapper\">\n<div class=\"wpb_text_column wpb_content_element\">\n<div class=\"wpb_wrapper\">\n<h4><b><i>Overview\ud83d\udc33<\/i><\/b><\/h4>\n<p>Whale Punta Cana, whale watching in Saman\u00e1 Bay and visit Cayo Levantado plus Safari to El limon Waterfalls during this full-day excursion from Punta Cana hotels. Travel to Saman\u00e1 bay aboard a comfortable, air-conditioned coach, then transfer to a boat Catamaran\u00a0 at Miches. Cruise out into the open waters to look for the pods of humpback whales who visit to breed and have their calves in the area. Learn about the behavior and biology of these marine mammals from your expert naturalist guide. Continue to Cayo Levantado \/ Bacardi Island, for lunch on the beach and a dip in the azure waters after this Safari trip to el Limon Waterfalls with Horses riding by the coconut forest before returning to Punta Cana.<\/p>\n<p>&nbsp;<\/p>\n<p><strong>Anmerkung:<\/strong>\u00a0This tour is not Private. This tour has included the stop at\u00a0<strong>Limon Waterfall<\/strong>. To book the same trip and not going to the waterfalls please\u00a0<a href=\"https:\/\/www.ticketswhales.com\/Tours-Excursions\/tours-excursions-samana-bay-dominican-republic\/whale-watching-2020-in-punta-cana-to-samana-bay-cayo-levantado-bacardi-island-from-hotels\/\" data-mil=\"9912\" target=\"_blank\" rel=\"noopener\">HIER KLICKEN.<\/a><\/p>\n<ul>\n<li>Walbeobachtungstour<\/li>\n<li>Bacardi Island \/ Cayo Levantado<\/li>\n<li>Eintrittsgelder f\u00fcr die Sternwarte<\/li>\n<li>Samana Safari<\/li>\n<li>El Limon Waterfalls Horses Riding<\/li>\n<li>Inklusive Mittagsbuffet am Strand<\/li>\n<li>Bootstransfer<\/li>\n<li>Der Kapit\u00e4n gibt Anweisungen und beaufsichtigt<\/li>\n<li>Reisef\u00fchrer<\/li>\n<\/ul>\n<p>&nbsp;<\/p>\n<h4><b>Einschl\u00fcsse &amp; Ausschl\u00fcsse<\/b><\/h4>\n<p>&nbsp;<\/p>\n<p><b>Einschl\u00fcsse<\/b><\/p>\n<p>&nbsp;<\/p>\n<ol>\n<li>Mittagsbuffet am Strand<\/li>\n<li>Transfer From Hotels<\/li>\n<li>Reisef\u00fchrer<\/li>\n<li>Katamaran oder Bootsfahrt<\/li>\n<li>Alle Steuern, Geb\u00fchren und Bearbeitungskosten<\/li>\n<li>Lokale Steuern<\/li>\n<li>Getr\u00e4nke<\/li>\n<\/ol>\n<p><b>Ausschl\u00fcsse<\/b><\/p>\n<ol>\n<li>Trinkgelder<\/li>\n<\/ol>\n<p>&nbsp;<\/p>\n<h4><em><strong>Abreise und R\u00fcckkehr<\/strong><\/em><\/h4>\n<p>Hotel pick-up is offered for this tour. In Notes Just write the name of hotel for pick you up. We pick up in all Punta Cana Hotels.<\/p>\n<p>&nbsp;<\/p>\n<h3>Samana Whale Watching + Cayo Levantado (Bacardi Island) + Limon Waterfalls from Punta Cana Hotels.<\/h3>\n<h4><b><i>Was ist zu erwarten?<\/i><\/b><\/h4>\n<p>Get up close with the Dominican Republic\u2019s gentle giants of the sea during this 12-hour Humpback whale-watching excursion on S\u00e1mana Bay. Spend an unforgettable day observing the thousands of whales that flock to the island each year to mate, feed and play in its warm tropical waters. As you observe these beautiful creatures you\u2019ll enjoy unique insights from your expert whale-watching guide. Finish the day with an included lunch and beach time on beautiful Cayo Levantado Island. Round-trip hotel transport is also included.<\/p>\n<p>From 9:00 Am until 12:00-noon Whale watching observatory and After this Whale trip we will visit Bacardi Island \/ Cayo Levantado. In Bacardi Island, Lunch Buffet from typical Dominican Style will be provided (Rice, Beans, Fish, Salads\u2026). When lunch is finished you are allowed to swim and get ready to go to El limon waterfalls until 4:30 pm. Tour will be finished at 5:00 pm at the same port from where it will start onboad our Catamaran and them bus back to Punta Cana Hotels.<\/p>\n<p><strong>Zeitplan:<\/strong><\/p>\n<p>6:00 \u2013 7:00\u00a0Pick up of the customers from the different hotels<br \/>\n07:00 Departure to Las Canitas in Sabana de la mar<br \/>\n08:15 Arrival at the private dock<br \/>\n08:15 \u2013 8:40 Breakfast Time (sandwiches, muffins, tea, coffee, juices)<br \/>\n8:45 Boarding to start our journey to the sanctuary of the humpback whales in Samana<br \/>\n11:00 Search for the whales for a 45-minute period- This is the Timing follow by The government rules.<br \/>\n11:45 Head to Cayo Levantado in the Samana Bay<br \/>\n12:30 Arrival in Cayo Levantado<br \/>\n13:00 Lunch time\u00a0(lunch buffet, typical Dominican)*<br \/>\n13:45 \u2013 15:30\u00a0Spare time in Cayo Levantado<br \/>\n15:00 \u2013 15:45 On board again direction back to Miches<br \/>\n17:00 Arrival in Miches and departure to the hotels\u00a0in Punta Cana<br \/>\n19:30 \u2013 20:00 Arrival at hotels in Punta Cana<\/p>\n<p><strong>*Lunch Menu (typical Dominican)<br \/>\n<\/strong>Rice, grilled chicken or grilled fish, salad, vegetables, fresh fruit.<\/p>\n<p><strong>*Customers who choose to add the stop at the waterfall El Limon after the whale watching will move to the waterfall ad will have less time to spend in Cayo Levantado.<\/strong><\/p>\n<p>This tour has included the stop at\u00a0<strong>Limon Waterfall<\/strong>. To book the same trip and not going to the waterfalls please\u00a0<a href=\"https:\/\/www.ticketswhales.com\/Tours-Excursions\/tours-excursions-samana-bay-dominican-republic\/whale-watching-2020-in-punta-cana-to-samana-bay-cayo-levantado-bacardi-island-from-hotels\/\" data-mil=\"9912\" target=\"_blank\" rel=\"noopener\">HIER KLICKEN.<\/a><\/p>\n<p>&nbsp;<\/p>\n<h4><em><strong>Was sollten Sie mitbringen?<\/strong><\/em><\/h4>\n<ul>\n<li>Kamera<\/li>\n<li>Absto\u00dfende Knospen<\/li>\n<li>Sonnencreme<\/li>\n<li>Hut<\/li>\n<li>Bequeme Hosen<\/li>\n<li>Sandalen f\u00fcr den Strand<\/li>\n<li>Schwimmbekleidung<\/li>\n<li>Cash for souvenirs and tips<\/li>\n<\/ul>\n<p>&nbsp;<\/p>\n<h4><b><i>Abholung Hotel<\/i><\/b><\/h4>\n<p>Hotel pick-up is offered for this tour. In Notes Just write the name of hotel for pick you up. We pick up in all Punta Cana Hotels.<\/p>\n<p>&nbsp;<\/p>\n<p><b>Anmerkung:<\/b>\u00a0Wenn Ihre Buchung innerhalb von 24 Stunden vor der Abfahrtszeit der Tour\/des Ausflugs erfolgt, k\u00f6nnen wir eine Abholung vom Hotel arrangieren. Sobald Ihr Kauf abgeschlossen ist, senden wir Ihnen die vollst\u00e4ndigen Kontaktinformationen (Telefonnummer, E-Mail-Adresse usw.) f\u00fcr unseren \u00f6rtlichen Reiseleiter, um die Abholung zu organisieren.<\/p>\n<h4><b><i>Zus\u00e4tzliche Informationen Best\u00e4tigung<\/i><\/b><\/h4>\n<ol>\n<li>Die Tickets sind die Quittung nach der Bezahlung dieser Tour. Sie k\u00f6nnen die Zahlung auf Ihrem Telefon zeigen.<\/li>\n<li>Der Treffpunkt wird nach der Reservierung mitgeteilt.<\/li>\n<li>Kinder m\u00fcssen von einem Erwachsenen begleitet werden.<\/li>\n<li>rollstuhlgerecht<\/li>\n<li>Kleinkinder m\u00fcssen auf dem Scho\u00df sitzen<\/li>\n<li>Die meisten Reisenden k\u00f6nnen teilnehmen<\/li>\n<\/ol>\n<h4><b><i>Stornierungspolitik<\/i><\/b><\/h4>\n<p>For a full refund, cancel at least\u00a0 7 Days\u00a0 in advance of the start date of the experience.<a href=\"https:\/\/www.ticketswhales.com\/online-booking\/\" target=\"_blank\" rel=\"noopener\"> Klicken Sie hier<\/a> to see policies.<\/p>\n<\/div>\n<\/div>\n<\/div>\n<\/div>\n<\/div>\n<\/div>\n<\/div>\n<\/div>\n<\/div>\n<\/div>\n<\/div>\n<\/div>\n<div class=\"vc_row wpb_row vc_row-fluid\">\n<div class=\"wpb_column vc_column_container vc_col-sm-12\">\n<div class=\"vc_column-inner\">\n<div class=\"wpb_wrapper\">\n<div class=\"vc_empty_space\"><\/div>\n<div class=\"wpb_text_column wpb_content_element\">\n<div class=\"wpb_wrapper\">\n<h4>Kontaktieren Sie uns?<\/h4>\n<h5><b><i>WALE SAMANA TOUR<\/i><\/b><\/h5>\n<p><em><strong>Einheimische<\/strong>\u00a0und\u00a0<strong>Nationals<\/strong>\u00a0Reiseleiter &amp; G\u00e4steservice<\/em><\/p>\n<p><span class=\"text-turquoise\">Reservierungen:<\/span>\u00a0\u00a0Tours y Excursiones en Dom.\u00a0Reps.<\/p>\n<p>\ud83d\udcde\u00a0Tel \/ Whatsapp\u00a0\u00a0\u00a0<a href=\"tel:+1-809-720-6035\">+ 1-809-720-6035<\/a>\u00a0.<\/p>\n<p>\ud83d\udce9\u00a0<a href=\"mailto:info@bookingadventures.com.do\">info@bookingadventures.com.do<\/a><\/p>\n<p><strong>Wir sind private Touren der flexiblen Konfiguration durch Whatsapp:\u00a0\u00a0<a href=\"tel:+18097206035\">+18097206035.<\/a><\/strong><\/p>\n<\/div>\n<\/div>\n<\/div>\n<\/div>\n<\/div>\n<\/div>\n\n\t\t<\/div>\n\t<\/div>\n<\/div><\/div><\/div><div class=\"vc_row wpb_row vc_row-fluid\" ><div class=\"wpb_column vc_column_container vc_col-sm-12\"><div class=\"vc_column-inner\"><div class=\"wpb_wrapper\"><div class=\"vc_btn3-container vc_btn3-inline\" ><button class=\"vc_general vc_btn3 vc_btn3-size-md vc_btn3-shape-rounded vc_btn3-style-modern vc_btn3-color-green\">JETZT BUCHEN<\/button><\/div><\/div><\/div><\/div><\/div>","protected":false},"excerpt":{"rendered":"<p>From the Punta Cana hotels, we&#8217;ll enjoy the beautiful landscapes of the Oriental Mountain Range as we drive north of Punta Cana before arriving in the small fishing village of Miches at the southern shores of Samana Bay. There you will enjoy a quick breakfast prior to boarding the boat to Samana. We&#8217;ll cruise deep into the bay to whale watch. We will first reach Cayo Levantado, also known as Bacardi Island because of its close resemblance to the beaches Bacardi Rum once used for its famous commercials. Cayo Levantado is nothing short of a tropical oasis &#8211; a small island in the middle of the ocean with turquoise waters and white sands. After This a Safari in Samana Comunity to the waterfalls. In the Waterfalls, el Limon gets ready for horse riding or Hiking. This is a Unique Complete adventure.<\/p>\n<p><span style=\"vertical-align: inherit;\"><span style=\"vertical-align: inherit;\">Este tour ha incluido la parada en la <\/span><\/span><strong><span style=\"vertical-align: inherit;\"><span style=\"vertical-align: inherit;\">Cascada de Lim\u00f3n<\/span><\/span><\/strong><span style=\"vertical-align: inherit;\"><span style=\"vertical-align: inherit;\"> . <\/span><span style=\"vertical-align: inherit;\">Para reservar el mismo viaje y no ir a las cascadas por favor <\/span><\/span><a href=\"https:\/\/www.ticketswhales.com\/Tours-Excursions\/tours-excursions-samana-bay-dominican-republic\/whale-watching-2020-in-punta-cana-to-samana-bay-cayo-levantado-bacardi-island-from-hotels\/\"><span style=\"vertical-align: inherit;\"><span style=\"vertical-align: inherit;\">HAGA CLIC AQU\u00cd.<\/span><\/span><\/a><\/p>\n<p>&nbsp;<\/p>\n<p><em><strong><span style=\"vertical-align: inherit;\"><span style=\"vertical-align: inherit;\">W\u00e4hlen Sie das Datum des Ausflugs:<\/span><\/span><\/strong><\/em><\/p>","protected":false},"featured_media":11182,"template":"","meta":[],"product_brand":[],"product_cat":[576,571,567,590,120,569,570,597,499],"product_tag":[390,137,162,364,260,283,345,420,201,141,391,228,147,392,357,271,421,393,234,280,394,236,395],"class_list":{"0":"post-11674","1":"product","2":"type-product","3":"status-publish","4":"has-post-thumbnail","6":"product_cat-1-punta-cana","7":"product_cat-1-samana","8":"product_cat-el-limon-horseback-riding","9":"product_cat-el-limon-punta-cana","10":"product_cat-fees-entrace","11":"product_cat-punta-cana-group-tours","12":"product_cat-punta-cana-samana-day-trips","13":"product_cat-punta-cana-whale-watching","14":"product_cat-whale-watching-punta-cana","15":"product_tag-390","16":"product_tag-bacardi-island","17":"product_tag-cayo-levantado-day-pass","18":"product_tag-cheap-punta-cana-excursions","19":"product_tag-day-trip-punta-cana","20":"product_tag-el-limon-waterfall-and-bacardi-island-tour-from-punta-cana","21":"product_tag-half-day-whale-watching-miches","22":"product_tag-limon-from-punta-cana","23":"product_tag-private-tours-samana","24":"product_tag-punta-cana","25":"product_tag-punta-cana-activities","26":"product_tag-punta-cana-tours","27":"product_tag-samana-bay","28":"product_tag-samana-day-trip","29":"product_tag-samana-day-trip-from-punta-cana","30":"product_tag-samana-whale-watching","31":"product_tag-waterfalls-punta-cana","32":"product_tag-whale-punta-cana","33":"product_tag-whale-samana","34":"product_tag-whale-watching-2020","35":"product_tag-whale-watching-2020-in-punta-cana-to-samana-bay-cayo-levantado-bacardi-island-from-hotels","36":"product_tag-whale-watching-dominican-republic","37":"product_tag-whale-watching-punta-cana","39":"first","40":"instock","41":"sale","42":"shipping-taxable","43":"product-type-external"},"_links":{"self":[{"href":"https:\/\/visitaloshaitises.com\/de\/wp-json\/wp\/v2\/product\/11674","targetHints":{"allow":["GET"]}}],"collection":[{"href":"https:\/\/visitaloshaitises.com\/de\/wp-json\/wp\/v2\/product"}],"about":[{"href":"https:\/\/visitaloshaitises.com\/de\/wp-json\/wp\/v2\/types\/product"}],"wp:featuredmedia":[{"embeddable":true,"href":"https:\/\/visitaloshaitises.com\/de\/wp-json\/wp\/v2\/media\/11182"}],"wp:attachment":[{"href":"https:\/\/visitaloshaitises.com\/de\/wp-json\/wp\/v2\/media?parent=11674"}],"wp:term":[{"taxonomy":"product_brand","embeddable":true,"href":"https:\/\/visitaloshaitises.com\/de\/wp-json\/wp\/v2\/product_brand?post=11674"},{"taxonomy":"product_cat","embeddable":true,"href":"https:\/\/visitaloshaitises.com\/de\/wp-json\/wp\/v2\/product_cat?post=11674"},{"taxonomy":"product_tag","embeddable":true,"href":"https:\/\/visitaloshaitises.com\/de\/wp-json\/wp\/v2\/product_tag?post=11674"}],"curies":[{"name":"wp","href":"https:\/\/api.w.org\/{rel}","templated":true}]}}