{"id":11668,"date":"2023-10-04T07:40:09","date_gmt":"2023-10-04T07:40:09","guid":{"rendered":"https:\/\/haitises.com\/?post_type=product&#038;p=11668"},"modified":"2024-03-29T19:29:50","modified_gmt":"2024-03-29T19:29:50","slug":"catalina-island-altos-de-chavon-from-punta-cana-snorkeling-with-catamaran-party","status":"publish","type":"product","link":"https:\/\/visitaloshaitises.com\/de\/privat\/catalina-island-altos-de-chavon-von-punta-cana-schnorcheln-mit-katamaran-party\/","title":{"rendered":"Catalina Island &#038; Altos de Chavon From Punta Cana (Snorkeling with Catamaran Party)"},"content":{"rendered":"<div class=\"vc_row wpb_row vc_row-fluid\" ><div class=\"wpb_column vc_column_container vc_col-sm-12\"><div class=\"vc_column-inner\"><div class=\"wpb_wrapper\">[mkdf_section_title title_tag=\u00bb\u00bb disable_break_words=\u00bbno\u00bb subtitle_tag=\u00bb\u00bb title=\u00bbCatalina Island and Snorkeling with Catamaran Party From Punta Cana\u00bb subtitle=\u00bbHalf Day Experience\u00bb]<div class=\"vc_btn3-container vc_btn3-inline\" ><button class=\"vc_general vc_btn3 vc_btn3-size-md vc_btn3-shape-rounded vc_btn3-style-modern vc_btn3-color-green\">JETZT BUCHEN<\/button><\/div><\/div><\/div><\/div><\/div><div class=\"vc_row wpb_row vc_row-fluid\" ><div class=\"wpb_column vc_column_container vc_col-sm-12\"><div class=\"vc_column-inner\"><div class=\"wpb_wrapper\">\n\t<div class=\"wpb_text_column wpb_content_element\" >\n\t\t<div class=\"wpb_wrapper\">\n\t\t\t<div class=\"vc_row wpb_row vc_row-fluid\">\n<div class=\"wpb_column vc_column_container vc_col-sm-12\">\n<div class=\"vc_column-inner\">\n<div class=\"wpb_wrapper\">\n<div class=\"wpb_text_column wpb_content_element\">\n<div class=\"wpb_wrapper\">\n<div class=\"vc_row wpb_row vc_row-fluid\">\n<div class=\"wpb_column vc_column_container vc_col-sm-12\">\n<div class=\"vc_column-inner\">\n<div class=\"wpb_wrapper\">\n<div class=\"wpb_text_column wpb_content_element\">\n<div class=\"wpb_wrapper\">\n<h4><b><i>\u00dcbersicht<\/i><\/b><\/h4>\n<p>Wir genie\u00dfen eine Katamaran-Tour durch kristallklares Wasser zur Insel Catalina, dem bekanntesten Schnorchelgebiet der Dominikanischen Republik.<\/p>\n<p>Ihr Tag beginnt mit der Abholung in der Hauptlobby Ihres Hotels oder am angegebenen Treffpunkt. Dann fahren wir weiter nach Catalina Island, um ein erfrischendes Bad und ein paar Getr\u00e4nke zu genie\u00dfen, w\u00e4hrend wir mit einem Lehrer zwei Arten von Schnorcheln machen. Anschlie\u00dfend essen wir ein k\u00f6stliches Mittagsbuffet am Strand und nehmen an einigen Salsa-Kursen teil und Bachata, w\u00e4hrend wir auch einige k\u00f6stliche Getr\u00e4nke zubereiten. Wenn Sie genug vom Faulenzen am Strand haben, schnappen Sie sich eine Schnorchelausr\u00fcstung und bewundern Sie die Unterwasserwelt von Catalina.<\/p>\n<p>Das Meer, so unglaublich klar, und der wei\u00dfe Sand des Strandes warten auf Sie. Entspannen Sie sich auf einer Sonnenliege oder beim Schnorcheln \u2013 alles inklusive. Sie werden es genie\u00dfen, die Tradition unserer Musik und unseres Tanzes zu erleben.<\/p>\n<p>After this we go to Altos de Chavon Cattle and River!<\/p>\n<p><strong>Anmerkung:<\/strong> Diese Tour ist nicht privat. Wenn Sie eine private Tour vereinbaren m\u00f6chten, kontaktieren Sie uns einfach!<\/p>\n<ul>\n<li>\n<div class=\"py-1 inclusions-exclusions-item d-flex\" lang=\"en-x-mtfrom-en\">\n<div class=\"d-inline-block inclusions-exclusions-text\">Privater Transport<\/div>\n<\/div>\n<\/li>\n<li>Nat\u00fcrliches Schwimmbad zur Beobachtung von Seesternen<\/li>\n<li>Schnorcheln<\/li>\n<li>Mittagessen<\/li>\n<li>Boots-Katamaran-Transfer<\/li>\n<li>Der Kapit\u00e4n gibt Anweisungen und beaufsichtigt<\/li>\n<li>Reisef\u00fchrer<\/li>\n<\/ul>\n<p>&nbsp;<\/p>\n<h4><b>Einschl\u00fcsse &amp; Ausschl\u00fcsse<\/b><\/h4>\n<p><b>Einschl\u00fcsse<\/b><\/p>\n<ol>\n<li>Reisef\u00fchrer<\/li>\n<li>Schnorcheln<\/li>\n<li>Mittagessen<\/li>\n<li>Abholung in Hotels<\/li>\n<li>Katamaran oder Bootsfahrt<\/li>\n<li>Alle Steuern, Geb\u00fchren und Bearbeitungskosten<\/li>\n<li>Lokale Steuern<\/li>\n<li>Getr\u00e4nke<\/li>\n<\/ol>\n<p><b>Ausschl\u00fcsse<\/b><\/p>\n<ol>\n<li>Trinkgelder<\/li>\n<li>Fotos<\/li>\n<\/ol>\n<h4><em><strong>Abreise und R\u00fcckkehr<\/strong><\/em><\/h4>\n<p>Der Reisende erh\u00e4lt nach der Reservierung einen Treffpunkt. Die Touren beginnen und enden an unseren Treffpunkten.<\/p>\n<h3>Catalina Island und Schnorcheln mit Katamaran-Party ab Punta Cana \u2013 halbt\u00e4giges Erlebnis.<\/h3>\n<h4><b><i>Was ist zu erwarten?<\/i><\/b><\/h4>\n<p>W\u00e4hrend des Catalina Island-Ausflugs von Punta Cana aus haben G\u00e4ste die M\u00f6glichkeit, in den lebhaften Korallenriffen von Catalina zu schnorcheln, zwischen lebhaften Fischschw\u00e4rmen zu schwimmen und die atemberaubende karibische Unterwasserfauna zu genie\u00dfen.<\/p>\n<p>Wir beginnen den Schnorchelausflug am Morgen in Richtung La Romana. W\u00e4hrend der Fahrt fahren wir durch die Zuckerrohrfelder, w\u00e4hrend Ihr Reisef\u00fchrer interessante Informationen \u00fcber die Geschichte der Region, die allgemeine Kultur und die Rumherstellungstechniken des Landes liefert. Nach der Ankunft in La Romana besteigen wir unseren Katamaran und fahren Richtung Catalina. Unser erster Halt auf der Insel ist \u201eThe Wall\u201c, eine majest\u00e4tische Korallenwand, die sich von der Insel bis zum Karibischen Meer erstreckt.<\/p>\n<p>Nach dem Schnorcheln setzen Sie den Weg zum wundersch\u00f6nen Strand von Catalina fort, einem exklusiven Ort. Bei der Ankunft haben die G\u00e4ste Zugang zu 2 Kilometern wei\u00dfen Sandstr\u00e4nden und kristallklarem Wasser, einer Strandbar mit Getr\u00e4nken und einem k\u00f6stlichen dominikanischen Mittagsbuffet mit Grill. Wir gehen gegen 15:30 Uhr an Bord des Katamarans und kehren nach einem unglaublichen Tag voller Schnorcheln und Entspannung auf Catalina Island nach Punta Cana zur\u00fcck. InselW\u00e4hrend des Catalina Island-Ausflugs von Punta Cana aus haben G\u00e4ste die M\u00f6glichkeit, in den lebhaften Korallenriffen von Catalina zu schnorcheln, zwischen lebhaften Fischschw\u00e4rmen zu schwimmen und die atemberaubende karibische Unterwasserfauna zu genie\u00dfen.<\/p>\n<p>Wir beginnen den Schnorchelausflug am Morgen in Richtung La Romana. W\u00e4hrend der Fahrt fahren wir durch die Zuckerrohrfelder, w\u00e4hrend Ihr Reisef\u00fchrer interessante Informationen \u00fcber die Geschichte der Region, die allgemeine Kultur und die Rumherstellungstechniken des Landes liefert. Nach der Ankunft in La Romana besteigen wir unseren Katamaran und fahren Richtung Catalina.<\/p>\n<p>Unser erster Halt auf der Insel ist \u201eThe Wall\u201c, eine majest\u00e4tische Korallenwand, die sich von der Insel bis zum Karibischen Meer erstreckt. Nach dem Schnorcheln setzen Sie den Weg zum wundersch\u00f6nen Strand von Catalina fort, einem exklusiven Ort. Bei der Ankunft haben die G\u00e4ste Zugang zu 2 Kilometern wei\u00dfen Sandstr\u00e4nden und kristallklarem Wasser, einer Strandbar mit Getr\u00e4nken und einem k\u00f6stlichen dominikanischen Mittagsbuffet mit Grill. Wir gehen gegen 15:30 Uhr an Bord des Katamarans und kehren nach einem unglaublichen Tag voller Schnorcheln und Entspannung auf Catalina Island nach Punta Cana zur\u00fcck.<\/p>\n<div class=\"a-text--first-content _for-copy-large l-hide-for-large\">\n<p>Let the<strong>\u00a0Caribbean paradise of Catalina Island captivate you\u00a0<\/strong>and explore the picturesque\u00a0<strong>Altos de Chav\u00f3n<\/strong>\u00a0on this unmissable day trip from La Romana.<\/p>\n<\/div>\n<div id=\"o-slider--activity-detail__container\" class=\"o-slider js-module-slider is-photos\"><\/div>\n<div id=\"l-768-calendar-anchor\"><\/div>\n<div id=\"new-fading-text\" class=\"new-fading-text _loaded u-no-before show-hidden-elements\">\n<div class=\"o-activity-description\">\n<h2>Catalina Island &amp; Altos de Chav\u00f3n Day Trip<\/h2>\n<p>Having been picked up from your hotel first thing in the morning, you&#8217;ll set off on your adventure, making your first stop in\u00a0<strong>Altos de Chav\u00f3n<\/strong>. You&#8217;ll have 40 minutes to explore this<strong>\u00a0beautiful recreation of a Mediterranean-style village<\/strong>\u00a0and admire the views of the\u00a0Chav\u00f3n River that flows next to it. Truly enchanting!<\/p>\n<p class=\"new-fading-text__hidden-element\">Continuing your tour, you&#8217;ll be taken to a dock on the\u00a0<strong>River Salado\u00a0<\/strong>where your\u00a0<strong>Katamaran\u00a0<\/strong>will be waiting for you to set sail to Isla Catalina. During your cruise, which will take around 40 minutes, you&#8217;ll enjoy a drink on board while marvelling at the\u00a0<strong>piercing blue of the sparkling Caribbean Sea<\/strong>.<\/p>\n<p class=\"new-fading-text__hidden-element\">On the approach to your destination, you&#8217;ll head directly to the coral reef known as La Pared, or The Wall, where you&#8217;ll have the opportunity to\u00a0<strong>cool off with a refreshing dip in the sea and snorkel amongst the incredible marine life<\/strong>. Spend 40 minutes exploring underwater, before returning to the catamaran and dropping anchor at the dock on Catalina Island.<\/p>\n<p class=\"new-fading-text__hidden-element\">With your feet on dry land, you&#8217;ll be taken to a small restaurant with stunning sea views, where you&#8217;ll be treated to a\u00a0<strong>delicious buffet lunch<\/strong>. With renewed energy, you&#8217;ll then have three hours of free time to make the most of the\u00a0<strong>paradise white sand beaches<\/strong>. Whether you prefer to relax and sunbathe or try a fun activity like paddle surfing, you&#8217;ll enjoy an unforgettable afternoon.<\/p>\n<p class=\"new-fading-text__hidden-element\">At the end of the day, you&#8217;ll return to the catamaran to sail back to La Romana, where you&#8217;ll be dropped off at your hotel.<\/p>\n<\/div>\n<\/div>\n<p>&nbsp;<\/p>\n<p><strong>Zeitplan:<\/strong><\/p>\n<p>7:00 \u2013 16:30 Uhr<\/p>\n<p>&nbsp;<\/p>\n<\/div>\n<p>Die Zeit kann sich je nach Abfahrtszeit vom Hotel \u00e4ndern.<\/p>\n<div class=\"wpb_wrapper\">\n<p>&nbsp;<\/p>\n<h4><em><strong>Was sollten Sie mitbringen?<\/strong><\/em><\/h4>\n<ul>\n<li>Kamera<\/li>\n<li>Absto\u00dfende Knospen<\/li>\n<li>Sonnencreme<\/li>\n<li>Hut<\/li>\n<li>Bequeme Hosen<\/li>\n<li>Schwimmbekleidung<\/li>\n<li>Bargeld f\u00fcr Souvenirs<\/li>\n<\/ul>\n<p>&nbsp;<\/p>\n<h4><b><i>Abholung Hotel<\/i><\/b><\/h4>\n<p>Hotel pick-up is offered for this tour. We Can Set it Via- Whatsapp. From La Romana, Punta Cana, Bavaro and Bayahibe Hotels.<\/p>\n<p>&nbsp;<\/p>\n<p><b>Anmerkung:<\/b> if you are booking within 24 hours of the tour\/Excursion departure time, we can arrangements hotel pick-up . Once your purchase is complete, we will send you complete contact information (phone number, email address, etc.) for our local Tour guide to organize pick-up arrangements.<\/p>\n<h4><b><i>Zus\u00e4tzliche Informationen Best\u00e4tigung<\/i><\/b><\/h4>\n<ol>\n<li>Die Tickets sind die Quittung nach der Bezahlung dieser Tour. Sie k\u00f6nnen die Zahlung auf Ihrem Telefon zeigen.<\/li>\n<li>Der Treffpunkt wird nach der Reservierung mitgeteilt.<\/li>\n<li>Kinder m\u00fcssen von einem Erwachsenen begleitet werden.<\/li>\n<li>rollstuhlgerecht<\/li>\n<li>Kleinkinder m\u00fcssen auf dem Scho\u00df sitzen<\/li>\n<li>Die meisten Reisenden k\u00f6nnen teilnehmen<\/li>\n<\/ol>\n<h4><b><i>Stornierungspolitik<\/i><\/b><\/h4>\n<p>F\u00fcr eine vollst\u00e4ndige R\u00fcckerstattung, lesen Sie bitte unsere Stornierungsbedingungen\u00a0<a href=\"https:\/\/www.ticketswhales.com\/online-booking\/\" target=\"_blank\" rel=\"noopener\" data-saferedirecturl=\"https:\/\/www.google.com\/url?q=https:\/\/www.ticketswhales.com\/online-booking\/&amp;source=gmail&amp;ust=1672532492004000&amp;usg=AOvVaw3ylqI1cdbIPTimEqEWneyd\">Klicken Sie hier<\/a>. Die Gelder gehen verloren, wenn die Reservierung am selben Tag der Reise storniert wird.<\/p>\n<\/div>\n<\/div>\n<\/div>\n<\/div>\n<\/div>\n<\/div>\n<\/div>\n<\/div>\n<\/div>\n<\/div>\n<\/div>\n<\/div>\n<div class=\"vc_row wpb_row vc_row-fluid\">\n<div class=\"wpb_column vc_column_container vc_col-sm-12\">\n<div class=\"vc_column-inner\">\n<div class=\"wpb_wrapper\">\n<div class=\"vc_empty_space\"><\/div>\n<div class=\"wpb_text_column wpb_content_element\">\n<div class=\"wpb_wrapper\">\n<h4>Kontaktieren Sie uns?<\/h4>\n<h5><b><i>Abenteuer buchen<\/i><\/b><\/h5>\n<p><em><strong>Einheimische<\/strong>\u00a0und\u00a0<strong>Nationals<\/strong>\u00a0Reiseleiter &amp; G\u00e4steservice<\/em><\/p>\n<p><span class=\"text-turquoise\">Reservierungen:<\/span>\u00a0Touren &amp; Ausfl\u00fcge in Dom. Rep.<\/p>\n<p><img decoding=\"async\" class=\"emoji\" src=\"https:\/\/s.w.org\/images\/core\/emoji\/11.2.0\/svg\/1f4de.svg\" alt=\"\ud83d\udcde\" \/>\u00a0Telefon \/ Whatsapp\u00a0\u00a0<a href=\"tel:+1-809-720-6035\">+1-809-720-6035<\/a>.<\/p>\n<p><img decoding=\"async\" class=\"emoji\" src=\"https:\/\/s.w.org\/images\/core\/emoji\/11.2.0\/svg\/1f4e9.svg\" alt=\"\ud83d\udce9\" \/>\u00a0<a href=\"mailto:info@bookingadventures.com.do\">info@bookingadventures.com.do<\/a><\/p>\n<p><strong>Wir sind flexibel und stellen private Touren per Whatsapp ein:\u00a0<a href=\"tel:+18097206035\">+18097206035.<\/a><\/strong><\/p>\n<\/div>\n<\/div>\n<\/div>\n<\/div>\n<\/div>\n<\/div>\n\n\t\t<\/div>\n\t<\/div>\n<div class=\"vc_btn3-container vc_btn3-inline\" ><button class=\"vc_general vc_btn3 vc_btn3-size-md vc_btn3-shape-rounded vc_btn3-style-modern vc_btn3-color-green\">JETZT BUCHEN<\/button><\/div><\/div><\/div><\/div><\/div><div class=\"vc_row wpb_row vc_row-fluid\" ><div class=\"wpb_column vc_column_container vc_col-sm-12\"><div class=\"vc_column-inner\"><div class=\"wpb_wrapper\"><\/div><\/div><\/div><\/div>","protected":false},"excerpt":{"rendered":"<p>Die winzige Insel Catalina (Isla Catalina), nur 2,4 Kilometer vom Festland der Dominikanischen Republik entfernt, ist ein idyllischer Sandfleck im t\u00fcrkisfarbenen Wasser der Karibik. Catalina ist f\u00fcr seine gut besiedelten Korallenriffe bekannt und ein friedlicher R\u00fcckzugsort f\u00fcr alle, die dem gesch\u00e4ftigen Treiben in Punta Cana und La Romana entfliehen m\u00f6chten.<\/p>\n<p>Book a day trip with us. Catalina Island in a Party Catamaran with Snorkeling!<\/p>\n<p>&nbsp;<\/p>\n<p>Bitte w\u00e4hlen Sie das Datum f\u00fcr die Exkursion:<\/p>","protected":false},"featured_media":482,"template":"","meta":[],"product_brand":[],"product_cat":[576,373,135,569,592,305,122,124],"product_tag":[593,594,595,374,596,364,260,362,375],"class_list":{"0":"post-11668","1":"product","2":"type-product","3":"status-publish","4":"has-post-thumbnail","6":"product_cat-1-punta-cana","7":"product_cat-catalina-island-catamaran-and-snorkeling","8":"product_cat-lunch","9":"product_cat-punta-cana-group-tours","10":"product_cat-punta-cana-catalina-island","11":"product_cat-tours-and-excursion-punta-cana","12":"product_cat-tours-and-excursions","13":"product_cat-tours-excursions-samana-bay-dominican-republic","14":"product_tag-catalina-island","15":"product_tag-catalina-island-dominican-republic-snorkeling","16":"product_tag-catalina-island-packages","17":"product_tag-catalina-island-snorkeling-dominican-republic","18":"product_tag-catalina-island-tour","19":"product_tag-cheap-punta-cana-excursions","20":"product_tag-day-trip-punta-cana","21":"product_tag-punta-cana-catamaran-party-with-snorkeling-and-parasailing","22":"product_tag-talina-island-snorkeling","24":"first","25":"instock","26":"sale","27":"sold-individually","28":"shipping-taxable","29":"product-type-external"},"_links":{"self":[{"href":"https:\/\/visitaloshaitises.com\/de\/wp-json\/wp\/v2\/product\/11668","targetHints":{"allow":["GET"]}}],"collection":[{"href":"https:\/\/visitaloshaitises.com\/de\/wp-json\/wp\/v2\/product"}],"about":[{"href":"https:\/\/visitaloshaitises.com\/de\/wp-json\/wp\/v2\/types\/product"}],"wp:featuredmedia":[{"embeddable":true,"href":"https:\/\/visitaloshaitises.com\/de\/wp-json\/wp\/v2\/media\/482"}],"wp:attachment":[{"href":"https:\/\/visitaloshaitises.com\/de\/wp-json\/wp\/v2\/media?parent=11668"}],"wp:term":[{"taxonomy":"product_brand","embeddable":true,"href":"https:\/\/visitaloshaitises.com\/de\/wp-json\/wp\/v2\/product_brand?post=11668"},{"taxonomy":"product_cat","embeddable":true,"href":"https:\/\/visitaloshaitises.com\/de\/wp-json\/wp\/v2\/product_cat?post=11668"},{"taxonomy":"product_tag","embeddable":true,"href":"https:\/\/visitaloshaitises.com\/de\/wp-json\/wp\/v2\/product_tag?post=11668"}],"curies":[{"name":"wp","href":"https:\/\/api.w.org\/{rel}","templated":true}]}}