{"id":11578,"date":"2022-06-25T07:39:46","date_gmt":"2022-06-25T07:39:46","guid":{"rendered":"https:\/\/haitises.com\/?post_type=product&#038;p=11578"},"modified":"2024-04-02T17:58:59","modified_gmt":"2024-04-02T17:58:59","slug":"los-haitises-y-cayo-levantado","status":"publish","type":"product","link":"https:\/\/visitaloshaitises.com\/de\/private\/die-haitianer-und-cayo-levantado\/","title":{"rendered":"Los Haitises und Cayo Levantado"},"content":{"rendered":"<div class=\"vc_row wpb_row vc_row-fluid\" ><div class=\"wpb_column vc_column_container vc_col-sm-12\"><div class=\"vc_column-inner\"><div class=\"wpb_wrapper\"><div class=\"mkdf-section-title-holder\" style=\"text-align: left\">\n\t<div class=\"mkdf-st-inner\">\n\t\t\t\t\t<h5 class=\"mkdf-st-subtitle\" >\n\t\t\t\t\u00d6kotouren mit Einheimischen\t\t\t<\/h5>\n\t\t\t\t\t\t\t<h3 class=\"mkdf-st-title\" >\n\t\t\t\tLos Haitises und Cayo Levantado \t\t\t<\/h3>\n\t\t\t\t\t<\/div>\n<\/div><\/div><\/div><\/div><\/div><div class=\"vc_row wpb_row vc_row-fluid\" ><div class=\"wpb_column vc_column_container vc_col-sm-12\"><div class=\"vc_column-inner\"><div class=\"wpb_wrapper\">\n\t<div class=\"wpb_text_column wpb_content_element\" >\n\t\t<div class=\"wpb_wrapper\">\n\t\t\t<h3>Bootsausflug zum Nationalpark Los Haitises + zur Insel Cayo Levantado<\/h3>\n<h2>Tour zum Nationalpark Los Haitises vom Hafen von Saman\u00e1 + Insel Bacardi (Cayo Levantado)<\/h2>\n<h3>Beschreibung<\/h3>\n<p>Los-Haitises-Nationalpark ab dem Hafen von Saman\u00e1 sowie Mittagessen auf der Insel Bacardi oder Cayo Levantado. Kommen Sie mit uns und besuchen Sie den sch\u00f6nsten Nationalpark der Dominikanischen Republik, besuchen Sie Mangroven, H\u00f6hlen und die Bucht von San Lorenzo und \u00fcberqueren Sie die wundersch\u00f6ne Bucht von Saman\u00e1. Dann kehren Sie in die Gegend von Saman\u00e1 zur\u00fcck, um die Insel Bacardi zu besuchen, am Strand zu Mittag zu essen und an einem der sch\u00f6nsten Str\u00e4nde in der Bucht von Saman\u00e1 zu schwimmen.<\/p>\n<p>Nach diesem Erlebnis kehren Sie zum Hafen von Saman\u00e1 zur\u00fcck.<\/p>\n<ul>\n<li>Steuern inbegriffen<\/li>\n<li>Mittagessen auf der Insel Bacardi inklusive.<\/li>\n<li>Der Guide bietet Anleitung und Betreuung.<\/li>\n<\/ul>\n<h3>Einschl\u00fcsse und Ausschl\u00fcsse<\/h3>\n<h4>Einschl\u00fcsse<\/h4>\n<ol>\n<li>Los Haitises Tour + H\u00f6hlen und Piktogramme<\/li>\n<li>Mittagessen in Cayo Levantado (Bacardi-Insel), wenn Sie eine \u00e4hnliche Tour w\u00fcnschen: Los Haitises + Ca\u00f1o Hondo<\/li>\n<li>Alle Steuern, Geb\u00fchren und Abgaben<\/li>\n<li>Lokale Steuern<\/li>\n<li>Getr\u00e4nke<\/li>\n<li>Alle Aktivit\u00e4ten<\/li>\n<li>Lokaler F\u00fchrer<\/li>\n<\/ol>\n<h4>Ausschl\u00fcsse<\/h4>\n<ol>\n<li>Tipps<\/li>\n<li>\u00dcberweisen<\/li>\n<li>Alkoholische Getr\u00e4nke<\/li>\n<\/ol>\n<h3>Abreise und R\u00fcckkehr<\/h3>\n<p>Der Reisende erh\u00e4lt nach dem Buchungsvorgang einen Treffpunkt. Die Touren beginnen und enden an unseren Treffpunkten.<\/p>\n<p>Ausflug zum Nationalpark Los Haitises vom Hafen von Saman\u00e1 und der Insel Bacardi (Cayo Levantado).<\/p>\n<h3>Was zu erwarten ist?<\/h3>\n<p>Besuchen Sie den Nationalpark Los Haitises mit einem wunderbaren Mittagessen auf der Insel Cayo Levantado und schwimmen Sie am Strand. Vom Hafen von Saman\u00e1 aus fahren wir an Bord eines Bootes oder Katamarans mit einem lokalen Reiseleiter an der Bucht von Saman\u00e1 vorbei in Richtung Sabana de la Mar, um einen der sch\u00f6nsten Nationalparks der Dominikanischen Republik zu besuchen. Haitises-Nationalpark.<\/p>\n<p>El recorrido, organizado por \u00abBooking Adventures\u00bb, comienza en el punto de encuentro establecido con el gu\u00eda tur\u00edstico. Ven con Booking Adventures y comienza a observar algunos manglares llenos de aves, colinas onduladas de exuberante vegetaci\u00f3n y cuevas del Parque Nacional Los Haitises. Visitando la isla con aves alrededor. En la temporada de anidaci\u00f3n, incluso podemos ver los polluelos de Pel\u00edcanos en los nidos. Entrar m\u00e1s en las Islas Rocosas y visitar las cuevas con pictograf\u00edas y petroglifos de los pueblos ind\u00edgenas.<\/p>\n<p>Durch Mangroven und Land in die offene Bucht von San Lorenzo, von wo aus Sie die raue Waldlandschaft fotografieren k\u00f6nnen. Schauen Sie ins Wasser, um Seek\u00fche, Krebstiere und Delfine zu beobachten.<\/p>\n<p>El nombre del parque nacional proviene de sus habitantes originales, los indios ta\u00ednos. En su idioma, \u00abHaitises\u00bb se traduce como tierras altas o colinas, una referencia a las empinadas formaciones geol\u00f3gicas de la costa con calizas. Avent\u00farate en el parque para explorar cuevas como la Cueva de la Arena y la Cueva de la L\u00ednea.<\/p>\n<p>Die H\u00f6hlen im Reservat dienten den Ta\u00edno-Indianern als Zufluchtsort und sp\u00e4ter als Versteck f\u00fcr Piraten. Halten Sie Ausschau nach Zeichnungen von Indianern, die einige W\u00e4nde schm\u00fccken. Nach dem Besuch des Nationalparks Los Haitises kehren wir zum Hafen von Saman\u00e1 zur\u00fcck, passieren 30 Minuten lang die Bucht von Saman\u00e1 und besuchen die Insel Bacardi. Wir werden ein typisches Mittagessen auf der Insel einnehmen. Wenn Sie Veganer sind, machen Sie sich keine Sorgen, wir haben auch Essen f\u00fcr Sie!<\/p>\n<p>Nachdem Sie den ganzen Nachmittag geschwommen und am Strand entspannt haben, wird unser Reiseleiter den Zeitpunkt f\u00fcr die R\u00fcckkehr zum Hafen von Saman\u00e1 festlegen.<\/p>\n<p>Falls Ihnen diese Reise l\u00e4nger oder k\u00fcrzer gef\u00e4llt, haben wir diese Optionen:<\/p>\n<p>Nur Los Haitises aus dem Hafen von Saman\u00e1.<br \/>\nLos Haitises + Ca\u00f1o Hondo vom Hafen von Saman\u00e1.<\/p>\n<h3><em>Was sollten Sie mitbringen?<\/em><\/h3>\n<ul>\n<li>Kamera<\/li>\n<li>Abwehrmittel<\/li>\n<li>Sonnenschutz<\/li>\n<li>Hut<\/li>\n<li>Bequeme Hose<\/li>\n<li>Waldwanderschuhe<\/li>\n<li>Sandalen zu Fr\u00fchlingsbereichen.<\/li>\n<li>Badeanzug<\/li>\n<\/ul>\n<h4><em>Abholung vom Hotel<\/em><\/h4>\n<p>F\u00fcr diese Tour wird keine Abholung vom Hotel angeboten.<\/p>\n<p><strong>Notiz<\/strong>: Wenn Sie innerhalb von 24 Stunden vor der Abfahrtszeit der Tour\/des Ausflugs buchen, k\u00f6nnen wir gegen Aufpreis eine Abholung vom Hotel arrangieren. Sobald Ihr Kauf abgeschlossen ist, senden wir Ihnen die vollst\u00e4ndigen Kontaktinformationen (Telefonnummer, E-Mail-Adresse usw.) f\u00fcr unseren \u00f6rtlichen Reiseleiter, um die Abholung zu vereinbaren.<\/p>\n<h3><em>Best\u00e4tigung zus\u00e4tzlicher Informationen<\/em><\/h3>\n<ul>\n<li>Die Tickets sind die Quittung nach der Bezahlung dieser Tour. Sie k\u00f6nnen die Zahlung auf Ihrem Telefon anzeigen.<\/li>\n<li>Der Treffpunkt wird Ihnen nach der Buchung mitgeteilt.<\/li>\n<li>Kinder m\u00fcssen von einem Erwachsenen begleitet werden.<\/li>\n<li>Nicht rollstuhlgerecht<\/li>\n<li>Kleinkinder sollten in einer Babyschale oder bei einem Erwachsenen sitzen.<\/li>\n<li>F\u00fcr Reisende mit R\u00fcckenproblemen nicht zu empfehlen.<\/li>\n<li>F\u00fcr schwangere Frauen nicht empfohlen.<\/li>\n<li>Keine Herzprobleme oder andere schwerwiegende Erkrankungen.<\/li>\n<li>Die meisten Reisenden k\u00f6nnen teilnehmen.<\/li>\n<\/ul>\n<h3><em>Annullierungspolitik<\/em><\/h3>\n<p>Um eine vollst\u00e4ndige R\u00fcckerstattung zu erhalten, stornieren Sie mindestens 24 Stunden vor Beginn des Erlebnisses. Das Geld geht verloren, wenn die Reservierung am selben Reisetag storniert wird.<\/p>\n\n\t\t<\/div>\n\t<\/div>\n<\/div><\/div><\/div><\/div><div class=\"vc_row wpb_row vc_row-fluid\" ><div class=\"wpb_column vc_column_container vc_col-sm-12\"><div class=\"vc_column-inner\"><div class=\"wpb_wrapper\"><div class=\"vc_empty_space\"   style=\"height: 32px\"><span class=\"vc_empty_space_inner\"><\/span><\/div>\n\t<div class=\"wpb_text_column wpb_content_element\" >\n\t\t<div class=\"wpb_wrapper\">\n\t\t\t<h5>Kontaktiere uns?<br \/>\nAbenteuer Buchungen<\/h5>\n<p><strong><em>Lokale und nationale Reiseleiter und G\u00e4steservice<\/em><\/strong><\/p>\n<p>Reservierungen: F\u00fchrungen und Ausfl\u00fcge im Dom. Reps.<\/p>\n<p>Tel\/WhatsApp +1-809-720-6035.<\/p>\n<p>info@bookingadventures.com.do<\/p>\n<p>Wir machen private Touren mit flexibler Konfiguration \u00fcber WhatsApp: +18097206035.<\/p>\n<h4><strong style=\"color: #595959; font-size: 15px;\"><a href=\"tel:+18097206035\">+18097206035.<\/a><\/strong><\/h4>\n\n\t\t<\/div>\n\t<\/div>\n<div class=\"vc_empty_space\"   style=\"height: 32px\"><span class=\"vc_empty_space_inner\"><\/span><\/div><\/div><\/div><\/div><\/div><div class=\"vc_row wpb_row vc_row-fluid\" ><div class=\"wpb_column vc_column_container vc_col-sm-12\"><div class=\"vc_column-inner\"><div class=\"wpb_wrapper\"><div class=\"woocommerce columns-4\"><ul class=\"products columns-4\">\n<li class=\"product type-product post-40 status-publish first instock product_cat-local-tour-guides product_cat-lunch product_cat-tours-and-excursions product_cat-tours-excursions-los-haitises-national-park product_cat-tours-excursions-samana-bay-dominican-republic product_tag-bacardi-island product_tag-beach-time product_tag-cayo-levantado-day-pass product_tag-cayo-levantado-tour product_tag-locals-guides product_tag-samana product_tag-samana-bay product_tag-samana-excursions product_tag-samana-tours has-post-thumbnail sale featured sold-individually shipping-taxable product-type-external\">\n\t<div class=\"mkdf-pl-inner\"><div class=\"mkdf-pl-image\">\n\t<span class=\"mkdf-onsale\">SALE<\/span>\n\t<img loading=\"lazy\" decoding=\"async\" width=\"300\" height=\"300\" src=\"https:\/\/visitaloshaitises.com\/wp-content\/uploads\/2020\/06\/Samana-Ile-1000x600.jpg-300x300.jpg\" class=\"attachment-woocommerce_thumbnail size-woocommerce_thumbnail\" alt=\"Bacardi Insel (Cayo Levantado) Tageskarte\" srcset=\"https:\/\/visitaloshaitises.com\/wp-content\/uploads\/2020\/06\/Samana-Ile-1000x600.jpg-300x300.jpg 300w, https:\/\/visitaloshaitises.com\/wp-content\/uploads\/2020\/06\/Samana-Ile-1000x600.jpg-100x100.jpg 100w, https:\/\/visitaloshaitises.com\/wp-content\/uploads\/2020\/06\/Samana-Ile-1000x600.jpg-150x150.jpg 150w, https:\/\/visitaloshaitises.com\/wp-content\/uploads\/2020\/06\/Samana-Ile-1000x600.jpg-550x550.jpg 550w\" sizes=\"auto, (max-width: 300px) 100vw, 300px\" \/><div class=\"mkdf-pl-text\"><div class=\"mkdf-pl-text-outer\"><div class=\"mkdf-pl-text-inner\"><a href=\"https:\/\/bookingadventures.tours\/booking.php?slug=Las_Terrenas_Cayo_levantado_Bacardi_Island_Day_trip_Tour\" aria-describedby=\"woocommerce_loop_add_to_cart_link_describedby_40\" data-quantity=\"1\" class=\"button product_type_external\" data-product_id=\"40\" data-product_sku=\"\" aria-label=\"JETZT BUCHEN\" rel=\"nofollow noopener\" target=\"_blank\">JETZT BUCHEN<\/a>\t<span id=\"woocommerce_loop_add_to_cart_link_describedby_40\" class=\"screen-reader-text\">\n\t\t\t<\/span>\n<\/div><\/div><\/div><\/div><a href=\"https:\/\/visitaloshaitises.com\/de\/private\/bacardi-island-cayo-levantado-day-pass\/\" class=\"woocommerce-LoopProduct-link woocommerce-loop-product__link\"><\/a><\/div><div class=\"mkdf-pl-text-wrapper\"><h4 class=\"mkdf-product-list-title\"><a href=\"https:\/\/visitaloshaitises.com\/de\/private\/bacardi-island-cayo-levantado-day-pass\/\">Bacardi Insel (Cayo Levantado) Tageskarte<\/a><\/h4>\n\t<span class=\"price\"><del aria-hidden=\"true\"><span class=\"woocommerce-Price-amount amount\"><bdi><span class=\"woocommerce-Price-currencySymbol\">&#36;<\/span>60.00<\/bdi><\/span><\/del> <span class=\"screen-reader-text\" data-no-translation=\"\" data-trp-gettext=\"\">Urspr\u00fcnglicher Preis war: &#036;60.00<\/span><ins aria-hidden=\"true\"><span class=\"woocommerce-Price-amount amount\"><bdi><span class=\"woocommerce-Price-currencySymbol\">&#36;<\/span>43.50<\/bdi><\/span><\/ins><span class=\"screen-reader-text\" data-no-translation=\"\" data-trp-gettext=\"\">Aktueller Preis ist: &#036;43.50.<\/span><\/span>\n<\/div><\/li><li class=\"product type-product post-47 status-publish instock product_cat-kayaking product_cat-tours-excursions-los-haitises-national-park product_cat-tours-excursions-samana-bay-dominican-republic product_tag-cano-hondo product_tag-cano-hondo-hotel product_tag-day-tour-cano-hondo product_tag-kayak-dominican-republic product_tag-kayaking-dominican-republic product_tag-kayaking-los-haitises product_tag-kayaks product_tag-los-haitises product_tag-los-haitises-national-park product_tag-los-haitises-tours product_tag-private-tours-samana product_tag-sabana-de-la-mar product_tag-samana-bay product_tag-samana-excursions has-post-thumbnail sale sold-individually shipping-taxable product-type-external\">\n\t<div class=\"mkdf-pl-inner\"><div class=\"mkdf-pl-image\">\n\t<span class=\"mkdf-onsale\">SALE<\/span>\n\t<img loading=\"lazy\" decoding=\"async\" width=\"300\" height=\"300\" src=\"https:\/\/visitaloshaitises.com\/wp-content\/uploads\/2020\/06\/Kayaking-Booking-Adventures-scaled-1-300x300.jpg\" class=\"attachment-woocommerce_thumbnail size-woocommerce_thumbnail\" alt=\"Kajakfahren in Los Haitises mit Reiseleiter von Ca\u00f1o Hondo, 4 Stunden\" srcset=\"https:\/\/visitaloshaitises.com\/wp-content\/uploads\/2020\/06\/Kayaking-Booking-Adventures-scaled-1-300x300.jpg 300w, https:\/\/visitaloshaitises.com\/wp-content\/uploads\/2020\/06\/Kayaking-Booking-Adventures-scaled-1-100x100.jpg 100w, https:\/\/visitaloshaitises.com\/wp-content\/uploads\/2020\/06\/Kayaking-Booking-Adventures-scaled-1-150x150.jpg 150w, https:\/\/visitaloshaitises.com\/wp-content\/uploads\/2020\/06\/Kayaking-Booking-Adventures-scaled-1-550x550.jpg 550w, https:\/\/visitaloshaitises.com\/wp-content\/uploads\/2020\/06\/Kayaking-Booking-Adventures-scaled-1-1100x1100.jpg 1100w\" sizes=\"auto, (max-width: 300px) 100vw, 300px\" \/><div class=\"mkdf-pl-text\"><div class=\"mkdf-pl-text-outer\"><div class=\"mkdf-pl-text-inner\"><a href=\"https:\/\/bookingadventures.tours\/booking.php?slug=4_Hours_Kayak_Los_Haitises\" aria-describedby=\"woocommerce_loop_add_to_cart_link_describedby_47\" data-quantity=\"1\" class=\"button product_type_external\" data-product_id=\"47\" data-product_sku=\"\" aria-label=\"JETZT BUCHEN\" rel=\"nofollow noopener\" target=\"_blank\">JETZT BUCHEN<\/a>\t<span id=\"woocommerce_loop_add_to_cart_link_describedby_47\" class=\"screen-reader-text\">\n\t\t\t<\/span>\n<\/div><\/div><\/div><\/div><a href=\"https:\/\/visitaloshaitises.com\/de\/private\/kayaking-in-los-haitises-with-tour-guide-from-cano-hondo-4-hours\/\" class=\"woocommerce-LoopProduct-link woocommerce-loop-product__link\"><\/a><\/div><div class=\"mkdf-pl-text-wrapper\"><h4 class=\"mkdf-product-list-title\"><a href=\"https:\/\/visitaloshaitises.com\/de\/private\/kayaking-in-los-haitises-with-tour-guide-from-cano-hondo-4-hours\/\">Kajakfahren in Los Haitises mit Reiseleiter von Ca\u00f1o Hondo, 4 Stunden<\/a><\/h4>\n\t<span class=\"price\"><del aria-hidden=\"true\"><span class=\"woocommerce-Price-amount amount\"><bdi><span class=\"woocommerce-Price-currencySymbol\">&#36;<\/span>70.00<\/bdi><\/span><\/del> <span class=\"screen-reader-text\" data-no-translation=\"\" data-trp-gettext=\"\">Urspr\u00fcnglicher Preis war: &#036;70.00<\/span><ins aria-hidden=\"true\"><span class=\"woocommerce-Price-amount amount\"><bdi><span class=\"woocommerce-Price-currencySymbol\">&#36;<\/span>53.50<\/bdi><\/span><\/ins><span class=\"screen-reader-text\" data-no-translation=\"\" data-trp-gettext=\"\">Aktueller Preis ist: &#036;53.50.<\/span><\/span>\n<\/div><\/li><li class=\"product type-product post-35 status-publish instock product_cat-caves product_cat-hiking product_cat-kayaking product_cat-local-tour-guides product_cat-lunch product_cat-mangroves product_cat-swimming-natural-springs product_cat-tours-and-excursions product_cat-tours-excursions-los-haitises-national-park product_cat-tours-excursions-samana-bay-dominican-republic product_tag-cano-hondo product_tag-cano-hondo-hotel product_tag-cano-hondo-tours product_tag-day-tour-cano-hondo product_tag-los-haitises product_tag-los-haitises-national-park product_tag-mangroves-los-haitises product_tag-samana-bay product_tag-samana-excursions product_tag-samana-tours has-post-thumbnail sale virtual sold-individually purchasable product-type-simple\">\n\t<div class=\"mkdf-pl-inner\"><div class=\"mkdf-pl-image\">\n\t<span class=\"mkdf-onsale\">SALE<\/span>\n\t<img loading=\"lazy\" decoding=\"async\" width=\"300\" height=\"300\" src=\"https:\/\/visitaloshaitises.com\/wp-content\/uploads\/2020\/06\/cano-hondo-300x300.jpg\" class=\"attachment-woocommerce_thumbnail size-woocommerce_thumbnail\" alt=\"Nationalpark Los Haitises + Mittagessen im Ca\u00f1o Hondo vom Hafen von Saman\u00e1.\" srcset=\"https:\/\/visitaloshaitises.com\/wp-content\/uploads\/2020\/06\/cano-hondo-300x300.jpg 300w, https:\/\/visitaloshaitises.com\/wp-content\/uploads\/2020\/06\/cano-hondo-100x100.jpg 100w, https:\/\/visitaloshaitises.com\/wp-content\/uploads\/2020\/06\/cano-hondo-150x150.jpg 150w, https:\/\/visitaloshaitises.com\/wp-content\/uploads\/2020\/06\/cano-hondo-550x550.jpg 550w\" sizes=\"auto, (max-width: 300px) 100vw, 300px\" \/><div class=\"mkdf-pl-text\"><div class=\"mkdf-pl-text-outer\"><div class=\"mkdf-pl-text-inner\"><a href=\"\/de\/wp-json\/wp\/v2\/product\/11578?add-to-cart=35\" aria-describedby=\"woocommerce_loop_add_to_cart_link_describedby_35\" data-quantity=\"1\" class=\"button product_type_simple add_to_cart_button ajax_add_to_cart\" data-product_id=\"35\" data-product_sku=\"\" aria-label=\"In den Warenkorb legen: \u201eLos Haitises National Park + Lunch at Ca\u00f1o Hondo from Saman\u00e1 Port.\u201c\" rel=\"nofollow\" data-success_message=\"\u201eLos Haitises National Park + Lunch at Ca\u00f1o Hondo from Saman\u00e1 Port.\u201c wurde deinem Warenkorb hinzugef\u00fcgt\" role=\"button\" data-no-translation=\"\" data-trp-gettext=\"\" data-no-translation-aria-label=\"\" data-no-translation-data-success_message=\"\">In den Warenkorb legen<\/a>\t<span id=\"woocommerce_loop_add_to_cart_link_describedby_35\" class=\"screen-reader-text\">\n\t\t\t<\/span>\n<\/div><\/div><\/div><\/div><a href=\"https:\/\/visitaloshaitises.com\/de\/private\/los-haitises-national-park-lunch-at-cano-hondo-from-samana-port\/\" class=\"woocommerce-LoopProduct-link woocommerce-loop-product__link\"><\/a><\/div><div class=\"mkdf-pl-text-wrapper\"><h4 class=\"mkdf-product-list-title\"><a href=\"https:\/\/visitaloshaitises.com\/de\/private\/los-haitises-national-park-lunch-at-cano-hondo-from-samana-port\/\">Nationalpark Los Haitises + Mittagessen im Ca\u00f1o Hondo vom Hafen von Saman\u00e1.<\/a><\/h4>\n\t<span class=\"price\"><del aria-hidden=\"true\"><span class=\"woocommerce-Price-amount amount\"><bdi><span class=\"woocommerce-Price-currencySymbol\">&#36;<\/span>98.00<\/bdi><\/span><\/del> <span class=\"screen-reader-text\" data-no-translation=\"\" data-trp-gettext=\"\">Urspr\u00fcnglicher Preis war: &#036;98.00<\/span><ins aria-hidden=\"true\"><span class=\"woocommerce-Price-amount amount\"><bdi><span class=\"woocommerce-Price-currencySymbol\">&#36;<\/span>87.99<\/bdi><\/span><\/ins><span class=\"screen-reader-text\" data-no-translation=\"\" data-trp-gettext=\"\">Aktueller Preis ist: &#036;87.99.<\/span><\/span>\n<\/div><\/li><li class=\"product type-product post-44 status-publish last instock product_cat-caves product_cat-fees-entrace product_cat-local-tour-guides product_cat-mangroves product_tag-los-haitises product_tag-los-haitises-national-park product_tag-samana product_tag-samana-bay product_tag-samana-excursions product_tag-samana-tours has-post-thumbnail sale sold-individually shipping-taxable product-type-external\">\n\t<div class=\"mkdf-pl-inner\"><div class=\"mkdf-pl-image\">\n\t<span class=\"mkdf-onsale\">SALE<\/span>\n\t<img loading=\"lazy\" decoding=\"async\" width=\"300\" height=\"300\" src=\"https:\/\/visitaloshaitises.com\/wp-content\/uploads\/2020\/06\/BeFunky-collage-300x300.jpg\" class=\"attachment-woocommerce_thumbnail size-woocommerce_thumbnail\" alt=\"Tour zum Nationalpark Los Haitises vom Hafen von Saman\u00e1 aus\" srcset=\"https:\/\/visitaloshaitises.com\/wp-content\/uploads\/2020\/06\/BeFunky-collage-300x300.jpg 300w, https:\/\/visitaloshaitises.com\/wp-content\/uploads\/2020\/06\/BeFunky-collage-100x100.jpg 100w, https:\/\/visitaloshaitises.com\/wp-content\/uploads\/2020\/06\/BeFunky-collage-600x600.jpg 600w, https:\/\/visitaloshaitises.com\/wp-content\/uploads\/2020\/06\/BeFunky-collage-64x64.jpg 64w, https:\/\/visitaloshaitises.com\/wp-content\/uploads\/2020\/06\/BeFunky-collage-1024x1024.jpg 1024w, https:\/\/visitaloshaitises.com\/wp-content\/uploads\/2020\/06\/BeFunky-collage-150x150.jpg 150w, https:\/\/visitaloshaitises.com\/wp-content\/uploads\/2020\/06\/BeFunky-collage-768x768.jpg 768w, https:\/\/visitaloshaitises.com\/wp-content\/uploads\/2020\/06\/BeFunky-collage-1536x1536.jpg 1536w, https:\/\/visitaloshaitises.com\/wp-content\/uploads\/2020\/06\/BeFunky-collage-550x550.jpg 550w, https:\/\/visitaloshaitises.com\/wp-content\/uploads\/2020\/06\/BeFunky-collage-1100x1100.jpg 1100w\" sizes=\"auto, (max-width: 300px) 100vw, 300px\" \/><div class=\"mkdf-pl-text\"><div class=\"mkdf-pl-text-outer\"><div class=\"mkdf-pl-text-inner\"><a href=\"https:\/\/bookingadventures.tours\/booking.php?tour_id=cd01687b47db9fe0c95acae017fc39c6\" aria-describedby=\"woocommerce_loop_add_to_cart_link_describedby_44\" data-quantity=\"1\" class=\"button product_type_external\" data-product_id=\"44\" data-product_sku=\"\" aria-label=\"JETZT BUCHEN\" rel=\"nofollow noopener\" target=\"_blank\">JETZT BUCHEN<\/a>\t<span id=\"woocommerce_loop_add_to_cart_link_describedby_44\" class=\"screen-reader-text\">\n\t\t\t<\/span>\n<\/div><\/div><\/div><\/div><a href=\"https:\/\/visitaloshaitises.com\/de\/private\/tour-zum-nationalpark-los-haitises-vom-hafen-von-samana-aus\/\" class=\"woocommerce-LoopProduct-link woocommerce-loop-product__link\"><\/a><\/div><div class=\"mkdf-pl-text-wrapper\"><h4 class=\"mkdf-product-list-title\"><a href=\"https:\/\/visitaloshaitises.com\/de\/private\/tour-zum-nationalpark-los-haitises-vom-hafen-von-samana-aus\/\">Tour zum Nationalpark Los Haitises vom Hafen von Saman\u00e1 aus<\/a><\/h4>\n\t<span class=\"price\"><del aria-hidden=\"true\"><span class=\"woocommerce-Price-amount amount\"><bdi><span class=\"woocommerce-Price-currencySymbol\">&#36;<\/span>75.00<\/bdi><\/span><\/del> <span class=\"screen-reader-text\" data-no-translation=\"\" data-trp-gettext=\"\">Urspr\u00fcnglicher Preis war: &#036;75.00<\/span><ins aria-hidden=\"true\"><span class=\"woocommerce-Price-amount amount\"><bdi><span class=\"woocommerce-Price-currencySymbol\">&#36;<\/span>60.00<\/bdi><\/span><\/ins><span class=\"screen-reader-text\" data-no-translation=\"\" data-trp-gettext=\"\">Aktueller Preis ist: &#036;60.00.<\/span><\/span>\n<\/div><\/li><\/ul>\n<\/div><\/div><\/div><\/div><\/div>","protected":false},"excerpt":{"rendered":"<p>Ausfl\u00fcge nach Los Haitises und Cayo Levantado, \u00d6kologischer Ausflug in den Nationalpark Los Haitises mit einem lokalen F\u00fchrer. Besuch der Keys im Nationalpark Los Haitises, Mangroven, Vegetation, Vogelbeobachtung, H\u00f6hlen, Piktogramme und der historischen Gebiete von Sabana de la Mar im Nationalpark Los Haitises. Nach Los Haitises a\u00dfen wir am Strand der Insel Bacardi zu Mittag. Buchen Sie jetzt einen Ausflug zum Nationalpark Los Haitises vom Hafen von Saman\u00e1 + zur Insel Bacardi (Cayo Levantado) bei uns.<\/p>\n<p><strong>Por favor seleccione la fecha para el Tour Los Haitises y Cayo Levantado :<\/strong><\/p>","protected":false},"featured_media":232,"template":"","meta":[],"product_brand":[],"product_cat":[443,123,124],"product_tag":[137,205,180,125,206,139,163,129,207,208,132,209,210,211,212,133,213,214,215,216,217,218,190,219,114,142,148,143,220],"class_list":{"0":"post-11578","1":"product","2":"type-product","3":"status-publish","4":"has-post-thumbnail","6":"product_cat-tours-y-excursiones-es","7":"product_cat-tours-excursions-los-haitises-national-park","8":"product_cat-tours-excursions-samana-bay-dominican-republic","9":"product_tag-bacardi-island","10":"product_tag-bacardi-island-tours","11":"product_tag-birdwatching","12":"product_tag-boat-tour","13":"product_tag-caves-los-haitises","14":"product_tag-cayo-levantado","15":"product_tag-cayo-levantado-tour","16":"product_tag-eco-tours","17":"product_tag-excursiones-a-los-haitises-y-cayo-levantado","18":"product_tag-haitises-park-and-cayo-levantado-island","19":"product_tag-los-haitises","20":"product_tag-los-haitises-excursiones","21":"product_tag-los-haitises-excursions","22":"product_tag-los-haitises-mapa","23":"product_tag-los-haitises-mas-cayo-levantado","24":"product_tag-los-haitises-national-park","25":"product_tag-los-haitises-national-park-map","26":"product_tag-los-haitises-national-park-mas-cayo-levantado","27":"product_tag-los-haitises-national-park-tour-from-las-terrenas","28":"product_tag-los-haitises-national-park-tour-from-samana-port-bacardi-island-cayo-levantado","29":"product_tag-los-haitises-national-park-tour-from-santo-domingo","30":"product_tag-los-haitises-park-tour-cayo-levantado-island","31":"product_tag-los-haitises-samana","32":"product_tag-los-haitises-y-cayo-levantado","33":"product_tag-sabana-de-la-mar","34":"product_tag-samana","35":"product_tag-samana-excursions","36":"product_tag-samana-tours","37":"product_tag-tour-los-haitises-national-park-cayo-levantado","39":"first","40":"instock","41":"sale","42":"sold-individually","43":"shipping-taxable","44":"product-type-external"},"_links":{"self":[{"href":"https:\/\/visitaloshaitises.com\/de\/wp-json\/wp\/v2\/product\/11578","targetHints":{"allow":["GET"]}}],"collection":[{"href":"https:\/\/visitaloshaitises.com\/de\/wp-json\/wp\/v2\/product"}],"about":[{"href":"https:\/\/visitaloshaitises.com\/de\/wp-json\/wp\/v2\/types\/product"}],"wp:featuredmedia":[{"embeddable":true,"href":"https:\/\/visitaloshaitises.com\/de\/wp-json\/wp\/v2\/media\/232"}],"wp:attachment":[{"href":"https:\/\/visitaloshaitises.com\/de\/wp-json\/wp\/v2\/media?parent=11578"}],"wp:term":[{"taxonomy":"product_brand","embeddable":true,"href":"https:\/\/visitaloshaitises.com\/de\/wp-json\/wp\/v2\/product_brand?post=11578"},{"taxonomy":"product_cat","embeddable":true,"href":"https:\/\/visitaloshaitises.com\/de\/wp-json\/wp\/v2\/product_cat?post=11578"},{"taxonomy":"product_tag","embeddable":true,"href":"https:\/\/visitaloshaitises.com\/de\/wp-json\/wp\/v2\/product_tag?post=11578"}],"curies":[{"name":"wp","href":"https:\/\/api.w.org\/{rel}","templated":true}]}}