{"id":11069,"date":"2021-04-09T10:46:13","date_gmt":"2021-04-09T10:46:13","guid":{"rendered":"https:\/\/haitises.com\/product\/import-placeholder-for-11676\/"},"modified":"2024-04-10T20:20:41","modified_gmt":"2024-04-10T20:20:41","slug":"snorkel-cayo-levantado-and-farola-island-snorkeling","status":"publish","type":"product","link":"https:\/\/visitaloshaitises.com\/de\/private\/schnorcheln-auf-cayo-levantado-und-der-insel-farola\/","title":{"rendered":"Schnorcheln Cayo Levantado und Farola Insel Schnorcheln"},"content":{"rendered":"<div class=\"vc_row wpb_row vc_row-fluid\" ><div class=\"wpb_column vc_column_container vc_col-sm-12\"><div class=\"vc_column-inner\"><div class=\"wpb_wrapper\"><div class=\"vc_empty_space\"   style=\"height: 32px\"><span class=\"vc_empty_space_inner\"><\/span><\/div><div class=\"mkdf-section-title-holder\" style=\"text-align: left\">\n\t<div class=\"mkdf-st-inner\">\n\t\t\t\t\t<h5 class=\"mkdf-st-subtitle\" >\n\t\t\t\tVom Hafen Saman\u00e1 Private Tour\t\t\t<\/h5>\n\t\t\t\t\t\t\t<h3 class=\"mkdf-st-title\" >\n\t\t\t\tSchnorcheln Cayo Levantado und Farola Insel Schnorcheln \t\t\t<\/h3>\n\t\t\t\t\t<\/div>\n<\/div><div class=\"vc_empty_space\"   style=\"height: 32px\"><span class=\"vc_empty_space_inner\"><\/span><\/div><\/div><\/div><\/div><\/div><div class=\"vc_row wpb_row vc_row-fluid\" ><div class=\"wpb_column vc_column_container vc_col-sm-12\"><div class=\"vc_column-inner\"><div class=\"wpb_wrapper\">\n\t<div class=\"wpb_text_column wpb_content_element\" >\n\t\t<div class=\"wpb_wrapper\">\n\t\t\t<div class=\"vc_row wpb_row vc_row-fluid\">\n<div class=\"wpb_column vc_column_container vc_col-sm-12\">\n<div class=\"vc_column-inner\">\n<div class=\"wpb_wrapper\">\n<div class=\"wpb_text_column wpb_content_element\">\n<div class=\"wpb_wrapper\">\n<div class=\"vc_row wpb_row vc_row-fluid\">\n<div class=\"wpb_column vc_column_container vc_col-sm-12\">\n<div class=\"vc_column-inner\">\n<div class=\"wpb_wrapper\">\n<div class=\"wpb_text_column wpb_content_element\">\n<div class=\"wpb_wrapper\">\n<h4><b><i>\u00dcbersicht<\/i><\/b><\/h4>\n<p>Wir werden die Inseln Cayo Levantado und Farola besuchen, besondere kleine Inseln in der Bucht von Samana, die eine au\u00dfergew\u00f6hnliche Unterwasserwelt beherbergen - einschlie\u00dflich Schildkr\u00f6ten, Buckelwale, Hummer und Delfine!<\/p>\n<p><strong>Anmerkung:<\/strong> Diese Tour ist privat (nur Sie und Ihre Familie oder Freunde und der Reiseleiter).<\/p>\n<p>&nbsp;<\/p>\n<h4><b>Einschl\u00fcsse &amp; Ausschl\u00fcsse<\/b><\/h4>\n<p>&nbsp;<\/p>\n<p><b>Einschl\u00fcsse<\/b><\/p>\n<p>&nbsp;<\/p>\n<ol>\n<li>Reisef\u00fchrer<\/li>\n<li>Bootsausflug<\/li>\n<li>Schwimmweste<\/li>\n<li>Schnorchelausr\u00fcstung<\/li>\n<li>Alle Steuern, Geb\u00fchren und Bearbeitungsgeb\u00fchren<\/li>\n<li>Lokale Steuern<\/li>\n<li>Getr\u00e4nke (eine Flasche Wasser pro Person)<\/li>\n<\/ol>\n<p><b>Ausschl\u00fcsse<\/b><\/p>\n<ol>\n<li>Trinkgelder<\/li>\n<li>Mittagessen (Extrakosten 15 USD) pro Person.<\/li>\n<li>Mittagessen mit Hummern (Extrakosten 25 USD) pro Person.<\/li>\n<li>Transferwagen<\/li>\n<li>Alkoholische Getr\u00e4nke<\/li>\n<\/ol>\n<p>&nbsp;<\/p>\n<h4><em><strong>Abreise und R\u00fcckkehr<\/strong><\/em><\/h4>\n<p>Dieser Ausflug beginnt um 8:03 Uhr und endet gegen 12:15 Uhr. Da es sich jedoch um eine private Fahrt handelt, k\u00f6nnen Sie die Zeit f\u00fcr den Beginn und das Ende selbst bestimmen.<\/p>\n<p>Der Reisende erh\u00e4lt nach der Reservierung einen Treffpunkt. Die Touren beginnen und enden an unseren Treffpunkten.<\/p>\n<p>&nbsp;<\/p>\n<h4><b><i>Was ist zu erwarten?<\/i><\/b><\/h4>\n<p>Schnorchelausflug mit einem fachkundigen F\u00fchrer, um die Meeresfauna und -flora von der Oberfl\u00e4che aus zu beobachten, mit Flossen und Maske. Wir entdecken die paradiesische Insel Cayo Levantado, schnorcheln an zwei verschiedenen Stellen w\u00e4hrend der Fahrt und genie\u00dfen diesen faszinierenden Strand, der keinen Zugang zu Fahrzeugen hat (Dauer 4 Stunden).<\/p>\n<p>Wir werden vom Treffpunkt in Samana Haupthafen um 8:30 Uhr morgens, nach 25 Minuten der Navigation werden wir am ersten Schnorchelpunkt namens Cayo Farola ankommen, wir werden 45 Minuten schnorcheln und weiter zu Cayo Levantado Strand, wo wir schwimmen k\u00f6nnen. Wir werden ein wenig mehr Schnorcheln, oder einfach nur genie\u00dfen Sie diese erstaunliche Strand.<\/p>\n<p>Wir genie\u00dfen ein Sandwich, Rum, ein Erfrischungsgetr\u00e4nk und Wasser und um 12 Uhr fahren wir zur\u00fcck zum Hafen von Samana oder bleiben auf Cayo Levado. Danach kehren wir zum Ausgangspunkt zur\u00fcck. Sonstiges: Alle Ausfl\u00fcge werden mit dem Boot durchgef\u00fchrt.<\/p>\n<p><strong>Zeitplan:<\/strong><\/p>\n<p>8:30 UHR - 12:15 UHR<\/p>\n<p>&nbsp;<\/p>\n<h4><em><strong>Was sollten Sie mitbringen?<\/strong><\/em><\/h4>\n<ul>\n<li>Kamera<\/li>\n<li>Handtuch<\/li>\n<li>Sonnenschutz<\/li>\n<li>Hut<\/li>\n<li>Bequeme Hosen und Schuhe<\/li>\n<li>Sandalen f\u00fcr den Strand<\/li>\n<li>Schwimmbekleidung<\/li>\n<li>Bargeld f\u00fcr Souvenirs<\/li>\n<\/ul>\n<p>&nbsp;<\/p>\n<h4><b><i>Abholung Hotel<\/i><\/b><\/h4>\n<p>Eine Abholung vom Hotel wird f\u00fcr diese Tour nicht angeboten.<\/p>\n<p>&nbsp;<\/p>\n<p><b>Anmerkung:<\/b>\u00a0Wenn Sie innerhalb von 24 Stunden vor der Abfahrtszeit der Tour\/Exkursion buchen, k\u00f6nnen wir die Abholung vom Hotel gegen Aufpreis organisieren. Sobald Ihr Kauf abgeschlossen ist, senden wir Ihnen die vollst\u00e4ndigen Kontaktdaten (Telefonnummer, E-Mail-Adresse, etc.) f\u00fcr unseren lokalen Reiseleiter, um die Abholung zu organisieren.<\/p>\n<h4><b><i>Zus\u00e4tzliche Informationen Best\u00e4tigung<\/i><\/b><\/h4>\n<ol>\n<li>Die Tickets sind die Quittung nach der Bezahlung dieser Tour. Sie k\u00f6nnen die Zahlung auf Ihrem Telefon zeigen.<\/li>\n<li>Der Treffpunkt wird nach der Reservierung mitgeteilt.<\/li>\n<li>Kinder m\u00fcssen von einem Erwachsenen begleitet werden.<\/li>\n<li>rollstuhlgerecht<\/li>\n<li>Kleinkinder m\u00fcssen auf dem Scho\u00df sitzen<\/li>\n<li>Die meisten Reisenden k\u00f6nnen teilnehmen<\/li>\n<\/ol>\n<h4><b><i>Stornierungspolitik<\/i><\/b><\/h4>\n<p>F\u00fcr eine vollst\u00e4ndige R\u00fcckerstattung stornieren Sie bitte mindestens 24 Stunden vor Beginn des Erlebnisses.<\/p>\n<\/div>\n<\/div>\n<\/div>\n<\/div>\n<\/div>\n<\/div>\n<\/div>\n<\/div>\n<\/div>\n<\/div>\n<\/div>\n<\/div>\n<div class=\"vc_row wpb_row vc_row-fluid\">\n<div class=\"wpb_column vc_column_container vc_col-sm-12\">\n<div class=\"vc_column-inner\">\n<div class=\"wpb_wrapper\">\n<div class=\"vc_empty_space\"><\/div>\n<div class=\"wpb_text_column wpb_content_element\">\n<div class=\"wpb_wrapper\">\n<h4>Kontaktieren Sie uns?<\/h4>\n<h5><b><i>Abenteuer buchen<\/i><\/b><\/h5>\n<p><em><strong>Einheimische<\/strong>\u00a0und\u00a0<strong>Nationals<\/strong>\u00a0Reiseleiter &amp; G\u00e4steservice<\/em><\/p>\n<p><span class=\"text-turquoise\">Reservierungen:<\/span>\u00a0Touren &amp; Ausfl\u00fcge in Dom. Rep.<\/p>\n<p><img decoding=\"async\" class=\"emoji\" draggable=\"false\" src=\"https:\/\/s.w.org\/images\/core\/emoji\/11.2.0\/svg\/1f4de.svg\" alt=\"\ud83d\udcde\" \/>\u00a0Telefon \/ Whatsapp\u00a0\u00a0<a href=\"tel:+1-809-720-6035\">+1-809-720-6035<\/a>.<\/p>\n<p><img decoding=\"async\" class=\"emoji\" draggable=\"false\" src=\"https:\/\/s.w.org\/images\/core\/emoji\/11.2.0\/svg\/1f4e9.svg\" alt=\"\ud83d\udce9\" \/>\u00a0<a href=\"mailto:info@bookingadventures.com.do\">info@bookingadventures.com.do<\/a><\/p>\n<p><strong>Wir sind flexibel und stellen private Touren per Whatsapp ein:\u00a0<a href=\"tel:+18097206035\">+18097206035.<\/a><\/strong><\/p>\n<\/div>\n<\/div>\n<\/div>\n<\/div>\n<\/div>\n<\/div>\n\n\t\t<\/div>\n\t<\/div>\n<\/div><\/div><\/div><\/div>","protected":false},"excerpt":{"rendered":"<p>Wir werden die Inseln Cayo Levantado und Cayo Farola besuchen, besondere kleine Inseln in der Bucht von Samana, die eine au\u00dfergew\u00f6hnliche Unterwasserwelt beherbergen - einschlie\u00dflich Schildkr\u00f6ten, Buckelwale, Hummer und Delfine!<\/p>\n<p>Hinweis: Diese Tour ist privat!<\/p>\n<p>&nbsp;<\/p>\n<p><em><strong>Bitte w\u00e4hlen Sie das Datum f\u00fcr die Exkursion:<\/strong><\/em><\/p>","protected":false},"featured_media":11154,"template":"","meta":[],"product_brand":[],"product_cat":[124],"product_tag":[137,162,201,143,271,354,234],"class_list":{"0":"post-11069","1":"product","2":"type-product","3":"status-publish","4":"has-post-thumbnail","6":"product_cat-tours-excursions-samana-bay-dominican-republic","7":"product_tag-bacardi-island","8":"product_tag-cayo-levantado-day-pass","9":"product_tag-private-tours-samana","10":"product_tag-samana-tours","11":"product_tag-samana-whale-watching","12":"product_tag-snorkeling","13":"product_tag-whale-samana","15":"first","16":"instock","17":"sale","18":"sold-individually","19":"shipping-taxable","20":"product-type-external"},"_links":{"self":[{"href":"https:\/\/visitaloshaitises.com\/de\/wp-json\/wp\/v2\/product\/11069","targetHints":{"allow":["GET"]}}],"collection":[{"href":"https:\/\/visitaloshaitises.com\/de\/wp-json\/wp\/v2\/product"}],"about":[{"href":"https:\/\/visitaloshaitises.com\/de\/wp-json\/wp\/v2\/types\/product"}],"wp:featuredmedia":[{"embeddable":true,"href":"https:\/\/visitaloshaitises.com\/de\/wp-json\/wp\/v2\/media\/11154"}],"wp:attachment":[{"href":"https:\/\/visitaloshaitises.com\/de\/wp-json\/wp\/v2\/media?parent=11069"}],"wp:term":[{"taxonomy":"product_brand","embeddable":true,"href":"https:\/\/visitaloshaitises.com\/de\/wp-json\/wp\/v2\/product_brand?post=11069"},{"taxonomy":"product_cat","embeddable":true,"href":"https:\/\/visitaloshaitises.com\/de\/wp-json\/wp\/v2\/product_cat?post=11069"},{"taxonomy":"product_tag","embeddable":true,"href":"https:\/\/visitaloshaitises.com\/de\/wp-json\/wp\/v2\/product_tag?post=11069"}],"curies":[{"name":"wp","href":"https:\/\/api.w.org\/{rel}","templated":true}]}}