{"id":10909,"date":"2020-07-18T21:02:36","date_gmt":"2020-07-18T21:02:36","guid":{"rendered":"https:\/\/haitises.com\/?post_type=product&#038;p=10909"},"modified":"2024-04-15T23:15:03","modified_gmt":"2024-04-15T23:15:03","slug":"atv-aventuras-samana-atv-tours-excursiones-en-samana-republica-dominicana-atv-playa-el-valle-cascada","status":"publish","type":"product","link":"https:\/\/visitaloshaitises.com\/de\/private\/atv-abenteuer-samana-atv-touren-atv-touren-ausfluge-in-samana-dominikanische-republik-atv-playa-el-valle-wasserfall\/","title":{"rendered":"ATV Adventures Saman\u00e1 \u2013 ATV-Touren und Ausfl\u00fcge in Saman\u00e1, Dominikanische Republik. ATV + El Valle Strand und Wasserfall"},"content":{"rendered":"<div class=\"vc_row wpb_row vc_row-fluid\" ><div class=\"wpb_column vc_column_container vc_col-sm-12\"><div class=\"vc_column-inner\"><div class=\"wpb_wrapper\"><div class=\"mkdf-section-title-holder\" style=\"text-align: left\">\n\t<div class=\"mkdf-st-inner\">\n\t\t\t\t\t<h5 class=\"mkdf-st-subtitle\" >\n\t\t\t\tMittagessen am Strand inklusive.\t\t\t<\/h5>\n\t\t\t\t\t\t\t<h3 class=\"mkdf-st-title\" >\n\t\t\t\tATV Saman\u00e1 Adventures \u2013 ATV-Touren und Ausfl\u00fcge in Saman\u00e1, Dominikanische Republik. ATV + El Valle Strand und Wasserfall\t\t\t<\/h3>\n\t\t\t\t\t<\/div>\n<\/div><\/div><\/div><\/div><\/div><div class=\"vc_row wpb_row vc_row-fluid\" ><div class=\"wpb_column vc_column_container vc_col-sm-12\"><div class=\"vc_column-inner\"><div class=\"wpb_wrapper\">\n\t<div class=\"wpb_text_column wpb_content_element\" >\n\t\t<div class=\"wpb_wrapper\">\n\t\t\t<h2>ATV Adventures Saman\u00e1 \u2013 ATV-Touren und Ausfl\u00fcge in Samana, Dominikanische Republik. ATV + El Valle Strand und Wasserf\u00e4lle.<\/h2>\n<h3>Beschreibung<\/h3>\n<p>Holen Sie sich Ihre Tickets f\u00fcr eine Halbtagestour in Saman\u00e1 bei ATV Tours. Der Ausflug beginnt in unserem B\u00fcro in der N\u00e4he des Hauptpiers von Saman\u00e1. Nach einer 30-min\u00fctigen Fahrt besuchen wir auf dem Weg zu den Wasserf\u00e4llen das \u00d6kologe Tree House. Nach einem etwa 10-min\u00fctigen Spaziergang zu den Wasserf\u00e4llen.<\/p>\n<p>Wir werden am Strand von El Valle zu Mittag essen. Nach 4,5 Stunden voller Aktivit\u00e4ten kehren wir zu unserem Treffpunkt in Saman\u00e1 zur\u00fcck.<\/p>\n<h3>Einschl\u00fcsse und Ausschl\u00fcsse<\/h3>\n<h4>Einschl\u00fcsse<\/h4>\n<ol>\n<li>ATV 2 Personen in einem.<\/li>\n<li>Mittagessen am Strand<\/li>\n<li>Alle Steuern, Geb\u00fchren und Bearbeitungsgeb\u00fchren<\/li>\n<li>Lokale Steuern<\/li>\n<li>Getr\u00e4nke<\/li>\n<li>Vorspeisen<\/li>\n<li>Besuch der Wasserf\u00e4lle<\/li>\n<li>Talstrand<\/li>\n<li>Besuch im Baumhaus<\/li>\n<li>Alle Aktivit\u00e4ten<\/li>\n<li>Lokaler F\u00fchrer<\/li>\n<\/ol>\n<h4>Ausschl\u00fcsse<\/h4>\n<ol>\n<li>Tipps<\/li>\n<li>Transport von Hotels (wird bei der Kontaktaufnahme festgelegt).<\/li>\n<li>Alkoholische Getr\u00e4nke<\/li>\n<\/ol>\n<h3><em>Abreise und R\u00fcckkehr<\/em><\/h3>\n<p>Der Reisende erh\u00e4lt nach dem Buchungsvorgang einen Treffpunkt. Die Touren beginnen und enden an ihren Treffpunkten.<\/p>\n<h3>ATV Adventures Saman\u00e1 \u2013 ATV-Touren und Ausfl\u00fcge in Saman\u00e1, Dominikanische Republik. ATV + El Valle Strand und Wasserf\u00e4lle.<\/h3>\n<h3><em>Was zu erwarten ist?<\/em><\/h3>\n<p>Erfahren Sie, wie Sie Ihr ATV starten. Sie sind also bereit, querfeldein zu fahren und die Saman\u00e1-Halbinsel aus n\u00e4chster N\u00e4he zu betrachten. Sie fahren mit Ihrem ATV-Fahrzeug durch raues Gel\u00e4nde und wir besuchen eine dominikanische Familie, wo wir einen kurzen Stopp einlegen, um ein paar Fotos von der Baumhaus\u00f6kologie zu machen, einen guten dominikanischen Kaffee zu trinken und k\u00f6stliche nat\u00fcrliche Schokolade zu genie\u00dfen.<br \/>\nAnschlie\u00dfend geht es weiter durch eine kleine Stadt, in der Sie unterwegs die Herzlichkeit der einheimischen Dominikaner genie\u00dfen k\u00f6nnen, um die LULU-Wasserf\u00e4lle zu besuchen, 10 Minuten zu den Wasserf\u00e4llen zu laufen und an einem der exotischsten Orte der Dominikanischen Republik etwas \u00fcber den Wald der Dominikanischen Republik zu erfahren Region.<\/p>\n<p>R\u00fcckkehr zu unserem ATV, um einen der sch\u00f6nsten Str\u00e4nde in Saman\u00e1 zu besuchen. ?Strand El Valle! Dort halten wir etwa 1 Stunde und 15 Minuten an, um den zauberhaften wei\u00dfen Sand und das kristallklare t\u00fcrkisfarbene Wasser des Strandes Playa El Valle zu genie\u00dfen. Dort k\u00f6nnen Sie sich ausruhen, trinken, schwimmen, erkunden oder einfach in der Sonne liegen, wenn Sie m\u00f6chten. Das Buffet wird mit typisch dominikanischen Speisen zusammengestellt. Wenn Sie Veganer sind, lassen Sie es uns wissen. Wir haben Essen f\u00fcr jeden!<br \/>\nNach 4,5 Stunden fahren wir zur\u00fcck in die Stadt Saman\u00e1.<\/p>\n<h3><em>Was sollten Sie mitbringen?<\/em><\/h3>\n<ul>\n<li>Kamera<\/li>\n<li>Abwehrmittel<\/li>\n<li>Sonnenschutz<\/li>\n<li>Hut<\/li>\n<li>Bequeme Hose<\/li>\n<li>Waldwanderschuhe<\/li>\n<li>Sandalen zu Fr\u00fchlingsbereichen.<\/li>\n<li>Badeanzug<\/li>\n<\/ul>\n<h3><em>Abholung vom Hotel<\/em><\/h3>\n<p>F\u00fcr diese Tour wird keine Abholung vom Hotel angeboten. Wir vereinbaren die Abholung, indem wir uns \u00fcber WhatsApp kontaktieren.<\/p>\n<p><strong>Notiz:<\/strong> Wenn Sie innerhalb von 24 Stunden vor der Abfahrtszeit der Tour\/des Ausflugs buchen, k\u00f6nnen wir gegen Aufpreis eine Abholung vom Hotel arrangieren. Sobald Ihr Kauf abgeschlossen ist, senden wir Ihnen die vollst\u00e4ndigen Kontaktinformationen (Telefonnummer, E-Mail-Adresse usw.) f\u00fcr unseren \u00f6rtlichen Reiseleiter, um die Abholung zu vereinbaren.<\/p>\n<h3><em>Best\u00e4tigung zus\u00e4tzlicher Informationen<\/em><\/h3>\n<ol>\n<li>Die Tickets sind die Quittung nach der Bezahlung dieser Tour. Sie k\u00f6nnen die Zahlung auf Ihrem Telefon anzeigen.<\/li>\n<li>Der Treffpunkt wird Ihnen nach der Buchung mitgeteilt.<\/li>\n<li>Kinder m\u00fcssen von einem Erwachsenen begleitet werden.<\/li>\n<li>Nicht rollstuhlgerecht<\/li>\n<li>Kleinkinder sollten auf dem Scho\u00df sitzen<\/li>\n<li>F\u00fcr Reisende mit R\u00fcckenproblemen nicht zu empfehlen.<\/li>\n<li>F\u00fcr schwangere Frauen nicht empfohlen.<\/li>\n<li>Keine Herzprobleme oder andere schwerwiegende Erkrankungen.<\/li>\n<li>Die meisten Reisenden k\u00f6nnen teilnehmen.<\/li>\n<\/ol>\n<h3><em>Annullierungspolitik<\/em><\/h3>\n<p>Um eine vollst\u00e4ndige R\u00fcckerstattung zu erhalten, stornieren Sie mindestens 24 Stunden vor Beginn des Erlebnisses. Das Geld geht verloren, wenn die Reservierung am selben Reisetag storniert wird.<\/p>\n\n\t\t<\/div>\n\t<\/div>\n<\/div><\/div><\/div><\/div><div class=\"vc_row wpb_row vc_row-fluid\" ><div class=\"wpb_column vc_column_container vc_col-sm-12\"><div class=\"vc_column-inner\"><div class=\"wpb_wrapper\">\n\t<div class=\"wpb_video_widget wpb_content_element vc_clearfix   vc_video-aspect-ratio-169 vc_video-el-width-100 vc_video-align-left\" >\n\t\t<div class=\"wpb_wrapper\">\n\t\t\t<h2 class=\"wpb_heading wpb_video_heading\">Samana mit Booking Adventures:<\/h2>\n\t\t\t<div class=\"wpb_video_wrapper\"><iframe loading=\"lazy\" title=\"Dominikanisches Reiseziel Samana Zipline, ATV-Ausfl\u00fcge\" width=\"1100\" height=\"619\" src=\"https:\/\/www.youtube.com\/embed\/8Ybh1xtnr2M?feature=oembed\" frameborder=\"0\" allow=\"accelerometer; autoplay; encrypted-media; gyroscope; picture-in-picture\" allowfullscreen><\/iframe><\/div>\n\t\t<\/div>\n\t<\/div>\n<\/div><\/div><\/div><\/div><div class=\"vc_row wpb_row vc_row-fluid\" ><div class=\"wpb_column vc_column_container vc_col-sm-12\"><div class=\"vc_column-inner\"><div class=\"wpb_wrapper\"><div class=\"vc_empty_space\"   style=\"height: 32px\"><span class=\"vc_empty_space_inner\"><\/span><\/div>\n\t<div class=\"wpb_text_column wpb_content_element\" >\n\t\t<div class=\"wpb_wrapper\">\n\t\t\t<h4>Kontaktieren Sie uns?<\/h4>\n<h5><em><strong>Abenteuer buchen<\/strong><\/em><\/h5>\n<p><em><strong>Einheimische<\/strong>\u00a0und\u00a0<strong>Nationals<\/strong>\u00a0Reiseleiter &amp; G\u00e4steservice<\/em><\/p>\n<p><span class=\"text-turquoise\">Reservierungen:<\/span>\u00a0Touren &amp; Ausfl\u00fcge in Dom. Rep.<\/p>\n<p><img decoding=\"async\" class=\"emoji\" draggable=\"false\" src=\"https:\/\/s.w.org\/images\/core\/emoji\/11.2.0\/svg\/1f4de.svg\" alt=\"\ud83d\udcde\" \/>\u00a0Telefon \/ Whatsapp\u00a0\u00a0<a href=\"tel:+1-809-720-6035\">+1-809-720-6035<\/a>.<\/p>\n<p><img decoding=\"async\" class=\"emoji\" draggable=\"false\" src=\"https:\/\/s.w.org\/images\/core\/emoji\/11.2.0\/svg\/1f4e9.svg\" alt=\"\ud83d\udce9\" \/>\u00a0<a href=\"mailto:info@bookingadventures.com.do\">info@bookingadventures.com.do<\/a><\/p>\n<p><strong>Wir sind flexibel und stellen private Touren per Whatsapp ein:\u00a0<a href=\"tel:+18097206035\">+18097206035.<\/a><\/strong><\/p>\n\n\t\t<\/div>\n\t<\/div>\n<div class=\"vc_empty_space\"   style=\"height: 32px\"><span class=\"vc_empty_space_inner\"><\/span><\/div><\/div><\/div><\/div><\/div>","protected":false},"excerpt":{"rendered":"<p>Dieses ATV-Erlebnis beginnt im Zentrum der Stadt Saman\u00e1. Fahren Sie mit dem ATV zu den LULU-Wasserf\u00e4llen, vorbei an der \u00d6ko-Lodge La Casa en el Arbol zum Strand El Valle.<br \/>\nEl Valle Strand! Dort halten wir etwa 1 Stunde und 15 Minuten an, um den zauberhaften wei\u00dfen Sand und das kristallklare t\u00fcrkisfarbene Wasser des Strandes Playa El Valle zu genie\u00dfen. Dort k\u00f6nnen Sie sich ausruhen, trinken, schwimmen, erkunden oder einfach in der Sonne liegen, wenn Sie m\u00f6chten. Es steht ein Buffet mit typisch dominikanischen Speisen f\u00fcr Sie bereit. Wenn Sie Veganer sind, lassen Sie es uns wissen. Wir haben Essen f\u00fcr jeden!<\/p>\n<p>Nach 4,5 Stunden kehren wir in die Stadt Saman\u00e1 zur\u00fcck.<\/p>\n<p>. Wandern und Schwimmen mit Sicherheitsausr\u00fcstung f\u00fcr das beste Erlebnis Ihres Lebens!<\/p>\n<p><strong>Bitte w\u00e4hlen Sie das Datum f\u00fcr die Tour aus:<\/strong><\/p>","protected":false},"featured_media":392,"template":"","meta":[],"product_brand":[],"product_cat":[317,318,319,120,96,320,135,321,122,443,100],"product_tag":[322,323,324,325,157,326,201,142,327,148,143,328],"class_list":{"0":"post-10909","1":"product","2":"type-product","3":"status-publish","4":"has-post-thumbnail","6":"product_cat-atv-adventures","7":"product_cat-atv-fourwheels","8":"product_cat-atv-tours-excursions-adventures","9":"product_cat-fees-entrace","10":"product_cat-hiking","11":"product_cat-lulu-waterfalls","12":"product_cat-lunch","13":"product_cat-things-to-do-in-samana-province","14":"product_cat-tours-and-excursions","15":"product_cat-tours-y-excursiones-es","16":"product_cat-waterfalls","17":"product_tag-atv-samana-excursion","18":"product_tag-atv-tours-excursions-in-samana-dominican-republic","19":"product_tag-atv-fourwheels","20":"product_tag-atv-tours-excursions-adventures","21":"product_tag-el-valle-beach","22":"product_tag-lulu-waterfalls","23":"product_tag-private-tours-samana","24":"product_tag-samana","25":"product_tag-samana-atv","26":"product_tag-samana-excursions","27":"product_tag-samana-tours","28":"product_tag-tree-house-samana","30":"first","31":"instock","32":"sale","33":"sold-individually","34":"shipping-taxable","35":"product-type-external"},"_links":{"self":[{"href":"https:\/\/visitaloshaitises.com\/de\/wp-json\/wp\/v2\/product\/10909","targetHints":{"allow":["GET"]}}],"collection":[{"href":"https:\/\/visitaloshaitises.com\/de\/wp-json\/wp\/v2\/product"}],"about":[{"href":"https:\/\/visitaloshaitises.com\/de\/wp-json\/wp\/v2\/types\/product"}],"wp:featuredmedia":[{"embeddable":true,"href":"https:\/\/visitaloshaitises.com\/de\/wp-json\/wp\/v2\/media\/392"}],"wp:attachment":[{"href":"https:\/\/visitaloshaitises.com\/de\/wp-json\/wp\/v2\/media?parent=10909"}],"wp:term":[{"taxonomy":"product_brand","embeddable":true,"href":"https:\/\/visitaloshaitises.com\/de\/wp-json\/wp\/v2\/product_brand?post=10909"},{"taxonomy":"product_cat","embeddable":true,"href":"https:\/\/visitaloshaitises.com\/de\/wp-json\/wp\/v2\/product_cat?post=10909"},{"taxonomy":"product_tag","embeddable":true,"href":"https:\/\/visitaloshaitises.com\/de\/wp-json\/wp\/v2\/product_tag?post=10909"}],"curies":[{"name":"wp","href":"https:\/\/api.w.org\/{rel}","templated":true}]}}