{"id":10905,"date":"2020-07-17T11:45:11","date_gmt":"2020-07-17T11:45:11","guid":{"rendered":"https:\/\/haitises.com\/?post_type=product&#038;p=10905"},"modified":"2024-04-16T00:20:24","modified_gmt":"2024-04-16T00:20:24","slug":"excursion-cascada-el-limon-y-cayo-levantado-desde-el-area-de-punta-cana-punto-de-reunion-sabana-de-la-mar","status":"publish","type":"product","link":"https:\/\/visitaloshaitises.com\/de\/private\/excursion-cascada-el-limon-y-cayo-levantado-desde-el-area-de-punta-cana-punto-de-reunion-sabana-de-la-mar\/","title":{"rendered":"Excursi\u00f3n cascada El Lim\u00f3n y Cayo Levantado desde el \u00e1rea de Punta Cana (Punto de reuni\u00f3n Sabana de la Mar)"},"content":{"rendered":"<div class=\"vc_row wpb_row vc_row-fluid\" ><div class=\"wpb_column vc_column_container vc_col-sm-12\"><div class=\"vc_column-inner\"><div class=\"wpb_wrapper\"><div class=\"mkdf-section-title-holder\" style=\"text-align: left\">\n\t<div class=\"mkdf-st-inner\">\n\t\t\t\t\t<h5 class=\"mkdf-st-subtitle\" >\n\t\t\t\t(Punto de encuentro Sabana de la Mar)\t\t\t<\/h5>\n\t\t\t\t\t\t\t<h3 class=\"mkdf-st-title\" >\n\t\t\t\tCascada El Lim\u00f3n y Cayo Levantado - Excursi\u00f3n desde el \u00e1rea de Punta Cana\t\t\t<\/h3>\n\t\t\t\t\t<\/div>\n<\/div><\/div><\/div><\/div><\/div><div class=\"vc_row wpb_row vc_row-fluid\" ><div class=\"wpb_column vc_column_container vc_col-sm-12\"><div class=\"vc_column-inner\"><div class=\"wpb_wrapper\">\n\t<div class=\"wpb_text_column wpb_content_element\" >\n\t\t<div class=\"wpb_wrapper\">\n\t\t\t<h3>Beschreibung<\/h3>\n<p>Si se encuentra en Punta Cana o B\u00e1varo, busca una excursi\u00f3n de un d\u00eda pagando menos de lo normal. Simplemente reserve este viaje a partir de la zona de Sabana de la Mar. Visitar la comunidad de Saman\u00e1 en Safari para llegar a la comunidad de El Lim\u00f3n, montar a caballo o caminar a las cataratas despu\u00e9s de cruzar la bah\u00eda de Saman\u00e1 y el tiempo de almuerzo en la isla de Bacardi. Este viaje comienza a las 9:00 a.m. y termina a las 4:30 p.m.<\/p>\n<p>Despu\u00e9s de esta experiencia, volver\u00e1s al puerto de Sabana de la Mar.<\/p>\n<ul>\n<li>Steuern inbegriffen<\/li>\n<li>Mittagessen am Strand inklusive.<\/li>\n<li>Der Guide bietet Anleitung und Betreuung.<\/li>\n<\/ul>\n<h3>Einschl\u00fcsse und Ausschl\u00fcsse<\/h3>\n<h4>Einschl\u00fcsse<\/h4>\n<ul>\n<li>Bah\u00eda Saman\u00e1<\/li>\n<li>Isla Bacardi, playa y almuerzo<\/li>\n<li>Safari a El Lim\u00f3n<\/li>\n<li>Paseos a caballo o senderismo a las cascadas<\/li>\n<li>C\u00f3cteles Dominicanos<\/li>\n<li>Alle Steuern, Geb\u00fchren und Bearbeitungsgeb\u00fchren<\/li>\n<li>Lokale Steuern<\/li>\n<li>Getr\u00e4nke<\/li>\n<li>Alle Aktivit\u00e4ten<\/li>\n<li>Lokaler F\u00fchrer<\/li>\n<\/ul>\n<h4>Ausschl\u00fcsse<\/h4>\n<ul>\n<li>Tipps<\/li>\n<li>Traslado desde Punta Cana no incluido<\/li>\n<li>Bebidas alcoh\u00f3licas despu\u00e9s de c\u00f3cteles<\/li>\n<\/ul>\n<h3><em>Abreise und R\u00fcckkehr<\/em><\/h3>\n<p>Der Reisende erh\u00e4lt nach dem Buchungsvorgang einen Treffpunkt. Die Touren beginnen und enden an unseren Treffpunkten.<\/p>\n<h3><em>Was zu erwarten ist?<\/em><\/h3>\n<p>Obtenga sus boletos para visitar las cataratas en caballos o senderismo, Safari Saman\u00e1, nadar en los manantiales naturales desde el almuerzo de las cascadas en la isla de Bacardi m\u00e1s tiempo en la playa.<\/p>\n<p>Comenzando desde los puertos de Sabana de la Mar a bordo de un barco o catamar\u00e1n con un gu\u00eda tur\u00edstico local, pasamos la bah\u00eda de Saman\u00e1 a la comunidad de Saman\u00e1. Tomar un safari con un gu\u00eda tur\u00edstico local para hablar sobre la historia de Saman\u00e1 hasta llegar a la comunidad de El Lim\u00f3n. En la comunidad de El Lim\u00f3n comenzamos a caminar o montar a caballo por el bosque de cascadas de El Lim\u00f3n hasta las cascadas de El Lim\u00f3n. Donde cuando llegamos, \u00a1podemos nadar! Despu\u00e9s de regresar a Safari para ir al puerto de Saman\u00e1. Visite la isla de Bacardi para almorzar en la playa y nadar en una de las islas m\u00e1s bellas de la Rep\u00fablica Dominicana.<\/p>\n<p>Falls Ihnen diese Reise l\u00e4nger oder k\u00fcrzer gef\u00e4llt, haben wir diese Optionen:<\/p>\n<ul>\n<li>Los Haitises + Cayo Levantado vom Hafen von Saman\u00e1.<\/li>\n<li>Los Haitises + Cano Hondo vom Hafen von Saman\u00e1.<\/li>\n<\/ul>\n<h3><em>Was sollten Sie mitbringen?<\/em><\/h3>\n<ul>\n<li>Kamera<\/li>\n<li>Abwehrmittel<\/li>\n<li>Sonnenschutz<\/li>\n<li>Hut<\/li>\n<li>Bequeme Hose<\/li>\n<li>Waldwanderschuhe<\/li>\n<li>Sandalen zu Fr\u00fchlingsbereichen.<\/li>\n<li>Badeanzug<\/li>\n<\/ul>\n<h3><em>Abholung vom Hotel<\/em><\/h3>\n<p>No se ofrece la recogida en el hotel para este tour. Pero si nos contacta, podemos hablar de ello.<\/p>\n<p><strong>Notiz<\/strong>: Wenn Sie innerhalb von 24 Stunden vor der Abfahrtszeit der Tour\/des Ausflugs buchen, k\u00f6nnen wir gegen Aufpreis eine Abholung vom Hotel arrangieren. Sobald Ihr Kauf abgeschlossen ist, senden wir Ihnen die vollst\u00e4ndigen Kontaktinformationen (Telefonnummer, E-Mail-Adresse usw.) f\u00fcr unseren \u00f6rtlichen Reiseleiter, um die Abholung zu vereinbaren.<\/p>\n<h3><em>Best\u00e4tigung zus\u00e4tzlicher Informationen<\/em><\/h3>\n<ol>\n<li>Die Tickets sind die Quittung nach der Bezahlung dieser Tour. Sie k\u00f6nnen die Zahlung auf Ihrem Telefon anzeigen.<\/li>\n<li>Der Treffpunkt wird Ihnen nach der Buchung mitgeteilt.<\/li>\n<li>Kinder m\u00fcssen von einem Erwachsenen begleitet werden.<\/li>\n<li>Nicht rollstuhlgerecht<\/li>\n<li>Kleinkinder sollten auf dem Scho\u00df sitzen<\/li>\n<li>F\u00fcr Reisende mit R\u00fcckenproblemen nicht zu empfehlen.<\/li>\n<li>F\u00fcr schwangere Frauen nicht empfohlen.<\/li>\n<li>Keine Herzprobleme oder andere schwerwiegende Erkrankungen.<\/li>\n<li>Die meisten Reisenden k\u00f6nnen teilnehmen.<\/li>\n<\/ol>\n<h3><em>Annullierungspolitik<\/em><\/h3>\n<p>F\u00fcr eine vollst\u00e4ndige R\u00fcckerstattung stornieren Sie bitte mindestens 24 Stunden vor dem Startdatum des Erlebnisses.<\/p>\n\n\t\t<\/div>\n\t<\/div>\n<\/div><\/div><\/div><\/div><div class=\"vc_row wpb_row vc_row-fluid\" ><div class=\"wpb_column vc_column_container vc_col-sm-12\"><div class=\"vc_column-inner\"><div class=\"wpb_wrapper\"><div class=\"vc_empty_space\"   style=\"height: 32px\"><span class=\"vc_empty_space_inner\"><\/span><\/div>\n\t<div class=\"wpb_text_column wpb_content_element\" >\n\t\t<div class=\"wpb_wrapper\">\n\t\t\t<h4>Kontaktieren Sie uns!<\/h4>\n<h5>Abenteuerreservat<\/h5>\n<p><em>Gu\u00edas tur\u00edsticos Locales y nacionales y servicios para hu\u00e9spedes<\/em><\/p>\n<p>Reservierungen: F\u00fchrungen und Ausfl\u00fcge in Dom. Rep.<\/p>\n<p>Tel\/WhatsApp +1-809-720-6035.<\/p>\n<p>info@bookingadventures.com.do<\/p>\n<p>Wir sind flexibel und organisieren private Touren per <strong>WhatsApp: <a href=\"tel:+18097206035\">+18097206035.<\/a><\/strong><\/p>\n\n\t\t<\/div>\n\t<\/div>\n<div class=\"vc_empty_space\"   style=\"height: 32px\"><span class=\"vc_empty_space_inner\"><\/span><\/div><\/div><\/div><\/div><\/div>","protected":false},"excerpt":{"rendered":"<p><strong>Bitte w\u00e4hlen Sie das Datum f\u00fcr die Tour aus:<\/strong><\/p>","protected":false},"featured_media":94,"template":"","meta":[],"product_brand":[],"product_cat":[96,97,135,136,122,443,123,124],"product_tag":[137,138,139,140,141,114,142,143],"class_list":{"0":"post-10905","1":"product","2":"type-product","3":"status-publish","4":"has-post-thumbnail","6":"product_cat-hiking","7":"product_cat-horse-riding-to-waterfalls","8":"product_cat-lunch","9":"product_cat-safari-samana","10":"product_cat-tours-and-excursions","11":"product_cat-tours-y-excursiones-es","12":"product_cat-tours-excursions-los-haitises-national-park","13":"product_cat-tours-excursions-samana-bay-dominican-republic","14":"product_tag-bacardi-island","15":"product_tag-beach-time","16":"product_tag-cayo-levantado","17":"product_tag-el-limon-waterfalls","18":"product_tag-punta-cana","19":"product_tag-sabana-de-la-mar","20":"product_tag-samana","21":"product_tag-samana-tours","23":"first","24":"instock","25":"sale","26":"sold-individually","27":"shipping-taxable","28":"product-type-external"},"_links":{"self":[{"href":"https:\/\/visitaloshaitises.com\/de\/wp-json\/wp\/v2\/product\/10905","targetHints":{"allow":["GET"]}}],"collection":[{"href":"https:\/\/visitaloshaitises.com\/de\/wp-json\/wp\/v2\/product"}],"about":[{"href":"https:\/\/visitaloshaitises.com\/de\/wp-json\/wp\/v2\/types\/product"}],"wp:featuredmedia":[{"embeddable":true,"href":"https:\/\/visitaloshaitises.com\/de\/wp-json\/wp\/v2\/media\/94"}],"wp:attachment":[{"href":"https:\/\/visitaloshaitises.com\/de\/wp-json\/wp\/v2\/media?parent=10905"}],"wp:term":[{"taxonomy":"product_brand","embeddable":true,"href":"https:\/\/visitaloshaitises.com\/de\/wp-json\/wp\/v2\/product_brand?post=10905"},{"taxonomy":"product_cat","embeddable":true,"href":"https:\/\/visitaloshaitises.com\/de\/wp-json\/wp\/v2\/product_cat?post=10905"},{"taxonomy":"product_tag","embeddable":true,"href":"https:\/\/visitaloshaitises.com\/de\/wp-json\/wp\/v2\/product_tag?post=10905"}],"curies":[{"name":"wp","href":"https:\/\/api.w.org\/{rel}","templated":true}]}}