{"id":11661,"date":"2023-10-04T07:40:08","date_gmt":"2023-10-04T07:40:08","guid":{"rendered":"https:\/\/haitises.com\/?post_type=product&#038;p=11661"},"modified":"2024-04-01T00:21:14","modified_gmt":"2024-04-01T00:21:14","slug":"day-pass-cano-hondo-natural-pools-lunch-included-3","status":"publish","type":"product","link":"https:\/\/visitaloshaitises.com\/da\/private\/dag-pas-cano-hondo-naturlige-pools-frokost-inkluderet\/","title":{"rendered":"Dagspas Ca\u00f1o Hondo \u2013 naturlige pools og frokost inkluderet"},"content":{"rendered":"<div class=\"vc_row wpb_row vc_row-fluid\" ><div class=\"wpb_column vc_column_container vc_col-sm-12\"><div class=\"vc_column-inner\"><div class=\"wpb_wrapper\"><div class=\"vc_message_box vc_message_box-standard vc_message_box-rounded vc_color-info\" ><div class=\"vc_message_box-icon\"><i class=\"fas fa-info-circle\"><\/i><\/div><p>Book lave priser i Cano Hondo Rooms <a href=\"http:\/\/dominican-republic-hotels.com\/hotel\/cano-hondo-hotel-eco-lodge\/\" target=\"_blank\" rel=\"noopener\">Klik her.<\/a><\/p>\n<\/div><div class=\"vc_btn3-container vc_btn3-inline\" ><button class=\"vc_general vc_btn3 vc_btn3-size-md vc_btn3-shape-rounded vc_btn3-style-modern vc_btn3-color-green\">BOOK NU<\/button><\/div>\n\t<div class=\"wpb_text_column wpb_content_element\" >\n\t\t<div class=\"wpb_wrapper\">\n\t\t\t<div class=\"vc_row wpb_row vc_row-fluid\">\n<div class=\"wpb_column vc_column_container vc_col-sm-12\">\n<div class=\"vc_column-inner\">\n<div class=\"wpb_wrapper\">\n<div class=\"wpb_text_column wpb_content_element\">\n<div class=\"wpb_wrapper\">\n<h2 class=\"mkdf-single-product-title\">Dagspas Ca\u00f1o Hondo \u2013 naturlige pools og frokost inkluderet<\/h2>\n<h4><b><i>Beskrivelse<\/i><\/b><\/h4>\n<p>Ca\u00f1o Hondo Day Pass Billet til vores naturlige udend\u00f8rs swimmingpools med frokostbuffet inkluderet. Hver dag fra 8:30 til 17:00.<\/p>\n<div class=\"wpb_text_column wpb_content_element\">\n<div class=\"wpb_wrapper\">\n<p>Pools er fuldst\u00e6ndig biologiske uden behov for klor eller kemikalier, der udvikler sin egen naturlige \u00f8kologi og afbalancerede \u00f8kosystem ved at blive designet og bygget p\u00e5 en bestemt m\u00e5de. N\u00e5r balancen er opn\u00e5et, er vandet naturligt klart som i en bjergs\u00f8.<\/p>\n<\/div>\n<\/div>\n<div class=\"wpb_text_column wpb_content_element\">\n<div class=\"wpb_wrapper\">\n<p><strong>Nyd Natural Eco-pools, der blander sig smukt ind i det fredelige og originale landskab i Los Haitises National Park, Sabana de la Mar. <\/strong><\/p>\n<p style=\"text-align: center;\"><strong>Tilbring en vidunderlig dag med din familie eller venner.<\/strong><\/p>\n<\/div>\n<\/div>\n<p>&nbsp;<\/p>\n<h3><b>Inklusion og Eksklusioner<\/b><\/h3>\n<p><b>Inklusioner<\/b><\/p>\n<ol>\n<li>Frokost \u2013 Buffet<\/li>\n<li>Adgang til naturlige sv\u00f8mmebassiner<\/li>\n<\/ol>\n<p><b>Udelukkelser (ikke inkluderet)<\/b><\/p>\n<ol>\n<li>Transport<\/li>\n<li>Alkoholiske drikkevarer<\/li>\n<\/ol>\n<p>&nbsp;<\/p>\n<h4><em><strong>Hvorfor k\u00f8be billet?<\/strong><\/em><\/h4>\n<p>Foretag venligst en reservation p\u00e5 forh\u00e5nd for at etablere plads i vores restaurant og tilberede frokostbuffeten til dig. N\u00e5r du har foretaget reservationen, vil vores repr\u00e6sentanter kontakte dig for at give dig mere information \u2013 Hvordan kommer du til vores sted, hvad er menuen p\u00e5 frokostbuffeten og for at besvare alle dine sp\u00f8rgsm\u00e5l.<\/p>\n<p><strong>Bem\u00e6rk: Gratis for b\u00f8rn under 3 \u00e5r. B\u00f8rn fra 4 til 10 \u00e5r betaler kun halv pris.<\/strong><\/p>\n<h2 style=\"text-align: center;\"><strong>Mineralvandsswimmingpools designet og bygget med sans for detaljer og kreativitet.<\/strong><\/h2>\n<p><strong>Tid:<\/strong><\/p>\n<p>8:30 \u2013 17:00<\/p>\n<p>&nbsp;<\/p>\n<h4><em><strong>Hvad skal du tage med?<\/strong><\/em><\/h4>\n<ul>\n<li>Kamera<\/li>\n<li>\u00a0Frast\u00f8dende<\/li>\n<li>solcreme<\/li>\n<\/ul>\n<p>&nbsp;<\/p>\n<h4><i>Transport: <\/i><\/h4>\n<p>Transport er ikke inkluderet.<\/p>\n<p><b>Bem\u00e6rk: Hvis du \u00f8nsker en overf\u00f8rsel, bedes du kontakte os.<\/b><\/p>\n<h4><b><i>Afbestillingspolitik<\/i><\/b><\/h4>\n<p>For en fuld refusion, l\u00e6s venligst vores afbestillingspolitikker i sidefoden.<\/p>\n<\/div>\n<\/div>\n<\/div>\n<\/div>\n<\/div>\n<\/div>\n<div class=\"vc_row wpb_row vc_row-fluid\">\n<div class=\"wpb_column vc_column_container vc_col-sm-12\">\n<div class=\"vc_column-inner\">\n<div class=\"wpb_wrapper\">\n<div class=\"wpb_text_column wpb_content_element\">\n<div class=\"wpb_wrapper\">\n<p>&nbsp;<\/p>\n<h3 style=\"text-align: center;\">Du kan ogs\u00e5 nyde adskillige aktiviteter og udflugter med lokal turguide.<\/h3>\n<p><strong>Liste over aktiviteter:<\/strong><br \/>\nLynl\u00e5s for<br \/>\nKlippev\u00e6gs klatring<br \/>\nRidning<br \/>\nGuidede eller selvguidede vandreture i Los Haitises<br \/>\nKajaksejlads i Los Haitises<br \/>\nGuidede b\u00e5dture til Los Haitises<br \/>\nHvalsafari (fra 15. januar \u2013 20. marts)<br \/>\nGuidet fuglekiggeri<br \/>\nCayo Levantado\/Bacardi-\u00f8en<br \/>\nDyreliv og natur<br \/>\nVandfald El Limon, Samana<\/p>\n<p><strong>For mere information om aktiviteter og udflugter, kontakt os venligst. Du kan ogs\u00e5 <a href=\"http:\/\/haitises.com\/\" target=\"_blank\" rel=\"noopener\">Book her.<\/a><\/strong><\/p>\n<h4><b><i>Afbestillingspolitik<\/i><\/b><\/h4>\n<p>For fuld refusion, l\u00e6s venligst vores afbestillingspolitikker\u00a0<a href=\"https:\/\/www.ticketswhales.com\/online-booking\/\" target=\"_blank\" rel=\"noopener\" data-saferedirecturl=\"https:\/\/www.google.com\/url?q=https:\/\/www.ticketswhales.com\/online-booking\/&amp;source=gmail&amp;ust=1672449202351000&amp;usg=AOvVaw1yAeVAPktmaVCqDujgUn90\">Klik her<\/a>. Penge vil g\u00e5 tabt, hvis reservationen annulleres samme dag p\u00e5 rejsen.<\/p>\n<\/div>\n<\/div>\n<\/div>\n<\/div>\n<\/div>\n<\/div>\n\n\t\t<\/div>\n\t<\/div>\n<\/div><\/div><\/div><\/div><div class=\"vc_row wpb_row vc_row-fluid\" ><div class=\"wpb_column vc_column_container vc_col-sm-12\"><div class=\"vc_column-inner\"><div class=\"wpb_wrapper\"><div class=\"vc_btn3-container vc_btn3-inline\" ><button class=\"vc_general vc_btn3 vc_btn3-size-md vc_btn3-shape-rounded vc_btn3-style-modern vc_btn3-color-green\">BOOK NU<\/button><\/div><\/div><\/div><\/div><\/div>","protected":false},"excerpt":{"rendered":"<p>K\u00f8b en dagskortbillet Naturlige sv\u00f8mmebassiner p\u00e5 Ca\u00f1o Hondo Hotel i Los Haitises National Park, Sabana de la Mar. Frokost er inkluderet.<\/p>\n<p>For mere information, kontakt os venligst.<\/p>","protected":false},"featured_media":435,"template":"","meta":[],"product_brand":[],"product_cat":[15,565,135,572],"product_tag":[339,126,340,341,132,133,200,342,343,114,142,143],"class_list":{"0":"post-11661","1":"product","2":"type-product","3":"status-publish","4":"has-post-thumbnail","6":"product_cat-uncategorized","7":"product_cat-1-sabana-de-la-mar","8":"product_cat-lunch","9":"product_cat-natural-pools-los-haitises","10":"product_tag-altos-cano-hondo","11":"product_tag-cano-hondo","12":"product_tag-cano-hondo-day-pass","13":"product_tag-cano-hondo-sabana-de-la-mar","14":"product_tag-los-haitises","15":"product_tag-los-haitises-national-park","16":"product_tag-los-haitises-tours","17":"product_tag-paraiso-cano-hondo","18":"product_tag-parque-los-haitises","19":"product_tag-sabana-de-la-mar","20":"product_tag-samana","21":"product_tag-samana-tours","23":"first","24":"instock","25":"sale","26":"sold-individually","27":"shipping-taxable","28":"product-type-external"},"_links":{"self":[{"href":"https:\/\/visitaloshaitises.com\/da\/wp-json\/wp\/v2\/product\/11661","targetHints":{"allow":["GET"]}}],"collection":[{"href":"https:\/\/visitaloshaitises.com\/da\/wp-json\/wp\/v2\/product"}],"about":[{"href":"https:\/\/visitaloshaitises.com\/da\/wp-json\/wp\/v2\/types\/product"}],"wp:featuredmedia":[{"embeddable":true,"href":"https:\/\/visitaloshaitises.com\/da\/wp-json\/wp\/v2\/media\/435"}],"wp:attachment":[{"href":"https:\/\/visitaloshaitises.com\/da\/wp-json\/wp\/v2\/media?parent=11661"}],"wp:term":[{"taxonomy":"product_brand","embeddable":true,"href":"https:\/\/visitaloshaitises.com\/da\/wp-json\/wp\/v2\/product_brand?post=11661"},{"taxonomy":"product_cat","embeddable":true,"href":"https:\/\/visitaloshaitises.com\/da\/wp-json\/wp\/v2\/product_cat?post=11661"},{"taxonomy":"product_tag","embeddable":true,"href":"https:\/\/visitaloshaitises.com\/da\/wp-json\/wp\/v2\/product_tag?post=11661"}],"curies":[{"name":"wp","href":"https:\/\/api.w.org\/{rel}","templated":true}]}}