{"id":11473,"date":"2021-10-15T07:23:50","date_gmt":"2021-10-15T07:23:50","guid":{"rendered":"https:\/\/haitises.com\/?post_type=product&#038;p=11473"},"modified":"2021-10-15T07:24:29","modified_gmt":"2021-10-15T07:24:29","slug":"altos-de-cano-hondo-free-breakfast-for-5-guests","status":"publish","type":"product","link":"https:\/\/visitaloshaitises.com\/da\/private\/altos-de-cano-hondo-free-breakfast-for-5-guests\/","title":{"rendered":"Altos De Ca\u00f1o Hondo &#038; Free Breakfast for 5 Guests"},"content":{"rendered":"<div class=\"vc_row wpb_row vc_row-fluid\" ><div class=\"wpb_column vc_column_container vc_col-sm-12\"><div class=\"vc_column-inner\"><div class=\"wpb_wrapper\">\n\t<div class=\"wpb_text_column wpb_content_element\" >\n\t\t<div class=\"wpb_wrapper\">\n\t\t\t<p data-name-en=\"roomsize\"><strong>Gratis WiFi p\u00e5 v\u00e6relset eller lobbyen,\u00a0<\/strong><strong>Gratis parkering, daglig reng\u00f8ring<\/strong><\/p>\n<p data-name-en=\"roomsize\"><em>(Free Breakfast for 5 Guests)<\/em><\/p>\n<h4 class=\"hprt-lightbox-title\" data-et-view=\"ZdffZZLJbFcFbRAOAcEUJXDbNZRO:1\"><strong>P\u00e5 dit badev\u00e6relse:<\/strong><\/h4>\n<ul class=\"hprt-lightbox-list js-lightbox-facilities\" data-nr-of-facilities=\"4\" data-et-view=\"\">\n<li class=\"hprt-lightbox-list__item js-lightbox-facility\" data-name-en=\"Shower\" data-id=\"4\">\u2022 Bruser<\/li>\n<li class=\"hprt-lightbox-list__item js-lightbox-facility\" data-name-en=\"Free Toiletries\" data-id=\"27\">\u2022 Gratis toiletartikler<\/li>\n<li class=\"hprt-lightbox-list__item js-lightbox-facility\" data-name-en=\"Bathroom\" data-id=\"38\">\u2022 Ensuite badev\u00e6relse<\/li>\n<li class=\"hprt-lightbox-list__item js-lightbox-facility\" data-name-en=\"higher level toilet\" data-id=\"151\">\u2022 H\u00e6vet toilet<\/li>\n<\/ul>\n<h4 class=\"hprt-lightbox-title\"><strong>V\u00e6relsesfaciliteter:<\/strong><\/h4>\n<ul class=\"hprt-lightbox-list js-lightbox-facilities\" data-nr-of-facilities=\"10\">\n<li style=\"list-style-type: none;\">\n<ul class=\"hprt-lightbox-list js-lightbox-facilities\" data-nr-of-facilities=\"10\">\n<li class=\"hprt-lightbox-list__item js-lightbox-facility\" data-name-en=\"Balcony\" data-id=\"17\">\u2022 Altan<\/li>\n<li class=\"hprt-lightbox-list__item js-lightbox-facility\" data-name-en=\"Garden View\" data-id=\"110\">\u2022Havudsigt<\/li>\n<li class=\"hprt-lightbox-list__item js-lightbox-facility\" data-name-en=\"Fan\" data-id=\"30\">\u2022 Ventilator<\/li>\n<li class=\"hprt-lightbox-list__item js-lightbox-facility\" data-name-en=\"Tumble dryer (machine)\" data-id=\"94\">\u2022M\u00f8bel<\/li>\n<li>\u2022 3 Double beds<\/li>\n<li class=\"hprt-lightbox-list__item js-lightbox-facility\" data-name-en=\"Wardrobe\/Closet\" data-id=\"95\">\u2022 Garderobe eller skab<\/li>\n<\/ul>\n<\/li>\n<\/ul>\n<p>[L\u00e6s mere]<\/p>\n<div>\n<h4><strong>G\u00e6steadgang:<\/strong><\/h4>\n<ul>\n<li>\u2022 24-timers reception<\/li>\n<li>\u2022 16 r\u00f8gfrie v\u00e6relser<\/li>\n<li>\u2022 Restaurant og bar<\/li>\n<li>\u2022 Flersproget personale<\/li>\n<li>\u2022 En lazy river og 11 udend\u00f8rs naturlige pools<\/li>\n<li>\u2022 Tagterrasse<\/li>\n<li>\u2022Have<\/li>\n<li>\u2022 Picnic omr\u00e5de<\/li>\n<li>\u2022 Daglig reng\u00f8ring<\/li>\n<li>\u2022 Vaskeservice<\/li>\n<\/ul>\n<h2><strong><em>V\u00e6relseskomfort:<\/em><\/strong><\/h2>\n<ul>\n<li>loftsventilator<\/li>\n<li>Individuelt indrettet<\/li>\n<li>H\u00e5rt\u00f8rrer (p\u00e5 foresp\u00f8rgsel)<\/li>\n<li>Gratis flaskevand<\/li>\n<li>Altan<\/li>\n<li>daglig reng\u00f8ring<\/li>\n<li>24-timers reception<\/li>\n<li>Smuk udsigt<\/li>\n<\/ul>\n<p>[\/L\u00e6s]<\/p>\n<hr \/>\n<h2>Flere detaljer om Ca\u00f1o Hondo:<\/h2>\n<h2><strong><em>B\u00e5l &amp; Camping<\/em><\/strong><\/h2>\n<p>Nyd et natb\u00e5l under et t\u00e6ppe af stjerner ... ingen lysforurening bare en m\u00f8rk nattehimmel og lyden af liv i tropisk skov.<\/p>\n<p>Ud over god service kan du nyde typisk lokal mad (frisk fisk og skaldyr) eller udend\u00f8rs aktiviteter og udflugter med en lokal professionel rejseguide.<\/p>\n<p>Hvert af vores 16 v\u00e6relser er opkaldt efter fugle, der kan findes i nationalparken Los Haitises (der er omkring 110 arter i parken). Frem for alt er v\u00e6relserne individuelt indrettede, fuldt ud positiv energi, der giver et bedre ophold p\u00e5 Ca\u00f1o Hondo. Du kan nyde udsigten over San Lorenzo-bugten og Samana-bugten!<\/p>\n<p>&nbsp;<\/p>\n<hr \/>\n<h2>Specialtilbud Ca\u00f1o Hondo Aktiviteter og udflugter<\/h2>\n<ul>\n<li>Liste over aktiviteter og udflugter:<\/li>\n<li>Lynl\u00e5s for<\/li>\n<li>Klippev\u00e6gs klatring<\/li>\n<li>Ridning<\/li>\n<li>Vandresti i nationalparken (2 eller 4 timer, kan kombineres med kajaksejlads)<\/li>\n<li>Kajaksejlads (2 eller 4 timer, kan kombineres med vandreture)<\/li>\n<li>Guidede b\u00e5dture til Los Haitises bes\u00f8ger grotter<\/li>\n<li>Hvalsafari (s\u00e6son fra 15. januar \u2013 30. marts)<\/li>\n<li>Guidet fuglekiggeri<\/li>\n<li>Oplev Los Haitises park p\u00e5 kanoen<\/li>\n<li>Cayo Levantado\/Bacardi Island<\/li>\n<li>El Limon vandfald<\/li>\n<li>Fronton Beach<\/li>\n<li>Dj\u00e6velens mund<\/li>\n<li>ATV + El Valle Strand<\/li>\n<\/ul>\n<p>Vi laver private eller grupperejser, kombinerede pakker, der passer til vores g\u00e6ster. For mere information om aktiviteter og udflugter, kontakt os venligst.<\/p>\n<h2><span class=\"_6ijom0\">Ca\u00f1o Hondo G\u00e6steadgang<\/span><\/h2>\n<p>Hvad er der omkring\u2026<\/p>\n<ol>\n<li>16 r\u00f8gfrie v\u00e6relser<\/li>\n<li>Restaurant og bar\/lounge<\/li>\n<li>Lazy river og 15 udend\u00f8rs pools<\/li>\n<li>Gratis vandland<\/li>\n<li>Tagterrasse<\/li>\n<li>24-timers reception<\/li>\n<li>daglig reng\u00f8ring<\/li>\n<li>Udsigt til haven<\/li>\n<li>Vaskeservice<\/li>\n<li>Flersproget personale<\/li>\n<li>Concierge-tjenester<\/li>\n<li>Picnic omr\u00e5de<\/li>\n<li>Gratis morgenbuffet, gratis wi-fi p\u00e5 f\u00e6llesomr\u00e5der og gratis parkering<\/li>\n<\/ol>\n<\/div>\n\n\t\t<\/div>\n\t<\/div>\n<\/div><\/div><\/div><\/div><div class=\"vc_row wpb_row vc_row-fluid\" ><div class=\"wpb_column vc_column_container vc_col-sm-12\"><div class=\"vc_column-inner\"><div class=\"wpb_wrapper\">\n\t<div class=\"wpb_text_column wpb_content_element\" >\n\t\t<div class=\"wpb_wrapper\">\n\t\t\t<h2><em>Andre v\u00e6relsesmuligheder<\/em><\/h2>\n\n\t\t<\/div>\n\t<\/div>\n<\/div><\/div><\/div><\/div><div class=\"vc_row wpb_row vc_row-fluid\" ><div class=\"wpb_column vc_column_container vc_col-sm-12\"><div class=\"vc_column-inner\"><div class=\"wpb_wrapper\"><div class=\"woocommerce columns-3\"><ul class=\"products columns-3\">\n<li class=\"product type-product post-11916 status-publish first instock product_cat-1-samana product_cat-boat-trip-los-haitises product_cat-caves product_cat-hiking product_cat-kayaking product_cat-local-tour-guides product_cat-lunch product_cat-mangroves product_cat-natural-pools-los-haitises product_cat-swimming-natural-springs product_cat-tours-and-excursions product_cat-tours-excursions-los-haitises-national-park product_cat-tours-excursions-samana-bay-dominican-republic product_tag-cano-hondo product_tag-cano-hondo-hotel product_tag-cano-hondo-tours product_tag-day-tour-cano-hondo product_tag-los-haitises product_tag-los-haitises-national-park product_tag-mangroves-los-haitises product_tag-samana-bay product_tag-samana-excursions product_tag-samana-tours has-post-thumbnail sale sold-individually shipping-taxable product-type-external\">\n\t<div class=\"mkdf-pl-inner\"><div class=\"mkdf-pl-image\">\n\t<span class=\"mkdf-onsale\">SALE<\/span>\n\t<img loading=\"lazy\" decoding=\"async\" width=\"300\" height=\"300\" src=\"https:\/\/visitaloshaitises.com\/wp-content\/uploads\/2020\/06\/cano-hondo-300x300.jpg\" class=\"attachment-woocommerce_thumbnail size-woocommerce_thumbnail\" alt=\"Haitises + Piscina tropical\" srcset=\"https:\/\/visitaloshaitises.com\/wp-content\/uploads\/2020\/06\/cano-hondo-300x300.jpg 300w, https:\/\/visitaloshaitises.com\/wp-content\/uploads\/2020\/06\/cano-hondo-100x100.jpg 100w, https:\/\/visitaloshaitises.com\/wp-content\/uploads\/2020\/06\/cano-hondo-150x150.jpg 150w, https:\/\/visitaloshaitises.com\/wp-content\/uploads\/2020\/06\/cano-hondo-550x550.jpg 550w\" sizes=\"auto, (max-width: 300px) 100vw, 300px\" \/><div class=\"mkdf-pl-text\"><div class=\"mkdf-pl-text-outer\"><div class=\"mkdf-pl-text-inner\"><a href=\"https:\/\/bookingadventures.tours\/booking.php?slug=Los_Haitises_National_Park__Lunch_at_Cao_Hondo_from_Sabana_de_la_Mar\" aria-describedby=\"woocommerce_loop_add_to_cart_link_describedby_11916\" data-quantity=\"1\" class=\"button product_type_external\" data-product_id=\"11916\" data-product_sku=\"\" aria-label=\"BOOK NU\" rel=\"nofollow noopener\" target=\"_blank\">BOOK NU<\/a>\t<span id=\"woocommerce_loop_add_to_cart_link_describedby_11916\" class=\"screen-reader-text\">\n\t\t\t<\/span>\n<\/div><\/div><\/div><\/div><a href=\"https:\/\/visitaloshaitises.com\/da\/private\/los-haitises-nationalpark-frokost-i-cano-hondo-fra-samana-havn-2\/\" class=\"woocommerce-LoopProduct-link woocommerce-loop-product__link\"><\/a><\/div><div class=\"mkdf-pl-text-wrapper\"><h4 class=\"mkdf-product-list-title\"><a href=\"https:\/\/visitaloshaitises.com\/da\/private\/los-haitises-nationalpark-frokost-i-cano-hondo-fra-samana-havn-2\/\">Haitises + Piscina tropical<\/a><\/h4>\n\t<span class=\"price\"><del aria-hidden=\"true\"><span class=\"woocommerce-Price-amount amount\"><bdi><span class=\"woocommerce-Price-currencySymbol\">&#36;<\/span>150.00<\/bdi><\/span><\/del> <span class=\"screen-reader-text\" data-no-translation=\"\" data-trp-gettext=\"\">Den oprindelige pris var: &#036;150.00.<\/span><ins aria-hidden=\"true\"><span class=\"woocommerce-Price-amount amount\"><bdi><span class=\"woocommerce-Price-currencySymbol\">&#36;<\/span>97.50<\/bdi><\/span><\/ins><span class=\"screen-reader-text\" data-no-translation=\"\" data-trp-gettext=\"\">Den aktuelle pris er: &#036;97.50.<\/span><\/span>\n<\/div><\/li><li class=\"product type-product post-11912 status-publish instock product_cat-1-samana product_cat-boat-trip-los-haitises product_cat-tours-excursions-los-haitises-national-park product_cat-tours-excursions-samana-bay-dominican-republic product_tag-bacardi-island product_tag-bacardi-island-tours product_tag-birdwatching product_tag-boat-tour product_tag-caves-los-haitises product_tag-cayo-levantado product_tag-cayo-levantado-tour product_tag-eco-tours product_tag-excursiones-a-los-haitises-y-cayo-levantado product_tag-haitises-park-and-cayo-levantado-island product_tag-los-haitises product_tag-los-haitises-excursiones product_tag-los-haitises-excursions product_tag-los-haitises-mapa product_tag-los-haitises-mas-cayo-levantado product_tag-los-haitises-national-park product_tag-los-haitises-national-park-map product_tag-los-haitises-national-park-mas-cayo-levantado product_tag-los-haitises-national-park-tour-from-las-terrenas product_tag-los-haitises-national-park-tour-from-samana-port-bacardi-island-cayo-levantado product_tag-los-haitises-national-park-tour-from-santo-domingo product_tag-los-haitises-park-tour-cayo-levantado-island product_tag-los-haitises-samana product_tag-los-haitises-y-cayo-levantado product_tag-sabana-de-la-mar product_tag-samana product_tag-samana-excursions product_tag-samana-tours product_tag-tour-los-haitises-national-park-cayo-levantado has-post-thumbnail sale sold-individually shipping-taxable product-type-external\">\n\t<div class=\"mkdf-pl-inner\"><div class=\"mkdf-pl-image\">\n\t<span class=\"mkdf-onsale\">SALE<\/span>\n\t<img loading=\"lazy\" decoding=\"async\" width=\"274\" height=\"184\" src=\"https:\/\/visitaloshaitises.com\/wp-content\/uploads\/2020\/06\/The-Haitises-National-Park-sand-cave.jpg\" class=\"attachment-woocommerce_thumbnail size-woocommerce_thumbnail\" alt=\"Private: Los Haitises &amp; Cayo Levantado from Samana\" srcset=\"https:\/\/visitaloshaitises.com\/wp-content\/uploads\/2020\/06\/The-Haitises-National-Park-sand-cave.jpg 274w, https:\/\/visitaloshaitises.com\/wp-content\/uploads\/2020\/06\/The-Haitises-National-Park-sand-cave-64x43.jpg 64w\" sizes=\"auto, (max-width: 274px) 100vw, 274px\" \/><div class=\"mkdf-pl-text\"><div class=\"mkdf-pl-text-outer\"><div class=\"mkdf-pl-text-inner\"><a href=\"https:\/\/bookingadventures.tours\/booking.php?slug=SAMANA__LOS_HAITISES__CAYO_LEVANTADO\" aria-describedby=\"woocommerce_loop_add_to_cart_link_describedby_11912\" data-quantity=\"1\" class=\"button product_type_external\" data-product_id=\"11912\" data-product_sku=\"\" aria-label=\"BOOK NU\" rel=\"nofollow noopener\" target=\"_blank\">BOOK NU<\/a>\t<span id=\"woocommerce_loop_add_to_cart_link_describedby_11912\" class=\"screen-reader-text\">\n\t\t\t<\/span>\n<\/div><\/div><\/div><\/div><a href=\"https:\/\/visitaloshaitises.com\/da\/private\/privat-tur-til-los-haitises-nationalpark-fra-samana-port-bacardi-oen-cayo-levantado\/\" class=\"woocommerce-LoopProduct-link woocommerce-loop-product__link\"><\/a><\/div><div class=\"mkdf-pl-text-wrapper\"><h4 class=\"mkdf-product-list-title\"><a href=\"https:\/\/visitaloshaitises.com\/da\/private\/privat-tur-til-los-haitises-nationalpark-fra-samana-port-bacardi-oen-cayo-levantado\/\">Private: Los Haitises &#038; Cayo Levantado from Samana<\/a><\/h4>\n\t<span class=\"price\"><del aria-hidden=\"true\"><span class=\"woocommerce-Price-amount amount\"><bdi><span class=\"woocommerce-Price-currencySymbol\">&#36;<\/span>80.00<\/bdi><\/span><\/del> <span class=\"screen-reader-text\" data-no-translation=\"\" data-trp-gettext=\"\">Den oprindelige pris var: &#036;80.00.<\/span><ins aria-hidden=\"true\"><span class=\"woocommerce-Price-amount amount\"><bdi><span class=\"woocommerce-Price-currencySymbol\">&#36;<\/span>70.00<\/bdi><\/span><\/ins><span class=\"screen-reader-text\" data-no-translation=\"\" data-trp-gettext=\"\">Den aktuelle pris er: &#036;70.00.<\/span><\/span>\n<\/div><\/li><li class=\"product type-product post-11703 status-publish last instock product_cat-1-samana product_cat-boat-trip-los-haitises product_cat-cano-hondo product_cat-cano-hondo-2021 product_cat-los-haitises-national-park product_cat-natural-pools-los-haitises product_cat-tour-excursion product_cat-tours-excursions product_cat-tours-excursions-whale-watching-samana-bay-dominican-republic product_cat-whale-miches product_cat-whale-sabana-de-la-mar product_cat-whale-samana product_cat-whale-watching product_cat-whale-watching-puerto-plata product_cat-whale-watching-punta-cana product_cat-whale-watching-samana product_cat-whale-watching-samana-bay product_tag-bacardi-island product_tag-cano-hondo product_tag-cayo-levantado product_tag-los-haitises product_tag-samana product_tag-samana-tour product_tag-whale product_tag-whale-punta-cana product_tag-whale-sabana-de-la-mar product_tag-whale-samana product_tag-whale-watching-dominican-republic product_tag-whales-in-samana product_tag-whales-trips has-post-thumbnail sale shipping-taxable product-type-external\">\n\t<div class=\"mkdf-pl-inner\"><div class=\"mkdf-pl-image\">\n\t<span class=\"mkdf-onsale\">SALE<\/span>\n\t<img loading=\"lazy\" decoding=\"async\" width=\"300\" height=\"300\" src=\"https:\/\/visitaloshaitises.com\/wp-content\/uploads\/2021\/04\/whales-123-300x300.jpg\" class=\"attachment-woocommerce_thumbnail size-woocommerce_thumbnail\" alt=\"Udflugt til hvalsafari Saman\u00e1 Bay + Ca\u00f1o Hondo + Los Haitises fra Saman\u00e1 havn\" srcset=\"https:\/\/visitaloshaitises.com\/wp-content\/uploads\/2021\/04\/whales-123-300x300.jpg 300w, https:\/\/visitaloshaitises.com\/wp-content\/uploads\/2021\/04\/whales-123-100x100.jpg 100w, https:\/\/visitaloshaitises.com\/wp-content\/uploads\/2021\/04\/whales-123-150x150.jpg 150w, https:\/\/visitaloshaitises.com\/wp-content\/uploads\/2021\/04\/whales-123-85x85.jpg 85w, https:\/\/visitaloshaitises.com\/wp-content\/uploads\/2021\/04\/whales-123-550x550.jpg 550w\" sizes=\"auto, (max-width: 300px) 100vw, 300px\" \/><div class=\"mkdf-pl-text\"><div class=\"mkdf-pl-text-outer\"><div class=\"mkdf-pl-text-inner\"><a href=\"https:\/\/bookingadventures.tours\/booking.php?slug=Whale_Watching_Saman_Bay__Cao_Hondo__Los_Haitises_from_Saman_port\" aria-describedby=\"woocommerce_loop_add_to_cart_link_describedby_11703\" data-quantity=\"1\" class=\"button product_type_external\" data-product_id=\"11703\" data-product_sku=\"\" aria-label=\"BOOK NU\" rel=\"nofollow noopener\" target=\"_blank\">BOOK NU<\/a>\t<span id=\"woocommerce_loop_add_to_cart_link_describedby_11703\" class=\"screen-reader-text\">\n\t\t\t<\/span>\n<\/div><\/div><\/div><\/div><a href=\"https:\/\/visitaloshaitises.com\/da\/private\/udflugt-hvalsafari-samana-bugten-cano-hondo-los-haitises-fra-samana-havn\/\" class=\"woocommerce-LoopProduct-link woocommerce-loop-product__link\"><\/a><\/div><div class=\"mkdf-pl-text-wrapper\"><h4 class=\"mkdf-product-list-title\"><a href=\"https:\/\/visitaloshaitises.com\/da\/private\/udflugt-hvalsafari-samana-bugten-cano-hondo-los-haitises-fra-samana-havn\/\">Udflugt til hvalsafari Saman\u00e1 Bay + Ca\u00f1o Hondo + Los Haitises fra Saman\u00e1 havn<\/a><\/h4>\n\t<span class=\"price\"><del aria-hidden=\"true\"><span class=\"woocommerce-Price-amount amount\"><bdi><span class=\"woocommerce-Price-currencySymbol\">&#36;<\/span>150.00<\/bdi><\/span><\/del> <span class=\"screen-reader-text\" data-no-translation=\"\" data-trp-gettext=\"\">Den oprindelige pris var: &#036;150.00.<\/span><ins aria-hidden=\"true\"><span class=\"woocommerce-Price-amount amount\"><bdi><span class=\"woocommerce-Price-currencySymbol\">&#36;<\/span>140.00<\/bdi><\/span><\/ins><span class=\"screen-reader-text\" data-no-translation=\"\" data-trp-gettext=\"\">Den aktuelle pris er: &#036;140.00.<\/span><\/span>\n<\/div><\/li><\/ul>\n<\/div><\/div><\/div><\/div><\/div>","protected":false},"excerpt":{"rendered":"<h2><strong>Cano Hondo Hotel<\/strong><\/h2>\n<p><em>(Free Breakfast for 5 Guests)<\/em><\/p>\n<p>Eco-Lodge er magisk, fredeligt og originalt sted at bo. Dette naturlige og autentiske hotel er beliggende i den ber\u00f8mte Los Haitises Nationalpark i Sabana de la Mar. Alle vores v\u00e6relser er fulde af positiv energi med fantastisk udsigt til San Lorenzo-bugten og Samana-bugten! V\u00e6relserne har eget badev\u00e6relse med varmt vand og loftsventilator. Morgenmad er inkluderet, gratis drikkevand og kaffe tilbydes hele dagen. Du kan ogs\u00e5 v\u00e6lge fra vores madplaner.<br \/>\n[L\u00e6s mere]<\/p>\n<h2><strong><em><span class=\"_6ijom0\">\u00a0Cano Hondo <\/span><\/em><\/strong><em><strong>Naturlige sv\u00f8mmebassiner<\/strong><\/em><\/h2>\n<p>Nyd naturlige \u00f8ko-pools med sundt og forfriskende vand, der falder smukt ind i landskabet med din familie eller g\u00e6ster. Bassinerne er fuldst\u00e6ndig biologiske uden behov for klor eller kemikalier, der udvikler sin egen naturlige \u00f8kologi og afbalancerede \u00f8kosystem ved at v\u00e6re designet og bygget p\u00e5 en bestemt m\u00e5de.<\/p>\n<h2><em><strong>Ca\u00f1o Hondo b\u00f8rneregler:<\/strong><\/em><\/h2>\n<p>-B\u00f8rn 2-10 \u00e5r betaler b\u00f8rnetaksten<br \/>\n-Under 2 \u00e5r uden beregning<\/p>\n<h2><em><strong>Cano Hondo Restaurant:\u00a0<\/strong><\/em><\/h2>\n<p>Der er en menu med mange muligheder, som du kan v\u00e6lge imellem. En drik er ogs\u00e5 inkluderet per person til hvert m\u00e5ltid. Alkoholiske drikkevarer er tilg\u00e6ngelige mod et gebyr, ligesom yderligere drikkevarer.<\/p>\n<p>Hotellets menu fort\u00e6ller sk\u00e6ve historier om indf\u00f8dte ord og sagnomspundne historier om omr\u00e5det. Det fremh\u00e6ver ogs\u00e5 regionens typiske retter som krabbe, konkylie og minutas, en lille ferskvandsfisk, der nydes lokalt, krydret og stegt. Friske naturlige frugtjuicer roteres dagligt: lime, melon, mango, tamarind, ananas osv.<br \/>\n[\/L\u00e6s]<\/p>","protected":false},"featured_media":11500,"template":"","meta":[],"product_brand":[],"product_cat":[558,560,563],"product_tag":[339,521,126,340,127,447,562,342],"class_list":{"0":"post-11473","1":"product","2":"type-product","3":"status-publish","4":"has-post-thumbnail","6":"product_cat-all-rooms","7":"product_cat-hotel-cano-hondo","8":"product_cat-room-hotel-cano-hondo","9":"product_tag-altos-cano-hondo","10":"product_tag-altos-de-cano-hondo","11":"product_tag-cano-hondo","12":"product_tag-cano-hondo-day-pass","13":"product_tag-cano-hondo-hotel","14":"product_tag-hotel-cano-hondo","15":"product_tag-hotel-sabana-de-la-mar","16":"product_tag-paraiso-cano-hondo","18":"first","19":"instock","20":"shipping-taxable","21":"product-type-external"},"_links":{"self":[{"href":"https:\/\/visitaloshaitises.com\/da\/wp-json\/wp\/v2\/product\/11473","targetHints":{"allow":["GET"]}}],"collection":[{"href":"https:\/\/visitaloshaitises.com\/da\/wp-json\/wp\/v2\/product"}],"about":[{"href":"https:\/\/visitaloshaitises.com\/da\/wp-json\/wp\/v2\/types\/product"}],"wp:featuredmedia":[{"embeddable":true,"href":"https:\/\/visitaloshaitises.com\/da\/wp-json\/wp\/v2\/media\/11500"}],"wp:attachment":[{"href":"https:\/\/visitaloshaitises.com\/da\/wp-json\/wp\/v2\/media?parent=11473"}],"wp:term":[{"taxonomy":"product_brand","embeddable":true,"href":"https:\/\/visitaloshaitises.com\/da\/wp-json\/wp\/v2\/product_brand?post=11473"},{"taxonomy":"product_cat","embeddable":true,"href":"https:\/\/visitaloshaitises.com\/da\/wp-json\/wp\/v2\/product_cat?post=11473"},{"taxonomy":"product_tag","embeddable":true,"href":"https:\/\/visitaloshaitises.com\/da\/wp-json\/wp\/v2\/product_tag?post=11473"}],"curies":[{"name":"wp","href":"https:\/\/api.w.org\/{rel}","templated":true}]}}