{"id":11357,"date":"2021-08-15T20:08:48","date_gmt":"2021-08-15T20:08:48","guid":{"rendered":"https:\/\/haitises.com\/?post_type=product&#038;p=11357"},"modified":"2024-04-06T18:45:35","modified_gmt":"2024-04-06T18:45:35","slug":"27-waterfalls-of-damajagua-tour-from-cabarete-sosua-and-puerto-plata-hotels-pick-up-2","status":"publish","type":"product","link":"https:\/\/visitaloshaitises.com\/da\/private\/27-vandfald-i-damajagua-tur-fra-cabarete-sosua-og-puerto-plata-hoteller-afhentning-2\/","title":{"rendered":"27 vandfald i Damajagua Tour fra Cabarete, Sosua og Puerto Plata. Hoteller afhentning."},"content":{"rendered":"<div class=\"vc_row wpb_row vc_row-fluid\" ><div class=\"wpb_column vc_column_container vc_col-sm-12\"><div class=\"vc_column-inner\"><div class=\"wpb_wrapper\"><div class=\"mkdf-section-title-holder\" style=\"text-align: left\">\n\t<div class=\"mkdf-st-inner\">\n\t\t\t\t\t<h5 class=\"mkdf-st-subtitle\" >\n\t\t\t\tTransport og frokost inkluderet\t\t\t<\/h5>\n\t\t\t\t\t\t\t<h3 class=\"mkdf-st-title\" >\n\t\t\t\t27 Vandfald i Damajagua Tour fra Cabarete, Sosua og Puerto Plata.\t\t\t<\/h3>\n\t\t\t\t\t<\/div>\n<\/div><\/div><\/div><\/div><\/div><div class=\"vc_row wpb_row vc_row-fluid\" ><div class=\"wpb_column vc_column_container vc_col-sm-12\"><div class=\"vc_column-inner\"><div class=\"wpb_wrapper\">\n\t<div class=\"wpb_text_column wpb_content_element\" >\n\t\t<div class=\"wpb_wrapper\">\n\t\t\t<h3 class=\"ui_header h1 attractions-product-info-ProductTitle__title--1qM0o\">27 vandfald i Damajagua Tour fra Puerto Plata. Halvdagstur.<\/h3>\n<h4><b><i>Oversigt <\/i><\/b><\/h4>\n<p>F\u00e5 dine billetter til en halvdagsudflugt her i de 27 vandfald fra Damajagua. Indgangsbilletter med frokost og udflugt inkluderer at hoppe og sv\u00f8mme i de smukkeste vandfald i Den Dominikanske Republik. Vandring og sv\u00f8mning med sikkerhedsudstyr for at f\u00e5 den bedste oplevelse nogensinde!!!<\/p>\n<p>Efter denne oplevelse kommer du tilbage til stedet, hvor du m\u00f8des med rejseguiden.<\/p>\n<ul>\n<li style=\"font-weight: 400;\">Gebyrer inkluderet<\/li>\n<li>Frokost<\/li>\n<li>Snacks<\/li>\n<li style=\"font-weight: 400;\">Lokal rejseguide p\u00e5 engelsk<\/li>\n<\/ul>\n<p>&nbsp;<\/p>\n<h4><b>Inklusioner &amp; Eksklusioner<\/b><\/h4>\n<p>&nbsp;<\/p>\n<p><b>Inklusioner<\/b><\/p>\n<ol>\n<li>\u00a0 27 vandfald i Damajagua (i dag er der kun 12 og 7 kaskader Trips)<\/li>\n<li>\u00a0 Buffet med drikkevarer og tropiske drinks<\/li>\n<li>\u00a0 Alle skatter, gebyrer og ekspeditionsgebyrer<\/li>\n<li>\u00a0 Lokale skatter<\/li>\n<li>\u00a0 Alle aktiviteter<\/li>\n<li>\u00a0 Lokal guide<\/li>\n<li>\u00a0 Bes\u00f8g p\u00e5 cigarfabrik<\/li>\n<\/ol>\n<p><b> Udelukkelser<\/b><\/p>\n<ol>\n<li style=\"font-weight: 400;\"><span style=\"font-weight: 400;\">Drikkepenge<\/span><\/li>\n<\/ol>\n<h4><em><strong>Afgang og hjemrejse<\/strong><\/em><\/h4>\n<p><span style=\"font-weight: 400;\">Vi har en tidsplan, der er designet til at hente og bringe dig baseret p\u00e5 det omr\u00e5de, du befinder dig i. Se de detaljerede oplysninger nedenfor i afsnittet om afhentning p\u00e5 hotellet. <\/span><\/p>\n<p>Dette er det program, vi har lavet ud fra jeres placering. Giv os besked om dit specifikke hotel, s\u00e5 kontakter vi dig og fort\u00e6ller dig, hvor vi skal m\u00f8des med dig.<\/p>\n<p>&nbsp;<\/p>\n<table style=\"height: 246px;\" width=\"237\">\n<tbody>\n<tr>\n<td><b>Sted<\/b><\/td>\n<td><b>Tid<\/b><\/td>\n<\/tr>\n<tr>\n<td><b>Cabarete<\/b><\/td>\n<td><b>7:45 om morgenen<\/b><\/td>\n<\/tr>\n<tr>\n<td><b>Sosua<\/b><\/td>\n<td><b>8:10 om morgenen<\/b><\/td>\n<\/tr>\n<tr>\n<td><b>Den gyldne strand<\/b><\/td>\n<td><b>8:50 om morgenen<\/b><\/td>\n<\/tr>\n<tr>\n<td><b>Guldkysten<\/b><\/td>\n<td><b>9:00 om morgenen<\/b><\/td>\n<\/tr>\n<tr>\n<td><b>Cofresi (livsstil)<\/b><\/td>\n<td><b>9:20 om morgenen<\/b><\/td>\n<\/tr>\n<tr>\n<td><b>Senator<\/b><\/td>\n<td><b>9:30 om morgenen<\/b><\/td>\n<\/tr>\n<\/tbody>\n<\/table>\n<h4><\/h4>\n<h3 class=\"ui_header h1 attractions-product-info-ProductTitle__title--1qM0o\">27 Vandfald i Damajagua Tour fra Puerto Plata.<\/h3>\n<h4><b><i>Hvad kan man forvente?<\/i><\/b><\/h4>\n<div class=\"apd_content_block\" data-tab=\"TABS_OVERVIEW\">\n<div class=\"ui_card section attractions-product-details-Overview__sectionMargin--uHktd attractions-product-details-Overview__cleanslateOverrideDT--39Ov7\">\n<p>Oplev de afsondrede Damajagua-vandfald, der ligger gemt i bakkerne i Den Dominikanske Republiks nordlige korridor, p\u00e5 denne heldagstur fra Puerto Plata.  Udforsk de syvogtyve uber\u00f8rte vandfald, der falder ned over kalksten, med din lokale guide. F\u00e5 en kort sikkerhedsbriefing, og hop, sv\u00f8m og rutsj ned ad naturlige vandrutsjebaner.<\/p>\n<p>Frokost og drikkevarer er inkluderet. En moderat 40-minutters vandretur op ad bakke gennem et smukt junglelandskab bringer dig til det 12. vandfald, eller hvis du er i god fysisk form, kan du v\u00e6lge at vandre hele vejen til toppen af de 27 vandfald (ca. 70 minutter) og opleve det hele.<\/p>\n<p>Uanset hvad, s\u00e5 begynder det rigtig sjove, n\u00e5r vi k\u00f8rer tilbage ned ad floden, og du hopper, glider og sv\u00f8mmer dig vej gennem en r\u00e6kke spektakul\u00e6re vandfald, kl\u00f8fter og azurbl\u00e5 bassiner, hvor du kommer ud med et fjollet smil p\u00e5 l\u00e6ben og utrolige minder, som du vil huske! Turene inkluderer spring p\u00e5 op til 8 meter, men bare rolig, hvis du ikke bryder dig om at springe, er der en alternativ vej ned.<\/p>\n<p>Efter en 15 minutters g\u00e5tur tilbage til basecamp og omkl\u00e6dning til t\u00f8rt t\u00f8j kan du nyde en l\u00e6kker og varieret dominikansk frokostbuffet, som omfatter grillet kylling og svinek\u00f8d, gryderetter, ris, pasta og salater.<\/p>\n<p>Lokale romdrinks, sodavand og vand er ogs\u00e5 inkluderet (\u00f8l kan k\u00f8bes, men er ikke inkluderet). Efter m\u00e5ltidet siger du farvel til de lokale guider, men minderne om denne oplevelse vil vare hele livet. Og det er ikke alt, du skal ogs\u00e5 bes\u00f8ge en cigarfabrik, hvor du kan se, hvordan de fremstiller dem, og hvor du ogs\u00e5 kan k\u00f8be nogle, hvis du er interesseret. Husk, at Den Dominikanske Republik er et af de bedste lande til at fremstille cigarer, s\u00e5 dette er din chance for at l\u00e6re af de bedste l\u00e6rere nogensinde.<\/p>\n<\/div>\n<\/div>\n<h4><em><strong>Hvad skal du medbringe?<\/strong><\/em><\/h4>\n<ul>\n<li style=\"font-weight: 400;\"><span style=\"font-weight: 400;\">kamera<\/span><\/li>\n<li style=\"font-weight: 400;\"><span style=\"font-weight: 400;\">Afvisende knopper<\/span><\/li>\n<li style=\"font-weight: 400;\"><span style=\"font-weight: 400;\">solcreme<\/span><\/li>\n<li style=\"font-weight: 400;\"><span style=\"font-weight: 400;\">Hat<\/span><\/li>\n<li style=\"font-weight: 400;\"><span style=\"font-weight: 400;\">Komfortable bukser<\/span><\/li>\n<li style=\"font-weight: 400;\"><span style=\"font-weight: 400;\">Vandresko til skov<\/span><\/li>\n<li style=\"font-weight: 400;\"><span style=\"font-weight: 400;\">Sandaler til for\u00e5rets omr\u00e5der.<\/span><\/li>\n<li style=\"font-weight: 400;\"><span style=\"font-weight: 400;\">Badet\u00f8j<\/span><\/li>\n<\/ul>\n<p>&nbsp;<\/p>\n<h4><b><i>Hotel afhentning <\/i><\/b><\/h4>\n<p><span style=\"font-weight: 400;\">Afhentning p\u00e5 hotellet tilbydes til denne tur. Vi arrangerer afhentning ved at kontakte os via Whatsapp.<\/span><\/p>\n<p>&nbsp;<\/p>\n<p><b>Bem\u00e6rk:<\/b><span style=\"font-weight: 400;\"> Hvis du er reserveret inden for 24 timer efter turens\/udflugtens afgangstidspunkt, kan vi arrangere hotelafhentning. N\u00e5r dit k\u00f8b er gennemf\u00f8rt, sender vi dig fuldst\u00e6ndige kontaktoplysninger (telefonnummer, e-mailadresse osv.), s\u00e5 vores lokale rejseguide kan organisere afhentningsarrangementer.<\/span><\/p>\n<h4><b><i>Yderligere info bekr\u00e6ftelse <\/i><\/b><\/h4>\n<ol>\n<li>Billetter er kvitteringen efter betaling af denne tur. Du kan vise betalingen p\u00e5 din telefon.<\/li>\n<li style=\"font-weight: 400;\"><span style=\"font-weight: 400;\">M\u00f8depunkt modtages efter reservationsprocessen.<\/span><\/li>\n<li style=\"font-weight: 400;\"><span style=\"font-weight: 400;\">B\u00f8rn skal ledsages af en voksen.<\/span><\/li>\n<li style=\"font-weight: 400;\"><span style=\"font-weight: 400;\"> Ikke tilg\u00e6ngelig for k\u00f8restolsbrugere <\/span><\/li>\n<li style=\"font-weight: 400;\"><span style=\"font-weight: 400;\">Sp\u00e6db\u00f8rn skal sidde p\u00e5 sk\u00f8det <\/span><\/li>\n<li style=\"font-weight: 400;\"><span style=\"font-weight: 400;\">Anbefales ikke til rejsende med rygproblemer<\/span><\/li>\n<li style=\"font-weight: 400;\"><span style=\"font-weight: 400;\">Anbefales ikke til gravide rejsende <\/span><\/li>\n<li style=\"font-weight: 400;\"><span style=\"font-weight: 400;\"> Ingen hjerteproblemer eller andre alvorlige medicinske tilstande <\/span><\/li>\n<li style=\"font-weight: 400;\"><span style=\"font-weight: 400;\">De fleste rejsende kan deltage<\/span><\/li>\n<\/ol>\n<h4><b><i>Afbestillingspolitik<\/i><\/b><\/h4>\n<p><span style=\"font-weight: 400;\">For en fuld refusion skal du annullere mindst 24 timer f\u00f8r startdatoen for oplevelsen. Penge vil g\u00e5 tabt, hvis reservationen annulleres samme dag p\u00e5 rejsen.<\/span><\/p>\n\n\t\t<\/div>\n\t<\/div>\n<\/div><\/div><\/div><\/div><div class=\"vc_row wpb_row vc_row-fluid\" ><div class=\"wpb_column vc_column_container vc_col-sm-12\"><div class=\"vc_column-inner\"><div class=\"wpb_wrapper\">\n\t<div class=\"wpb_video_widget wpb_content_element vc_clearfix   vc_video-aspect-ratio-169 vc_video-el-width-100 vc_video-align-left\" >\n\t\t<div class=\"wpb_wrapper\">\n\t\t\t<h2 class=\"wpb_heading wpb_video_heading\">27 vandfald i Damajagua Tour fra Puerto Plata:<\/h2>\n\t\t\t<div class=\"wpb_video_wrapper\"><iframe loading=\"lazy\" title=\"27 vandfald i Damajagua af Booking Adventures &amp; Travel Den Dominikanske Republik\" width=\"1100\" height=\"619\" src=\"https:\/\/www.youtube.com\/embed\/AVNh_we_RQE?start=17&feature=oembed\" frameborder=\"0\" allow=\"accelerometer; autoplay; clipboard-write; encrypted-media; gyroscope; picture-in-picture\" allowfullscreen><\/iframe><\/div>\n\t\t<\/div>\n\t<\/div>\n<\/div><\/div><\/div><\/div><div class=\"vc_row wpb_row vc_row-fluid\" ><div class=\"wpb_column vc_column_container vc_col-sm-12\"><div class=\"vc_column-inner\"><div class=\"wpb_wrapper\"><div class=\"vc_empty_space\"   style=\"height: 32px\"><span class=\"vc_empty_space_inner\"><\/span><\/div>\n\t<div class=\"wpb_text_column wpb_content_element\" >\n\t\t<div class=\"wpb_wrapper\">\n\t\t\t<h4>Kontakt os?<\/h4>\n<h5><em><strong>Booking Adventures<\/strong><\/em><\/h5>\n<p><em><strong>Lokalbefolkningen<\/strong>\u00a0og\u00a0<strong>Nationale<\/strong>\u00a0Turguider og g\u00e6steservice<\/em><\/p>\n<p><span class=\"text-turquoise\">Reservationer:<\/span>\u00a0Ture og udflugter i Dom. Rep.<\/p>\n<p><img decoding=\"async\" class=\"emoji\" draggable=\"false\" src=\"https:\/\/s.w.org\/images\/core\/emoji\/11.2.0\/svg\/1f4de.svg\" alt=\"\ud83d\udcde\" \/>\u00a0Tlf\/Whatsapp\u00a0\u00a0<a href=\"tel:+1-809-720-6035\">+1-809-720-6035<\/a>.<\/p>\n<p><img decoding=\"async\" class=\"emoji\" draggable=\"false\" src=\"https:\/\/s.w.org\/images\/core\/emoji\/11.2.0\/svg\/1f4e9.svg\" alt=\"\ud83d\udce9\" \/>\u00a0<a href=\"mailto:info@bookingadventures.com.do\">info@bookingadventures.com.do<\/a><\/p>\n<p><strong>Vi er fleksibel indstilling af private ture af Whatsapp:\u00a0<a href=\"tel:+18097206035\">+18097206035.<\/a><\/strong><\/p>\n\n\t\t<\/div>\n\t<\/div>\n<div class=\"vc_empty_space\"   style=\"height: 32px\"><span class=\"vc_empty_space_inner\"><\/span><\/div><\/div><\/div><\/div><\/div>","protected":false},"excerpt":{"rendered":"<p>Fra hoteller i Cabarete, Sosua eller Puerto Plata. Denne udflugt fra 27 vandfald i Damajagua i Puerto Plata, frokost og udflugt ved de 27 vandfald, vandring og spring i floden.<\/p>\n<p>\u00d8kologisk tur til de 27 vandfald i Puerto Plata. F\u00e5 dine billetter til en halvdagsudflugt her i 27-vandfaldet fra Damajagua. Entr\u00e9billetter med frokost og udflugt inkluderer at hoppe og sv\u00f8mme i de smukkeste vandfald i Den Dominikanske Republik. Vandreture og sv\u00f8mning med sikkerhedsudstyr for at f\u00e5 den bedste oplevelse nogensinde!!<\/p>\n<p><em><strong>V\u00e6lg datoen for turen:\u00a0<\/strong><\/em><\/p>","protected":false},"featured_media":275,"template":"","meta":[],"product_brand":[],"product_cat":[239,429,100],"product_tag":[242,243,244,245,246,247,248,249,250,251,252,253,254,255,256,257,258],"class_list":{"0":"post-11357","1":"product","2":"type-product","3":"status-publish","4":"has-post-thumbnail","6":"product_cat-27-waterfalls","7":"product_cat-group-tours-excursions","8":"product_cat-waterfalls","9":"product_tag-27-charcos-de-damajagua","10":"product_tag-27-waterfalls","11":"product_tag-27-waterfalls-dominican-republic","12":"product_tag-27-waterfalls-dominican-republic-facts","13":"product_tag-27-waterfalls-excursion","14":"product_tag-27-waterfalls-puerto-plata","15":"product_tag-amber-cove-cruise-terminal-27-waterfalls","16":"product_tag-amber-cove-excursions","17":"product_tag-damajagua-falls-tours","18":"product_tag-damajagua-national-park","19":"product_tag-excursion-27-waterfalls","20":"product_tag-how-to-get-to-27-waterfalls-from-puerto-plata","21":"product_tag-jumping-27-waterfalls","22":"product_tag-los-27-charcos-de-puerto-plata","23":"product_tag-puerto-plata","24":"product_tag-things-to-do-in-amber-cove","25":"product_tag-tour-27-waterfalls","27":"first","28":"instock","29":"sale","30":"sold-individually","31":"shipping-taxable","32":"product-type-external"},"_links":{"self":[{"href":"https:\/\/visitaloshaitises.com\/da\/wp-json\/wp\/v2\/product\/11357","targetHints":{"allow":["GET"]}}],"collection":[{"href":"https:\/\/visitaloshaitises.com\/da\/wp-json\/wp\/v2\/product"}],"about":[{"href":"https:\/\/visitaloshaitises.com\/da\/wp-json\/wp\/v2\/types\/product"}],"wp:featuredmedia":[{"embeddable":true,"href":"https:\/\/visitaloshaitises.com\/da\/wp-json\/wp\/v2\/media\/275"}],"wp:attachment":[{"href":"https:\/\/visitaloshaitises.com\/da\/wp-json\/wp\/v2\/media?parent=11357"}],"wp:term":[{"taxonomy":"product_brand","embeddable":true,"href":"https:\/\/visitaloshaitises.com\/da\/wp-json\/wp\/v2\/product_brand?post=11357"},{"taxonomy":"product_cat","embeddable":true,"href":"https:\/\/visitaloshaitises.com\/da\/wp-json\/wp\/v2\/product_cat?post=11357"},{"taxonomy":"product_tag","embeddable":true,"href":"https:\/\/visitaloshaitises.com\/da\/wp-json\/wp\/v2\/product_tag?post=11357"}],"curies":[{"name":"wp","href":"https:\/\/api.w.org\/{rel}","templated":true}]}}