{"id":10909,"date":"2020-07-18T21:02:36","date_gmt":"2020-07-18T21:02:36","guid":{"rendered":"https:\/\/haitises.com\/?post_type=product&#038;p=10909"},"modified":"2024-04-15T23:15:03","modified_gmt":"2024-04-15T23:15:03","slug":"atv-aventuras-samana-atv-tours-excursiones-en-samana-republica-dominicana-atv-playa-el-valle-cascada","status":"publish","type":"product","link":"https:\/\/visitaloshaitises.com\/da\/private\/atv-eventyr-samana-atv-ture-udflugter-i-samana-dominikanske-republik-atv-strand-el-valle-vandfald\/","title":{"rendered":"ATV Adventures Saman\u00e1 \u2013 ATV-ture og -udflugter i Saman\u00e1 Den Dominikanske Republik. ATV + El Valle Strand &amp; Vandfald"},"content":{"rendered":"<div class=\"vc_row wpb_row vc_row-fluid\" ><div class=\"wpb_column vc_column_container vc_col-sm-12\"><div class=\"vc_column-inner\"><div class=\"wpb_wrapper\"><div class=\"mkdf-section-title-holder\" style=\"text-align: left\">\n\t<div class=\"mkdf-st-inner\">\n\t\t\t\t\t<h5 class=\"mkdf-st-subtitle\" >\n\t\t\t\tFrokost p\u00e5 stranden inkluderet.\t\t\t<\/h5>\n\t\t\t\t\t\t\t<h3 class=\"mkdf-st-title\" >\n\t\t\t\tATV Saman\u00e1 Adventures - ATV-ture og -udflugter i Saman\u00e1, Den Dominikanske Republik. ATV + El Valle Strand &amp; Vandfald\t\t\t<\/h3>\n\t\t\t\t\t<\/div>\n<\/div><\/div><\/div><\/div><\/div><div class=\"vc_row wpb_row vc_row-fluid\" ><div class=\"wpb_column vc_column_container vc_col-sm-12\"><div class=\"vc_column-inner\"><div class=\"wpb_wrapper\">\n\t<div class=\"wpb_text_column wpb_content_element\" >\n\t\t<div class=\"wpb_wrapper\">\n\t\t\t<h2>ATV Adventures Saman\u00e1 \u2013 ATV-ture og udflugter i Samana Dominikanske Republik. ATV + El Valle Strand og vandfald.<\/h2>\n<h3>Beskrivelse<\/h3>\n<p>F\u00e5 dine billetter til en halvdagstur i Saman\u00e1 p\u00e5 ATV Tours. Udflugten begynder p\u00e5 vores kontor n\u00e6r Saman\u00e1s hovedmole. Efter 30 minutters k\u00f8rsel bes\u00f8ger vi Tree House-\u00f8kologen p\u00e5 vej til vandfaldene. Efter at have g\u00e5et til vandfaldene i cirka 10 min.<\/p>\n<p>Vi spiser frokost p\u00e5 stranden i El Valle. Efter 4,5 timers aktiviteter vender vi tilbage til vores m\u00f8dested i Saman\u00e1.<\/p>\n<h3>Inklusioner og ekskluderinger<\/h3>\n<h4>Inklusioner<\/h4>\n<ol>\n<li>Atv 2 personer i en.<\/li>\n<li>Frokost p\u00e5 stranden<\/li>\n<li>Alle skatter, gebyrer og ekspeditionsgebyrer<\/li>\n<li>Lokale skatter<\/li>\n<li>Drikkevarer<\/li>\n<li>Forretter<\/li>\n<li>Bes\u00f8g ved vandfaldene<\/li>\n<li>Valley strand<\/li>\n<li>Bes\u00f8g i tr\u00e6huset<\/li>\n<li>Alle aktiviteterne<\/li>\n<li>Lokal guide<\/li>\n<\/ol>\n<h4>Udelukkelser<\/h4>\n<ol>\n<li>Tips<\/li>\n<li>transport fra hoteller (etableres ved henvendelse til os).<\/li>\n<li>Alkoholiske drikkevarer<\/li>\n<\/ol>\n<h3><em>Afgang og hjemrejse<\/em><\/h3>\n<p>Den rejsende f\u00e5r et m\u00f8dested efter reservationsprocessen. Turene begynder og slutter ved deres m\u00f8desteder.<\/p>\n<h3>ATV Adventures Saman\u00e1 \u2013 ATV-ture og udflugter i Saman\u00e1 Den Dominikanske Republik. ATV + El Valle Strand og vandfald.<\/h3>\n<h3><em>Hvad kan man forvente?<\/em><\/h3>\n<p>L\u00e6r, hvordan du starter din ATV. S\u00e5 du vil v\u00e6re klar til at g\u00e5 p\u00e5 tv\u00e6rs og se Saman\u00e1-halv\u00f8en t\u00e6t p\u00e5. Du vil k\u00f8re dit ATV-k\u00f8ret\u00f8j gennem uj\u00e6vnt terr\u00e6n, og vi bes\u00f8ger en dominikansk familie, hvor vi vil g\u00f8re et hurtigt stop for at tage nogle billeder af tr\u00e6hus\u00f8kologen, drikke en god dominikansk kaffe og nyde l\u00e6kker naturlig chokolade.<br \/>\nDerefter forts\u00e6tter vi gennem en lille by, hvor du kan nyde varmen fra de indf\u00f8dte dominikanere p\u00e5 vej for at bes\u00f8ge LULU vandfaldene, g\u00e5 til vandfaldene 10 minutter og l\u00e6re om skoven i Den Dominikanske Republik p\u00e5 et af de mest eksotiske steder i omr\u00e5de.<\/p>\n<p>Vender tilbage til vores ATV for at bes\u00f8ge en af de smukkeste strande i Saman\u00e1. ?El Valle Strand! Hvor vi stopper i omkring 1 time og 15 minutter for at nyde det magiske hvide sand og det krystalklare turkise vand p\u00e5 Playa El Valle-stranden. Der kan du hvile, drikke, sv\u00f8mme, udforske eller bare ligge i solen, hvis du \u00f8nsker det. Buffeten vil v\u00e6re klar med typisk dominikansk mad, og hvis du er veganer, s\u00e5 lad os det vide. Vi har mad til alle!<br \/>\nEfter 4,5 time k\u00f8rer vi tilbage til byen Saman\u00e1.<\/p>\n<h3><em>Hvad skal du medbringe?<\/em><\/h3>\n<ul>\n<li>Kamera<\/li>\n<li>Afskr\u00e6kningsmidler<\/li>\n<li>Solcreme<\/li>\n<li>Hat<\/li>\n<li>Komfortable bukser<\/li>\n<li>Skovvandresko<\/li>\n<li>Sandaler til for\u00e5rsomr\u00e5der.<\/li>\n<li>Badedragt<\/li>\n<\/ul>\n<h3><em>Hotel afhentning<\/em><\/h3>\n<p>Hotel afhentning tilbydes ikke til denne tur. Vi s\u00e6tter afhentning op ved at kontakte os via Whatsapp.<\/p>\n<p><strong>Bem\u00e6rk:<\/strong> Hvis du bestiller inden for 24 timer efter turens\/udflugtens afgangstidspunkt, kan vi arrangere hotelafhentning mod ekstra gebyrer. N\u00e5r dit k\u00f8b er gennemf\u00f8rt, sender vi dig fuldst\u00e6ndige kontaktoplysninger (telefonnummer, e-mailadresse osv.), s\u00e5 vores lokale rejseguide kan arrangere afhentning.<\/p>\n<h3><em>Bekr\u00e6ftelse af yderligere information<\/em><\/h3>\n<ol>\n<li>Billetterne er kvitteringen efter betaling for denne tur. Du kan vise betalingen p\u00e5 din telefon.<\/li>\n<li>M\u00f8destedet modtages efter reservationsprocessen.<\/li>\n<li>B\u00f8rn skal ledsages af en voksen.<\/li>\n<li>Ikke tilg\u00e6ngelig for k\u00f8restolsbrugere<\/li>\n<li>Sp\u00e6db\u00f8rn skal sidde p\u00e5 sk\u00f8det<\/li>\n<li>Anbefales ikke til rejsende med rygproblemer.<\/li>\n<li>Anbefales ikke til gravide kvinder.<\/li>\n<li>Ingen hjerteproblemer eller andre alvorlige medicinske tilstande.<\/li>\n<li>De fleste rejsende kan deltage.<\/li>\n<\/ol>\n<h3><em>Afbestillingspolitik<\/em><\/h3>\n<p>For en fuld refusion skal du annullere mindst 24 timer f\u00f8r oplevelsens startdato. Penge vil g\u00e5 tabt, hvis reservationen annulleres p\u00e5 samme rejsedag.<\/p>\n\n\t\t<\/div>\n\t<\/div>\n<\/div><\/div><\/div><\/div><div class=\"vc_row wpb_row vc_row-fluid\" ><div class=\"wpb_column vc_column_container vc_col-sm-12\"><div class=\"vc_column-inner\"><div class=\"wpb_wrapper\">\n\t<div class=\"wpb_video_widget wpb_content_element vc_clearfix   vc_video-aspect-ratio-169 vc_video-el-width-100 vc_video-align-left\" >\n\t\t<div class=\"wpb_wrapper\">\n\t\t\t<h2 class=\"wpb_heading wpb_video_heading\">Samana med Booking Adventures:<\/h2>\n\t\t\t<div class=\"wpb_video_wrapper\"><iframe loading=\"lazy\" title=\"Dominikanske destination Samana Zipline, ATV-udflugter\" width=\"1100\" height=\"619\" src=\"https:\/\/www.youtube.com\/embed\/8Ybh1xtnr2M?feature=oembed\" frameborder=\"0\" allow=\"accelerometer; autoplay; encrypted-media; gyroscope; picture-in-picture\" allowfullscreen><\/iframe><\/div>\n\t\t<\/div>\n\t<\/div>\n<\/div><\/div><\/div><\/div><div class=\"vc_row wpb_row vc_row-fluid\" ><div class=\"wpb_column vc_column_container vc_col-sm-12\"><div class=\"vc_column-inner\"><div class=\"wpb_wrapper\"><div class=\"vc_empty_space\"   style=\"height: 32px\"><span class=\"vc_empty_space_inner\"><\/span><\/div>\n\t<div class=\"wpb_text_column wpb_content_element\" >\n\t\t<div class=\"wpb_wrapper\">\n\t\t\t<h4>Kontakt os?<\/h4>\n<h5><em><strong>Booking Adventures<\/strong><\/em><\/h5>\n<p><em><strong>Lokalbefolkningen<\/strong>\u00a0og\u00a0<strong>Nationale<\/strong>\u00a0Turguider og g\u00e6steservice<\/em><\/p>\n<p><span class=\"text-turquoise\">Reservationer:<\/span>\u00a0Ture og udflugter i Dom. Rep.<\/p>\n<p><img decoding=\"async\" class=\"emoji\" draggable=\"false\" src=\"https:\/\/s.w.org\/images\/core\/emoji\/11.2.0\/svg\/1f4de.svg\" alt=\"\ud83d\udcde\" \/>\u00a0Tlf\/Whatsapp\u00a0\u00a0<a href=\"tel:+1-809-720-6035\">+1-809-720-6035<\/a>.<\/p>\n<p><img decoding=\"async\" class=\"emoji\" draggable=\"false\" src=\"https:\/\/s.w.org\/images\/core\/emoji\/11.2.0\/svg\/1f4e9.svg\" alt=\"\ud83d\udce9\" \/>\u00a0<a href=\"mailto:info@bookingadventures.com.do\">info@bookingadventures.com.do<\/a><\/p>\n<p><strong>Vi er fleksibel indstilling af private ture af Whatsapp:\u00a0<a href=\"tel:+18097206035\">+18097206035.<\/a><\/strong><\/p>\n\n\t\t<\/div>\n\t<\/div>\n<div class=\"vc_empty_space\"   style=\"height: 32px\"><span class=\"vc_empty_space_inner\"><\/span><\/div><\/div><\/div><\/div><\/div>","protected":false},"excerpt":{"rendered":"<p>Denne ATV-oplevelse begynder i centrum af byen Saman\u00e1. K\u00f8rer ATV&#039;en til LULU-vandfaldene, forbi La Casa en el Arbol Eco-lodge til El Valle-stranden.<br \/>\nEl Valle Strand! Hvor vi stopper i omkring 1 time og 15 minutter for at nyde det magiske hvide sand og det krystalklare turkise vand p\u00e5 Playa El Valle-stranden. Der kan du hvile, drikke, sv\u00f8mme, udforske eller bare ligge i solen, hvis du \u00f8nsker det. En buffet vil v\u00e6re klar med typisk dominikansk mad, og hvis du er veganer, s\u00e5 lad os det vide. Vi har mad til alle!<\/p>\n<p>Efter 4,5 time vender vi tilbage til byen Saman\u00e1.<\/p>\n<p>. Vandreture og sv\u00f8mning med sikkerhedsudstyr for at f\u00e5 den bedste oplevelse i dit liv!<\/p>\n<p><strong>V\u00e6lg venligst datoen for turen:<\/strong><\/p>","protected":false},"featured_media":392,"template":"","meta":[],"product_brand":[],"product_cat":[317,318,319,120,96,320,135,321,122,443,100],"product_tag":[322,323,324,325,157,326,201,142,327,148,143,328],"class_list":{"0":"post-10909","1":"product","2":"type-product","3":"status-publish","4":"has-post-thumbnail","6":"product_cat-atv-adventures","7":"product_cat-atv-fourwheels","8":"product_cat-atv-tours-excursions-adventures","9":"product_cat-fees-entrace","10":"product_cat-hiking","11":"product_cat-lulu-waterfalls","12":"product_cat-lunch","13":"product_cat-things-to-do-in-samana-province","14":"product_cat-tours-and-excursions","15":"product_cat-tours-y-excursiones-es","16":"product_cat-waterfalls","17":"product_tag-atv-samana-excursion","18":"product_tag-atv-tours-excursions-in-samana-dominican-republic","19":"product_tag-atv-fourwheels","20":"product_tag-atv-tours-excursions-adventures","21":"product_tag-el-valle-beach","22":"product_tag-lulu-waterfalls","23":"product_tag-private-tours-samana","24":"product_tag-samana","25":"product_tag-samana-atv","26":"product_tag-samana-excursions","27":"product_tag-samana-tours","28":"product_tag-tree-house-samana","30":"first","31":"instock","32":"sale","33":"sold-individually","34":"shipping-taxable","35":"product-type-external"},"_links":{"self":[{"href":"https:\/\/visitaloshaitises.com\/da\/wp-json\/wp\/v2\/product\/10909","targetHints":{"allow":["GET"]}}],"collection":[{"href":"https:\/\/visitaloshaitises.com\/da\/wp-json\/wp\/v2\/product"}],"about":[{"href":"https:\/\/visitaloshaitises.com\/da\/wp-json\/wp\/v2\/types\/product"}],"wp:featuredmedia":[{"embeddable":true,"href":"https:\/\/visitaloshaitises.com\/da\/wp-json\/wp\/v2\/media\/392"}],"wp:attachment":[{"href":"https:\/\/visitaloshaitises.com\/da\/wp-json\/wp\/v2\/media?parent=10909"}],"wp:term":[{"taxonomy":"product_brand","embeddable":true,"href":"https:\/\/visitaloshaitises.com\/da\/wp-json\/wp\/v2\/product_brand?post=10909"},{"taxonomy":"product_cat","embeddable":true,"href":"https:\/\/visitaloshaitises.com\/da\/wp-json\/wp\/v2\/product_cat?post=10909"},{"taxonomy":"product_tag","embeddable":true,"href":"https:\/\/visitaloshaitises.com\/da\/wp-json\/wp\/v2\/product_tag?post=10909"}],"curies":[{"name":"wp","href":"https:\/\/api.w.org\/{rel}","templated":true}]}}