{"id":593,"date":"2020-07-01T16:40:04","date_gmt":"2020-07-01T16:40:04","guid":{"rendered":"https:\/\/haitises.com\/?post_type=product&#038;p=593"},"modified":"2024-04-16T19:44:59","modified_gmt":"2024-04-16T19:44:59","slug":"excursion-cascada-el-limon-senderismo-y-natacion","status":"publish","type":"product","link":"https:\/\/visitaloshaitises.com\/cy\/preifat\/excursion-cascada-el-limon-senderismo-y-natacion\/","title":{"rendered":"Taith rhaeadr El Lim\u00f3n Heicio a Nofio"},"content":{"rendered":"<div class=\"vc_row wpb_row vc_row-fluid\" ><div class=\"wpb_column vc_column_container vc_col-sm-12\"><div class=\"vc_column-inner\"><div class=\"wpb_wrapper\">[mkdf_section_title subtitle_tag=\u00bb\u00bb subtitle=\u00bbSenderismo a las cascadas\u00bb]<\/div><\/div><\/div><\/div><div class=\"vc_row wpb_row vc_row-fluid\" ><div class=\"wpb_column vc_column_container vc_col-sm-12\"><div class=\"vc_column-inner\"><div class=\"wpb_wrapper\"><div class=\"vc_empty_space\"   style=\"height: 32px\"><span class=\"vc_empty_space_inner\"><\/span><\/div><\/div><\/div><\/div><\/div><div class=\"vc_row wpb_row vc_row-fluid\" ><div class=\"wpb_column vc_column_container vc_col-sm-12\"><div class=\"vc_column-inner\"><div class=\"wpb_wrapper\">\n\t<div class=\"wpb_text_column wpb_content_element\" >\n\t\t<div class=\"wpb_wrapper\">\n\t\t\t<h2>Taith i raeadrau El Lim\u00f3n (heicio a nofio)<\/h2>\n<h3>Disgrifiad<\/h3>\n<p>Rhaeadrau El Lim\u00f3n Heicio gyda thywyswyr lleol. Ymweld \u00e2&#039;r goedwig coco a choffi o dan amaethu cnau coco. Pan gyrhaeddwch y rhaeadrau, gallwch nofio a gosod yr amser gyda&#039;ch tywysydd lleol.<\/p>\n<p>Dysgwch gan bobl leol am natur a hanes Saman\u00e1 a mwynhewch daith ddiogel. Sicrhewch fod eich tocynnau ar werth heddiw.<\/p>\n<ul>\n<li>Heicio<\/li>\n<li>Mae&#039;r canllaw yn darparu cyfarwyddiadau a goruchwyliaeth.<\/li>\n<li>Ffioedd i&#039;r Parc Cenedlaethol<\/li>\n<\/ul>\n<h3>Cynhwysiant a gwaharddiadau<\/h3>\n<h4>Cynhwysion<\/h4>\n<ol>\n<li>Taith heicio<\/li>\n<li>Yr holl drethi, ffioedd a thaliadau lleoliad<\/li>\n<li>Trethi lleol<\/li>\n<li>Canllaw lleol<\/li>\n<\/ol>\n<h4>Gwaharddiadau<\/h4>\n<ol>\n<li>Bwyd heb ei gynnwys<\/li>\n<li>Cynghorion<\/li>\n<li>Cludiant<\/li>\n<li>Diodydd meddwol<\/li>\n<li>Nid yw bwyd ar y traeth wedi&#039;i gynnwys<\/li>\n<\/ol>\n<h3><em>Gadael a dychwelyd<\/em><\/h3>\n<p>Bydd y teithiwr yn cael man cyfarfod ar \u00f4l y broses archebu. Mae teithiau&#039;n dechrau ac yn gorffen yn ein mannau cyfarfod.<\/p>\n<h3>Beth i&#039;w ddisgwyl?<\/h3>\n<p>Mynnwch eich tocynnau i ymweld \u00e2 La Cascada El Lim\u00f3n yn Saman\u00e1 heicio gyda thywysydd taith lleol.<\/p>\n<p>El recorrido, organizado por \u00abBooking Adventures\u00bb, comienza en el punto de encuentro establecido con el gu\u00eda tur\u00edstico.<\/p>\n<p>Rhaeadrau El Lim\u00f3n gyda thywysydd taith lleol. Archebwch daith heicio trwy&#039;r goedwig, o amgylch Afon Lim\u00f3n, gan ymweld \u00e2 phlanhigfeydd coco a choffi o dan gysgod cnau coco.<\/p>\n<p>Yn gyntaf, stopiwch wrth y rhaeadr fach lle nad oes llawer o bobl fel arfer a gallwch nofio o gwmpas. Ymlaen wedyn tuag at y rhaeadr fawr lle byddwn yn aros am awr neu fwy os dymunwch.<\/p>\n<p>Ar \u00f4l Heicio, gallwch chi ffurfweddu os ydych chi am gael cinio am d\u00e2l ychwanegol.<\/p>\n<h3><em>Beth ddylech chi ddod?<\/em><\/h3>\n<ul>\n<li>Camera<\/li>\n<li>Ymlidwyr<\/li>\n<li>eli haul<\/li>\n<li>Het<\/li>\n<li>Pants cyfforddus<\/li>\n<li>Esgidiau cerdded coedwig<\/li>\n<li>Swimsuit<\/li>\n<\/ul>\n<h3><em>Codi gwesty<\/em><\/h3>\n<p>Ni chynigir pickup gwesty ar gyfer y daith hon.<\/p>\n<p><strong>Nodyn:<\/strong> Os archebwch o fewn 24 awr i amser gadael y daith \/ gwibdaith, gallwn drefnu codi gwesty gyda thaliadau ychwanegol. Unwaith y bydd eich pryniant wedi&#039;i gwblhau, byddwn yn anfon gwybodaeth gyswllt gyflawn atoch (rhif ff\u00f4n, cyfeiriad e-bost, ac ati) ar gyfer ein canllaw taith leol i drefnu trefniadau codi.<\/p>\n<h3><em>Cadarnhad o wybodaeth ychwanegol<\/em><\/h3>\n<ul>\n<li>Y tocynnau yw&#039;r Derbynneb ar \u00f4l talu am y Daith hon. Gallwch ddangos y taliad ar eich ff\u00f4n.<\/li>\n<li>Derbynnir y man cyfarfod ar \u00f4l y broses archebu.<\/li>\n<li>Rhaid i blant fod yng nghwmni oedolyn.<\/li>\n<li>Ddim yn hygyrch i gadeiriau olwyn<\/li>\n<li>Dylai babanod eistedd mewn sedd babi neu gydag oedolyn<\/li>\n<li>Heb ei argymell ar gyfer teithwyr \u00e2 phroblemau cefn.<\/li>\n<li>Heb ei argymell ar gyfer menywod beichiog.<\/li>\n<li>Dim problemau gyda&#039;r galon na chyflyrau meddygol difrifol eraill.<\/li>\n<li>Gall y rhan fwyaf o deithwyr gymryd rhan.<\/li>\n<\/ul>\n<h3><em>Polisi canslo<\/em><\/h3>\n<p>I gael ad-daliad llawn, canslwch o leiaf 24 awr cyn dyddiad cychwyn y profiad.<\/p>\n<h3>Cysylltwch \u00e2 Ni<\/h3>\n<p><em><strong>Archebu Antur<\/strong><\/em><br \/>\n<em><strong>Tywyswyr teithiau lleol a chenedlaethol a gwasanaethau gwesteion<\/strong><\/em><\/p>\n<p>Archebu lle: Teithiau a Gwibdeithiau yn y Dom.<\/p>\n<p>\ud83d\udcde Ff\u00f4n\/Whatsapp +1-809-720-6035.<\/p>\n<p>\ud83d\udce9 info@bookingadventures.com.do<\/p>\n<p>Rydym yn gwneud teithiau preifat gyda chyfluniad hyblyg gan Whatsapp: +18097206035.<\/p>\n\n\t\t<\/div>\n\t<\/div>\n<\/div><\/div><\/div><\/div>","protected":false},"excerpt":{"rendered":"<p>Rhaeadrau El Lim\u00f3n Heicio gyda thywyswyr lleol. Ymweld \u00e2&#039;r goedwig coco a choffi o dan gysgod y planhigfeydd cnau coco. Pan gyrhaeddwch y rhaeadrau, gallwch nofio a gosod yr amser gyda&#039;ch tywysydd lleol.<\/p>\n<p>Dysgwch gan bobl leol am natur a hanes Saman\u00e1 a chael taith ddiogel. Sicrhewch fod eich tocynnau ar werth heddiw.<\/p>\n<p><strong>Dewiswch ddyddiad ar gyfer y Daith:<\/strong><\/p>","protected":false},"featured_media":130,"template":"","meta":[],"product_brand":[],"product_cat":[120,96,136,99,122,443,123,124,154],"product_tag":[137,138,140,155,142,143],"class_list":{"0":"post-593","1":"product","2":"type-product","3":"status-publish","4":"has-post-thumbnail","6":"product_cat-fees-entrace","7":"product_cat-hiking","8":"product_cat-safari-samana","9":"product_cat-swimming-natural-springs","10":"product_cat-tours-and-excursions","11":"product_cat-tours-y-excursiones-es","12":"product_cat-tours-excursions-los-haitises-national-park","13":"product_cat-tours-excursions-samana-bay-dominican-republic","14":"product_cat-trails-or-paths","15":"product_tag-bacardi-island","16":"product_tag-beach-time","17":"product_tag-el-limon-waterfalls","18":"product_tag-hiking-el-limon","19":"product_tag-samana","20":"product_tag-samana-tours","22":"first","23":"instock","24":"sale","25":"sold-individually","26":"shipping-taxable","27":"product-type-external"},"_links":{"self":[{"href":"https:\/\/visitaloshaitises.com\/cy\/wp-json\/wp\/v2\/product\/593","targetHints":{"allow":["GET"]}}],"collection":[{"href":"https:\/\/visitaloshaitises.com\/cy\/wp-json\/wp\/v2\/product"}],"about":[{"href":"https:\/\/visitaloshaitises.com\/cy\/wp-json\/wp\/v2\/types\/product"}],"wp:featuredmedia":[{"embeddable":true,"href":"https:\/\/visitaloshaitises.com\/cy\/wp-json\/wp\/v2\/media\/130"}],"wp:attachment":[{"href":"https:\/\/visitaloshaitises.com\/cy\/wp-json\/wp\/v2\/media?parent=593"}],"wp:term":[{"taxonomy":"product_brand","embeddable":true,"href":"https:\/\/visitaloshaitises.com\/cy\/wp-json\/wp\/v2\/product_brand?post=593"},{"taxonomy":"product_cat","embeddable":true,"href":"https:\/\/visitaloshaitises.com\/cy\/wp-json\/wp\/v2\/product_cat?post=593"},{"taxonomy":"product_tag","embeddable":true,"href":"https:\/\/visitaloshaitises.com\/cy\/wp-json\/wp\/v2\/product_tag?post=593"}],"curies":[{"name":"wp","href":"https:\/\/api.w.org\/{rel}","templated":true}]}}