{"id":558,"date":"2020-06-23T12:05:23","date_gmt":"2020-06-23T12:05:23","guid":{"rendered":"https:\/\/haitises.com\/?post_type=product&#038;p=558"},"modified":"2024-04-17T18:50:43","modified_gmt":"2024-04-17T18:50:43","slug":"excursion-a-los-haitises-con-senderismo-en-el-bosque-humedo","status":"publish","type":"product","link":"https:\/\/visitaloshaitises.com\/cy\/preifat\/excursion-a-los-haitises-con-senderismo-en-el-bosque-humedo\/","title":{"rendered":"Taith i Los Haitises gyda Heicio yn y Goedwig Wlyb"},"content":{"rendered":"<div class=\"vc_row wpb_row vc_row-fluid\" ><div class=\"wpb_column vc_column_container vc_col-sm-12\"><div class=\"vc_column-inner\"><div class=\"wpb_wrapper\">[mkdf_section_title title_tag=\u00bb\u00bb disable_break_words=\u00bbno\u00bb subtitle_tag=\u00bb\u00bb title=\u00bbLos Haitises National Park- From Sabana de la Mar + Hiking 2 Hours\u00bb subtitle=\u00bbHumid Forest + Normal Trip to Caves\u00bb]<\/div><\/div><\/div><\/div><div class=\"vc_row wpb_row vc_row-fluid\" ><div class=\"wpb_column vc_column_container vc_col-sm-12\"><div class=\"vc_column-inner\"><div class=\"wpb_wrapper\">\n\t<div class=\"wpb_text_column wpb_content_element\" >\n\t\t<div class=\"wpb_wrapper\">\n\t\t\t<h5>Coedwig Wlyb + Taith Arferol i Ogof\u00e2u<\/h5>\n<h2>Parc Cenedlaethol Los Haitises - O Sabana de la Mar + Heicio 2 awr<\/h2>\n<h3><em>Disgrifiad<\/em><\/h3>\n<p>Mwynhewch daith gerdded dwy awr trwy goedwig Parc Cenedlaethol Los Haitises. Dysgwch am blanhigion meddyginiaethol ac ymwelwch \u00e2 lleoedd lleol. Ar \u00f4l ymweld \u00e2 Pharc Cenedlaethol Los Haitises o Sabana de la Mar neu westai Ca\u00f1o Hondo gyda thywyswyr Lleol.<\/p>\n<p>Byddwn yn gwneud yr hike ar \u00f4l y daith cwch. Taith breifat arferol i Barc Cenedlaethol Los Haitises. Dewch gyda ni i ymweld \u00e2&#039;r parc cenedlaethol mwyaf prydferth yn y Weriniaeth Ddominicaidd, gan ymweld \u00e2 mangrofau, 3 ogofau a Bae San Lorenzo. Gall y profiad hwn ddechrau o gymuned Sabana de la Mar yn dysgu am yr hanes hwn o Sabana de la Mar.<\/p>\n<ul>\n<li>Heicio 2 awr yn y goedwig<\/li>\n<li>Hanes Sabana de la Mar<\/li>\n<li>Trethi wedi&#039;u cynnwys<\/li>\n<li>Mae&#039;r canllaw yn darparu cyfarwyddyd a goruchwyliaeth.<\/li>\n<li>Nid yw cinio wedi&#039;i gynnwys ar gyfer cinio yn Cano Hondo Dewiswch y daith hon: Los Haitises Plus Ca\u00f1o Hondo.<\/li>\n<\/ul>\n<h3>Cynhwysiant a gwaharddiadau<\/h3>\n<h4>Cynhwysion<\/h4>\n<ol>\n<li>Taith Los Haitises + Ogof\u00e2u a Phictograffau<\/li>\n<li>Yr holl drethi, ffioedd a thaliadau trin.<\/li>\n<li>Trethi lleol<\/li>\n<li>Yr holl weithgareddau<\/li>\n<li>Canllaw lleol<\/li>\n<\/ol>\n<h4>Gwaharddiadau<\/h4>\n<ol>\n<li>Cynghorion<\/li>\n<li>Nid yw cinio wedi&#039;i gynnwys ar gyfer cinio yn Cano Hondo Dewiswch y daith hon: Los Haitises Plus Ca\u00f1o Hondo.<\/li>\n<li>Cludiant<\/li>\n<li>Diodydd meddwol<\/li>\n<\/ol>\n<h3><em>Gadael a dychwelyd<\/em><\/h3>\n<p>Bydd y teithiwr yn cael man cyfarfod ar \u00f4l y broses archebu. Mae teithiau&#039;n dechrau ac yn gorffen yn ein mannau cyfarfod.<\/p>\n<h3><em>Beth i&#039;w ddisgwyl?<\/em><\/h3>\n<p>Mynnwch eich tocynnau i ymweld \u00e2 Pharc Cenedlaethol Los Haitises gydag Ogof\u00e2u, Mangroves a Bae San Lorenzo ar \u00f4l taith gerdded dwy awr trwy goedwig llaith Parc Cenedlaethol Los Haitises.<\/p>\n<p>Parc Cenedlaethol Los Haitises o westai Sabana de la Mar neu Ca\u00f1o Hondo gyda thywyswyr lleol. Mae&#039;r daith yn cychwyn ym mhrif borthladd Parc Cenedlaethol Los Haitises. Mae&#039;r daith hon yn dechrau am 10:00am gyda thywysydd teithiau lleol sy&#039;n gwybod y stori wreiddiol am y Parc Cenedlaethol godidog.<\/p>\n<p>Yna rydyn ni&#039;n cychwyn o brif borthladd Parc Cenedlaethol Los Haitises, o&#039;r enw Ca\u00f1o Hondo (Deep Creek) mewn BOAT gyda siacedi achub. Byddwn yn mwynhau&#039;r goedwig mangrof coch nes i ni gyrraedd Bae San Lorenzo. Bae bach ym Mae Saman\u00e1. A dyma ni&#039;n mynd! Y peth cyntaf y gallwch chi ei weld yw&#039;r casgliad enfawr o ynys calchfaen mynyddig o&#039;r enw Mogotes. Uwch eu pennau mae mwy na 700 o rywogaethau o blanhigion a llawer o adar y gwlyptir yn hedfan o gwmpas. Yna ymweld ag ogof\u00e2u gyda phitograffau o&#039;n cymunedau brodorol o 750 mlynedd yn \u00f4l.<\/p>\n<p>Trwy&#039;r mangrofau a glanio ym Mae agored San Lorenzo, lle gallwch chi dynnu llun o dirwedd garw&#039;r goedwig. Edrychwch allan i&#039;r d\u0175r i weld manatees, cramenogion a dolffiniaid.<\/p>\n<p>El nombre del parque nacional proviene de sus habitantes originales, los indios ta\u00ednos. En su idioma, \u00abHaitises\u00bb se traduce en tierras altas o colinas, una referencia a las empinadas formaciones geol\u00f3gicas de la costa con calizas. Avent\u00farate en el parque para explorar cuevas como la Cueva de la Arena y la Cueva de la L\u00ednea. Las cuevas en la reserva fueron utilizadas como refugio por los indios ta\u00ednos y, m\u00e1s adelante, por los piratas escondidos. Busque dibujos de indios que decoran algunas de las paredes. Despu\u00e9s de visitar el Parque Nacional Los Haitises, iremos al bosque h\u00famedo para caminar 2 horas y regresar al lugar donde comenz\u00f3 nuestro viaje.<\/p>\n<h3><em>Beth ddylech chi ddod?<\/em><\/h3>\n<ul>\n<li>Camera<\/li>\n<li>Ymlidwyr<\/li>\n<li>eli haul<\/li>\n<li>Het<\/li>\n<li>Pants cyfforddus<\/li>\n<li>Esgidiau cerdded coedwig<\/li>\n<li>Sandalau i ardaloedd y gwanwyn.<\/li>\n<li>Swimsuit<\/li>\n<\/ul>\n<h3><em>Codi gwesty<\/em><\/h3>\n<p>Cynigir codi gwesty os ydych chi wedi&#039;ch lleoli yn Paraiso Ca\u00f1o Hondo neu Westy Altos Ca\u00f1o Hondo. Mae ein man cyfarfod 5 munud ar droed o&#039;r gwestai hynny.<\/p>\n<p><strong>Nodyn:<\/strong> Os archebwch o fewn 24 awr i amser gadael y daith \/ gwibdaith, gallwn drefnu codi gwesty gyda thaliadau ychwanegol os nad ydych yn y gwestai Ca\u00f1o Hondo. Unwaith y bydd eich pryniant wedi&#039;i gwblhau, byddwn yn anfon gwybodaeth gyswllt gyflawn atoch (rhif ff\u00f4n, cyfeiriad e-bost, ac ati) ar gyfer ein canllaw taith leol i drefnu trefniadau codi.<\/p>\n<h3><em>Cadarnhad o wybodaeth ychwanegol<\/em><\/h3>\n<ul>\n<li>Y tocynnau yw&#039;r Derbynneb ar \u00f4l talu am y Daith hon. Gallwch ddangos y taliad ar eich ff\u00f4n.<\/li>\n<li>Derbynnir y man cyfarfod ar \u00f4l y broses archebu.<\/li>\n<li>Rhaid i blant fod yng nghwmni oedolyn.<\/li>\n<li>Ddim yn hygyrch i gadeiriau olwyn<\/li>\n<li>Dylai babanod eistedd mewn sedd babi neu gydag oedolyn<\/li>\n<li>Heb ei argymell ar gyfer teithwyr \u00e2 phroblemau cefn.<\/li>\n<li>Heb ei argymell ar gyfer menywod beichiog.<\/li>\n<li>Dim problemau gyda&#039;r galon na chyflyrau meddygol difrifol eraill.<\/li>\n<li>Gall y rhan fwyaf o deithwyr gymryd rhan.<\/li>\n<\/ul>\n<h3><em>Polisi canslo<\/em><\/h3>\n<p>I gael ad-daliad llawn, canslwch o leiaf 24 awr cyn dyddiad cychwyn y profiad.<\/p>\n\n\t\t<\/div>\n\t<\/div>\n<\/div><\/div><\/div><\/div><div class=\"vc_row wpb_row vc_row-fluid\" ><div class=\"wpb_column vc_column_container vc_col-sm-12\"><div class=\"vc_column-inner\"><div class=\"wpb_wrapper\"><div class=\"vc_empty_space\"   style=\"height: 32px\"><span class=\"vc_empty_space_inner\"><\/span><\/div>\n\t<div class=\"wpb_video_widget wpb_content_element vc_clearfix   vc_video-aspect-ratio-169 vc_video-el-width-100 vc_video-align-left\" >\n\t\t<div class=\"wpb_wrapper\">\n\t\t\t\n\t\t\t<div class=\"wpb_video_wrapper\"><iframe loading=\"lazy\" title=\"Parc Cenedlaethol Los Haitises, Teithiau a Gwibdeithiau o Samana neu Sabana de la Mar. Archebwch Yma:\" src=\"https:\/\/player.vimeo.com\/video\/346508015?dnt=1&amp;app_id=122963\" width=\"1100\" height=\"619\" frameborder=\"0\" allow=\"autoplay; fullscreen\" allowfullscreen><\/iframe><\/div>\n\t\t<\/div>\n\t<\/div>\n<\/div><\/div><\/div><\/div><div class=\"vc_row wpb_row vc_row-fluid\" ><div class=\"wpb_column vc_column_container vc_col-sm-12\"><div class=\"vc_column-inner\"><div class=\"wpb_wrapper\"><div class=\"vc_empty_space\"   style=\"height: 32px\"><span class=\"vc_empty_space_inner\"><\/span><\/div>\n\t<div class=\"wpb_text_column wpb_content_element\" >\n\t\t<div class=\"wpb_wrapper\">\n\t\t\t<h4>Cysylltwch \u00e2 ni?<\/h4>\n<h5>Anturiaethau Archebu<\/h5>\n<p><em><strong>Pobl leol<\/strong>\u00a0a\u00a0<strong>Cenedlaetholwyr<\/strong>\u00a0Tywyswyr Teithiau a Gwasanaethau Gwesteion<\/em><\/p>\n<p><span class=\"text-turquoise\">Archebion:<\/span>\u00a0Teithiau a Gwibdeithiau yn y Cartref Cynrychiolydd.<\/p>\n<p><img decoding=\"async\" class=\"emoji\" draggable=\"false\" src=\"https:\/\/s.w.org\/images\/core\/emoji\/11.2.0\/svg\/1f4de.svg\" alt=\"\ud83d\udcde\" \/>\u00a0Ff\u00f4n\/Whatsapp\u00a0\u00a0<a href=\"tel:+1-809-720-6035\">+1-809-720-6035<\/a>.<\/p>\n<p><img decoding=\"async\" class=\"emoji\" draggable=\"false\" src=\"https:\/\/s.w.org\/images\/core\/emoji\/11.2.0\/svg\/1f4e9.svg\" alt=\"\ud83d\udce9\" \/>\u00a0<a href=\"mailto:info@bookingadventures.com.do\">info@bookingadventures.com.do<\/a><\/p>\n<p><strong>Rydym yn Hyblyg Gosod Teithiau Preifat gan Whatsapp:\u00a0<a href=\"tel:+18097206035\">+18097206035.<\/a><\/strong><\/p>\n\n\t\t<\/div>\n\t<\/div>\n<div class=\"vc_empty_space\"   style=\"height: 32px\"><span class=\"vc_empty_space_inner\"><\/span><\/div><\/div><\/div><\/div><\/div>","protected":false},"excerpt":{"rendered":"<p>A dyma ni&#039;n mynd! Y peth cyntaf y gallwch ei weld yw&#039;r casgliad enfawr o ynys mynydd calchfaen o&#039;r enw Mogotes uwch eu pennau mwy na 700 o rywogaethau o blanhigion a llawer o adar gwlyptir yn hedfan. Yna ymwelwch ag ogof\u00e2u gyda phitograffau o&#039;n cymunedau brodorol 750 o flynyddoedd yn \u00f4l.<\/p>\n<p>Ar ben hynny, mae&#039;r daith hon yn dangos mai nhw yw&#039;r lleoedd pwysicaf i ymweld \u00e2 nhw ym Mharc Cenedlaethol Haitises. Y ddwy ogof yr ymwelir \u00e2 hwy fwyaf yw&#039;r Cueva de la L\u00ednea a&#039;r Cueva de la Arena. Ar \u00f4l ychydig oriau yn ymweld \u00e2&#039;r Parc Cenedlaethol hardd hwn aethom i goedwig laith Parc Cenedlaethol Haitises, ar \u00f4l 2 awr o gerdded, dychwelom i&#039;r man lle cychwynasom ar ein gwibdaith. Mynnwch eich tocynnau yma a theithio gyda phobl leol sy&#039;n gwybod hanes Parc Cenedlaethol Haitises.<\/p>\n<p><strong>Dewiswch ddyddiad ar gyfer y Daith:<\/strong><\/p>\n<p>&nbsp;<\/p>\n<p>&nbsp;<\/p>","protected":false},"featured_media":84,"template":"","meta":[],"product_brand":[],"product_cat":[443,123,124],"product_tag":[179,125,126,129,130,104,221,131,132,210,222,134,223,146,114,224],"class_list":{"0":"post-558","1":"product","2":"type-product","3":"status-publish","4":"has-post-thumbnail","6":"product_cat-tours-y-excursiones-es","7":"product_cat-tours-excursions-los-haitises-national-park","8":"product_cat-tours-excursions-samana-bay-dominican-republic","9":"product_tag-birding-in-los-haitises","10":"product_tag-boat-tour","11":"product_tag-cano-hondo","12":"product_tag-eco-tours","13":"product_tag-excursion","14":"product_tag-hiking","15":"product_tag-hiking-los-haitises","16":"product_tag-locals-guides","17":"product_tag-los-haitises","18":"product_tag-los-haitises-excursions","19":"product_tag-los-haitises-from-samana","20":"product_tag-los-haitises-national-park-tour","21":"product_tag-los-haitises-sabana-de-la-mar","22":"product_tag-mangroves-los-haitises","23":"product_tag-sabana-de-la-mar","24":"product_tag-trails","26":"first","27":"instock","28":"sale","29":"sold-individually","30":"shipping-taxable","31":"product-type-external"},"_links":{"self":[{"href":"https:\/\/visitaloshaitises.com\/cy\/wp-json\/wp\/v2\/product\/558","targetHints":{"allow":["GET"]}}],"collection":[{"href":"https:\/\/visitaloshaitises.com\/cy\/wp-json\/wp\/v2\/product"}],"about":[{"href":"https:\/\/visitaloshaitises.com\/cy\/wp-json\/wp\/v2\/types\/product"}],"wp:featuredmedia":[{"embeddable":true,"href":"https:\/\/visitaloshaitises.com\/cy\/wp-json\/wp\/v2\/media\/84"}],"wp:attachment":[{"href":"https:\/\/visitaloshaitises.com\/cy\/wp-json\/wp\/v2\/media?parent=558"}],"wp:term":[{"taxonomy":"product_brand","embeddable":true,"href":"https:\/\/visitaloshaitises.com\/cy\/wp-json\/wp\/v2\/product_brand?post=558"},{"taxonomy":"product_cat","embeddable":true,"href":"https:\/\/visitaloshaitises.com\/cy\/wp-json\/wp\/v2\/product_cat?post=558"},{"taxonomy":"product_tag","embeddable":true,"href":"https:\/\/visitaloshaitises.com\/cy\/wp-json\/wp\/v2\/product_tag?post=558"}],"curies":[{"name":"wp","href":"https:\/\/api.w.org\/{rel}","templated":true}]}}