{"id":38,"date":"2020-06-14T11:56:46","date_gmt":"2020-06-14T11:56:46","guid":{"rendered":"https:\/\/haitises.com\/product\/import-placeholder-for-8264\/"},"modified":"2024-04-24T18:43:27","modified_gmt":"2024-04-24T18:43:27","slug":"el-limon-waterfalls-tour-horse-riding-swimming-lunch","status":"publish","type":"product","link":"https:\/\/visitaloshaitises.com\/cy\/private\/el-limon-waterfalls-tour-horse-riding-swimming-lunch\/","title":{"rendered":"Taith Rhaeadrau El Lim\u00f3n (marchogaeth a nofio) + cinio"},"content":{"rendered":"<div class=\"vc_row wpb_row vc_row-fluid\" ><div class=\"wpb_column vc_column_container vc_col-sm-12\"><div class=\"vc_column-inner\"><div class=\"wpb_wrapper\"><div class=\"mkdf-section-title-holder\" style=\"text-align: left\">\n\t<div class=\"mkdf-st-inner\">\n\t\t\t\t\t<h5 class=\"mkdf-st-subtitle\" >\n\t\t\t\tNormal trip but Private\t\t\t<\/h5>\n\t\t\t\t\t\t\t<h3 class=\"mkdf-st-title\" >\n\t\t\t\tEl Lim\u00f3n waterfalls Tour (horse riding &amp; swimming) + lunch\t\t\t<\/h3>\n\t\t\t\t\t<\/div>\n<\/div><\/div><\/div><\/div><\/div><div class=\"vc_row wpb_row vc_row-fluid\" ><div class=\"wpb_column vc_column_container vc_col-sm-12\"><div class=\"vc_column-inner\"><div class=\"wpb_wrapper\">\n\t<div class=\"wpb_text_column wpb_content_element\" >\n\t\t<div class=\"wpb_wrapper\">\n\t\t\t<h4><b><i>Trosolwg <\/i><\/b><\/h4>\n<p>This is a Private tour to <strong>The Waterfalls El Lim\u00f3n<\/strong> with Riding on Horses or Hiking. Visiting cacao and Coffe forest under Coconuts Palms Canopy. When you arrive at the Waterfalls you are allowed to swim and Set the time with your Local Guide. After enjoying a Typical Lunch in El Lim\u00f3n Community.<\/p>\n<p>Learn with locals and get a Safe trip. Get your Tickets in Offer Today.<\/p>\n<ul>\n<li style=\"font-weight: 400;\"><span style=\"font-weight: 400;\">Includes Lunch\u00a0<\/span><\/li>\n<li>Horses Riding or Hiking<\/li>\n<li style=\"font-weight: 400;\"><span style=\"font-weight: 400;\">The guide provides instructions and Supervision<\/span><\/li>\n<li>Fees to the National Park<\/li>\n<\/ul>\n<p>&nbsp;<\/p>\n<h4><b>Cynhwysiadau a Gwaharddiadau<\/b><\/h4>\n<p>&nbsp;<\/p>\n<p><b>Cynhwysion<\/b><\/p>\n<ol>\n<li style=\"font-weight: 400;\"><span style=\"font-weight: 400;\">Buffet lunch in El Lim\u00f3n<\/span><\/li>\n<li style=\"font-weight: 400;\"><span style=\"font-weight: 400;\">Hiking or Horses Riding Tour<\/span><\/li>\n<li style=\"font-weight: 400;\"><span style=\"font-weight: 400;\">Yr holl drethi, ffioedd a thaliadau trin<\/span><\/li>\n<li style=\"font-weight: 400;\"><span style=\"font-weight: 400;\">Trethi lleol<\/span><\/li>\n<li style=\"font-weight: 400;\"><span style=\"font-weight: 400;\">Diodydd<\/span><\/li>\n<li style=\"font-weight: 400;\"><span style=\"font-weight: 400;\">Pob gweithgaredd<\/span><\/li>\n<li style=\"font-weight: 400;\"><span style=\"font-weight: 400;\">Canllaw lleol<\/span><\/li>\n<\/ol>\n<p><b> Gwaharddiadau<\/b><\/p>\n<ol>\n<li style=\"font-weight: 400;\"><span style=\"font-weight: 400;\">Diolchgarwch<\/span><\/li>\n<li style=\"font-weight: 400;\"><span style=\"font-weight: 400;\">Trosglwyddiad<\/span><\/li>\n<li style=\"font-weight: 400;\"><span style=\"font-weight: 400;\">Diodydd Meddwol<\/span><\/li>\n<li>Food on the Beach<\/li>\n<\/ol>\n<p>&nbsp;<\/p>\n<h4><em><strong>Gadael a Dychwelyd<\/strong><\/em><\/h4>\n<p><span style=\"font-weight: 400;\">Bydd y teithiwr yn cael man cyfarfod ar \u00f4l y Broses Archebu. Teithiau yn dechrau ac yn Gorffen yn ein mannau cyfarfod.<\/span><\/p>\n<p>&nbsp;<\/p>\n<h4><b><i>Beth i&#039;w Ddisgwyl?<\/i><\/b><\/h4>\n<p>&nbsp;<\/p>\n<p><em><strong>Mynnwch eich tocynnau<\/strong><\/em> for visiting The Waterfalls El Lim\u00f3n in Saman\u00e1 plus a wonderful lunch in El Lim\u00f3n Restaurant.<\/p>\n<p><span style=\"font-weight: 400;\">The tour, organized by \u00abBooking Adventures\u00bb starts at the meeting point set with the Tour Guide.<\/span><\/p>\n<p>Best Private trips to El Limon waterfalls with a local tour guide. Book a Horse riding trip by the Forest going around the edge of the Lim\u00f3n River, visiting cacao and Coffe plantations under the Coconuts shadows palms trees.<\/p>\n<p>First, stop in the Small waterfall where usually there are not many people and you can swim around. After we continue to the big waterfall where we will stay for an hour or more if you want to.<\/p>\n<p>Getting horses back to the restaurant where we will enjoy a typical lunch at the beach. Frite fish with Tostones and Salad or you can get other options in the menu with extra charges.<\/p>\n<p>Lunch at the Restaurant in the El Lim\u00f3n community and you can stay as long you want swimming around.\u00a0 If you are Vegan we also can set some food for you.<\/p>\n<p>&nbsp;<\/p>\n<h4><em><strong>Beth ddylech chi ddod?<\/strong><\/em><\/h4>\n<ul>\n<li style=\"font-weight: 400;\"><span style=\"font-weight: 400;\">camera<\/span><\/li>\n<li style=\"font-weight: 400;\"><span style=\"font-weight: 400;\">blagur ymlid<\/span><\/li>\n<li style=\"font-weight: 400;\"><span style=\"font-weight: 400;\">hufen haul<\/span><\/li>\n<li style=\"font-weight: 400;\"><span style=\"font-weight: 400;\">Het<\/span><\/li>\n<li style=\"font-weight: 400;\"><span style=\"font-weight: 400;\">Pants cyfforddus<\/span><\/li>\n<li style=\"font-weight: 400;\"><span style=\"font-weight: 400;\">Esgidiau cerdded ar gyfer coedwig<\/span><\/li>\n<li style=\"font-weight: 400;\"><span style=\"font-weight: 400;\">Gwisgo nofio<\/span><\/li>\n<\/ul>\n<p>&nbsp;<\/p>\n<h4><b><i>Pickup Gwesty <\/i><\/b><\/h4>\n<p><span style=\"font-weight: 400;\">Ni chynigir casglu gwesty ar gyfer y daith hon. <\/span><\/p>\n<p>&nbsp;<\/p>\n<p><b>Nodyn:<\/b><span style=\"font-weight: 400;\"> Os cewch eich archebu o fewn 24 awr i amser gadael y daith\/Gwibdaith, gallwn drefnu codi gwesty gyda Thaliadau ychwanegol. Unwaith y bydd eich pryniant wedi&#039;i gwblhau, byddwn yn anfon gwybodaeth gyswllt gyflawn atoch (rhif ff\u00f4n, cyfeiriad e-bost, ac ati) ar gyfer ein canllaw Taith leol i drefnu trefniadau casglu.<\/span><\/p>\n<h4><b><i>Gwybodaeth Ychwanegol Cadarnhad <\/i><\/b><\/h4>\n<ol>\n<li>Tocynnau yw&#039;r Derbynneb ar \u00f4l talu&#039;r Daith hon. Gallwch ddangos y taliad ar eich ff\u00f4n.<\/li>\n<li style=\"font-weight: 400;\"><span style=\"font-weight: 400;\">Derbynnir Man Cyfarfod Ar \u00f4l y Broses Archebu.<\/span><\/li>\n<li style=\"font-weight: 400;\"><span style=\"font-weight: 400;\">Rhaid i blant fod yng nghwmni oedolyn.<\/span><\/li>\n<li style=\"font-weight: 400;\"><span style=\"font-weight: 400;\"> Ddim yn hygyrch i gadeiriau olwyn <\/span><\/li>\n<li style=\"font-weight: 400;\"><span style=\"font-weight: 400;\">Rhaid i fabanod eistedd ar liniau <\/span><\/li>\n<li style=\"font-weight: 400;\"><span style=\"font-weight: 400;\">Heb ei argymell ar gyfer teithwyr \u00e2 phroblemau cefn<\/span><\/li>\n<li style=\"font-weight: 400;\"><span style=\"font-weight: 400;\">Heb ei argymell ar gyfer teithwyr beichiog <\/span><\/li>\n<li style=\"font-weight: 400;\"><span style=\"font-weight: 400;\"> Dim problemau gyda&#039;r galon na chyflyrau meddygol difrifol eraill <\/span><\/li>\n<li style=\"font-weight: 400;\"><span style=\"font-weight: 400;\">Gall y rhan fwyaf o deithwyr gymryd rhan<\/span><\/li>\n<\/ol>\n<h4><b><i>Polisi Canslo<\/i><\/b><\/h4>\n<p><span style=\"font-weight: 400;\">I gael ad-daliad llawn, canslwch o leiaf 24 awr cyn dyddiad cychwyn y profiad.<\/span><\/p>\n\n\t\t<\/div>\n\t<\/div>\n<\/div><\/div><\/div><\/div><div class=\"vc_row wpb_row vc_row-fluid\" ><div class=\"wpb_column vc_column_container vc_col-sm-12\"><div class=\"vc_column-inner\"><div class=\"wpb_wrapper\"><div class=\"vc_empty_space\"   style=\"height: 32px\"><span class=\"vc_empty_space_inner\"><\/span><\/div>\n\t<div class=\"wpb_text_column wpb_content_element\" >\n\t\t<div class=\"wpb_wrapper\">\n\t\t\t<h4>Cysylltwch \u00e2 ni?<\/h4>\n<h5><em><strong>Anturiaethau Archebu<\/strong><\/em><\/h5>\n<p><em><strong>Pobl leol<\/strong> a <strong>Cenedlaetholwyr<\/strong> Tywyswyr Teithiau a Gwasanaethau Gwesteion<\/em><\/p>\n<p><span class=\"text-turquoise\">Archebion:<\/span> Teithiau a Gwibdeithiau yn y Cartref Cynrychiolydd.<\/p>\n<p><img decoding=\"async\" class=\"emoji\" draggable=\"false\" src=\"https:\/\/s.w.org\/images\/core\/emoji\/11.2.0\/svg\/1f4de.svg\" alt=\"\ud83d\udcde\" \/> Ff\u00f4n\/Whatsapp\u00a0 <a href=\"tel:+1-809-720-6035\">+1-809-720-6035<\/a>.<\/p>\n<p><img decoding=\"async\" class=\"emoji\" draggable=\"false\" src=\"https:\/\/s.w.org\/images\/core\/emoji\/11.2.0\/svg\/1f4e9.svg\" alt=\"\ud83d\udce9\" \/> <a href=\"mailto:info@bookingadventures.com.do\">info@bookingadventures.com.do<\/a><\/p>\n<p><strong>Rydym yn Hyblyg Gosod Teithiau Preifat gan Whatsapp: <a href=\"tel:+18097206035\">+18097206035.<\/a><\/strong><\/p>\n\n\t\t<\/div>\n\t<\/div>\n<div class=\"vc_empty_space\"   style=\"height: 32px\"><span class=\"vc_empty_space_inner\"><\/span><\/div><\/div><\/div><\/div><\/div>","protected":false},"excerpt":{"rendered":"<p><strong>Dewiswch ddyddiad ar gyfer Y Daith\u00a0<\/strong><\/p>","protected":false},"featured_media":131,"template":"","meta":[],"product_brand":[],"product_cat":[120,96,97,135,136,122,123,124],"product_tag":[138,140,155,156,142,143],"class_list":{"0":"post-38","1":"product","2":"type-product","3":"status-publish","4":"has-post-thumbnail","6":"product_cat-fees-entrace","7":"product_cat-hiking","8":"product_cat-horse-riding-to-waterfalls","9":"product_cat-lunch","10":"product_cat-safari-samana","11":"product_cat-tours-and-excursions","12":"product_cat-tours-excursions-los-haitises-national-park","13":"product_cat-tours-excursions-samana-bay-dominican-republic","14":"product_tag-beach-time","15":"product_tag-el-limon-waterfalls","16":"product_tag-hiking-el-limon","17":"product_tag-horses-el-limon","18":"product_tag-samana","19":"product_tag-samana-tours","21":"first","22":"instock","23":"sale","24":"featured","25":"sold-individually","26":"shipping-taxable","27":"product-type-external"},"_links":{"self":[{"href":"https:\/\/visitaloshaitises.com\/cy\/wp-json\/wp\/v2\/product\/38","targetHints":{"allow":["GET"]}}],"collection":[{"href":"https:\/\/visitaloshaitises.com\/cy\/wp-json\/wp\/v2\/product"}],"about":[{"href":"https:\/\/visitaloshaitises.com\/cy\/wp-json\/wp\/v2\/types\/product"}],"wp:featuredmedia":[{"embeddable":true,"href":"https:\/\/visitaloshaitises.com\/cy\/wp-json\/wp\/v2\/media\/131"}],"wp:attachment":[{"href":"https:\/\/visitaloshaitises.com\/cy\/wp-json\/wp\/v2\/media?parent=38"}],"wp:term":[{"taxonomy":"product_brand","embeddable":true,"href":"https:\/\/visitaloshaitises.com\/cy\/wp-json\/wp\/v2\/product_brand?post=38"},{"taxonomy":"product_cat","embeddable":true,"href":"https:\/\/visitaloshaitises.com\/cy\/wp-json\/wp\/v2\/product_cat?post=38"},{"taxonomy":"product_tag","embeddable":true,"href":"https:\/\/visitaloshaitises.com\/cy\/wp-json\/wp\/v2\/product_tag?post=38"}],"curies":[{"name":"wp","href":"https:\/\/api.w.org\/{rel}","templated":true}]}}