{"id":10912,"date":"2020-07-18T23:40:25","date_gmt":"2020-07-18T23:40:25","guid":{"rendered":"https:\/\/haitises.com\/?post_type=product&#038;p=10912"},"modified":"2024-04-15T18:53:20","modified_gmt":"2024-04-15T18:53:20","slug":"excursion-isla-saona-desde-punta-cana-piscina-natural","status":"publish","type":"product","link":"https:\/\/visitaloshaitises.com\/cy\/private\/excursion-isla-saona-desde-punta-cana-piscina-natural\/","title":{"rendered":"Excursi\u00f3n Isla Saona desde Punta Cana &#8211; Piscina Natural"},"content":{"rendered":"<div class=\"vc_row wpb_row vc_row-fluid\" ><div class=\"wpb_column vc_column_container vc_col-sm-12\"><div class=\"vc_column-inner\"><div class=\"wpb_wrapper\"><div class=\"mkdf-section-title-holder\" style=\"text-align: left\">\n\t<div class=\"mkdf-st-inner\">\n\t\t\t\t\t<h5 class=\"mkdf-st-subtitle\" >\n\t\t\t\tDesde los hoteles de Punta Cana\t\t\t<\/h5>\n\t\t\t\t\t\t\t<h3 class=\"mkdf-st-title\" >\n\t\t\t\tTour Isla Saona desde Punta Cana - Excursi\u00f3n Piscina Natural\t\t\t<\/h3>\n\t\t\t\t\t\t\t<p class=\"mkdf-st-text\" >\n\t\t\t\tNota: Este recorrido comienza a las 7:00 am. Dependiendo de donde est\u00e9, el horario de recogida de los hoteles, puede cambiar. Costo adicional para recoger en \u00e1reas no incluidas en nuestra descripci\u00f3n.\t\t\t<\/p>\n\t\t\t<\/div>\n<\/div><\/div><\/div><\/div><\/div><div class=\"vc_row wpb_row vc_row-fluid\" ><div class=\"wpb_column vc_column_container vc_col-sm-12\"><div class=\"vc_column-inner\"><div class=\"wpb_wrapper\"><div class=\"vc_empty_space\"   style=\"height: 32px\"><span class=\"vc_empty_space_inner\"><\/span><\/div><\/div><\/div><\/div><\/div><div class=\"vc_row wpb_row vc_row-fluid\" ><div class=\"wpb_column vc_column_container vc_col-sm-12\"><div class=\"vc_column-inner\"><div class=\"wpb_wrapper\">\n\t<div class=\"wpb_text_column wpb_content_element\" >\n\t\t<div class=\"wpb_wrapper\">\n\t\t\t<h3>Disgrifiad<\/h3>\n<p>Esta excursi\u00f3n lo lleva a las playas de Isla Saona desde Punta Cana en un autob\u00fas a la comunidad de Bayahibe, almuerza en la isla y se detiene en las piscinas naturales de Saona. Disfrutando de la hermosa costa del sureste de la Rep\u00fablica Dominicana, donde despu\u00e9s de tomar el bote \u00abCatamar\u00e1n\u00bb navegar\u00e1 por la costa observando las diferentes playas, paisajes, manglares y formaciones de piedra caliza.<\/p>\n<p>Para llegar a la isla se tarda unos 45 minutos y durante el recorrido tiene la posibilidad de ver a Mano Juan, la \u00fanica comunidad establecida en la isla, en este mismo lugar tiene la posibilidad de almorzar, en caso de que no llegue a Mano Juan, visitar\u00e1s playas \u00fanicas en la zona y almorzar\u00e1s junto a la playa, tambi\u00e9n tendr\u00e1s la oportunidad de bucear en la isla.<br \/>\nEn el camino de regreso, hay una \u00faltima parada en las piscinas naturales, otro de los lugares majestuosos de Isla Saona que disfrutar\u00e1 una hora antes de regresar a la comunidad de Bayahibe.<\/p>\n<ul>\n<li>Incluye almuerzo buffet en la playa.<\/li>\n<li>Tour en bus desde Punta Cana<\/li>\n<li>Piscina natural<\/li>\n<li>Traslado en barco o catamar\u00e1n<\/li>\n<li>El Capit\u00e1n proporciona instrucci\u00f3n y supervisi\u00f3n.<\/li>\n<\/ul>\n<h3>Cynhwysiant a gwaharddiadau<\/h3>\n<h4>Cynhwysion<\/h4>\n<ol>\n<li>Viaje en barco o catamar\u00e1n<\/li>\n<li>Almuerzo buffet en la playa.<\/li>\n<li>Piscina natural<\/li>\n<li>Cludiant<\/li>\n<li>Yr holl drethi, ffioedd a thaliadau trin<\/li>\n<li>Trethi lleol<\/li>\n<li>Diodydd<\/li>\n<\/ol>\n<h4>Gwaharddiadau<\/h4>\n<ol>\n<li>Propina<\/li>\n<li>Canllaw lleol<\/li>\n<\/ol>\n<h3><em>Gadael a dychwelyd<\/em><\/h3>\n<p>Bydd y teithiwr yn cael man cyfarfod ar \u00f4l y broses archebu. Mae teithiau&#039;n dechrau ac yn gorffen yn ein mannau cyfarfod.<\/p>\n<h3><em>Beth i&#039;w ddisgwyl?<\/em><\/h3>\n<p>Obtenga sus boletos para un pase de un d\u00eda en la Isla Saona en Bayahibe a partir de Punta Cana, adem\u00e1s de un maravilloso almuerzo y tiempo en la playa.<\/p>\n<p>El Pasa d\u00eda, organizado por \u00abBooking Adventures\u00bb comienza en el punto de encuentro establecido con el gu\u00eda tur\u00edstico. Transporte y almuerzo en la playa y puedes quedarte todo el tiempo que quieras nadando.<\/p>\n<p>Si eres vegano, \u00a1tambi\u00e9n podemos prepararte algo de comida!<\/p>\n<p>Horario:<\/p>\n<p>7:00 AM &#8211; 7:00 PM &#8230; Cambio de hora dependiendo de d\u00f3nde se encuentre en Punta Cana.<\/p>\n<h3><em>Beth ddylech chi ddod?<\/em><\/h3>\n<ul>\n<li>Camera<\/li>\n<li>Ymlidwyr<\/li>\n<li>eli haul<\/li>\n<li>Het<\/li>\n<li>Pants cyfforddus<\/li>\n<li>Esgidiau cerdded coedwig<\/li>\n<li>Sandalias a la playa<\/li>\n<li>Swimsuit<\/li>\n<li>Efectivo para recuerdos<\/li>\n<\/ul>\n<h3><em>Codi gwesty<\/em><\/h3>\n<p>\u00a1Se ofrece recogida de viajeros!<\/p>\n<p>Rydym yn codi o&#039;r holl westai yn Punta Cana.Lleoliad codi yw&#039;r lobi gwesty<br \/>\nOs ydych chi&#039;n aros mewn condo yn yr ardal, byddwn yn eich codi wrth y condo neu&#039;r fynedfa gyrchfan agosaf. Rydym yn ffurfweddu Pickup trwy gysylltu \u00e2 ni ar Whatsapp.<\/p>\n<p><strong>Nodyn:<\/strong> Os archebwch o fewn 24 awr i amser gadael y daith \/ gwibdaith, gallwn drefnu codi gwesty. Unwaith y bydd eich pryniant wedi&#039;i gwblhau, byddwn yn anfon gwybodaeth gyswllt gyflawn atoch (rhif ff\u00f4n, cyfeiriad e-bost, ac ati) ar gyfer ein canllaw taith leol i drefnu trefniadau codi.<\/p>\n<h3><em>Cadarnhad o wybodaeth ychwanegol<\/em><\/h3>\n<ol>\n<li>Y tocynnau yw&#039;r Derbynneb ar \u00f4l talu am y Daith hon. Gallwch ddangos y taliad ar eich ff\u00f4n.<\/li>\n<li>Derbynnir y man cyfarfod ar \u00f4l y broses archebu.<\/li>\n<li>Rhaid i blant fod yng nghwmni oedolyn.<\/li>\n<li>Acesible para sillas de ruedas<\/li>\n<li>Dylai babanod eistedd ar y glin<\/li>\n<li>Gall y rhan fwyaf o deithwyr gymryd rhan.<\/li>\n<\/ol>\n<h3><em>Polisi canslo<\/em><\/h3>\n<p>I gael ad-daliad llawn, canslwch o leiaf 24 awr cyn dyddiad cychwyn y profiad.<\/p>\n\n\t\t<\/div>\n\t<\/div>\n<\/div><\/div><\/div><\/div><div class=\"vc_row wpb_row vc_row-fluid\" ><div class=\"wpb_column vc_column_container vc_col-sm-12\"><div class=\"vc_column-inner\"><div class=\"wpb_wrapper\"><div class=\"vc_empty_space\"   style=\"height: 32px\"><span class=\"vc_empty_space_inner\"><\/span><\/div>\n\t<div class=\"wpb_text_column wpb_content_element\" >\n\t\t<div class=\"wpb_wrapper\">\n\t\t\t<h3>Cysylltwch \u00e2 Ni<\/h3>\n<h5>Reserva de Aventuras<\/h5>\n<p><em>Gu\u00edas tur\u00edsticos <strong>Locales<\/strong> y <strong>nacionales<\/strong> y servicios para hu\u00e9spedes<\/em><\/p>\n<p>Archebu lle: Teithiau a Gwibdeithiau yn y Dom.<\/p>\n<p>Ff\u00f4n\/Whatsapp +1-809-720-6035.<\/p>\n<p>info@bookingadventures.com.do<\/p>\n<p>Somos flexibles Configurando tours privados por<strong>\u00a0Whatsapp: <a href=\"tel:+18097206035\">+18097206035.<\/a><\/strong><\/p>\n\n\t\t<\/div>\n\t<\/div>\n<div class=\"vc_empty_space\"   style=\"height: 32px\"><span class=\"vc_empty_space_inner\"><\/span><\/div>\n\t<div class=\"wpb_video_widget wpb_content_element vc_clearfix   vc_video-aspect-ratio-169 vc_video-el-width-100 vc_video-align-left\" >\n\t\t<div class=\"wpb_wrapper\">\n\t\t\t<h2 class=\"wpb_heading wpb_video_heading\">Saona Island Tours &amp; Excursions Video:<\/h2>\n\t\t\t<div class=\"wpb_video_wrapper\"><iframe loading=\"lazy\" title=\"Ynys Saola Diwrnod llawn trwy Archebu Anturiaethau, Teithio Gweriniaeth Dominicanaidd\" width=\"1100\" height=\"619\" src=\"https:\/\/www.youtube.com\/embed\/sas91N4zMHo?feature=oembed\" frameborder=\"0\" allow=\"accelerometer; autoplay; encrypted-media; gyroscope; picture-in-picture\" allowfullscreen><\/iframe><\/div>\n\t\t<\/div>\n\t<\/div>\n<div class=\"vc_empty_space\"   style=\"height: 32px\"><span class=\"vc_empty_space_inner\"><\/span><\/div><\/div><\/div><\/div><\/div><div class=\"vc_row wpb_row vc_row-fluid\" ><div class=\"wpb_column vc_column_container vc_col-sm-12\"><div class=\"vc_column-inner\"><div class=\"wpb_wrapper\"><\/div><\/div><\/div><\/div>","protected":false},"excerpt":{"rendered":"<p>Un pasa d\u00eda a la isla Saona desde el puerto de Bayahibe. Almuerzo y piscinas naturales incluidas. En caso de necesidad traslado desde cualquier parte de la Rep\u00fablica Dominicana. Solo cont\u00e1ctenos y tengamos la mejor experiencia en la Isla Saona.<\/p>\n<p><strong>Dewiswch ddyddiad ar gyfer y Daith:<\/strong><\/p>","protected":false},"featured_media":159,"template":"","meta":[],"product_brand":[],"product_cat":[227,164,122,443],"product_tag":[165,166,167,168,169,141,228,170,229,171,172,173,230,231,174,175],"class_list":{"0":"post-10912","1":"product","2":"type-product","3":"status-publish","4":"has-post-thumbnail","6":"product_cat-saona-island","7":"product_cat-saona-island-tour-excursion","8":"product_cat-tours-and-excursions","9":"product_cat-tours-y-excursiones-es","10":"product_tag-all-inclusive-trip-to-saona-island-by-speedboat-catamaran","11":"product_tag-bayahibe","12":"product_tag-catamaran","13":"product_tag-how-to-get-to-saona-island","14":"product_tag-isla-saona","15":"product_tag-punta-cana","16":"product_tag-punta-cana-tours","17":"product_tag-saona","18":"product_tag-saona-from-punta-cana","19":"product_tag-saona-island","20":"product_tag-saona-island-excursion","21":"product_tag-saona-island-hotels","22":"product_tag-saona-island-natural-pool","23":"product_tag-saona-island-private-tour","24":"product_tag-saona-island-snorkeling","25":"product_tag-saona-island-tour","27":"first","28":"instock","29":"sale","30":"featured","31":"sold-individually","32":"shipping-taxable","33":"product-type-external"},"_links":{"self":[{"href":"https:\/\/visitaloshaitises.com\/cy\/wp-json\/wp\/v2\/product\/10912","targetHints":{"allow":["GET"]}}],"collection":[{"href":"https:\/\/visitaloshaitises.com\/cy\/wp-json\/wp\/v2\/product"}],"about":[{"href":"https:\/\/visitaloshaitises.com\/cy\/wp-json\/wp\/v2\/types\/product"}],"wp:featuredmedia":[{"embeddable":true,"href":"https:\/\/visitaloshaitises.com\/cy\/wp-json\/wp\/v2\/media\/159"}],"wp:attachment":[{"href":"https:\/\/visitaloshaitises.com\/cy\/wp-json\/wp\/v2\/media?parent=10912"}],"wp:term":[{"taxonomy":"product_brand","embeddable":true,"href":"https:\/\/visitaloshaitises.com\/cy\/wp-json\/wp\/v2\/product_brand?post=10912"},{"taxonomy":"product_cat","embeddable":true,"href":"https:\/\/visitaloshaitises.com\/cy\/wp-json\/wp\/v2\/product_cat?post=10912"},{"taxonomy":"product_tag","embeddable":true,"href":"https:\/\/visitaloshaitises.com\/cy\/wp-json\/wp\/v2\/product_tag?post=10912"}],"curies":[{"name":"wp","href":"https:\/\/api.w.org\/{rel}","templated":true}]}}