{"id":11895,"date":"2023-11-20T10:47:47","date_gmt":"2023-11-20T10:47:47","guid":{"rendered":"https:\/\/haitises.com\/?page_id=11895"},"modified":"2023-11-20T10:59:11","modified_gmt":"2023-11-20T10:59:11","slug":"land-for-sale-in-samana-samana-land-for-sale","status":"publish","type":"page","link":"https:\/\/visitaloshaitises.com\/cy\/tir-ar-werth-yn-samana-samana-tir-ar-werth\/","title":{"rendered":"tir ar werth yn samana samana tir ar werth"},"content":{"rendered":"<details class=\"wp-block-details is-layout-flow wp-block-details-is-layout-flow\"><summary>Tir ar Werth yn Samana - Samana ar Werth<br>Eiddo tiriog Samana<br>Tir Samana ar Werth<br>TIROEDD ar Werth yn Saman\u00e1, Gweriniaeth Dominica. Gweld lluniau a rhestru manylion Saman\u00e1, Sylw Buddsoddwyr, Datblygwyr Tir sydd \u00e2 diddordeb yn y WERINIAETH DOMINIGOL.<br>Os ydych chi&#039;n chwilio am Diroedd i&#039;w Brynu yn Samana. Fy enw i yw Misael Calcano. Ychydig o Diroedd sydd gennyf ar werth gan fy nheulu gyda phob dogfen. Tiroedd cyfreithlon o flaen y traeth a hefyd gyda golygfa anhygoel o&#039;r cefnfor. Mae croeso i chi gysylltu \u00e2 mi trwy whatsapp:\u00a0<a href=\"callto:+18097206035\">+1-809-720-6035<\/a>.<br><br>Buddsoddwch yn Samana<br>Pam Buddsoddi yng Ngweriniaeth Ddominicaidd Samana?<br>Mae Saman\u00e1 yn gyrchfan o draethau euraidd diddiwedd, dyfroedd gwyrddlas a chledrau cnau coco yn siglo mewn gorwel gwyrdd, rhythmau Carib\u00efaidd, r\u00f0n a chwrw. Tref o bobl gl\u00ean a hiwmor heintus, lle mae popeth yn hamddenol a digynnwrf.<br>Yn Saman\u00e1 nid yw&#039;r straen yn bodoli, mae pobl sy&#039;n byw yma yn mwynhau cribo traeth a seigiau wedi&#039;u gwneud yn seiliedig ar fwyd m\u00f4r ffres a gludir gan bysgotwyr ar lan y traeth.<br>Os mai byw ym mharadwys fu&#039;ch breuddwyd erioed, yn Saman\u00e1 mae nifer o brosiectau wedi&#039;u hadeiladu&#039;n ddiweddar, rhai&#039;n cael eu hadeiladu a rhai eisoes wedi&#039;u gorffen lle gallwch chi ddod o hyd i&#039;ch cartref nesaf.<br>Dod o hyd i Eiddo ar werth yn\u00a0<em>Samana<\/em>. Chwilio am\u00a0<em>eiddo tiriog<\/em>\u00a0a dod o hyd i&#039;r rhestrau diweddaraf o\u00a0<em>Samana<\/em>\u00a0Eiddo ar werth.<br><br>Llawer Samana Ar Werth<br><br><br>Mae croeso i chi gysylltu \u00e2 mi trwy whatsapp:\u00a0<a href=\"callto:+18097206035\">+1-809-720-6035<\/a>.<br><br>Llawer a Ffermydd Samana<br><br><br>Mae croeso i chi gysylltu \u00e2 mi trwy whatsapp:\u00a0<a href=\"callto:+18097206035\">+1-809-720-6035<\/a>.<br><br>Samana Ocean View lot ar Werth Eiddo<br><br><br>Mae croeso i chi gysylltu \u00e2 mi trwy whatsapp:\u00a0<a href=\"callto:+18097206035\">+1-809-720-6035<\/a>.<br><br>Eiddo blaen Traeth Samana ar Werth<br><br><br>Mae croeso i chi gysylltu \u00e2 mi trwy whatsapp:\u00a0<a href=\"callto:+18097206035\">+1-809-720-6035<\/a>.<br><br><a class=\"\" href=\"https:\/\/www.tourwhales.com\/wp-content\/uploads\/2023\/01\/land-mark-5-1024x567.png\" target=\"_blank\" rel=\"noopener\"><\/a><br><a class=\"\" href=\"https:\/\/www.tourwhales.com\/wp-content\/uploads\/2023\/01\/land-mark-4-1024x545.png\" target=\"_blank\" rel=\"noopener\"><\/a><br><a class=\"\" href=\"https:\/\/www.tourwhales.com\/wp-content\/uploads\/2023\/01\/land-mark-3-1024x571.png\" target=\"_blank\" rel=\"noopener\"><\/a><br><a class=\"\" href=\"https:\/\/www.tourwhales.com\/wp-content\/uploads\/2023\/01\/land-mark-2-1024x540.png\" target=\"_blank\" rel=\"noopener\"><\/a><br><a class=\"\" href=\"https:\/\/www.tourwhales.com\/wp-content\/uploads\/2023\/01\/land-maark-1024x445.png\" target=\"_blank\" rel=\"noopener\"><\/a><br><a class=\"\" href=\"https:\/\/www.tourwhales.com\/wp-content\/uploads\/2023\/01\/beachlimon-lands--1024x608.png\" target=\"_blank\" rel=\"noopener\"><\/a><br><a class=\"\" href=\"https:\/\/www.tourwhales.com\/land-for-sale-in-samana-samana-land-for-sale#\" target=\"_blank\" rel=\"noopener\">1<\/a><br><a class=\"\" href=\"https:\/\/www.tourwhales.com\/land-for-sale-in-samana-samana-land-for-sale#\" target=\"_blank\" rel=\"noopener\">2<\/a><br><a href=\"https:\/\/www.tourwhales.com\/land-for-sale-in-samana-samana-land-for-sale#\" target=\"_blank\" rel=\"noopener\">3<\/a><br><a class=\"\" href=\"https:\/\/www.tourwhales.com\/land-for-sale-in-samana-samana-land-for-sale#\" target=\"_blank\" rel=\"noopener\">4<\/a><br><a class=\"\" href=\"https:\/\/www.tourwhales.com\/land-for-sale-in-samana-samana-land-for-sale#\" target=\"_blank\" rel=\"noopener\">5<\/a><br><a class=\"\" href=\"https:\/\/www.tourwhales.com\/land-for-sale-in-samana-samana-land-for-sale#\" target=\"_blank\" rel=\"noopener\">6<\/a><br><a href=\"https:\/\/www.tourwhales.com\/land-for-sale-in-samana-samana-land-for-sale#\" target=\"_blank\" rel=\"noopener\">Blaenorol<\/a><br><a href=\"https:\/\/www.tourwhales.com\/land-for-sale-in-samana-samana-land-for-sale#\" target=\"_blank\" rel=\"noopener\">Nesaf<\/a><br><br><br>Mae croeso i chi gysylltu \u00e2 mi trwy whatsapp:\u00a0<a href=\"callto:+18097206035\">+1-809-720-6035<\/a>.<\/summary>\n<p><\/p>\n<\/details>","protected":false},"excerpt":{"rendered":"Land for Sale in Saman\u00e1 \u2013 Samana land for SaleSamana Real EstateSamana Land for SaleLANDS for sale in Saman\u00e1, Dominican Republic. View photos and listing details of Saman\u00e1, Attention Investors, Land Developers interested in the DOMINICAN REPUBLIC.If you are looking [...]","protected":false},"author":1,"featured_media":0,"parent":0,"menu_order":0,"comment_status":"closed","ping_status":"closed","template":"","meta":{"footnotes":""},"class_list":["post-11895","page","type-page","status-publish","hentry"],"_links":{"self":[{"href":"https:\/\/visitaloshaitises.com\/cy\/wp-json\/wp\/v2\/pages\/11895","targetHints":{"allow":["GET"]}}],"collection":[{"href":"https:\/\/visitaloshaitises.com\/cy\/wp-json\/wp\/v2\/pages"}],"about":[{"href":"https:\/\/visitaloshaitises.com\/cy\/wp-json\/wp\/v2\/types\/page"}],"author":[{"embeddable":true,"href":"https:\/\/visitaloshaitises.com\/cy\/wp-json\/wp\/v2\/users\/1"}],"replies":[{"embeddable":true,"href":"https:\/\/visitaloshaitises.com\/cy\/wp-json\/wp\/v2\/comments?post=11895"}],"version-history":[{"count":2,"href":"https:\/\/visitaloshaitises.com\/cy\/wp-json\/wp\/v2\/pages\/11895\/revisions"}],"predecessor-version":[{"id":11899,"href":"https:\/\/visitaloshaitises.com\/cy\/wp-json\/wp\/v2\/pages\/11895\/revisions\/11899"}],"wp:attachment":[{"href":"https:\/\/visitaloshaitises.com\/cy\/wp-json\/wp\/v2\/media?parent=11895"}],"curies":[{"name":"wp","href":"https:\/\/api.w.org\/{rel}","templated":true}]}}