{"id":58,"date":"2020-06-14T11:56:47","date_gmt":"2020-06-14T11:56:47","guid":{"rendered":"https:\/\/haitises.com\/product\/import-placeholder-for-9228\/"},"modified":"2024-04-24T04:45:26","modified_gmt":"2024-04-24T04:45:26","slug":"private-tour-samana-whale-watching-cayo-levantado-bacardi-island-from-samana-port","status":"publish","type":"product","link":"https:\/\/visitaloshaitises.com\/cs\/private\/soukroma-prohlidka-samany-pozorovani-velryb-cayo-levantado-bacardi-island-z-pristavu-samana\/","title":{"rendered":"Soukrom\u00e1 prohl\u00eddka Saman\u00e1 - pozorov\u00e1n\u00ed velryb + Cayo Levantado (ostrov Bacardi) z p\u0159\u00edstavu Saman\u00e1"},"content":{"rendered":"<div class=\"vc_row wpb_row vc_row-fluid\" ><div class=\"wpb_column vc_column_container vc_col-sm-12\"><div class=\"vc_column-inner\"><div class=\"wpb_wrapper\"><div class=\"vc_empty_space\"   style=\"height: 32px\"><span class=\"vc_empty_space_inner\"><\/span><\/div><div class=\"mkdf-section-title-holder\" style=\"text-align: left\">\n\t<div class=\"mkdf-st-inner\">\n\t\t\t\t\t<h5 class=\"mkdf-st-subtitle\" >\n\t\t\t\tZ p\u0159\u00edstavu Saman\u00e1 Soukrom\u00e1 plavba lod\u00ed\t\t\t<\/h5>\n\t\t\t\t\t\t\t<h3 class=\"mkdf-st-title\" >\n\t\t\t\tSamana Cayo Levantado + pozorov\u00e1n\u00ed velryb\t\t\t<\/h3>\n\t\t\t\t\t<\/div>\n<\/div><div class=\"vc_message_box vc_message_box-standard vc_message_box-rounded vc_color-info\" ><div class=\"vc_message_box-icon\"><i class=\"fas fa-info-circle\"><\/i><\/div><p>Jedn\u00e1 se o soukromou prohl\u00eddku pro minim\u00e1ln\u011b 4 osoby. Rezervace stejn\u00e9ho v\u00fdletu ve skupin\u011b katamar\u00e1n\u016f <a href=\"https:\/\/www.ticketswhales.com\/Tours-Excursions\/tours-and-excursions\/samana-whale-watching-cayo-levantado\/\" target=\"_blank\" rel=\"noopener\">Klikn\u011bte zde.<\/a><\/p>\n<p>Pokud jste m\u00e9n\u011b ne\u017e 4 Lid\u00e9 a chcete soukrom\u00e9 Kontaktujte n\u00e1s.<\/p>\n<\/div><div class=\"vc_empty_space\"   style=\"height: 32px\"><span class=\"vc_empty_space_inner\"><\/span><\/div><\/div><\/div><\/div><\/div><div class=\"vc_row wpb_row vc_row-fluid\" ><div class=\"wpb_column vc_column_container vc_col-sm-12\"><div class=\"vc_column-inner\"><div class=\"wpb_wrapper\">\n\t<div class=\"wpb_text_column wpb_content_element\" >\n\t\t<div class=\"wpb_wrapper\">\n\t\t\t<div class=\"vc_row wpb_row vc_row-fluid\">\n<div class=\"wpb_column vc_column_container vc_col-sm-12\">\n<div class=\"vc_column-inner\">\n<div class=\"wpb_wrapper\">\n<div class=\"wpb_text_column wpb_content_element\">\n<div class=\"wpb_wrapper\">\n<div class=\"vc_row wpb_row vc_row-fluid\">\n<div class=\"wpb_column vc_column_container vc_col-sm-12\">\n<div class=\"vc_column-inner\">\n<div class=\"wpb_wrapper\">\n<div class=\"wpb_text_column wpb_content_element\">\n<div class=\"wpb_wrapper\">\n<h4><b><i>P\u0159ehled<img decoding=\"async\" class=\"emoji\" draggable=\"false\" src=\"https:\/\/s.w.org\/images\/core\/emoji\/12.0.0-1\/svg\/1f433.svg\" alt=\"\ud83d\udc33\" \/><\/i><\/b><\/h4>\n<p><strong>Vyhn\u011bte se velk\u00fdm skupin\u00e1m turist\u016f<\/strong>\u00a0a vydejte se na pozorov\u00e1n\u00ed velryb v z\u00e1toce Saman\u00e1, kter\u00e9 za\u010d\u00edn\u00e1 v p\u0159\u00edstavu Saman\u00e1 na soukrom\u00e9 lodi. Tento v\u00fdlet za\u010d\u00edn\u00e1 v 9:00 a kon\u010d\u00ed v 17:00. Proto\u017ee se v\u0161ak jedn\u00e1 o soukrom\u00fd v\u00fdlet, m\u016f\u017eete si sami ur\u010dit \u010das za\u010d\u00e1tku a konce. Sraz p\u0159edt\u00edm v na\u0161\u00ed kancel\u00e1\u0159i vedle restaurace Royal. Po p\u0159eru\u0161en\u00ed na\u0161\u00ed lodi na n\u00e1v\u0161t\u011bvu velryb v jejich vlastn\u00edm prost\u0159ed\u00ed.  Na\u0161i kapit\u00e1ni jsou vy\u0161koleni tak, abyste velryby vid\u011bli.<\/p>\n<p>Od 9:00 do 12:00 hodin pozorov\u00e1n\u00ed velryb a Po tomto v\u00fdletu nav\u0161t\u00edv\u00edme ostrov Bacardi \/ Cayo Levantado. Na ostrov\u011b Bacardi bude zaji\u0161t\u011bn ob\u011bd formou bufetu v typick\u00e9m dominik\u00e1nsk\u00e9m stylu (r\u00fd\u017ee, fazole, ryby, sal\u00e1ty...). Po skon\u010den\u00ed ob\u011bda se m\u016f\u017eete koupat a\u017e do 16:30. Prohl\u00eddka bude ukon\u010dena v 17:00 ve stejn\u00e9m p\u0159\u00edstavu, odkud bude zah\u00e1jena.<\/p>\n<p><strong>Pozn\u00e1mka:<\/strong>\u00a0Tento v\u00fdlet je soukrom\u00fd (pouze vy a va\u0161e rodina nebo p\u0159\u00e1tel\u00e9 na palub\u011b s kapit\u00e1nem a pr\u016fvodcem).<\/p>\n<ul>\n<li>V\u00fdlet za pozorov\u00e1n\u00edm velryb<\/li>\n<li>Vstupn\u00e9 do hv\u011bzd\u00e1rny<\/li>\n<li>Zahrnuje ob\u011bd formou bufetu na pl\u00e1\u017ei<\/li>\n<li>P\u0159eprava lod\u00ed<\/li>\n<li>Kapit\u00e1n poskytuje instrukce a dohled<\/li>\n<li>Pr\u016fvodce<\/li>\n<\/ul>\n<p>&nbsp;<\/p>\n<h4><b>Zahrnut\u00ed a vylou\u010den\u00ed<\/b><\/h4>\n<p>&nbsp;<\/p>\n<p><b>Inkluze<\/b><\/p>\n<p>&nbsp;<\/p>\n<ol>\n<li>Ob\u011bd formou bufetu na pl\u00e1\u017ei<\/li>\n<li>Pr\u016fvodce<\/li>\n<li>Katamar\u00e1n nebo v\u00fdlet lod\u00ed<\/li>\n<li>V\u0161echny dan\u011b, poplatky a manipula\u010dn\u00ed poplatky<\/li>\n<li>M\u00edstn\u00ed dan\u011b<\/li>\n<li>N\u00e1poje<\/li>\n<\/ol>\n<p><b>V\u00fdjimky<\/b><\/p>\n<ol>\n<li>Spropitn\u00e9<\/li>\n<li>P\u0159estupn\u00ed v\u016fz<\/li>\n<li>Alkoholick\u00e9 n\u00e1poje<\/li>\n<\/ol>\n<p>&nbsp;<\/p>\n<h4><em><strong>Odjezd a n\u00e1vrat<\/strong><\/em><\/h4>\n<p>Cestuj\u00edc\u00ed obdr\u017e\u00ed m\u00edsto setk\u00e1n\u00ed po dokon\u010den\u00ed rezervace. V\u00fdlety za\u010d\u00ednaj\u00ed a kon\u010d\u00ed na na\u0161ich m\u00edstech setk\u00e1n\u00ed.<\/p>\n<p>&nbsp;<\/p>\n<h4><b><i>Co o\u010dek\u00e1vat?<\/i><\/b><\/h4>\n<p>&nbsp;<\/p>\n<p><em><strong>Z\u00edskejte vstupenky<\/strong><\/em>\u00a0na celodenn\u00ed soukromou prohl\u00eddku z\u00e1toky Saman\u00e1 s pozorov\u00e1n\u00edm velryb a skv\u011bl\u00fdm ob\u011bdem a pobytem na pl\u00e1\u017ei na ostrov\u011b Bacardi.<\/p>\n<p>Celodenn\u00ed vstupenka na pozorov\u00e1n\u00ed velryb, kterou po\u0159\u00e1d\u00e1 \u201eBooking Adventures\u201c, za\u010d\u00edn\u00e1 na m\u00edst\u011b setk\u00e1n\u00ed s pr\u016fvodcem. Ob\u011bd na pl\u00e1\u017ei a m\u016f\u017eete z\u016fstat tak dlouho, jak chcete, koup\u00e1n\u00ed. Pokud jste vegan, m\u016f\u017eeme pro v\u00e1s tak\u00e9 nastavit n\u011bjak\u00e9 j\u00eddlo.<\/p>\n<p><strong>\u010casov\u00fd rozvrh:<\/strong><\/p>\n<p>8:45\u201317:00<\/p>\n<p>&nbsp;<\/p>\n<h4><em><strong>Co byste si m\u011bli vz\u00edt s sebou?<\/strong><\/em><\/h4>\n<ul>\n<li>Fotoapar\u00e1t<\/li>\n<li>Repelentn\u00ed pupeny<\/li>\n<li>opalovac\u00ed kr\u00e9m<\/li>\n<li>Klobouk<\/li>\n<li>Pohodln\u00e9 kalhoty<\/li>\n<li>Sand\u00e1ly na pl\u00e1\u017e<\/li>\n<li>Plaveck\u00fd od\u011bv<\/li>\n<li>Pen\u00edze na suven\u00fdry<\/li>\n<\/ul>\n<p>&nbsp;<\/p>\n<h4><b><i>Vyzvednut\u00ed Hotel<\/i><\/b><\/h4>\n<p>Vyzvednut\u00ed v hotelu se u t\u00e9to prohl\u00eddky nenab\u00edz\u00ed.<\/p>\n<p>&nbsp;<\/p>\n<p><b>Pozn\u00e1mka:<\/b>\u00a0pokud si rezervujete ubytov\u00e1n\u00ed do 24 hodin p\u0159ed odjezdem na v\u00fdlet\/exkurzi, m\u016f\u017eeme za\u0159\u00eddit vyzvednut\u00ed v hotelu za p\u0159\u00edplatek. Po dokon\u010den\u00ed n\u00e1kupu v\u00e1m za\u0161leme kompletn\u00ed kontaktn\u00ed informace (telefonn\u00ed \u010d\u00edslo, e-mailovou adresu atd.) pro na\u0161eho m\u00edstn\u00edho pr\u016fvodce, kter\u00fd zorganizuje vyzvednut\u00ed.<\/p>\n<h4><b><i>Dal\u0161\u00ed informace Potvrzen\u00ed<\/i><\/b><\/h4>\n<ol>\n<li>Vstupenky jsou stvrzenkou po zaplacen\u00ed t\u00e9to prohl\u00eddky. Platbu m\u016f\u017eete uk\u00e1zat na sv\u00e9m telefonu.<\/li>\n<li>M\u00edsto setk\u00e1n\u00ed obdr\u017e\u00edte po dokon\u010den\u00ed rezervace.<\/li>\n<li>D\u011bti mus\u00ed b\u00fdt v doprovodu dosp\u011bl\u00e9 osoby.<\/li>\n<li>bezbari\u00e9rov\u00fd p\u0159\u00edstup<\/li>\n<li>Kojenci mus\u00ed sed\u011bt na kl\u00edn\u011b<\/li>\n<li>V\u011bt\u0161ina cestuj\u00edc\u00edch se m\u016f\u017ee z\u00fa\u010dastnit<\/li>\n<\/ol>\n<h4><b><i>Storno podm\u00ednky<\/i><\/b><\/h4>\n<p>Chcete-li vr\u00e1tit pen\u00edze v pln\u00e9 v\u00fd\u0161i, zru\u0161te rezervaci alespo\u0148 24 hodin p\u0159ed za\u010d\u00e1tkem z\u00e1\u017eitku.<\/p>\n<\/div>\n<\/div>\n<\/div>\n<\/div>\n<\/div>\n<\/div>\n<\/div>\n<\/div>\n<\/div>\n<\/div>\n<\/div>\n<\/div>\n<div class=\"vc_row wpb_row vc_row-fluid\">\n<div class=\"wpb_column vc_column_container vc_col-sm-12\">\n<div class=\"vc_column-inner\">\n<div class=\"wpb_wrapper\">\n<div class=\"vc_empty_space\"><\/div>\n<div class=\"wpb_text_column wpb_content_element\">\n<div class=\"wpb_wrapper\">\n<h4>Kontaktujte n\u00e1s?<\/h4>\n<h5><b><i>PROHL\u00cdDKA VELRYB SAMANA<\/i><\/b><\/h5>\n<p><em><strong>M\u00edstn\u00ed obyvatel\u00e9<\/strong>\u00a0a\u00a0<strong>N\u00e1rodn\u00ed str\u00e1nky<\/strong>\u00a0Pr\u016fvodci a slu\u017eby pro hosty<\/em><\/p>\n<p><span class=\"text-turquoise\">Rezervace:<\/span>\u00a0V\u00fdlety a exkurze v Dom. Rep.<\/p>\n<p><img decoding=\"async\" class=\"emoji\" draggable=\"false\" src=\"https:\/\/s.w.org\/images\/core\/emoji\/11.2.0\/svg\/1f4de.svg\" alt=\"\ud83d\udcde\" \/>\u00a0Tel \/ Whatsapp\u00a0\u00a0<a href=\"tel:+1-809-720-6035\">+1-809-720-6035<\/a>.<\/p>\n<p><img decoding=\"async\" class=\"emoji\" draggable=\"false\" src=\"https:\/\/s.w.org\/images\/core\/emoji\/11.2.0\/svg\/1f4e9.svg\" alt=\"\ud83d\udce9\" \/>\u00a0<a href=\"mailto:info@bookingadventures.com.do\">info@bookingadventures.com.do<\/a><\/p>\n<p><strong>Jsme flexibiln\u00ed nastaven\u00ed soukrom\u00e9 prohl\u00eddky p\u0159es Whatsapp:\u00a0<a href=\"tel:+18097206035\">+18097206035.<\/a><\/strong><\/p>\n<\/div>\n<\/div>\n<\/div>\n<\/div>\n<\/div>\n<\/div>\n\n\t\t<\/div>\n\t<\/div>\n<\/div><\/div><\/div><\/div>","protected":false},"excerpt":{"rendered":"<p>Soukrom\u00fd v\u00fdlet za pozorov\u00e1n\u00edm velryb v z\u00e1toce Samana v Dominik\u00e1nsk\u00e9 republice s m\u00edstn\u00edmi pr\u016fvodci. Nev\u00e1hejte si nastavit \u010das p\u0159\u00edjezdu nebo ukon\u010den\u00ed exkurze. Ob\u011bd a na\u010dasov\u00e1n\u00ed si ur\u010d\u00edte sami. Rezervujte si tento v\u00fdlet v z\u00e1toce Samana a z\u00edskejte dobr\u00fd z\u00e1\u017eitek z pozorov\u00e1n\u00ed velryb.<\/p>\n<p>Pozn\u00e1mka: Tato prohl\u00eddka je soukrom\u00e1 prohl\u00eddka s minim\u00e1ln\u00ed platbou. Chcete-li se p\u0159ipojit ke skupin\u011b na pozorov\u00e1n\u00ed velryb za stejnou cenu na katamar\u00e1nu, pros\u00edm.\u00a0 <a href=\"https:\/\/www.ticketswhales.com\/Tours-Excursions\/tours-and-excursions\/samana-whale-watching-cayo-levantado\/\">KLIKN\u011aTE ZDE.<\/a><\/p>\n<p>&nbsp;<\/p>\n<p><em><strong>Vyberte pros\u00edm datum exkurze:<\/strong><\/em><\/p>","protected":false},"featured_media":259,"template":"","meta":[],"product_brand":[],"product_cat":[124,232],"product_tag":[137,162,201,143,277,271,278,234,279,280,236],"class_list":{"0":"post-58","1":"product","2":"type-product","3":"status-publish","4":"has-post-thumbnail","6":"product_cat-tours-excursions-samana-bay-dominican-republic","7":"product_cat-whale-watching-samana","8":"product_tag-bacardi-island","9":"product_tag-cayo-levantado-day-pass","10":"product_tag-private-tours-samana","11":"product_tag-samana-tours","12":"product_tag-samana-whale","13":"product_tag-samana-whale-watching","14":"product_tag-samana-whale-watching-excursions","15":"product_tag-whale-samana","16":"product_tag-whale-watching","17":"product_tag-whale-watching-2020","18":"product_tag-whale-watching-dominican-republic","20":"first","21":"instock","22":"sale","23":"sold-individually","24":"shipping-taxable","25":"product-type-external"},"_links":{"self":[{"href":"https:\/\/visitaloshaitises.com\/cs\/wp-json\/wp\/v2\/product\/58","targetHints":{"allow":["GET"]}}],"collection":[{"href":"https:\/\/visitaloshaitises.com\/cs\/wp-json\/wp\/v2\/product"}],"about":[{"href":"https:\/\/visitaloshaitises.com\/cs\/wp-json\/wp\/v2\/types\/product"}],"wp:featuredmedia":[{"embeddable":true,"href":"https:\/\/visitaloshaitises.com\/cs\/wp-json\/wp\/v2\/media\/259"}],"wp:attachment":[{"href":"https:\/\/visitaloshaitises.com\/cs\/wp-json\/wp\/v2\/media?parent=58"}],"wp:term":[{"taxonomy":"product_brand","embeddable":true,"href":"https:\/\/visitaloshaitises.com\/cs\/wp-json\/wp\/v2\/product_brand?post=58"},{"taxonomy":"product_cat","embeddable":true,"href":"https:\/\/visitaloshaitises.com\/cs\/wp-json\/wp\/v2\/product_cat?post=58"},{"taxonomy":"product_tag","embeddable":true,"href":"https:\/\/visitaloshaitises.com\/cs\/wp-json\/wp\/v2\/product_tag?post=58"}],"curies":[{"name":"wp","href":"https:\/\/api.w.org\/{rel}","templated":true}]}}