{"id":548,"date":"2020-06-15T15:48:44","date_gmt":"2020-06-15T15:48:44","guid":{"rendered":"https:\/\/haitises.com\/?post_type=product&#038;p=548"},"modified":"2024-04-19T15:58:28","modified_gmt":"2024-04-19T15:58:28","slug":"parque-nacional-los-haitises-excursion-de-kayak-y-senderismo","status":"publish","type":"product","link":"https:\/\/visitaloshaitises.com\/cs\/private\/los-haitises-narodni-park-na-kajaku-a-pesi-vylet\/","title":{"rendered":"Exkurze do n\u00e1rodn\u00edho parku Los Haitises na kajaku a p\u011b\u0161\u00ed turistika"},"content":{"rendered":"<div class=\"vc_row wpb_row vc_row-fluid\" ><div class=\"wpb_column vc_column_container vc_col-sm-12\"><div class=\"vc_column-inner\"><div class=\"wpb_wrapper\">\n\t<div class=\"wpb_text_column wpb_content_element\" >\n\t\t<div class=\"wpb_wrapper\">\n\t\t\t<h3>Popis<\/h3>\n<p>Tato trasa pro p\u011b\u0161\u00ed turistiku + kajak za\u010d\u00edn\u00e1 z p\u0159\u00edstavu Ca\u00f1o Hondo \/ Sabana de La Mar. P\u016fjdeme asi 3 hodiny pod\u00e9l Wet Forest v n\u00e1rodn\u00edm parku Los Haitises. Dozv\u00edte se o l\u00e9\u010div\u00fdch rostlin\u00e1ch t\u00e9to oblasti, uvid\u00edte prim\u00e1rn\u00ed a sekund\u00e1rn\u00ed listnat\u00fd les v hor\u00e1ch n\u00e1rodn\u00edho parku Los Haitises a z\u00e1rove\u0148 se dostanete k prameni \u0159eky Jivales, odkud vyt\u00e9kaj\u00ed vody p\u0159\u00edrodn\u00edch t\u016fn\u00ed eko- Hondo Ca\u00f1o. Pot\u00e9 vezmeme pot\u0159ebn\u00e9 vybaven\u00ed pro va\u0161i bezpe\u010dnost (plovac\u00ed vesty atd.), kajaky a p\u0159ejedeme mangrovy. Uvid\u00edte n\u011bjak\u00e9 mangrovy pln\u00e9 pt\u00e1k\u016f, zvln\u011bn\u00e9 kopce bujn\u00e9 zelen\u011b. P\u0159es mangrovy a pozemky v otev\u0159en\u00e9 z\u00e1toce San Lorenzo, odkud m\u016f\u017eete fotografovat n\u00e1dhernou lesn\u00ed krajinu.<\/p>\n<p>Po tomto z\u00e1\u017eitku se vr\u00e1t\u00edte do Cano Hondo nebo Sabana de la mar.<\/p>\n<ul>\n<li>V\u010detn\u011b dan\u00ed<\/li>\n<li>P\u011b\u0161\u00ed v\u00fdlet do n\u00e1rodn\u00edho parku Los Haitises<\/li>\n<li>Pr\u016fvodce poskytuje instrukce a dohled.<\/li>\n<\/ul>\n<h3>Zahrnut\u00ed a vylou\u010den\u00ed<\/h3>\n<h4>Inkluze<\/h4>\n<ol>\n<li>N\u00e1rodn\u00ed park Los Haitises<\/li>\n<li>P\u011b\u0161\u00ed t\u00fara + kajak<\/li>\n<li>V\u0161echny dan\u011b, poplatky a manipula\u010dn\u00ed poplatky.<\/li>\n<li>M\u00edstn\u00ed dan\u011b<\/li>\n<li>N\u00e1poje<\/li>\n<li>V\u0161echny aktivity<\/li>\n<li>M\u00edstn\u00ed pr\u016fvodce<\/li>\n<\/ol>\n<h4>V\u00fdjimky<\/h4>\n<ol>\n<li>Skl\u00e1p\u011bn\u00ed<\/li>\n<li>Doprava<\/li>\n<li>Ob\u011bd<\/li>\n<li>Alkoholick\u00e9 n\u00e1poje<\/li>\n<\/ol>\n<h3><em>Odjezd a n\u00e1vrat<\/em><\/h3>\n<p>Cestovatel z\u00edsk\u00e1 m\u00edsto setk\u00e1n\u00ed po procesu rezervace. Prohl\u00eddky za\u010d\u00ednaj\u00ed a kon\u010d\u00ed v m\u00edstech na\u0161eho setk\u00e1n\u00ed.<\/p>\n<h2>T\u00fara + kajak Los Haitises National Park<\/h2>\n<h3><em>Co \u010dekat?<\/em><\/h3>\n<p>El nombre del parque nacional proviene de sus habitantes originales, los indios ta\u00ednos. En su idioma, \u00abHaitises\u00bb se traduce en tierras altas o colinas, una referencia a las empinadas formaciones geol\u00f3gicas de la costa con calizas. La actividad en Kayak es de 2 horas.<\/p>\n<p>Aprender sobre la historia y la naturaleza con gu\u00edas tur\u00edsticos locales que crecen como protectores y voluntarios ambientales dentro de esta \u00e1rea del proyecto. El recorrido, organizado por \u00abBooking Adventures\u00bb comienza en el punto de encuentro establecido con el gu\u00eda tur\u00edstico.<\/p>\n<p>Po \u00favodn\u00ed proch\u00e1zce p\u0159es pole a zem\u011bd\u011blskou p\u016fdu se vyd\u00e1te na proch\u00e1zku kokosov\u00fdm a kakaov\u00fdm lesem. Bu\u010fte ka\u017edou minutu v prim\u00e1rn\u00ed a jedine\u010dn\u00e9 lesn\u00ed oblasti v r\u00e1mci n\u00e1rodn\u00edho parku Los Haitises. P\u0159ij\u010fte s Booking Adventures a za\u010dn\u011bte vid\u011bt n\u011bkter\u00e9 endemick\u00e9 druhy pt\u00e1k\u016f, savc\u016f a rostlin, zvln\u011bn\u00e9 kopce bujn\u00e9 vegetace a jeskyn\u011b n\u00e1rodn\u00edho parku Los Haitises.<\/p>\n<p>El nombre del parque nacional proviene de sus habitantes originales, los indios ta\u00ednos. En su idioma, \u00abHaitises\u00bb se traduce en tierras altas o colinas, una referencia a las empinadas formaciones geol\u00f3gicas de la costa con calizas. Avent\u00farate en el parque para explorar cuevas como la Cueva de la Arena y la Cueva de la L\u00ednea. Puede combinar el recorrido en barco con el viaje de senderismo. Solo cont\u00e1ctenos.<\/p>\n<p>Jeskyn\u011b v rezervaci byly pou\u017e\u00edv\u00e1ny jako \u00fakryt indi\u00e1ny Ta\u00edno a pozd\u011bji skryt\u00fdmi pir\u00e1ty. Pod\u00edvejte se na kresby indi\u00e1n\u016f zdob\u00edc\u00edch n\u011bkter\u00e9 st\u011bny. V de\u0161tn\u00e9m pralese je v\u00edce ne\u017e 700 druh\u016f rostlin, sna\u017e\u00edme se n\u00e1v\u0161t\u011bvn\u00edky pou\u010dit o v\u0161ech l\u00e9\u010div\u00fdch rostlin\u00e1ch, kter\u00e9 na t\u00e9to turistick\u00e9 trase zn\u00e1me.<\/p>\n<p>P\u0159ij\u010fte se u\u010dit, proch\u00e1zet se a u\u017e\u00edvat si pravou p\u0159\u00edrodu n\u00e1rodn\u00edho parku Los Haitises.<\/p>\n<h3><em>Co byste si m\u011bli vz\u00edt s sebou?<\/em><\/h3>\n<ul>\n<li>Fotoapar\u00e1t<\/li>\n<li>Repelenty<\/li>\n<li>Opalovac\u00ed kr\u00e9m<\/li>\n<li>Klobouk<\/li>\n<li>Pohodln\u00e9 kalhoty<\/li>\n<li>Turistick\u00e1 obuv Forest<\/li>\n<li>Sand\u00e1ly do jarn\u00edch oblast\u00ed.<\/li>\n<li>Plaveck\u00fd \u00fabor<\/li>\n<\/ul>\n<h3><em>Vyzvednut\u00ed v hotelu<\/em><\/h3>\n<p>U tohoto z\u00e1jezdu nen\u00ed nab\u00edzeno vyzvednut\u00ed v hotelu. Pouze pokud jste v hotelu Cano Hondo nebo hotelech v oblasti Sabana de la Mar.<\/p>\n<p><strong>Pozn\u00e1mka<\/strong>: Pokud provedete rezervaci do 24 hodin od \u010dasu odjezdu z\u00e1jezdu\/exkurze, m\u016f\u017eeme zajistit vyzvednut\u00ed v hotelu s dal\u0161\u00edmi poplatky odkudkoli v Dominik\u00e1nsk\u00e9 republice. Jakmile bude v\u00e1\u0161 n\u00e1kup dokon\u010den, za\u0161leme v\u00e1m kompletn\u00ed kontaktn\u00ed informace (telefonn\u00ed \u010d\u00edslo, e-mailovou adresu atd.) na na\u0161eho m\u00edstn\u00edho pr\u016fvodce, abychom domluvili vyzvednut\u00ed.<\/p>\n<h3><em>Potvrzen\u00ed dal\u0161\u00edch informac\u00ed<\/em><\/h3>\n<ol>\n<li>Vstupenky jsou stvrzenkou po zaplacen\u00ed t\u00e9to prohl\u00eddky. Platbu m\u016f\u017eete uk\u00e1zat na sv\u00e9m telefonu.<\/li>\n<li>M\u00edsto setk\u00e1n\u00ed obdr\u017e\u00edte po proveden\u00ed rezervace.<\/li>\n<li>D\u011bti mus\u00ed b\u00fdt v doprovodu dosp\u011bl\u00e9 osoby.<\/li>\n<li>Nen\u00ed bezbari\u00e9rov\u00fd<\/li>\n<li>Kojenci by m\u011bli sed\u011bt v d\u011btsk\u00fdch seda\u010dk\u00e1ch nebo se sv\u00fdmi rodi\u010di<\/li>\n<li>Nedoporu\u010duje se cestuj\u00edc\u00edm s probl\u00e9my se z\u00e1dy.<\/li>\n<li>Nedoporu\u010duje se t\u011bhotn\u00fdm \u017een\u00e1m.<\/li>\n<li>\u017d\u00e1dn\u00e9 probl\u00e9my se srdcem ani jin\u00e9 z\u00e1va\u017en\u00e9 zdravotn\u00ed stavy.<\/li>\n<li>\u00da\u010dastnit se m\u016f\u017ee v\u011bt\u0161ina cestovatel\u016f.<\/li>\n<\/ol>\n<h3><em>Storno podm\u00ednky<\/em><\/h3>\n<p>Chcete-li vr\u00e1tit pen\u00edze v pln\u00e9 v\u00fd\u0161i, zru\u0161te pros\u00edm rezervaci nejpozd\u011bji 24 hodin p\u0159ed za\u010d\u00e1tkem z\u00e1\u017eitku. V p\u0159\u00edpad\u011b zru\u0161en\u00ed rezervace v den cesty finan\u010dn\u00ed prost\u0159edky propadaj\u00ed.<\/p>\n<h2>Turistika v de\u0161tn\u00e9m pralese a j\u00edzda na kajaku<br \/>\nT\u00fara + kajak Los Haitises National Park<\/h2>\n<p>Tato zku\u0161enost vy\u017eaduje minim\u00e1ln\u011b 2 \u00fa\u010dastn\u00edky. Pokud v\u00e1m je\u0161t\u011b nejsou 2 roky, nev\u00e1hejte n\u00e1s kontaktovat!<\/p>\n<h3>Kontaktujte n\u00e1s?<\/h3>\n<p><em>Rezervace dobrodru\u017estv\u00ed<\/em><br \/>\nM\u00edstn\u00ed a n\u00e1rodn\u00ed pr\u016fvodci a slu\u017eby pro hosty<\/p>\n<p>Rezervace: V\u00fdlety a exkurze v Dom. Reps.<\/p>\n<p>\ud83d\udcde Tel\/Whatsapp +1-809-720-6035.<\/p>\n<p>\ud83d\udce9 info@bookingadventures.com.do<\/p>\n<p>Jsme soukrom\u00e9 z\u00e1jezdy s flexibiln\u00ed konfigurac\u00ed od Whatsapp: +18097206035.<\/p>\n\n\t\t<\/div>\n\t<\/div>\n<\/div><\/div><\/div><\/div>","protected":false},"excerpt":{"rendered":"<p>3hodinov\u00e1 turistika a j\u00edzda na kajaku v mangrovov\u00fdch porostech v n\u00e1rodn\u00edm parku Los Haitises s m\u00edstn\u00edm pr\u016fvodcem ze Sabana de la mar. N\u00e1v\u0161t\u011bva de\u0161tn\u00fdch prales\u016f, kokosov\u00fdch, k\u00e1vov\u00fdch a kakaov\u00fdch oblast\u00ed. Seznamte se s p\u016fvodn\u00ed histori\u00ed n\u00e1rodn\u00edho parku Los Haitises.<\/p>\n<p><strong>Vyberte si term\u00edn p\u011b\u0161\u00edho v\u00fdletu:<\/strong><\/p>","protected":false},"featured_media":515,"template":"","meta":[],"product_brand":[],"product_cat":[356,96,443,123,124],"product_tag":[341,206,129,130,412,413,221,414,415,152,153,198,133,416,215,217,417,223,114,418,148,143,419],"class_list":{"0":"post-548","1":"product","2":"type-product","3":"status-publish","4":"has-post-thumbnail","6":"product_cat-day-trips","7":"product_cat-hiking","8":"product_cat-tours-y-excursiones-es","9":"product_cat-tours-excursions-los-haitises-national-park","10":"product_cat-tours-excursions-samana-bay-dominican-republic","11":"product_tag-cano-hondo-sabana-de-la-mar","12":"product_tag-caves-los-haitises","13":"product_tag-eco-tours","14":"product_tag-excursion","15":"product_tag-hike-kayak","16":"product_tag-hike-kayak-los-haitises-national-park","17":"product_tag-hiking-los-haitises","18":"product_tag-hiking-sabana-de-la-mar","19":"product_tag-hiking-samana","20":"product_tag-kayak-tour","21":"product_tag-kayaking","22":"product_tag-kayaking-los-haitises","23":"product_tag-los-haitises-national-park","24":"product_tag-los-haitises-national-park-entrance-fee","25":"product_tag-los-haitises-national-park-tour-from-las-terrenas","26":"product_tag-los-haitises-national-park-tour-from-santo-domingo","27":"product_tag-los-haitises-national-park-weather","28":"product_tag-los-haitises-sabana-de-la-mar","29":"product_tag-sabana-de-la-mar","30":"product_tag-sabana-de-la-mar-tour","31":"product_tag-samana-excursions","32":"product_tag-samana-tours","33":"product_tag-secrets-of-los-haitises","35":"first","36":"instock","37":"sale","38":"sold-individually","39":"shipping-taxable","40":"product-type-external"},"_links":{"self":[{"href":"https:\/\/visitaloshaitises.com\/cs\/wp-json\/wp\/v2\/product\/548","targetHints":{"allow":["GET"]}}],"collection":[{"href":"https:\/\/visitaloshaitises.com\/cs\/wp-json\/wp\/v2\/product"}],"about":[{"href":"https:\/\/visitaloshaitises.com\/cs\/wp-json\/wp\/v2\/types\/product"}],"wp:featuredmedia":[{"embeddable":true,"href":"https:\/\/visitaloshaitises.com\/cs\/wp-json\/wp\/v2\/media\/515"}],"wp:attachment":[{"href":"https:\/\/visitaloshaitises.com\/cs\/wp-json\/wp\/v2\/media?parent=548"}],"wp:term":[{"taxonomy":"product_brand","embeddable":true,"href":"https:\/\/visitaloshaitises.com\/cs\/wp-json\/wp\/v2\/product_brand?post=548"},{"taxonomy":"product_cat","embeddable":true,"href":"https:\/\/visitaloshaitises.com\/cs\/wp-json\/wp\/v2\/product_cat?post=548"},{"taxonomy":"product_tag","embeddable":true,"href":"https:\/\/visitaloshaitises.com\/cs\/wp-json\/wp\/v2\/product_tag?post=548"}],"curies":[{"name":"wp","href":"https:\/\/api.w.org\/{rel}","templated":true}]}}