{"id":33,"date":"2020-06-14T11:56:46","date_gmt":"2020-06-14T11:56:46","guid":{"rendered":"https:\/\/haitises.com\/product\/import-placeholder-for-8190\/"},"modified":"2024-04-24T14:04:37","modified_gmt":"2024-04-24T14:04:37","slug":"los-haitises-national-park-from-sabana-de-la-mar-or-cano-hondo-hotel","status":"publish","type":"product","link":"https:\/\/visitaloshaitises.com\/cs\/private\/narodni-park-los-haitises-z-hotelu-sabana-de-la-mar-nebo-cano-hondo\/","title":{"rendered":"N\u00e1rodn\u00ed park Los Haitises - z hotelu Sabana de la Mar nebo Ca\u00f1o Hondo."},"content":{"rendered":"<div class=\"vc_row wpb_row vc_row-fluid\" ><div class=\"wpb_column vc_column_container vc_col-sm-12\"><div class=\"vc_column-inner\"><div class=\"wpb_wrapper\"><div class=\"mkdf-section-title-holder\" style=\"text-align: left\">\n\t<div class=\"mkdf-st-inner\">\n\t\t\t\t\t<h5 class=\"mkdf-st-subtitle\" >\n\t\t\t\tNorm\u00e1ln\u00ed z\u00e1jezd do Los Haitises\t\t\t<\/h5>\n\t\t\t\t\t\t\t<h3 class=\"mkdf-st-title\" >\n\t\t\t\tN\u00e1rodn\u00ed park Haitises - z hotelu Sabana de la Mar nebo Cano Hondo.\t\t\t<\/h3>\n\t\t\t\t\t<\/div>\n<\/div><\/div><\/div><\/div><\/div><div class=\"vc_row wpb_row vc_row-fluid\" ><div class=\"wpb_column vc_column_container vc_col-sm-12\"><div class=\"vc_column-inner\"><div class=\"wpb_wrapper\">\n\t<div class=\"wpb_text_column wpb_content_element\" >\n\t\t<div class=\"wpb_wrapper\">\n\t\t\t<h4><b><i>P\u0159ehled <\/i><\/b><\/h4>\n<p>Soukrom\u00fd norm\u00e1ln\u00ed v\u00fdlet do n\u00e1rodn\u00edho parku Los Haitises.  Nav\u0161tivte s n\u00e1mi nejkr\u00e1sn\u011bj\u0161\u00ed n\u00e1rodn\u00ed park Dominik\u00e1nsk\u00e9 republiky, mangrovov\u00e9 porosty, jeskyn\u011b a z\u00e1toku San Lorenzo. Tento z\u00e1\u017eitek m\u016f\u017eete za\u010d\u00edt od komunity Sabana de la Mar, kde se dozv\u00edte o historii t\u00e9to oblasti. Tak\u00e9 tento v\u00fdlet za\u010d\u00edn\u00e1me z p\u0159\u00edstavu Ca\u00f1o Hondo.<\/p>\n<ul>\n<li style=\"font-weight: 400;\">V\u010detn\u011b poplatk\u016f<\/li>\n<li style=\"font-weight: 400;\"><span style=\"font-weight: 400;\">Pr\u016fvodce poskytuje instrukce a dohled<\/span><\/li>\n<li>Ob\u011bd nen\u00ed zahrnut v cen\u011b Ob\u011bd v Ca\u00f1o Hondo Vyberte si tuto trasu: <a href=\"https:\/\/www.ticketswhales.com\/tour\/los-haitises-national-park-lunch-at-cano-hondo-from-sabana-de-la-mar\/\" target=\"_blank\" rel=\"noopener\">Los Haitises Plus Ca\u00f1o Hondo.<\/a><\/li>\n<\/ul>\n<p>&nbsp;<\/p>\n<h4><b>Zahrnut\u00ed a vylou\u010den\u00ed<\/b><\/h4>\n<p>&nbsp;<\/p>\n<p><b>Inkluze<\/b><\/p>\n<ol>\n<li style=\"font-weight: 400;\">Prohl\u00eddka Los Haitises + jeskyn\u011b a piktogramy<\/li>\n<li style=\"font-weight: 400;\"><span style=\"font-weight: 400;\">V\u0161echny dan\u011b, poplatky a manipula\u010dn\u00ed poplatky<\/span><\/li>\n<li style=\"font-weight: 400;\"><span style=\"font-weight: 400;\">M\u00edstn\u00ed dan\u011b<\/span><\/li>\n<li style=\"font-weight: 400;\"><span style=\"font-weight: 400;\">V\u0161echny aktivity<\/span><\/li>\n<li style=\"font-weight: 400;\"><span style=\"font-weight: 400;\">M\u00edstn\u00ed pr\u016fvodce<\/span><\/li>\n<\/ol>\n<p><b> V\u00fdjimky<\/b><\/p>\n<ol>\n<li style=\"font-weight: 400;\"><span style=\"font-weight: 400;\">Spropitn\u00e9<\/span><\/li>\n<li>Ob\u011bd nen\u00ed zahrnut v cen\u011b Ob\u011bd v Ca\u00f1o Hondo Vyberte si tuto trasu: <a href=\"https:\/\/www.ticketswhales.com\/tour\/los-haitises-national-park-lunch-at-cano-hondo-from-sabana-de-la-mar\/\" target=\"_blank\" rel=\"noopener\">Los Haitises Plus Ca\u00f1o Hondo.<\/a><\/li>\n<li style=\"font-weight: 400;\"><span style=\"font-weight: 400;\">P\u0159enos<\/span><\/li>\n<li style=\"font-weight: 400;\"><span style=\"font-weight: 400;\">Alkoholick\u00e9 n\u00e1poje<\/span><\/li>\n<\/ol>\n<p>&nbsp;<\/p>\n<h4><em><strong>Odjezd a n\u00e1vrat<\/strong><\/em><\/h4>\n<p><span style=\"font-weight: 400;\">Cestuj\u00edc\u00ed obdr\u017e\u00ed m\u00edsto setk\u00e1n\u00ed po dokon\u010den\u00ed rezervace. V\u00fdlety za\u010d\u00ednaj\u00ed a kon\u010d\u00ed na na\u0161ich m\u00edstech setk\u00e1n\u00ed.<\/span><\/p>\n<p>&nbsp;<\/p>\n<h4><b><i>Co o\u010dek\u00e1vat?<\/i><\/b><\/h4>\n<p>&nbsp;<\/p>\n<p><em><strong>Z\u00edskejte vstupenky<\/strong><\/em> pro n\u00e1v\u0161t\u011bvu n\u00e1rodn\u00edho parku Los Haitises s jeskyn\u011bmi, mangrovov\u00fdmi porosty a z\u00e1tokou San Lorenzo.<\/p>\n<p>Nejni\u017e\u0161\u00ed cena za n\u00e1v\u0161t\u011bvu <strong>N\u00e1rodn\u00ed park Los Haitises<\/strong> z <strong>Sabana de la Mar<\/strong> nebo <strong>Ca\u00f1o Hondo Hotely<\/strong> s m\u00edstn\u00edmi obyvateli. V\u00fdlet za\u010d\u00edn\u00e1 v hlavn\u00edm p\u0159\u00edstavu n\u00e1rodn\u00edho parku Haitises. Tento v\u00fdlet za\u010d\u00edn\u00e1 v 10:00 hodin s m\u00edstn\u00edm pr\u016fvodcem, kter\u00fd zn\u00e1 p\u016fvodn\u00ed historii tohoto n\u00e1dhern\u00e9ho n\u00e1rodn\u00edho parku.<\/p>\n<p>Pot\u00e9, co za\u010dneme z hlavn\u00edho p\u0159\u00edstavu n\u00e1rodn\u00edho parku Los Haitises n\u00e1zev Ca\u00f1o Hondo (Deep Creek) na lodi se z\u00e1chrann\u00fdmi vestami. Budeme se kochat \u010derven\u00fdm mangrovov\u00fdm lesem, dokud nedoraz\u00edme do z\u00e1toky San Lorenzo. Z mal\u00e9 z\u00e1toky se dostaneme do z\u00e1toky Saman\u00e1. A jsme tady! Prvn\u00ed \u00fa\u017easn\u00e1 v\u011bc, kterou m\u016f\u017eete vid\u011bt, je sb\u00edrka Obrovsk\u00fd v\u00e1pencov\u00fd horsk\u00fd ostrov zvan\u00fd Mogotes. na jejich vrcholu v\u00edce ne\u017e 700 druh\u016f rostlin a mnoho mok\u0159adn\u00edch pt\u00e1k\u016f l\u00e9taj\u00edc\u00edch kolem. Pozd\u011bji n\u00e1v\u0161t\u011bva jeskyn\u00ed s piktogramy na\u0161ich domorod\u00fdch komunit z doby p\u0159ed 750 lety.<\/p>\n<p>P\u0159es mangrovov\u00e9 porosty se dostanete k otev\u0159en\u00e9mu z\u00e1livu San Lorenzo, odkud m\u016f\u017eete fotografovat drsnou lesn\u00ed krajinu. Pod\u00edvejte se k vod\u011b a spat\u0159ete <em><strong>Kapust\u0148\u00e1ci<\/strong><\/em>, kor\u00fd\u0161i a <em><strong>delf\u00edny.<\/strong><\/em><\/p>\n<div class=\"body-description secondary\">\n<p>N\u00e1zev n\u00e1rodn\u00edho parku poch\u00e1z\u00ed od jeho p\u016fvodn\u00edch obyvatel, indi\u00e1n\u016f kmene Taino. V jejich jazyce \"Haitises\" znamen\u00e1 v p\u0159ekladu vyso\u010dina nebo pahorkatina, co\u017e je odkaz na strm\u00e9 geologick\u00e9 \u00fatvary na pob\u0159e\u017e\u00ed s v\u00e1penci. Vydejte se hloub\u011bji do parku a prozkoumejte jeskyn\u011b, nap\u0159. <em><strong>P\u00edse\u010dn\u00e1 jeskyn\u011b<\/strong><\/em> a <strong><em>Cueva de la L\u00ednea.<\/em><\/strong> Jeskyn\u011b v rezervaci slou\u017eily jako \u00fakryt indi\u00e1n\u016fm kmene Taino a pozd\u011bji se v nich ukr\u00fdvali pir\u00e1ti. Pod\u00edvejte se na kresby indi\u00e1n\u016f, kter\u00e9 zdob\u00ed n\u011bkter\u00e9 st\u011bny. Po n\u00e1v\u0161t\u011bv\u011b n\u00e1rodn\u00edho parku Los Haitises se vr\u00e1t\u00edme do p\u0159\u00edstavu, odkud na\u0161e cesta za\u010dala.<\/p>\n<\/div>\n<p>&nbsp;<\/p>\n<h4><em><strong>Co byste si m\u011bli vz\u00edt s sebou?<\/strong><\/em><\/h4>\n<ul>\n<li style=\"font-weight: 400;\"><span style=\"font-weight: 400;\">Fotoapar\u00e1t<\/span><\/li>\n<li style=\"font-weight: 400;\"><span style=\"font-weight: 400;\">Repelentn\u00ed pupeny<\/span><\/li>\n<li style=\"font-weight: 400;\"><span style=\"font-weight: 400;\">opalovac\u00ed kr\u00e9m<\/span><\/li>\n<li style=\"font-weight: 400;\"><span style=\"font-weight: 400;\">Klobouk<\/span><\/li>\n<li style=\"font-weight: 400;\"><span style=\"font-weight: 400;\">Pohodln\u00e9 kalhoty<\/span><\/li>\n<li style=\"font-weight: 400;\"><span style=\"font-weight: 400;\">Turistick\u00e1 obuv do lesa<\/span><\/li>\n<li style=\"font-weight: 400;\"><span style=\"font-weight: 400;\">Sand\u00e1ly do jarn\u00edch oblast\u00ed.<\/span><\/li>\n<li style=\"font-weight: 400;\"><span style=\"font-weight: 400;\">Plaveck\u00fd od\u011bv<\/span><\/li>\n<\/ul>\n<p>&nbsp;<\/p>\n<h4><b><i>Vyzvednut\u00ed Hotel <\/i><\/b><\/h4>\n<p><span style=\"font-weight: 400;\">Vyzvednut\u00ed v hotelu je mo\u017en\u00e9, pokud jste v <a href=\"https:\/\/www.ticketswhales.com\/tour\/los-haitises-national-park-lunch-at-cano-hondo-from-sabana-de-la-mar\/\" target=\"_blank\" rel=\"noopener\">Ca\u00f1o Hondo Paradise<\/a> nebo <a href=\"https:\/\/www.ticketswhales.com\/tour\/los-haitises-national-park-lunch-at-cano-hondo-from-sabana-de-la-mar\/\" target=\"_blank\" rel=\"noopener\">Hotel Altos Ca\u00f1o Hondo<\/a>. Na\u0161e m\u00edsto setk\u00e1n\u00ed je 5 minut p\u011b\u0161\u00ed ch\u016fze od t\u011bchto hotel\u016f.<\/span><\/p>\n<p>&nbsp;<\/p>\n<p><b>Pozn\u00e1mka:<\/b><span style=\"font-weight: 400;\"> pokud si rezervujete ubytov\u00e1n\u00ed do 24 hodin p\u0159ed odjezdem, m\u016f\u017eeme za\u0159\u00eddit vyzvednut\u00ed v hotelu za p\u0159\u00edplatek, pokud nejste v hotelu Ca\u00f1o Hondo. Po dokon\u010den\u00ed n\u00e1kupu v\u00e1m za\u0161leme kompletn\u00ed kontaktn\u00ed informace (telefonn\u00ed \u010d\u00edslo, e-mailovou adresu atd.) pro na\u0161eho m\u00edstn\u00edho pr\u016fvodce, kter\u00fd zorganizuje vyzvednut\u00ed.<\/span><\/p>\n<h4><b><i>Dal\u0161\u00ed informace Potvrzen\u00ed <\/i><\/b><\/h4>\n<ol>\n<li>Vstupenky jsou stvrzenkou po zaplacen\u00ed t\u00e9to prohl\u00eddky. Platbu m\u016f\u017eete uk\u00e1zat na sv\u00e9m telefonu.<\/li>\n<li style=\"font-weight: 400;\"><span style=\"font-weight: 400;\">M\u00edsto setk\u00e1n\u00ed obdr\u017e\u00edte po dokon\u010den\u00ed rezervace.<\/span><\/li>\n<li style=\"font-weight: 400;\"><span style=\"font-weight: 400;\">D\u011bti mus\u00ed b\u00fdt v doprovodu dosp\u011bl\u00e9 osoby.<\/span><\/li>\n<li style=\"font-weight: 400;\"><span style=\"font-weight: 400;\"> Nen\u00ed bezbari\u00e9rov\u00fd <\/span><\/li>\n<li style=\"font-weight: 400;\"><span style=\"font-weight: 400;\">Kojenci mus\u00ed sed\u011bt na kl\u00edn\u011b <\/span><\/li>\n<li style=\"font-weight: 400;\"><span style=\"font-weight: 400;\">Nedoporu\u010duje se cestuj\u00edc\u00edm s probl\u00e9my se z\u00e1dy<\/span><\/li>\n<li style=\"font-weight: 400;\"><span style=\"font-weight: 400;\">Nedoporu\u010duje se t\u011bhotn\u00fdm cestovatelk\u00e1m <\/span><\/li>\n<li style=\"font-weight: 400;\"><span style=\"font-weight: 400;\"> \u017d\u00e1dn\u00e9 srde\u010dn\u00ed probl\u00e9my ani jin\u00e9 z\u00e1va\u017en\u00e9 zdravotn\u00ed pot\u00ed\u017ee <\/span><\/li>\n<li style=\"font-weight: 400;\"><span style=\"font-weight: 400;\">V\u011bt\u0161ina cestuj\u00edc\u00edch se m\u016f\u017ee z\u00fa\u010dastnit<\/span><\/li>\n<\/ol>\n<h4><b><i>Storno podm\u00ednky<\/i><\/b><\/h4>\n<p><span style=\"font-weight: 400;\">Chcete-li vr\u00e1tit pen\u00edze v pln\u00e9 v\u00fd\u0161i, zru\u0161te rezervaci alespo\u0148 24 hodin p\u0159ed za\u010d\u00e1tkem z\u00e1\u017eitku.<\/span><\/p>\n\n\t\t<\/div>\n\t<\/div>\n<\/div><\/div><\/div><\/div><div class=\"vc_row wpb_row vc_row-fluid\" ><div class=\"wpb_column vc_column_container vc_col-sm-12\"><div class=\"vc_column-inner\"><div class=\"wpb_wrapper\"><div class=\"vc_empty_space\"   style=\"height: 32px\"><span class=\"vc_empty_space_inner\"><\/span><\/div>\n\t<div class=\"wpb_text_column wpb_content_element\" >\n\t\t<div class=\"wpb_wrapper\">\n\t\t\t<h4>Kontaktujte n\u00e1s?<\/h4>\n<h5>Rezervace dobrodru\u017estv\u00ed<\/h5>\n<p><em><strong>M\u00edstn\u00ed obyvatel\u00e9<\/strong>\u00a0a\u00a0<strong>N\u00e1rodn\u00ed str\u00e1nky<\/strong>\u00a0Pr\u016fvodci a slu\u017eby pro hosty<\/em><\/p>\n<p><span class=\"text-turquoise\">Rezervace:<\/span>\u00a0V\u00fdlety a exkurze v Dom. Rep.<\/p>\n<p><img decoding=\"async\" class=\"emoji\" draggable=\"false\" src=\"https:\/\/s.w.org\/images\/core\/emoji\/11.2.0\/svg\/1f4de.svg\" alt=\"\ud83d\udcde\" \/>\u00a0Tel \/ Whatsapp\u00a0\u00a0<a href=\"tel:+1-809-720-6035\">+1-809-720-6035<\/a>.<\/p>\n<p><img decoding=\"async\" class=\"emoji\" draggable=\"false\" src=\"https:\/\/s.w.org\/images\/core\/emoji\/11.2.0\/svg\/1f4e9.svg\" alt=\"\ud83d\udce9\" \/>\u00a0<a href=\"mailto:info@bookingadventures.com.do\">info@bookingadventures.com.do<\/a><\/p>\n<p><strong>Jsme flexibiln\u00ed nastaven\u00ed soukrom\u00e9 prohl\u00eddky p\u0159es Whatsapp:\u00a0<a href=\"tel:+18097206035\">+18097206035.<\/a><\/strong><\/p>\n\n\t\t<\/div>\n\t<\/div>\n<div class=\"vc_empty_space\"   style=\"height: 32px\"><span class=\"vc_empty_space_inner\"><\/span><\/div><\/div><\/div><\/div><\/div>","protected":false},"excerpt":{"rendered":"<p>Nejni\u017e\u0161\u00ed cena za n\u00e1v\u0161t\u011bvu <strong>N\u00e1rodn\u00ed park Los Haitises<\/strong> z <strong>Sabana de la Mar<\/strong> nebo <strong>Ca\u00f1o Hondo Hotely<\/strong> s m\u00edstn\u00edmi obyvateli. V\u00fdlet za\u010d\u00edn\u00e1 v hlavn\u00edm p\u0159\u00edstavu n\u00e1rodn\u00edho parku Haitises. Tento v\u00fdlet za\u010d\u00edn\u00e1 v 10:00 hodin s m\u00edstn\u00edm pr\u016fvodcem, kter\u00fd zn\u00e1 p\u016fvodn\u00ed historii tohoto n\u00e1dhern\u00e9ho n\u00e1rodn\u00edho parku.<\/p>\n<p>Pot\u00e9, co za\u010dneme z hlavn\u00edho p\u0159\u00edstavu n\u00e1rodn\u00edho parku Los Haitises n\u00e1zev Ca\u00f1o Hondo (Deep Creek) na lodi se z\u00e1chrann\u00fdmi vestami. Budeme se kochat \u010derven\u00fdm mangrovov\u00fdm lesem, dokud nedoraz\u00edme do z\u00e1toky San Lorenzo, mal\u00e9 z\u00e1toky v z\u00e1livu Saman\u00e1. A jsme tady! Prvn\u00ed \u00fa\u017easn\u00e1 v\u011bc, kterou m\u016f\u017eete vid\u011bt, je soubor Obrovsk\u00fd v\u00e1pencov\u00fd horsk\u00fd ostrov zvan\u00fd Mogotes. Na jejich vrcholc\u00edch roste v\u00edce ne\u017e 700 druh\u016f rostlin a poletuje zde mnoho mok\u0159adn\u00edch pt\u00e1k\u016f. Pozd\u011bji n\u00e1v\u0161t\u011bva jeskyn\u00ed s piktogramy na\u0161ich domorod\u00fdch komunit z doby p\u0159ed 750 lety.<\/p>\n<p>&nbsp;<\/p>\n<p><strong>Zvolte pros\u00edm datum turn\u00e9\u00a0<\/strong><\/p>","protected":false},"featured_media":81,"template":"","meta":[],"product_brand":[],"product_cat":[119,120,98,121,99,122,123,124],"product_tag":[125,126,127,128,129,130,131,132,133,134,114],"class_list":{"0":"post-33","1":"product","2":"type-product","3":"status-publish","4":"has-post-thumbnail","6":"product_cat-caves","7":"product_cat-fees-entrace","8":"product_cat-local-tour-guides","9":"product_cat-mangroves","10":"product_cat-swimming-natural-springs","11":"product_cat-tours-and-excursions","12":"product_cat-tours-excursions-los-haitises-national-park","13":"product_cat-tours-excursions-samana-bay-dominican-republic","14":"product_tag-boat-tour","15":"product_tag-cano-hondo","16":"product_tag-cano-hondo-hotel","17":"product_tag-cano-hondo-tours","18":"product_tag-eco-tours","19":"product_tag-excursion","20":"product_tag-locals-guides","21":"product_tag-los-haitises","22":"product_tag-los-haitises-national-park","23":"product_tag-los-haitises-national-park-tour","24":"product_tag-sabana-de-la-mar","26":"first","27":"instock","28":"sale","29":"sold-individually","30":"shipping-taxable","31":"product-type-external"},"_links":{"self":[{"href":"https:\/\/visitaloshaitises.com\/cs\/wp-json\/wp\/v2\/product\/33","targetHints":{"allow":["GET"]}}],"collection":[{"href":"https:\/\/visitaloshaitises.com\/cs\/wp-json\/wp\/v2\/product"}],"about":[{"href":"https:\/\/visitaloshaitises.com\/cs\/wp-json\/wp\/v2\/types\/product"}],"wp:featuredmedia":[{"embeddable":true,"href":"https:\/\/visitaloshaitises.com\/cs\/wp-json\/wp\/v2\/media\/81"}],"wp:attachment":[{"href":"https:\/\/visitaloshaitises.com\/cs\/wp-json\/wp\/v2\/media?parent=33"}],"wp:term":[{"taxonomy":"product_brand","embeddable":true,"href":"https:\/\/visitaloshaitises.com\/cs\/wp-json\/wp\/v2\/product_brand?post=33"},{"taxonomy":"product_cat","embeddable":true,"href":"https:\/\/visitaloshaitises.com\/cs\/wp-json\/wp\/v2\/product_cat?post=33"},{"taxonomy":"product_tag","embeddable":true,"href":"https:\/\/visitaloshaitises.com\/cs\/wp-json\/wp\/v2\/product_tag?post=33"}],"curies":[{"name":"wp","href":"https:\/\/api.w.org\/{rel}","templated":true}]}}