{"id":247,"date":"2020-06-14T12:00:36","date_gmt":"2020-06-14T12:00:36","guid":{"rendered":"https:\/\/haitises.com\/product\/import-placeholder-for-9731\/"},"modified":"2024-04-19T21:53:54","modified_gmt":"2024-04-19T21:53:54","slug":"bahia-de-las-aguilas-beach-day-trip-by-boat-day-pass-snorkeling-lunch","status":"publish","type":"product","link":"https:\/\/visitaloshaitises.com\/cs\/private\/plaz-bahia-de-las-aguilas-celodenni-vylet-lodi-celodenni-vstupenka-snorchlovani-obed\/","title":{"rendered":"Bah\u00eda de las Aguilas: Celodenn\u00ed v\u00fdlet lod\u00ed po pl\u00e1\u017ei - jednodenn\u00ed vstupenka - \u0161norchlov\u00e1n\u00ed a ob\u011bd"},"content":{"rendered":"<div class=\"vc_row wpb_row vc_row-fluid\" ><div class=\"wpb_column vc_column_container vc_col-sm-12\"><div class=\"vc_column-inner\"><div class=\"wpb_wrapper\"><div class=\"mkdf-section-title-holder\" style=\"text-align: left\">\n\t<div class=\"mkdf-st-inner\">\n\t\t\t\t\t<h5 class=\"mkdf-st-subtitle\" >\n\t\t\t\tCelodenn\u00ed vstupenka \u2013 \u0161norchlov\u00e1n\u00ed a ob\u011bd\t\t\t<\/h5>\n\t\t\t\t\t\t\t<h3 class=\"mkdf-st-title\" >\n\t\t\t\tBah\u00eda de las Aguilas: Pl\u00e1\u017eov\u00fd celodenn\u00ed v\u00fdlet lod\u00ed\t\t\t<\/h3>\n\t\t\t\t\t<\/div>\n<\/div><\/div><\/div><\/div><\/div><div class=\"vc_row wpb_row vc_row-fluid\" ><div class=\"wpb_column vc_column_container vc_col-sm-12\"><div class=\"vc_column-inner\"><div class=\"wpb_wrapper\">\n\t<div class=\"wpb_text_column wpb_content_element\" >\n\t\t<div class=\"wpb_wrapper\">\n\t\t\t<h4><b><i>P\u0159ehled<\/i><\/b><\/h4>\n<p>U\u017eijte si den na pl\u00e1\u017ei a nechte svou n\u00e1ladu plynout, daleko od turistick\u00fdch oblast\u00ed a v\u0161eho stresu. P\u0159ij\u010fte a objevte n\u00e1rodn\u00ed park Jaragua a Bahia de las \u00c1guilas. Je\u010fte po kr\u00e1sn\u00e9 silnici s \u00fachvatn\u00fdmi v\u00fdhledy na mal\u00fd p\u0159\u00edstav a ryb\u00e1\u0159skou vesnici Cabo Rojo. V Las Cuevas nastoup\u00edte na lo\u010f, kter\u00e1 v\u00e1s vezme na 15 minut j\u00edzdy na jednu z nejkr\u00e1sn\u011bj\u0161\u00edch p\u0159\u00edrodn\u00edch pl\u00e1\u017e\u00ed na sv\u011bt\u011b. P\u00edsky Bah\u00eda de las Aguilas jsou nedot\u010den\u00e9 a z\u00e1liv pokr\u00fdv\u00e1 8 km. Za\u017eijte v\u00fdjime\u010dnou pob\u0159e\u017en\u00ed krajinu s k\u0159i\u0161\u0165\u00e1lov\u011b \u010distou vodou z\u00e1\u0159\u00edc\u00ed v odst\u00ednech od tyrkysov\u00e9 po op\u00e1lov\u011b modrou rozpl\u00fdvaj\u00edc\u00ed se na obzoru. Ob\u011bd se pod\u00e1v\u00e1 na pl\u00e1\u017ei, jd\u011bte si zaplavat nebo \u0161norchlovat a prozkoumat tento nedot\u010den\u00fd p\u0159\u00edrodn\u00ed r\u00e1j.<\/p>\n<p>&nbsp;<\/p>\n<ul>\n<li>M\u00edstn\u00ed pr\u016fvodce se zku\u0161enostmi s bezpe\u010dnost\u00ed v t\u00e9to oblasti.<\/li>\n<li>Soukrom\u00e1 doprava<\/li>\n<li>V\u010detn\u011b poplatk\u016f<\/li>\n<li>Ob\u011bd<\/li>\n<li>M\u00edstn\u00ed pr\u016fvodce ve \u0161pan\u011bl\u0161tin\u011b, angli\u010dtin\u011b nebo francouz\u0161tin\u011b.<\/li>\n<li>Turistika<\/li>\n<li>\u0160norchlov\u00e1n\u00ed<\/li>\n<\/ul>\n<h4><b>Zahrnut\u00ed a vylou\u010den\u00ed<\/b><\/h4>\n<p>&nbsp;<\/p>\n<p><b>Inkluze<\/b><\/p>\n<ol>\n<li>M\u00edstn\u00ed pr\u016fvodce se zku\u0161enostmi s bezpe\u010dnost\u00ed v t\u00e9to oblasti.<\/li>\n<li>Soukrom\u00e1 doprava pro mal\u00e9 skupiny<\/li>\n<li>V\u0161echny dan\u011b, poplatky a manipula\u010dn\u00ed poplatky<\/li>\n<li>M\u00edstn\u00ed dan\u011b<\/li>\n<li>Ob\u011bd<\/li>\n<li>Turistika<\/li>\n<li>P\u0159\u00edrodn\u00ed baz\u00e9ny<\/li>\n<li>\u0160norchlov\u00e1n\u00ed<\/li>\n<li>V\u0161echny aktivity<\/li>\n<\/ol>\n<p><b>V\u00fdjimky<\/b><\/p>\n<ol>\n<li>Spropitn\u00e9<\/li>\n<li>V\u0161echny n\u00e1poje<\/li>\n<\/ol>\n<h4><em><strong>Odjezd a n\u00e1vrat<\/strong><\/em><\/h4>\n<p>Cestovatel z\u00edsk\u00e1 m\u00edsto setk\u00e1n\u00ed po procesu rezervace. Prohl\u00eddky za\u010d\u00ednaj\u00ed a kon\u010d\u00ed v m\u00edstech setk\u00e1n\u00ed.<\/p>\n<h2 class=\"styles__heading___mD4_3\" data-radium=\"true\">Bah\u00eda de las Aguilas: Jednodenn\u00ed v\u00fdlet lod\u00ed na pl\u00e1\u017e \u2013 celodenn\u00ed vstupenka \u2013 \u0161norchlov\u00e1n\u00ed a ob\u011bd<\/h2>\n<h4><em>Co o\u010dek\u00e1vat?<\/em><\/h4>\n<p>Playa de las Aguilas byla pojmenov\u00e1na po domorod\u00e9m orlu. Je zn\u00e1m\u00e1 jako nejkr\u00e1sn\u011bj\u0161\u00ed pl\u00e1\u017e v cel\u00e9 zemi. Podneb\u00ed parku je velmi such\u00e9 a vegetace se skl\u00e1d\u00e1 p\u0159ev\u00e1\u017en\u011b z kaktus\u016f a dal\u0161\u00edch pou\u0161tn\u00edch rostlin. \u010cerven\u00e1 poln\u00ed cesta, kter\u00e1 vede pod\u00e9l z\u00e1livu, je srovnateln\u00e1 s krajinou africk\u00e9 savany.<br \/>\nObjevte tento r\u00e1j pro ryb\u00e1\u0159e a milovn\u00edky pl\u00e1\u017e\u00ed s b\u00edl\u00fdm p\u00edskem a k\u0159i\u0161\u0165\u00e1lov\u011b \u010dist\u00e9 vody. Nejprve se v\u0161ak vydejte do vesnice La Cueva, kde v jeskyn\u00edch \u017eij\u00ed m\u00edstn\u00ed ryb\u00e1\u0159i.<\/p>\n<p>Chyb\u00ed n\u011bco tomuto dokonal\u00e9mu momentu?<\/p>\n<p>Klidn\u00e9 mo\u0159e a m\u00edrn\u00fd v\u00edtr v\u00e1m zabr\u00e1n\u00ed p\u0159\u00edli\u0161 trp\u011bt sluncem a horkem. Sta\u0148te se na cel\u00fd den pr\u016fzkumn\u00edkem a objevte ekologick\u00fd, p\u0159\u00edrodn\u00ed a naprosto nedot\u010den\u00fd r\u00e1j. M\u016f\u017eete zde pozorovat v\u00edce ne\u017e 130 druh\u016f pt\u00e1k\u016f, z nich\u017e 76 \u017eije trvale v z\u00e1livu, 10 je endemick\u00fdch a 47 je migrant\u016f.<\/p>\n<p>08:00 \u2013 Odjezd z va\u0161eho hotelu<br \/>\n09.30 \u2013 Kr\u00e1tk\u00e1 zast\u00e1vka u Laguna de Oviedo, kde se m\u016f\u017eete pokochat v\u00fdhledem z vyhl\u00eddkov\u00e9 plo\u0161iny<br \/>\n11:00 \u2013 Odjezd lod\u00ed z vesnice La Cueva do Bahia de las Aguilas<br \/>\n12.30 \u2013 Typick\u00fd ob\u011bd na pl\u00e1\u017ei<br \/>\n03:00 \u2013 N\u00e1vrat do La Cueva<br \/>\n06:00 \u2013 P\u0159\u00edjezd do va\u0161eho hotelu<\/p>\n<h4><em><strong>Co byste si m\u011bli vz\u00edt s sebou?<\/strong><\/em><\/h4>\n<ul>\n<li>Fotoapar\u00e1t<\/li>\n<li>Repelentn\u00ed pupeny<\/li>\n<li>opalovac\u00ed kr\u00e9m<\/li>\n<li>Voda<\/li>\n<li>Klobouk<\/li>\n<li>Pohodln\u00e9 kalhoty<\/li>\n<li>Turistick\u00e1 obuv do lesa<\/li>\n<li>Sand\u00e1ly do jarn\u00edch oblast\u00ed.<\/li>\n<li>Plaveck\u00fd od\u011bv<\/li>\n<\/ul>\n<p>&nbsp;<\/p>\n<h4><b><i>Vyzvednut\u00ed Hotel<\/i><\/b><\/h4>\n<p>Pro tento z\u00e1jezd je nab\u00edzeno vyzvednut\u00ed v hotelu. Vyzvednut\u00ed\/doprava z va\u0161eho hotelu (oblast Barahona\/Paraiso\/Los Patos).<\/p>\n<p><b>Pozn\u00e1mka:<\/b>\u00a0Pokud jste rezervov\u00e1ni do 24 hodin od \u010dasu odjezdu prohl\u00eddky\/exkurze, m\u016f\u017eeme zajistit vyzvednut\u00ed v hotelu. Pr\u00e1v\u011b se vyzved\u00e1v\u00e1me v oblasti Samana. Jakmile bude v\u00e1\u0161 n\u00e1kup dokon\u010den, za\u0161leme v\u00e1m kompletn\u00ed kontaktn\u00ed informace (telefonn\u00ed \u010d\u00edslo, e-mailovou adresu atd.) pro na\u0161eho m\u00edstn\u00edho pr\u016fvodce, abychom mohli zajistit vyzvednut\u00ed.<\/p>\n<h4><b><i>Dal\u0161\u00ed informace Potvrzen\u00ed<\/i><\/b><\/h4>\n<ol>\n<li>Vstupenky jsou stvrzenkou po zaplacen\u00ed t\u00e9to prohl\u00eddky. Platbu m\u016f\u017eete uk\u00e1zat na sv\u00e9m telefonu.<\/li>\n<li>M\u00edsto setk\u00e1n\u00ed obdr\u017e\u00edte po dokon\u010den\u00ed rezervace.<\/li>\n<li>D\u011bti mus\u00ed b\u00fdt v doprovodu dosp\u011bl\u00e9 osoby.<\/li>\n<li>Nen\u00ed bezbari\u00e9rov\u00fd<\/li>\n<li>Kojenci mus\u00ed sed\u011bt na kl\u00edn\u011b<\/li>\n<li>Nedoporu\u010duje se cestuj\u00edc\u00edm s probl\u00e9my se z\u00e1dy<\/li>\n<li>Nedoporu\u010duje se t\u011bhotn\u00fdm cestovatelk\u00e1m<\/li>\n<li>\u017d\u00e1dn\u00e9 srde\u010dn\u00ed probl\u00e9my ani jin\u00e9 z\u00e1va\u017en\u00e9 zdravotn\u00ed pot\u00ed\u017ee<\/li>\n<li>V\u011bt\u0161ina cestuj\u00edc\u00edch se m\u016f\u017ee z\u00fa\u010dastnit<\/li>\n<\/ol>\n<h4><b><i>Storno podm\u00ednky<\/i><\/b><\/h4>\n<p>Pro vr\u00e1cen\u00ed cel\u00e9 \u010d\u00e1stky zru\u0161te alespo\u0148 24 hodin p\u0159ed datem zah\u00e1jen\u00ed z\u00e1\u017eitku. Prost\u0159edky budou ztraceny, pokud bude rezervace zru\u0161ena ve stejn\u00fd den cesty.<\/p>\n\n\t\t<\/div>\n\t<\/div>\n<\/div><\/div><\/div><\/div>","protected":false},"excerpt":{"rendered":"<p>Kupte si celodenn\u00ed vstupenky do Bahia las Aguilas z Barahony. Projedete n\u00e1rodn\u00edm parkem Jaragua a m\u00ed\u0159\u00edte do Cabo Rojo, kde na v\u00e1s \u010dek\u00e1 lo\u010f. Po 15 minut\u00e1ch j\u00edzdy lod\u00ed se dostanete na kr\u00e1snou a izolovanou Bah\u00eda de las \u00c1guilas, kter\u00e1 je pova\u017eov\u00e1na za nejkr\u00e1sn\u011bj\u0161\u00ed pl\u00e1\u017e v zemi. Ob\u011bd se bude pod\u00e1vat na pl\u00e1\u017ei a vy m\u00e1te mo\u017enost j\u00edt si zaplavat nebo jen tak relaxovat na pl\u00e1\u017ei. U\u017eijte si nedot\u010den\u00fd b\u00edl\u00fd p\u00edsek t\u00e9to 8 km dlouh\u00e9 pl\u00e1\u017ee.<\/p>\n<p>&nbsp;<\/p>\n<p><strong>Vyberte den pro tento v\u00fdlet:<\/strong><\/p>","protected":false},"featured_media":500,"template":"","meta":[],"product_brand":[],"product_cat":[396,135],"product_tag":[397,398,399,400,401,402,403,404,405,406,407,408,409,410,411],"class_list":{"0":"post-247","1":"product","2":"type-product","3":"status-publish","4":"has-post-thumbnail","6":"product_cat-bahia-de-las-aguilas-dominican-republic","7":"product_cat-lunch","8":"product_tag-bahia-de-las-aguilas","9":"product_tag-bahia-de-las-aguilas-pedernales","10":"product_tag-bahia-de-las-aguilas-beach-tour","11":"product_tag-bahia-de-las-aguilas-hoteles","12":"product_tag-bahia-de-las-aguilas-map","13":"product_tag-bahia-de-las-aguilas-private-tour","14":"product_tag-bahia-de-las-aguilas-republica-dominicana-hotel","15":"product_tag-bahia-de-las-aguilas-tour-from-punta-cana","16":"product_tag-bahia-de-las-aguilas-beach-day-trip-by-boat","17":"product_tag-bahia-las-aguilas-tours","18":"product_tag-barahona-tours","19":"product_tag-closest-airport-to-bahia-de-las-aguilas","20":"product_tag-hotel-barahona","21":"product_tag-playa-bahia-de-las-aguilas-dominican-republic","22":"product_tag-tours-a-bahia-de-las-aguilas-desde-santo-domingo","24":"first","25":"instock","26":"sale","27":"sold-individually","28":"shipping-taxable","29":"product-type-external"},"_links":{"self":[{"href":"https:\/\/visitaloshaitises.com\/cs\/wp-json\/wp\/v2\/product\/247","targetHints":{"allow":["GET"]}}],"collection":[{"href":"https:\/\/visitaloshaitises.com\/cs\/wp-json\/wp\/v2\/product"}],"about":[{"href":"https:\/\/visitaloshaitises.com\/cs\/wp-json\/wp\/v2\/types\/product"}],"wp:featuredmedia":[{"embeddable":true,"href":"https:\/\/visitaloshaitises.com\/cs\/wp-json\/wp\/v2\/media\/500"}],"wp:attachment":[{"href":"https:\/\/visitaloshaitises.com\/cs\/wp-json\/wp\/v2\/media?parent=247"}],"wp:term":[{"taxonomy":"product_brand","embeddable":true,"href":"https:\/\/visitaloshaitises.com\/cs\/wp-json\/wp\/v2\/product_brand?post=247"},{"taxonomy":"product_cat","embeddable":true,"href":"https:\/\/visitaloshaitises.com\/cs\/wp-json\/wp\/v2\/product_cat?post=247"},{"taxonomy":"product_tag","embeddable":true,"href":"https:\/\/visitaloshaitises.com\/cs\/wp-json\/wp\/v2\/product_tag?post=247"}],"curies":[{"name":"wp","href":"https:\/\/api.w.org\/{rel}","templated":true}]}}