{"id":11370,"date":"2021-08-15T20:09:01","date_gmt":"2021-08-15T20:09:01","guid":{"rendered":"https:\/\/haitises.com\/?post_type=product&#038;p=11370"},"modified":"2024-04-04T19:57:44","modified_gmt":"2024-04-04T19:57:44","slug":"pico-duarte-hike-with-local-experts-duarte-peak-camping-trekking-2","status":"publish","type":"product","link":"https:\/\/visitaloshaitises.com\/cs\/private\/pico-duarte-hike-with-local-experts-duarte-peak-camping-trekking-2\/","title":{"rendered":"V\u00fdlet na Duarte Peak s m\u00edstn\u00edmi odborn\u00edky - Duarte Peak Camping &amp; Trekking"},"content":{"rendered":"<div class=\"vc_row wpb_row vc_row-fluid\" ><div class=\"wpb_column vc_column_container vc_col-sm-12\"><div class=\"vc_column-inner\"><div class=\"wpb_wrapper\"><div class=\"vc_empty_space\"   style=\"height: 32px\"><span class=\"vc_empty_space_inner\"><\/span><\/div><div class=\"mkdf-section-title-holder\" style=\"text-align: left\">\n\t<div class=\"mkdf-st-inner\">\n\t\t\t\t\t<h5 class=\"mkdf-st-subtitle\" >\n\t\t\t\tDuarte Peak Camping &amp; Trekking\t\t\t<\/h5>\n\t\t\t\t\t\t\t<h3 class=\"mkdf-st-title\" >\n\t\t\t\tPico Duarte Hike s m\u00edstn\u00edmi odborn\u00edky\t\t\t<\/h3>\n\t\t\t\t\t<\/div>\n<\/div><div class=\"vc_empty_space\"   style=\"height: 32px\"><span class=\"vc_empty_space_inner\"><\/span><\/div><div class=\"vc_message_box vc_message_box-standard vc_message_box-rounded vc_color-info\" ><div class=\"vc_message_box-icon\"><i class=\"fas fa-info-circle\"><\/i><\/div><p>Rezervujte si pros\u00edm ( 7) dn\u00ed p\u0159ed datem splatnosti.<\/p>\n<\/div><div class=\"vc_empty_space\"   style=\"height: 32px\"><span class=\"vc_empty_space_inner\"><\/span><\/div><\/div><\/div><\/div><\/div><div class=\"vc_row wpb_row vc_row-fluid\" ><div class=\"wpb_column vc_column_container vc_col-sm-12\"><div class=\"vc_column-inner\"><div class=\"wpb_wrapper\">\n\t<div class=\"wpb_text_column wpb_content_element\" >\n\t\t<div class=\"wpb_wrapper\">\n\t\t\t<div class=\"vc_row wpb_row vc_row-fluid\">\n<div class=\"wpb_column vc_column_container vc_col-sm-12\">\n<div class=\"vc_column-inner\">\n<div class=\"wpb_wrapper\">\n<div class=\"wpb_text_column wpb_content_element\">\n<div class=\"wpb_wrapper\">\n<div class=\"vc_row wpb_row vc_row-fluid\">\n<div class=\"wpb_column vc_column_container vc_col-sm-12\">\n<div class=\"vc_column-inner\">\n<div class=\"wpb_wrapper\">\n<div class=\"wpb_text_column wpb_content_element\">\n<div class=\"wpb_wrapper\">\n<h2><span style=\"font-weight: 400;\">Treking na vrchol Duarte\u00a0<\/span><\/h2>\n<p><span style=\"font-weight: 400;\">Vy\u0161plhejte s n\u00e1mi na nejvy\u0161\u0161\u00ed bod Karibiku v n\u00e1rodn\u00edm parku J. Almando Bermudez, kter\u00fd se nach\u00e1z\u00ed v centr\u00e1ln\u00edm poho\u0159\u00ed zem\u011b. <\/span><span style=\"font-weight: 400;\">Prohl\u00eddka povede z tropick\u00e9ho pralesa do borov\u00e9ho lesa v N\u00e1rodn\u00edm parku J. Armanda Bermudeze, kde se projdete po stezk\u00e1ch mezi tis\u00edci kapradinami, uvid\u00edte papou\u0161ky, zlatohl\u00e1vka a dal\u0161\u00ed exotick\u00e9 pt\u00e1ky.\u00a0<\/span><\/p>\n<p><span style=\"font-weight: 400;\">Tento n\u00e1rodn\u00ed park byl zalo\u017een v roce 1956, rozkl\u00e1d\u00e1 se na plo\u0161e 767 km2 (296 km2) a spolu se sousedn\u00edm n\u00e1rodn\u00edm parkem Jos\u00e9 del Carmen Ram\u00edrez.<\/span><\/p>\n<p><span style=\"font-weight: 400;\">Pramen\u00ed zde \u0159eka Yaque del Norte a n\u011bkolik dal\u0161\u00edch \u0159ek. Oba parky pokr\u00fdvaj\u00ed plochu cel\u00e9ho poho\u0159\u00ed Cordillera Central. V t\u00e9to nadmo\u0159sk\u00e9 v\u00fd\u0161ce, kde se teploty pohybuj\u00ed od 12\u00baC (53\u00baF) do -8\u00baC (17\u00baF) v noci, spat\u0159\u00edte jedine\u010dnou fl\u00f3ru.<\/span><\/p>\n<\/div>\n<h4><strong>Pr\u016fvodci:\u00a0<\/strong><\/h4>\n<div class=\"wpb_wrapper\">\n<p><span style=\"font-weight: 400;\">V doprovodu profesion\u00e1ln\u00edho pr\u016fvodce se vyd\u00e1te na cestu p\u0159es nejv\u011bt\u0161\u00ed poho\u0159\u00ed s d\u00e9lkou v\u00edce ne\u017e 250 km a sv\u011btlost\u00ed 60 km, Pico Duarte je nejvy\u0161\u0161\u00ed vrchol Karibiku s (3'098 m), co\u017e je asi 10 164 stop.<\/span><\/p>\n<p>&nbsp;<\/p>\n<p><span style=\"font-weight: 400;\">Pico Duarte (Duarteho vrchol) je pojmenov\u00e1n po Juanu Pablu Duarteovi, kter\u00fd je pova\u017eov\u00e1n za jednoho ze zakladatel\u016f Dominik\u00e1nsk\u00e9 republiky. <\/span><span style=\"font-weight: 400;\">Tuto t\u00faru, kter\u00e1 m\u011b\u0159\u00ed 28 mil (46 km) tam i zp\u011bt, lze zvl\u00e1dnout za t\u0159i dny, p\u0159i\u010dem\u017e nocleh poskytuj\u00ed dob\u0159e udr\u017eovan\u00e9 horsk\u00e9 chaty.<\/span><\/p>\n<p><span style=\"font-weight: 400;\">Tuto t\u0159\u00eddenn\u00ed t\u00faru vedou m\u00edstn\u00ed dominik\u00e1n\u0161t\u00ed pr\u016fvodci, kte\u0159\u00ed v\u00e1s provedou ob\u011bma sm\u011bry. Pro ty, kte\u0159\u00ed necht\u011bj\u00ed uj\u00edt vzd\u00e1lenost p\u011b\u0161ky, maj\u00ed k dispozici tak\u00e9 kon\u011b a mohou jezdit na mul\u00e1ch. B\u011bhem ch\u016fze se kochejte \u00fachvatnou krajinou a pozorujte m\u00edstn\u00ed divokou zv\u011b\u0159.\u00a0<\/span><\/p>\n<p><span style=\"font-weight: 400;\">V hor\u00e1ch a krajin\u011b \u017eije \u0159ada pt\u00e1k\u016f a legu\u00e1n\u016f, kte\u0159\u00ed ob\u00fdvaj\u00ed drsn\u00fd ter\u00e9n. T\u011b\u0161it se m\u016f\u017eete na stinn\u00e9 stromy a vodn\u00ed prameny, u kter\u00fdch se m\u016f\u017eete zchladit po n\u00e1ro\u010dn\u00e9m dni str\u00e1ven\u00e9m na t\u00fa\u0159e.<\/span><\/p>\n<p>&nbsp;<\/p>\n<h2><b>Itiner\u00e1\u0159:\u00a0<\/b><\/h2>\n<p>&nbsp;<\/p>\n<h4><b>Den 1<\/b><span style=\"font-weight: 400;\">&#8211; <\/span><\/h4>\n<p><span style=\"font-weight: 400;\">M\u00edsto setk\u00e1n\u00ed mus\u00ed b\u00fdt v 9:30 v Jarabacoa. Ob\u011bd v Jarabacoa (toto j\u00eddlo nen\u00ed v cen\u011b) P\u0159\u00edjezd do Cienaga de Jarabacoa. Proch\u00e1zka do Caseta de Los Tablones, uvnit\u0159 parku (4 km m\u011bkk\u00e9). Ve\u010de\u0159e. Sp\u00e1nek<\/span><\/p>\n<p>&nbsp;<\/p>\n<h4><b>Den 2- <\/b><\/h4>\n<p><span style=\"font-weight: 400;\">Dnes r\u00e1no vstaneme brzy. Sn\u00eddali jsme. Za\u010d\u00e1tek pochodu v 5 hodin sm\u011brem k La Caseta de Compartici\u00f3n asi 13 km. Kr\u00e1tk\u00e1 p\u0159est\u00e1vka na odpo\u010dinek. N\u011bjak\u00e9 ob\u010derstven\u00ed. Pokra\u010dujeme sm\u011brem k vrcholu \u0161t\u00edtu, proch\u00e1z\u00edme \u00fadol\u00edm Valle de Lil\u00eds (6 km z Compartici\u00f3n na vrchol). Zde budou specifick\u00e1 odpo\u010dinkov\u00e1 m\u00edsta. Z vrcholu se vr\u00e1t\u00edme do La Compartici\u00f3n na ob\u011bd\/ve\u010de\u0159i, odpo\u010dinek, koup\u00e1n\u00ed, \u010daj u t\u00e1bor\u00e1ku a sp\u00e1nek.<\/span><\/p>\n<p>&nbsp;<\/p>\n<h4><b>Den 3<\/b><\/h4>\n<p><span style=\"font-weight: 400;\"> Vst\u00e1v\u00e1me v 6 hodin r\u00e1no. Sn\u00edd\u00e1me a vrac\u00edme se do La Ci\u00e9naga, asi 17 km. P\u0159ed n\u00e1vratem typick\u00fd ob\u011bd.<\/span><\/p>\n<p>&nbsp;<\/p>\n<p><span style=\"font-weight: 400;\">Pozn\u00e1mka: Ka\u017ed\u00fd \u00fa\u010dastn\u00edk mus\u00ed m\u00edt v batohu sva\u010dinu z vych\u00e1zky (hydrata\u010dn\u00ed, sladkou a slanou, jedlou dle vlastn\u00edho v\u00fdb\u011bru, lahve s vodou na dopln\u011bn\u00ed po cest\u011b).\u00a0<\/span><\/p>\n<p><span style=\"font-weight: 400;\">Lid\u00e9, kte\u0159\u00ed se cht\u011bj\u00ed z\u00fa\u010dastnit, mus\u00ed b\u00fdt v optim\u00e1ln\u00edm zdravotn\u00edm, fyzick\u00e9m a du\u0161evn\u00edm stavu. Lid\u00e9 se zdravotn\u00edm stavem, kter\u00fd m\u016f\u017ee ovlivnit dlouhodob\u00e9 \u00fasil\u00ed, jako je astma, probl\u00e9my s tlakem, cukrovka nebo jin\u00e1 onemocn\u011bn\u00ed souvisej\u00edc\u00ed s t\u00edmto typem fyzick\u00e9 aktivity, kter\u00e1 by mohla ohrozit, by se nem\u011bli \u00fa\u010dastnit.<\/span><\/p>\n<p>&nbsp;<\/p>\n<h4><b>Zahrnut\u00ed a vylou\u010den\u00ed<\/b><\/h4>\n<p><b>Inkluze<\/b><\/p>\n<ul>\n<li style=\"font-weight: 400;\"><span style=\"font-weight: 400;\">T\u0159\u00eddenn\u00ed treking<\/span><\/li>\n<li style=\"font-weight: 400;\"><span style=\"font-weight: 400;\">M\u00edstn\u00ed pr\u016fvodce<\/span><\/li>\n<li style=\"font-weight: 400;\"><span style=\"font-weight: 400;\">Muly k no\u0161en\u00ed v\u011bc\u00ed<\/span><\/li>\n<li style=\"font-weight: 400;\"><span style=\"font-weight: 400;\">Voda\u00a0<\/span><\/li>\n<li style=\"font-weight: 400;\"><span style=\"font-weight: 400;\">Ovoce\u00a0<\/span><\/li>\n<li style=\"font-weight: 400;\"><span style=\"font-weight: 400;\">Dan\u011b z n\u00e1rodn\u00edch park\u016f\u00a0<\/span><\/li>\n<li style=\"font-weight: 400;\"><span style=\"font-weight: 400;\">D\u017eus, k\u00e1va, hork\u00e1 \u010dokol\u00e1da<\/span><\/li>\n<\/ul>\n<p><b>V\u00fdjimky<\/b><\/p>\n<ol>\n<li>Spropitn\u00e9<\/li>\n<li>P\u0159estupn\u00ed v\u016fz<\/li>\n<li>Kempov\u00e1n\u00ed m\u00e1 tendenci<\/li>\n<li>Batoh na z\u00e1da<\/li>\n<li>Stravov\u00e1n\u00ed<\/li>\n<li>Alkoholick\u00e9 n\u00e1poje<\/li>\n<\/ol>\n<h4><em><strong>Odjezd a n\u00e1vrat<\/strong><\/em><\/h4>\n<p>Tento v\u00fdlet za\u010d\u00edn\u00e1 v 9:30 a kon\u010d\u00ed o dva dny pozd\u011bji kolem 16:00.<\/p>\n<p>Cestuj\u00edc\u00ed obdr\u017e\u00ed m\u00edsto setk\u00e1n\u00ed po dokon\u010den\u00ed rezervace. V\u00fdlety za\u010d\u00ednaj\u00ed a kon\u010d\u00ed na na\u0161ich m\u00edstech setk\u00e1n\u00ed.<\/p>\n<p><strong>\u010casov\u00fd rozvrh:<\/strong><\/p>\n<p>3DENN\u00cd V\u00ddLET<\/p>\n<p>&nbsp;<\/p>\n<h4><em><strong>Co byste si m\u011bli vz\u00edt s sebou?<\/strong><\/em><\/h4>\n<ul>\n<li>Fotoapar\u00e1t<\/li>\n<li>Ru\u010dn\u00edk<\/li>\n<li>Ochrana p\u0159ed sluncem<\/li>\n<li>Klobouk<\/li>\n<li>Potraviny<\/li>\n<li>Kempinkov\u00e9 stany<\/li>\n<li>Pohodln\u00e9 kalhoty a boty<\/li>\n<li>Plaveck\u00fd od\u011bv<\/li>\n<li>Pen\u00edze na suven\u00fdry<\/li>\n<\/ul>\n<p>&nbsp;<\/p>\n<h4><b><i>Vyzvednut\u00ed Hotel<\/i><\/b><\/h4>\n<p>Vyzvednut\u00ed v hotelu se u t\u00e9to prohl\u00eddky nenab\u00edz\u00ed.<\/p>\n<p><b>Pozn\u00e1mka:<\/b> pokud si rezervujete ubytov\u00e1n\u00ed do 24 hodin p\u0159ed odjezdem, m\u016f\u017eeme za\u0159\u00eddit vyzvednut\u00ed v hotelu za p\u0159\u00edplatek z jak\u00e9hokoli m\u00edsta Dominik\u00e1nsk\u00e9 republiky. Po dokon\u010den\u00ed n\u00e1kupu v\u00e1m za\u0161leme kompletn\u00ed kontaktn\u00ed informace (telefonn\u00ed \u010d\u00edslo, e-mailovou adresu atd.) pro na\u0161eho m\u00edstn\u00edho pr\u016fvodce, kter\u00fd zorganizuje vyzvednut\u00ed.<\/p>\n<h4><b><i>Dal\u0161\u00ed informace Potvrzen\u00ed<\/i><\/b><\/h4>\n<ol>\n<li>Vstupenky jsou stvrzenkou po zaplacen\u00ed t\u00e9to prohl\u00eddky. Platbu m\u016f\u017eete uk\u00e1zat na sv\u00e9m telefonu.<\/li>\n<li>M\u00edsto setk\u00e1n\u00ed obdr\u017e\u00edte po dokon\u010den\u00ed rezervace.<\/li>\n<li>D\u011bti mus\u00ed b\u00fdt v doprovodu dosp\u011bl\u00e9 osoby.<\/li>\n<li>bezbari\u00e9rov\u00fd p\u0159\u00edstup<\/li>\n<li>Kojenci mus\u00ed sed\u011bt na kl\u00edn\u011b<\/li>\n<li>V\u011bt\u0161ina cestuj\u00edc\u00edch se m\u016f\u017ee z\u00fa\u010dastnit<\/li>\n<li>Pregnant Woman&#8217;s are not recommend to participate<\/li>\n<\/ol>\n<h4><b><i>Storno podm\u00ednky<\/i><\/b><\/h4>\n<p>For a full refund, cancel at least 14 days\u00a0 in advance of the start date of the experience.<\/p>\n<\/div>\n<\/div>\n<\/div>\n<\/div>\n<\/div>\n<\/div>\n<\/div>\n<\/div>\n<\/div>\n<\/div>\n<\/div>\n<\/div>\n<div class=\"vc_row wpb_row vc_row-fluid\">\n<div class=\"wpb_column vc_column_container vc_col-sm-12\">\n<div class=\"vc_column-inner\">\n<div class=\"wpb_wrapper\">\n<div class=\"vc_empty_space\"><\/div>\n<div class=\"wpb_text_column wpb_content_element\">\n<div class=\"wpb_wrapper\">\n<h4>Kontaktujte n\u00e1s?<\/h4>\n<h5><b><i>Rezervace dobrodru\u017estv\u00ed<\/i><\/b><\/h5>\n<p><em><strong>M\u00edstn\u00ed obyvatel\u00e9<\/strong>\u00a0a\u00a0<strong>N\u00e1rodn\u00ed str\u00e1nky<\/strong>\u00a0Pr\u016fvodci a slu\u017eby pro hosty<\/em><\/p>\n<p><span class=\"text-turquoise\">Rezervace:<\/span>\u00a0V\u00fdlety a exkurze v Dom. Rep.<\/p>\n<p><img decoding=\"async\" class=\"emoji\" draggable=\"false\" src=\"https:\/\/s.w.org\/images\/core\/emoji\/11.2.0\/svg\/1f4de.svg\" alt=\"\ud83d\udcde\" \/>\u00a0Tel \/ Whatsapp\u00a0\u00a0<a href=\"tel:+1-809-720-6035\">+1-809-720-6035<\/a>.<\/p>\n<p><img decoding=\"async\" class=\"emoji\" draggable=\"false\" src=\"https:\/\/s.w.org\/images\/core\/emoji\/11.2.0\/svg\/1f4e9.svg\" alt=\"\ud83d\udce9\" \/>\u00a0<a href=\"mailto:info@bookingadventures.com.do\">info@bookingadventures.com.do<\/a><\/p>\n<p><strong>Jsme flexibiln\u00ed nastaven\u00ed soukrom\u00e9 prohl\u00eddky p\u0159es Whatsapp:\u00a0<a href=\"tel:+18097206035\">+18097206035.<\/a><\/strong><\/p>\n<\/div>\n<\/div>\n<\/div>\n<\/div>\n<\/div>\n<\/div>\n\n\t\t<\/div>\n\t<\/div>\n<div class=\"vc_empty_space\"   style=\"height: 32px\"><span class=\"vc_empty_space_inner\"><\/span><\/div><div class=\"vc_message_box vc_message_box-standard vc_message_box-rounded vc_color-info\" ><div class=\"vc_message_box-icon\"><i class=\"fas fa-info-circle\"><\/i><\/div><p>Rezervujte si pros\u00edm ( 7) dn\u00ed p\u0159ed datem splatnosti.<\/p>\n<\/div><div class=\"vc_empty_space\"   style=\"height: 32px\"><span class=\"vc_empty_space_inner\"><\/span><\/div><\/div><\/div><\/div><\/div>","protected":false},"excerpt":{"rendered":"<p>&nbsp;<\/p>\n<p><span style=\"font-weight: 400;\">Join us to climb the tallest point of the Caribbean at J. Almando Bermudez National located in the Central Mountain Range of the country.<\/span><\/p>\n<p><span style=\"font-weight: 400;\">Prohl\u00eddka povede z tropick\u00e9ho pralesa do borov\u00e9ho lesa v N\u00e1rodn\u00edm parku J. Armanda Bermudeze, kde se projdete po stezk\u00e1ch mezi tis\u00edci kapradinami, uvid\u00edte papou\u0161ky, zlatohl\u00e1vka a dal\u0161\u00ed exotick\u00e9 pt\u00e1ky. <\/span><\/p>\n<p><em><strong>Please Select the date to start\u00a0 The Trip:<\/strong><\/em><\/p>","protected":false},"featured_media":11128,"template":"","meta":[],"product_brand":[],"product_cat":[465],"product_tag":[466,467,468],"class_list":{"0":"post-11370","1":"product","2":"type-product","3":"status-publish","4":"has-post-thumbnail","6":"product_cat-pico-duarte-hike-with-local-experts-duarte-peak-camping-trekking","7":"product_tag-camping-trekking","8":"product_tag-duarte-peak","9":"product_tag-pico-duarte-hike-with-local-experts-duarte-peak-camping-trekking","11":"first","12":"instock","13":"sale","14":"sold-individually","15":"shipping-taxable","16":"product-type-external"},"_links":{"self":[{"href":"https:\/\/visitaloshaitises.com\/cs\/wp-json\/wp\/v2\/product\/11370","targetHints":{"allow":["GET"]}}],"collection":[{"href":"https:\/\/visitaloshaitises.com\/cs\/wp-json\/wp\/v2\/product"}],"about":[{"href":"https:\/\/visitaloshaitises.com\/cs\/wp-json\/wp\/v2\/types\/product"}],"wp:featuredmedia":[{"embeddable":true,"href":"https:\/\/visitaloshaitises.com\/cs\/wp-json\/wp\/v2\/media\/11128"}],"wp:attachment":[{"href":"https:\/\/visitaloshaitises.com\/cs\/wp-json\/wp\/v2\/media?parent=11370"}],"wp:term":[{"taxonomy":"product_brand","embeddable":true,"href":"https:\/\/visitaloshaitises.com\/cs\/wp-json\/wp\/v2\/product_brand?post=11370"},{"taxonomy":"product_cat","embeddable":true,"href":"https:\/\/visitaloshaitises.com\/cs\/wp-json\/wp\/v2\/product_cat?post=11370"},{"taxonomy":"product_tag","embeddable":true,"href":"https:\/\/visitaloshaitises.com\/cs\/wp-json\/wp\/v2\/product_tag?post=11370"}],"curies":[{"name":"wp","href":"https:\/\/api.w.org\/{rel}","templated":true}]}}