{"id":11345,"date":"2021-08-15T20:08:48","date_gmt":"2021-08-15T20:08:48","guid":{"rendered":"https:\/\/haitises.com\/?post_type=product&#038;p=11345"},"modified":"2024-04-05T16:19:58","modified_gmt":"2024-04-05T16:19:58","slug":"parasailing-tour-from-punta-cana-95-usd-2","status":"publish","type":"product","link":"https:\/\/visitaloshaitises.com\/cs\/private\/parasailing-tour-from-punta-cana-95-usd-2\/","title":{"rendered":"Parasailing z Punta Cany 95 USD."},"content":{"rendered":"<p>nebo<div class=\"vc_row wpb_row vc_row-fluid\" ><div class=\"wpb_column vc_column_container vc_col-sm-12\"><div class=\"vc_column-inner\"><div class=\"wpb_wrapper\"><div class=\"mkdf-section-title-holder\" style=\"text-align: left\">\n\t<div class=\"mkdf-st-inner\">\n\t\t\t\t\t<h5 class=\"mkdf-st-subtitle\" >\n\t\t\t\tZ hotel\u016f Punta Cana\t\t\t<\/h5>\n\t\t\t\t\t\t\t<h3 class=\"mkdf-st-title\" >\n\t\t\t\t Parasailing Tour z Punta Cana\t\t\t<\/h3>\n\t\t\t\t\t\t\t<p class=\"mkdf-st-text\" >\n\t\t\t\tPozn\u00e1mka: Tato prohl\u00eddka za\u010d\u00edn\u00e1 v 7:00 hodin. V z\u00e1vislosti na tom, kde je \u010das vyzvednut\u00ed hotel\u016f, se m\u016f\u017ee zm\u011bnit. P\u0159\u00edplatky za vyzvednut\u00ed v oblastech, kter\u00e9 nejsou uvedeny v na\u0161em popisu.\t\t\t<\/p>\n\t\t\t<\/div>\n<\/div><\/div><\/div><\/div><\/div><div class=\"vc_row wpb_row vc_row-fluid\" ><div class=\"wpb_column vc_column_container vc_col-sm-12\"><div class=\"vc_column-inner\"><div class=\"wpb_wrapper\"><div class=\"vc_empty_space\"   style=\"height: 32px\"><span class=\"vc_empty_space_inner\"><\/span><\/div><\/div><\/div><\/div><\/div><div class=\"vc_row wpb_row vc_row-fluid\" ><div class=\"wpb_column vc_column_container vc_col-sm-12\"><div class=\"vc_column-inner\"><div class=\"wpb_wrapper\">\n\t<div class=\"wpb_text_column wpb_content_element\" >\n\t\t<div class=\"wpb_wrapper\">\n\t\t\t<h4><b><i>P\u0159ehled <\/i><\/b><\/h4>\n<div>\n<p>Parasail nad pob\u0159e\u017e\u00edm Punta Cana\/Bavaro b\u011bhem t\u00e9to 40minutov\u00e9 aktivity s odletem z Punta Cana. Vyu\u017eijte odborn\u00fdch znalost\u00ed jedn\u00e9 z nejzku\u0161en\u011bj\u0161\u00edch parasailov\u00fdch spole\u010dnost\u00ed v Dominik\u00e1nsk\u00e9 republice, kter\u00e1 od roku 2001 provedla v\u00edce ne\u017e 60 000 let\u016f. Z\u00edskejte dechberouc\u00ed v\u00fdhled na pl\u00e1\u017ee, Tyrkysov\u00e9 vody a rozlehl\u00e1 letoviska, kter\u00e1 lemuj\u00ed pob\u0159e\u017e\u00ed a p\u0159itom l\u00e9taj\u00ed stovky stop vzduchem. S sebou opalovac\u00ed kr\u00e9m, plavky a smysl pro dobrodru\u017estv\u00ed. Vyhl\u00eddkov\u00e1 leteck\u00e1 prohl\u00eddka Cestujte lod\u00ed a prohl\u00e9dn\u011bte si pam\u00e1tky z vody V\u00fdb\u011br rann\u00edho nebo odpoledn\u00edho odletu Zdarma vyzvednut\u00ed a odvoz z hotelu v cen\u011b<\/p>\n<\/div>\n<ul class=\"vcs-highlights\">\n<li>V\u00fdb\u011br z n\u011bkolika odjezd\u016f b\u011bhem dne<\/li>\n<li>U\u017eijte si fantastick\u00e9 leteck\u00e9 v\u00fdhledy<\/li>\n<li>Vhodn\u00e9 pro rodiny<\/li>\n<li>Vyzvednut\u00ed z centr\u00e1ln\u011b um\u00edst\u011bn\u00e9ho m\u00edsta setk\u00e1n\u00ed<\/li>\n<li>Romantick\u00fd z\u00e1\u017eitek, ide\u00e1ln\u00ed pro p\u00e1ry<\/li>\n<\/ul>\n<p>&nbsp;<\/p>\n<h4><b>Zahrnut\u00ed a vylou\u010den\u00ed<\/b><\/h4>\n<p>&nbsp;<\/p>\n<p><b>Inkluze<\/b><\/p>\n<p>&nbsp;<\/p>\n<ol>\n<li>Parasailing Tour<\/li>\n<li>Vyzvednut\u00ed autobusem z va\u0161eho hotelu<\/li>\n<li style=\"font-weight: 400;\"><span style=\"font-weight: 400;\">V\u0161echny dan\u011b, poplatky a manipula\u010dn\u00ed poplatky<\/span><\/li>\n<li style=\"font-weight: 400;\"><span style=\"font-weight: 400;\">M\u00edstn\u00ed dan\u011b<\/span><\/li>\n<li style=\"font-weight: 400;\"><span style=\"font-weight: 400;\">N\u00e1poje<\/span><\/li>\n<\/ol>\n<p><b> V\u00fdjimky<\/b><\/p>\n<ol>\n<li style=\"font-weight: 400;\"><span style=\"font-weight: 400;\">Spropitn\u00e9<\/span><\/li>\n<li>Ob\u011bd<\/li>\n<\/ol>\n<p>&nbsp;<\/p>\n<h4><em><strong>Odjezd a n\u00e1vrat<\/strong><\/em><\/h4>\n<p><span style=\"font-weight: 400;\">Cestuj\u00edc\u00ed obdr\u017e\u00ed m\u00edsto setk\u00e1n\u00ed po dokon\u010den\u00ed rezervace. V\u00fdlety za\u010d\u00ednaj\u00ed a kon\u010d\u00ed na na\u0161ich m\u00edstech setk\u00e1n\u00ed.<\/span><\/p>\n<p>&nbsp;<\/p>\n<h4><b><i>Co o\u010dek\u00e1vat?<\/i><\/b><\/h4>\n<p>P\u0159edstavte si, \u017ee jste zvednuti 150 stop do vzduchu, chladn\u00fd v\u00edtr hlad\u00ed va\u0161i tv\u00e1\u0159 p\u0159i relaxaci s n\u00e1dhern\u00fdm v\u00fdhledem na pob\u0159e\u017e\u00ed Bavaro \u2013 Punta Cana.P\u0159esta\u0148te si p\u0159edstavovat a p\u0159ipojte se k n\u00e1m na vzru\u0161uj\u00edc\u00ed j\u00edzdu parasailingu, opravdu nezapomenuteln\u00fd z\u00e1\u017eitek. Pot\u0159ebujete pouze opalovac\u00ed kr\u00e9m a plavky a u\u017eijete si vzru\u0161en\u00ed z j\u00edzdy. Le\u0165te s premi\u00e9rovou parasail spole\u010dnost\u00ed Dominik\u00e1nsk\u00e9 republiky. S v\u00edce ne\u017e 60 000 lety od roku 2001 pat\u0159\u00ed na\u0161i zku\u0161en\u00ed kapit\u00e1ni a pos\u00e1dka k nejzku\u0161en\u011bj\u0161\u00edm v oboru.<\/p>\n<p><strong>\u010casov\u00fd rozvrh:<\/strong><\/p>\n<p>7:00 \u2013 19:00\u2026 Zm\u011bna \u010dasu v z\u00e1vislosti na tom, kde se nach\u00e1z\u00edte v Punta Cana.<\/p>\n<p>&nbsp;<\/p>\n<h4><em><strong>Co byste si m\u011bli vz\u00edt s sebou?<\/strong><\/em><\/h4>\n<ul>\n<li style=\"font-weight: 400;\"><span style=\"font-weight: 400;\">Fotoapar\u00e1t<\/span><\/li>\n<li style=\"font-weight: 400;\"><span style=\"font-weight: 400;\">Repelentn\u00ed pupeny<\/span><\/li>\n<li style=\"font-weight: 400;\"><span style=\"font-weight: 400;\">opalovac\u00ed kr\u00e9m<\/span><\/li>\n<li style=\"font-weight: 400;\"><span style=\"font-weight: 400;\">Klobouk<\/span><\/li>\n<li style=\"font-weight: 400;\"><span style=\"font-weight: 400;\">Pohodln\u00e9 kalhoty<\/span><\/li>\n<li style=\"font-weight: 400;\"><span style=\"font-weight: 400;\">Turistick\u00e1 obuv do lesa<\/span><\/li>\n<li style=\"font-weight: 400;\"><span style=\"font-weight: 400;\">Sand\u00e1ly na pl\u00e1\u017e<\/span><\/li>\n<li style=\"font-weight: 400;\"><span style=\"font-weight: 400;\">Plaveck\u00fd od\u011bv<\/span><\/li>\n<li>Pen\u00edze na suven\u00fdry<\/li>\n<\/ul>\n<p>&nbsp;<\/p>\n<h4><b><i>Vyzvednut\u00ed Hotel <\/i><\/b><\/h4>\n<p><span style=\"font-weight: 400;\">Nab\u00edz\u00ed se cestovn\u00ed vyzvednut\u00ed!<\/span><\/p>\n<p><span style=\"font-weight: 400;\">Vyzved\u00e1v\u00e1me ze v\u0161ech hotel\u016f v Punta Cana M\u00edsto vyzvednut\u00ed je Hotel Lobby<br \/>\nPokud bydl\u00edte v byt\u011b v t\u00e9to oblasti, vyzvedneme v\u00e1s v byt\u011b nebo u vchodu do nejbli\u017e\u0161\u00edho resortu. Nastavili jsme vyzvednut\u00ed, aby n\u00e1s kontaktovalo p\u0159es Whatsapp.<\/span><\/p>\n<p><b>Pozn\u00e1mka:<\/b><span style=\"font-weight: 400;\"> Pokud jste rezervov\u00e1ni do 24 hodin od \u010dasu odjezdu prohl\u00eddky\/exkurze, m\u016f\u017eeme zajistit vyzvednut\u00ed v hotelu. Jakmile bude v\u00e1\u0161 n\u00e1kup dokon\u010den, za\u0161leme v\u00e1m kompletn\u00ed kontaktn\u00ed informace (telefonn\u00ed \u010d\u00edslo, e-mailovou adresu atd.) pro na\u0161eho m\u00edstn\u00edho pr\u016fvodce, abychom mohli zajistit vyzvednut\u00ed.<\/span><\/p>\n<h4><b><i>Dal\u0161\u00ed informace Potvrzen\u00ed <\/i><\/b><\/h4>\n<ol>\n<li>Vstupenky jsou stvrzenkou po zaplacen\u00ed t\u00e9to prohl\u00eddky. Platbu m\u016f\u017eete uk\u00e1zat na sv\u00e9m telefonu.<\/li>\n<li style=\"font-weight: 400;\"><span style=\"font-weight: 400;\">M\u00edsto setk\u00e1n\u00ed obdr\u017e\u00edte po dokon\u010den\u00ed rezervace.<\/span><\/li>\n<li style=\"font-weight: 400;\"><span style=\"font-weight: 400;\">D\u011bti mus\u00ed b\u00fdt v doprovodu dosp\u011bl\u00e9 osoby.<\/span><\/li>\n<li style=\"font-weight: 400;\"><span style=\"font-weight: 400;\">bezbari\u00e9rov\u00fd p\u0159\u00edstup <\/span><\/li>\n<li style=\"font-weight: 400;\"><span style=\"font-weight: 400;\">Kojenci mus\u00ed sed\u011bt na kl\u00edn\u011b <\/span><\/li>\n<li style=\"font-weight: 400;\"><span style=\"font-weight: 400;\">V\u011bt\u0161ina cestuj\u00edc\u00edch se m\u016f\u017ee z\u00fa\u010dastnit<\/span><\/li>\n<\/ol>\n<h4><b><i>Storno podm\u00ednky<\/i><\/b><\/h4>\n<p><span style=\"font-weight: 400;\">Chcete-li vr\u00e1tit pen\u00edze v pln\u00e9 v\u00fd\u0161i, zru\u0161te rezervaci alespo\u0148 24 hodin p\u0159ed za\u010d\u00e1tkem z\u00e1\u017eitku.<\/span><\/p>\n\n\t\t<\/div>\n\t<\/div>\n<\/div><\/div><\/div><\/div><div class=\"vc_row wpb_row vc_row-fluid\" ><div class=\"wpb_column vc_column_container vc_col-sm-12\"><div class=\"vc_column-inner\"><div class=\"wpb_wrapper\">\n\t<div class=\"wpb_text_column wpb_content_element\" >\n\t\t<div class=\"wpb_wrapper\">\n\t\t\t<h4>Kontaktujte n\u00e1s?<\/h4>\n<h5><em><strong>Rezervace dobrodru\u017estv\u00ed<\/strong><\/em><\/h5>\n<p><em><strong>M\u00edstn\u00ed obyvatel\u00e9<\/strong> a <strong>N\u00e1rodn\u00ed str\u00e1nky<\/strong> Pr\u016fvodci a slu\u017eby pro hosty<\/em><\/p>\n<p><span class=\"text-turquoise\">Rezervace:<\/span> V\u00fdlety a exkurze v Dom. Rep.<\/p>\n\n\t\t<\/div>\n\t<\/div>\n<\/div><\/div><\/div><\/div><div class=\"vc_row wpb_row vc_row-fluid\" ><div class=\"wpb_column vc_column_container vc_col-sm-12\"><div class=\"vc_column-inner\"><div class=\"wpb_wrapper\"><div class=\"vc_empty_space\"   style=\"height: 32px\"><span class=\"vc_empty_space_inner\"><\/span><\/div>\n\t<div class=\"wpb_text_column wpb_content_element\" >\n\t\t<div class=\"wpb_wrapper\">\n\t\t\t<h4>Kontaktujte n\u00e1s?<\/h4>\n<h5>Rezervace dobrodru\u017estv\u00ed<\/h5>\n<p><em><strong>M\u00edstn\u00ed obyvatel\u00e9<\/strong>\u00a0a\u00a0<strong>N\u00e1rodn\u00ed str\u00e1nky<\/strong>\u00a0Pr\u016fvodci a slu\u017eby pro hosty<\/em><\/p>\n<p><span class=\"text-turquoise\">Rezervace:<\/span>\u00a0V\u00fdlety a exkurze v Dom. Rep.<\/p>\n<p><img decoding=\"async\" class=\"emoji\" draggable=\"false\" src=\"https:\/\/s.w.org\/images\/core\/emoji\/11.2.0\/svg\/1f4de.svg\" alt=\"\ud83d\udcde\" \/>\u00a0Tel \/ Whatsapp\u00a0\u00a0<a href=\"tel:+1-809-720-6035\">+1-809-720-6035<\/a>.<\/p>\n<p><img decoding=\"async\" class=\"emoji\" draggable=\"false\" src=\"https:\/\/s.w.org\/images\/core\/emoji\/11.2.0\/svg\/1f4e9.svg\" alt=\"\ud83d\udce9\" \/>\u00a0<a href=\"mailto:info@bookingadventures.com.do\">info@bookingadventures.com.do<\/a><\/p>\n<p><strong>Jsme flexibiln\u00ed nastaven\u00ed soukrom\u00e9 prohl\u00eddky p\u0159es Whatsapp:\u00a0<a href=\"tel:+18097206035\">+18097206035.<\/a><\/strong><\/p>\n\n\t\t<\/div>\n\t<\/div>\n<div class=\"vc_empty_space\"   style=\"height: 32px\"><span class=\"vc_empty_space_inner\"><\/span><\/div><\/div><\/div><\/div><\/div>","protected":false},"excerpt":{"rendered":"<p>Parasailing v Punta Cana je neuv\u011b\u0159iteln\u00e9 dobrodru\u017estv\u00ed a jedna z nejlep\u0161\u00edch v\u011bc\u00ed v Punta Cana. Pob\u0159e\u017e\u00ed z 200 stop ve vzduchu, kdy\u017e se plav\u00edte, je naprosto \u00fa\u017easn\u00e9.<\/p>\n<p>Parasailing je jednoduch\u00fd a z\u00e1bavn\u00fd z\u00e1\u017eitek pro v\u0161echny \u010dleny rodiny. Jako hlavn\u00ed parasailingov\u00e1 a dobrodru\u017en\u00e1 spole\u010dnost v Dominik\u00e1nsk\u00e9 republice pat\u0159\u00ed n\u00e1\u0161 t\u00fdm parasailingu mezi nejzku\u0161en\u011bj\u0161\u00ed v Punta Cana s v\u00edce ne\u017e 16 lety zku\u0161enost\u00ed s lety. M\u016f\u017eete si u\u017e\u00edt asi 15 minut letu a u\u017e\u00edt si n\u00e1dhern\u00fd panoramatick\u00fd v\u00fdhled.<\/p>\n<p>&nbsp;<\/p>\n<p><em><strong>Zvolte pros\u00edm datum turn\u00e9\u00a0<\/strong><\/em><\/p>","protected":false},"featured_media":451,"template":"","meta":[],"product_brand":[],"product_cat":[359,305,122,259],"product_tag":[167,360,361,141,362,228,171],"class_list":{"0":"post-11345","1":"product","2":"type-product","3":"status-publish","4":"has-post-thumbnail","6":"product_cat-parasaling","7":"product_cat-tours-and-excursion-punta-cana","8":"product_cat-tours-and-excursions","9":"product_cat-tours-excursions-punta-cana-dominican-republic","10":"product_tag-catamaran","11":"product_tag-parasail-punta-cana","12":"product_tag-parasailing-in-punta-cana","13":"product_tag-punta-cana","14":"product_tag-punta-cana-catamaran-party-with-snorkeling-and-parasailing","15":"product_tag-punta-cana-tours","16":"product_tag-saona-island","18":"first","19":"instock","20":"sale","21":"featured","22":"sold-individually","23":"shipping-taxable","24":"product-type-external"},"_links":{"self":[{"href":"https:\/\/visitaloshaitises.com\/cs\/wp-json\/wp\/v2\/product\/11345","targetHints":{"allow":["GET"]}}],"collection":[{"href":"https:\/\/visitaloshaitises.com\/cs\/wp-json\/wp\/v2\/product"}],"about":[{"href":"https:\/\/visitaloshaitises.com\/cs\/wp-json\/wp\/v2\/types\/product"}],"wp:featuredmedia":[{"embeddable":true,"href":"https:\/\/visitaloshaitises.com\/cs\/wp-json\/wp\/v2\/media\/451"}],"wp:attachment":[{"href":"https:\/\/visitaloshaitises.com\/cs\/wp-json\/wp\/v2\/media?parent=11345"}],"wp:term":[{"taxonomy":"product_brand","embeddable":true,"href":"https:\/\/visitaloshaitises.com\/cs\/wp-json\/wp\/v2\/product_brand?post=11345"},{"taxonomy":"product_cat","embeddable":true,"href":"https:\/\/visitaloshaitises.com\/cs\/wp-json\/wp\/v2\/product_cat?post=11345"},{"taxonomy":"product_tag","embeddable":true,"href":"https:\/\/visitaloshaitises.com\/cs\/wp-json\/wp\/v2\/product_tag?post=11345"}],"curies":[{"name":"wp","href":"https:\/\/api.w.org\/{rel}","templated":true}]}}