{"id":11324,"date":"2021-08-15T20:08:37","date_gmt":"2021-08-15T20:08:37","guid":{"rendered":"https:\/\/haitises.com\/?post_type=product&#038;p=11324"},"modified":"2024-04-09T14:47:49","modified_gmt":"2024-04-09T14:47:49","slug":"27-waterfalls-of-damajagua-tour-from-puerto-plata-half-day-trip-not-bus-pick-up-2","status":"publish","type":"product","link":"https:\/\/visitaloshaitises.com\/cs\/private\/27-waterfalls-of-damajagua-tour-from-puerto-plata-half-day-trip-not-bus-pick-up-2\/","title":{"rendered":"27 Vodop\u00e1dy Damajagua Tour z Puerto Plata. P\u016fldenn\u00ed v\u00fdlet. Bez vyzvednut\u00ed autobusem."},"content":{"rendered":"<div class=\"vc_row wpb_row vc_row-fluid\" ><div class=\"wpb_column vc_column_container vc_col-sm-12\"><div class=\"vc_column-inner\"><div class=\"wpb_wrapper\"><div class=\"mkdf-section-title-holder\" style=\"text-align: left\">\n\t<div class=\"mkdf-st-inner\">\n\t\t\t\t\t<h5 class=\"mkdf-st-subtitle\" >\n\t\t\t\t Ob\u011bd v cen\u011b\t\t\t<\/h5>\n\t\t\t\t\t\t\t<h3 class=\"mkdf-st-title\" >\n\t\t\t\t27 vodop\u00e1d\u016f Damajagua V\u00fdlet z Puerto Plata. P\u016fldenn\u00ed v\u00fdlet.\t\t\t<\/h3>\n\t\t\t\t\t<\/div>\n<\/div><\/div><\/div><\/div><\/div><div class=\"vc_row wpb_row vc_row-fluid\" ><div class=\"wpb_column vc_column_container vc_col-sm-12\"><div class=\"vc_column-inner\"><div class=\"wpb_wrapper\">\n\t<div class=\"wpb_text_column wpb_content_element\" >\n\t\t<div class=\"wpb_wrapper\">\n\t\t\t<h3 class=\"ui_header h1 attractions-product-info-ProductTitle__title--1qM0o\">27 vodop\u00e1d\u016f Damajagua V\u00fdlet z Puerto Plata. P\u016fldenn\u00ed v\u00fdlet.<\/h3>\n<h4><b><i>P\u0159ehled <\/i><\/b><\/h4>\n<p>Z\u00edskejte vstupenky na p\u016fldenn\u00ed v\u00fdlet zde ve vodop\u00e1du 27 z Damajaguy. Vstupenky s ob\u011bdem a exkurz\u00ed zahrnuj\u00ed skok a koup\u00e1n\u00ed v nejkr\u00e1sn\u011bj\u0161\u00edch vodop\u00e1dech Dominik\u00e1nsk\u00e9 republiky. Turistika a plav\u00e1n\u00ed s bezpe\u010dnostn\u00edm vybaven\u00edm, abyste m\u011bli ten nejlep\u0161\u00ed z\u00e1\u017eitek!<\/p>\n<p>Po t\u00e9to zku\u0161enosti se dostanete zp\u011bt na m\u00edsto, kde se setk\u00e1te s pr\u016fvodcem.<\/p>\n<ul>\n<li style=\"font-weight: 400;\">V\u010detn\u011b poplatk\u016f<\/li>\n<li>Ob\u011bd<\/li>\n<li>Ob\u010derstven\u00ed<\/li>\n<li style=\"font-weight: 400;\">M\u00edstn\u00ed pr\u016fvodce v angli\u010dtin\u011b<\/li>\n<\/ul>\n<p>&nbsp;<\/p>\n<h4><b>Zahrnut\u00ed a vylou\u010den\u00ed<\/b><\/h4>\n<p>&nbsp;<\/p>\n<p><b>Inkluze<\/b><\/p>\n<ol>\n<li style=\"font-weight: 400;\">27 vodop\u00e1d\u016f Damajagua<\/li>\n<li>Ob\u011bd<\/li>\n<li style=\"font-weight: 400;\"><span style=\"font-weight: 400;\">V\u0161echny dan\u011b, poplatky a manipula\u010dn\u00ed poplatky<\/span><\/li>\n<li style=\"font-weight: 400;\"><span style=\"font-weight: 400;\">M\u00edstn\u00ed dan\u011b<\/span><\/li>\n<li style=\"font-weight: 400;\"><span style=\"font-weight: 400;\">N\u00e1poje<\/span><\/li>\n<li>Ob\u010derstven\u00ed<\/li>\n<li style=\"font-weight: 400;\"><span style=\"font-weight: 400;\">V\u0161echny aktivity<\/span><\/li>\n<li style=\"font-weight: 400;\"><span style=\"font-weight: 400;\">M\u00edstn\u00ed pr\u016fvodce<\/span><\/li>\n<\/ol>\n<p><b> V\u00fdjimky<\/b><\/p>\n<ol>\n<li style=\"font-weight: 400;\"><span style=\"font-weight: 400;\">Spropitn\u00e9<\/span><\/li>\n<li>doprava (nastaveno kontaktov\u00e1n\u00edm)<\/li>\n<li style=\"font-weight: 400;\"><span style=\"font-weight: 400;\">Alkoholick\u00e9 n\u00e1poje<\/span><\/li>\n<\/ol>\n<p>&nbsp;<\/p>\n<h4><em><strong>Odjezd a n\u00e1vrat<\/strong><\/em><\/h4>\n<p><span style=\"font-weight: 400;\">Cestovatel z\u00edsk\u00e1 m\u00edsto setk\u00e1n\u00ed po procesu rezervace. Prohl\u00eddky za\u010d\u00ednaj\u00ed a kon\u010d\u00ed v m\u00edstech setk\u00e1n\u00ed.<\/span><\/p>\n<h4><\/h4>\n<h3 class=\"ui_header h1 attractions-product-info-ProductTitle__title--1qM0o\">27 vodop\u00e1d\u016f Damajagua V\u00fdlet z Puerto Plata.<\/h3>\n<h4><b><i>Co o\u010dek\u00e1vat?<\/i><\/b><\/h4>\n<div class=\"apd_content_block\" data-tab=\"TABS_OVERVIEW\">\n<div class=\"ui_card section attractions-product-details-Overview__sectionMargin--uHktd attractions-product-details-Overview__cleanslateOverrideDT--39Ov7\"><\/div>\n<\/div>\n<div data-tab=\"TABS_WHAT_TO_EXPECT\">\n<div class=\"ui_card attractions-card-CollapsibleProductDetailsCard__cardContainer--3r2wk attractions-card-CollapsibleProductDetailsCard__cleanslateOverrideDT--2AJh0\">\n<div class=\"attractions-card-CollapsibleCard__header--IDA3r\">\n<div class=\"attractions-card-CollapsibleCard__headerSection--3gTKb\"><\/div>\n<\/div>\n<div class=\"attractions-card-CollapsibleCard__content--2Ws8q\">\n<div class=\"attractions-card-CollapsibleCard__contentWrap--374jk attractions-card-CollapsibleCard__titleUnderline--1uHze\">\n<div>Objevte odlehl\u00e9 vodop\u00e1dy Damajagua, zastr\u010den\u00e9 v kopc\u00edch Severn\u00edho koridoru Dominik\u00e1nsk\u00e9 republiky, na tomto celodenn\u00edm v\u00fdletu z Puerto Plata. Prozkoumejte se sv\u00fdm m\u00edstn\u00edm pr\u016fvodcem dvacet sedm nedot\u010den\u00fdch vodop\u00e1d\u016f, kter\u00e9 se \u0159\u00edt\u00ed p\u0159es v\u00e1penec. Z\u00edskejte kr\u00e1tkou bezpe\u010dnostn\u00ed instrukt\u00e1\u017e, pot\u00e9 sk\u00e1kejte, plavte a sj\u00ed\u017ed\u011bjte p\u0159\u00edrodn\u00ed tobog\u00e1ny.<\/div>\n<div><\/div>\n<div>Ob\u011bd, n\u00e1poje jsou v cen\u011b. M\u00edrn\u00e1 40minutov\u00e1 t\u00fara do kopce kr\u00e1snou krajinou d\u017eungle v\u00e1s zavede k 12. vodop\u00e1du, nebo pokud jste ve skv\u011bl\u00e9 fyzick\u00e9 kondici, vyberte si t\u00faru a\u017e na vrchol 27 vodop\u00e1d\u016f (p\u0159ibli\u017en\u011b 70 minut) a za\u017eijte to v\u0161echno. .<\/div>\n<div class=\"attractions-card-CollapsibleProductDetailsCard__cardContent--23ext\">\n<div class=\"common-text-ReadMore__readMore--3Iu8c common-text-ReadMore__variantFadeOut--1tInd\">\n<div class=\"common-text-ReadMore__content--2X4LR\">\n<div class=\"ui_columns is-desktop\">\n<div><\/div>\n<div class=\"ui_column\">Either way, your real fun begins as we head back down-river and you jump, slide and swim your way through a series of spectacular waterfalls, canyons, and azure pools, emerging with a silly grin on your face and incredible memories to cherish! The tours include jumps of up to 25 feet (8 meters) but don&#8217;t worry, the big ones have another way down if you don&#8217;t want to jump.<\/div>\n<div><\/div>\n<div class=\"ui_column\">Po 15 minut\u00e1ch ch\u016fze zp\u011bt do z\u00e1kladn\u00edho t\u00e1bora a p\u0159evle\u010den\u00ed do such\u00e9ho oble\u010den\u00ed si vychutnejte lahodn\u00fd a rozmanit\u00fd dominik\u00e1nsk\u00fd ob\u011bd formou bufetu, kter\u00fd zahrnuje v\u011bci jako grilovan\u00e9 ku\u0159e a vep\u0159ov\u00e9 maso, du\u0161en\u00e1 masa, r\u00fd\u017ei, t\u011bstoviny a sal\u00e1ty.<\/div>\n<div><\/div>\n<div class=\"ui_column\">M\u00edstn\u00ed rumov\u00e9 n\u00e1poje, limon\u00e1dy a voda jsou zahrnuty (pivo je k dispozici, ale nen\u00ed zahrnuto). Po j\u00eddle se rozlu\u010dte s m\u00edstn\u00edmi pr\u016fvodci a v\u00e1\u0161 nejlep\u0161\u00ed z\u00e1\u017eitek z\u016fstane v pam\u011bti a fotografie nebo videa po zbytek va\u0161eho \u017eivota.<\/div>\n<\/div>\n<\/div>\n<\/div>\n<\/div>\n<\/div>\n<\/div>\n<\/div>\n<\/div>\n<h4><em><strong>Co byste si m\u011bli vz\u00edt s sebou?<\/strong><\/em><\/h4>\n<ul>\n<li style=\"font-weight: 400;\"><span style=\"font-weight: 400;\">Fotoapar\u00e1t<\/span><\/li>\n<li style=\"font-weight: 400;\"><span style=\"font-weight: 400;\">Repelentn\u00ed pupeny<\/span><\/li>\n<li style=\"font-weight: 400;\"><span style=\"font-weight: 400;\">opalovac\u00ed kr\u00e9m<\/span><\/li>\n<li style=\"font-weight: 400;\"><span style=\"font-weight: 400;\">Klobouk<\/span><\/li>\n<li style=\"font-weight: 400;\"><span style=\"font-weight: 400;\">Pohodln\u00e9 kalhoty<\/span><\/li>\n<li style=\"font-weight: 400;\"><span style=\"font-weight: 400;\">Turistick\u00e1 obuv do lesa<\/span><\/li>\n<li style=\"font-weight: 400;\"><span style=\"font-weight: 400;\">Sand\u00e1ly do jarn\u00edch oblast\u00ed.<\/span><\/li>\n<li style=\"font-weight: 400;\"><span style=\"font-weight: 400;\">Plaveck\u00fd od\u011bv<\/span><\/li>\n<\/ul>\n<p>&nbsp;<\/p>\n<h4><b><i>Vyzvednut\u00ed Hotel <\/i><\/b><\/h4>\n<p><span style=\"font-weight: 400;\">Hotel pick-up is not offered for this tour. We set Pick up contacting us by Whatsapp.<\/span><\/p>\n<p>&nbsp;<\/p>\n<p><b>Pozn\u00e1mka:<\/b><span style=\"font-weight: 400;\"> Pokud si rezervujete ubytov\u00e1n\u00ed do 24 hodin p\u0159ed odjezdem na prohl\u00eddku\/exkurzi, m\u016f\u017eeme za p\u0159\u00edplatek zajistit vyzvednut\u00ed v hotelu. Po dokon\u010den\u00ed n\u00e1kupu v\u00e1m za\u0161leme kompletn\u00ed kontaktn\u00ed informace (telefonn\u00ed \u010d\u00edslo, e-mailovou adresu atd.) pro na\u0161eho m\u00edstn\u00edho pr\u016fvodce, kter\u00fd zorganizuje vyzvednut\u00ed.<\/span><\/p>\n<h4><b><i>Dal\u0161\u00ed informace Potvrzen\u00ed <\/i><\/b><\/h4>\n<ol>\n<li>Vstupenky jsou stvrzenkou po zaplacen\u00ed t\u00e9to prohl\u00eddky. Platbu m\u016f\u017eete uk\u00e1zat na sv\u00e9m telefonu.<\/li>\n<li style=\"font-weight: 400;\"><span style=\"font-weight: 400;\">M\u00edsto setk\u00e1n\u00ed obdr\u017e\u00edte po dokon\u010den\u00ed rezervace.<\/span><\/li>\n<li style=\"font-weight: 400;\"><span style=\"font-weight: 400;\">D\u011bti mus\u00ed b\u00fdt v doprovodu dosp\u011bl\u00e9 osoby.<\/span><\/li>\n<li style=\"font-weight: 400;\"><span style=\"font-weight: 400;\"> Nen\u00ed bezbari\u00e9rov\u00fd <\/span><\/li>\n<li style=\"font-weight: 400;\"><span style=\"font-weight: 400;\">Kojenci mus\u00ed sed\u011bt na kl\u00edn\u011b <\/span><\/li>\n<li style=\"font-weight: 400;\"><span style=\"font-weight: 400;\">Nedoporu\u010duje se cestuj\u00edc\u00edm s probl\u00e9my se z\u00e1dy<\/span><\/li>\n<li style=\"font-weight: 400;\"><span style=\"font-weight: 400;\">Nedoporu\u010duje se t\u011bhotn\u00fdm cestovatelk\u00e1m <\/span><\/li>\n<li style=\"font-weight: 400;\"><span style=\"font-weight: 400;\"> \u017d\u00e1dn\u00e9 srde\u010dn\u00ed probl\u00e9my ani jin\u00e9 z\u00e1va\u017en\u00e9 zdravotn\u00ed pot\u00ed\u017ee <\/span><\/li>\n<li style=\"font-weight: 400;\"><span style=\"font-weight: 400;\">V\u011bt\u0161ina cestuj\u00edc\u00edch se m\u016f\u017ee z\u00fa\u010dastnit<\/span><\/li>\n<\/ol>\n<h4><b><i>Storno podm\u00ednky<\/i><\/b><\/h4>\n<p><span style=\"font-weight: 400;\">Pro vr\u00e1cen\u00ed cel\u00e9 \u010d\u00e1stky zru\u0161te alespo\u0148 24 hodin p\u0159ed datem zah\u00e1jen\u00ed z\u00e1\u017eitku. Prost\u0159edky budou ztraceny, pokud bude rezervace zru\u0161ena ve stejn\u00fd den cesty.<\/span><\/p>\n\n\t\t<\/div>\n\t<\/div>\n<\/div><\/div><\/div><\/div><div class=\"vc_row wpb_row vc_row-fluid\" ><div class=\"wpb_column vc_column_container vc_col-sm-12\"><div class=\"vc_column-inner\"><div class=\"wpb_wrapper\">\n\t<div class=\"wpb_video_widget wpb_content_element vc_clearfix   vc_video-aspect-ratio-169 vc_video-el-width-100 vc_video-align-left\" >\n\t\t<div class=\"wpb_wrapper\">\n\t\t\t<h2 class=\"wpb_heading wpb_video_heading\">Prohl\u00eddka 27 vodop\u00e1d\u016f Damajagua z Puerto Plata:<\/h2>\n\t\t\t<div class=\"wpb_video_wrapper\"><iframe loading=\"lazy\" title=\"27 vodop\u00e1d\u016f Damajagua od Booking Adventures &amp; Travel Dominik\u00e1nsk\u00e1 republika\" width=\"1100\" height=\"619\" src=\"https:\/\/www.youtube.com\/embed\/AVNh_we_RQE?start=17&feature=oembed\" frameborder=\"0\" allow=\"accelerometer; autoplay; clipboard-write; encrypted-media; gyroscope; picture-in-picture\" allowfullscreen><\/iframe><\/div>\n\t\t<\/div>\n\t<\/div>\n<\/div><\/div><\/div><\/div><div class=\"vc_row wpb_row vc_row-fluid\" ><div class=\"wpb_column vc_column_container vc_col-sm-12\"><div class=\"vc_column-inner\"><div class=\"wpb_wrapper\"><div class=\"vc_empty_space\"   style=\"height: 32px\"><span class=\"vc_empty_space_inner\"><\/span><\/div>\n\t<div class=\"wpb_text_column wpb_content_element\" >\n\t\t<div class=\"wpb_wrapper\">\n\t\t\t<h4>Kontaktujte n\u00e1s?<\/h4>\n<h5><em><strong>Rezervace dobrodru\u017estv\u00ed<\/strong><\/em><\/h5>\n<p><em><strong>M\u00edstn\u00ed obyvatel\u00e9<\/strong>\u00a0a\u00a0<strong>N\u00e1rodn\u00ed str\u00e1nky<\/strong>\u00a0Pr\u016fvodci a slu\u017eby pro hosty<\/em><\/p>\n<p><span class=\"text-turquoise\">Rezervace:<\/span>\u00a0V\u00fdlety a exkurze v Dom. Rep.<\/p>\n<p><img decoding=\"async\" class=\"emoji\" draggable=\"false\" src=\"https:\/\/s.w.org\/images\/core\/emoji\/11.2.0\/svg\/1f4de.svg\" alt=\"\ud83d\udcde\" \/>\u00a0Tel \/ Whatsapp\u00a0\u00a0<a href=\"tel:+1-809-720-6035\">+1-809-720-6035<\/a>.<\/p>\n<p><img decoding=\"async\" class=\"emoji\" draggable=\"false\" src=\"https:\/\/s.w.org\/images\/core\/emoji\/11.2.0\/svg\/1f4e9.svg\" alt=\"\ud83d\udce9\" \/>\u00a0<a href=\"mailto:info@bookingadventures.com.do\">info@bookingadventures.com.do<\/a><\/p>\n<p><strong>Jsme flexibiln\u00ed nastaven\u00ed soukrom\u00e9 prohl\u00eddky p\u0159es Whatsapp:\u00a0<a href=\"tel:+18097206035\">+18097206035.<\/a><\/strong><\/p>\n\n\t\t<\/div>\n\t<\/div>\n<div class=\"vc_empty_space\"   style=\"height: 32px\"><span class=\"vc_empty_space_inner\"><\/span><\/div><\/div><\/div><\/div><\/div>","protected":false},"excerpt":{"rendered":"<p>Tato exkurze z 27 vodop\u00e1d\u016f Damajagua v Puerto Plata, ob\u011bd a exkurze u 27 vodop\u00e1d\u016f, p\u011b\u0161\u00ed turistika a sk\u00e1k\u00e1n\u00ed do \u0159eky.<\/p>\n<p>Ekologick\u00fd v\u00fdlet k 27 vodop\u00e1d\u016fm Puerto Plata. Z\u00edskejte vstupenky na p\u016fldenn\u00ed v\u00fdlet zde ve vodop\u00e1du 27 z Damajaguy. Vstupenky s ob\u011bdem a exkurz\u00ed zahrnuj\u00ed skok a koup\u00e1n\u00ed v nejkr\u00e1sn\u011bj\u0161\u00edch vodop\u00e1dech Dominik\u00e1nsk\u00e9 republiky. Turistika a plav\u00e1n\u00ed s bezpe\u010dnostn\u00edm vybaven\u00edm, abyste m\u011bli ten nejlep\u0161\u00ed z\u00e1\u017eitek!<\/p>\n<p>&nbsp;<\/p>\n<p><strong>Vyberte pros\u00edm datum prohl\u00eddky:\u00a0<\/strong><\/p>","protected":false},"featured_media":271,"template":"","meta":[],"product_brand":[],"product_cat":[239,240,120,96,135,122,241,100],"product_tag":[242,243,244,245,246,247,248,249,250,251,252,253,254,255,256,257,258],"class_list":{"0":"post-11324","1":"product","2":"type-product","3":"status-publish","4":"has-post-thumbnail","6":"product_cat-27-waterfalls","7":"product_cat-damajagua","8":"product_cat-fees-entrace","9":"product_cat-hiking","10":"product_cat-lunch","11":"product_cat-tours-and-excursions","12":"product_cat-tours-excursions-27-waterfalls-puerto-plata-dominican-republic","13":"product_cat-waterfalls","14":"product_tag-27-charcos-de-damajagua","15":"product_tag-27-waterfalls","16":"product_tag-27-waterfalls-dominican-republic","17":"product_tag-27-waterfalls-dominican-republic-facts","18":"product_tag-27-waterfalls-excursion","19":"product_tag-27-waterfalls-puerto-plata","20":"product_tag-amber-cove-cruise-terminal-27-waterfalls","21":"product_tag-amber-cove-excursions","22":"product_tag-damajagua-falls-tours","23":"product_tag-damajagua-national-park","24":"product_tag-excursion-27-waterfalls","25":"product_tag-how-to-get-to-27-waterfalls-from-puerto-plata","26":"product_tag-jumping-27-waterfalls","27":"product_tag-los-27-charcos-de-puerto-plata","28":"product_tag-puerto-plata","29":"product_tag-things-to-do-in-amber-cove","30":"product_tag-tour-27-waterfalls","32":"first","33":"instock","34":"sale","35":"sold-individually","36":"shipping-taxable","37":"product-type-external"},"_links":{"self":[{"href":"https:\/\/visitaloshaitises.com\/cs\/wp-json\/wp\/v2\/product\/11324","targetHints":{"allow":["GET"]}}],"collection":[{"href":"https:\/\/visitaloshaitises.com\/cs\/wp-json\/wp\/v2\/product"}],"about":[{"href":"https:\/\/visitaloshaitises.com\/cs\/wp-json\/wp\/v2\/types\/product"}],"wp:featuredmedia":[{"embeddable":true,"href":"https:\/\/visitaloshaitises.com\/cs\/wp-json\/wp\/v2\/media\/271"}],"wp:attachment":[{"href":"https:\/\/visitaloshaitises.com\/cs\/wp-json\/wp\/v2\/media?parent=11324"}],"wp:term":[{"taxonomy":"product_brand","embeddable":true,"href":"https:\/\/visitaloshaitises.com\/cs\/wp-json\/wp\/v2\/product_brand?post=11324"},{"taxonomy":"product_cat","embeddable":true,"href":"https:\/\/visitaloshaitises.com\/cs\/wp-json\/wp\/v2\/product_cat?post=11324"},{"taxonomy":"product_tag","embeddable":true,"href":"https:\/\/visitaloshaitises.com\/cs\/wp-json\/wp\/v2\/product_tag?post=11324"}],"curies":[{"name":"wp","href":"https:\/\/api.w.org\/{rel}","templated":true}]}}