{"id":11024,"date":"2021-04-09T10:45:51","date_gmt":"2021-04-09T10:45:51","guid":{"rendered":"https:\/\/haitises.com\/product\/import-placeholder-for-11525\/"},"modified":"2024-04-12T19:27:30","modified_gmt":"2024-04-12T19:27:30","slug":"saona-island-private-tour-from-boca-chica-hotels-boca-chica-lobby","status":"publish","type":"product","link":"https:\/\/visitaloshaitises.com\/cs\/private\/saona-island-private-tour-from-boca-chica-hotels-boca-chica-lobby\/","title":{"rendered":"Soukrom\u00e1 prohl\u00eddka ostrova Saona z hotel\u016f Boca Chica - Boca Chica Lobby"},"content":{"rendered":"<div class=\"vc_row wpb_row vc_row-fluid\" ><div class=\"wpb_column vc_column_container vc_col-sm-12\"><div class=\"vc_column-inner\"><div class=\"wpb_wrapper\">\n\t<div class=\"wpb_text_column wpb_content_element\" >\n\t\t<div class=\"wpb_wrapper\">\n\t\t\t<h2><b><i>Soukrom\u00fd v\u00fdlet na ostrov Saona\u00a0<\/i><\/b><\/h2>\n<h4><b><i>P\u0159ehled<\/i><\/b><\/h4>\n<div>Odjezd lod\u00ed je z hlavn\u00edho mola na <strong>Bayahibe<\/strong> v 9:00 a n\u00e1vrat v 17:00. Li\u00a0<b>(p\u0159id\u00e1v\u00e1te soukrom\u00fd transfer z jin\u00fdch odlet\u016f do t\u00e9to cesty, \u010das se m\u016f\u017ee zm\u011bnit)<\/b> <span style=\"font-size: 16px;\">Tento v\u00fdlet v\u00e1s zavede na ty nejlep\u0161\u00ed pl\u00e1\u017ee <strong>ostrov saona<\/strong> (Ostrov Saona) z m\u011bsta Bayahibe, ob\u011bd je na ostrov\u011b a zastav\u00edte se u p\u0159\u00edrodn\u00edch baz\u00e9n\u016f<strong> N\u00e1rodn\u00ed park Cotubanama<\/strong>. U\u017eijte si kr\u00e1sn\u00e9 jihov\u00fdchodn\u00ed pob\u0159e\u017e\u00ed Dominik\u00e1nsk\u00e9 republiky, kde se po plavb\u011b lod\u00ed budete plavit pod\u00e9l pob\u0159e\u017e\u00ed a pozorovat r\u016fzn\u00e9 pl\u00e1\u017ee, krajinu, mangrovy a v\u00e1pencov\u00e9 \u00fatvary tohoto jedine\u010dn\u00e9ho m\u00edsta.\u00a0<\/span><\/div>\n<div>\n<p><span style=\"font-weight: 400;\">Cesta na ostrov trv\u00e1 asi 45 minut a b\u011bhem prohl\u00eddky budete m\u00edt mo\u017enost vid\u011bt <strong>Ruku Juane<\/strong>, kter\u00e1 je jedinou komunitou zalo\u017eenou na ostrov\u011b, na stejn\u00e9m m\u00edst\u011b m\u00e1te mo\u017enost ob\u011bdvat, v p\u0159\u00edpad\u011b, \u017ee se nedostanete do Mano Juan, nav\u0161t\u00edv\u00edte r\u016fzn\u00e9 pl\u00e1\u017ee v okol\u00ed a ob\u011bd bude na pl\u00e1\u017ei, na ostrov\u011b budete m\u00edt tak\u00e9 mo\u017enost \u0161norchlovat.<\/span><\/p>\n<p><span style=\"font-weight: 400;\">A\u017e svou cestu dokon\u010d\u00edte na r\u016fzn\u00fdch m\u00edstech na ostrov\u011b, vr\u00e1t\u00edte se zp\u011bt na m\u00edsto, kde se setk\u00e1te s pr\u016fvodcem.<\/span><\/p>\n<ul>\n<li style=\"font-weight: 400;\"><span style=\"font-weight: 400;\">Zahrnuje ob\u011bd formou bufetu na pl\u00e1\u017ei.<\/span><\/li>\n<li style=\"font-weight: 400;\"><span style=\"font-weight: 400;\">p\u0159\u00edrodn\u00ed koupali\u0161t\u011b<\/span><\/li>\n<li style=\"font-weight: 400;\"><span style=\"font-weight: 400;\">Transfer lod\u00ed nebo katamar\u00e1nem<\/span><\/li>\n<li style=\"font-weight: 400;\"><span style=\"font-weight: 400;\">Kapit\u00e1n poskytuje instrukce a dohled<\/span><\/li>\n<\/ul>\n<\/div>\n<p>&nbsp;<\/p>\n<h2><b>Zahrnut\u00ed a vylou\u010den\u00ed<\/b><\/h2>\n<p><b>Inkluze<\/b><\/p>\n<ol>\n<li>V\u00fdlet motorov\u00fdm \u010dlunem nebo katamar\u00e1nem (v\u0161e z\u00e1vis\u00ed na velikosti skupiny)<\/li>\n<li style=\"font-weight: 400;\"><span style=\"font-weight: 400;\">Ob\u011bd formou bufetu na pl\u00e1\u017ei<\/span><\/li>\n<li>p\u0159\u00edrodn\u00ed koupali\u0161t\u011b<\/li>\n<li style=\"font-weight: 400;\"><span style=\"font-weight: 400;\">V\u0161echny dan\u011b, poplatky a manipula\u010dn\u00ed poplatky<\/span><\/li>\n<li style=\"font-weight: 400;\"><span style=\"font-weight: 400;\">M\u00edstn\u00ed dan\u011b<\/span><\/li>\n<li style=\"font-weight: 400;\"><span style=\"font-weight: 400;\">N\u00e1poje<\/span><\/li>\n<\/ol>\n<p><b> V\u00fdjimky<\/b><\/p>\n<ol>\n<li style=\"font-weight: 400;\"><span style=\"font-weight: 400;\">Spropitn\u00e9<\/span><\/li>\n<li>M\u00edstn\u00ed pr\u016fvodce<\/li>\n<\/ol>\n<p>&nbsp;<\/p>\n<h4><em><strong>Odjezd a n\u00e1vrat<\/strong><\/em><\/h4>\n<p><span style=\"font-weight: 400;\">M\u00e1me rozvrh navr\u017een\u00fd tak, abychom v\u00e1s vyzvedli a odvezli na z\u00e1klad\u011b oblasti, ve kter\u00e9 se nach\u00e1z\u00edte. <\/span><span style=\"font-weight: 400;\">Cestuj\u00edc\u00ed obdr\u017e\u00ed m\u00edsto setk\u00e1n\u00ed po dokon\u010den\u00ed rezervace. V\u00fdlety za\u010d\u00ednaj\u00ed a kon\u010d\u00ed na na\u0161ich m\u00edstech setk\u00e1n\u00ed.<\/span><\/p>\n<p>&nbsp;<\/p>\n<h4><b><i>Co o\u010dek\u00e1vat?<\/i><\/b><\/h4>\n<p>&nbsp;<\/p>\n<p><em><strong>Z\u00edskejte vstupenky<\/strong><\/em> na jednodenn\u00ed vstupenku na ostrov Saona (Isla Saona) v Bayahibe plus skv\u011bl\u00fd ob\u011bd a \u010das na pl\u00e1\u017ei.<\/p>\n<p><span style=\"font-weight: 400;\">The Day Trip, organized by \u00abBooking Adventures\u00bb starts at the meeting point set with the Tour Guide. <\/span>Ob\u011bd na pl\u00e1\u017ei a m\u016f\u017eete z\u016fstat tak dlouho, jak budete cht\u00edt plavat. Pokud jste vegani, m\u016f\u017eeme v\u00e1m p\u0159ipravit i n\u011bjak\u00e9 j\u00eddlo.<\/p>\n<p>Tento v\u00fdlet lod\u00ed za\u010d\u00edn\u00e1 v Bayahibe, ale nab\u00edz\u00edme soukrom\u00fd transfer za p\u0159\u00edplatek v z\u00e1vislosti na tom, kde se skupina nach\u00e1z\u00ed.<\/p>\n<p><strong>\u010casov\u00fd rozvrh:<\/strong><\/p>\n<p>7:45 \u2013 18:00<\/p>\n<p>&nbsp;<\/p>\n<h4><em><strong>Co byste si m\u011bli vz\u00edt s sebou?<\/strong><\/em><\/h4>\n<ul>\n<li style=\"font-weight: 400;\"><span style=\"font-weight: 400;\">Fotoapar\u00e1t<\/span><\/li>\n<li style=\"font-weight: 400;\"><span style=\"font-weight: 400;\">Repelentn\u00ed pupeny<\/span><\/li>\n<li style=\"font-weight: 400;\"><span style=\"font-weight: 400;\">opalovac\u00ed kr\u00e9m<\/span><\/li>\n<li style=\"font-weight: 400;\"><span style=\"font-weight: 400;\">Klobouk<\/span><\/li>\n<li style=\"font-weight: 400;\"><span style=\"font-weight: 400;\">Pohodln\u00e9 kalhoty<\/span><\/li>\n<li style=\"font-weight: 400;\"><span style=\"font-weight: 400;\">Turistick\u00e1 obuv do lesa<\/span><\/li>\n<li style=\"font-weight: 400;\"><span style=\"font-weight: 400;\">Sand\u00e1ly na pl\u00e1\u017e<\/span><\/li>\n<li style=\"font-weight: 400;\"><span style=\"font-weight: 400;\">Plaveck\u00fd od\u011bv<\/span><\/li>\n<li>Pen\u00edze na suven\u00fdry<\/li>\n<\/ul>\n<p>&nbsp;<\/p>\n<h2><b><i>Hotel vyzvednut\u00ed na jednodenn\u00ed v\u00fdlet na ostrov Saona<\/i><\/b><\/h2>\n<p><span style=\"font-weight: 400;\">Toto je program, kter\u00fd jsme nastavili na z\u00e1klad\u011b va\u0161ich um\u00edst\u011bn\u00ed. Sd\u011blte n\u00e1m pros\u00edm sv\u016fj konkr\u00e9tn\u00ed hotel a my v\u00e1s budeme kontaktovat, abychom v\u00e1m \u0159ekli, kde se s v\u00e1mi setk\u00e1me. Tyto mo\u017enosti p\u0159evodu plat\u00ed za p\u0159\u00edplatek. Tento v\u00fdlet za\u010d\u00edn\u00e1 v Bayahibe.<\/span><\/p>\n<table style=\"height: 487px;\" width=\"420\">\n<tbody>\n<tr>\n<td><b>m\u00edsto<\/b><\/td>\n<td><b>\u010das<\/b><\/td>\n<\/tr>\n<tr>\n<td><b>Punta Cana<\/b><\/td>\n<td><b>7:45<\/b><\/td>\n<\/tr>\n<tr>\n<td><b>bavorsk\u00fd<\/b><\/td>\n<td><b>7:30 r\u00e1no<\/b><\/td>\n<\/tr>\n<tr>\n<td><b>Uvero Altos<\/b><\/td>\n<td><b>7:00 r\u00e1no<\/b><\/td>\n<\/tr>\n<tr>\n<td><b>Club Med<\/b><\/td>\n<td><b>7:00 r\u00e1no<\/b><\/td>\n<\/tr>\n<tr>\n<td><b>Boca Chica<\/b><\/td>\n<td><b>7:00 r\u00e1no<\/b><\/td>\n<\/tr>\n<tr>\n<td><b>Santo Domingo<\/b><\/td>\n<td><b>6:40<\/b><\/td>\n<\/tr>\n<tr>\n<td><b>Juan Hurt<\/b><\/td>\n<td><b>7:00 r\u00e1no<\/b><\/td>\n<\/tr>\n<\/tbody>\n<\/table>\n<p>&nbsp;<\/p>\n<p><b>Pozn\u00e1mka:<\/b><span style=\"font-weight: 400;\"> Pokud provedete rezervaci do 24 hodin od \u010dasu odjezdu z\u00e1jezdu\/exkurze, m\u016f\u017eeme v\u00e1m za p\u0159\u00edplatek zajistit vyzvednut\u00ed v hotelu. Jakmile bude v\u00e1\u0161 n\u00e1kup dokon\u010den, za\u0161leme v\u00e1m kompletn\u00ed kontaktn\u00ed informace (telefonn\u00ed \u010d\u00edslo, e-mailovou adresu atd.) pro na\u0161eho m\u00edstn\u00edho pr\u016fvodce, abychom mohli zajistit vyzvednut\u00ed.<\/span><\/p>\n<h4><b><i>Dal\u0161\u00ed informace Potvrzen\u00ed <\/i><\/b><\/h4>\n<ol>\n<li>Vstupenky jsou stvrzenkou po zaplacen\u00ed t\u00e9to prohl\u00eddky. Platbu m\u016f\u017eete uk\u00e1zat na sv\u00e9m telefonu.<\/li>\n<li style=\"font-weight: 400;\"><span style=\"font-weight: 400;\">M\u00edsto setk\u00e1n\u00ed obdr\u017e\u00edte po dokon\u010den\u00ed rezervace.<\/span><\/li>\n<li style=\"font-weight: 400;\"><span style=\"font-weight: 400;\">D\u011bti mus\u00ed b\u00fdt v doprovodu dosp\u011bl\u00e9 osoby.<\/span><\/li>\n<li style=\"font-weight: 400;\"><span style=\"font-weight: 400;\">bezbari\u00e9rov\u00fd p\u0159\u00edstup <\/span><\/li>\n<li style=\"font-weight: 400;\"><span style=\"font-weight: 400;\">Kojenci mus\u00ed sed\u011bt na kl\u00edn\u011b <\/span><\/li>\n<li style=\"font-weight: 400;\"><span style=\"font-weight: 400;\">V\u011bt\u0161ina cestuj\u00edc\u00edch se m\u016f\u017ee z\u00fa\u010dastnit<\/span><\/li>\n<\/ol>\n<h4><b><i>Storno podm\u00ednky<\/i><\/b><\/h4>\n<p><span style=\"font-weight: 400;\">Chcete-li vr\u00e1tit pen\u00edze v pln\u00e9 v\u00fd\u0161i, zru\u0161te rezervaci alespo\u0148 24 hodin p\u0159ed za\u010d\u00e1tkem z\u00e1\u017eitku.<\/span><\/p>\n<p>POZN\u00c1MKA: Pokud byste cht\u011bli absolvovat tuto exkurzi a cht\u011bli byste v\u011bd\u011bt n\u011bjak\u00e9 dal\u0161\u00ed podrobnosti, m\u016f\u017eete<a href=\"mailto:info@bookingadventures.com.do\">\u00a0kontaktujte n\u00e1s e-mailem<\/a>l<strong>\u00a0<\/strong>nebo prost\u0159ednictv\u00edm na\u0161eho p\u0159\u00edm\u00e9ho servisn\u00edho chatu Whatsapp na tomto \u010d\u00edsle:\u00a0<strong>+1 809-720-6035<\/strong>. Okam\u017eit\u011b se V\u00e1m z\u00fa\u010dastn\u00edme a m\u016f\u017eeme V\u00e1m zpracovat nab\u00eddku s \u00fapravou ceny dle po\u010dtu osob.<\/p>\n<p>(Po\u017eadujeme minim\u00e1ln\u011b 4 osoby pro soukrom\u00e9 domluven\u00ed prohl\u00eddky. Pro m\u00e9n\u011b osob m\u016f\u017eeme zajistit polosoukromou prohl\u00eddku s max. 15 osobami).<\/p>\n<div id=\"gtx-trans\" style=\"position: absolute; left: -1px; top: 1055.03px;\">\n<div class=\"gtx-trans-icon\"><\/div>\n<\/div>\n\n\t\t<\/div>\n\t<\/div>\n<\/div><\/div><\/div><\/div><div class=\"vc_row wpb_row vc_row-fluid\" ><div class=\"wpb_column vc_column_container vc_col-sm-12\"><div class=\"vc_column-inner\"><div class=\"wpb_wrapper\"><\/div><\/div><\/div><\/div><div class=\"vc_row wpb_row vc_row-fluid\" ><div class=\"wpb_column vc_column_container vc_col-sm-12\"><div class=\"vc_column-inner\"><div class=\"wpb_wrapper\"><div class=\"vc_empty_space\"   style=\"height: 32px\"><span class=\"vc_empty_space_inner\"><\/span><\/div>\n\t<div class=\"wpb_video_widget wpb_content_element vc_clearfix   vc_video-aspect-ratio-169 vc_video-el-width-100 vc_video-align-left\" >\n\t\t<div class=\"wpb_wrapper\">\n\t\t\t<h2 class=\"wpb_heading wpb_video_heading\">Video v\u00fdlety a exkurze na ostrov Saona:<\/h2>\n\t\t\t<div class=\"wpb_video_wrapper\"><iframe loading=\"lazy\" title=\"Ostrov Saola Cel\u00fd den od Booking Adventures, cestov\u00e1n\u00ed Dominik\u00e1nsk\u00e1 republika\" width=\"1100\" height=\"619\" src=\"https:\/\/www.youtube.com\/embed\/sas91N4zMHo?feature=oembed\" frameborder=\"0\" allow=\"accelerometer; autoplay; clipboard-write; encrypted-media; gyroscope; picture-in-picture\" allowfullscreen><\/iframe><\/div>\n\t\t<\/div>\n\t<\/div>\n<div class=\"vc_empty_space\"   style=\"height: 32px\"><span class=\"vc_empty_space_inner\"><\/span><\/div><\/div><\/div><\/div><\/div><div class=\"vc_row wpb_row vc_row-fluid\" ><div class=\"wpb_column vc_column_container vc_col-sm-12\"><div class=\"vc_column-inner\"><div class=\"wpb_wrapper\"><div class=\"vc_empty_space\"   style=\"height: 32px\"><span class=\"vc_empty_space_inner\"><\/span><\/div>\n\t<div class=\"wpb_text_column wpb_content_element\" >\n\t\t<div class=\"wpb_wrapper\">\n\t\t\t<h4>Kontaktujte n\u00e1s?<\/h4>\n<h5>Rezervace dobrodru\u017estv\u00ed<\/h5>\n<p><em><strong>M\u00edstn\u00ed obyvatel\u00e9<\/strong>\u00a0a\u00a0<strong>N\u00e1rodn\u00ed str\u00e1nky<\/strong>\u00a0Pr\u016fvodci a slu\u017eby pro hosty<\/em><\/p>\n<p><span class=\"text-turquoise\">Rezervace:<\/span>\u00a0V\u00fdlety a exkurze v Dom. Rep.<\/p>\n<p><img decoding=\"async\" class=\"emoji\" draggable=\"false\" src=\"https:\/\/s.w.org\/images\/core\/emoji\/11.2.0\/svg\/1f4de.svg\" alt=\"\ud83d\udcde\" \/>\u00a0Tel \/ Whatsapp\u00a0\u00a0<a href=\"tel:+1-809-720-6035\">+1-809-720-6035<\/a>.<\/p>\n<p><img decoding=\"async\" class=\"emoji\" draggable=\"false\" src=\"https:\/\/s.w.org\/images\/core\/emoji\/11.2.0\/svg\/1f4e9.svg\" alt=\"\ud83d\udce9\" \/>\u00a0<a href=\"mailto:info@bookingadventures.com.do\">info@bookingadventures.com.do<\/a><\/p>\n<p><strong>Jsme flexibiln\u00ed nastaven\u00ed soukrom\u00e9 prohl\u00eddky p\u0159es Whatsapp:\u00a0<a href=\"tel:+18097206035\">+18097206035.<\/a><\/strong><\/p>\n\n\t\t<\/div>\n\t<\/div>\n<div class=\"vc_empty_space\"   style=\"height: 32px\"><span class=\"vc_empty_space_inner\"><\/span><\/div><\/div><\/div><\/div><\/div>","protected":false},"excerpt":{"rendered":"<p>Celodenn\u00ed p\u0159ejezd na ostrov Saona z p\u0159\u00edstavu Bayahibe. Ob\u011bd a p\u0159\u00edrodn\u00ed koupali\u0161t\u011b v cen\u011b. V p\u0159\u00edpad\u011b pot\u0159eby transfer z kter\u00e9koli \u010d\u00e1sti Dominik\u00e1nsk\u00e9 republiky. Sta\u010d\u00ed n\u00e1s kontaktovat a dop\u0159ejte si ty nejlep\u0161\u00ed z\u00e1\u017eitky na ostrov\u011b Saona.<\/p>\n<p>&nbsp;<\/p>\n<p><em><strong>Zvolte pros\u00edm datum turn\u00e9\u00a0<\/strong><\/em><\/p>","protected":false},"featured_media":11039,"template":"","meta":[],"product_brand":[],"product_cat":[453,459],"product_tag":[165,166,167,168,169,455,456,170,171,172,173,457,458,175],"class_list":{"0":"post-11024","1":"product","2":"type-product","3":"status-publish","4":"has-post-thumbnail","6":"product_cat-saona-island-offers","7":"product_cat-saona-island-private-tour-from-boca-chica-hotels-boca-chica-lobby","8":"product_tag-all-inclusive-trip-to-saona-island-by-speedboat-catamaran","9":"product_tag-bayahibe","10":"product_tag-catamaran","11":"product_tag-how-to-get-to-saona-island","12":"product_tag-isla-saona","13":"product_tag-private-day-trip-saona","14":"product_tag-private-tours","15":"product_tag-saona","16":"product_tag-saona-island","17":"product_tag-saona-island-excursion","18":"product_tag-saona-island-hotels","19":"product_tag-saona-island-private","20":"product_tag-saona-island-private-tour-from-punta-cana-hotels-punta-cana-lobby","21":"product_tag-saona-island-tour","23":"first","24":"instock","25":"sale","26":"featured","27":"sold-individually","28":"shipping-taxable","29":"product-type-external"},"_links":{"self":[{"href":"https:\/\/visitaloshaitises.com\/cs\/wp-json\/wp\/v2\/product\/11024","targetHints":{"allow":["GET"]}}],"collection":[{"href":"https:\/\/visitaloshaitises.com\/cs\/wp-json\/wp\/v2\/product"}],"about":[{"href":"https:\/\/visitaloshaitises.com\/cs\/wp-json\/wp\/v2\/types\/product"}],"wp:featuredmedia":[{"embeddable":true,"href":"https:\/\/visitaloshaitises.com\/cs\/wp-json\/wp\/v2\/media\/11039"}],"wp:attachment":[{"href":"https:\/\/visitaloshaitises.com\/cs\/wp-json\/wp\/v2\/media?parent=11024"}],"wp:term":[{"taxonomy":"product_brand","embeddable":true,"href":"https:\/\/visitaloshaitises.com\/cs\/wp-json\/wp\/v2\/product_brand?post=11024"},{"taxonomy":"product_cat","embeddable":true,"href":"https:\/\/visitaloshaitises.com\/cs\/wp-json\/wp\/v2\/product_cat?post=11024"},{"taxonomy":"product_tag","embeddable":true,"href":"https:\/\/visitaloshaitises.com\/cs\/wp-json\/wp\/v2\/product_tag?post=11024"}],"curies":[{"name":"wp","href":"https:\/\/api.w.org\/{rel}","templated":true}]}}