{"id":10912,"date":"2020-07-18T23:40:25","date_gmt":"2020-07-18T23:40:25","guid":{"rendered":"https:\/\/haitises.com\/?post_type=product&#038;p=10912"},"modified":"2024-04-15T18:53:20","modified_gmt":"2024-04-15T18:53:20","slug":"excursion-isla-saona-desde-punta-cana-piscina-natural","status":"publish","type":"product","link":"https:\/\/visitaloshaitises.com\/cs\/soukrome\/excursion-isla-saona-desde-punta-cana-piscina-natural\/","title":{"rendered":"V\u00fdlet na ostrov Saona z Punta Cany - p\u0159\u00edrodn\u00ed koupali\u0161t\u011b"},"content":{"rendered":"<div class=\"vc_row wpb_row vc_row-fluid\" ><div class=\"wpb_column vc_column_container vc_col-sm-12\"><div class=\"vc_column-inner\"><div class=\"wpb_wrapper\">[mkdf_section_title title_tag=\u00bb\u00bb disable_break_words=\u00bbno\u00bb subtitle_tag=\u00bb\u00bb text_font_weight=\u00bb\u00bb title=\u00bbTour Isla Saona desde Punta Cana &#8211; Excursi\u00f3n Piscina Natural\u00bb subtitle=\u00bbDesde los hoteles de Punta Cana\u00bb text=\u00bbNota: Este recorrido comienza a las 7:00 am. Dependiendo de donde est\u00e9, el horario de recogida de los hoteles, puede cambiar. Costo adicional para recoger en \u00e1reas no incluidas en nuestra descripci\u00f3n.\u00bb]<\/div><\/div><\/div><\/div><div class=\"vc_row wpb_row vc_row-fluid\" ><div class=\"wpb_column vc_column_container vc_col-sm-12\"><div class=\"vc_column-inner\"><div class=\"wpb_wrapper\"><div class=\"vc_empty_space\"   style=\"height: 32px\"><span class=\"vc_empty_space_inner\"><\/span><\/div><\/div><\/div><\/div><\/div><div class=\"vc_row wpb_row vc_row-fluid\" ><div class=\"wpb_column vc_column_container vc_col-sm-12\"><div class=\"vc_column-inner\"><div class=\"wpb_wrapper\">\n\t<div class=\"wpb_text_column wpb_content_element\" >\n\t\t<div class=\"wpb_wrapper\">\n\t\t\t<h3>Popis<\/h3>\n<p>Esta excursi\u00f3n lo lleva a las playas de Isla Saona desde Punta Cana en un autob\u00fas a la comunidad de Bayahibe, almuerza en la isla y se detiene en las piscinas naturales de Saona. Disfrutando de la hermosa costa del sureste de la Rep\u00fablica Dominicana, donde despu\u00e9s de tomar el bote \u00abCatamar\u00e1n\u00bb navegar\u00e1 por la costa observando las diferentes playas, paisajes, manglares y formaciones de piedra caliza.<\/p>\n<p>Para llegar a la isla se tarda unos 45 minutos y durante el recorrido tiene la posibilidad de ver a Mano Juan, la \u00fanica comunidad establecida en la isla, en este mismo lugar tiene la posibilidad de almorzar, en caso de que no llegue a Mano Juan, visitar\u00e1s playas \u00fanicas en la zona y almorzar\u00e1s junto a la playa, tambi\u00e9n tendr\u00e1s la oportunidad de bucear en la isla.<br \/>\nEn el camino de regreso, hay una \u00faltima parada en las piscinas naturales, otro de los lugares majestuosos de Isla Saona que disfrutar\u00e1 una hora antes de regresar a la comunidad de Bayahibe.<\/p>\n<ul>\n<li>Zahrnuje ob\u011bd formou bufetu na pl\u00e1\u017ei.<\/li>\n<li>Autobusov\u00fd z\u00e1jezd z Punta Cana<\/li>\n<li>P\u0159\u00edrodn\u00ed baz\u00e9n<\/li>\n<li>Transfer lod\u00ed nebo katamar\u00e1nem<\/li>\n<li>Kapit\u00e1n poskytuje instrukce a dohled.<\/li>\n<\/ul>\n<h3>Zahrnut\u00ed a vylou\u010den\u00ed<\/h3>\n<h4>Inkluze<\/h4>\n<ol>\n<li>Viaje en barco o catamar\u00e1n<\/li>\n<li>Ob\u011bd formou bufetu na pl\u00e1\u017ei.<\/li>\n<li>P\u0159\u00edrodn\u00ed baz\u00e9n<\/li>\n<li>Doprava<\/li>\n<li>V\u0161echny dan\u011b, poplatky a manipula\u010dn\u00ed poplatky<\/li>\n<li>M\u00edstn\u00ed dan\u011b<\/li>\n<li>N\u00e1poje<\/li>\n<\/ol>\n<h4>V\u00fdjimky<\/h4>\n<ol>\n<li>Propina<\/li>\n<li>M\u00edstn\u00ed pr\u016fvodce<\/li>\n<\/ol>\n<h3><em>Odjezd a n\u00e1vrat<\/em><\/h3>\n<p>Cestovatel z\u00edsk\u00e1 m\u00edsto setk\u00e1n\u00ed po procesu rezervace. Prohl\u00eddky za\u010d\u00ednaj\u00ed a kon\u010d\u00ed v m\u00edstech na\u0161eho setk\u00e1n\u00ed.<\/p>\n<h3><em>Co \u010dekat?<\/em><\/h3>\n<p>Obtenga sus boletos para un pase de un d\u00eda en la Isla Saona en Bayahibe a partir de Punta Cana, adem\u00e1s de un maravilloso almuerzo y tiempo en la playa.<\/p>\n<p>El Pasa d\u00eda, organizado por \u00abBooking Adventures\u00bb comienza en el punto de encuentro establecido con el gu\u00eda tur\u00edstico. Transporte y almuerzo en la playa y puedes quedarte todo el tiempo que quieras nadando.<\/p>\n<p>Pokud jste vegani, m\u016f\u017eeme v\u00e1m tak\u00e9 p\u0159ipravit n\u011bjak\u00e9 j\u00eddlo!<\/p>\n<p>Pl\u00e1n:<\/p>\n<p>7:00 AM &#8211; 7:00 PM &#8230; Cambio de hora dependiendo de d\u00f3nde se encuentre en Punta Cana.<\/p>\n<h3><em>Co byste si m\u011bli vz\u00edt s sebou?<\/em><\/h3>\n<ul>\n<li>Fotoapar\u00e1t<\/li>\n<li>Repelenty<\/li>\n<li>opalovac\u00ed kr\u00e9m<\/li>\n<li>Klobouk<\/li>\n<li>Pohodln\u00e9 kalhoty<\/li>\n<li>Turistick\u00e1 obuv Forest<\/li>\n<li>Sand\u00e1ly na pl\u00e1\u017e<\/li>\n<li>Plaveck\u00fd \u00fabor<\/li>\n<li>Efectivo para recuerdos<\/li>\n<\/ul>\n<h3><em>Vyzvednut\u00ed v hotelu<\/em><\/h3>\n<p>\u00a1Se ofrece recogida de viajeros!<\/p>\n<p>Recogemos de todos los hoteles en Punta Cana. La ubicaci\u00f3n de recogida es el vest\u00edbulo del hotel<br \/>\nSi se hospeda en un condominio en el \u00e1rea, lo recogeremos en el condominio o en la entrada del resort m\u00e1s cercano. Configuramos Recoger contactando con nosotros por Whatsapp.<\/p>\n<p><strong>Pozn\u00e1mka:<\/strong> Si realiza la reserva dentro de las 24 horas de la hora de salida del tour \/ excursi\u00f3n, podemos organizar la recogida en el hotel. Una vez que se complete su compra, le enviaremos informaci\u00f3n de contacto completa (n\u00famero de tel\u00e9fono, direcci\u00f3n de correo electr\u00f3nico, etc.) para que nuestro gu\u00eda tur\u00edstico local organice los arreglos de recogida.<\/p>\n<h3><em>Potvrzen\u00ed dal\u0161\u00edch informac\u00ed<\/em><\/h3>\n<ol>\n<li>Vstupenky jsou stvrzenkou po zaplacen\u00ed t\u00e9to prohl\u00eddky. Platbu m\u016f\u017eete uk\u00e1zat na sv\u00e9m telefonu.<\/li>\n<li>M\u00edsto setk\u00e1n\u00ed obdr\u017e\u00edte po proveden\u00ed rezervace.<\/li>\n<li>D\u011bti mus\u00ed b\u00fdt v doprovodu dosp\u011bl\u00e9 osoby.<\/li>\n<li>Acesible para sillas de ruedas<\/li>\n<li>Kojenci by m\u011bli sed\u011bt na kl\u00edn\u011b<\/li>\n<li>\u00da\u010dastnit se m\u016f\u017ee v\u011bt\u0161ina cestovatel\u016f.<\/li>\n<\/ol>\n<h3><em>Storno podm\u00ednky<\/em><\/h3>\n<p>Chcete-li z\u00edskat plnou n\u00e1hradu, zru\u0161te alespo\u0148 24 hodin p\u0159ed datem zah\u00e1jen\u00ed z\u00e1\u017eitku.<\/p>\n\n\t\t<\/div>\n\t<\/div>\n<\/div><\/div><\/div><\/div><div class=\"vc_row wpb_row vc_row-fluid\" ><div class=\"wpb_column vc_column_container vc_col-sm-12\"><div class=\"vc_column-inner\"><div class=\"wpb_wrapper\"><div class=\"vc_empty_space\"   style=\"height: 32px\"><span class=\"vc_empty_space_inner\"><\/span><\/div>\n\t<div class=\"wpb_text_column wpb_content_element\" >\n\t\t<div class=\"wpb_wrapper\">\n\t\t\t<h3>Kontaktujte n\u00e1s<\/h3>\n<h5>Dobrodru\u017en\u00e1 rezervace<\/h5>\n<p><em>Pr\u016fvodci <strong>m\u00edstn\u00ed<\/strong> y <strong>n\u00e1rodn\u00ed<\/strong> a slu\u017eby pro hosty<\/em><\/p>\n<p>Rezervace: Prohl\u00eddky a exkurze v Dom.<\/p>\n<p>Tel \/ Whatsapp + 1-809-720-6035.<\/p>\n<p>info@bookingadventures.com.do<\/p>\n<p>Jsme flexibiln\u00ed Nastaven\u00ed soukrom\u00fdch prohl\u00eddek podle<strong>\u00a0WhatsApp: <a href=\"tel:+18097206035\">+18097206035.<\/a><\/strong><\/p>\n\n\t\t<\/div>\n\t<\/div>\n<div class=\"vc_empty_space\"   style=\"height: 32px\"><span class=\"vc_empty_space_inner\"><\/span><\/div>\n\t<div class=\"wpb_video_widget wpb_content_element vc_clearfix   vc_video-aspect-ratio-169 vc_video-el-width-100 vc_video-align-left\" >\n\t\t<div class=\"wpb_wrapper\">\n\t\t\t<h2 class=\"wpb_heading wpb_video_heading\">Video v\u00fdlety a exkurze na ostrov Saona:<\/h2>\n\t\t\t<div class=\"wpb_video_wrapper\"><iframe loading=\"lazy\" title=\"Ostrov Saola Cel\u00fd den od Booking Adventures, cestov\u00e1n\u00ed Dominik\u00e1nsk\u00e1 republika\" width=\"1100\" height=\"619\" src=\"https:\/\/www.youtube.com\/embed\/sas91N4zMHo?feature=oembed\" frameborder=\"0\" allow=\"accelerometer; autoplay; encrypted-media; gyroscope; picture-in-picture\" allowfullscreen><\/iframe><\/div>\n\t\t<\/div>\n\t<\/div>\n<div class=\"vc_empty_space\"   style=\"height: 32px\"><span class=\"vc_empty_space_inner\"><\/span><\/div><\/div><\/div><\/div><\/div><div class=\"vc_row wpb_row vc_row-fluid\" ><div class=\"wpb_column vc_column_container vc_col-sm-12\"><div class=\"vc_column-inner\"><div class=\"wpb_wrapper\"><\/div><\/div><\/div><\/div>","protected":false},"excerpt":{"rendered":"<p>Un pasa d\u00eda a la isla Saona desde el puerto de Bayahibe. Almuerzo y piscinas naturales incluidas. En caso de necesidad traslado desde cualquier parte de la Rep\u00fablica Dominicana. Solo cont\u00e1ctenos y tengamos la mejor experiencia en la Isla Saona.<\/p>\n<p><strong>Vyberte si pros\u00edm datum prohl\u00eddky:<\/strong><\/p>","protected":false},"featured_media":159,"template":"","meta":[],"product_brand":[],"product_cat":[227,164,122,443],"product_tag":[165,166,167,168,169,141,228,170,229,171,172,173,230,231,174,175],"class_list":{"0":"post-10912","1":"product","2":"type-product","3":"status-publish","4":"has-post-thumbnail","6":"product_cat-saona-island","7":"product_cat-saona-island-tour-excursion","8":"product_cat-tours-and-excursions","9":"product_cat-tours-y-excursiones-es","10":"product_tag-all-inclusive-trip-to-saona-island-by-speedboat-catamaran","11":"product_tag-bayahibe","12":"product_tag-catamaran","13":"product_tag-how-to-get-to-saona-island","14":"product_tag-isla-saona","15":"product_tag-punta-cana","16":"product_tag-punta-cana-tours","17":"product_tag-saona","18":"product_tag-saona-from-punta-cana","19":"product_tag-saona-island","20":"product_tag-saona-island-excursion","21":"product_tag-saona-island-hotels","22":"product_tag-saona-island-natural-pool","23":"product_tag-saona-island-private-tour","24":"product_tag-saona-island-snorkeling","25":"product_tag-saona-island-tour","27":"first","28":"instock","29":"sale","30":"featured","31":"sold-individually","32":"shipping-taxable","33":"product-type-external"},"_links":{"self":[{"href":"https:\/\/visitaloshaitises.com\/cs\/wp-json\/wp\/v2\/product\/10912","targetHints":{"allow":["GET"]}}],"collection":[{"href":"https:\/\/visitaloshaitises.com\/cs\/wp-json\/wp\/v2\/product"}],"about":[{"href":"https:\/\/visitaloshaitises.com\/cs\/wp-json\/wp\/v2\/types\/product"}],"wp:featuredmedia":[{"embeddable":true,"href":"https:\/\/visitaloshaitises.com\/cs\/wp-json\/wp\/v2\/media\/159"}],"wp:attachment":[{"href":"https:\/\/visitaloshaitises.com\/cs\/wp-json\/wp\/v2\/media?parent=10912"}],"wp:term":[{"taxonomy":"product_brand","embeddable":true,"href":"https:\/\/visitaloshaitises.com\/cs\/wp-json\/wp\/v2\/product_brand?post=10912"},{"taxonomy":"product_cat","embeddable":true,"href":"https:\/\/visitaloshaitises.com\/cs\/wp-json\/wp\/v2\/product_cat?post=10912"},{"taxonomy":"product_tag","embeddable":true,"href":"https:\/\/visitaloshaitises.com\/cs\/wp-json\/wp\/v2\/product_tag?post=10912"}],"curies":[{"name":"wp","href":"https:\/\/api.w.org\/{rel}","templated":true}]}}