{"id":605,"date":"2020-07-10T08:10:36","date_gmt":"2020-07-10T08:10:36","guid":{"rendered":"https:\/\/haitises.com\/?post_type=product&#038;p=605"},"modified":"2024-04-16T15:20:46","modified_gmt":"2024-04-16T15:20:46","slug":"excursion-parque-nacional-los-haitises","status":"publish","type":"product","link":"https:\/\/visitaloshaitises.com\/ceb\/private\/excursion-parque-nacional-los-haitises\/","title":{"rendered":"Ekskursiyon sa Los Haitises National Park"},"content":{"rendered":"<div class=\"vc_row wpb_row vc_row-fluid\" ><div class=\"wpb_column vc_column_container vc_col-sm-12\"><div class=\"vc_column-inner\"><div class=\"wpb_wrapper\"><div class=\"mkdf-section-title-holder\" style=\"text-align: left\">\n\t<div class=\"mkdf-st-inner\">\n\t\t\t\t\t<h5 class=\"mkdf-st-subtitle\" >\n\t\t\t\tNormal nga tour sa Haitises\t\t\t<\/h5>\n\t\t\t\t\t\t\t<\/div>\n<\/div><\/div><\/div><\/div><\/div><div class=\"vc_row wpb_row vc_row-fluid\" ><div class=\"wpb_column vc_column_container vc_col-sm-12\"><div class=\"vc_column-inner\"><div class=\"wpb_wrapper\">\n\t<div class=\"wpb_text_column wpb_content_element\" >\n\t\t<div class=\"wpb_wrapper\">\n\t\t\t<h2>Excursion Parque Nacional Los Haitises Desde Sabana de la Mar o Hotel Cano Hondo.<\/h2>\n<h3>Deskripsyon<\/h3>\n<p>Un viaje privado normal al <strong>Mga dapit nga gitawag Los Haitises National Park sa Estados Unidos<\/strong>. Ven con nosotros y visita el parque nacional m\u00e1s hermoso de la Rep\u00fablica Dominicana, visitando manglares, cuevas y la bah\u00eda de San Lorenzo. Esta experiencia puede comenzar desde la comunidad de<strong> Savannah sa Dagat<\/strong> aprendiendo sobre esta historia de Sabana de la Mar. Adem\u00e1s, comenzamos este viaje desde el puerto de <strong>Ca\u00f1o Hondo.<\/strong><\/p>\n<ul>\n<li>Giapil ang mga buhis<\/li>\n<li>Ang giya naghatag ug instruksyon ug pagdumala.<\/li>\n<li>Ang paniudto dili apil sa paniudto sa Ca\u00f1o Hondo Pilia kini nga tour: Los Haitises Plus Ca\u00f1o Hondo.<\/li>\n<\/ul>\n<h3>Mga inklusyon ug mga dili apil<\/h3>\n<h4>Mga inklusyon<\/h4>\n<ol>\n<li>Los Haitises Tour + Mga Langob ug Pictographs<\/li>\n<li>Tanan nga buhis, bayranan ug bayad sa pagdumala.<\/li>\n<li>Lokal nga buhis<\/li>\n<li>Ang tanan nga mga kalihokan<\/li>\n<li>Lokal nga giya<\/li>\n<\/ol>\n<h4>Mga eksklusyon<\/h4>\n<ol>\n<li>Mga tip<\/li>\n<li>Ang paniudto dili apil sa paniudto sa Ca\u00f1o Hondo Pilia kini nga tour: Los Haitises Plus Ca\u00f1o Hondo.<\/li>\n<li>Transportasyon<\/li>\n<li>Mga ilimnon nga makahubog<\/li>\n<\/ol>\n<h3><em>Pagbiya ug pagbalik<\/em><\/h3>\n<p>Makakuha ang magpapanaw og meeting point pagkahuman sa proseso sa booking. Ang mga paglibot magsugod ug matapos sa among mga tigomanan.<\/p>\n<h2><em>Unsay mapaabot?<\/em><\/h2>\n<p>Kuhaa ang imong mga tiket sa pagbisita sa Los Haitises National Park nga adunay mga Caves, Mangroves ug San Lorenzo Bay.<\/p>\n<p>Ang labing ubos nga presyo sa pagbisita sa Los Haitises National Park gikan sa Sabana de la Mar o Ca\u00f1o Hondo nga mga hotel nga adunay mga lokal nga giya. Ang biyahe magsugod sa nag-unang pantalan sa Los Haitises National Park. Kini nga biyahe magsugod sa 10:00 am uban sa usa ka lokal nga tour guide kinsa nahibalo sa orihinal nga istorya mahitungod sa maanindot nga National Park.<\/p>\n<p>Unya magsugod mi gikan sa pangunang dunggoanan sa Los Haitises National Park, nga gitawag ug Ca\u00f1o Hondo (Deep Creek) sakay sa BANGKA nga dunay mga life jacket. Malingaw mi sa red mangrove forest hangtod makaabot mi sa San Lorenzo Bay. Gamay nga luok sa Saman\u00e1 Bay. Ug ania na! Ang unang butang nga imong makita mao ang koleksyon sa usa ka dako nga limestone nga isla sa bukid nga gitawag og Mogotes. Sa ibabaw nila labaw pa sa 700 nga mga espisye sa mga tanum ug daghang mga langgam sa kalamakan nga naglupadlupad. Sa ulahi mibisita sa mga langob nga adunay mga pictograph sa atong mga lumad nga komunidad 750 ka tuig na ang milabay.<\/p>\n<p>Agi sa mga bakhaw ug yuta sa hawan nga San Lorenzo Bay, gikan diin mahimo nimong kuhaan og litrato ang bastos nga talan-awon sa lasang. Tan-aw sa tubig aron makita ang mga manatee, crustacean ug dolphin.<\/p>\n<h2><span class=\"fs13lh1-5\"><b>Parque nacional los haitises Ubicacion:<\/b><\/span><\/h2>\n<p>Siya\u00a0<span class=\"fs13lh1-5\"><b>Parque nacional los haitises<\/b><\/span> de encuentra en <span class=\"fs13lh1-5\"><b>Sabana de la mar<\/b><\/span>, y zona del noroeste esta ubicado el\u00a0<span class=\"fs13lh1-5\"><b>parque nacional los Haitises<\/b><\/span>, fue utilizado en la epoca por\u00a0<span class=\"fs13lh1-5\"><b>refugio indigena<\/b><\/span>, con diversa especies de aves y arboles naturales,\u00a0<span class=\"fs13lh1-5\"><b>Cascada y manglares<\/b><\/span>.<\/p>\n<p>Cuando quiera ver qu\u00e9 es un verdadero para\u00edso natural, no busque m\u00e1s all\u00e1 del Parque Nacional Los Haitises. Este singular ecosistema abarca m\u00e1s de 2,000 millas de lluvia, manglares y playas aisladas entrelazadas en la l\u00ednea costera.<\/p>\n<p><span class=\"fs13lh1-5\"><b>Ang mga Haitian<\/b><\/span>\u00a0es el hogar de m\u00e1s de\u00a0<span class=\"fs13lh1-5\"><b>131 especies de aves<\/b><\/span>, incluyendo el raro <span class=\"fs13lh1-5\"><b>Gavilan de la Hispaniola<\/b><\/span>. La l\u00ednea costera est\u00e1 llena de cuevas donde los indios ta\u00ednos locales viv\u00edan y decoraban con pictograf\u00edas y pinturas que a\u00fan se pueden ver. Descubra tambi\u00e9n\u00a0<span class=\"fs13lh1-5\"><b>los manglares<\/b><\/span>\u00a0que adornan la belleza natural de este para\u00edso tropical, dando al paisaje una sensaci\u00f3n incre\u00edble de otra \u00e9poca.<\/p>\n<p>Venga y disfrute de un d\u00eda sin igual en un lugar completamente reservado para usted y sus acompa\u00f1antes en esta isla inolvidable. Partiendo de nuestro muelle privado en Cano Hondo, Sabana de la mar, lo transportaremos en nuestros barcos c\u00f3modos, r\u00e1pidos y seguros y navegaremos hacia el <span class=\"fs13lh1-5\"><b>Mga dapit nga gitawag Los Haitises National Park sa Estados Unidos<\/b><\/span>, designado\u00a0<span class=\"fs13lh1-5\"><b>Reserva de la Biosfera por la UNESCO<\/b><\/span>.<\/p>\n<p><span class=\"fs13lh1-5\"><b>Excursiones al Parque Nacional Los Haitises en Sabana de la mar,<\/b><\/span> Rep\u00fablica Dominicana. Durante el viaje tambi\u00e9n visitaremos varias cuevas naturales conocidas como , \u00ab<span class=\"fs13lh1-5\"><b>La L\u00ednea<\/b><\/span>\u00ab, y \u00ab<span class=\"fs13lh1-5\"><b>La Arena<\/b><\/span>\u00bb donde encontrar\u00e1s\u00a0<span class=\"fs13lh1-5\"><b>arte ind\u00edgena<\/b><\/span>\u00a0pintado en las paredes de la cueva y dejate imaginar los muchos actividades que se llevaron a cabo en esas cuevas a lo largo de los a\u00f1os.<\/p>\n<h3><em>Unsay angay nimong dad-on?<\/em><\/h3>\n<ul>\n<li>Camera<\/li>\n<li>Mga repellent<\/li>\n<li>sunscreen<\/li>\n<li>kalo<\/li>\n<li>Komportable nga pantalon<\/li>\n<li>Mga sapatos sa pagbaktas sa lasang<\/li>\n<li>Mga sandalyas sa mga dapit sa tingpamulak.<\/li>\n<li>Swimsuit<\/li>\n<\/ul>\n<h3><em>Pagkuha sa hotel<\/em><\/h3>\n<p>Gitanyag ang pagkuha sa hotel kung naa ka sa Paraiso Ca\u00f1o Hondo o Altos Ca\u00f1o Hondo Hotel. Ang among meeting point 5-minutos nga lakaw gikan sa maong mga hotel.<\/p>\n<p><strong>Nota<\/strong>- Kung nag-book ka sulod sa 24 oras sa oras sa pag-alis sa tour\/excursion, mahimo namon nga hikayon ang pagkuha sa hotel nga adunay dugang nga bayad kung wala ka sa mga hotel sa Ca\u00f1o Hondo. Kung kompleto na ang imong pagpalit, padalhan ka namo og kompletong impormasyon sa pagkontak (numero sa telepono, email address, ug uban pa) para sa among lokal nga tour guide aron mahikay ang mga kahikayan sa pickup.<\/p>\n<h3><em>Pagkumpirma sa dugang nga impormasyon<\/em><\/h3>\n<ul>\n<li>Ang mga tiket mao ang Resibo human sa pagbayad niini nga Tour. Mahimo nimong ipakita ang bayad sa imong telepono.<\/li>\n<li>Madawat ang meeting point pagkahuman sa proseso sa pagpareserba.<\/li>\n<li>Ang mga bata kinahanglan nga ubanan sa usa ka hamtong.<\/li>\n<li>Dili accessible sa wheelchair<\/li>\n<li>Ang mga masuso kinahanglan nga molingkod sa usa ka lingkuranan sa bata o uban sa usa ka hamtong<\/li>\n<li>Dili girekomenda alang sa mga biyahero nga adunay mga problema sa likod.<\/li>\n<li>Dili girekomenda alang sa mga mabdos nga babaye.<\/li>\n<li>Walay mga problema sa kasingkasing o uban pang seryoso nga medikal nga kondisyon.<\/li>\n<li>Kadaghanan sa mga magpapanaw makaapil.<\/li>\n<\/ul>\n<h3><em>Polisiya sa pagkansela<\/em><\/h3>\n<p>Alang sa bug-os nga refund, kanselaha ang labing menos 24 ka oras sa wala pa ang petsa sa pagsugod sa kasinatian.<\/p>\n<h3><em>Kontaka mi?<\/em><\/h3>\n<p><strong>Mga Adventure sa Pag-book<\/strong><br \/>\nLokal ug nasyonal nga mga giya sa tour ug mga serbisyo sa bisita<\/p>\n<p>Mga Reserbasyon: Mga Paglibot ug Ekskursiyon sa Dom. Reps.<\/p>\n<p>\ud83d\udcde Tel\/Whatsapp +1-809-720-6035.<\/p>\n<p>\ud83d\udce9 info@bookingadventures.com.do<\/p>\n<p>Nag-organisar kami og mga pribadong tour nga adunay flexible configuration pinaagi sa Whatsapp: +18097206035.<\/p>\n<div id=\"gtx-trans\" style=\"position: absolute; left: 522px; top: 492.8px;\">\n<div class=\"gtx-trans-icon\"><\/div>\n<\/div>\n\n\t\t<\/div>\n\t<\/div>\n<div class=\"vc_empty_space\"   style=\"height: 32px\"><span class=\"vc_empty_space_inner\"><\/span><\/div><\/div><\/div><\/div><\/div><div class=\"vc_row wpb_row vc_row-fluid\" ><div class=\"wpb_column vc_column_container vc_col-sm-12\"><div class=\"vc_column-inner\"><div class=\"wpb_wrapper\"><div class=\"woocommerce columns-4\"><ul class=\"products columns-4\">\n<li class=\"product type-product post-543 status-publish first instock product_cat-mangroves product_cat-manglares product_cat-parque-nacional-los-haitises-samana product_cat-tours-y-excursiones-es product_tag-los-haitises product_tag-los-haitises-national-park product_tag-parque-nacional-los-haitises-samana product_tag-samana product_tag-samana-excursions product_tag-samana-tours has-post-thumbnail sale sold-individually shipping-taxable product-type-external\">\n\t<div class=\"mkdf-pl-inner\"><div class=\"mkdf-pl-image\">\n\t<span class=\"mkdf-onsale\">SALE<\/span>\n\t<img loading=\"lazy\" decoding=\"async\" width=\"300\" height=\"300\" src=\"https:\/\/visitaloshaitises.com\/wp-content\/uploads\/2020\/06\/BeFunky-collage-300x300.jpg\" class=\"attachment-woocommerce_thumbnail size-woocommerce_thumbnail\" alt=\"Los Haitises National Park gikan sa pantalan sa Saman\u00e1\" srcset=\"https:\/\/visitaloshaitises.com\/wp-content\/uploads\/2020\/06\/BeFunky-collage-300x300.jpg 300w, https:\/\/visitaloshaitises.com\/wp-content\/uploads\/2020\/06\/BeFunky-collage-100x100.jpg 100w, https:\/\/visitaloshaitises.com\/wp-content\/uploads\/2020\/06\/BeFunky-collage-600x600.jpg 600w, https:\/\/visitaloshaitises.com\/wp-content\/uploads\/2020\/06\/BeFunky-collage-64x64.jpg 64w, https:\/\/visitaloshaitises.com\/wp-content\/uploads\/2020\/06\/BeFunky-collage-1024x1024.jpg 1024w, https:\/\/visitaloshaitises.com\/wp-content\/uploads\/2020\/06\/BeFunky-collage-150x150.jpg 150w, https:\/\/visitaloshaitises.com\/wp-content\/uploads\/2020\/06\/BeFunky-collage-768x768.jpg 768w, https:\/\/visitaloshaitises.com\/wp-content\/uploads\/2020\/06\/BeFunky-collage-1536x1536.jpg 1536w, https:\/\/visitaloshaitises.com\/wp-content\/uploads\/2020\/06\/BeFunky-collage-550x550.jpg 550w, https:\/\/visitaloshaitises.com\/wp-content\/uploads\/2020\/06\/BeFunky-collage-1100x1100.jpg 1100w\" sizes=\"auto, (max-width: 300px) 100vw, 300px\" \/><div class=\"mkdf-pl-text\"><div class=\"mkdf-pl-text-outer\"><div class=\"mkdf-pl-text-inner\"><a href=\"https:\/\/bookingadventures.tours\/booking.php?tour_id=cd01687b47db9fe0c95acae017fc39c6\" aria-describedby=\"woocommerce_loop_add_to_cart_link_describedby_543\" data-quantity=\"1\" class=\"button product_type_external\" data-product_id=\"543\" data-product_sku=\"\" aria-label=\"PAGPALIT ug TICKET\" rel=\"nofollow noopener\" target=\"_blank\">PAGPALIT ug TICKET<\/a>\t<span id=\"woocommerce_loop_add_to_cart_link_describedby_543\" class=\"screen-reader-text\">\n\t\t\t<\/span>\n<\/div><\/div><\/div><\/div><a href=\"https:\/\/visitaloshaitises.com\/ceb\/private\/parque-nacional-los-haitises-desde-el-puerto-de-samana\/\" class=\"woocommerce-LoopProduct-link woocommerce-loop-product__link\"><\/a><\/div><div class=\"mkdf-pl-text-wrapper\"><h4 class=\"mkdf-product-list-title\"><a href=\"https:\/\/visitaloshaitises.com\/ceb\/private\/parque-nacional-los-haitises-desde-el-puerto-de-samana\/\">Los Haitises National Park gikan sa pantalan sa Saman\u00e1<\/a><\/h4>\n\t<span class=\"price\"><del aria-hidden=\"true\"><span class=\"woocommerce-Price-amount amount\"><bdi><span class=\"woocommerce-Price-currencySymbol\">&#36;<\/span>75.00<\/bdi><\/span><\/del> <span class=\"screen-reader-text\" data-no-translation=\"\" data-trp-gettext=\"\">Original price was: &#036;75.00.<\/span><ins aria-hidden=\"true\"><span class=\"woocommerce-Price-amount amount\"><bdi><span class=\"woocommerce-Price-currencySymbol\">&#36;<\/span>60.00<\/bdi><\/span><\/ins><span class=\"screen-reader-text\" data-no-translation=\"\" data-trp-gettext=\"\">Current price is: &#036;60.00.<\/span><\/span>\n<\/div><\/li><li class=\"product type-product post-548 status-publish instock product_cat-day-trips product_cat-hiking product_cat-tours-y-excursiones-es product_cat-tours-excursions-los-haitises-national-park product_cat-tours-excursions-samana-bay-dominican-republic product_tag-cano-hondo-sabana-de-la-mar product_tag-caves-los-haitises product_tag-eco-tours product_tag-excursion product_tag-hike-kayak product_tag-hike-kayak-los-haitises-national-park product_tag-hiking-los-haitises product_tag-hiking-sabana-de-la-mar product_tag-hiking-samana product_tag-kayak-tour product_tag-kayaking product_tag-kayaking-los-haitises product_tag-los-haitises-national-park product_tag-los-haitises-national-park-entrance-fee product_tag-los-haitises-national-park-tour-from-las-terrenas product_tag-los-haitises-national-park-tour-from-santo-domingo product_tag-los-haitises-national-park-weather product_tag-los-haitises-sabana-de-la-mar product_tag-sabana-de-la-mar product_tag-sabana-de-la-mar-tour product_tag-samana-excursions product_tag-samana-tours product_tag-secrets-of-los-haitises has-post-thumbnail sale sold-individually shipping-taxable product-type-external\">\n\t<div class=\"mkdf-pl-inner\"><div class=\"mkdf-pl-image\">\n\t<span class=\"mkdf-onsale\">SALE<\/span>\n\t<img loading=\"lazy\" decoding=\"async\" width=\"300\" height=\"300\" src=\"https:\/\/visitaloshaitises.com\/wp-content\/uploads\/2020\/06\/hiking-los-haitises-45-300x300.jpg\" class=\"attachment-woocommerce_thumbnail size-woocommerce_thumbnail\" alt=\"Los Haitises National Park Kayak ug Hiking excursion\" srcset=\"https:\/\/visitaloshaitises.com\/wp-content\/uploads\/2020\/06\/hiking-los-haitises-45-300x300.jpg 300w, https:\/\/visitaloshaitises.com\/wp-content\/uploads\/2020\/06\/hiking-los-haitises-45-100x100.jpg 100w, https:\/\/visitaloshaitises.com\/wp-content\/uploads\/2020\/06\/hiking-los-haitises-45-150x150.jpg 150w\" sizes=\"auto, (max-width: 300px) 100vw, 300px\" \/><div class=\"mkdf-pl-text\"><div class=\"mkdf-pl-text-outer\"><div class=\"mkdf-pl-text-inner\"><a href=\"https:\/\/bookingadventures.tours\/booking.php?slug=Hike__Kayaking_Los_Haitises\" aria-describedby=\"woocommerce_loop_add_to_cart_link_describedby_548\" data-quantity=\"1\" class=\"button product_type_external\" data-product_id=\"548\" data-product_sku=\"\" aria-label=\"PAGPALIT ug TICKET\" rel=\"nofollow noopener\" target=\"_blank\">PAGPALIT ug TICKET<\/a>\t<span id=\"woocommerce_loop_add_to_cart_link_describedby_548\" class=\"screen-reader-text\">\n\t\t\t<\/span>\n<\/div><\/div><\/div><\/div><a href=\"https:\/\/visitaloshaitises.com\/ceb\/private\/parque-nacional-los-haitises-excursion-de-kayak-y-senderismo\/\" class=\"woocommerce-LoopProduct-link woocommerce-loop-product__link\"><\/a><\/div><div class=\"mkdf-pl-text-wrapper\"><h4 class=\"mkdf-product-list-title\"><a href=\"https:\/\/visitaloshaitises.com\/ceb\/private\/parque-nacional-los-haitises-excursion-de-kayak-y-senderismo\/\">Los Haitises National Park Kayak ug Hiking excursion<\/a><\/h4>\n\t<span class=\"price\"><del aria-hidden=\"true\"><span class=\"woocommerce-Price-amount amount\"><bdi><span class=\"woocommerce-Price-currencySymbol\">&#36;<\/span>75.00<\/bdi><\/span><\/del> <span class=\"screen-reader-text\" data-no-translation=\"\" data-trp-gettext=\"\">Original price was: &#036;75.00.<\/span><ins aria-hidden=\"true\"><span class=\"woocommerce-Price-amount amount\"><bdi><span class=\"woocommerce-Price-currencySymbol\">&#36;<\/span>67.00<\/bdi><\/span><\/ins><span class=\"screen-reader-text\" data-no-translation=\"\" data-trp-gettext=\"\">Current price is: &#036;67.00.<\/span><\/span>\n<\/div><\/li><li class=\"product type-product post-546 status-publish instock product_cat-excursiones-privadas product_cat-tours-y-excursiones-es product_tag-beach-time product_tag-el-rincon-beach product_tag-playa-el-rincon product_tag-samana product_tag-samana-bay product_tag-samana-excursions product_tag-samana-tours has-post-thumbnail sale sold-individually shipping-taxable product-type-external\">\n\t<div class=\"mkdf-pl-inner\"><div class=\"mkdf-pl-image\">\n\t<span class=\"mkdf-onsale\">SALE<\/span>\n\t<img loading=\"lazy\" decoding=\"async\" width=\"300\" height=\"300\" src=\"https:\/\/visitaloshaitises.com\/wp-content\/uploads\/2020\/06\/El-Rincon-booking-adventures-300x300.jpg\" class=\"attachment-woocommerce_thumbnail size-woocommerce_thumbnail\" alt=\"Los Haitises National Park ug Rinc\u00f3n Beach\" srcset=\"https:\/\/visitaloshaitises.com\/wp-content\/uploads\/2020\/06\/El-Rincon-booking-adventures-300x300.jpg 300w, https:\/\/visitaloshaitises.com\/wp-content\/uploads\/2020\/06\/El-Rincon-booking-adventures-100x100.jpg 100w, https:\/\/visitaloshaitises.com\/wp-content\/uploads\/2020\/06\/El-Rincon-booking-adventures-150x150.jpg 150w, https:\/\/visitaloshaitises.com\/wp-content\/uploads\/2020\/06\/El-Rincon-booking-adventures-550x550.jpg 550w\" sizes=\"auto, (max-width: 300px) 100vw, 300px\" \/><div class=\"mkdf-pl-text\"><div class=\"mkdf-pl-text-outer\"><div class=\"mkdf-pl-text-inner\"><a href=\"https:\/\/bookingadventures.tours\/booking.php?slug=Los_Haitises_National_Park__Playa_el_Rincon_beach\" aria-describedby=\"woocommerce_loop_add_to_cart_link_describedby_546\" data-quantity=\"1\" class=\"button product_type_external\" data-product_id=\"546\" data-product_sku=\"\" aria-label=\"PAGPALIT ug TICKET\" rel=\"nofollow noopener\" target=\"_blank\">PAGPALIT ug TICKET<\/a>\t<span id=\"woocommerce_loop_add_to_cart_link_describedby_546\" class=\"screen-reader-text\">\n\t\t\t<\/span>\n<\/div><\/div><\/div><\/div><a href=\"https:\/\/visitaloshaitises.com\/ceb\/private\/parque-nacional-los-haitises-y-playa-rincon\/\" class=\"woocommerce-LoopProduct-link woocommerce-loop-product__link\"><\/a><\/div><div class=\"mkdf-pl-text-wrapper\"><h4 class=\"mkdf-product-list-title\"><a href=\"https:\/\/visitaloshaitises.com\/ceb\/private\/parque-nacional-los-haitises-y-playa-rincon\/\">Los Haitises National Park ug Rinc\u00f3n Beach<\/a><\/h4>\n\t<span class=\"price\"><del aria-hidden=\"true\"><span class=\"woocommerce-Price-amount amount\"><bdi><span class=\"woocommerce-Price-currencySymbol\">&#36;<\/span>99.99<\/bdi><\/span><\/del> <span class=\"screen-reader-text\" data-no-translation=\"\" data-trp-gettext=\"\">Original price was: &#036;99.99.<\/span><ins aria-hidden=\"true\"><span class=\"woocommerce-Price-amount amount\"><bdi><span class=\"woocommerce-Price-currencySymbol\">&#36;<\/span>89.99<\/bdi><\/span><\/ins><span class=\"screen-reader-text\" data-no-translation=\"\" data-trp-gettext=\"\">Current price is: &#036;89.99.<\/span><\/span>\n<\/div><\/li><\/ul>\n<\/div><\/div><\/div><\/div><\/div>","protected":false},"excerpt":{"rendered":"<p>El precio m\u00e1s economico para visitar el <strong>Mga dapit nga gitawag Los Haitises National Park sa Estados Unidos<\/strong> desde Sabana de la Mar o los hoteles de <strong>Ca\u00f1o Hondo<\/strong> con gu\u00edas Locales. El viaje comienza en el puerto principal del Parque Nacional Los Haitises. Este viaje comienza a las 10:00 a.m.con un gu\u00eda tur\u00edstico local que conoce la historia original sobre el magn\u00edfico Parque Nacional.<\/p>\n<p>Despu\u00e9s comenzamos desde el puerto principal del <strong>Mga dapit nga gitawag Los Haitises National Park sa Estados Unidos<\/strong>, nombre Ca\u00f1o Hondo (Deep Creek) en un BARCO con chalecos salvavidas. Disfrutaremos del bosque de manglares rojos hasta llegar a la bah\u00eda de San Lorenzo, una peque\u00f1a bah\u00eda en la bah\u00eda de Saman\u00e1. \u00a1Y aqu\u00ed vamos! Lo primero que puedes ver es la colecci\u00f3n de una enorme isla de monta\u00f1a de piedra caliza llamada Mogotes. Adem\u00e1s de ellos, m\u00e1s de 700 especies de plantas y muchas aves de humedales vuelan alrededor. M\u00e1s tarde visitando cuevas con pictograf\u00edas de nuestras comunidades ind\u00edgenas hace 750 a\u00f1os.<\/p>\n<p><strong>Palihug pilia ang petsa para sa Tour\u00a0<\/strong><\/p>\n<div id=\"gtx-trans\" style=\"position: absolute; left: 541px; top: 116.2px;\">\n<div class=\"gtx-trans-icon\"><\/div>\n<\/div>","protected":false},"featured_media":81,"template":"","meta":[],"product_brand":[],"product_cat":[119,120,98,121,99,122,443,123,124],"product_tag":[125,126,127,128,129,130,442,131,132,133,134,114],"class_list":{"0":"post-605","1":"product","2":"type-product","3":"status-publish","4":"has-post-thumbnail","6":"product_cat-caves","7":"product_cat-fees-entrace","8":"product_cat-local-tour-guides","9":"product_cat-mangroves","10":"product_cat-swimming-natural-springs","11":"product_cat-tours-and-excursions","12":"product_cat-tours-y-excursiones-es","13":"product_cat-tours-excursions-los-haitises-national-park","14":"product_cat-tours-excursions-samana-bay-dominican-republic","15":"product_tag-boat-tour","16":"product_tag-cano-hondo","17":"product_tag-cano-hondo-hotel","18":"product_tag-cano-hondo-tours","19":"product_tag-eco-tours","20":"product_tag-excursion","21":"product_tag-excursion-los-haitises","22":"product_tag-locals-guides","23":"product_tag-los-haitises","24":"product_tag-los-haitises-national-park","25":"product_tag-los-haitises-national-park-tour","26":"product_tag-sabana-de-la-mar","28":"first","29":"instock","30":"sale","31":"sold-individually","32":"shipping-taxable","33":"product-type-external"},"_links":{"self":[{"href":"https:\/\/visitaloshaitises.com\/ceb\/wp-json\/wp\/v2\/product\/605","targetHints":{"allow":["GET"]}}],"collection":[{"href":"https:\/\/visitaloshaitises.com\/ceb\/wp-json\/wp\/v2\/product"}],"about":[{"href":"https:\/\/visitaloshaitises.com\/ceb\/wp-json\/wp\/v2\/types\/product"}],"wp:featuredmedia":[{"embeddable":true,"href":"https:\/\/visitaloshaitises.com\/ceb\/wp-json\/wp\/v2\/media\/81"}],"wp:attachment":[{"href":"https:\/\/visitaloshaitises.com\/ceb\/wp-json\/wp\/v2\/media?parent=605"}],"wp:term":[{"taxonomy":"product_brand","embeddable":true,"href":"https:\/\/visitaloshaitises.com\/ceb\/wp-json\/wp\/v2\/product_brand?post=605"},{"taxonomy":"product_cat","embeddable":true,"href":"https:\/\/visitaloshaitises.com\/ceb\/wp-json\/wp\/v2\/product_cat?post=605"},{"taxonomy":"product_tag","embeddable":true,"href":"https:\/\/visitaloshaitises.com\/ceb\/wp-json\/wp\/v2\/product_tag?post=605"}],"curies":[{"name":"wp","href":"https:\/\/api.w.org\/{rel}","templated":true}]}}