{"id":565,"date":"2020-06-27T16:23:17","date_gmt":"2020-06-27T16:23:17","guid":{"rendered":"https:\/\/haitises.com\/?post_type=product&#038;p=565"},"modified":"2024-04-17T17:12:17","modified_gmt":"2024-04-17T17:12:17","slug":"excursion-a-los-27-charcos-de-damajagua","status":"publish","type":"product","link":"https:\/\/visitaloshaitises.com\/ca\/private\/excursion-a-los-27-charcos-de-damajagua\/","title":{"rendered":"Excursi\u00f3 als 27 Tolls de Damajagua"},"content":{"rendered":"<div class=\"vc_row wpb_row vc_row-fluid\" ><div class=\"wpb_column vc_column_container vc_col-sm-12\"><div class=\"vc_column-inner\"><div class=\"wpb_wrapper\">[mkdf_section_title subtitle_tag=\u00bb\u00bb subtitle=\u00bbAlmuerzo Inclu\u00eddo\u00bb]<\/div><\/div><\/div><\/div><div class=\"vc_row wpb_row vc_row-fluid\" ><div class=\"wpb_column vc_column_container vc_col-sm-12\"><div class=\"vc_column-inner\"><div class=\"wpb_wrapper\">\n\t<div class=\"wpb_text_column wpb_content_element\" >\n\t\t<div class=\"wpb_wrapper\">\n\t\t\t<h2>27 Cascadas de Damajagua Tour desde Puerto Plata. Excursi\u00f3n de medio d\u00eda.<\/h2>\n<h5>27 Charcos de Damajagua Excursi\u00f3n desde Puerto Plata. Tour de medio d\u00eda.<\/h5>\n<h3>Descripci\u00f3<\/h3>\n<p>Obtenga sus entradas para una excursi\u00f3n de medio d\u00eda aqu\u00ed en los 27 Charcos de Damajagua. Las entradas con almuerzo y excursi\u00f3n incluyen saltar y nadar en las cascadas m\u00e1s hermosas de la Rep\u00fablica Dominicana. Senderismo y nataci\u00f3n con equipo de seguridad para tener la mejor experiencia de su vida!<\/p>\n<p>Despu\u00e9s de esta experiencia, volver\u00e1 a la ubicaci\u00f3n donde se reunir\u00e1 con el gu\u00eda tur\u00edstico.<\/p>\n<ul>\n<li>Taxes incloses<\/li>\n<li>Dinar<\/li>\n<li>Aperitius<\/li>\n<li>Gu\u00eda de turismo local en ingl\u00e9s<\/li>\n<\/ul>\n<h3>Inclusions i exclusions<\/h3>\n<h4>Inclusions<\/h4>\n<ol>\n<li>27 cascadas de Damajagua<\/li>\n<li>Dinar<\/li>\n<li>Tots els impostos, tarifes i c\u00e0rrecs per maneig<\/li>\n<li>Impostos locals<\/li>\n<li>Begudes<\/li>\n<li>Aperitius<\/li>\n<li>Totes les activitats<\/li>\n<li>Guia local<\/li>\n<\/ol>\n<h4>Exclusions<\/h4>\n<ol>\n<li>Propines<\/li>\n<li>Transporte (establecido al contactarnos)<\/li>\n<li>Begudes alcoh\u00f2liques<\/li>\n<\/ol>\n<h3><em>Sortida i tornada<\/em><\/h3>\n<p>El viatger obtindr\u00e0 un punt de trobada despr\u00e9s del proc\u00e9s de reserva. Els recorreguts comencen i finalitzen als seus punts de trobada.<\/p>\n<p>27 Cascadas de Damajagua Tour desde Puerto Plata.<\/p>\n<h3><em>Qu\u00e8 esperar?<\/em><\/h3>\n<p>Descubra las aisladas cascadas de Damajagua, escondidas en las colinas del Corredor Norte de la Rep\u00fablica Dominicana, en esta excursi\u00f3n de un d\u00eda desde Puerto Plata. Explore las veintisiete ca\u00eddas v\u00edrgenes, que caen en cascada sobre la piedra caliza, con su gu\u00eda local. Obtenga una breve sesi\u00f3n informativa de seguridad, luego salte, nade y desl\u00edcese por toboganes naturales.<br \/>\nAlmuerzo y bebidas inclu\u00eddas. Una caminata moderada de 40 minutos cuesta arriba a trav\u00e9s de un hermoso paisaje selv\u00e1tico lo lleva a la cascada 12 o, si est\u00e1 en excelente estado f\u00edsico, elija caminar hasta la cima de las 27 cascadas (aproximadamente 70 minutos) y experimentarlo todo .<br \/>\nDe cualquier manera, tu verdadera diversi\u00f3n comienza cuando volvemos r\u00edo abajo y saltas, te deslizas y nadas a trav\u00e9s de una serie de espectaculares cascadas, ca\u00f1ones y piscinas azules, emergiendo con una sonrisa tonta en la cara y recuerdos incre\u00edbles para atesorar. Los recorridos incluyen saltos de hasta 25 pies (8 metros), pero no se preocupe, los grandes tienen otra forma de bajar si no quiere saltar.<br \/>\nDespu\u00e9s de una caminata de 15 minutos de regreso al campamento base y de ponerse ropa seca, disfrute de un delicioso y variado almuerzo buffet dominicano, que incluye cosas como pollo y cerdo a la parrilla, guisos, arroz, pasta y ensaladas.<br \/>\nSe incluyen bebidas locales de ron, gaseosas y agua (cerveza disponible pero no inclu\u00edda). Despu\u00e9s de la comida, desp\u00eddase de los gu\u00edas locales y su mejor experiencia se tendr\u00e1 en cuenta y fotos o videos para el resto de su vida.<\/p>\n<h3><em>Qu\u00e8 hauries de portar?<\/em><\/h3>\n<ul>\n<li>Cambra<\/li>\n<li>Repel\u00b7lents<\/li>\n<li>Crema solar<\/li>\n<li>Barret<\/li>\n<li>Pantalons c\u00f2modes<\/li>\n<li>Cal\u00e7at de senderisme per a bosc<\/li>\n<li>Sand\u00e0lies a les zones de primavera.<\/li>\n<li>Vestit de bany<\/li>\n<\/ul>\n<h3><em>Recollida a l&#039;hotel<\/em><\/h3>\n<p>No se ofrece la recogida en el hotel para este tour. Configuramos recogida contact\u00e1ndonos por Whatsapp +1 809-720-6035.<\/p>\n<p><strong>Nota<\/strong>: Si realiza la reserva dentro de las 24 horas de la hora de salida del tour \/ excursi\u00f3n, podemos organizar la recogida en el hotel con cargos adicionales. Una vez que se complete su compra, le enviaremos informaci\u00f3n de contacto completa (n\u00famero de tel\u00e9fono, direcci\u00f3n de correo electr\u00f3nico, etc.) para que nuestro gu\u00eda tur\u00edstico local organice los arreglos de recogida.<\/p>\n<h3><em>Confirmaci\u00f3 d&#039;informaci\u00f3 addicional<\/em><\/h3>\n<ul>\n<li>Les butlletes s\u00f3n el Rebut despr\u00e9s de pagar aquest Tour. Podeu mostrar el pagament al tel\u00e8fon.<\/li>\n<li>El punt de trobada es rebr\u00e0 despr\u00e9s del proc\u00e9s de reserva.<\/li>\n<li>Els infants han d&#039;estar acompanyats per un adult.<\/li>\n<li>No accessible per a cadires de rodes<\/li>\n<li>Els infants han de seure en un seient per a nadons o amb un adult<\/li>\n<li>No recomanat per a viatgers amb problemes d\u02bbesquena.<\/li>\n<li>No recomanat per a dones embarassades.<\/li>\n<li>Sense problemes card\u00edacs o altres afeccions m\u00e8diques greus.<\/li>\n<li>La majoria dels viatgers hi poden participar.<\/li>\n<\/ul>\n<h3><em>Pol\u00edtica de cancel\u00b7laci\u00f3<\/em><\/h3>\n<p>Para obtener un reembolso completo, cancele al menos 24 horas antes de la fecha de inicio de la experiencia. Los fondos se perder\u00e1n si la reserva se cancela el mismo d\u00eda del viaje.<\/p>\n\n\t\t<\/div>\n\t<\/div>\n<\/div><\/div><\/div><\/div><div class=\"vc_row wpb_row vc_row-fluid\" ><div class=\"wpb_column vc_column_container vc_col-sm-12\"><div class=\"vc_column-inner\"><div class=\"wpb_wrapper\">\n\t<div class=\"wpb_video_widget wpb_content_element vc_clearfix   vc_video-aspect-ratio-169 vc_video-el-width-100 vc_video-align-left\" >\n\t\t<div class=\"wpb_wrapper\">\n\t\t\t<h2 class=\"wpb_heading wpb_video_heading\">27 Waterfalls of Damajagua Tour from Puerto Plata:<\/h2>\n\t\t\t<div class=\"wpb_video_wrapper\"><iframe loading=\"lazy\" title=\"27 Waterfalls of Damajagua by Booking Adventures &amp; Travel Dominican Republic\" width=\"1100\" height=\"619\" src=\"https:\/\/www.youtube.com\/embed\/AVNh_we_RQE?start=17&feature=oembed\" frameborder=\"0\" allow=\"accelerometer; autoplay; encrypted-media; gyroscope; picture-in-picture\" allowfullscreen><\/iframe><\/div>\n\t\t<\/div>\n\t<\/div>\n<\/div><\/div><\/div><\/div><div class=\"vc_row wpb_row vc_row-fluid\" ><div class=\"wpb_column vc_column_container vc_col-sm-12\"><div class=\"vc_column-inner\"><div class=\"wpb_wrapper\"><div class=\"vc_empty_space\"   style=\"height: 32px\"><span class=\"vc_empty_space_inner\"><\/span><\/div>\n\t<div class=\"wpb_text_column wpb_content_element\" >\n\t\t<div class=\"wpb_wrapper\">\n\t\t\t<h4>Contacti&#039;ns<\/h4>\n<h5>Reserves d\u00b4aventures<\/h5>\n<p><strong><em>Guies tur\u00edstics locals i nacionals i serveis per a hostes<\/em><\/strong><\/p>\n<p>Reserves: Tours i Excursions a Dom. Reps.<\/p>\n<p>Tel\/Whatsapp + 1-809-720-6035.<\/p>\n<p>info@bookingadventures.com.do<\/p>\n<p>Fem tours privats de configuraci\u00f3 flexible per Whatsapp: +18097206035.<\/p>\n\n\t\t<\/div>\n\t<\/div>\n<div class=\"vc_empty_space\"   style=\"height: 32px\"><span class=\"vc_empty_space_inner\"><\/span><\/div><\/div><\/div><\/div><\/div>","protected":false},"excerpt":{"rendered":"<p>Esta excursi\u00f3n a las 27 cascadas de Damajagua en Puerto Plata, almuerzo y excursi\u00f3n por las 27 cascadas, senderismo y salto al r\u00edo.<\/p>\n<p>Viaje ecol\u00f3gico a las 27 cascadas de Puerto Plata. Obtenga sus entradas para una excursi\u00f3n de medio d\u00eda aqu\u00ed en los 27 charcos de Damajagua. Las entradas con almuerzo y excursi\u00f3n incluyen saltar y nadar en las cascadas m\u00e1s hermosas de la Rep\u00fablica Dominicana. Senderismo y nataci\u00f3n con equipo de seguridad para tener la mejor experiencia de su vida!<\/p>\n<p><strong>Si us plau seleccioneu la data per al Tour:<\/strong><\/p>","protected":false},"featured_media":271,"template":"","meta":[],"product_brand":[],"product_cat":[239,240,120,96,135,122,443,241,100],"product_tag":[242,243,244,245,246,247,248,249,250,251,252,253,254,255,256,257,258],"class_list":{"0":"post-565","1":"product","2":"type-product","3":"status-publish","4":"has-post-thumbnail","6":"product_cat-27-waterfalls","7":"product_cat-damajagua","8":"product_cat-fees-entrace","9":"product_cat-hiking","10":"product_cat-lunch","11":"product_cat-tours-and-excursions","12":"product_cat-tours-y-excursiones-es","13":"product_cat-tours-excursions-27-waterfalls-puerto-plata-dominican-republic","14":"product_cat-waterfalls","15":"product_tag-27-charcos-de-damajagua","16":"product_tag-27-waterfalls","17":"product_tag-27-waterfalls-dominican-republic","18":"product_tag-27-waterfalls-dominican-republic-facts","19":"product_tag-27-waterfalls-excursion","20":"product_tag-27-waterfalls-puerto-plata","21":"product_tag-amber-cove-cruise-terminal-27-waterfalls","22":"product_tag-amber-cove-excursions","23":"product_tag-damajagua-falls-tours","24":"product_tag-damajagua-national-park","25":"product_tag-excursion-27-waterfalls","26":"product_tag-how-to-get-to-27-waterfalls-from-puerto-plata","27":"product_tag-jumping-27-waterfalls","28":"product_tag-los-27-charcos-de-puerto-plata","29":"product_tag-puerto-plata","30":"product_tag-things-to-do-in-amber-cove","31":"product_tag-tour-27-waterfalls","33":"first","34":"instock","35":"sale","36":"sold-individually","37":"shipping-taxable","38":"product-type-external"},"_links":{"self":[{"href":"https:\/\/visitaloshaitises.com\/ca\/wp-json\/wp\/v2\/product\/565","targetHints":{"allow":["GET"]}}],"collection":[{"href":"https:\/\/visitaloshaitises.com\/ca\/wp-json\/wp\/v2\/product"}],"about":[{"href":"https:\/\/visitaloshaitises.com\/ca\/wp-json\/wp\/v2\/types\/product"}],"wp:featuredmedia":[{"embeddable":true,"href":"https:\/\/visitaloshaitises.com\/ca\/wp-json\/wp\/v2\/media\/271"}],"wp:attachment":[{"href":"https:\/\/visitaloshaitises.com\/ca\/wp-json\/wp\/v2\/media?parent=565"}],"wp:term":[{"taxonomy":"product_brand","embeddable":true,"href":"https:\/\/visitaloshaitises.com\/ca\/wp-json\/wp\/v2\/product_brand?post=565"},{"taxonomy":"product_cat","embeddable":true,"href":"https:\/\/visitaloshaitises.com\/ca\/wp-json\/wp\/v2\/product_cat?post=565"},{"taxonomy":"product_tag","embeddable":true,"href":"https:\/\/visitaloshaitises.com\/ca\/wp-json\/wp\/v2\/product_tag?post=565"}],"curies":[{"name":"wp","href":"https:\/\/api.w.org\/{rel}","templated":true}]}}