{"id":558,"date":"2020-06-23T12:05:23","date_gmt":"2020-06-23T12:05:23","guid":{"rendered":"https:\/\/haitises.com\/?post_type=product&#038;p=558"},"modified":"2024-04-17T18:50:43","modified_gmt":"2024-04-17T18:50:43","slug":"excursion-a-los-haitises-con-senderismo-en-el-bosque-humedo","status":"publish","type":"product","link":"https:\/\/visitaloshaitises.com\/ca\/private\/excursion-a-los-haitises-con-senderismo-en-el-bosque-humedo\/","title":{"rendered":"Excursi\u00f3 als Haitises amb Senderisme al Bosc Humit"},"content":{"rendered":"<div class=\"vc_row wpb_row vc_row-fluid\" ><div class=\"wpb_column vc_column_container vc_col-sm-12\"><div class=\"vc_column-inner\"><div class=\"wpb_wrapper\">[mkdf_section_title title_tag=\u00bb\u00bb disable_break_words=\u00bbno\u00bb subtitle_tag=\u00bb\u00bb title=\u00bbLos Haitises National Park- From Sabana de la Mar + Hiking 2 Hours\u00bb subtitle=\u00bbHumid Forest + Normal Trip to Caves\u00bb]<\/div><\/div><\/div><\/div><div class=\"vc_row wpb_row vc_row-fluid\" ><div class=\"wpb_column vc_column_container vc_col-sm-12\"><div class=\"vc_column-inner\"><div class=\"wpb_wrapper\">\n\t<div class=\"wpb_text_column wpb_content_element\" >\n\t\t<div class=\"wpb_wrapper\">\n\t\t\t<h5>Bosc Humit + Viatge Normal a Cuevas<\/h5>\n<h2>Parc Nacional Els Haitises- Des de Sabana de la Mar + Senderisme 2 hores<\/h2>\n<h3><em>Descripci\u00f3<\/em><\/h3>\n<p>Gaudiu d&#039;una caminada durant dues hores pel bosc del parc nacional Els Haitises. Apreneu sobre plantes medicinals i visiteu llocs locals. Despr\u00e9s de visitar el Parc Nacional Els Haitises des de Sabana de la Mar o els hotels de Ca\u00f1o Hondo amb guies locals.<\/p>\n<p>Farem la caminada despr\u00e9s del viatge en bot. Un viatge privat normal al Parc Nacional Los Haitises. Vine amb nosaltres i visita el parc nacional m\u00e9s bonic de la Rep\u00fablica Dominicana, visitant manglars, 3 coves i la badia de Sant Lloren\u00e7. Aquesta experi\u00e8ncia pot comen\u00e7ar des de la comunitat de Sabana de la Mar aprenent sobre aquesta hist\u00f2ria de Sabana de la Mar.<\/p>\n<ul>\n<li>Senderisme 2 hores al bosc<\/li>\n<li>Hist\u00f2ria de Sabana de la Mar<\/li>\n<li>Taxes incloses<\/li>\n<li>El guia proporciona instrucci\u00f3 i supervisi\u00f3.<\/li>\n<li>Dinar no est\u00e0 incl\u00f2s per dinar a Cano Hondo Trieu aquest tour: Los Haitises Plus Ca\u00f1o Hondo.<\/li>\n<\/ul>\n<h3>Inclusions i exclusions<\/h3>\n<h4>Inclusions<\/h4>\n<ol>\n<li>Els Haitises Tour + Coves i Pictografies<\/li>\n<li>Tots els impostos, taxes i despeses de manipulaci\u00f3.<\/li>\n<li>Impostos locals<\/li>\n<li>Totes les activitats<\/li>\n<li>Guia local<\/li>\n<\/ol>\n<h4>Exclusions<\/h4>\n<ol>\n<li>Propines<\/li>\n<li>Dinar no est\u00e0 incl\u00f2s per dinar a Cano Hondo Trieu aquest tour: Los Haitises Plus Ca\u00f1o Hondo.<\/li>\n<li>Transport<\/li>\n<li>Begudes alcoh\u00f2liques<\/li>\n<\/ol>\n<h3><em>Sortida i tornada<\/em><\/h3>\n<p>El viatger obtindr\u00e0 un punt de trobada despr\u00e9s del proc\u00e9s de reserva. Els tours comencen i acaben als nostres punts de trobada.<\/p>\n<h3><em>Qu\u00e8 esperar?<\/em><\/h3>\n<p>Obtingueu les vostres butlletes per visitar el Parc Nacional Els Haitises amb Coves, Manglars i la Badia de Sant Lloren\u00e7 despr\u00e9s d&#039;una caminada de dues hores pel bosc humit del Parc Nacional Els Haitises.<\/p>\n<p>Parc Nacional Els Haitises des de Sabana de la Mar o els hotels deCa\u00f1o Hondo amb guies Locals. El viatge comen\u00e7a al port principal del Parc Nacional Els Haitises. Aquest viatge comen\u00e7a a les 10:00 amb un guia tur\u00edstic local que coneix la hist\u00f2ria original sobre el magn\u00edfic Parc Nacional.<\/p>\n<p>Despr\u00e9s comencem des del port principal del Parc Nacional Els Haitises, nom Ca\u00f1o Hondo (Deep Creek) en un VAIXELL amb armilles salvavides. Gaudirem del bosc de manglars vermells fins arribar a la badia de Sant Lloren\u00e7. Petita badia a la Badia de Samana. I aqu\u00ed anem! El primer que podeu veure \u00e9s l&#039;enorme col\u00b7lecci\u00f3 d&#039;illa calc\u00e0ria de muntanya anomenada Mogotes. a sobre d&#039;ells m\u00e9s de 700 esp\u00e8cies de plantes i moltes aus d&#039;aiguamolls volant al voltant. Despr\u00e9s visitant coves amb pictografies de les nostres comunitats ind\u00edgenes de fa 750 anys.<\/p>\n<p>A trav\u00e9s dels manglars i la terra a la badia oberta de Sant Lloren\u00e7, des d&#039;on pots fotografiar l&#039;agrest paisatge forestal. Mireu l&#039;aigua per veure manatis, crustacis i dofins.<\/p>\n<p>El nombre del parque nacional proviene de sus habitantes originales, los indios ta\u00ednos. En su idioma, \u00abHaitises\u00bb se traduce en tierras altas o colinas, una referencia a las empinadas formaciones geol\u00f3gicas de la costa con calizas. Avent\u00farate en el parque para explorar cuevas como la Cueva de la Arena y la Cueva de la L\u00ednea. Las cuevas en la reserva fueron utilizadas como refugio por los indios ta\u00ednos y, m\u00e1s adelante, por los piratas escondidos. Busque dibujos de indios que decoran algunas de las paredes. Despu\u00e9s de visitar el Parque Nacional Los Haitises, iremos al bosque h\u00famedo para caminar 2 horas y regresar al lugar donde comenz\u00f3 nuestro viaje.<\/p>\n<h3><em>Qu\u00e8 hauries de portar?<\/em><\/h3>\n<ul>\n<li>Cambra<\/li>\n<li>Repel\u00b7lents<\/li>\n<li>crema solar<\/li>\n<li>Barret<\/li>\n<li>Pantalons c\u00f2modes<\/li>\n<li>Cal\u00e7at de senderisme per a bosc<\/li>\n<li>Sand\u00e0lies a les zones de primavera.<\/li>\n<li>Vestit de bany<\/li>\n<\/ul>\n<h3><em>Recollida a l&#039;hotel<\/em><\/h3>\n<p>El servei de recollida a l&#039;hotel s&#039;ofereix si es troba a Paraiso Ca\u00f1o Hondo o Altos Ca\u00f1o Hondo Hotel. El nostre punt de trobada \u00e9s a 5 minuts a peu d&#039;aquests hotels.<\/p>\n<p><strong>Nota:<\/strong> si realitza la reserva dins de les 24 hores de l&#039;hora de sortida del tour\/excursi\u00f3, podem organitzar la recollida de l&#039;hotel amb c\u00e0rrecs addicionals si no es troba als hotels de Ca\u00f1o Hondo. Quan es completi la seva compra, us enviarem informaci\u00f3 de contacte completa (n\u00famero de tel\u00e8fon, adre\u00e7a de correu electr\u00f2nic, etc.) perqu\u00e8 el nostre guia tur\u00edstic local organitzi els arranjaments de recollida.<\/p>\n<h3><em>Confirmaci\u00f3 d&#039;informaci\u00f3 addicional<\/em><\/h3>\n<ul>\n<li>Les butlletes s\u00f3n el Rebut despr\u00e9s de pagar aquest Tour. Podeu mostrar el pagament al tel\u00e8fon.<\/li>\n<li>El punt de trobada es rebr\u00e0 despr\u00e9s del proc\u00e9s de reserva.<\/li>\n<li>Els infants han d&#039;estar acompanyats per un adult.<\/li>\n<li>No accessible per a cadires de rodes<\/li>\n<li>Els infants han de seure en un seient per a nadons o amb un adult<\/li>\n<li>No recomanat per a viatgers amb problemes d\u02bbesquena.<\/li>\n<li>No recomanat per a dones embarassades.<\/li>\n<li>Sense problemes card\u00edacs o altres condicions m\u00e8diques greus.<\/li>\n<li>La majoria dels viatgers hi poden participar.<\/li>\n<\/ul>\n<h3><em>Pol\u00edtica de cancel\u00b7laci\u00f3<\/em><\/h3>\n<p>Per obtenir un reemborsament complet, cancel\u00b7leu com a m\u00ednim 24 hores abans de la data d&#039;inici de l&#039;experi\u00e8ncia.<\/p>\n\n\t\t<\/div>\n\t<\/div>\n<\/div><\/div><\/div><\/div><div class=\"vc_row wpb_row vc_row-fluid\" ><div class=\"wpb_column vc_column_container vc_col-sm-12\"><div class=\"vc_column-inner\"><div class=\"wpb_wrapper\"><div class=\"vc_empty_space\"   style=\"height: 32px\"><span class=\"vc_empty_space_inner\"><\/span><\/div>\n\t<div class=\"wpb_video_widget wpb_content_element vc_clearfix   vc_video-aspect-ratio-169 vc_video-el-width-100 vc_video-align-left\" >\n\t\t<div class=\"wpb_wrapper\">\n\t\t\t\n\t\t\t<div class=\"wpb_video_wrapper\"><iframe loading=\"lazy\" title=\"Els Haitises National Park, Tours &amp; Excursion From Samana or Sabana de la Mar. Book Here:\" src=\"https:\/\/player.vimeo.com\/video\/346508015?dnt=1&amp;app_id=122963\" width=\"1100\" height=\"619\" frameborder=\"0\" allow=\"autoplay; fullscreen\" allowfullscreen><\/iframe><\/div>\n\t\t<\/div>\n\t<\/div>\n<\/div><\/div><\/div><\/div><div class=\"vc_row wpb_row vc_row-fluid\" ><div class=\"wpb_column vc_column_container vc_col-sm-12\"><div class=\"vc_column-inner\"><div class=\"wpb_wrapper\"><div class=\"vc_empty_space\"   style=\"height: 32px\"><span class=\"vc_empty_space_inner\"><\/span><\/div>\n\t<div class=\"wpb_text_column wpb_content_element\" >\n\t\t<div class=\"wpb_wrapper\">\n\t\t\t<h4>Contact us?<\/h4>\n<h5>Booking Adventures<\/h5>\n<p><em><strong>Locals<\/strong>\u00a0and\u00a0<strong>Nationals<\/strong>\u00a0Tour Guides &amp; Guest Services<\/em><\/p>\n<p><span class=\"text-turquoise\">Reservations:<\/span>\u00a0Tours &amp; Excursions in Dom. Rep.<\/p>\n<p><img decoding=\"async\" class=\"emoji\" draggable=\"false\" src=\"https:\/\/s.w.org\/images\/core\/emoji\/11.2.0\/svg\/1f4de.svg\" alt=\"\ud83d\udcde\" \/>\u00a0Tel \/ Whatsapp\u00a0\u00a0<a href=\"tel:+1-809-720-6035\">+1-809-720-6035<\/a>.<\/p>\n<p><img decoding=\"async\" class=\"emoji\" draggable=\"false\" src=\"https:\/\/s.w.org\/images\/core\/emoji\/11.2.0\/svg\/1f4e9.svg\" alt=\"\ud83d\udce9\" \/>\u00a0<a href=\"mailto:info@bookingadventures.com.do\">info@bookingadventures.com.do<\/a><\/p>\n<p><strong>We are Flexible Setting Private Tours by Whatsapp:\u00a0<a href=\"tel:+18097206035\">+18097206035.<\/a><\/strong><\/p>\n\n\t\t<\/div>\n\t<\/div>\n<div class=\"vc_empty_space\"   style=\"height: 32px\"><span class=\"vc_empty_space_inner\"><\/span><\/div><\/div><\/div><\/div><\/div>","protected":false},"excerpt":{"rendered":"<p>I aqu\u00ed anem! El primer que pots veure \u00e9s l&#039;enorme col\u00b7lecci\u00f3 d&#039;illa de muntanya de pedra calc\u00e0ria anomenada Mogotes a sobre m\u00e9s de 700 esp\u00e8cies de plantes i moltes aus d&#039;aiguamolls volant. Despr\u00e9s visitar coves amb pictografies de les nostres comunitats ind\u00edgenes fa 750 anys.<\/p>\n<p>A m\u00e9s, aquest viatge mostra que s\u00f3n els llocs m\u00e9s importants per visitar al Parc Nacional Haitises. Les dues coves m\u00e9s visitades s\u00f3n la Cova de la L\u00ednia i la Cova de la Arena. Despr\u00e9s d\u00b4unes hores visitant aquest bell Parc Nacional ens dirigim cap al bosc humit del Parc Nacional Haitises, despr\u00e9s de 2 hores de caminada, tornem al lloc des d\u00b4on comencem la nostra excursi\u00f3. Obtingueu les vostres butlletes aqu\u00ed i passegeu amb els vilatans que coneixen la hist\u00f2ria del Parc Nacional Haitises.<\/p>\n<p><strong>Si us plau seleccioneu la data per al Tour:<\/strong><\/p>\n<p>&nbsp;<\/p>\n<p>&nbsp;<\/p>","protected":false},"featured_media":84,"template":"","meta":[],"product_brand":[],"product_cat":[443,123,124],"product_tag":[179,125,126,129,130,104,221,131,132,210,222,134,223,146,114,224],"class_list":{"0":"post-558","1":"product","2":"type-product","3":"status-publish","4":"has-post-thumbnail","6":"product_cat-tours-y-excursiones-es","7":"product_cat-tours-excursions-los-haitises-national-park","8":"product_cat-tours-excursions-samana-bay-dominican-republic","9":"product_tag-birding-in-los-haitises","10":"product_tag-boat-tour","11":"product_tag-cano-hondo","12":"product_tag-eco-tours","13":"product_tag-excursion","14":"product_tag-hiking","15":"product_tag-hiking-los-haitises","16":"product_tag-locals-guides","17":"product_tag-los-haitises","18":"product_tag-los-haitises-excursions","19":"product_tag-los-haitises-from-samana","20":"product_tag-los-haitises-national-park-tour","21":"product_tag-los-haitises-sabana-de-la-mar","22":"product_tag-mangroves-los-haitises","23":"product_tag-sabana-de-la-mar","24":"product_tag-trails","26":"first","27":"instock","28":"sale","29":"sold-individually","30":"shipping-taxable","31":"product-type-external"},"_links":{"self":[{"href":"https:\/\/visitaloshaitises.com\/ca\/wp-json\/wp\/v2\/product\/558","targetHints":{"allow":["GET"]}}],"collection":[{"href":"https:\/\/visitaloshaitises.com\/ca\/wp-json\/wp\/v2\/product"}],"about":[{"href":"https:\/\/visitaloshaitises.com\/ca\/wp-json\/wp\/v2\/types\/product"}],"wp:featuredmedia":[{"embeddable":true,"href":"https:\/\/visitaloshaitises.com\/ca\/wp-json\/wp\/v2\/media\/84"}],"wp:attachment":[{"href":"https:\/\/visitaloshaitises.com\/ca\/wp-json\/wp\/v2\/media?parent=558"}],"wp:term":[{"taxonomy":"product_brand","embeddable":true,"href":"https:\/\/visitaloshaitises.com\/ca\/wp-json\/wp\/v2\/product_brand?post=558"},{"taxonomy":"product_cat","embeddable":true,"href":"https:\/\/visitaloshaitises.com\/ca\/wp-json\/wp\/v2\/product_cat?post=558"},{"taxonomy":"product_tag","embeddable":true,"href":"https:\/\/visitaloshaitises.com\/ca\/wp-json\/wp\/v2\/product_tag?post=558"}],"curies":[{"name":"wp","href":"https:\/\/api.w.org\/{rel}","templated":true}]}}