{"id":551,"date":"2020-06-19T20:10:32","date_gmt":"2020-06-19T20:10:32","guid":{"rendered":"https:\/\/haitises.com\/?post_type=product&#038;p=551"},"modified":"2023-10-14T21:50:12","modified_gmt":"2023-10-14T21:50:12","slug":"excursion-al-los-haitises-y-cano-hondo-desde-samana","status":"publish","type":"product","link":"https:\/\/visitaloshaitises.com\/ca\/private\/excursio-als-haitises-i-cano-fondo-des-de-samana\/","title":{"rendered":"Excursi\u00f3 al Los Haitises i Ca\u00f1o Hondo des de Saman\u00e1"},"content":{"rendered":"<div class=\"vc_row wpb_row vc_row-fluid\" ><div class=\"wpb_column vc_column_container vc_col-sm-12\"><div class=\"vc_column-inner\"><div class=\"wpb_wrapper\"><div class=\"mkdf-section-title-holder\" style=\"text-align: left\">\n\t<div class=\"mkdf-st-inner\">\n\t\t\t\t\t<h5 class=\"mkdf-st-subtitle\" >\n\t\t\t\tDinar i Nataci\u00f3 a Piscines Naturals\t\t\t<\/h5>\n\t\t\t\t\t\t\t<\/div>\n<\/div><\/div><\/div><\/div><\/div><div class=\"vc_row wpb_row vc_row-fluid\" ><div class=\"wpb_column vc_column_container vc_col-sm-12\"><div class=\"vc_column-inner\"><div class=\"wpb_wrapper\">\n\t<div class=\"wpb_text_column wpb_content_element\" >\n\t\t<div class=\"wpb_wrapper\">\n\t\t\t<h2>Parc Nacional Els Haitises + Dinar a Cano Hondo des del port de Saman\u00e1.<\/h2>\n<h3><em>Descripci\u00f3<\/em><\/h3>\n<p>Parc Nacional Els Haitises a partir del port de Saman\u00e1 m\u00e9s un dinar meravell\u00f3s i nataci\u00f3 en deus naturals a Ca\u00f1o Hondo Ecolodge. Vine amb nosaltres i visita el parc nacional m\u00e9s bonic de la Rep\u00fablica Dominicana, visitant manglars, coves i la badia de Sant Lloren\u00e7, a m\u00e9s de creuar la bella badia de Samana. Despr\u00e9s de dinar a Ca\u00f1o Hondo, tindr\u00e0 l&#039;oportunitat de nedar a les piscines naturals unes poques hores i despr\u00e9s tornar al port de Saman\u00e1.<\/p>\n<p>Despr\u00e9s d&#039;aquesta experi\u00e8ncia, tornareu al port de Saman\u00e1.<\/p>\n<ul>\n<li>Taxes incloses<\/li>\n<li>La guia proporciona instrucci\u00f3 i supervisi\u00f3.<\/li>\n<\/ul>\n<h3>Inclusions i exclusions<\/h3>\n<h4>Inclusions<\/h4>\n<ol>\n<li>Els Haitises Tour + Coves i Pictografies<\/li>\n<li>Dinar a Ca\u00f1o Hondo<\/li>\n<li>Nedar a les piscines naturals<\/li>\n<li>Tots els impostos, taxes i despeses de manipulaci\u00f3.<\/li>\n<li>Impostos locals<\/li>\n<li>Begudes<\/li>\n<li>Totes les activitats<\/li>\n<li>Guia local<\/li>\n<\/ol>\n<h4>Exclusions<\/h4>\n<ol>\n<li>Propines<\/li>\n<li>Transferir<\/li>\n<li>Begudes alcoh\u00f2liques<\/li>\n<\/ol>\n<h3><em>Sortida i tornada<\/em><\/h3>\n<p>El viatger obtindr\u00e0 un punt de trobada despr\u00e9s del proc\u00e9s de reserva. Els tours comencen i acaben als nostres punts de trobada.<\/p>\n<h3><em>Qu\u00e8 esperar?<\/em><\/h3>\n<p>Obtingui les seves butlletes per visitar el Parc Nacional Los Haitises amb un meravell\u00f3s dinar a Ca\u00f1o Hondo i Nataci\u00f3 a les piscines naturals.<\/p>\n<p>Comen\u00e7ant des del port de Samana a bord d&#039;un pot o catamar\u00e0 amb un guia tur\u00edstic local, passem la badia de Samana al costat de Sabana de la Mar per visitar un dels parcs nacionals m\u00e9s bells de la Rep\u00fablica Dominicana.<\/p>\n<h5>El Parc Nacional Els Haitises.<\/h5>\n<p>Visitant l\u00b4illa amb aus al voltant. A la temporada de nidificaci\u00f3, fins i tot podem veure els pollets de pelicans als nius. Endinsar-se m\u00e9s a les illes rocoses i visitar les coves amb pictografies i petroglifs dels pobles ind\u00edgenes.<\/p>\n<p>El recorrido, organizado por \u00abBooking Adventures\u00bb, comienza en el punto de encuentro establecido con el gu\u00eda tur\u00edstico. Ven con Booking Adventures y comienza a observar algunos manglares llenos de aves, colinas onduladas de exuberante vegetaci\u00f3n y cuevas del Parque Nacional Los Haitises.<\/p>\n<p>El nombre del parque nacional proviene de sus habitantes originales, los indios ta\u00ednos. En su idioma, \u00abHaitises\u00bb se traduce a tierras altas o colinas, una referencia a las empinadas formaciones geol\u00f3gicas de la costa con calizas. Avent\u00farate en el parque para explorar cuevas como la Cueva de la Arena y la Cueva de la L\u00ednea.<\/p>\n<p>Les coves a la reserva van ser utilitzades com a refugi pels indis ta\u00efns i, m\u00e9s tard, pels pirates amagats. Busqueu dibuixos d&#039;indis que decoren algunes de les parets.<\/p>\n<p>Despr\u00e9s de visitar el Parc Nacional Els Haitises anirem a Cano Hondo. A Cano Hondo aprendr\u00e0 sobre aquesta hist\u00f2ria ecol\u00f2gica i l&#039;hora de dinar amb el menjar t\u00edpic de la comunitat de Sabana de la mar.<\/p>\n<p>El dinar ser\u00e0 delici\u00f3s per\u00f2 encara no acabem. Despr\u00e9s de dinar, nedarem a les piscines naturals des del riu Jibales, un riu fins al riu Ca\u00f1o Hondo. Romanent a Ca\u00f1o Hondo fins a les 4:00 pm i tornant al port de Samana, passarem novament pels manglars i arribem a la badia oberta de Sant Lloren\u00e7, des d&#039;on es pot fotografiar el paisatge bosc\u00f3s escarpat. Mireu l&#039;aigua per veure manatis, crustacis i dofins.<\/p>\n<p>Fins al moment en qu\u00e8 sestablir\u00e0 amb el guia tur\u00edstic per despr\u00e9s daix\u00f2 anar al port de Cano Hondo i prendre un pot de tornada al port de Saman\u00e1 passant la badia de Saman\u00e1 30 minuts.<\/p>\n<p>En cas que us agradi m\u00e9s aquest viatge, tenim aquestes opcions:<\/p>\n<p>Els Haitises + Cayo Llevat des del port de Saman\u00e1.<\/p>\n<h3><em>Qu\u00e8 hauries de portar?<\/em><\/h3>\n<ul>\n<li>Cambra<\/li>\n<li>Repel\u00b7lents<\/li>\n<li>crema solar<\/li>\n<li>Barret<\/li>\n<li>Pantalons c\u00f2modes<\/li>\n<li>Cal\u00e7at de senderisme per a bosc<\/li>\n<li>Sand\u00e0lies a les zones de primavera.<\/li>\n<li>Vestit de bany<\/li>\n<\/ul>\n<h3><em>Recollida a l&#039;hotel<\/em><\/h3>\n<p>No s\u00b4ofereix la recollida al\u00b4hotel per a aquest tour.<\/p>\n<p><strong>Nota:<\/strong> Si feu la reserva dins de les 24 hores de l&#039;hora de sortida del tour\/excursi\u00f3, podem organitzar la recollida de l&#039;hotel amb c\u00e0rrecs addicionals. Quan es completi la seva compra, us enviarem informaci\u00f3 de contacte completa (n\u00famero de tel\u00e8fon, adre\u00e7a de correu electr\u00f2nic, etc.) perqu\u00e8 el nostre guia tur\u00edstic local organitzi els arranjaments de recollida.<\/p>\n<h3>Confirmaci\u00f3 d&#039;informaci\u00f3 addicional<\/h3>\n<ol>\n<li>Les butlletes s\u00f3n el Rebut despr\u00e9s de pagar aquest Tour. Podeu mostrar el pagament al tel\u00e8fon.<\/li>\n<li>El punt de trobada es rebr\u00e0 despr\u00e9s del proc\u00e9s de reserva.<\/li>\n<li>Els infants han d&#039;estar acompanyats per un adult.<\/li>\n<li>No accessible per a cadires de rodes<\/li>\n<li>Els infants han de seure en seients per a nadons o amb un adult<\/li>\n<li>No recomanat per a viatgers amb problemes d\u02bbesquena.<\/li>\n<li>No recomanat per a dones embarassades.<\/li>\n<li>Sense problemes card\u00edacs o altres condicions m\u00e8diques greus.<\/li>\n<li>La majoria dels viatgers hi poden participar.<\/li>\n<\/ol>\n<h3><em>Pol\u00edtica de cancel\u00b7laci\u00f3<\/em><\/h3>\n<p>Per obtenir un reemborsament complet, cancel\u00b7leu com a m\u00ednim 24 hores abans de la data d&#039;inici de l&#039;experi\u00e8ncia.<\/p>\n\n\t\t<\/div>\n\t<\/div>\n<\/div><\/div><\/div><\/div><div class=\"vc_row wpb_row vc_row-fluid\" ><div class=\"wpb_column vc_column_container vc_col-sm-12\"><div class=\"vc_column-inner\"><div class=\"wpb_wrapper\"><div class=\"vc_empty_space\"   style=\"height: 32px\"><span class=\"vc_empty_space_inner\"><\/span><\/div>\n\t<div class=\"wpb_video_widget wpb_content_element vc_clearfix   vc_video-aspect-ratio-169 vc_video-el-width-100 vc_video-align-left\" >\n\t\t<div class=\"wpb_wrapper\">\n\t\t\t\n\t\t\t<div class=\"wpb_video_wrapper\"><iframe loading=\"lazy\" title=\"Els Haitises National Park, Tours &amp; Excursion From Samana or Sabana de la Mar. Book Here:\" src=\"https:\/\/player.vimeo.com\/video\/346508015?dnt=1&amp;app_id=122963\" width=\"1100\" height=\"619\" frameborder=\"0\" allow=\"autoplay; fullscreen\" allowfullscreen><\/iframe><\/div>\n\t\t<\/div>\n\t<\/div>\n<\/div><\/div><\/div><\/div><div class=\"vc_row wpb_row vc_row-fluid\" ><div class=\"wpb_column vc_column_container vc_col-sm-12\"><div class=\"vc_column-inner\"><div class=\"wpb_wrapper\"><div class=\"vc_empty_space\"   style=\"height: 32px\"><span class=\"vc_empty_space_inner\"><\/span><\/div>\n\t<div class=\"wpb_text_column wpb_content_element\" >\n\t\t<div class=\"wpb_wrapper\">\n\t\t\t<h4>Contactar-nos?<\/h4>\n<h5>Reserves d\u00b4aventures<\/h5>\n<p><em>Guies tur\u00edstics<\/em> <em><strong>locals<\/strong><\/em> i <strong><em>nacionals<\/em><\/strong> &amp;<em>\u00a0serveis per a hostes<\/em><\/p>\n<p>Reserves: Tours i Excursions a Dom. Rep.<\/p>\n<p>Tel\/Whatsapp + 1-809-720-6035.<\/p>\n<p>info@bookingadventures.com.do<\/p>\n<p>Som tours privats de configuraci\u00f3 flexible per Whatsapp: +18097206035.<\/p>\n\n\t\t<\/div>\n\t<\/div>\n<div class=\"vc_empty_space\"   style=\"height: 32px\"><span class=\"vc_empty_space_inner\"><\/span><\/div><\/div><\/div><\/div><\/div>","protected":false},"excerpt":{"rendered":"<p><strong>Si us plau Select date for The Tour\u00a0<\/strong><\/p>","protected":false},"featured_media":104,"template":"","meta":[],"product_brand":[],"product_cat":[119,96,144,98,135,121,99,122,443,123,124],"product_tag":[126,127,128,145,132,133,146,147,148,143],"class_list":{"0":"post-551","1":"product","2":"type-product","3":"status-publish","4":"has-post-thumbnail","6":"product_cat-caves","7":"product_cat-hiking","8":"product_cat-kayaking","9":"product_cat-local-tour-guides","10":"product_cat-lunch","11":"product_cat-mangroves","12":"product_cat-swimming-natural-springs","13":"product_cat-tours-and-excursions","14":"product_cat-tours-y-excursiones-es","15":"product_cat-tours-excursions-los-haitises-national-park","16":"product_cat-tours-excursions-samana-bay-dominican-republic","17":"product_tag-cano-hondo","18":"product_tag-cano-hondo-hotel","19":"product_tag-cano-hondo-tours","20":"product_tag-day-tour-cano-hondo","21":"product_tag-los-haitises","22":"product_tag-los-haitises-national-park","23":"product_tag-mangroves-los-haitises","24":"product_tag-samana-bay","25":"product_tag-samana-excursions","26":"product_tag-samana-tours","28":"first","29":"instock","30":"sale","31":"sold-individually","32":"shipping-taxable","33":"product-type-external"},"_links":{"self":[{"href":"https:\/\/visitaloshaitises.com\/ca\/wp-json\/wp\/v2\/product\/551","targetHints":{"allow":["GET"]}}],"collection":[{"href":"https:\/\/visitaloshaitises.com\/ca\/wp-json\/wp\/v2\/product"}],"about":[{"href":"https:\/\/visitaloshaitises.com\/ca\/wp-json\/wp\/v2\/types\/product"}],"wp:featuredmedia":[{"embeddable":true,"href":"https:\/\/visitaloshaitises.com\/ca\/wp-json\/wp\/v2\/media\/104"}],"wp:attachment":[{"href":"https:\/\/visitaloshaitises.com\/ca\/wp-json\/wp\/v2\/media?parent=551"}],"wp:term":[{"taxonomy":"product_brand","embeddable":true,"href":"https:\/\/visitaloshaitises.com\/ca\/wp-json\/wp\/v2\/product_brand?post=551"},{"taxonomy":"product_cat","embeddable":true,"href":"https:\/\/visitaloshaitises.com\/ca\/wp-json\/wp\/v2\/product_cat?post=551"},{"taxonomy":"product_tag","embeddable":true,"href":"https:\/\/visitaloshaitises.com\/ca\/wp-json\/wp\/v2\/product_tag?post=551"}],"curies":[{"name":"wp","href":"https:\/\/api.w.org\/{rel}","templated":true}]}}