{"id":546,"date":"2020-06-15T15:29:37","date_gmt":"2020-06-15T15:29:37","guid":{"rendered":"https:\/\/haitises.com\/?post_type=product&#038;p=546"},"modified":"2024-04-19T14:24:18","modified_gmt":"2024-04-19T14:24:18","slug":"parque-nacional-los-haitises-y-playa-rincon","status":"publish","type":"product","link":"https:\/\/visitaloshaitises.com\/ca\/private\/parc-nacional-els-haitises-i-platja-raco\/","title":{"rendered":"Parc Nacional Els Haitises i Platja Rac\u00f3"},"content":{"rendered":"<div class=\"vc_row wpb_row vc_row-fluid\" ><div class=\"wpb_column vc_column_container vc_col-sm-12\"><div class=\"vc_column-inner\"><div class=\"wpb_wrapper\">\n\t<div class=\"wpb_text_column wpb_content_element\" >\n\t\t<div class=\"wpb_wrapper\">\n\t\t\t<p><em>Coves, manglars, dinar i nataci\u00f3 a la platja<\/em><\/p>\n<h2>Parc Nacional Els Haitises i Platja el Rac\u00f3<\/h2>\n<h3>Descripci\u00f3<\/h3>\n<p>Parc Nacional Els Haitises i Platja El Rac\u00f3 amb dinar a la platja. Vine amb nosaltres i visita el parc nacional m\u00e9s bonic de Rep\u00fablica Dominicana, visitant manglars, coves i la badia de Sant Lloren\u00e7. Despr\u00e9s de tornar al port de Saman\u00e1 per fer un viatge privat a Platja El Rinc\u00f3n amb dinar a la platja.<\/p>\n<p>Despr\u00e9s daquesta experi\u00e8ncia, tindr\u00e0 el seu temps a la platja a m\u00e9s dun dinar local a la platja.<\/p>\n<ul>\n<li>Inclou dinar buffet a la platja.<\/li>\n<li>Taxes incloses<\/li>\n<li>El guia proporciona instrucci\u00f3 i supervisi\u00f3.<\/li>\n<\/ul>\n<h3>Inclusions i exclusions<\/h3>\n<h4>Inclusions<\/h4>\n<ol>\n<li>dinar a la platja<\/li>\n<li>Tour Els Haitises + Platja El Rac\u00f3<\/li>\n<li>Tots els impostos, taxes i despeses de manipulaci\u00f3.<\/li>\n<li>Impostos locals<\/li>\n<li>Begudes<\/li>\n<li>Totes les activitats<\/li>\n<li>Guia local<\/li>\n<\/ol>\n<h4>Exclusions<\/h4>\n<ol>\n<li>Propines<\/li>\n<li>Transport<\/li>\n<li>Begudes alcoh\u00f2liques<\/li>\n<\/ol>\n<h3><em>Sortida i tornada<\/em><\/h3>\n<p>El viatger obtindr\u00e0 un punt de trobada despr\u00e9s del proc\u00e9s de reserva. Els tours comencen i acaben als nostres punts de trobada.<\/p>\n<h3><em>Qu\u00e8 esperar?<\/em><\/h3>\n<p>Obtingueu les seves butlletes per visitar el Parc Nacional Los Haitises amb un meravell\u00f3s dinar a Platja El Rac\u00f3.<\/p>\n<p>El recorrido, organizado por \u00abBooking Adventures\u00bb, comienza en el punto de encuentro establecido con el gu\u00eda tur\u00edstico.<\/p>\n<p>Farem un recorregut en pot per la badia de Samana per visitar el Parc Nacional Els Haitises, passant per manglars, per antigues coves pirates i en boscos protegits en aquesta pintoresca reserva.<br \/>\nVine amb Booking Adventures i comen\u00e7a a observar alguns manglars plens d&#039;ocells, turons ondulats d&#039;exuberant vegetaci\u00f3 i coves del Parc Nacional Los Haitises. Prenent un vaixell, Excursi\u00f3 des del port de Saman\u00e1.<\/p>\n<p>El nombre del parque nacional proviene de sus habitantes originales, los indios ta\u00ednos. En su idioma, \u00abHaitises\u00bb se traduce en tierras altas o colinas, una referencia a las empinadas formaciones geol\u00f3gicas de la costa con calizas. Avent\u00farate en el parque para explorar cuevas como la Cueva de la Arena y la Cueva de la L\u00cdnea. Las cuevas en la reserva fueron utilizadas como refugio por los indios ta\u00ednos y, m\u00e1s tarde, por los piratas escondidos. Busque dibujos de indios que decoran algunas de las paredes.<\/p>\n<p>Despr\u00e9s de visitar el Parc Nacional Els Haitises, agafarem el pot i travessarem els manglars i arribarem a la badia oberta de Sant Lloren\u00e7 directament al port de Saman\u00e1. Al port de Saman\u00e1, prenem el nostre transport privat a la platja del Rinc\u00f3n per dinar.<\/p>\n<p>El dinar ser\u00e0 delici\u00f3s per\u00f2 encara no acabem. Despr\u00e9s de dinar, tindr\u00e0 temps per gaudir de la platja o simplement seure a l&#039;ombra i gaudir de Pinya Colada o Coco Loco en un dels t\u00edpics bars dominicans. Al voltant de les 4:30 pm sortint de la platja i tornant a Saman\u00e1.<\/p>\n<p>A la platja i et pots quedar tot el temps que vulguis nedant. S&#039;ofereixen Peix fregit i Tostones! Si ets veg\u00e0, tamb\u00e9 et podem preparar una mica de menjar.<\/p>\n<h3><em>Qu\u00e8 hauries de portar?<\/em><\/h3>\n<ul>\n<li>Cambra<\/li>\n<li>Repel\u00b7lents<\/li>\n<li>crema solar<\/li>\n<li>Barret<\/li>\n<li>Pantalons c\u00f2modes<\/li>\n<li>Cal\u00e7at de senderisme per a bosc<\/li>\n<li>Sand\u00e0lies a la platja<\/li>\n<li>Vestit nedador<\/li>\n<\/ul>\n<h3><em>Recollida a l&#039;hotel<\/em><\/h3>\n<p>No s\u00b4ofereix la recollida al\u00b4hotel per a aquest tour.<\/p>\n<p><strong>Nota<\/strong>: si feu la reserva dins de les 24 hores de l&#039;hora de sortida del tour\/excursi\u00f3, podem organitzar la recollida a l&#039;hotel amb c\u00e0rrecs addicionals. Quan es completi la seva compra, us enviarem informaci\u00f3 de contacte completa (n\u00famero de tel\u00e8fon, adre\u00e7a de correu electr\u00f2nic, etc.) perqu\u00e8 el nostre guia tur\u00edstic local organitzi els arranjaments de recollida.<\/p>\n<h3><em>Confirmaci\u00f3 d&#039;informaci\u00f3 addicional<\/em><\/h3>\n<ul>\n<li>Les butlletes s\u00f3n el Rebut despr\u00e9s de pagar aquest Tour. Podeu mostrar el pagament al tel\u00e8fon.<\/li>\n<li>El punt de trobada es rebr\u00e0 despr\u00e9s del proc\u00e9s de reserva.<\/li>\n<li>Els infants han d&#039;estar acompanyats per un adult.<\/li>\n<li>No accessible per a cadires de rodes<\/li>\n<li>Els infants han de seure a la falda<\/li>\n<li>No recomanat per a viatgers amb problemes d\u02bbesquena.<\/li>\n<li>No recomanat per a viatgers embarassades.<\/li>\n<li>Sense problemes card\u00edacs o altres afeccions m\u00e8diques greus.<\/li>\n<li>La majoria dels viatgers hi poden participar.<\/li>\n<\/ul>\n<h3><em>Pol\u00edtica de cancel\u00b7laci\u00f3<\/em><\/h3>\n<p>Per obtenir un reemborsament complet, cancel\u00b7leu com a m\u00ednim 24 hores abans de la data d&#039;inici de l&#039;experi\u00e8ncia.<\/p>\n\n\t\t<\/div>\n\t<\/div>\n<\/div><\/div><\/div><\/div>","protected":false},"excerpt":{"rendered":"<p>Parc Nacional Els Haitises i Platja El Rac\u00f3 amb dinar a la platja. Vine amb nosaltres i visita el parc nacional m\u00e9s bonic de la Rep\u00fablica Dominicana, visitant manglars, coves i la badia de Sant Lloren\u00e7. Despr\u00e9s de tornar al port de Saman\u00e1 per fer un viatge privat a Platja El Rinc\u00f3n amb dinar a la platja.<\/p>\n<p>Aconsegueix les entrades amb ofertes aqu\u00ed \u2026<\/p>\n<p>Si us plau seleccioneu la data per al Tour<\/p>","protected":false},"featured_media":227,"template":"","meta":[],"product_brand":[],"product_cat":[433,443],"product_tag":[138,195,196,142,147,148,143],"class_list":{"0":"post-546","1":"product","2":"type-product","3":"status-publish","4":"has-post-thumbnail","6":"product_cat-excursiones-privadas","7":"product_cat-tours-y-excursiones-es","8":"product_tag-beach-time","9":"product_tag-el-rincon-beach","10":"product_tag-playa-el-rincon","11":"product_tag-samana","12":"product_tag-samana-bay","13":"product_tag-samana-excursions","14":"product_tag-samana-tours","16":"first","17":"instock","18":"sale","19":"sold-individually","20":"shipping-taxable","21":"product-type-external"},"_links":{"self":[{"href":"https:\/\/visitaloshaitises.com\/ca\/wp-json\/wp\/v2\/product\/546","targetHints":{"allow":["GET"]}}],"collection":[{"href":"https:\/\/visitaloshaitises.com\/ca\/wp-json\/wp\/v2\/product"}],"about":[{"href":"https:\/\/visitaloshaitises.com\/ca\/wp-json\/wp\/v2\/types\/product"}],"wp:featuredmedia":[{"embeddable":true,"href":"https:\/\/visitaloshaitises.com\/ca\/wp-json\/wp\/v2\/media\/227"}],"wp:attachment":[{"href":"https:\/\/visitaloshaitises.com\/ca\/wp-json\/wp\/v2\/media?parent=546"}],"wp:term":[{"taxonomy":"product_brand","embeddable":true,"href":"https:\/\/visitaloshaitises.com\/ca\/wp-json\/wp\/v2\/product_brand?post=546"},{"taxonomy":"product_cat","embeddable":true,"href":"https:\/\/visitaloshaitises.com\/ca\/wp-json\/wp\/v2\/product_cat?post=546"},{"taxonomy":"product_tag","embeddable":true,"href":"https:\/\/visitaloshaitises.com\/ca\/wp-json\/wp\/v2\/product_tag?post=546"}],"curies":[{"name":"wp","href":"https:\/\/api.w.org\/{rel}","templated":true}]}}