{"id":11390,"date":"2021-08-15T20:09:02","date_gmt":"2021-08-15T20:09:02","guid":{"rendered":"https:\/\/haitises.com\/?post_type=product&#038;p=11390"},"modified":"2024-04-03T17:43:57","modified_gmt":"2024-04-03T17:43:57","slug":"27-waterfalls-27-charcos-of-damajagua-zipline-trekking-or-hike-puerto-plata","status":"publish","type":"product","link":"https:\/\/visitaloshaitises.com\/ca\/private\/27-waterfalls-27-charcos-of-damajagua-zipline-trekking-or-hike-puerto-plata\/","title":{"rendered":"27 Waterfalls (27 Tolls) of Damajagua Zipline, Trekking or Hike Port Plata"},"content":{"rendered":"<div class=\"vc_row wpb_row vc_row-fluid\" ><div class=\"wpb_column vc_column_container vc_col-sm-12\"><div class=\"vc_column-inner\"><div class=\"wpb_wrapper\">[mkdf_section_title title_tag=\u00bb\u00bb disable_break_words=\u00bbno\u00bb subtitle_tag=\u00bb\u00bb title=\u00bb27 Waterfalls (27 Charcos) of Damajagua Zipline\u00bb subtitle=\u00bbLunch Included, Trekking or Hike Puerto Plata\u00bb]<\/div><\/div><\/div><\/div><div class=\"vc_row wpb_row vc_row-fluid\" ><div class=\"wpb_column vc_column_container vc_col-sm-12\"><div class=\"vc_column-inner\"><div class=\"wpb_wrapper\">\n\t<div class=\"wpb_text_column wpb_content_element\" >\n\t\t<div class=\"wpb_wrapper\">\n\t\t\t<h3 class=\"ui_header h1 attractions-product-info-ProductTitle__title--1qM0o\">27 Waterfalls (27 Tolls) of Damajagua Zipline, Trekking or Hike Port Plata<\/h3>\n<h4><b><i>Overview <\/i><\/b><\/h4>\n<p>Get your Tickets per excursi\u00f3 de dia a dia here in the 27 Waterfall from Damajagua. Let&#039;s enjoy 5 zipline estacions including two suspension bridges. Everything starts walking about 45 minutes until getting to the 12 pool, where you will begin descending to pool 7 with the zipline.<\/p>\n<p>Podeu 12 zipline staff awaits iu endre\u00e7ar-vos a la vostra assistance throughout tour of the circuit. The tour lasts approximately 2 hores i 45 minuts.<br \/>\nGet in nature and enjoy one of the most exciting activities in Puerto Plata, Damajagua Waterfalls plus Zipline.<\/p>\n<p>After this experience, teniu la possibilitat de tornar a l&#039;location, where you meet with the Tour Guide.<\/p>\n<ul>\n<li style=\"font-weight: 400;\">Fees included<\/li>\n<li>Lunch<\/li>\n<li>Snacks<\/li>\n<li style=\"font-weight: 400;\">Local Tour Guide in English<\/li>\n<\/ul>\n<p>&nbsp;<\/p>\n<h4><b>Inclusions &amp; Exclusions<\/b><\/h4>\n<p>&nbsp;<\/p>\n<p><b>Inclusions<\/b><\/p>\n<ol>\n<li style=\"font-weight: 400;\">27 Waterfalls of Damajagua<\/li>\n<li>Lunch<\/li>\n<li style=\"font-weight: 400;\"><span style=\"font-weight: 400;\">All taxes, fees, and handling charges<\/span><\/li>\n<li style=\"font-weight: 400;\"><span style=\"font-weight: 400;\">Local taxes<\/span><\/li>\n<li style=\"font-weight: 400;\"><span style=\"font-weight: 400;\">Beverages<\/span><\/li>\n<li>Snacks<\/li>\n<li style=\"font-weight: 400;\"><span style=\"font-weight: 400;\">All activities<\/span><\/li>\n<li style=\"font-weight: 400;\"><span style=\"font-weight: 400;\">Local guide<\/span><\/li>\n<\/ol>\n<p><b> Exclusions<\/b><\/p>\n<ol>\n<li style=\"font-weight: 400;\"><span style=\"font-weight: 400;\">Gratu\u00eftes<\/span><\/li>\n<li>transportation ( Set by Contacting us)<\/li>\n<li style=\"font-weight: 400;\"><span style=\"font-weight: 400;\">Alcoholic Drinks<\/span><\/li>\n<\/ol>\n<p>&nbsp;<\/p>\n<h4><em><strong>Departure &amp; Return<\/strong><\/em><\/h4>\n<p><span style=\"font-weight: 400;\">The traveler will get a meeting point after the Reservation Process. Tours start and Finish at your meeting points.<\/span><\/p>\n<h4><\/h4>\n<h3 class=\"ui_header h1 attractions-product-info-ProductTitle__title--1qM0o\">27 Waterfalls (27 Tolls) of Damajagua Zipline, Trekking or Hike Port Plata<\/h3>\n<h4><b><i>What To Expect?<\/i><\/b><\/h4>\n<div class=\"apd_content_block\" data-tab=\"TABS_OVERVIEW\"><\/div>\n<div data-tab=\"TABS_WHAT_TO_EXPECT\">\n<div class=\"ui_card attractions-card-CollapsibleProductDetailsCard__cardContainer--3r2wk attractions-card-CollapsibleProductDetailsCard__cleanslateOverrideDT--2AJh0\">\n<div class=\"attractions-card-CollapsibleCard__content--2Ws8q\">\n<div class=\"attractions-card-CollapsibleCard__contentWrap--374jk attractions-card-CollapsibleCard__titleUnderline--1uHze\">\n<div class=\"attractions-card-CollapsibleProductDetailsCard__cardContent--23ext\">\n<div class=\"common-text-ReadMore__readMore--3Iu8c common-text-ReadMore__variantFadeOut--1tInd\">\n<div class=\"common-text-ReadMore__content--2X4LR\">\n<div class=\"ui_columns is-desktop\">\n<div>What we first guarantee is Safety. El most important thing about zip lining is your safety and that&#039;s why we offer the best professional zip line guides que t&#039;accompanying you from the reception making your adventure even more enjoyable.<\/div>\n<div><\/div>\n<div>Gliding on cable cable make you feel the adrenaline a also be the key to have fresh air on your hair in tropical forest with one of the best beautiful rivers in the Dominican Republic, Damajagua Waterfalls.<\/div>\n<div><\/div>\n<div class=\"ui_column\">After the meal, say goodbye en el local guides i una best experiencia will be kept in mind and photos or videos for rest of your life.<\/div>\n<\/div>\n<\/div>\n<\/div>\n<\/div>\n<\/div>\n<\/div>\n<\/div>\n<\/div>\n<h4><em><strong>What you should bring?<\/strong><\/em><\/h4>\n<ul>\n<li style=\"font-weight: 400;\"><span style=\"font-weight: 400;\">Camera<\/span><\/li>\n<li style=\"font-weight: 400;\"><span style=\"font-weight: 400;\">Repellent buds<\/span><\/li>\n<li style=\"font-weight: 400;\"><span style=\"font-weight: 400;\">Suncream<\/span><\/li>\n<li style=\"font-weight: 400;\"><span style=\"font-weight: 400;\">Hat<\/span><\/li>\n<li style=\"font-weight: 400;\"><span style=\"font-weight: 400;\">Comfortable pants<\/span><\/li>\n<li style=\"font-weight: 400;\"><span style=\"font-weight: 400;\">Hiking shoes for forest<\/span><\/li>\n<li style=\"font-weight: 400;\"><span style=\"font-weight: 400;\">Sandals to the Spring areas.<\/span><\/li>\n<li style=\"font-weight: 400;\"><span style=\"font-weight: 400;\">Swimming wear<\/span><\/li>\n<\/ul>\n<p>&nbsp;<\/p>\n<h4><b><i>Hotel Pickup <\/i><\/b><\/h4>\n<p><span style=\"font-weight: 400;\">Hotel pick-up no est\u00e0 ofert per aquest tour. We set Pick up by contacting us by Whatsapp.<\/span><\/p>\n<p>&nbsp;<\/p>\n<p><b>Nota:<\/b><span style=\"font-weight: 400;\"> Per a vost\u00e8 booking within 24 hores de tour\/Excursion departure time, we can arrangements hotel pick-up with extra Charges. Onze your purchase \u00e9s complete, we will send you complete contact information (phone number, email address, etc.) per al nostre local Tour guide to organitza pick-up arranjaments.<\/span><\/p>\n<h4><b><i>Additional Info Confirmation <\/i><\/b><\/h4>\n<ol>\n<li>Tiquets s\u00f3n el Receipt after paying for this Tour. Heu fet show payment on your phone.<\/li>\n<li style=\"font-weight: 400;\"><span style=\"font-weight: 400;\">Meeting Point Will be received After the Reservation Process.<\/span><\/li>\n<li style=\"font-weight: 400;\"><span style=\"font-weight: 400;\">Children must be accompanied by an adult.<\/span><\/li>\n<li style=\"font-weight: 400;\"><span style=\"font-weight: 400;\"> Not wheelchair accessible <\/span><\/li>\n<li style=\"font-weight: 400;\"><span style=\"font-weight: 400;\">Infants must sit on laps <\/span><\/li>\n<li style=\"font-weight: 400;\"><span style=\"font-weight: 400;\">No recomaneu for travelers with back problems<\/span><\/li>\n<li style=\"font-weight: 400;\"><span style=\"font-weight: 400;\">Not recomeneu for pregnant travelers <\/span><\/li>\n<li style=\"font-weight: 400;\"><span style=\"font-weight: 400;\"> No heart problems or other serious medical conditions <\/span><\/li>\n<li style=\"font-weight: 400;\"><span style=\"font-weight: 400;\">Most travelers can participate<\/span><\/li>\n<\/ol>\n<h4><b><i>Cancellation Policy<\/i><\/b><\/h4>\n<p><span style=\"font-weight: 400;\">Per full refund, cancel\u00b7leu fins a 74 hores en l&#039;avan\u00e7 de la data d&#039;arribada. Funds s\u00f3n sense reservaci\u00f3 que es cancel\u00b7len el dia de l&#039;estada.<\/span><\/p>\n\n\t\t<\/div>\n\t<\/div>\n<\/div><\/div><\/div><\/div><div class=\"vc_row wpb_row vc_row-fluid\" ><div class=\"wpb_column vc_column_container vc_col-sm-12\"><div class=\"vc_column-inner\"><div class=\"wpb_wrapper\">\n\t<div class=\"wpb_video_widget wpb_content_element vc_clearfix   vc_video-aspect-ratio-169 vc_video-el-width-100 vc_video-align-left\" >\n\t\t<div class=\"wpb_wrapper\">\n\t\t\t<h2 class=\"wpb_heading wpb_video_heading\">27 Waterfalls of Damajagua Tour from Puerto Plata:<\/h2>\n\t\t\t<div class=\"wpb_video_wrapper\"><iframe loading=\"lazy\" title=\"27 Waterfalls of Damajagua by Booking Adventures &amp; Travel Dominican Republic\" width=\"1100\" height=\"619\" src=\"https:\/\/www.youtube.com\/embed\/AVNh_we_RQE?start=17&feature=oembed\" frameborder=\"0\" allow=\"accelerometer; autoplay; clipboard-write; encrypted-media; gyroscope; picture-in-picture\" allowfullscreen><\/iframe><\/div>\n\t\t<\/div>\n\t<\/div>\n<\/div><\/div><\/div><\/div><div class=\"vc_row wpb_row vc_row-fluid\" ><div class=\"wpb_column vc_column_container vc_col-sm-12\"><div class=\"vc_column-inner\"><div class=\"wpb_wrapper\"><div class=\"vc_empty_space\"   style=\"height: 32px\"><span class=\"vc_empty_space_inner\"><\/span><\/div>\n\t<div class=\"wpb_text_column wpb_content_element\" >\n\t\t<div class=\"wpb_wrapper\">\n\t\t\t<h4>Contact us?<\/h4>\n<h5><em><strong>Booking Adventures<\/strong><\/em><\/h5>\n<p><em><strong>Locals<\/strong>\u00a0and\u00a0<strong>Nationals<\/strong>\u00a0Tour Guides &amp; Guest Services<\/em><\/p>\n<p><span class=\"text-turquoise\">Reservations:<\/span>\u00a0Tours &amp; Excursions in Dom. Rep.<\/p>\n<p><img decoding=\"async\" class=\"emoji\" draggable=\"false\" src=\"https:\/\/s.w.org\/images\/core\/emoji\/11.2.0\/svg\/1f4de.svg\" alt=\"\ud83d\udcde\" \/>\u00a0Tel \/ Whatsapp\u00a0\u00a0<a href=\"tel:+1-809-720-6035\">+1-809-720-6035<\/a>.<\/p>\n<p><img decoding=\"async\" class=\"emoji\" draggable=\"false\" src=\"https:\/\/s.w.org\/images\/core\/emoji\/11.2.0\/svg\/1f4e9.svg\" alt=\"\ud83d\udce9\" \/>\u00a0<a href=\"mailto:info@bookingadventures.com.do\">info@bookingadventures.com.do<\/a><\/p>\n<p><strong>We are Flexible Setting Private Tours by Whatsapp:\u00a0<a href=\"tel:+18097206035\">+18097206035.<\/a><\/strong><\/p>\n\n\t\t<\/div>\n\t<\/div>\n<div class=\"vc_empty_space\"   style=\"height: 32px\"><span class=\"vc_empty_space_inner\"><\/span><\/div><\/div><\/div><\/div><\/div>","protected":false},"excerpt":{"rendered":"<p>Aquesta excursi\u00f3 de 27 waterfalls de Damajagua al Port Plata, Llun and Excursion per 27 waterfalls, Zip line, turistika, i jumping do river.<\/p>\n<p>Ecological Trip to the 27 waterfalls of Puerto Plata. Get your Tickets per a excursi\u00f3 de dia a dia here in the 27 Waterfall from Damajagua. Entran\u00e7a de tiquets amb oberta i sortida Inclou jumping, zipline, i placa en el most beautiful waterfalls of the Dominican Republic. Hiking and Swimming with safety equipment to have the best experience ever!!<\/p>\n<p>&nbsp;<\/p>\n<p><strong>Si us plau Select the date for Tour:\u00a0<\/strong><\/p>","protected":false},"featured_media":11398,"template":"","meta":[],"product_brand":[],"product_cat":[524],"product_tag":[242,243,244,245,246,247,248,249,250,251,252,253,254,255,256,525,257,258],"class_list":{"0":"post-11390","1":"product","2":"type-product","3":"status-publish","4":"has-post-thumbnail","6":"product_cat-zipline","7":"product_tag-27-charcos-de-damajagua","8":"product_tag-27-waterfalls","9":"product_tag-27-waterfalls-dominican-republic","10":"product_tag-27-waterfalls-dominican-republic-facts","11":"product_tag-27-waterfalls-excursion","12":"product_tag-27-waterfalls-puerto-plata","13":"product_tag-amber-cove-cruise-terminal-27-waterfalls","14":"product_tag-amber-cove-excursions","15":"product_tag-damajagua-falls-tours","16":"product_tag-damajagua-national-park","17":"product_tag-excursion-27-waterfalls","18":"product_tag-how-to-get-to-27-waterfalls-from-puerto-plata","19":"product_tag-jumping-27-waterfalls","20":"product_tag-los-27-charcos-de-puerto-plata","21":"product_tag-puerto-plata","22":"product_tag-puerto-plata-zipline","23":"product_tag-things-to-do-in-amber-cove","24":"product_tag-tour-27-waterfalls","26":"first","27":"instock","28":"sale","29":"sold-individually","30":"shipping-taxable","31":"product-type-external"},"_links":{"self":[{"href":"https:\/\/visitaloshaitises.com\/ca\/wp-json\/wp\/v2\/product\/11390","targetHints":{"allow":["GET"]}}],"collection":[{"href":"https:\/\/visitaloshaitises.com\/ca\/wp-json\/wp\/v2\/product"}],"about":[{"href":"https:\/\/visitaloshaitises.com\/ca\/wp-json\/wp\/v2\/types\/product"}],"wp:featuredmedia":[{"embeddable":true,"href":"https:\/\/visitaloshaitises.com\/ca\/wp-json\/wp\/v2\/media\/11398"}],"wp:attachment":[{"href":"https:\/\/visitaloshaitises.com\/ca\/wp-json\/wp\/v2\/media?parent=11390"}],"wp:term":[{"taxonomy":"product_brand","embeddable":true,"href":"https:\/\/visitaloshaitises.com\/ca\/wp-json\/wp\/v2\/product_brand?post=11390"},{"taxonomy":"product_cat","embeddable":true,"href":"https:\/\/visitaloshaitises.com\/ca\/wp-json\/wp\/v2\/product_cat?post=11390"},{"taxonomy":"product_tag","embeddable":true,"href":"https:\/\/visitaloshaitises.com\/ca\/wp-json\/wp\/v2\/product_tag?post=11390"}],"curies":[{"name":"wp","href":"https:\/\/api.w.org\/{rel}","templated":true}]}}