{"id":11338,"date":"2021-08-15T20:08:47","date_gmt":"2021-08-15T20:08:47","guid":{"rendered":"https:\/\/haitises.com\/?post_type=product&#038;p=11338"},"modified":"2024-04-08T18:41:50","modified_gmt":"2024-04-08T18:41:50","slug":"playa-rincon-rincon-beach-playa-fronton-playa-madame-beach-samana-dominican-republic-2","status":"publish","type":"product","link":"https:\/\/visitaloshaitises.com\/ca\/private\/platja-raco-raco-beach-platja-fronto-platja-madame-beach-samana-dominican-republic-2\/","title":{"rendered":"Platja Rac\u00f3 (Rincon Beach), Platja Fronton + Platja Madame Beach, Saman\u00e1 \u2013 Dominican Republic."},"content":{"rendered":"<div class=\"vc_row wpb_row vc_row-fluid\" ><div class=\"wpb_column vc_column_container vc_col-sm-12\"><div class=\"vc_column-inner\"><div class=\"wpb_wrapper\"><div class=\"mkdf-section-title-holder\" style=\"text-align: left\">\n\t<div class=\"mkdf-st-inner\">\n\t\t\t\t\t<h5 class=\"mkdf-st-subtitle\" >\n\t\t\t\tLunch, Boat Ride and Private Transportation From Hotels.\t\t\t<\/h5>\n\t\t\t\t\t\t\t<h3 class=\"mkdf-st-title\" >\n\t\t\t\tPlaya Rinc\u00f3n, Playa Fronton + Playa Madame Beach, Saman\u00e1 - Dominican Republic.\t\t\t<\/h3>\n\t\t\t\t\t<\/div>\n<\/div>\n\t<div class=\"wpb_text_column wpb_content_element\" >\n\t\t<div class=\"wpb_wrapper\">\n\t\t\t<h3>Platja Rac\u00f3, Platja Fronton + Platja Madame Beach, Saman\u00e1 \u2013 Dominican Republic. Samana day trip.<\/h3>\n<h4><b><i>Overview <\/i><\/b><\/h4>\n<p>Trip start en Picking you up in Your hotel or airbnb in Samana area. Discover with us the 3 secrets i wild beaches de la regi\u00f3 El Rincon beach, Platja madame and Platja Fronton . One of the most beautiful excursions on the Saman\u00e1&#039;s peninsula. Enter the unique atmosf\u00e8ria de Platja Front\u00f3, beach only reachable per a boat surrounded per a coral reef around which you can snorkel, plavba s fishes i discover les corals i relax i enjoy amazing scenery. Relaxing, plaure i departure a la platja madame, all\u00e0 i a\u00efllades perfectes beach per snorkeling, where you can also visit a cave i fer great videos or Photos for awesome memories.<\/p>\n<p>You will have lunch with your toes in the sand to the sound of Merengue and Bachata at \u00abEl Paraiso\u00bb &#8211; The last restaurant before the jungle &#8211; where you will be served a complete meal including a fish dish, accompanied by local drinks and cocktails. On the way back we will stop at El Rincon Beach, here you will find a natural pearl that is considered one of the most beautiful beaches in the country. The white, fine sand, the turquoise sea and the meter-high palm trees speak for themselves.<\/p>\n<p>&nbsp;<\/p>\n<ul>\n<li><span style=\"font-weight: 400;\">Local Guide with Safety experiencie in the area.<\/span><\/li>\n<li>Snorkel<\/li>\n<li>Private Transportation<\/li>\n<li style=\"font-weight: 400;\">Fees included<\/li>\n<li>Lunch at the Beach<\/li>\n<li>Boat ride<\/li>\n<li style=\"font-weight: 400;\">Local Tour Guide in Spanish,English or French.<\/li>\n<li>Hiking<\/li>\n<\/ul>\n<p>&nbsp;<\/p>\n<h4><b>Inclusions &amp; Exclusions<\/b><\/h4>\n<p>&nbsp;<\/p>\n<p><b>Inclusions<\/b><\/p>\n<ol>\n<li><span style=\"font-weight: 400;\">Local Guide with Safety experiencie in the area.<\/span><\/li>\n<li>Private transportation for small groups<\/li>\n<li>Snorkel<\/li>\n<li style=\"font-weight: 400;\">El Rincon Beach<\/li>\n<li>Madame Beach<\/li>\n<li>Fronton Beach<\/li>\n<li style=\"font-weight: 400;\"><span style=\"font-weight: 400;\">All taxes, fees and handling charges<\/span><\/li>\n<li style=\"font-weight: 400;\"><span style=\"font-weight: 400;\">Local taxes<\/span><\/li>\n<li>Lunch at the Beach<\/li>\n<li>Hiking<\/li>\n<li style=\"font-weight: 400;\"><span style=\"font-weight: 400;\">All activities<\/span><\/li>\n<\/ol>\n<p><b> Exclusions<\/b><\/p>\n<ol>\n<li style=\"font-weight: 400;\"><span style=\"font-weight: 400;\">Gratu\u00eftes<\/span><\/li>\n<\/ol>\n<h4><em><strong>Departure &amp; Return<\/strong><\/em><\/h4>\n<p><span style=\"font-weight: 400;\">The traveler will get a meeting point after the Reservation Process. Tours start and Finish in your meeting points.<\/span><\/p>\n<h3>Platja Rac\u00f3, Platja Fronton + Platja Madame Beach, Saman\u00e1 \u2013 Dominican Republic. Samana day trip.<\/h3>\n<h4><b><i>What To Expect?<\/i><\/b><\/h4>\n<p><em><strong>Get your tickets<\/strong><\/em> for visiting Boca del diable i Fronton Beach in Samana. Day Trip. Starting from Samana hotels areas, Visita 3 of the most unique beaches around Dominican Republic. Platja Rac\u00f3 \u00e9s uns espolied strip de sands blancs que stretches per sobre 2.5 milers (4 quil\u00f2metres) al llarg d&#039;undeveloped part of the coast. Fringed a bord de coconut palms i enclosed per hores i cliff peaks a both ends, aquesta secluded beach feels like a true utopia, cut off from civilization.<\/p>\n<p>After El Rincon beach we will be visiting Madame, This beach \u00e9s common first stop on Snorkeling tour (inclou Platja Fronton, see below) i only accessible via boat or horse. While the scenery was dramatic and we loved checking out the nearby caves and hiking on the cliffs.<\/p>\n<p>Last option in our Trip \u00e9s Fronton Beach. Here the water is super clear, a beautiful shade of blue, and the surrounding coral reef ensures the beach is very safe for swimming<\/p>\n<p>&nbsp;<\/p>\n<p>The tour, organized by \u00abBooking Adventures\u00bb starts at the meeting point set with our Tour Guide. Come with Booking Adventures and have lunch at the beach and enyoy the 3 most amazing beaches in Samana, Dominican Republic.<\/p>\n<div class=\"body-description secondary\">\n<p>&nbsp;<\/p>\n<\/div>\n<h4><em><strong>What you should bring?<\/strong><\/em><\/h4>\n<ul>\n<li style=\"font-weight: 400;\"><span style=\"font-weight: 400;\">Camera<\/span><\/li>\n<li style=\"font-weight: 400;\"><span style=\"font-weight: 400;\">Repellent buds<\/span><\/li>\n<li style=\"font-weight: 400;\"><span style=\"font-weight: 400;\">Suncream<\/span><\/li>\n<li>Water<\/li>\n<li style=\"font-weight: 400;\"><span style=\"font-weight: 400;\">Hat<\/span><\/li>\n<li style=\"font-weight: 400;\"><span style=\"font-weight: 400;\">Comfortable pants<\/span><\/li>\n<li style=\"font-weight: 400;\"><span style=\"font-weight: 400;\">Hiking shoes for forest<\/span><\/li>\n<li style=\"font-weight: 400;\"><span style=\"font-weight: 400;\">Sandals to the Spring areas.<\/span><\/li>\n<li style=\"font-weight: 400;\"><span style=\"font-weight: 400;\">Swimming wear<\/span><\/li>\n<\/ul>\n<p>&nbsp;<\/p>\n<h4><b><i>Hotel Pickup <\/i><\/b><\/h4>\n<p><span style=\"font-weight: 400;\">Hotel pick-up \u00e9s ofert per aquest tour. <\/span><\/p>\n<p>&nbsp;<\/p>\n<p><b>Nota:<\/b><span style=\"font-weight: 400;\"> Per a vost\u00e8 booking within 24 hores de viatge\/Excursion departure time, we can arrangements hotel pick-up. We just pick up in Samana area. Onze your purchase \u00e9s complete, we will send you complete contact information (phone number, email address, etc.) per al nostre local Tour guide to organitza pick-up arranjaments.<\/span><\/p>\n<h4><b><i>Additional Info Confirmation <\/i><\/b><\/h4>\n<ol>\n<li>Tiquets s\u00f3n el Receipt after paying this Tour. Heu fet show payment on your phone.<\/li>\n<li style=\"font-weight: 400;\"><span style=\"font-weight: 400;\">Meeting Point Will be received After the Reservation Process.<\/span><\/li>\n<li style=\"font-weight: 400;\"><span style=\"font-weight: 400;\">Children must be accompanied by an adult.<\/span><\/li>\n<li style=\"font-weight: 400;\"><span style=\"font-weight: 400;\"> Not wheelchair accessible <\/span><\/li>\n<li style=\"font-weight: 400;\"><span style=\"font-weight: 400;\">Infants must sit on laps <\/span><\/li>\n<li style=\"font-weight: 400;\"><span style=\"font-weight: 400;\">No recomaneu for travelers with back problems<\/span><\/li>\n<li style=\"font-weight: 400;\"><span style=\"font-weight: 400;\">Not recomeneu for pregnant travelers <\/span><\/li>\n<li style=\"font-weight: 400;\"><span style=\"font-weight: 400;\"> No heart problems or other serious medical conditions <\/span><\/li>\n<li style=\"font-weight: 400;\"><span style=\"font-weight: 400;\">Most travelers can participate<\/span><\/li>\n<\/ol>\n<h4><b><i>Cancellation Policy<\/i><\/b><\/h4>\n<p><span style=\"font-weight: 400;\">Per full refund, cancel\u00b7leu les 24 hores abans de la data d&#039;arribada. Funds s\u00f3n sense reservaci\u00f3 que es cancel\u00b7len el dia de l&#039;estada.<\/span><\/p>\n\n\t\t<\/div>\n\t<\/div>\n<\/div><\/div><\/div><\/div><div class=\"vc_row wpb_row vc_row-fluid\" ><div class=\"wpb_column vc_column_container vc_col-sm-12\"><div class=\"vc_column-inner\"><div class=\"wpb_wrapper\">\n\t<div class=\"wpb_video_widget wpb_content_element vc_clearfix   vc_video-aspect-ratio-169 vc_video-el-width-100 vc_video-align-left\" >\n\t\t<div class=\"wpb_wrapper\">\n\t\t\t<h2 class=\"wpb_heading wpb_video_heading\">Boca del diable and Fronton beach<\/h2>\n\t\t\t<div class=\"wpb_video_wrapper\"><iframe loading=\"lazy\" title=\"The Saman\u00e1 Peninsula, Dominican Republic (DJI Phantom 4 4K)\" width=\"1100\" height=\"619\" src=\"https:\/\/www.youtube.com\/embed\/DYDXVm8Q_iM?feature=oembed\" frameborder=\"0\" allow=\"accelerometer; autoplay; clipboard-write; encrypted-media; gyroscope; picture-in-picture\" allowfullscreen><\/iframe><\/div>\n\t\t<\/div>\n\t<\/div>\n<\/div><\/div><\/div><\/div><div class=\"vc_row wpb_row vc_row-fluid\" ><div class=\"wpb_column vc_column_container vc_col-sm-12\"><div class=\"vc_column-inner\"><div class=\"wpb_wrapper\"><div class=\"vc_empty_space\"   style=\"height: 32px\"><span class=\"vc_empty_space_inner\"><\/span><\/div>\n\t<div class=\"wpb_text_column wpb_content_element\" >\n\t\t<div class=\"wpb_wrapper\">\n\t\t\t<h4>Contact us?<\/h4>\n<h5>Booking Adventures<\/h5>\n<p><em><strong>Locals<\/strong>\u00a0and\u00a0<strong>Nationals<\/strong>\u00a0Tour Guides &amp; Guest Services<\/em><\/p>\n<p><span class=\"text-turquoise\">Reservations:<\/span>\u00a0Tours &amp; Excursions in Dom. Rep.<\/p>\n<p><img decoding=\"async\" class=\"emoji\" draggable=\"false\" src=\"https:\/\/s.w.org\/images\/core\/emoji\/11.2.0\/svg\/1f4de.svg\" alt=\"\ud83d\udcde\" \/>\u00a0Tel \/ Whatsapp\u00a0\u00a0<a href=\"tel:+1-809-720-6035\">+1-809-720-6035<\/a>.<\/p>\n<p><img decoding=\"async\" class=\"emoji\" draggable=\"false\" src=\"https:\/\/s.w.org\/images\/core\/emoji\/11.2.0\/svg\/1f4e9.svg\" alt=\"\ud83d\udce9\" \/>\u00a0<a href=\"mailto:info@bookingadventures.com.do\">info@bookingadventures.com.do<\/a><\/p>\n<p><strong>We are Flexible Setting Private Tours by Whatsapp:\u00a0<a href=\"tel:+18097206035\">+18097206035.<\/a><\/strong><\/p>\n\n\t\t<\/div>\n\t<\/div>\n<div class=\"vc_empty_space\"   style=\"height: 32px\"><span class=\"vc_empty_space_inner\"><\/span><\/div><\/div><\/div><\/div><\/div>","protected":false},"excerpt":{"rendered":"<p>Trip starts at Picking you up in Your hotel or Airbnb in the Samana area. Discover with us the 3 secrets i wild beaches de la regi\u00f3 El Rincon beach, Platja madame and Platja Fronton. One of the most beautiful excursions a Saman\u00e1&#039;s peninsula. Enter the unique atmosf\u00e8ria de Platja Front\u00f3, beach only reachable per a boat surrounded per a coral reef around which you can snorkel, plavba s fishes i discover les corals i relax i enjoy amazing scenery. Relaxing, plaure i departure a la platja madame, all\u00e0 i a\u00efllades perfectes beach per snorkeling, per a les visites a cave i fer great v\u00eddeos o Photos for awesome memories.<\/p>\n<p>&nbsp;<\/p>\n<p><strong>Si us plau Select the date for Tour:\u00a0<\/strong><\/p>","protected":false},"featured_media":414,"template":"","meta":[],"product_brand":[],"product_cat":[98,135,124],"product_tag":[329,330,331,332,333,201,334,270,148,143],"class_list":{"0":"post-11338","1":"product","2":"type-product","3":"status-publish","4":"has-post-thumbnail","6":"product_cat-local-tour-guides","7":"product_cat-lunch","8":"product_cat-tours-excursions-samana-bay-dominican-republic","9":"product_tag-fronton-beach","10":"product_tag-madame-beach","11":"product_tag-playa-fronton-playa-madame-beach","12":"product_tag-playa-rincon","13":"product_tag-playa-rincon-tours","14":"product_tag-private-tours-samana","15":"product_tag-rincon-beach-tour","16":"product_tag-samana-dominican-republic","17":"product_tag-samana-excursions","18":"product_tag-samana-tours","20":"first","21":"instock","22":"sale","23":"sold-individually","24":"shipping-taxable","25":"product-type-external"},"_links":{"self":[{"href":"https:\/\/visitaloshaitises.com\/ca\/wp-json\/wp\/v2\/product\/11338","targetHints":{"allow":["GET"]}}],"collection":[{"href":"https:\/\/visitaloshaitises.com\/ca\/wp-json\/wp\/v2\/product"}],"about":[{"href":"https:\/\/visitaloshaitises.com\/ca\/wp-json\/wp\/v2\/types\/product"}],"wp:featuredmedia":[{"embeddable":true,"href":"https:\/\/visitaloshaitises.com\/ca\/wp-json\/wp\/v2\/media\/414"}],"wp:attachment":[{"href":"https:\/\/visitaloshaitises.com\/ca\/wp-json\/wp\/v2\/media?parent=11338"}],"wp:term":[{"taxonomy":"product_brand","embeddable":true,"href":"https:\/\/visitaloshaitises.com\/ca\/wp-json\/wp\/v2\/product_brand?post=11338"},{"taxonomy":"product_cat","embeddable":true,"href":"https:\/\/visitaloshaitises.com\/ca\/wp-json\/wp\/v2\/product_cat?post=11338"},{"taxonomy":"product_tag","embeddable":true,"href":"https:\/\/visitaloshaitises.com\/ca\/wp-json\/wp\/v2\/product_tag?post=11338"}],"curies":[{"name":"wp","href":"https:\/\/api.w.org\/{rel}","templated":true}]}}