{"id":558,"date":"2020-06-23T12:05:23","date_gmt":"2020-06-23T12:05:23","guid":{"rendered":"https:\/\/haitises.com\/?post_type=product&#038;p=558"},"modified":"2024-04-17T18:50:43","modified_gmt":"2024-04-17T18:50:43","slug":"excursion-a-los-haitises-con-senderismo-en-el-bosque-humedo","status":"publish","type":"product","link":"https:\/\/visitaloshaitises.com\/bs_ba\/privatni\/excursion-a-los-haitises-con-senderismo-en-el-bosque-humedo\/","title":{"rendered":"Izlet u Los Haitises sa planinarenjem po Mokroj \u0161umi"},"content":{"rendered":"<div class=\"vc_row wpb_row vc_row-fluid\" ><div class=\"wpb_column vc_column_container vc_col-sm-12\"><div class=\"vc_column-inner\"><div class=\"wpb_wrapper\">[mkdf_section_title title_tag=\u00bb\u00bb disable_break_words=\u00bbno\u00bb subtitle_tag=\u00bb\u00bb title=\u00bbLos Haitises National Park- From Sabana de la Mar + Hiking 2 Hours\u00bb subtitle=\u00bbHumid Forest + Normal Trip to Caves\u00bb]<\/div><\/div><\/div><\/div><div class=\"vc_row wpb_row vc_row-fluid\" ><div class=\"wpb_column vc_column_container vc_col-sm-12\"><div class=\"vc_column-inner\"><div class=\"wpb_wrapper\">\n\t<div class=\"wpb_text_column wpb_content_element\" >\n\t\t<div class=\"wpb_wrapper\">\n\t\t\t<h5>Mokra \u0161uma + normalan izlet u pe\u0107ine<\/h5>\n<h2>Nacionalni park Los Haitises- Od Sabana de la Mar + planinarenje 2 sata<\/h2>\n<h3><em>Opis<\/em><\/h3>\n<p>U\u017eivajte u dvosatnoj \u0161etnji kroz \u0161umu Nacionalnog parka Los Haitises. Nau\u010dite o ljekovitim biljkama i posjetite lokalna mjesta. Nakon posjete nacionalnom parku Los Haitises iz Sabana de la Mar ili hotela Ca\u00f1o Hondo sa lokalnim vodi\u010dima.<\/p>\n<p>Pje\u0161a\u010diti \u0107emo nakon izleta brodom. Uobi\u010dajeno privatno putovanje u Nacionalni park Los Haitises. Po\u0111ite s nama i posjetite najljep\u0161i nacionalni park u Dominikanskoj Republici, posjetite mangrove, 3 \u0161pilje i zaljev San Lorenzo. Ovo iskustvo mo\u017ee po\u010deti tako \u0161to zajednica Sabana de la Mar u\u010di o ovoj historiji Sabana de la Mar.<\/p>\n<ul>\n<li>Pje\u0161a\u010denje 2 sata u \u0161umi<\/li>\n<li>Istorija Sabana de la Mar<\/li>\n<li>Porezi uklju\u010deni<\/li>\n<li>Vodi\u010d pru\u017ea upute i nadzor.<\/li>\n<li>Ru\u010dak nije uklju\u010den za ru\u010dak u Cano Hondo Odaberite ovaj obilazak: Los Haitises Plus Ca\u00f1o Hondo.<\/li>\n<\/ul>\n<h3>Uklju\u010divanja i isklju\u010denja<\/h3>\n<h4>Inkluzije<\/h4>\n<ol>\n<li>Obilazak Los Haitisesa + pe\u0107ine i slike<\/li>\n<li>Svi porezi, naknade i manipulativni tro\u0161kovi.<\/li>\n<li>Lokalne takse<\/li>\n<li>Sve aktivnosti<\/li>\n<li>Lokalni vodi\u010d<\/li>\n<\/ol>\n<h4>Isklju\u010denja<\/h4>\n<ol>\n<li>Savjeti<\/li>\n<li>Ru\u010dak nije uklju\u010den za ru\u010dak u Cano Hondo Odaberite ovaj obilazak: Los Haitises Plus Ca\u00f1o Hondo.<\/li>\n<li>Transport<\/li>\n<li>Alkoholna pi\u0107a<\/li>\n<\/ol>\n<h3><em>Polazak i povratak<\/em><\/h3>\n<p>Putnik \u0107e dobiti mjesto sastanka nakon procesa rezervacije. Ture po\u010dinju i zavr\u0161avaju na na\u0161im mjestima okupljanja.<\/p>\n<h3><em>\u0160ta o\u010dekivati?<\/em><\/h3>\n<p>Nabavite karte za posjet nacionalnom parku Los Haitises sa pe\u0107inama, mangrovama i zaljevom San Lorenzo nakon dvosatnog pje\u0161a\u010denja kroz vla\u017enu \u0161umu Nacionalnog parka Los Haitises.<\/p>\n<p>Nacionalni park Los Haitises iz hotela Sabana de la Mar ili Ca\u00f1o Hondo s lokalnim vodi\u010dima. Putovanje po\u010dinje u glavnoj luci Nacionalnog parka Los Haitises. Ovo putovanje po\u010dinje u 10:00 sati s lokalnim turisti\u010dkim vodi\u010dem koji poznaje originalnu pri\u010du o veli\u010danstvenom Nacionalnom parku.<\/p>\n<p>Zatim kre\u0107emo iz glavne luke Nacionalnog parka Los Haitises, zvane Ca\u00f1o Hondo (Deep Creek) u \u010cAMCU sa prslucima za spa\u0161avanje. U\u017eivat \u0107emo u crvenoj \u0161umi mangrova dok ne stignemo do zaljeva San Lorenzo. Mala uvala u zaljevu Saman\u00e1. I evo nas! Prvo \u0161to mo\u017eete vidjeti je ogromna zbirka planinskog kre\u010dnja\u010dkog ostrva Mogotes. Iznad njih vi\u0161e od 700 vrsta biljaka i mnogo ptica mo\u010dvarica koje lete okolo. Zatim obilazak pe\u0107ina sa piktogramima na\u0161ih autohtonih zajednica od prije 750 godina.<\/p>\n<p>Kroz mangrove i kopno u otvorenom zaljevu San Lorenzo, odakle mo\u017eete fotografirati neravni \u0161umski krajolik. Pogledajte u vodu da vidite morske krave, rakove i delfine.<\/p>\n<p>El nombre del parque nacional proviene de sus habitantes originales, los indios ta\u00ednos. En su idioma, \u00abHaitises\u00bb se traduce en tierras altas o colinas, una referencia a las empinadas formaciones geol\u00f3gicas de la costa con calizas. Avent\u00farate en el parque para explorar cuevas como la Cueva de la Arena y la Cueva de la L\u00ednea. Las cuevas en la reserva fueron utilizadas como refugio por los indios ta\u00ednos y, m\u00e1s adelante, por los piratas escondidos. Busque dibujos de indios que decoran algunas de las paredes. Despu\u00e9s de visitar el Parque Nacional Los Haitises, iremos al bosque h\u00famedo para caminar 2 horas y regresar al lugar donde comenz\u00f3 nuestro viaje.<\/p>\n<h3><em>\u0160ta treba da ponesete?<\/em><\/h3>\n<ul>\n<li>Kamera<\/li>\n<li>Repelenti<\/li>\n<li>krema za sun\u010danje<\/li>\n<li>\u0160e\u0161ir<\/li>\n<li>Udobne pantalone<\/li>\n<li>\u0160umske planinarske cipele<\/li>\n<li>Sandale za prole\u0107na podru\u010dja.<\/li>\n<li>Kupa\u0107i kostim<\/li>\n<\/ul>\n<h3><em>Preuzimanje hotela<\/em><\/h3>\n<p>Prevoz iz hotela se nudi ako se nalazite u hotelu Paraiso Ca\u00f1o Hondo ili Altos Ca\u00f1o Hondo. Na\u0161e mjesto sastanka je 5 minuta hoda od tih hotela.<\/p>\n<p><strong>Bilje\u0161ka:<\/strong> Ako rezervi\u0161ete u roku od 24 sata od vremena polaska na obilazak\/izlet, mo\u017eemo organizovati preuzimanje iz hotela uz dodatne tro\u0161kove ako niste u hotelima Ca\u00f1o Hondo. Nakon \u0161to je va\u0161a kupovina zavr\u0161ena, poslat \u0107emo vam kompletne kontakt informacije (broj telefona, e-mail adresu, itd.) za na\u0161eg lokalnog turisti\u010dkog vodi\u010da da dogovori aran\u017emane za preuzimanje.<\/p>\n<h3><em>Potvrda dodatnih informacija<\/em><\/h3>\n<ul>\n<li>Ulaznice su ra\u010dun nakon uplate za ovu turneju. Uplatu mo\u017eete prikazati na svom telefonu.<\/li>\n<li>Mjesto sastanka \u0107e biti primljeno nakon procesa rezervacije.<\/li>\n<li>Djeca moraju biti u pratnji odrasle osobe.<\/li>\n<li>Nije pristupa\u010dno za invalidska kolica<\/li>\n<li>Bebe treba da sede u sedi\u0161tu za bebe ili sa odraslom osobom<\/li>\n<li>Ne preporu\u010duje se putnicima sa problemima sa le\u0111ima.<\/li>\n<li>Ne preporu\u010duje se trudnicama.<\/li>\n<li>Nema problema sa srcem ili drugih ozbiljnih zdravstvenih stanja.<\/li>\n<li>Ve\u0107ina putnika mo\u017ee u\u010destvovati.<\/li>\n<\/ul>\n<h3><em>Politika otkazivanja<\/em><\/h3>\n<p>Za puni povrat novca, otka\u017eite najmanje 24 sata prije datuma po\u010detka iskustva.<\/p>\n\n\t\t<\/div>\n\t<\/div>\n<\/div><\/div><\/div><\/div><div class=\"vc_row wpb_row vc_row-fluid\" ><div class=\"wpb_column vc_column_container vc_col-sm-12\"><div class=\"vc_column-inner\"><div class=\"wpb_wrapper\"><div class=\"vc_empty_space\"   style=\"height: 32px\"><span class=\"vc_empty_space_inner\"><\/span><\/div>\n\t<div class=\"wpb_video_widget wpb_content_element vc_clearfix   vc_video-aspect-ratio-169 vc_video-el-width-100 vc_video-align-left\" >\n\t\t<div class=\"wpb_wrapper\">\n\t\t\t\n\t\t\t<div class=\"wpb_video_wrapper\"><iframe loading=\"lazy\" title=\"Nacionalni park Los Haitises, obilasci i izleti iz Samane ili Sabana de la Mar. Rezervirajte ovdje:\" src=\"https:\/\/player.vimeo.com\/video\/346508015?dnt=1&amp;app_id=122963\" width=\"1100\" height=\"619\" frameborder=\"0\" allow=\"autoplay; fullscreen\" allowfullscreen><\/iframe><\/div>\n\t\t<\/div>\n\t<\/div>\n<\/div><\/div><\/div><\/div><div class=\"vc_row wpb_row vc_row-fluid\" ><div class=\"wpb_column vc_column_container vc_col-sm-12\"><div class=\"vc_column-inner\"><div class=\"wpb_wrapper\"><div class=\"vc_empty_space\"   style=\"height: 32px\"><span class=\"vc_empty_space_inner\"><\/span><\/div>\n\t<div class=\"wpb_text_column wpb_content_element\" >\n\t\t<div class=\"wpb_wrapper\">\n\t\t\t<h4>Kontaktiraj nas?<\/h4>\n<h5>Booking Adventures<\/h5>\n<p><em><strong>Lokalno stanovni\u0161tvo<\/strong>\u00a0i\u00a0<strong>Dr\u017eavljani<\/strong>\u00a0Turisti\u010dki vodi\u010di i usluge za goste<\/em><\/p>\n<p><span class=\"text-turquoise\">Rezervacije:<\/span>\u00a0Obilasci i ekskurzije u Dom. Rep.<\/p>\n<p><img decoding=\"async\" class=\"emoji\" draggable=\"false\" src=\"https:\/\/s.w.org\/images\/core\/emoji\/11.2.0\/svg\/1f4de.svg\" alt=\"\ud83d\udcde\" \/>\u00a0Tel\/Whatsapp\u00a0\u00a0<a href=\"tel:+1-809-720-6035\">+1-809-720-6035<\/a>.<\/p>\n<p><img decoding=\"async\" class=\"emoji\" draggable=\"false\" src=\"https:\/\/s.w.org\/images\/core\/emoji\/11.2.0\/svg\/1f4e9.svg\" alt=\"\ud83d\udce9\" \/>\u00a0<a href=\"mailto:info@bookingadventures.com.do\">info@bookingadventures.com.do<\/a><\/p>\n<p><strong>Mi smo fleksibilno postavljamo privatne ture putem Whatsappa:\u00a0<a href=\"tel:+18097206035\">+18097206035.<\/a><\/strong><\/p>\n\n\t\t<\/div>\n\t<\/div>\n<div class=\"vc_empty_space\"   style=\"height: 32px\"><span class=\"vc_empty_space_inner\"><\/span><\/div><\/div><\/div><\/div><\/div>","protected":false},"excerpt":{"rendered":"<p>I evo nas! Prvo \u0161to mo\u017eete vidjeti je ogromna zbirka kre\u010dnja\u010dkih planinskih ostrva Mogotes iznad njih vi\u0161e od 700 vrsta biljaka i mnogih ptica mo\u010dvarica koje lete. Zatim posjetite pe\u0107ine sa piktogramima na\u0161ih autohtonih zajednica prije 750 godina.<\/p>\n<p>Nadalje, ovo putovanje pokazuje da su to najva\u017enija mjesta za posjetiti u Nacionalnom parku Haitises. Dvije najposje\u0107enije pe\u0107ine su Cueva de la L\u00ednea i Cueva de la Arena. Nakon nekoliko sati obilaska ovog prekrasnog Nacionalnog parka uputili smo se prema vla\u017enoj \u0161umi Nacionalnog parka Haitises, nakon 2 sata hoda vratili smo se na mjesto odakle smo krenuli na ekskurziju. Nabavite svoje karte ovdje i vozite se s lokalnim stanovni\u0161tvom koje poznaje povijest Nacionalnog parka Haitises.<\/p>\n<p><strong>Molimo odaberite datum za obilazak:<\/strong><\/p>\n<p>&nbsp;<\/p>\n<p>&nbsp;<\/p>","protected":false},"featured_media":84,"template":"","meta":[],"product_brand":[],"product_cat":[443,123,124],"product_tag":[179,125,126,129,130,104,221,131,132,210,222,134,223,146,114,224],"class_list":{"0":"post-558","1":"product","2":"type-product","3":"status-publish","4":"has-post-thumbnail","6":"product_cat-tours-y-excursiones-es","7":"product_cat-tours-excursions-los-haitises-national-park","8":"product_cat-tours-excursions-samana-bay-dominican-republic","9":"product_tag-birding-in-los-haitises","10":"product_tag-boat-tour","11":"product_tag-cano-hondo","12":"product_tag-eco-tours","13":"product_tag-excursion","14":"product_tag-hiking","15":"product_tag-hiking-los-haitises","16":"product_tag-locals-guides","17":"product_tag-los-haitises","18":"product_tag-los-haitises-excursions","19":"product_tag-los-haitises-from-samana","20":"product_tag-los-haitises-national-park-tour","21":"product_tag-los-haitises-sabana-de-la-mar","22":"product_tag-mangroves-los-haitises","23":"product_tag-sabana-de-la-mar","24":"product_tag-trails","26":"first","27":"instock","28":"sale","29":"sold-individually","30":"shipping-taxable","31":"product-type-external"},"_links":{"self":[{"href":"https:\/\/visitaloshaitises.com\/bs_ba\/wp-json\/wp\/v2\/product\/558","targetHints":{"allow":["GET"]}}],"collection":[{"href":"https:\/\/visitaloshaitises.com\/bs_ba\/wp-json\/wp\/v2\/product"}],"about":[{"href":"https:\/\/visitaloshaitises.com\/bs_ba\/wp-json\/wp\/v2\/types\/product"}],"wp:featuredmedia":[{"embeddable":true,"href":"https:\/\/visitaloshaitises.com\/bs_ba\/wp-json\/wp\/v2\/media\/84"}],"wp:attachment":[{"href":"https:\/\/visitaloshaitises.com\/bs_ba\/wp-json\/wp\/v2\/media?parent=558"}],"wp:term":[{"taxonomy":"product_brand","embeddable":true,"href":"https:\/\/visitaloshaitises.com\/bs_ba\/wp-json\/wp\/v2\/product_brand?post=558"},{"taxonomy":"product_cat","embeddable":true,"href":"https:\/\/visitaloshaitises.com\/bs_ba\/wp-json\/wp\/v2\/product_cat?post=558"},{"taxonomy":"product_tag","embeddable":true,"href":"https:\/\/visitaloshaitises.com\/bs_ba\/wp-json\/wp\/v2\/product_tag?post=558"}],"curies":[{"name":"wp","href":"https:\/\/api.w.org\/{rel}","templated":true}]}}