{"id":34,"date":"2020-06-14T11:56:46","date_gmt":"2020-06-14T11:56:46","guid":{"rendered":"https:\/\/haitises.com\/product\/import-placeholder-for-8209\/"},"modified":"2024-03-31T23:21:00","modified_gmt":"2024-03-31T23:21:00","slug":"el-limon-waterfalls-bacardi-island-excursion-from-punta-cana-area-meeting-point-sabana-de-la-mar","status":"publish","type":"product","link":"https:\/\/visitaloshaitises.com\/bs_ba\/private\/el-limon-waterfalls-bacardi-island-excursion-from-punta-cana-area-meeting-point-sabana-de-la-mar\/","title":{"rendered":"Vodopadi El Limon i ostrvo Bacardi \u2013 izlet iz oblasti Punta Cana (mesto okupljanja Sabana de la Mar)"},"content":{"rendered":"<div class=\"vc_row wpb_row vc_row-fluid\" ><div class=\"wpb_column vc_column_container vc_col-sm-12\"><div class=\"vc_column-inner\"><div class=\"wpb_wrapper\"><div class=\"mkdf-section-title-holder\" style=\"text-align: left\">\n\t<div class=\"mkdf-st-inner\">\n\t\t\t\t\t<h5 class=\"mkdf-st-subtitle\" >\n\t\t\t\t(Meeting point Sabana de la mar)\t\t\t<\/h5>\n\t\t\t\t\t\t\t<h3 class=\"mkdf-st-title\" >\n\t\t\t\tEl Limon Waterfalls &amp; Bacardi Island - Excursion from Punta Cana area\t\t\t<\/h3>\n\t\t\t\t\t<\/div>\n<\/div><\/div><\/div><\/div><\/div><div class=\"vc_row wpb_row vc_row-fluid\" ><div class=\"wpb_column vc_column_container vc_col-sm-12\"><div class=\"vc_column-inner\"><div class=\"wpb_wrapper\">\n\t<div class=\"wpb_text_column wpb_content_element\" >\n\t\t<div class=\"wpb_wrapper\">\n\t\t\t<h4><b><i>Pregled <\/i><\/b><\/h4>\n<p>If you are in Punta Cana or Bavaro, Looking for a day trip paying less than normal. Just book this trip starting from Sabana de la Mar area. Visiting Samana community on Safari to arrive in El Lim\u00f3n Comunity, Horse riding or Hiking to the Waterfalls after crossing Samana Bay and Luch time at Bacardi Island. This trip Starts at 9: 00 am and finish at 4:30 pm.<\/p>\n<p>After this experience, you will get Back to Sabana de la Mar port.<\/p>\n<ul>\n<li style=\"font-weight: 400;\">Uklju\u010dene naknade<\/li>\n<li>Lunch at the beach included<\/li>\n<li style=\"font-weight: 400;\"><span style=\"font-weight: 400;\">The guide provides instruction and Supervision<\/span><\/li>\n<\/ul>\n<p>&nbsp;<\/p>\n<h4><b>Uklju\u010divanja i isklju\u010denja<\/b><\/h4>\n<p>&nbsp;<\/p>\n<p><b>Inkluzije<\/b><\/p>\n<ol>\n<li style=\"font-weight: 400;\">Saman\u00e1 Bay<\/li>\n<li>Bacardi Island, Beach, and Lunch<\/li>\n<li>Safari to El Lim\u00f3n<\/li>\n<li>Horse riding or Hiking to Waterfalls<\/li>\n<li>Dominicans Cocktails<\/li>\n<li style=\"font-weight: 400;\"><span style=\"font-weight: 400;\">Svi porezi, naknade i manipulativni tro\u0161kovi<\/span><\/li>\n<li style=\"font-weight: 400;\"><span style=\"font-weight: 400;\">Lokalne takse<\/span><\/li>\n<li style=\"font-weight: 400;\"><span style=\"font-weight: 400;\">Beverages<\/span><\/li>\n<li style=\"font-weight: 400;\"><span style=\"font-weight: 400;\">Sve aktivnosti<\/span><\/li>\n<li style=\"font-weight: 400;\"><span style=\"font-weight: 400;\">Lokalni vodi\u010d<\/span><\/li>\n<\/ol>\n<p><b> Isklju\u010denja<\/b><\/p>\n<ol>\n<li style=\"font-weight: 400;\"><span style=\"font-weight: 400;\">Napojnice<\/span><\/li>\n<li style=\"font-weight: 400;\"><span style=\"font-weight: 400;\">Transfers from Punta Cana not included<\/span><\/li>\n<li style=\"font-weight: 400;\"><span style=\"font-weight: 400;\">Alcoholic Drinks after Cocktails\u00a0<\/span><\/li>\n<\/ol>\n<p>&nbsp;<\/p>\n<h4><em><strong>Odlazak i povratak<\/strong><\/em><\/h4>\n<p><span style=\"font-weight: 400;\">The traveler will get a meeting point after the Reservation Process. Tours start and Finished in our meeting points.<\/span><\/p>\n<p>&nbsp;<\/p>\n<h4><b><i>\u0160ta o\u010dekivati?<\/i><\/b><\/h4>\n<p>&nbsp;<\/p>\n<p><em><strong>Uzmite svoje karte<\/strong><\/em> for visiting The Waterfalls on Horses riding or Hiking, Safari Saman\u00e1, Swimming at the Natural Springs from the waterfalls lunch at Bacardi island plus Beach Time.<\/p>\n<p>Starting from Sabana de la Mar ports onboard of a Boat or Catamaran with a Local tour guide we pass Saman\u00e1 Bay to Saman\u00e1 community. Taking a Safari with a local tour guide to talk about Saman\u00e1 history until arrive in El Limon Comunity. In El Lim\u00f3n Comunity we start hiking or Horse riding by El Limon waterfalls forest to the El Lim\u00f3n Waterfalls. Where when we arrive we can swim!\u00a0 After back to Safari to go to Samana port. Visit Bacardi island for lunch on the beach and swimming in one of the most beautiful islands from the Dominican Republic.<\/p>\n<p>In Case you will like this trip longer or Shorter we have these options:<\/p>\n<ol>\n<li><a href=\"https:\/\/www.ticketswhales.com\/tour\/los-haitises-national-park-tour-from-samana-port\/\" target=\"_blank\" rel=\"noopener\">Los Haitises + Cayo Levantado from Samana Port.<\/a><\/li>\n<li><a href=\"https:\/\/www.ticketswhales.com\/tour\/los-haitises-national-park-lunch-at-cano-hondo-from-samana-port\/\" target=\"_blank\" rel=\"noopener\">Los Haitises + Cano Hondo from Samana Port.<\/a><\/li>\n<\/ol>\n<p>&nbsp;<\/p>\n<h4><em><strong>\u0160ta treba da ponesete?<\/strong><\/em><\/h4>\n<ul>\n<li style=\"font-weight: 400;\"><span style=\"font-weight: 400;\">kamera<\/span><\/li>\n<li style=\"font-weight: 400;\"><span style=\"font-weight: 400;\">Repelentni pupoljci<\/span><\/li>\n<li style=\"font-weight: 400;\"><span style=\"font-weight: 400;\">krema za sun\u010danje<\/span><\/li>\n<li style=\"font-weight: 400;\"><span style=\"font-weight: 400;\">\u0160e\u0161ir<\/span><\/li>\n<li style=\"font-weight: 400;\"><span style=\"font-weight: 400;\">Udobne pantalone<\/span><\/li>\n<li style=\"font-weight: 400;\"><span style=\"font-weight: 400;\">Planinarske cipele za \u0161umu<\/span><\/li>\n<li style=\"font-weight: 400;\"><span style=\"font-weight: 400;\">Sandale za prole\u0107na podru\u010dja.<\/span><\/li>\n<li style=\"font-weight: 400;\"><span style=\"font-weight: 400;\">Odje\u0107a za kupanje<\/span><\/li>\n<\/ul>\n<p>&nbsp;<\/p>\n<h4><b><i>Hotel Pickup <\/i><\/b><\/h4>\n<p><span style=\"font-weight: 400;\">Hotel pick-up is not offered for this tour. But if you contact us we can talk about it.<\/span><\/p>\n<p>&nbsp;<\/p>\n<p><b>Bilje\u0161ka:<\/b><span style=\"font-weight: 400;\"> Ako ste rezervisani u roku od 24 sata od vremena polaska na izlet\/izlet, mo\u017eemo organizovati preuzimanje iz hotela uz doplatu. Kada va\u0161a kupovina bude zavr\u0161ena, poslat \u0107emo vam potpune kontakt informacije (broj telefona, e-mail adresu, itd.) za na\u0161eg lokalnog turisti\u010dkog vodi\u010da da organizira aran\u017emane za preuzimanje.<\/span><\/p>\n<h4><b><i>Potvrda dodatnih informacija <\/i><\/b><\/h4>\n<ol>\n<li>Ulaznice su ra\u010dun nakon pla\u0107anja ove turneje. Uplatu mo\u017eete prikazati na svom telefonu.<\/li>\n<li style=\"font-weight: 400;\"><span style=\"font-weight: 400;\">Mjesto sastanka \u0107e biti primljeno nakon procesa rezervacije.<\/span><\/li>\n<li style=\"font-weight: 400;\"><span style=\"font-weight: 400;\">Djeca moraju biti u pratnji odrasle osobe.<\/span><\/li>\n<li style=\"font-weight: 400;\"><span style=\"font-weight: 400;\"> Nije pristupa\u010dno za invalidska kolica <\/span><\/li>\n<li style=\"font-weight: 400;\"><span style=\"font-weight: 400;\">Bebe moraju sjediti u krilu <\/span><\/li>\n<li style=\"font-weight: 400;\"><span style=\"font-weight: 400;\">Ne preporu\u010duje se putnicima sa problemima sa le\u0111ima<\/span><\/li>\n<li style=\"font-weight: 400;\"><span style=\"font-weight: 400;\">Ne preporu\u010duje se trudnicama <\/span><\/li>\n<li style=\"font-weight: 400;\"><span style=\"font-weight: 400;\"> Nema problema sa srcem ili drugih ozbiljnih zdravstvenih stanja <\/span><\/li>\n<li style=\"font-weight: 400;\"><span style=\"font-weight: 400;\">Ve\u0107ina putnika mo\u017ee u\u010destvovati<\/span><\/li>\n<\/ol>\n<h4><b><i>Politika otkazivanja<\/i><\/b><\/h4>\n<p><span style=\"font-weight: 400;\">Za puni povrat novca, otka\u017eite najmanje 24 sata prije datuma po\u010detka iskustva.<\/span><\/p>\n\n\t\t<\/div>\n\t<\/div>\n<\/div><\/div><\/div><\/div><div class=\"vc_row wpb_row vc_row-fluid\" ><div class=\"wpb_column vc_column_container vc_col-sm-12\"><div class=\"vc_column-inner\"><div class=\"wpb_wrapper\"><div class=\"vc_empty_space\"   style=\"height: 32px\"><span class=\"vc_empty_space_inner\"><\/span><\/div>\n\t<div class=\"wpb_text_column wpb_content_element\" >\n\t\t<div class=\"wpb_wrapper\">\n\t\t\t<h4>Kontaktiraj nas?<\/h4>\n<h5><em><strong>Booking Adventures<\/strong><\/em><\/h5>\n<p><em><strong>Lokalno stanovni\u0161tvo<\/strong> i <strong>Dr\u017eavljani<\/strong> Turisti\u010dki vodi\u010di i usluge za goste<\/em><\/p>\n<p><span class=\"text-turquoise\">Rezervacije:<\/span> Obilasci i ekskurzije u Dom. Rep.<\/p>\n<p><img decoding=\"async\" class=\"emoji\" draggable=\"false\" src=\"https:\/\/s.w.org\/images\/core\/emoji\/11.2.0\/svg\/1f4de.svg\" alt=\"\ud83d\udcde\" \/> Tel\/Whatsapp\u00a0 <a href=\"tel:+1-809-720-6035\">+1-809-720-6035<\/a>.<\/p>\n<p><img decoding=\"async\" class=\"emoji\" draggable=\"false\" src=\"https:\/\/s.w.org\/images\/core\/emoji\/11.2.0\/svg\/1f4e9.svg\" alt=\"\ud83d\udce9\" \/> <a href=\"mailto:info@bookingadventures.com.do\">info@bookingadventures.com.do<\/a><\/p>\n<p><strong>Mi smo fleksibilno postavljamo privatne ture putem Whatsappa: <a href=\"tel:+18097206035\">+18097206035.<\/a><\/strong><\/p>\n\n\t\t<\/div>\n\t<\/div>\n<div class=\"vc_empty_space\"   style=\"height: 32px\"><span class=\"vc_empty_space_inner\"><\/span><\/div><\/div><\/div><\/div><\/div>","protected":false},"excerpt":{"rendered":"<p><strong>Molimo odaberite datum za obilazak\u00a0<\/strong><\/p>","protected":false},"featured_media":94,"template":"","meta":[],"product_brand":[],"product_cat":[96,97,135,136,122,123,124],"product_tag":[137,138,139,140,141,114,142,143],"class_list":{"0":"post-34","1":"product","2":"type-product","3":"status-publish","4":"has-post-thumbnail","6":"product_cat-hiking","7":"product_cat-horse-riding-to-waterfalls","8":"product_cat-lunch","9":"product_cat-safari-samana","10":"product_cat-tours-and-excursions","11":"product_cat-tours-excursions-los-haitises-national-park","12":"product_cat-tours-excursions-samana-bay-dominican-republic","13":"product_tag-bacardi-island","14":"product_tag-beach-time","15":"product_tag-cayo-levantado","16":"product_tag-el-limon-waterfalls","17":"product_tag-punta-cana","18":"product_tag-sabana-de-la-mar","19":"product_tag-samana","20":"product_tag-samana-tours","22":"first","23":"instock","24":"sale","25":"sold-individually","26":"shipping-taxable","27":"product-type-external"},"_links":{"self":[{"href":"https:\/\/visitaloshaitises.com\/bs_ba\/wp-json\/wp\/v2\/product\/34","targetHints":{"allow":["GET"]}}],"collection":[{"href":"https:\/\/visitaloshaitises.com\/bs_ba\/wp-json\/wp\/v2\/product"}],"about":[{"href":"https:\/\/visitaloshaitises.com\/bs_ba\/wp-json\/wp\/v2\/types\/product"}],"wp:featuredmedia":[{"embeddable":true,"href":"https:\/\/visitaloshaitises.com\/bs_ba\/wp-json\/wp\/v2\/media\/94"}],"wp:attachment":[{"href":"https:\/\/visitaloshaitises.com\/bs_ba\/wp-json\/wp\/v2\/media?parent=34"}],"wp:term":[{"taxonomy":"product_brand","embeddable":true,"href":"https:\/\/visitaloshaitises.com\/bs_ba\/wp-json\/wp\/v2\/product_brand?post=34"},{"taxonomy":"product_cat","embeddable":true,"href":"https:\/\/visitaloshaitises.com\/bs_ba\/wp-json\/wp\/v2\/product_cat?post=34"},{"taxonomy":"product_tag","embeddable":true,"href":"https:\/\/visitaloshaitises.com\/bs_ba\/wp-json\/wp\/v2\/product_tag?post=34"}],"curies":[{"name":"wp","href":"https:\/\/api.w.org\/{rel}","templated":true}]}}