{"id":11076,"date":"2021-04-09T10:46:13","date_gmt":"2021-04-09T10:46:13","guid":{"rendered":"https:\/\/haitises.com\/product\/import-placeholder-for-12064\/"},"modified":"2024-04-10T21:52:02","modified_gmt":"2024-04-10T21:52:02","slug":"excursion-whale-watching-samana-bay-cano-hondo-los-haitises-from-samana-port","status":"publish","type":"product","link":"https:\/\/visitaloshaitises.com\/bs_ba\/private\/izlet-promatranje-kitova-samana-bay-cano-hondo-los-haitises-iz-luke-samana\/","title":{"rendered":"Ekskurzija Promatranje kitova Saman\u00e1 Bay + Ca\u00f1o Hondo + Los Haitises iz luke Saman\u00e1"},"content":{"rendered":"<div class=\"vc_row wpb_row vc_row-fluid\" ><div class=\"wpb_column vc_column_container vc_col-sm-12\"><div class=\"vc_column-inner\"><div class=\"wpb_wrapper\"><div class=\"mkdf-section-title-holder\" style=\"text-align: left\">\n\t<div class=\"mkdf-st-inner\">\n\t\t\t\t\t<h5 class=\"mkdf-st-subtitle\" >\n\t\t\t\tTours &amp; Excursions\t\t\t<\/h5>\n\t\t\t\t\t\t\t<h3 class=\"mkdf-st-title\" >\n\t\t\t\tEkskurzija Promatranje kitova Samana bay + Cano Hondo + Los Haitises iz luke Samana\t\t\t<\/h3>\n\t\t\t\t\t<\/div>\n<\/div>\n\t<div class=\"wpb_text_column wpb_content_element\" >\n\t\t<div class=\"wpb_wrapper\">\n\t\t\t<div class=\"vc_row wpb_row vc_row-fluid\">\n<div class=\"wpb_column vc_column_container vc_col-sm-12\">\n<div class=\"vc_column-inner\">\n<div class=\"wpb_wrapper\">\n<div class=\"wpb_text_column wpb_content_element\">\n<div class=\"wpb_wrapper\">\n<h3><\/h3>\n<p>Posmatranje kitova u Samani po\u010dinje iz luke Saman\u00e1 nakon promatranja kitova, mi \u0107emo preko zaljeva posjetiti prirodne bazene Ca\u00f1o Hondo, kao i ru\u010dak i cijeli izlet u Nacionalni park Los Haitises.<\/p>\n<p>Ovo putovanje \u0107e po\u010deti u 9:00 ujutro i zavr\u0161iti u 17:00. Sastanak prije u na\u0161oj kancelariji. Nakon prekida na\u0161eg privatnog broda posjetiti kitove u njihovom vlastitom stani\u0161tu. Od 9:00 do 11:00 sati Opservatorij za kitove i nakon ovog izleta za promatranje kitova posjetit \u0107emo Ca\u00f1o Hondo na ru\u010dak i kupanje u prirodnim bazenima i zavr\u0161iti s punim izletom u Nacionalni park Los Haitises. Ovaj izlet \u0107e se zavr\u0161iti u istoj luci odakle \u0107e po\u010deti u 17:00 sati.<\/p>\n<p><strong>Napomena: Ovo je privatni izlet.\u00a0<\/strong><\/p>\n<ul>\n<li>Putovanje za promatranje kitova<\/li>\n<li>Obilazak nacionalnog parka Haitisa<\/li>\n<li>Ca\u00f1o Hondo, ru\u010dak i bazeni<\/li>\n<li>Ulaznice za opservatoriju<\/li>\n<li>Prijevoz brodom<\/li>\n<li>Kapetan daje instrukcije i nadzor<\/li>\n<li>Tour Guide<\/li>\n<\/ul>\n<p>&nbsp;<\/p>\n<h4><b>Uklju\u010divanja i isklju\u010denja<\/b><\/h4>\n<p>&nbsp;<\/p>\n<p><b>Inkluzije<\/b><\/p>\n<ol>\n<li>Ru\u010dak na bazi \u0161vedskog stola u Ca\u00f1o Hondo<\/li>\n<li>Prirodni bazeni<\/li>\n<li>Promatranje kitova zaljev Saman\u00e1<\/li>\n<li>Nacionalni park Los Haitises, pe\u0107ine, mangrove i zaljev San Lorenzo<\/li>\n<li>Tour Guide<\/li>\n<li>Izlet katamaranom ili brodom<\/li>\n<li>Svi porezi, naknade i manipulativni tro\u0161kovi<\/li>\n<li>Lokalne takse<\/li>\n<li>Beverages<\/li>\n<\/ol>\n<p><b>Isklju\u010denja<\/b><\/p>\n<ol>\n<li>Napojnice<\/li>\n<li>Transfer Car<\/li>\n<li>Alcoholic Drinks<\/li>\n<\/ol>\n<p>&nbsp;<\/p>\n<h4><em><strong>Odlazak i povratak<\/strong><\/em><\/h4>\n<p>Putnik \u0107e dobiti mjesto sastanka nakon procesa rezervacije. Ture po\u010dinju i zavr\u0161avaju na na\u0161im mjestima susreta.<\/p>\n<p>&nbsp;<\/p>\n<h4><b><i>\u0160ta o\u010dekivati?<\/i><\/b><\/h4>\n<p>&nbsp;<\/p>\n<p><em><strong>Uzmite svoje karte<\/strong><\/em> za jednodnevni obilazak kitova u zalivu Samana plus prekrasan ru\u010dak i pla\u017eu i posjet nacionalnom parku Los Haitises.<\/p>\n<p>Daypass za promatranje kitova u organizaciji \u201cBooking Adventures\u201d po\u010dinje na mjestu susreta s vodi\u010dem. Ru\u010dak na pla\u017ei i mo\u017eete ostati koliko god \u017eelite da se kupate. Ako ste vegan, mo\u017eemo vam pripremiti i hranu.<\/p>\n<p><strong>Raspored:<\/strong><\/p>\n<p>8:45 \u2013 17:00<\/p>\n<p>&nbsp;<\/p>\n<h4><em><strong>\u0160ta treba da ponesete?<\/strong><\/em><\/h4>\n<ul>\n<li>kamera<\/li>\n<li>Repelentni pupoljci<\/li>\n<li>krema za sun\u010danje<\/li>\n<li>\u0160e\u0161ir<\/li>\n<li>Udobne pantalone<\/li>\n<li>Sandale za pla\u017eu<\/li>\n<li>Odje\u0107a za kupanje<\/li>\n<li>Gotovina za suvenire<\/li>\n<\/ul>\n<p>&nbsp;<\/p>\n<h4><b><i>Hotel Pickup<\/i><\/b><\/h4>\n<p>Prijevoz iz hotela nije u ponudi za ovaj obilazak.<\/p>\n<p>&nbsp;<\/p>\n<p><b>Bilje\u0161ka:<\/b>\u00a0Ako ste rezervisani u roku od 24 sata od vremena polaska na izlet\/izlet, mo\u017eemo organizovati preuzimanje iz hotela uz doplatu. Kada va\u0161a kupovina bude zavr\u0161ena, poslat \u0107emo vam potpune kontakt informacije (broj telefona, e-mail adresu, itd.) za na\u0161eg lokalnog turisti\u010dkog vodi\u010da da organizira aran\u017emane za preuzimanje.<\/p>\n<h4><b><i>Potvrda dodatnih informacija<\/i><\/b><\/h4>\n<ol>\n<li>Ulaznice su ra\u010dun nakon pla\u0107anja ove turneje. Uplatu mo\u017eete prikazati na svom telefonu.<\/li>\n<li>Mjesto sastanka \u0107e biti primljeno nakon procesa rezervacije.<\/li>\n<li>Djeca moraju biti u pratnji odrasle osobe.<\/li>\n<li>Pristup invalidskim kolicima<\/li>\n<li>Bebe moraju sjediti u krilu<\/li>\n<li>Ve\u0107ina putnika mo\u017ee u\u010destvovati<\/li>\n<\/ol>\n<h4><b><i>Politika otkazivanja<\/i><\/b><\/h4>\n<p>Za puni povrat novca, otka\u017eite najmanje 24 sata prije datuma po\u010detka iskustva.<\/p>\n<\/div>\n<\/div>\n<\/div>\n<\/div>\n<\/div>\n<\/div>\n<div class=\"vc_row wpb_row vc_row-fluid\">\n<div class=\"wpb_column vc_column_container vc_col-sm-12\">\n<div class=\"vc_column-inner\">\n<div class=\"wpb_wrapper\">\n<div class=\"wpb_text_column wpb_content_element\">\n<div class=\"wpb_wrapper\">\n<h4>Kontaktiraj nas?<\/h4>\n<h5><b><i>KITOVI SAMANA TOUR<\/i><\/b><\/h5>\n<p><em><strong>Lokalno stanovni\u0161tvo<\/strong>\u00a0i\u00a0<strong>Dr\u017eavljani<\/strong>\u00a0Turisti\u010dki vodi\u010di i usluge za goste<\/em><\/p>\n<p><span class=\"text-turquoise\">Rezervacije:<\/span>\u00a0Obilasci i ekskurzije u Dom. Rep.<\/p>\n<p><img decoding=\"async\" class=\"emoji\" draggable=\"false\" src=\"https:\/\/s.w.org\/images\/core\/emoji\/11.2.0\/svg\/1f4de.svg\" alt=\"\ud83d\udcde\" \/>\u00a0Tel\/Whatsapp\u00a0\u00a0<a href=\"tel:+1-809-720-6035\">+1-809-720-6035<\/a>.<\/p>\n<p><img decoding=\"async\" class=\"emoji\" draggable=\"false\" src=\"https:\/\/s.w.org\/images\/core\/emoji\/11.2.0\/svg\/1f4e9.svg\" alt=\"\ud83d\udce9\" \/>\u00a0<a href=\"mailto:info@bookingadventures.com.do\">info@bookingadventures.com.do<\/a><\/p>\n<p><strong>Mi smo fleksibilno postavljamo privatne ture putem Whatsappa:\u00a0<a href=\"tel:+18097206035\">+18097206035.<\/a><\/strong><\/p>\n<\/div>\n<\/div>\n<\/div>\n<\/div>\n<\/div>\n<\/div>\n\n\t\t<\/div>\n\t<\/div>\n<div class=\"mkdf-section-title-holder\" style=\"text-align: left\">\n\t<div class=\"mkdf-st-inner\">\n\t\t\t\t\t<h5 class=\"mkdf-st-subtitle\" >\n\t\t\t\tPrivatne ture i ekskurzije\t\t\t<\/h5>\n\t\t\t\t\t\t\t<h3 class=\"mkdf-st-title\" >\n\t\t\t\tPrivatni izlet Promatranje kitova Samana Bay + Cano Hondo + Los Haitises iz luke Samana\t\t\t<\/h3>\n\t\t\t\t\t<\/div>\n<\/div>\n\t<div class=\"wpb_text_column wpb_content_element\" >\n\t\t<div class=\"wpb_wrapper\">\n\t\t\t<h3><strong>Cijene privatnog obilaska iz Samane:<\/strong><\/h3>\n<p><strong><em>Privatni obilazak za 2 klijenta: $200 USD po osobi<\/em><\/strong><strong><em><br \/>\n<\/em><\/strong><\/p>\n<p><strong><em>Privatni obilazak za 3 klijenta: $160 USD po osobi<\/em><\/strong><\/p>\n<p><strong><em>Privatni obilazak za 4 klijenta: $140 USD po osobi<\/em><\/strong><\/p>\n<p><strong><em>Privatni obilazak za 5 klijenata: $130 USD po osobi<\/em><\/strong><\/p>\n<p><strong><em>Privatni obilazak za 6 klijenata: $99 USD po osobi<\/em><\/strong><\/p>\n<p><strong><em>Privatni obilazak za 7 klijenata: $80 USD po osobi<\/em><\/strong><\/p>\n<p><strong><em>Privatni obilazak za 8 klijenata: $75 USD po osobi<\/em><\/strong><\/p>\n<p><strong><em>9 ili vi\u0161e klijenata Privatni obilazak: <a href=\"https:\/\/www.ticketswhales.com\/contact-us\/\" target=\"_blank\" rel=\"noopener\">Kontaktirajte nas<\/a><\/em><\/strong><\/p>\n\n\t\t<\/div>\n\t<\/div>\n<\/div><\/div><\/div><\/div>","protected":false},"excerpt":{"rendered":"<p>Ovo je privatni izlet do opservatorije za promatranje kitova nakon ru\u010dka u Ca\u00f1o Hondo ecolodge i Nacionalni park Los Haitises. Nitko drugi ne nudi ovo nevjerovatno iskustvo u samo jednodnevnom izletu sa profesionalnim ekolo\u0161kim vodi\u010dima u promatranju kitova. Ako \u017eelite da nas kontaktirate za savjet, samo e-mail, Whatsapp ili Calling je dostupan. Molimo Vas da svoje karte rezervi\u0161ete na vrijeme.<\/p>\n<p>&nbsp;<\/p>\n<p><em><strong>Molimo odaberite datum za ekskurziju:<\/strong><\/em><\/p>","protected":false},"featured_media":11212,"template":"","meta":[],"product_brand":[],"product_cat":[501,502,503,504,505,493,494,495,496,497,485,498,499,232,500],"product_tag":[137,126,139,132,142,488,489,393,490,234,236,506,491],"class_list":{"0":"post-11076","1":"product","2":"type-product","3":"status-publish","4":"has-post-thumbnail","6":"product_cat-cano-hondo","7":"product_cat-cano-hondo-2021","8":"product_cat-los-haitises-national-park","9":"product_cat-samana-tours","10":"product_cat-tour-excursion","11":"product_cat-tours-excursions","12":"product_cat-tours-excursions-whale-watching-samana-bay-dominican-republic","13":"product_cat-whale-miches","14":"product_cat-whale-sabana-de-la-mar","15":"product_cat-whale-samana","16":"product_cat-whale-watching","17":"product_cat-whale-watching-puerto-plata","18":"product_cat-whale-watching-punta-cana","19":"product_cat-whale-watching-samana","20":"product_cat-whale-watching-samana-bay","21":"product_tag-bacardi-island","22":"product_tag-cano-hondo","23":"product_tag-cayo-levantado","24":"product_tag-los-haitises","25":"product_tag-samana","26":"product_tag-samana-tour","27":"product_tag-whale","28":"product_tag-whale-punta-cana","29":"product_tag-whale-sabana-de-la-mar","30":"product_tag-whale-samana","31":"product_tag-whale-watching-dominican-republic","32":"product_tag-whales-in-samana","33":"product_tag-whales-trips","35":"first","36":"instock","37":"sale","38":"featured","39":"shipping-taxable","40":"product-type-external"},"_links":{"self":[{"href":"https:\/\/visitaloshaitises.com\/bs_ba\/wp-json\/wp\/v2\/product\/11076","targetHints":{"allow":["GET"]}}],"collection":[{"href":"https:\/\/visitaloshaitises.com\/bs_ba\/wp-json\/wp\/v2\/product"}],"about":[{"href":"https:\/\/visitaloshaitises.com\/bs_ba\/wp-json\/wp\/v2\/types\/product"}],"wp:featuredmedia":[{"embeddable":true,"href":"https:\/\/visitaloshaitises.com\/bs_ba\/wp-json\/wp\/v2\/media\/11212"}],"wp:attachment":[{"href":"https:\/\/visitaloshaitises.com\/bs_ba\/wp-json\/wp\/v2\/media?parent=11076"}],"wp:term":[{"taxonomy":"product_brand","embeddable":true,"href":"https:\/\/visitaloshaitises.com\/bs_ba\/wp-json\/wp\/v2\/product_brand?post=11076"},{"taxonomy":"product_cat","embeddable":true,"href":"https:\/\/visitaloshaitises.com\/bs_ba\/wp-json\/wp\/v2\/product_cat?post=11076"},{"taxonomy":"product_tag","embeddable":true,"href":"https:\/\/visitaloshaitises.com\/bs_ba\/wp-json\/wp\/v2\/product_tag?post=11076"}],"curies":[{"name":"wp","href":"https:\/\/api.w.org\/{rel}","templated":true}]}}