{"id":10905,"date":"2020-07-17T11:45:11","date_gmt":"2020-07-17T11:45:11","guid":{"rendered":"https:\/\/haitises.com\/?post_type=product&#038;p=10905"},"modified":"2024-04-16T00:20:24","modified_gmt":"2024-04-16T00:20:24","slug":"excursion-cascada-el-limon-y-cayo-levantado-desde-el-area-de-punta-cana-punto-de-reunion-sabana-de-la-mar","status":"publish","type":"product","link":"https:\/\/visitaloshaitises.com\/bs_ba\/private\/excursion-cascada-el-limon-y-cayo-levantado-desde-el-area-de-punta-cana-punto-de-reunion-sabana-de-la-mar\/","title":{"rendered":"Excursi\u00f3n cascada El Lim\u00f3n y Cayo Levantado desde el \u00e1rea de Punta Cana (Punto de reuni\u00f3n Sabana de la Mar)"},"content":{"rendered":"<div class=\"vc_row wpb_row vc_row-fluid\" ><div class=\"wpb_column vc_column_container vc_col-sm-12\"><div class=\"vc_column-inner\"><div class=\"wpb_wrapper\"><div class=\"mkdf-section-title-holder\" style=\"text-align: left\">\n\t<div class=\"mkdf-st-inner\">\n\t\t\t\t\t<h5 class=\"mkdf-st-subtitle\" >\n\t\t\t\t(Punto de encuentro Sabana de la Mar)\t\t\t<\/h5>\n\t\t\t\t\t\t\t<h3 class=\"mkdf-st-title\" >\n\t\t\t\tCascada El Lim\u00f3n y Cayo Levantado - Excursi\u00f3n desde el \u00e1rea de Punta Cana\t\t\t<\/h3>\n\t\t\t\t\t<\/div>\n<\/div><\/div><\/div><\/div><\/div><div class=\"vc_row wpb_row vc_row-fluid\" ><div class=\"wpb_column vc_column_container vc_col-sm-12\"><div class=\"vc_column-inner\"><div class=\"wpb_wrapper\">\n\t<div class=\"wpb_text_column wpb_content_element\" >\n\t\t<div class=\"wpb_wrapper\">\n\t\t\t<h3>Opis<\/h3>\n<p>Si se encuentra en Punta Cana o B\u00e1varo, busca una excursi\u00f3n de un d\u00eda pagando menos de lo normal. Simplemente reserve este viaje a partir de la zona de Sabana de la Mar. Visitar la comunidad de Saman\u00e1 en Safari para llegar a la comunidad de El Lim\u00f3n, montar a caballo o caminar a las cataratas despu\u00e9s de cruzar la bah\u00eda de Saman\u00e1 y el tiempo de almuerzo en la isla de Bacardi. Este viaje comienza a las 9:00 a.m. y termina a las 4:30 p.m.<\/p>\n<p>Despu\u00e9s de esta experiencia, volver\u00e1s al puerto de Sabana de la Mar.<\/p>\n<ul>\n<li>Porezi uklju\u010deni<\/li>\n<li>Almuerzo en la playa incluido.<\/li>\n<li>Vodi\u010d pru\u017ea upute i nadzor.<\/li>\n<\/ul>\n<h3>Uklju\u010divanja i isklju\u010denja<\/h3>\n<h4>Inkluzije<\/h4>\n<ul>\n<li>Bah\u00eda Saman\u00e1<\/li>\n<li>Isla Bacardi, playa y almuerzo<\/li>\n<li>Safari a El Lim\u00f3n<\/li>\n<li>Paseos a caballo o senderismo a las cascadas<\/li>\n<li>C\u00f3cteles Dominicanos<\/li>\n<li>Todos los impuestos, tarifas y cargos por manejo<\/li>\n<li>Lokalne takse<\/li>\n<li>Pi\u0107e<\/li>\n<li>Sve aktivnosti<\/li>\n<li>Lokalni vodi\u010d<\/li>\n<\/ul>\n<h4>Isklju\u010denja<\/h4>\n<ul>\n<li>Savjeti<\/li>\n<li>Traslado desde Punta Cana no incluido<\/li>\n<li>Bebidas alcoh\u00f3licas despu\u00e9s de c\u00f3cteles<\/li>\n<\/ul>\n<h3><em>Polazak i povratak<\/em><\/h3>\n<p>Putnik \u0107e dobiti mjesto sastanka nakon procesa rezervacije. Ture po\u010dinju i zavr\u0161avaju na na\u0161im mjestima okupljanja.<\/p>\n<h3><em>\u0160ta o\u010dekivati?<\/em><\/h3>\n<p>Obtenga sus boletos para visitar las cataratas en caballos o senderismo, Safari Saman\u00e1, nadar en los manantiales naturales desde el almuerzo de las cascadas en la isla de Bacardi m\u00e1s tiempo en la playa.<\/p>\n<p>Comenzando desde los puertos de Sabana de la Mar a bordo de un barco o catamar\u00e1n con un gu\u00eda tur\u00edstico local, pasamos la bah\u00eda de Saman\u00e1 a la comunidad de Saman\u00e1. Tomar un safari con un gu\u00eda tur\u00edstico local para hablar sobre la historia de Saman\u00e1 hasta llegar a la comunidad de El Lim\u00f3n. En la comunidad de El Lim\u00f3n comenzamos a caminar o montar a caballo por el bosque de cascadas de El Lim\u00f3n hasta las cascadas de El Lim\u00f3n. Donde cuando llegamos, \u00a1podemos nadar! Despu\u00e9s de regresar a Safari para ir al puerto de Saman\u00e1. Visite la isla de Bacardi para almorzar en la playa y nadar en una de las islas m\u00e1s bellas de la Rep\u00fablica Dominicana.<\/p>\n<p>En caso de que le guste este viaje m\u00e1s largo o m\u00e1s corto, tenemos estas opciones:<\/p>\n<ul>\n<li>Los Haitises + Cayo Levantado iz luke Samana.<\/li>\n<li>Los Haitises + Cano Hondo iz luke Samana.<\/li>\n<\/ul>\n<h3><em>\u0160ta treba da ponesete?<\/em><\/h3>\n<ul>\n<li>Kamera<\/li>\n<li>Repelenti<\/li>\n<li>krema za sun\u010danje<\/li>\n<li>\u0160e\u0161ir<\/li>\n<li>Udobne pantalone<\/li>\n<li>\u0160umske planinarske cipele<\/li>\n<li>Sandale za prole\u0107na podru\u010dja.<\/li>\n<li>Kupa\u0107i kostim<\/li>\n<\/ul>\n<h3><em>Preuzimanje hotela<\/em><\/h3>\n<p>No se ofrece la recogida en el hotel para este tour. Pero si nos contacta, podemos hablar de ello.<\/p>\n<p><strong>Nota<\/strong>: Si realiza la reserva dentro de las 24 horas de la hora de salida del tour \/ excursi\u00f3n, podemos organizar la recogida en el hotel con cargos adicionales. Una vez que se complete su compra, le enviaremos informaci\u00f3n de contacto completa (n\u00famero de tel\u00e9fono, direcci\u00f3n de correo electr\u00f3nico, etc.) para que nuestro gu\u00eda tur\u00edstico local organice los arreglos de recogida.<\/p>\n<h3><em>Potvrda dodatnih informacija<\/em><\/h3>\n<ol>\n<li>Ulaznice su ra\u010dun nakon uplate za ovu turneju. Uplatu mo\u017eete prikazati na svom telefonu.<\/li>\n<li>Mjesto sastanka \u0107e biti primljeno nakon procesa rezervacije.<\/li>\n<li>Djeca moraju biti u pratnji odrasle osobe.<\/li>\n<li>Nije pristupa\u010dno za invalidska kolica<\/li>\n<li>Dojen\u010dad treba da sjede u krilu<\/li>\n<li>Ne preporu\u010duje se putnicima sa problemima sa le\u0111ima.<\/li>\n<li>Ne preporu\u010duje se trudnicama.<\/li>\n<li>Nema problema sa srcem ili drugih ozbiljnih zdravstvenih stanja.<\/li>\n<li>Ve\u0107ina putnika mo\u017ee u\u010destvovati.<\/li>\n<\/ol>\n<h3><em>Politika otkazivanja<\/em><\/h3>\n<p>Za puni povrat novca, otka\u017eite najmanje 24 sata prije datuma po\u010detka iskustva.<\/p>\n\n\t\t<\/div>\n\t<\/div>\n<\/div><\/div><\/div><\/div><div class=\"vc_row wpb_row vc_row-fluid\" ><div class=\"wpb_column vc_column_container vc_col-sm-12\"><div class=\"vc_column-inner\"><div class=\"wpb_wrapper\"><div class=\"vc_empty_space\"   style=\"height: 32px\"><span class=\"vc_empty_space_inner\"><\/span><\/div>\n\t<div class=\"wpb_text_column wpb_content_element\" >\n\t\t<div class=\"wpb_wrapper\">\n\t\t\t<h4>\u00a1Cont\u00e1ctenos!<\/h4>\n<h5>Reserva de Aventuras<\/h5>\n<p><em>Gu\u00edas tur\u00edsticos Locales y nacionales y servicios para hu\u00e9spedes<\/em><\/p>\n<p>Rezervacije: Obilasci i ekskurzije u Domu Rep.<\/p>\n<p>Tel\/Whatsapp +1-809-720-6035.<\/p>\n<p>info@bookingadventures.com.do<\/p>\n<p>Somos flexibles Configurando tours privados por <strong>Whatsapp: <a href=\"tel:+18097206035\">+18097206035.<\/a><\/strong><\/p>\n\n\t\t<\/div>\n\t<\/div>\n<div class=\"vc_empty_space\"   style=\"height: 32px\"><span class=\"vc_empty_space_inner\"><\/span><\/div><\/div><\/div><\/div><\/div>","protected":false},"excerpt":{"rendered":"<p><strong>Molimo odaberite datum za obilazak:<\/strong><\/p>","protected":false},"featured_media":94,"template":"","meta":[],"product_brand":[],"product_cat":[96,97,135,136,122,443,123,124],"product_tag":[137,138,139,140,141,114,142,143],"class_list":{"0":"post-10905","1":"product","2":"type-product","3":"status-publish","4":"has-post-thumbnail","6":"product_cat-hiking","7":"product_cat-horse-riding-to-waterfalls","8":"product_cat-lunch","9":"product_cat-safari-samana","10":"product_cat-tours-and-excursions","11":"product_cat-tours-y-excursiones-es","12":"product_cat-tours-excursions-los-haitises-national-park","13":"product_cat-tours-excursions-samana-bay-dominican-republic","14":"product_tag-bacardi-island","15":"product_tag-beach-time","16":"product_tag-cayo-levantado","17":"product_tag-el-limon-waterfalls","18":"product_tag-punta-cana","19":"product_tag-sabana-de-la-mar","20":"product_tag-samana","21":"product_tag-samana-tours","23":"first","24":"instock","25":"sale","26":"sold-individually","27":"shipping-taxable","28":"product-type-external"},"_links":{"self":[{"href":"https:\/\/visitaloshaitises.com\/bs_ba\/wp-json\/wp\/v2\/product\/10905","targetHints":{"allow":["GET"]}}],"collection":[{"href":"https:\/\/visitaloshaitises.com\/bs_ba\/wp-json\/wp\/v2\/product"}],"about":[{"href":"https:\/\/visitaloshaitises.com\/bs_ba\/wp-json\/wp\/v2\/types\/product"}],"wp:featuredmedia":[{"embeddable":true,"href":"https:\/\/visitaloshaitises.com\/bs_ba\/wp-json\/wp\/v2\/media\/94"}],"wp:attachment":[{"href":"https:\/\/visitaloshaitises.com\/bs_ba\/wp-json\/wp\/v2\/media?parent=10905"}],"wp:term":[{"taxonomy":"product_brand","embeddable":true,"href":"https:\/\/visitaloshaitises.com\/bs_ba\/wp-json\/wp\/v2\/product_brand?post=10905"},{"taxonomy":"product_cat","embeddable":true,"href":"https:\/\/visitaloshaitises.com\/bs_ba\/wp-json\/wp\/v2\/product_cat?post=10905"},{"taxonomy":"product_tag","embeddable":true,"href":"https:\/\/visitaloshaitises.com\/bs_ba\/wp-json\/wp\/v2\/product_tag?post=10905"}],"curies":[{"name":"wp","href":"https:\/\/api.w.org\/{rel}","templated":true}]}}