{"id":11895,"date":"2023-11-20T10:47:47","date_gmt":"2023-11-20T10:47:47","guid":{"rendered":"https:\/\/haitises.com\/?page_id=11895"},"modified":"2023-11-20T10:59:11","modified_gmt":"2023-11-20T10:59:11","slug":"land-for-sale-in-samana-samana-land-for-sale","status":"publish","type":"page","link":"https:\/\/visitaloshaitises.com\/bs_ba\/zemljiste-na-prodaju-u-samana-samana-zemljiste-na-prodaju\/","title":{"rendered":"zemlji\u0161te na prodaju u Samana Samana zemlji\u0161te na prodaju"},"content":{"rendered":"<details class=\"wp-block-details is-layout-flow wp-block-details-is-layout-flow\"><summary>Zemlji\u0161te na prodaju u Samani \u2013 Samana zemlji\u0161te na prodaju<br>Samana Nekretnine<br>Samana Zemlji\u0161te za prodaju<br>ZEMLJI\u0160TE na prodaju u Samani, Dominikanska Republika. Pogledajte fotografije i detalje popisa Samane, Pa\u017enja investitora, gra\u0111evinskih investitora zainteresiranih za DOMINIKANSKU REPUBLICU.<br>Ako tra\u017eite zemlji\u0161te za kupovinu u Samani. Moje ime je Misael Calcano. Imam nekoliko zemlji\u0161ta na prodaju od moje porodice sa svim dokumentima. Legalna zemlji\u0161ta ispred pla\u017ee i tako\u0111er sa prekrasnim pogledom na ocean. Slobodno me kontaktirajte putem WhatsApp-a:\u00a0<a href=\"callto:+18097206035\">+1-809-720-6035<\/a>.<br><br>Investirajte u Samanu<br>Za\u0161to investirati u Samana Dominikanska Republika?<br>Samana je destinacija beskrajnih zlatnih pla\u017ea, tirkizne vode i kokosovih palmi koje se nji\u0161u u zelenom horizontu, karipskih ritmova, ruma i piva. Grad dobrih ljudi i zaraznog humora, gdje je sve opu\u0161teno i mirno.<br>U Samani stres ne postoji, ljudi koji ovdje \u017eive u\u017eivaju u kupanju i jelima od svje\u017eih morskih plodova koje ribari donose na obalu pla\u017ee.<br>Ako je va\u0161 san oduvijek bio da \u017eivite u raju, u Samani je nedavno izgra\u0111eno nekoliko projekata, neki u izgradnji, a neki ve\u0107 gotovi gdje mo\u017eete prona\u0107i svoj sljede\u0107i dom.<br>Prona\u0111ite nekretninu na prodaju u\u00a0<em>Samana<\/em>. Tra\u017ei\u00a0<em>nekretnina<\/em>\u00a0i prona\u0111ite najnovije oglase\u00a0<em>Samana<\/em>\u00a0Nekretnina na prodaju.<br><br>Samana parcele za prodaju<br><br><br>Slobodno me kontaktirajte putem WhatsApp-a:\u00a0<a href=\"callto:+18097206035\">+1-809-720-6035<\/a>.<br><br>Lots &amp; Farms Samana<br><br><br>Slobodno me kontaktirajte putem WhatsApp-a:\u00a0<a href=\"callto:+18097206035\">+1-809-720-6035<\/a>.<br><br>Samana Ocean View parcele za prodaju nekretnine<br><br><br>Slobodno me kontaktirajte putem WhatsApp-a:\u00a0<a href=\"callto:+18097206035\">+1-809-720-6035<\/a>.<br><br>Samana Beach Front Nekretnina za prodaju<br><br><br>Slobodno me kontaktirajte putem WhatsApp-a:\u00a0<a href=\"callto:+18097206035\">+1-809-720-6035<\/a>.<br><br><a class=\"\" href=\"https:\/\/www.tourwhales.com\/wp-content\/uploads\/2023\/01\/land-mark-5-1024x567.png\" target=\"_blank\" rel=\"noopener\"><\/a><br><a class=\"\" href=\"https:\/\/www.tourwhales.com\/wp-content\/uploads\/2023\/01\/land-mark-4-1024x545.png\" target=\"_blank\" rel=\"noopener\"><\/a><br><a class=\"\" href=\"https:\/\/www.tourwhales.com\/wp-content\/uploads\/2023\/01\/land-mark-3-1024x571.png\" target=\"_blank\" rel=\"noopener\"><\/a><br><a class=\"\" href=\"https:\/\/www.tourwhales.com\/wp-content\/uploads\/2023\/01\/land-mark-2-1024x540.png\" target=\"_blank\" rel=\"noopener\"><\/a><br><a class=\"\" href=\"https:\/\/www.tourwhales.com\/wp-content\/uploads\/2023\/01\/land-maark-1024x445.png\" target=\"_blank\" rel=\"noopener\"><\/a><br><a class=\"\" href=\"https:\/\/www.tourwhales.com\/wp-content\/uploads\/2023\/01\/beachlimon-lands--1024x608.png\" target=\"_blank\" rel=\"noopener\"><\/a><br><a class=\"\" href=\"https:\/\/www.tourwhales.com\/land-for-sale-in-samana-samana-land-for-sale#\" target=\"_blank\" rel=\"noopener\">1<\/a><br><a class=\"\" href=\"https:\/\/www.tourwhales.com\/land-for-sale-in-samana-samana-land-for-sale#\" target=\"_blank\" rel=\"noopener\">2<\/a><br><a href=\"https:\/\/www.tourwhales.com\/land-for-sale-in-samana-samana-land-for-sale#\" target=\"_blank\" rel=\"noopener\">3<\/a><br><a class=\"\" href=\"https:\/\/www.tourwhales.com\/land-for-sale-in-samana-samana-land-for-sale#\" target=\"_blank\" rel=\"noopener\">4<\/a><br><a class=\"\" href=\"https:\/\/www.tourwhales.com\/land-for-sale-in-samana-samana-land-for-sale#\" target=\"_blank\" rel=\"noopener\">5<\/a><br><a class=\"\" href=\"https:\/\/www.tourwhales.com\/land-for-sale-in-samana-samana-land-for-sale#\" target=\"_blank\" rel=\"noopener\">6<\/a><br><a href=\"https:\/\/www.tourwhales.com\/land-for-sale-in-samana-samana-land-for-sale#\" target=\"_blank\" rel=\"noopener\">Prethodno<\/a><br><a href=\"https:\/\/www.tourwhales.com\/land-for-sale-in-samana-samana-land-for-sale#\" target=\"_blank\" rel=\"noopener\">Sljede\u0107i<\/a><br><br><br>Slobodno me kontaktirajte putem WhatsApp-a:\u00a0<a href=\"callto:+18097206035\">+1-809-720-6035<\/a>.<\/summary>\n<p><\/p>\n<\/details>","protected":false},"excerpt":{"rendered":"Land for Sale in Saman\u00e1 \u2013 Samana land for SaleSamana Real EstateSamana Land for SaleLANDS for sale in Saman\u00e1, Dominican Republic. View photos and listing details of Saman\u00e1, Attention Investors, Land Developers interested in the DOMINICAN REPUBLIC.If you are looking [...]","protected":false},"author":1,"featured_media":0,"parent":0,"menu_order":0,"comment_status":"closed","ping_status":"closed","template":"","meta":{"footnotes":""},"class_list":["post-11895","page","type-page","status-publish","hentry"],"_links":{"self":[{"href":"https:\/\/visitaloshaitises.com\/bs_ba\/wp-json\/wp\/v2\/pages\/11895","targetHints":{"allow":["GET"]}}],"collection":[{"href":"https:\/\/visitaloshaitises.com\/bs_ba\/wp-json\/wp\/v2\/pages"}],"about":[{"href":"https:\/\/visitaloshaitises.com\/bs_ba\/wp-json\/wp\/v2\/types\/page"}],"author":[{"embeddable":true,"href":"https:\/\/visitaloshaitises.com\/bs_ba\/wp-json\/wp\/v2\/users\/1"}],"replies":[{"embeddable":true,"href":"https:\/\/visitaloshaitises.com\/bs_ba\/wp-json\/wp\/v2\/comments?post=11895"}],"version-history":[{"count":2,"href":"https:\/\/visitaloshaitises.com\/bs_ba\/wp-json\/wp\/v2\/pages\/11895\/revisions"}],"predecessor-version":[{"id":11899,"href":"https:\/\/visitaloshaitises.com\/bs_ba\/wp-json\/wp\/v2\/pages\/11895\/revisions\/11899"}],"wp:attachment":[{"href":"https:\/\/visitaloshaitises.com\/bs_ba\/wp-json\/wp\/v2\/media?parent=11895"}],"curies":[{"name":"wp","href":"https:\/\/api.w.org\/{rel}","templated":true}]}}