{"id":11675,"date":"2023-10-04T07:40:10","date_gmt":"2023-10-04T07:40:10","guid":{"rendered":"https:\/\/haitises.com\/?post_type=product&#038;p=11675"},"modified":"2024-03-28T19:58:37","modified_gmt":"2024-03-28T19:58:37","slug":"samana-whale-watching-from-las-terrenas-hotels-half-day-trip-for-whale-watching-3","status":"publish","type":"product","link":"https:\/\/visitaloshaitises.com\/bg\/private\/%d1%81%d0%b0%d0%bc%d0%b0%d0%bd%d0%b0-%d0%bd%d0%b0%d0%b1%d0%bb%d1%8e%d0%b4%d0%b0%d0%b2%d0%b0%d0%bd%d0%b5-%d0%bd%d0%b0-%d0%ba%d0%b8%d1%82%d0%be%d0%b2%d0%b5-%d0%be%d1%82-%d0%bb%d0%b0%d1%81-%d1%82%d0%b5\/","title":{"rendered":"\u041d\u0430\u0431\u043b\u044e\u0434\u0435\u043d\u0438\u0435 \u043d\u0430 \u043a\u0438\u0442\u043e\u0432\u0435 \u0432 \u0421\u0430\u043c\u0430\u043d\u0430 \u043e\u0442 \u0445\u043e\u0442\u0435\u043b\u0438\u0442\u0435 \u0432 \u041b\u0430\u0441 \u0422\u0435\u0440\u0435\u043d\u0430\u0441. \u041f\u043e\u043b\u0443\u0434\u043d\u0435\u0432\u043d\u0430 \u0435\u043a\u0441\u043a\u0443\u0440\u0437\u0438\u044f \u0437\u0430 \u043d\u0430\u0431\u043b\u044e\u0434\u0435\u043d\u0438\u0435 \u043d\u0430 \u043a\u0438\u0442\u043e\u0432\u0435."},"content":{"rendered":"<div class=\"vc_row wpb_row vc_row-fluid\" ><div class=\"wpb_column vc_column_container vc_col-sm-12\"><div class=\"vc_column-inner\"><div class=\"wpb_wrapper\"><div class=\"mkdf-section-title-holder\" style=\"text-align: left\">\n\t<div class=\"mkdf-st-inner\">\n\t\t\t\t\t<h5 class=\"mkdf-st-subtitle\" >\n\t\t\t\t\u041d\u0430\u0431\u043b\u044e\u0434\u0435\u043d\u0438\u0435 \u043d\u0430 \u043a\u0438\u0442\u043e\u0432\u0435 \u0432 \u0421\u0430\u043c\u0430\u043d\u0430 \u043e\u0442 \u0445\u043e\u0442\u0435\u043b\u0438\u0442\u0435 \u0432 \u041b\u0430\u0441 \u0422\u0435\u0440\u0435\u043d\u0430\u0441. \u041f\u043e\u043b\u0443\u0434\u043d\u0435\u0432\u043d\u0430 \u0435\u043a\u0441\u043a\u0443\u0440\u0437\u0438\u044f \u0437\u0430 \u043d\u0430\u0431\u043b\u044e\u0434\u0435\u043d\u0438\u0435 \u043d\u0430 \u043a\u0438\u0442\u043e\u0432\u0435.\t\t\t<\/h5>\n\t\t\t\t\t\t\t<h3 class=\"mkdf-st-title\" >\n\t\t\t\tWhale Watching 2020 in Las Terrenas to Samana Bay\t\t\t<\/h3>\n\t\t\t\t\t<\/div>\n<\/div><div class=\"vc_btn3-container vc_btn3-inline\" ><button class=\"vc_general vc_btn3 vc_btn3-size-md vc_btn3-shape-rounded vc_btn3-style-modern vc_btn3-color-green\">\u0420\u0415\u0417\u0415\u0420\u0412\u0418\u0420\u0410\u0419\u0422\u0415 \u0421\u0415\u0413\u0410<\/button><\/div><\/div><\/div><\/div><\/div><div class=\"vc_row wpb_row vc_row-fluid\" ><\/div><div class=\"wpb_column vc_column_container vc_col-sm-12\"><div class=\"vc_column-inner\"><div class=\"wpb_wrapper\"><\/div><\/div><\/div>\n\t<div class=\"wpb_text_column wpb_content_element\" >\n\t\t<div class=\"wpb_wrapper\">\n\t\t\t<p>\u0410\u0437 \u0441\u044a\u043c \u0442\u0435\u043a\u0441\u0442\u043e\u0432 \u0431\u043b\u043e\u043a. \u0429\u0440\u0430\u043a\u043d\u0435\u0442\u0435 \u0432\u044a\u0440\u0445\u0443 \u0431\u0443\u0442\u043e\u043d\u0430 \u0437\u0430 \u0440\u0435\u0434\u0430\u043a\u0442\u0438\u0440\u0430\u043d\u0435, \u0437\u0430 \u0434\u0430 \u043f\u0440\u043e\u043c\u0435\u043d\u0438\u0442\u0435 \u0442\u043e\u0437\u0438 \u0442\u0435\u043a\u0441\u0442. Lorem ipsum dolor sit amet, consectetur adipiscing elit. Ut elit tellus, luctus nec ullamcorper mattis, pulvinar dapibus leo.<\/p>\n\n\t\t<\/div>\n\t<\/div>\n<div class=\"vc_row wpb_row vc_row-fluid\" ><div class=\"wpb_column vc_column_container vc_col-sm-12\"><div class=\"vc_column-inner\"><div class=\"wpb_wrapper\"><div class=\"vc_btn3-container vc_btn3-inline\" ><button class=\"vc_general vc_btn3 vc_btn3-size-md vc_btn3-shape-rounded vc_btn3-style-modern vc_btn3-color-green\">\u0420\u0415\u0417\u0415\u0420\u0412\u0418\u0420\u0410\u0419\u0422\u0415 \u0421\u0415\u0413\u0410<\/button><\/div><\/div><\/div><\/div><\/div>","protected":false},"excerpt":{"rendered":"<p><span style=\"vertical-align: inherit;\"><span style=\"vertical-align: inherit;\">Desde los hoteles de Las Terrenas ven con nosotros a visitar las ballenas jorobadas en el santuario de la Bah\u00eda de Saman\u00e1, Rep\u00fablica Dominicana. <\/span><span style=\"vertical-align: inherit;\">Viajes diarios de avistamiento de ballenas desde las Terrenas en Saman\u00e1. <\/span><span style=\"vertical-align: inherit;\">Cont\u00e1ctenos si tiene alguna pregunta sobre los viajes de avistamiento de ballenas en la bah\u00eda de Saman\u00e1 desde Las Terrenas.<\/span><\/span><\/p>\n<p>&nbsp;<\/p>\n<p><em><strong><span style=\"vertical-align: inherit;\"><span style=\"vertical-align: inherit;\">\u0418\u0437\u0431\u0435\u0440\u0435\u0442\u0435 \u0434\u0430\u0442\u0430 \u043d\u0430 \u0435\u043a\u0441\u043a\u0443\u0440\u0437\u0438\u044f\u0442\u0430:<\/span><\/span><\/strong><\/em><\/p>","protected":false},"featured_media":11217,"template":"","meta":[],"product_brand":[],"product_cat":[571,120,232],"product_tag":[390,137,162,364,283,422,225,381,423,420,201,147,392,271,424,234,280,236,425],"class_list":{"0":"post-11675","1":"product","2":"type-product","3":"status-publish","4":"has-post-thumbnail","6":"product_cat-1-samana","7":"product_cat-fees-entrace","8":"product_cat-whale-watching-samana","9":"product_tag-390","10":"product_tag-bacardi-island","11":"product_tag-cayo-levantado-day-pass","12":"product_tag-cheap-punta-cana-excursions","13":"product_tag-el-limon-waterfall-and-bacardi-island-tour-from-punta-cana","14":"product_tag-half-day-whale-watching-las-terrenas","15":"product_tag-las-terrenas","16":"product_tag-las-terrenas-excursions","17":"product_tag-las-terrenas-whale-watching","18":"product_tag-limon-from-punta-cana","19":"product_tag-private-tours-samana","20":"product_tag-samana-bay","21":"product_tag-samana-day-trip","22":"product_tag-samana-whale-watching","23":"product_tag-whale-las-terrenas","24":"product_tag-whale-samana","25":"product_tag-whale-watching-2020","26":"product_tag-whale-watching-dominican-republic","27":"product_tag-whale-watching-trips-las-terrenas","29":"first","30":"instock","31":"sale","32":"sold-individually","33":"shipping-taxable","34":"product-type-external"},"_links":{"self":[{"href":"https:\/\/visitaloshaitises.com\/bg\/wp-json\/wp\/v2\/product\/11675","targetHints":{"allow":["GET"]}}],"collection":[{"href":"https:\/\/visitaloshaitises.com\/bg\/wp-json\/wp\/v2\/product"}],"about":[{"href":"https:\/\/visitaloshaitises.com\/bg\/wp-json\/wp\/v2\/types\/product"}],"wp:featuredmedia":[{"embeddable":true,"href":"https:\/\/visitaloshaitises.com\/bg\/wp-json\/wp\/v2\/media\/11217"}],"wp:attachment":[{"href":"https:\/\/visitaloshaitises.com\/bg\/wp-json\/wp\/v2\/media?parent=11675"}],"wp:term":[{"taxonomy":"product_brand","embeddable":true,"href":"https:\/\/visitaloshaitises.com\/bg\/wp-json\/wp\/v2\/product_brand?post=11675"},{"taxonomy":"product_cat","embeddable":true,"href":"https:\/\/visitaloshaitises.com\/bg\/wp-json\/wp\/v2\/product_cat?post=11675"},{"taxonomy":"product_tag","embeddable":true,"href":"https:\/\/visitaloshaitises.com\/bg\/wp-json\/wp\/v2\/product_tag?post=11675"}],"curies":[{"name":"wp","href":"https:\/\/api.w.org\/{rel}","templated":true}]}}