{"id":11645,"date":"2023-10-04T07:39:47","date_gmt":"2023-10-04T07:39:47","guid":{"rendered":"https:\/\/haitises.com\/?post_type=product&#038;p=11645"},"modified":"2024-04-01T15:15:40","modified_gmt":"2024-04-01T15:15:40","slug":"samana-cayo-levantado-bacardi-island-and-whale-watching-from-miches-in-catamaran-3","status":"publish","type":"product","link":"https:\/\/visitaloshaitises.com\/bg\/private\/samana-cayo-levantado-bacardi-island-and-watching-whale-from-miches-in-catamaran\/","title":{"rendered":"\u041a\u0430\u0439\u043e \u041b\u0435\u0432\u0430\u043d\u0442\u0430\u0434\u043e (\u043e\u0441\u0442\u0440\u043e\u0432 \u0411\u0430\u043a\u0430\u0440\u0434\u0438) \u0432 \u0421\u0430\u043c\u0430\u043d\u0430 \u0438 \u043d\u0430\u0431\u043b\u044e\u0434\u0435\u043d\u0438\u0435 \u043d\u0430 \u043a\u0438\u0442\u043e\u0432\u0435 \u043e\u0442 Miches \u0441 \u043a\u0430\u0442\u0430\u043c\u0430\u0440\u0430\u043d"},"content":{"rendered":"<div class=\"vc_row wpb_row vc_row-fluid\" ><div class=\"wpb_column vc_column_container vc_col-sm-12\"><div class=\"vc_column-inner\"><div class=\"wpb_wrapper\">\n\t<div class=\"wpb_text_column wpb_content_element\" >\n\t\t<div class=\"wpb_wrapper\">\n\t\t\t<p><span style=\"vertical-align: inherit;\"><span style=\"vertical-align: inherit;\"><\/p>\n\n\t\t<\/div>\n\t<\/div>\n<\/div><\/div><\/div><\/div><div class=\"vc_row wpb_row vc_row-fluid\" ><\/div><div class=\"wpb_column vc_column_container vc_col-sm-12\"><div class=\"vc_column-inner\"><div class=\"wpb_wrapper\"><\/div><\/div><\/div><div class=\"vc_row wpb_row vc_row-fluid\" ><\/div><div class=\"wpb_column vc_column_container vc_col-sm-12\"><div class=\"vc_column-inner\"><div class=\"wpb_wrapper\"><div class=\"vc_btn3-container vc_btn3-inline\" ><button class=\"vc_general vc_btn3 vc_btn3-size-md vc_btn3-shape-rounded vc_btn3-style-modern vc_btn3-color-green\">\u0420\u0415\u0417\u0415\u0420\u0412\u0418\u0420\u0410\u0419\u0422\u0415 \u0421\u0415\u0413\u0410<\/button><\/div><\/div><\/div><\/div><div class=\"mkdf-section-title-holder\" style=\"text-align: left\">\n\t<div class=\"mkdf-st-inner\">\n\t\t\t\t\t\t\t<h3 class=\"mkdf-st-title\" >\n\t\t\t\tCayo Levantado + Avistamiento de ballenas de Miches en catamar\u00e1n\t\t\t<\/h3>\n\t\t\t\t\t<\/div>\n<\/div><div class=\"vc_empty_space\"   style=\"height: 32px\"><span class=\"vc_empty_space_inner\"><\/span><\/div>\n\t<div class=\"wpb_text_column wpb_content_element\" >\n\t\t<div class=\"wpb_wrapper\">\n\t\t\t<p>\u00a0<\/span><\/span><\/p>\n<div class=\"vc_empty_space\"><\/div>\n<div class=\"wpb_text_column wpb_content_element\">\n<div class=\"wpb_wrapper\">\n<div class=\"vc_row wpb_row vc_row-fluid\">\n<div class=\"wpb_column vc_column_container vc_col-sm-12\">\n<div class=\"vc_column-inner\">\n<div class=\"wpb_wrapper\">\n<div class=\"wpb_text_column wpb_content_element\">\n<div class=\"wpb_wrapper\">\n<div class=\"vc_row wpb_row vc_row-fluid\">\n<div class=\"wpb_column vc_column_container vc_col-sm-12\">\n<div class=\"vc_column-inner\">\n<div class=\"wpb_wrapper\">\n<div class=\"wpb_text_column wpb_content_element\">\n<div class=\"wpb_wrapper\">\n<h4><a id=\"overview\" class=\"aal_anchor\" href=\"https:\/\/boattoursamana.com\/tour\/samana-cayo-levantado-bacardi-island-and-whale-watching-from-miches-in-catamaran\/#overview\" aria-hidden=\"true\" target=\"_blank\" rel=\"noopener\"><\/a><b><i>\u041f\u0440\u0435\u0433\u043b\u0435\u0434<\/i><\/b><\/h4>\n<p>\u041d\u0430\u0431\u043b\u044e\u0434\u0435\u043d\u0438\u0435 \u043d\u0430 \u043a\u0438\u0442\u043e\u0432\u0435 \u0432 \u0437\u0430\u043b\u0438\u0432\u0430 \u0421\u0430\u043c\u0430\u043d\u0430 \u043e\u0442 \u043f\u0440\u0438\u0441\u0442\u0430\u043d\u0438\u0449\u0435\u0442\u043e \u043d\u0430 Miches \u0441 \u043a\u0430\u0442\u0430\u043c\u0430\u0440\u0430\u043d.  \u0415\u043a\u0441\u043a\u0443\u0440\u0437\u0438\u044f\u0442\u0430 \u0437\u0430\u043f\u043e\u0447\u0432\u0430 \u0432 9:00 \u0447. \u0441\u0443\u0442\u0440\u0438\u043d\u0442\u0430 \u0438 \u043f\u0440\u0438\u043a\u043b\u044e\u0447\u0432\u0430 \u0432 17:00 \u0447. \u0421\u0440\u0435\u0449\u0430 \u043f\u0440\u0435\u0434\u0438 \u0442\u043e\u0432\u0430 \u043d\u0430 \u043f\u0440\u0438\u0441\u0442\u0430\u043d\u0438\u0449\u0435\u0442\u043e \u043d\u0438 \u0432 \u041c\u0438\u0447\u0435\u0441. \u0421\u043b\u0435\u0434 \u0442\u043e\u0432\u0430 \u0441\u0435 \u043e\u0442\u043f\u0440\u0430\u0432\u044f\u043c\u0435 \u043a\u044a\u043c \u043a\u0430\u0442\u0430\u043c\u0430\u0440\u0430\u043d\u0430 \u0438\u043b\u0438 \u043b\u043e\u0434\u043a\u0430\u0442\u0430, \u0437\u0430 \u0434\u0430 \u043f\u043e\u0441\u0435\u0442\u0438\u043c \u043a\u0438\u0442\u043e\u0432\u0435\u0442\u0435 \u0432 \u0441\u043e\u0431\u0441\u0442\u0432\u0435\u043d\u043e\u0442\u043e \u0438\u043c \u043c\u0435\u0441\u0442\u043e\u043e\u0431\u0438\u0442\u0430\u043d\u0438\u0435.<\/p>\n<p>\u041e\u0442 9:00 \u0447. \u0434\u043e 12:00 \u0447. \u0441\u043b\u0435\u0434\u043e\u0431\u0435\u0434 \u041d\u0430\u0431\u043b\u044e\u0434\u0435\u043d\u0438\u0435 \u043d\u0430 \u043a\u0438\u0442\u043e\u0432\u0435 \u0438 \u0421\u043b\u0435\u0434 \u0442\u043e\u0432\u0430 \u043f\u044a\u0442\u0443\u0432\u0430\u043d\u0435 \u0441 \u043a\u0438\u0442\u043e\u0432\u0435 \u0449\u0435 \u043f\u043e\u0441\u0435\u0442\u0438\u043c \u043e\u0441\u0442\u0440\u043e\u0432 \u0411\u0430\u043a\u0430\u0440\u0434\u0438 \/ \u041a\u0430\u0439\u043e \u041b\u0435\u0432\u0430\u043d\u0442\u0430\u0434\u043e. \u041d\u0430 \u043e\u0441\u0442\u0440\u043e\u0432 \u0411\u0430\u043a\u0430\u0440\u0434\u0438 \u0449\u0435 \u0431\u044a\u0434\u0435 \u043e\u0441\u0438\u0433\u0443\u0440\u0435\u043d \u043e\u0431\u044f\u0434 \u043d\u0430 \u0448\u0432\u0435\u0434\u0441\u043a\u0430 \u043c\u0430\u0441\u0430 \u0432 \u0442\u0438\u043f\u0438\u0447\u0435\u043d \u0434\u043e\u043c\u0438\u043d\u0438\u043a\u0430\u043d\u0441\u043a\u0438 \u0441\u0442\u0438\u043b. \u0421\u043b\u0435\u0434 \u043f\u0440\u0438\u043a\u043b\u044e\u0447\u0432\u0430\u043d\u0435 \u043d\u0430 \u043e\u0431\u044f\u0434\u0430 \u043c\u043e\u0436\u0435\u0442\u0435 \u0434\u0430 \u043f\u043b\u0443\u0432\u0430\u0442\u0435 \u0434\u043e 16:30 \u0447. \u0415\u043a\u0441\u043a\u0443\u0440\u0437\u0438\u044f\u0442\u0430 \u0449\u0435 \u043f\u0440\u0438\u043a\u043b\u044e\u0447\u0438 \u0432 17:00 \u0447. \u043d\u0430 \u0441\u044a\u0449\u043e\u0442\u043e \u043f\u0440\u0438\u0441\u0442\u0430\u043d\u0438\u0449\u0435, \u043e\u0442\u043a\u044a\u0434\u0435\u0442\u043e \u0437\u0430\u043f\u043e\u0447\u0432\u0430.<\/p>\n<p>\u0417\u0430\u0431\u0435\u043b\u0435\u0436\u043a\u0430: \u0422\u0430\u0437\u0438 \u043e\u0431\u0438\u043a\u043e\u043b\u043a\u0430 \u043d\u0435 \u0435 \u0447\u0430\u0441\u0442\u043d\u0430.<strong>\u00a0\u0417\u0430 \u0447\u0430\u0441\u0442\u043d\u0430 \u043e\u0431\u0438\u043a\u043e\u043b\u043a\u0430, \u043c\u043e\u043b\u044f, \u0441\u0432\u044a\u0440\u0436\u0435\u0442\u0435 \u0441\u0435 \u0441 \u043d\u0430\u0441.<\/strong><\/p>\n<ul>\n<li>\u0415\u043a\u0441\u043a\u0443\u0440\u0437\u0438\u044f \u0437\u0430 \u043d\u0430\u0431\u043b\u044e\u0434\u0435\u043d\u0438\u0435 \u043d\u0430 \u043a\u0438\u0442\u043e\u0432\u0435<\/li>\n<li>\u0412\u0445\u043e\u0434\u043d\u0438 \u0442\u0430\u043a\u0441\u0438 \u0437\u0430 \u043e\u0431\u0441\u0435\u0440\u0432\u0430\u0442\u043e\u0440\u0438\u044f\u0442\u0430<\/li>\n<li>\u0412\u043a\u043b\u044e\u0447\u0432\u0430 \u043e\u0431\u044f\u0434 \u043d\u0430 \u0448\u0432\u0435\u0434\u0441\u043a\u0430 \u043c\u0430\u0441\u0430 \u043d\u0430 \u043f\u043b\u0430\u0436\u0430<\/li>\n<li>\u0422\u0440\u0430\u043d\u0441\u0444\u0435\u0440 \u043d\u0430 \u043b\u043e\u0434\u043a\u0430<\/li>\n<li>\u041a\u0430\u043f\u0438\u0442\u0430\u043d\u044a\u0442 \u043e\u0441\u0438\u0433\u0443\u0440\u044f\u0432\u0430 \u043e\u0431\u0443\u0447\u0435\u043d\u0438\u0435 \u0438 \u043d\u0430\u0434\u0437\u043e\u0440<\/li>\n<li>\u0415\u043a\u0441\u043a\u0443\u0440\u0437\u043e\u0432\u043e\u0434<\/li>\n<\/ul>\n<p>&nbsp;<\/p>\n<h4><a id=\"inclusions-exclusions\" class=\"aal_anchor\" href=\"https:\/\/boattoursamana.com\/tour\/samana-cayo-levantado-bacardi-island-and-whale-watching-from-miches-in-catamaran\/#inclusions-exclusions\" aria-hidden=\"true\" target=\"_blank\" rel=\"noopener\"><\/a><b>\u0412\u043a\u043b\u044e\u0447\u0432\u0430\u043d\u0438\u044f \u0438 \u0438\u0437\u043a\u043b\u044e\u0447\u0435\u043d\u0438\u044f<\/b><\/h4>\n<p>&nbsp;<\/p>\n<p><b>\u0412\u043a\u043b\u044e\u0447\u0432\u0430\u043d\u0438\u044f<\/b><\/p>\n<p>&nbsp;<\/p>\n<ol>\n<li>\u041e\u0431\u044f\u0434 \u043d\u0430 \u0448\u0432\u0435\u0434\u0441\u043a\u0430 \u043c\u0430\u0441\u0430 \u043d\u0430 \u043f\u043b\u0430\u0436\u0430<\/li>\n<li>\u041d\u0430\u0431\u043b\u044e\u0434\u0435\u043d\u0438\u0435 \u043d\u0430 \u043a\u0438\u0442\u043e\u0432\u0435<\/li>\n<li>\u0415\u043a\u0441\u043a\u0443\u0440\u0437\u043e\u0432\u043e\u0434<\/li>\n<li>\u0415\u043a\u0441\u043a\u0443\u0440\u0437\u0438\u044f \u0441 \u043a\u0430\u0442\u0430\u043c\u0430\u0440\u0430\u043d \u0438\u043b\u0438 \u043b\u043e\u0434\u043a\u0430<\/li>\n<li>\u0412\u0441\u0438\u0447\u043a\u0438 \u0434\u0430\u043d\u044a\u0446\u0438, \u0442\u0430\u043a\u0441\u0438 \u0438 \u0442\u0430\u043a\u0441\u0438 \u0437\u0430 \u043e\u0431\u0440\u0430\u0431\u043e\u0442\u043a\u0430<\/li>\n<li>\u041c\u0435\u0441\u0442\u043d\u0438 \u0434\u0430\u043d\u044a\u0446\u0438<\/li>\n<li>\u041d\u0430\u043f\u0438\u0442\u043a\u0438<\/li>\n<li>\u0410\u043b\u043a\u043e\u0445\u043e\u043b\u043d\u0438 \u043d\u0430\u043f\u0438\u0442\u043a\u0438<\/li>\n<\/ol>\n<p><b>\u0418\u0437\u043a\u043b\u044e\u0447\u0435\u043d\u0438\u044f<\/b><\/p>\n<ol>\n<li>\u0411\u0435\u0437\u0432\u044a\u0437\u043c\u0435\u0437\u0434\u043d\u0438 \u043f\u043b\u0430\u0449\u0430\u043d\u0438\u044f<\/li>\n<li>\u0422\u0440\u0430\u043d\u0441\u0444\u0435\u0440\u043d\u0430 \u043a\u043e\u043b\u0430<\/li>\n<\/ol>\n<p>&nbsp;<\/p>\n<h4><a id=\"departure-return\" class=\"aal_anchor\" href=\"https:\/\/boattoursamana.com\/tour\/samana-cayo-levantado-bacardi-island-and-whale-watching-from-miches-in-catamaran\/#departure-return\" aria-hidden=\"true\" target=\"_blank\" rel=\"noopener\"><\/a><em><strong>\u041e\u0442\u043f\u044a\u0442\u0443\u0432\u0430\u043d\u0435 \u0438 \u0432\u0440\u044a\u0449\u0430\u043d\u0435<\/strong><\/em><\/h4>\n<p>\u041f\u044a\u0442\u043d\u0438\u043a\u044a\u0442 \u0449\u0435 \u043f\u043e\u043b\u0443\u0447\u0438 \u043c\u044f\u0441\u0442\u043e \u0437\u0430 \u0441\u0440\u0435\u0449\u0430 \u0441\u043b\u0435\u0434 \u043f\u0440\u043e\u0446\u0435\u0441\u0430 \u043d\u0430 \u0440\u0435\u0437\u0435\u0440\u0432\u0430\u0446\u0438\u044f. \u041e\u0431\u0438\u043a\u043e\u043b\u043a\u0438\u0442\u0435 \u0437\u0430\u043f\u043e\u0447\u0432\u0430\u0442 \u0438 \u0437\u0430\u0432\u044a\u0440\u0448\u0432\u0430\u0442 \u0432 \u043d\u0430\u0448\u0438\u0442\u0435 \u043c\u0435\u0441\u0442\u0430 \u0437\u0430 \u0441\u0440\u0435\u0449\u0438.<\/p>\n<p>&nbsp;<\/p>\n<h4><a id=\"what-to-expect\" class=\"aal_anchor\" href=\"https:\/\/boattoursamana.com\/tour\/samana-cayo-levantado-bacardi-island-and-whale-watching-from-miches-in-catamaran\/#what-to-expect\" aria-hidden=\"true\" target=\"_blank\" rel=\"noopener\"><\/a><b><i>\u041a\u0430\u043a\u0432\u043e \u0434\u0430 \u043e\u0447\u0430\u043a\u0432\u0430\u0442\u0435?<\/i><\/b><\/h4>\n<p>&nbsp;<\/p>\n<p><em><strong>\u0412\u0437\u0435\u043c\u0435\u0442\u0435 \u0441\u0432\u043e\u0438\u0442\u0435 \u0431\u0438\u043b\u0435\u0442\u0438<\/strong><\/em>\u00a0\u0437\u0430 \u0435\u0434\u043d\u043e\u0434\u043d\u0435\u0432\u043d\u0430 \u043e\u0431\u0438\u043a\u043e\u043b\u043a\u0430 \u0437\u0430 \u043d\u0430\u0431\u043b\u044e\u0434\u0435\u043d\u0438\u0435 \u043d\u0430 \u043a\u0438\u0442\u043e\u0432\u0435 \u0432 \u0437\u0430\u043b\u0438\u0432\u0430 \u0421\u0430\u043c\u0430\u043d\u0430, \u043a\u043e\u044f\u0442\u043e \u0437\u0430\u043f\u043e\u0447\u0432\u0430 \u043e\u0442 Miches \u0441 \u043a\u0430\u0442\u0430\u043c\u0430\u0440\u0430\u043d \u0441 \u043c\u0435\u0441\u0442\u043d\u0438 \u043d\u0430\u043f\u0438\u0442\u043a\u0438, \u0447\u0443\u0434\u0435\u0441\u0435\u043d \u043e\u0431\u044f\u0434 \u0438 \u043f\u043b\u0430\u0436.<\/p>\n<p>\u0414\u043d\u0435\u0432\u043d\u0438\u044f\u0442 \u043f\u0430\u0441\u043f\u043e\u0440\u0442 \u0437\u0430 \u043d\u0430\u0431\u043b\u044e\u0434\u0435\u043d\u0438\u0435 \u043d\u0430 \u043a\u0438\u0442\u043e\u0432\u0435, \u043e\u0440\u0433\u0430\u043d\u0438\u0437\u0438\u0440\u0430\u043d \u043e\u0442 \"Booking Adventures\", \u0437\u0430\u043f\u043e\u0447\u0432\u0430 \u043e\u0442 \u043c\u044f\u0441\u0442\u043e\u0442\u043e \u043d\u0430 \u0441\u0440\u0435\u0449\u0430\u0442\u0430, \u043e\u043f\u0440\u0435\u0434\u0435\u043b\u0435\u043d\u043e \u043e\u0442 \u0435\u043a\u0441\u043a\u0443\u0440\u0437\u043e\u0432\u043e\u0434\u0430. \u041e\u0431\u044f\u0434 \u043d\u0430 \u043f\u043b\u0430\u0436\u0430 \u0438 \u043c\u043e\u0436\u0435\u0442\u0435 \u0434\u0430 \u043e\u0441\u0442\u0430\u043d\u0435\u0442\u0435 \u043a\u043e\u043b\u043a\u043e\u0442\u043e \u0438\u0441\u043a\u0430\u0442\u0435 \u0432\u0440\u0435\u043c\u0435, \u0437\u0430 \u0434\u0430 \u043f\u043b\u0443\u0432\u0430\u0442\u0435 \u043d\u0430\u043e\u043a\u043e\u043b\u043e. \u0410\u043a\u043e \u0441\u0442\u0435 \u0432\u0435\u0433\u0430\u043d, \u043c\u043e\u0436\u0435\u043c \u0434\u0430 \u0432\u0438 \u043f\u0440\u0438\u0433\u043e\u0442\u0432\u0438\u043c \u0438 \u043c\u0430\u043b\u043a\u043e \u0445\u0440\u0430\u043d\u0430.<\/p>\n<p><strong>\u0413\u0440\u0430\u0444\u0438\u043a:<\/strong><\/p>\n<p>8:45 - 17:00 \u0427.<\/p>\n<p>&nbsp;<\/p>\n<h4><a id=\"what-you-should-bring\" class=\"aal_anchor\" href=\"https:\/\/boattoursamana.com\/tour\/samana-cayo-levantado-bacardi-island-and-whale-watching-from-miches-in-catamaran\/#what-you-should-bring\" aria-hidden=\"true\" target=\"_blank\" rel=\"noopener\"><\/a><em><strong>\u041a\u0430\u043a\u0432\u043e \u0442\u0440\u044f\u0431\u0432\u0430 \u0434\u0430 \u0432\u0437\u0435\u043c\u0435\u0442\u0435 \u0441\u044a\u0441 \u0441\u0435\u0431\u0435 \u0441\u0438?<\/strong><\/em><\/h4>\n<ul>\n<li>\u041a\u0430\u043c\u0435\u0440\u0430<\/li>\n<li>\u041e\u0442\u0431\u043b\u044a\u0441\u043a\u0432\u0430\u0449\u0438 \u043f\u044a\u043f\u043a\u0438<\/li>\n<li>\u0421\u043b\u044a\u043d\u0446\u0435\u0437\u0430\u0449\u0438\u0442\u0435\u043d \u043a\u0440\u0435\u043c<\/li>\n<li>\u0428\u0430\u043f\u043a\u0430<\/li>\n<li>\u0423\u0434\u043e\u0431\u043d\u0438 \u043f\u0430\u043d\u0442\u0430\u043b\u043e\u043d\u0438<\/li>\n<li>\u0421\u0430\u043d\u0434\u0430\u043b\u0438 \u043d\u0430 \u043f\u043b\u0430\u0436\u0430<\/li>\n<li>\u041f\u043b\u0443\u0432\u043d\u043e \u043e\u0431\u043b\u0435\u043a\u043b\u043e<\/li>\n<li>\u041f\u0430\u0440\u0438 \u0432 \u0431\u0440\u043e\u0439 \u0437\u0430 \u0441\u0443\u0432\u0435\u043d\u0438\u0440\u0438<\/li>\n<\/ul>\n<p>&nbsp;<\/p>\n<h4><a id=\"hotel-pickup\" class=\"aal_anchor\" href=\"https:\/\/boattoursamana.com\/tour\/samana-cayo-levantado-bacardi-island-and-whale-watching-from-miches-in-catamaran\/#hotel-pickup\" aria-hidden=\"true\" target=\"_blank\" rel=\"noopener\"><\/a><b><i>\u0425\u043e\u0442\u0435\u043b Pickup<\/i><\/b><\/h4>\n<p>\u0417\u0430 \u0442\u0430\u0437\u0438 \u043e\u0431\u0438\u043a\u043e\u043b\u043a\u0430 \u043d\u0435 \u0441\u0435 \u043f\u0440\u0435\u0434\u043b\u0430\u0433\u0430 \u0432\u0437\u0438\u043c\u0430\u043d\u0435 \u043e\u0442 \u0445\u043e\u0442\u0435\u043b.<\/p>\n<p>&nbsp;<\/p>\n<p><b>\u0417\u0430\u0431\u0435\u043b\u0435\u0436\u043a\u0430:<\/b>\u00a0\u0430\u043a\u043e \u043d\u0430\u043f\u0440\u0430\u0432\u0438\u0442\u0435 \u0440\u0435\u0437\u0435\u0440\u0432\u0430\u0446\u0438\u044f \u0432 \u0440\u0430\u043c\u043a\u0438\u0442\u0435 \u043d\u0430 24 \u0447\u0430\u0441\u0430 \u043f\u0440\u0435\u0434\u0438 \u0447\u0430\u0441\u0430 \u043d\u0430 \u043e\u0442\u043f\u044a\u0442\u0443\u0432\u0430\u043d\u0435, \u043c\u043e\u0436\u0435\u043c \u0434\u0430 \u0443\u0433\u043e\u0432\u043e\u0440\u0438\u043c \u0432\u0437\u0438\u043c\u0430\u043d\u0435 \u043e\u0442 \u0445\u043e\u0442\u0435\u043b\u0430 \u0441 \u0434\u043e\u043f\u044a\u043b\u043d\u0438\u0442\u0435\u043b\u043d\u0438 \u0442\u0430\u043a\u0441\u0438. \u0421\u043b\u0435\u0434 \u043a\u0430\u0442\u043e \u0437\u0430\u0432\u044a\u0440\u0448\u0438\u0442\u0435 \u043f\u043e\u043a\u0443\u043f\u043a\u0430\u0442\u0430 \u0441\u0438, \u0449\u0435 \u0432\u0438 \u0438\u0437\u043f\u0440\u0430\u0442\u0438\u043c \u043f\u044a\u043b\u043d\u0430 \u0438\u043d\u0444\u043e\u0440\u043c\u0430\u0446\u0438\u044f \u0437\u0430 \u043a\u043e\u043d\u0442\u0430\u043a\u0442 (\u0442\u0435\u043b\u0435\u0444\u043e\u043d\u0435\u043d \u043d\u043e\u043c\u0435\u0440, \u0438\u043c\u0435\u0439\u043b \u0430\u0434\u0440\u0435\u0441 \u0438 \u0434\u0440.) \u0437\u0430 \u043d\u0430\u0448\u0438\u044f \u043c\u0435\u0441\u0442\u0435\u043d \u0435\u043a\u0441\u043a\u0443\u0440\u0437\u043e\u0432\u043e\u0434, \u0437\u0430 \u0434\u0430 \u043e\u0440\u0433\u0430\u043d\u0438\u0437\u0438\u0440\u0430 \u043f\u043e\u0441\u0440\u0435\u0449\u0430\u043d\u0435\u0442\u043e.<\/p>\n<h4><a id=\"additional-info-confirmation\" class=\"aal_anchor\" href=\"https:\/\/boattoursamana.com\/tour\/samana-cayo-levantado-bacardi-island-and-whale-watching-from-miches-in-catamaran\/#additional-info-confirmation\" aria-hidden=\"true\" target=\"_blank\" rel=\"noopener\"><\/a><b><i>\u041f\u043e\u0442\u0432\u044a\u0440\u0436\u0434\u0435\u043d\u0438\u0435 \u043d\u0430 \u0434\u043e\u043f\u044a\u043b\u043d\u0438\u0442\u0435\u043b\u043d\u0430 \u0438\u043d\u0444\u043e\u0440\u043c\u0430\u0446\u0438\u044f<\/i><\/b><\/h4>\n<ol>\n<li>\u0411\u0438\u043b\u0435\u0442\u0438\u0442\u0435 \u0441\u0430 \u0440\u0430\u0437\u043f\u0438\u0441\u043a\u0430\u0442\u0430 \u0441\u043b\u0435\u0434 \u0437\u0430\u043f\u043b\u0430\u0449\u0430\u043d\u0435 \u043d\u0430 \u0442\u0430\u0437\u0438 \u043e\u0431\u0438\u043a\u043e\u043b\u043a\u0430. \u041c\u043e\u0436\u0435\u0442\u0435 \u0434\u0430 \u043f\u043e\u043a\u0430\u0436\u0435\u0442\u0435 \u043f\u043b\u0430\u0449\u0430\u043d\u0435\u0442\u043e \u043d\u0430 \u0442\u0435\u043b\u0435\u0444\u043e\u043d\u0430 \u0441\u0438.<\/li>\n<li>\u0422\u043e\u0447\u043a\u0430\u0442\u0430 \u0437\u0430 \u0441\u0440\u0435\u0449\u0430 \u0449\u0435 \u0431\u044a\u0434\u0435 \u043f\u043e\u043b\u0443\u0447\u0435\u043d\u0430 \u0441\u043b\u0435\u0434 \u043f\u0440\u043e\u0446\u0435\u0441\u0430 \u043d\u0430 \u0440\u0435\u0437\u0435\u0440\u0432\u0430\u0446\u0438\u044f.<\/li>\n<li>\u0414\u0435\u0446\u0430\u0442\u0430 \u0442\u0440\u044f\u0431\u0432\u0430 \u0434\u0430 \u0431\u044a\u0434\u0430\u0442 \u043f\u0440\u0438\u0434\u0440\u0443\u0436\u0430\u0432\u0430\u043d\u0438 \u043e\u0442 \u0432\u044a\u0437\u0440\u0430\u0441\u0442\u0435\u043d.<\/li>\n<li>\u0434\u043e\u0441\u0442\u044a\u043f \u0437\u0430 \u0438\u043d\u0432\u0430\u043b\u0438\u0434\u043d\u0438 \u043a\u043e\u043b\u0438\u0447\u043a\u0438<\/li>\n<li>\u0411\u0435\u0431\u0435\u0442\u0430\u0442\u0430 \u0442\u0440\u044f\u0431\u0432\u0430 \u0434\u0430 \u0441\u0435\u0434\u044f\u0442 \u043d\u0430 \u043a\u043e\u043b\u0435\u043d\u0435<\/li>\n<li>\u041f\u043e\u0432\u0435\u0447\u0435\u0442\u043e \u043f\u044a\u0442\u043d\u0438\u0446\u0438 \u043c\u043e\u0433\u0430\u0442 \u0434\u0430 \u0443\u0447\u0430\u0441\u0442\u0432\u0430\u0442<\/li>\n<\/ol>\n<h4><a id=\"cancellation-policy\" class=\"aal_anchor\" href=\"https:\/\/boattoursamana.com\/tour\/samana-cayo-levantado-bacardi-island-and-whale-watching-from-miches-in-catamaran\/#cancellation-policy\" aria-hidden=\"true\" target=\"_blank\" rel=\"noopener\"><\/a><b><i>\u041f\u043e\u043b\u0438\u0442\u0438\u043a\u0430 \u0437\u0430 \u0430\u043d\u0443\u043b\u0438\u0440\u0430\u043d\u0435<\/i><\/b><\/h4>\n<p>\u0417\u0430 \u043f\u044a\u043b\u043d\u043e \u0432\u044a\u0437\u0441\u0442\u0430\u043d\u043e\u0432\u044f\u0432\u0430\u043d\u0435 \u043d\u0430 \u0441\u0443\u043c\u0430\u0442\u0430 \u0430\u043d\u0443\u043b\u0438\u0440\u0430\u0439\u0442\u0435 \u0440\u0435\u0437\u0435\u0440\u0432\u0430\u0446\u0438\u044f\u0442\u0430 \u043f\u043e\u043d\u0435 24 \u0447\u0430\u0441\u0430 \u043f\u0440\u0435\u0434\u0438 \u043d\u0430\u0447\u0430\u043b\u043d\u0430\u0442\u0430 \u0434\u0430\u0442\u0430 \u043d\u0430 \u043f\u0440\u0435\u0436\u0438\u0432\u044f\u0432\u0430\u043d\u0435\u0442\u043e.<\/p>\n<\/div>\n<\/div>\n<\/div>\n<\/div>\n<\/div>\n<\/div>\n<\/div>\n<\/div>\n<\/div>\n<\/div>\n<\/div>\n<\/div>\n<div class=\"vc_row wpb_row vc_row-fluid\">\n<div class=\"wpb_column vc_column_container vc_col-sm-12\">\n<div class=\"vc_column-inner\">\n<div class=\"wpb_wrapper\">\n<div class=\"vc_empty_space\"><\/div>\n<div class=\"wpb_text_column wpb_content_element\">\n<div class=\"wpb_wrapper\">\n<h4><a id=\"contact-us\" class=\"aal_anchor\" href=\"https:\/\/boattoursamana.com\/tour\/samana-cayo-levantado-bacardi-island-and-whale-watching-from-miches-in-catamaran\/#contact-us\" aria-hidden=\"true\" target=\"_blank\" rel=\"noopener\"><\/a>\u0421\u0432\u044a\u0440\u0436\u0435\u0442\u0435 \u0441\u0435 \u0441 \u043d\u0430\u0441?<\/h4>\n<h5><\/h5>\n<p><em><strong>\u041c\u0435\u0441\u0442\u043d\u0438 \u0436\u0438\u0442\u0435\u043b\u0438<\/strong>\u00a0\u0438\u00a0<strong>\u041d\u0430\u0446\u0438\u043e\u043d\u0430\u043b\u0438<\/strong>\u00a0\u0415\u043a\u0441\u043a\u0443\u0440\u0437\u043e\u0432\u043e\u0434\u0438 \u0438 \u0443\u0441\u043b\u0443\u0433\u0438 \u0437\u0430 \u0433\u043e\u0441\u0442\u0438<\/em><\/p>\n<p><span class=\"text-turquoise\">\u0420\u0435\u0437\u0435\u0440\u0432\u0430\u0446\u0438\u0438:<\/span>\u00a0\u041e\u0431\u0438\u043a\u043e\u043b\u043a\u0438 \u0438 \u0435\u043a\u0441\u043a\u0443\u0440\u0437\u0438\u0438 \u0432 Dom. Rep.<\/p>\n<p><img decoding=\"async\" class=\"emoji\" title=\"Samana Cayo Levantado (Bacardi Island) and Whale Watching from Miches in Catamaran 1\" draggable=\"false\" src=\"https:\/\/s.w.org\/images\/core\/emoji\/11.2.0\/svg\/1f4de.svg\" alt=\"\ud83d\udcde\" \/> \u0422\u0435\u043b \/ Whatsapp <strong><a href=\"tel:+1 (829) 318-9463\">+1 (829) 318-9463.<\/a><\/strong><\/p>\n<p><img decoding=\"async\" class=\"emoji\" title=\"Samana Cayo Levantado (Bacardi Island) and Whale Watching from Miches in Catamaran 2\" draggable=\"false\" src=\"https:\/\/s.w.org\/images\/core\/emoji\/11.2.0\/svg\/1f4e9.svg\" alt=\"\ud83d\udce9\" \/>\u00a0<a href=\"mailto:reservabatour@gmail.com\">reservabatour@gmail.com<\/a><\/p>\n<p><strong>\u041d\u0438\u0435 \u0441\u043c\u0435 \u0433\u044a\u0432\u043a\u0430\u0432\u0438 \u041d\u0430\u0441\u0442\u0440\u043e\u0439\u043a\u0430 \u0447\u0430\u0441\u0442\u043d\u0438 \u0442\u0443\u0440\u043e\u0432\u0435 \u043e\u0442 Whatsapp:\u00a0<a href=\"tel:+1 (829) 318-9463\">+1 (829) 318-9463.<\/a><\/strong><\/p>\n<\/div>\n<\/div>\n<\/div>\n<\/div>\n<\/div>\n<\/div>\n<\/div>\n<\/div>\n\n\t\t<\/div>\n\t<\/div>\n<div class=\"vc_row wpb_row vc_row-fluid\" ><div class=\"wpb_column vc_column_container vc_col-sm-12\"><div class=\"vc_column-inner\"><div class=\"wpb_wrapper\"><div class=\"vc_btn3-container vc_btn3-inline\" ><button class=\"vc_general vc_btn3 vc_btn3-size-md vc_btn3-shape-rounded vc_btn3-style-modern vc_btn3-color-green\">\u0420\u0415\u0417\u0415\u0420\u0412\u0418\u0420\u0410\u0419\u0422\u0415 \u0421\u0415\u0413\u0410<\/button><\/div><\/div><\/div><\/div><\/div>","protected":false},"excerpt":{"rendered":"<p><span style=\"vertical-align: inherit;\"><span style=\"vertical-align: inherit;\">Whale Miches Tours &amp; Excursiones. <\/span><span style=\"vertical-align: inherit;\">Reserve sus boletos para el avistamiento de ballenas en la Bah\u00eda de Saman\u00e1, comenzando desde Miches y visitando Cayo Levantado, tambi\u00e9n conocida como Isla Bacard\u00ed para una aventura con pase de un d\u00eda.<\/span><\/span><\/p>\n<p>&nbsp;<\/p>\n<p><em><strong><span style=\"vertical-align: inherit;\"><span style=\"vertical-align: inherit;\">\u0418\u0437\u0431\u0435\u0440\u0435\u0442\u0435 \u0434\u0430\u0442\u0430 \u043d\u0430 \u0435\u043a\u0441\u043a\u0443\u0440\u0437\u0438\u044f\u0442\u0430:<\/span><\/span><\/strong><\/em><\/p>","protected":false},"featured_media":11103,"template":"","meta":[],"product_brand":[],"product_cat":[124,588],"product_tag":[269,270,271,272,273,234,236,274,275,276],"class_list":{"0":"post-11645","1":"product","2":"type-product","3":"status-publish","4":"has-post-thumbnail","6":"product_cat-tours-excursions-samana-bay-dominican-republic","7":"product_cat-whale-watching-miches","8":"product_tag-miches-whale-watching","9":"product_tag-samana-dominican-republic","10":"product_tag-samana-whale-watching","11":"product_tag-samana-whale-watching-price","12":"product_tag-things-to-do-in-dominican-republic","13":"product_tag-whale-samana","14":"product_tag-whale-watching-dominican-republic","15":"product_tag-whale-watching-miches","16":"product_tag-whale-watching-miches-dominican-republic","17":"product_tag-when-to-see-whales-dominican-republic","19":"first","20":"instock","21":"sale","22":"shipping-taxable","23":"product-type-external"},"_links":{"self":[{"href":"https:\/\/visitaloshaitises.com\/bg\/wp-json\/wp\/v2\/product\/11645","targetHints":{"allow":["GET"]}}],"collection":[{"href":"https:\/\/visitaloshaitises.com\/bg\/wp-json\/wp\/v2\/product"}],"about":[{"href":"https:\/\/visitaloshaitises.com\/bg\/wp-json\/wp\/v2\/types\/product"}],"wp:featuredmedia":[{"embeddable":true,"href":"https:\/\/visitaloshaitises.com\/bg\/wp-json\/wp\/v2\/media\/11103"}],"wp:attachment":[{"href":"https:\/\/visitaloshaitises.com\/bg\/wp-json\/wp\/v2\/media?parent=11645"}],"wp:term":[{"taxonomy":"product_brand","embeddable":true,"href":"https:\/\/visitaloshaitises.com\/bg\/wp-json\/wp\/v2\/product_brand?post=11645"},{"taxonomy":"product_cat","embeddable":true,"href":"https:\/\/visitaloshaitises.com\/bg\/wp-json\/wp\/v2\/product_cat?post=11645"},{"taxonomy":"product_tag","embeddable":true,"href":"https:\/\/visitaloshaitises.com\/bg\/wp-json\/wp\/v2\/product_tag?post=11645"}],"curies":[{"name":"wp","href":"https:\/\/api.w.org\/{rel}","templated":true}]}}