{"id":10905,"date":"2020-07-17T11:45:11","date_gmt":"2020-07-17T11:45:11","guid":{"rendered":"https:\/\/haitises.com\/?post_type=product&#038;p=10905"},"modified":"2024-04-16T00:20:24","modified_gmt":"2024-04-16T00:20:24","slug":"excursion-cascada-el-limon-y-cayo-levantado-desde-el-area-de-punta-cana-punto-de-reunion-sabana-de-la-mar","status":"publish","type":"product","link":"https:\/\/visitaloshaitises.com\/bg\/private\/excursion-cascada-el-limon-y-cayo-levantado-desde-el-area-de-punta-cana-punto-de-reunion-sabana-de-la-mar\/","title":{"rendered":"\u0415\u043a\u0441\u043a\u0443\u0440\u0437\u0438\u044f \u0434\u043e \u0432\u043e\u0434\u043e\u043f\u0430\u0434\u0430 \u0415\u043b \u041b\u0438\u043c\u043e\u043d \u0438 \u041a\u0430\u0439\u043e \u041b\u0435\u0432\u0430\u043d\u0442\u0430\u0434\u043e \u043e\u0442 \u0440\u0430\u0439\u043e\u043d\u0430 \u043d\u0430 \u041f\u0443\u043d\u0442\u0430 \u041a\u0430\u043d\u0430 (\u0441\u0431\u043e\u0440\u0435\u043d \u043f\u0443\u043d\u043a\u0442 \u0421\u0430\u0431\u0430\u043d\u0430 \u0434\u0435 \u043b\u0430 \u041c\u0430\u0440)"},"content":{"rendered":"<div class=\"vc_row wpb_row vc_row-fluid\" ><div class=\"wpb_column vc_column_container vc_col-sm-12\"><div class=\"vc_column-inner\"><div class=\"wpb_wrapper\"><div class=\"mkdf-section-title-holder\" style=\"text-align: left\">\n\t<div class=\"mkdf-st-inner\">\n\t\t\t\t\t<h5 class=\"mkdf-st-subtitle\" >\n\t\t\t\t(Punto de encuentro Sabana de la Mar)\t\t\t<\/h5>\n\t\t\t\t\t\t\t<h3 class=\"mkdf-st-title\" >\n\t\t\t\tCascada El Lim\u00f3n y Cayo Levantado - Excursi\u00f3n desde el \u00e1rea de Punta Cana\t\t\t<\/h3>\n\t\t\t\t\t<\/div>\n<\/div><\/div><\/div><\/div><\/div><div class=\"vc_row wpb_row vc_row-fluid\" ><div class=\"wpb_column vc_column_container vc_col-sm-12\"><div class=\"vc_column-inner\"><div class=\"wpb_wrapper\">\n\t<div class=\"wpb_text_column wpb_content_element\" >\n\t\t<div class=\"wpb_wrapper\">\n\t\t\t<h3>\u041e\u043f\u0438\u0441\u0430\u043d\u0438\u0435<\/h3>\n<p>Si se encuentra en Punta Cana o B\u00e1varo, busca una excursi\u00f3n de un d\u00eda pagando menos de lo normal. Simplemente reserve este viaje a partir de la zona de Sabana de la Mar. Visitar la comunidad de Saman\u00e1 en Safari para llegar a la comunidad de El Lim\u00f3n, montar a caballo o caminar a las cataratas despu\u00e9s de cruzar la bah\u00eda de Saman\u00e1 y el tiempo de almuerzo en la isla de Bacardi. Este viaje comienza a las 9:00 a.m. y termina a las 4:30 p.m.<\/p>\n<p>Despu\u00e9s de esta experiencia, volver\u00e1s al puerto de Sabana de la Mar.<\/p>\n<ul>\n<li>\u0412\u043a\u043b\u044e\u0447\u0435\u043d\u0438 \u0434\u0430\u043d\u044a\u0446\u0438<\/li>\n<li>Almuerzo en la playa incluido.<\/li>\n<li>\u0420\u044a\u043a\u043e\u0432\u043e\u0434\u0441\u0442\u0432\u043e\u0442\u043e \u043e\u0441\u0438\u0433\u0443\u0440\u044f\u0432\u0430 \u0438\u043d\u0441\u0442\u0440\u0443\u043a\u0446\u0438\u0438 \u0438 \u043d\u0430\u0434\u0437\u043e\u0440.<\/li>\n<\/ul>\n<h3>\u0412\u043a\u043b\u044e\u0447\u0432\u0430\u043d\u0438\u044f \u0438 \u0438\u0437\u043a\u043b\u044e\u0447\u0435\u043d\u0438\u044f<\/h3>\n<h4>\u0412\u043a\u043b\u044e\u0447\u0432\u0430\u043d\u0438\u044f<\/h4>\n<ul>\n<li>Bah\u00eda Saman\u00e1<\/li>\n<li>Isla Bacardi, playa y almuerzo<\/li>\n<li>Safari a El Lim\u00f3n<\/li>\n<li>Paseos a caballo o senderismo a las cascadas<\/li>\n<li>C\u00f3cteles Dominicanos<\/li>\n<li>\u0412\u0441\u0438\u0447\u043a\u0438 \u0434\u0430\u043d\u044a\u0446\u0438, \u0442\u0430\u043a\u0441\u0438 \u0438 \u0442\u0430\u043a\u0441\u0438 \u0437\u0430 \u043e\u0431\u0440\u0430\u0431\u043e\u0442\u043a\u0430<\/li>\n<li>\u041c\u0435\u0441\u0442\u043d\u0438 \u0434\u0430\u043d\u044a\u0446\u0438<\/li>\n<li>\u041d\u0430\u043f\u0438\u0442\u043a\u0438<\/li>\n<li>\u0412\u0441\u0438\u0447\u043a\u0438 \u0434\u0435\u0439\u043d\u043e\u0441\u0442\u0438<\/li>\n<li>\u041c\u0435\u0441\u0442\u0435\u043d \u0435\u043a\u0441\u043a\u0443\u0440\u0437\u043e\u0432\u043e\u0434<\/li>\n<\/ul>\n<h4>\u0418\u0437\u043a\u043b\u044e\u0447\u0435\u043d\u0438\u044f<\/h4>\n<ul>\n<li>\u041f\u0440\u0435\u0434\u043e\u0441\u0442\u0430\u0432\u044f\u043d\u0435 \u043d\u0430 \u0431\u0430\u043a\u0448\u0438\u0448\u0438<\/li>\n<li>Traslado desde Punta Cana no incluido<\/li>\n<li>Bebidas alcoh\u00f3licas despu\u00e9s de c\u00f3cteles<\/li>\n<\/ul>\n<h3><em>\u041e\u0442\u043f\u044a\u0442\u0443\u0432\u0430\u043d\u0435 \u0438 \u0432\u0440\u044a\u0449\u0430\u043d\u0435<\/em><\/h3>\n<p>\u0421\u043b\u0435\u0434 \u0438\u0437\u0432\u044a\u0440\u0448\u0432\u0430\u043d\u0435 \u043d\u0430 \u0440\u0435\u0437\u0435\u0440\u0432\u0430\u0446\u0438\u044f\u0442\u0430 \u043f\u044a\u0442\u043d\u0438\u043a\u044a\u0442 \u0449\u0435 \u043f\u043e\u043b\u0443\u0447\u0438 \u0438\u043d\u0444\u043e\u0440\u043c\u0430\u0446\u0438\u044f \u0437\u0430 \u043c\u044f\u0441\u0442\u043e\u0442\u043e \u043d\u0430 \u0441\u0440\u0435\u0449\u0430\u0442\u0430. \u0415\u043a\u0441\u043a\u0443\u0440\u0437\u0438\u0438\u0442\u0435 \u0437\u0430\u043f\u043e\u0447\u0432\u0430\u0442 \u0438 \u0437\u0430\u0432\u044a\u0440\u0448\u0432\u0430\u0442 \u0432 \u043d\u0430\u0448\u0438\u0442\u0435 \u043f\u0443\u043d\u043a\u0442\u043e\u0432\u0435 \u0437\u0430 \u0441\u0440\u0435\u0449\u0438.<\/p>\n<h3><em>\u041a\u0430\u043a\u0432\u043e \u0434\u0430 \u043e\u0447\u0430\u043a\u0432\u0430\u043c\u0435?<\/em><\/h3>\n<p>Obtenga sus boletos para visitar las cataratas en caballos o senderismo, Safari Saman\u00e1, nadar en los manantiales naturales desde el almuerzo de las cascadas en la isla de Bacardi m\u00e1s tiempo en la playa.<\/p>\n<p>Comenzando desde los puertos de Sabana de la Mar a bordo de un barco o catamar\u00e1n con un gu\u00eda tur\u00edstico local, pasamos la bah\u00eda de Saman\u00e1 a la comunidad de Saman\u00e1. Tomar un safari con un gu\u00eda tur\u00edstico local para hablar sobre la historia de Saman\u00e1 hasta llegar a la comunidad de El Lim\u00f3n. En la comunidad de El Lim\u00f3n comenzamos a caminar o montar a caballo por el bosque de cascadas de El Lim\u00f3n hasta las cascadas de El Lim\u00f3n. Donde cuando llegamos, \u00a1podemos nadar! Despu\u00e9s de regresar a Safari para ir al puerto de Saman\u00e1. Visite la isla de Bacardi para almorzar en la playa y nadar en una de las islas m\u00e1s bellas de la Rep\u00fablica Dominicana.<\/p>\n<p>\u0412 \u0441\u043b\u0443\u0447\u0430\u0439, \u0447\u0435 \u0445\u0430\u0440\u0435\u0441\u0432\u0430\u0442\u0435 \u0442\u043e\u0432\u0430 \u043f\u044a\u0442\u0443\u0432\u0430\u043d\u0435 \u043f\u043e-\u0434\u044a\u043b\u0433\u043e \u0438\u043b\u0438 \u043f\u043e-\u043a\u0440\u0430\u0442\u043a\u043e, \u0438\u043c\u0430\u043c\u0435 \u0441\u043b\u0435\u0434\u043d\u0438\u0442\u0435 \u043e\u043f\u0446\u0438\u0438:<\/p>\n<ul>\n<li>Los Haitises + Cayo Levantado \u043e\u0442 \u043f\u0440\u0438\u0441\u0442\u0430\u043d\u0438\u0449\u0435\u0442\u043e \u043d\u0430 \u0421\u0430\u043c\u0430\u043d\u0430.<\/li>\n<li>Los Haitises + Cano Hondo \u043e\u0442 \u043f\u0440\u0438\u0441\u0442\u0430\u043d\u0438\u0449\u0435\u0442\u043e \u043d\u0430 \u0421\u0430\u043c\u0430\u043d\u0430.<\/li>\n<\/ul>\n<h3><em>\u041a\u0430\u043a\u0432\u043e \u0442\u0440\u044f\u0431\u0432\u0430 \u0434\u0430 \u0432\u0437\u0435\u043c\u0435\u0442\u0435 \u0441\u044a\u0441 \u0441\u0435\u0431\u0435 \u0441\u0438?<\/em><\/h3>\n<ul>\n<li>\u041a\u0430\u043c\u0435\u0440\u0430<\/li>\n<li>\u0420\u0435\u043f\u0435\u043b\u0435\u043d\u0442\u0438<\/li>\n<li>\u0441\u043b\u044a\u043d\u0447\u0435\u0432 \u043a\u0440\u0435\u043c<\/li>\n<li>\u0428\u0430\u043f\u043a\u0430<\/li>\n<li>\u0423\u0434\u043e\u0431\u043d\u0438 \u043f\u0430\u043d\u0442\u0430\u043b\u043e\u043d\u0438<\/li>\n<li>\u0413\u043e\u0440\u0441\u043a\u0438 \u0442\u0443\u0440\u0438\u0441\u0442\u0438\u0447\u0435\u0441\u043a\u0438 \u043e\u0431\u0443\u0432\u043a\u0438<\/li>\n<li>\u0421\u0430\u043d\u0434\u0430\u043b\u0438 \u0437\u0430 \u043f\u0440\u043e\u043b\u0435\u0442\u043d\u0438 \u0440\u0430\u0439\u043e\u043d\u0438.<\/li>\n<li>\u041a\u043e\u0441\u0442\u044e\u043c \u0437\u0430 \u043f\u043b\u0443\u0432\u0430\u043d\u0435<\/li>\n<\/ul>\n<h3><em>\u0412\u0437\u0435\u043c\u0430\u043d\u0435 \u043e\u0442 \u0445\u043e\u0442\u0435\u043b\u0430<\/em><\/h3>\n<p>No se ofrece la recogida en el hotel para este tour. Pero si nos contacta, podemos hablar de ello.<\/p>\n<p><strong>\u0417\u0430\u0431\u0435\u043b\u0435\u0436\u043a\u0430<\/strong>: \u0410\u043a\u043e \u0440\u0435\u0437\u0435\u0440\u0432\u0438\u0440\u0430\u0442\u0435 \u0432 \u0440\u0430\u043c\u043a\u0438\u0442\u0435 \u043d\u0430 24 \u0447\u0430\u0441\u0430 \u043e\u0442 \u0447\u0430\u0441\u0430 \u043d\u0430 \u0442\u0440\u044a\u0433\u0432\u0430\u043d\u0435 \u043d\u0430 \u0442\u0443\u0440\u043d\u0435\u0442\u043e\/\u0435\u043a\u0441\u043a\u0443\u0440\u0437\u0438\u044f\u0442\u0430, \u043c\u043e\u0436\u0435\u043c \u0434\u0430 \u043e\u0440\u0433\u0430\u043d\u0438\u0437\u0438\u0440\u0430\u043c\u0435 \u0432\u0437\u0435\u043c\u0430\u043d\u0435 \u043e\u0442 \u0445\u043e\u0442\u0435\u043b\u0430 \u0441\u0440\u0435\u0449\u0443 \u0434\u043e\u043f\u044a\u043b\u043d\u0438\u0442\u0435\u043b\u043d\u0438 \u0442\u0430\u043a\u0441\u0438. \u0421\u043b\u0435\u0434 \u043a\u0430\u0442\u043e \u043f\u043e\u043a\u0443\u043f\u043a\u0430\u0442\u0430 \u0432\u0438 \u0431\u044a\u0434\u0435 \u0437\u0430\u0432\u044a\u0440\u0448\u0435\u043d\u0430, \u043d\u0438\u0435 \u0449\u0435 \u0432\u0438 \u0438\u0437\u043f\u0440\u0430\u0442\u0438\u043c \u043f\u044a\u043b\u043d\u0430 \u0438\u043d\u0444\u043e\u0440\u043c\u0430\u0446\u0438\u044f \u0437\u0430 \u0432\u0440\u044a\u0437\u043a\u0430 (\u0442\u0435\u043b\u0435\u0444\u043e\u043d\u0435\u043d \u043d\u043e\u043c\u0435\u0440, \u0438\u043c\u0435\u0439\u043b \u0430\u0434\u0440\u0435\u0441 \u0438 \u0442.\u043d.) \u0437\u0430 \u043d\u0430\u0448\u0438\u044f \u043c\u0435\u0441\u0442\u0435\u043d \u0435\u043a\u0441\u043a\u0443\u0440\u0437\u043e\u0432\u043e\u0434, \u0437\u0430 \u0434\u0430 \u0443\u0440\u0435\u0434\u0438\u043c \u0443\u0433\u043e\u0432\u043e\u0440\u043a\u0438\u0442\u0435 \u0437\u0430 \u0432\u0437\u0438\u043c\u0430\u043d\u0435.<\/p>\n<h3><em>\u041f\u043e\u0442\u0432\u044a\u0440\u0436\u0434\u0430\u0432\u0430\u043d\u0435 \u043d\u0430 \u0434\u043e\u043f\u044a\u043b\u043d\u0438\u0442\u0435\u043b\u043d\u0430 \u0438\u043d\u0444\u043e\u0440\u043c\u0430\u0446\u0438\u044f<\/em><\/h3>\n<ol>\n<li>\u0411\u0438\u043b\u0435\u0442\u0438\u0442\u0435 \u0441\u0435 \u043f\u043e\u043b\u0443\u0447\u0430\u0432\u0430\u0442 \u0441\u043b\u0435\u0434 \u0437\u0430\u043f\u043b\u0430\u0449\u0430\u043d\u0435 \u043d\u0430 \u0442\u0430\u0437\u0438 \u043e\u0431\u0438\u043a\u043e\u043b\u043a\u0430. \u041c\u043e\u0436\u0435\u0442\u0435 \u0434\u0430 \u043f\u043e\u043a\u0430\u0436\u0435\u0442\u0435 \u043f\u043b\u0430\u0449\u0430\u043d\u0435\u0442\u043e \u043d\u0430 \u0442\u0435\u043b\u0435\u0444\u043e\u043d\u0430 \u0441\u0438.<\/li>\n<li>\u041c\u044f\u0441\u0442\u043e\u0442\u043e \u0437\u0430 \u0441\u0440\u0435\u0449\u0430 \u0449\u0435 \u0431\u044a\u0434\u0435 \u043f\u043e\u0441\u043e\u0447\u0435\u043d\u043e \u0441\u043b\u0435\u0434 \u0438\u0437\u0432\u044a\u0440\u0448\u0432\u0430\u043d\u0435 \u043d\u0430 \u0440\u0435\u0437\u0435\u0440\u0432\u0430\u0446\u0438\u044f\u0442\u0430.<\/li>\n<li>\u0414\u0435\u0446\u0430\u0442\u0430 \u0442\u0440\u044f\u0431\u0432\u0430 \u0434\u0430 \u0431\u044a\u0434\u0430\u0442 \u043f\u0440\u0438\u0434\u0440\u0443\u0436\u0430\u0432\u0430\u043d\u0438 \u043e\u0442 \u0432\u044a\u0437\u0440\u0430\u0441\u0442\u0435\u043d.<\/li>\n<li>\u041d\u0435 \u0435 \u0434\u043e\u0441\u0442\u044a\u043f\u0435\u043d \u0437\u0430 \u0438\u043d\u0432\u0430\u043b\u0438\u0434\u043d\u0438 \u043a\u043e\u043b\u0438\u0447\u043a\u0438<\/li>\n<li>\u0411\u0435\u0431\u0435\u0442\u0430\u0442\u0430 \u0442\u0440\u044f\u0431\u0432\u0430 \u0434\u0430 \u0441\u0435\u0434\u044f\u0442 \u0432 \u0441\u043a\u0443\u0442\u0430<\/li>\n<li>\u041d\u0435 \u0441\u0435 \u043f\u0440\u0435\u043f\u043e\u0440\u044a\u0447\u0432\u0430 \u0437\u0430 \u043f\u044a\u0442\u043d\u0438\u0446\u0438 \u0441 \u043f\u0440\u043e\u0431\u043b\u0435\u043c\u0438 \u0441 \u0433\u044a\u0440\u0431\u0430.<\/li>\n<li>\u041d\u0435 \u0441\u0435 \u043f\u0440\u0435\u043f\u043e\u0440\u044a\u0447\u0432\u0430 \u0437\u0430 \u0431\u0440\u0435\u043c\u0435\u043d\u043d\u0438 \u0436\u0435\u043d\u0438.<\/li>\n<li>\u041d\u044f\u043c\u0430 \u0441\u044a\u0440\u0434\u0435\u0447\u043d\u0438 \u043f\u0440\u043e\u0431\u043b\u0435\u043c\u0438 \u0438\u043b\u0438 \u0434\u0440\u0443\u0433\u0438 \u0441\u0435\u0440\u0438\u043e\u0437\u043d\u0438 \u0437\u0430\u0431\u043e\u043b\u044f\u0432\u0430\u043d\u0438\u044f.<\/li>\n<li>\u041f\u043e\u0432\u0435\u0447\u0435\u0442\u043e \u043f\u044a\u0442\u043d\u0438\u0446\u0438 \u043c\u043e\u0433\u0430\u0442 \u0434\u0430 \u0443\u0447\u0430\u0441\u0442\u0432\u0430\u0442.<\/li>\n<\/ol>\n<h3><em>\u041f\u043e\u043b\u0438\u0442\u0438\u043a\u0430 \u0437\u0430 \u0430\u043d\u0443\u043b\u0438\u0440\u0430\u043d\u0435<\/em><\/h3>\n<p>\u0417\u0430 \u043f\u044a\u043b\u043d\u043e \u0432\u044a\u0437\u0441\u0442\u0430\u043d\u043e\u0432\u044f\u0432\u0430\u043d\u0435 \u043d\u0430 \u0441\u0443\u043c\u0430\u0442\u0430, \u043c\u043e\u043b\u044f, \u0430\u043d\u0443\u043b\u0438\u0440\u0430\u0439\u0442\u0435 \u0440\u0435\u0437\u0435\u0440\u0432\u0430\u0446\u0438\u044f\u0442\u0430 \u043f\u043e\u043d\u0435 24 \u0447\u0430\u0441\u0430 \u043f\u0440\u0435\u0434\u0438 \u043d\u0430\u0447\u0430\u043b\u043d\u0430\u0442\u0430 \u0434\u0430\u0442\u0430 \u043d\u0430 \u043f\u0440\u0435\u0436\u0438\u0432\u044f\u0432\u0430\u043d\u0435\u0442\u043e.<\/p>\n\n\t\t<\/div>\n\t<\/div>\n<\/div><\/div><\/div><\/div><div class=\"vc_row wpb_row vc_row-fluid\" ><div class=\"wpb_column vc_column_container vc_col-sm-12\"><div class=\"vc_column-inner\"><div class=\"wpb_wrapper\"><div class=\"vc_empty_space\"   style=\"height: 32px\"><span class=\"vc_empty_space_inner\"><\/span><\/div>\n\t<div class=\"wpb_text_column wpb_content_element\" >\n\t\t<div class=\"wpb_wrapper\">\n\t\t\t<h4>\u00a1Cont\u00e1ctenos!<\/h4>\n<h5>\u0420\u0435\u0437\u0435\u0440\u0432\u0430\u0442 \u0437\u0430 \u043f\u0440\u0438\u043a\u043b\u044e\u0447\u0435\u043d\u0438\u044f<\/h5>\n<p><em>Gu\u00edas tur\u00edsticos Locales y nacionales y servicios para hu\u00e9spedes<\/em><\/p>\n<p>\u0420\u0435\u0437\u0435\u0440\u0432\u0430\u0446\u0438\u0438: \u0415\u043a\u0441\u043a\u0443\u0440\u0437\u0438\u0438 \u0432 Dom. Rep.<\/p>\n<p>\u0422\u0435\u043b\u0435\u0444\u043e\u043d \/ Whatsapp + 1-809-720-6035.<\/p>\n<p>info@bookingadventures.com.do<\/p>\n<p>\u041d\u0438\u0435 \u0441\u043c\u0435 \u0433\u044a\u0432\u043a\u0430\u0432\u0438 \u041a\u043e\u043d\u0444\u0438\u0433\u0443\u0440\u0438\u0440\u0430\u043d\u0435 \u043d\u0430 \u0447\u0430\u0441\u0442\u043d\u0438 \u043e\u0431\u0438\u043a\u043e\u043b\u043a\u0438 \u043e\u0442 <strong>Whatsapp: <a href=\"tel:+18097206035\">+18097206035.<\/a><\/strong><\/p>\n\n\t\t<\/div>\n\t<\/div>\n<div class=\"vc_empty_space\"   style=\"height: 32px\"><span class=\"vc_empty_space_inner\"><\/span><\/div><\/div><\/div><\/div><\/div>","protected":false},"excerpt":{"rendered":"<p><strong>\u041c\u043e\u043b\u044f, \u0438\u0437\u0431\u0435\u0440\u0435\u0442\u0435 \u0434\u0430\u0442\u0430\u0442\u0430 \u043d\u0430 \u043e\u0431\u0438\u043a\u043e\u043b\u043a\u0430\u0442\u0430:<\/strong><\/p>","protected":false},"featured_media":94,"template":"","meta":[],"product_brand":[],"product_cat":[96,97,135,136,122,443,123,124],"product_tag":[137,138,139,140,141,114,142,143],"class_list":{"0":"post-10905","1":"product","2":"type-product","3":"status-publish","4":"has-post-thumbnail","6":"product_cat-hiking","7":"product_cat-horse-riding-to-waterfalls","8":"product_cat-lunch","9":"product_cat-safari-samana","10":"product_cat-tours-and-excursions","11":"product_cat-tours-y-excursiones-es","12":"product_cat-tours-excursions-los-haitises-national-park","13":"product_cat-tours-excursions-samana-bay-dominican-republic","14":"product_tag-bacardi-island","15":"product_tag-beach-time","16":"product_tag-cayo-levantado","17":"product_tag-el-limon-waterfalls","18":"product_tag-punta-cana","19":"product_tag-sabana-de-la-mar","20":"product_tag-samana","21":"product_tag-samana-tours","23":"first","24":"instock","25":"sale","26":"sold-individually","27":"shipping-taxable","28":"product-type-external"},"_links":{"self":[{"href":"https:\/\/visitaloshaitises.com\/bg\/wp-json\/wp\/v2\/product\/10905","targetHints":{"allow":["GET"]}}],"collection":[{"href":"https:\/\/visitaloshaitises.com\/bg\/wp-json\/wp\/v2\/product"}],"about":[{"href":"https:\/\/visitaloshaitises.com\/bg\/wp-json\/wp\/v2\/types\/product"}],"wp:featuredmedia":[{"embeddable":true,"href":"https:\/\/visitaloshaitises.com\/bg\/wp-json\/wp\/v2\/media\/94"}],"wp:attachment":[{"href":"https:\/\/visitaloshaitises.com\/bg\/wp-json\/wp\/v2\/media?parent=10905"}],"wp:term":[{"taxonomy":"product_brand","embeddable":true,"href":"https:\/\/visitaloshaitises.com\/bg\/wp-json\/wp\/v2\/product_brand?post=10905"},{"taxonomy":"product_cat","embeddable":true,"href":"https:\/\/visitaloshaitises.com\/bg\/wp-json\/wp\/v2\/product_cat?post=10905"},{"taxonomy":"product_tag","embeddable":true,"href":"https:\/\/visitaloshaitises.com\/bg\/wp-json\/wp\/v2\/product_tag?post=10905"}],"curies":[{"name":"wp","href":"https:\/\/api.w.org\/{rel}","templated":true}]}}