{"id":548,"date":"2020-06-15T15:48:44","date_gmt":"2020-06-15T15:48:44","guid":{"rendered":"https:\/\/haitises.com\/?post_type=product&#038;p=548"},"modified":"2024-04-19T15:58:28","modified_gmt":"2024-04-19T15:58:28","slug":"parque-nacional-los-haitises-excursion-de-kayak-y-senderismo","status":"publish","type":"product","link":"https:\/\/visitaloshaitises.com\/be\/\u043f\u0440\u044b\u0432\u0430\u0442\u043d\u044b\/\u0431\u0430\u0439\u0434\u0430\u0440\u043a\u0456-\u0456-\u043f\u0435\u0448\u044b\u044f-\u044d\u043a\u0441\u043a\u0443\u0440\u0441\u0456\u0456-\u045e-\u043d\u0430\u0446\u044b\u044f\u043d\u0430\u043b\/","title":{"rendered":"\u042d\u043a\u0441\u043a\u0443\u0440\u0441\u0456\u044f \u043d\u0430 \u0431\u0430\u0439\u0434\u0430\u0440\u043a\u0430\u0445 \u0456 \u043f\u0430\u0445\u043e\u0434 \u0443 \u043d\u0430\u0446\u044b\u044f\u043d\u0430\u043b\u044c\u043d\u044b \u043f\u0430\u0440\u043a \u041b\u043e\u0441-\u0425\u0430\u0439\u0446\u0456\u0441\u0435\u0441"},"content":{"rendered":"<div class=\"vc_row wpb_row vc_row-fluid\" ><div class=\"wpb_column vc_column_container vc_col-sm-12\"><div class=\"vc_column-inner\"><div class=\"wpb_wrapper\">\n\t<div class=\"wpb_text_column wpb_content_element\" >\n\t\t<div class=\"wpb_wrapper\">\n\t\t\t<h3>\u0410\u043f\u0456\u0441\u0430\u043d\u043d\u0435<\/h3>\n<p>\u0413\u044d\u0442\u044b \u043f\u0435\u0448\u044b \u043c\u0430\u0440\u0448\u0440\u0443\u0442 + \u043a\u0430\u0442\u0430\u043d\u043d\u0435 \u043d\u0430 \u0431\u0430\u0439\u0434\u0430\u0440\u043a\u0430\u0445 \u043f\u0430\u0447\u044b\u043d\u0430\u0435\u0446\u0446\u0430 \u0437 \u043f\u043e\u0440\u0442\u0430 \u041a\u0430\u043d\u044c\u043e-\u0425\u043e\u043d\u0434\u0430 \/ \u0421\u0430\u0431\u0430\u043d\u0430-\u0434\u044d-\u041b\u0430-\u041c\u0430\u0440. \u041c\u044b \u0431\u0443\u0434\u0437\u0435\u043c \u0456\u0441\u0446\u0456 \u043a\u0430\u043b\u044f 3 \u0433\u0430\u0434\u0437\u0456\u043d \u0443\u0437\u0434\u043e\u045e\u0436 \u041c\u043e\u043a\u0440\u044b\u0433\u0430 \u043b\u0435\u0441\u0443 \u045e \u043d\u0430\u0446\u044b\u044f\u043d\u0430\u043b\u044c\u043d\u044b\u043c \u043f\u0430\u0440\u043a\u0443 \u041b\u043e\u0441-\u0425\u0430\u0439\u0446\u0456\u0441\u0435\u0441. \u0412\u044b \u0434\u0430\u0432\u0435\u0434\u0430\u0435\u0446\u0435\u0441\u044f \u043f\u0440\u0430 \u043b\u0435\u043a\u0430\u0432\u044b\u044f \u0440\u0430\u0441\u043b\u0456\u043d\u044b \u0433\u044d\u0442\u0430\u0439 \u043c\u044f\u0441\u0446\u043e\u0432\u0430\u0441\u0446\u0456, \u0443\u0431\u0430\u0447\u044b\u0446\u0435 \u043f\u0435\u0440\u0448\u0430\u0441\u043d\u044b\u044f \u0456 \u0434\u0440\u0443\u0433\u0430\u0441\u043d\u044b\u044f \u0448\u044b\u0440\u0430\u043a\u0430\u043b\u0456\u0441\u0442\u044b\u044f \u043b\u044f\u0441\u044b \u045e \u0433\u0430\u0440\u0430\u0445 \u043d\u0430\u0446\u044b\u044f\u043d\u0430\u043b\u044c\u043d\u0430\u0433\u0430 \u043f\u0430\u0440\u043a\u0443 \u041b\u043e\u0441-\u0425\u0430\u0439\u0446\u0456\u0441\u0435\u0441 \u0456 \u045e \u0442\u043e\u0439 \u0436\u0430 \u0447\u0430\u0441 \u0434\u0430\u0441\u044f\u0433\u043d\u0435\u0446\u0435 \u0432\u044b\u0442\u043e\u043a\u0443 \u0440\u0430\u043a\u0456 \u0425\u0456\u0432\u0430\u043b\u0435\u0441, \u0430\u0434\u043a\u0443\u043b\u044c \u0432\u044b\u0446\u044f\u043a\u0430\u044e\u0446\u044c \u0432\u043e\u0434\u044b \u043f\u0440\u044b\u0440\u043e\u0434\u043d\u044b\u0445 \u0431\u0430\u0441\u0435\u0439\u043d\u0430\u045e \u042d\u043a\u0430- \u0434\u043e\u043c\u0456\u043a \u0432\u044b\u0445\u043e\u0434\u0437\u044c. Hondo Ca\u00f1o. \u0417\u0430\u0442\u044b\u043c \u0431\u044f\u0440\u044d\u043c \u043d\u0435\u0430\u0431\u0445\u043e\u0434\u043d\u0430\u0435 \u0434\u043b\u044f \u0432\u0430\u0448\u0430\u0439 \u0431\u044f\u0441\u043f\u0435\u043a\u0456 \u0430\u0431\u0441\u0442\u0430\u043b\u044f\u0432\u0430\u043d\u043d\u0435 (\u0432\u044b\u0440\u0430\u0442\u0430\u0432\u0430\u043b\u044c\u043d\u044b\u044f \u043a\u0430\u043c\u0456\u0437\u044d\u043b\u044c\u043a\u0456 \u0456 \u0433.\u0434.), \u0431\u0430\u0439\u0434\u0430\u0440\u043a\u0456 \u0456 \u043f\u0435\u0440\u0430\u0441\u044f\u043a\u0430\u0435\u043c \u043c\u0430\u043d\u0433\u0440\u0430\u0432\u044b\u044f \u0437\u0430\u0440\u0430\u0441\u043d\u0456\u043a\u0456. \u0412\u044b \u045e\u0431\u0430\u0447\u044b\u0446\u0435 \u043c\u0430\u043d\u0433\u0440\u0430\u0432\u044b\u044f \u0437\u0430\u0440\u0430\u0441\u043d\u0456\u043a\u0456, \u043d\u0430\u043f\u043e\u045e\u043d\u0435\u043d\u044b\u044f \u043f\u0442\u0443\u0448\u043a\u0430\u043c\u0456, \u043f\u0430\u0433\u043e\u0440\u043a\u0456 \u043f\u044b\u0448\u043d\u0430\u0439 \u0437\u0435\u043b\u044f\u043d\u0456\u043d\u044b. \u041f\u0440\u0430\u0437 \u043c\u0430\u043d\u0433\u0440\u0430\u0432\u044b\u044f \u0437\u0430\u0440\u0430\u0441\u043d\u0456\u043a\u0456 \u0456 \u0437\u044f\u043c\u043b\u044e \u045e \u0430\u0434\u043a\u0440\u044b\u0442\u0430\u0439 \u0431\u0443\u0445\u0446\u0435 \u0421\u0430\u043d-\u041b\u0430\u0440\u044d\u043d\u0446\u0430, \u0430\u0434\u043a\u0443\u043b\u044c \u043c\u043e\u0436\u043d\u0430 \u0441\u0444\u0430\u0442\u0430\u0433\u0440\u0430\u0444\u0430\u0432\u0430\u0446\u044c \u0446\u0443\u0434\u043e\u045e\u043d\u044b \u043b\u044f\u0441\u043d\u044b \u043f\u0435\u0439\u0437\u0430\u0436.<\/p>\n<p>\u041f\u0430\u0441\u043b\u044f \u0433\u044d\u0442\u0430\u0433\u0430 \u0432\u043e\u043f\u044b\u0442\u0443 \u0432\u044b \u0432\u0435\u0440\u043d\u0435\u0446\u0435\u0441\u044f \u045e Cano Hondo \u0430\u0431\u043e Sabana de la mar.<\/p>\n<ul>\n<li>\u041f\u0430\u0434\u0430\u0442\u043a\u0456 \u045e\u043a\u043b\u044e\u0447\u0430\u043d\u044b<\/li>\n<li>\u041f\u0435\u0448\u0430\u044f \u044d\u043a\u0441\u043a\u0443\u0440\u0441\u0456\u044f \u045e \u043d\u0430\u0446\u044b\u044f\u043d\u0430\u043b\u044c\u043d\u044b \u043f\u0430\u0440\u043a \u041b\u043e\u0441-\u0425\u0430\u0439\u0446\u0456\u0441\u0435\u0441<\/li>\n<li>\u041a\u0456\u0440\u0430\u045e\u043d\u0456\u0446\u0442\u0432\u0430 \u0437\u0430\u0431\u044f\u0441\u043f\u0435\u0447\u0432\u0430\u0435 \u0456\u043d\u0441\u0442\u0440\u0443\u043a\u0442\u0430\u0436 \u0456 \u043a\u0430\u043d\u0442\u0440\u043e\u043b\u044c.<\/li>\n<\/ul>\n<h3>\u0423\u043a\u043b\u044e\u0447\u044d\u043d\u043d\u0456 \u0456 \u0432\u044b\u043a\u043b\u044e\u0447\u044d\u043d\u043d\u0456<\/h3>\n<h4>\u0423\u043a\u043b\u044e\u0447\u044d\u043d\u043d\u044f<\/h4>\n<ol>\n<li>\u041d\u0430\u0446\u044b\u044f\u043d\u0430\u043b\u044c\u043d\u044b \u043f\u0430\u0440\u043a \u041b\u043e\u0441-\u0410\u0439\u0446\u0456\u0441\u0435\u0441<\/li>\n<li>\u041f\u0430\u0445\u043e\u0434 + \u0431\u0430\u0439\u0434\u0430\u0440\u043a\u0430<\/li>\n<li>\u0423\u0441\u0435 \u043f\u0430\u0434\u0430\u0442\u043a\u0456, \u0437\u0431\u043e\u0440\u044b \u0456 \u0437\u0431\u043e\u0440\u044b \u0437\u0430 \u0430\u043f\u0440\u0430\u0446\u043e\u045e\u043a\u0443.<\/li>\n<li>\u041c\u044f\u0441\u0446\u043e\u0432\u044b\u044f \u043f\u0430\u0434\u0430\u0442\u043a\u0456<\/li>\n<li>\u041d\u0430\u043f\u043e\u0456<\/li>\n<li>\u0423\u0441\u0435 \u043c\u0435\u0440\u0430\u043f\u0440\u044b\u0435\u043c\u0441\u0442\u0432\u044b<\/li>\n<li>\u041c\u044f\u0441\u0446\u043e\u0432\u044b \u0433\u0456\u0434<\/li>\n<\/ol>\n<h4>\u0412\u044b\u043a\u043b\u044e\u0447\u044d\u043d\u043d\u0456<\/h4>\n<ol>\n<li>\u041f\u0430\u0440\u0430\u0434\u044b<\/li>\n<li>\u0422\u0440\u0430\u043d\u0441\u043f\u0430\u0440\u0442<\/li>\n<li>\u0410\u0431\u0435\u0434<\/li>\n<li>\u0410\u043b\u043a\u0430\u0433\u043e\u043b\u044c\u043d\u044b\u044f \u043d\u0430\u043f\u043e\u0456<\/li>\n<\/ol>\n<h3><em>\u0410\u0434&#039;\u0435\u0437\u0434 \u0456 \u0432\u044f\u0440\u0442\u0430\u043d\u043d\u0435<\/em><\/h3>\n<p>\u041f\u0430\u0434\u0430\u0440\u043e\u0436\u043d\u0456\u043a \u0430\u0442\u0440\u044b\u043c\u0430\u0435 \u043c\u0435\u0441\u0446\u0430 \u0441\u0443\u0441\u0442\u0440\u044d\u0447\u044b \u043f\u0430\u0441\u043b\u044f \u0431\u0440\u0430\u043d\u0456\u0440\u0430\u0432\u0430\u043d\u043d\u044f. \u042d\u043a\u0441\u043a\u0443\u0440\u0441\u0456\u0456 \u043f\u0430\u0447\u044b\u043d\u0430\u044e\u0446\u0446\u0430 \u0456 \u0437\u0430\u043a\u0430\u043d\u0447\u0432\u0430\u044e\u0446\u0446\u0430 \u045e \u043c\u0435\u0441\u0446\u0430\u0445 \u0441\u0443\u0441\u0442\u0440\u044d\u0447\u044b.<\/p>\n<h2>\u041f\u0430\u0445\u043e\u0434 + \u0431\u0430\u0439\u0434\u0430\u0440\u043a\u0430 \u041d\u0430\u0446\u044b\u044f\u043d\u0430\u043b\u044c\u043d\u044b \u043f\u0430\u0440\u043a \u041b\u043e\u0441-\u0425\u0430\u0439\u0446\u0456\u0441\u0435\u0441<\/h2>\n<h3><em>\u0427\u0430\u0433\u043e \u0447\u0430\u043a\u0430\u0446\u044c?<\/em><\/h3>\n<p>El nombre del parque nacional proviene de sus habitantes originales, los indios ta\u00ednos. En su idioma, \u00abHaitises\u00bb se traduce en tierras altas o colinas, una referencia a las empinadas formaciones geol\u00f3gicas de la costa con calizas. La actividad en Kayak es de 2 horas.<\/p>\n<p>Aprender sobre la historia y la naturaleza con gu\u00edas tur\u00edsticos locales que crecen como protectores y voluntarios ambientales dentro de esta \u00e1rea del proyecto. El recorrido, organizado por \u00abBooking Adventures\u00bb comienza en el punto de encuentro establecido con el gu\u00eda tur\u00edstico.<\/p>\n<p>\u041f\u0430\u0441\u043b\u044f \u043f\u0435\u0440\u0448\u0430\u0439 \u043f\u0440\u0430\u0433\u0443\u043b\u043a\u0456 \u043f\u0430 \u043f\u0430\u043b\u044f\u0445 \u0456 \u0441\u0435\u043b\u044c\u0441\u043a\u0430\u0433\u0430\u0441\u043f\u0430\u0434\u0430\u0440\u0447\u044b\u0445 \u0443\u0433\u043e\u0434\u0434\u0437\u044f\u0445 \u0432\u044b \u043f\u0430\u0447\u043d\u0435\u0446\u0435 \u043f\u0440\u0430\u0433\u0443\u043b\u043a\u0443 \u043f\u0430 \u043b\u0435\u0441\u0435 \u043a\u0430\u043a\u043e\u0441\u0430 \u0456 \u043a\u0430\u043a\u0430\u0432\u0430. \u041a\u043e\u0436\u043d\u0443\u044e \u0445\u0432\u0456\u043b\u0456\u043d\u0443 \u0437\u043d\u0430\u0445\u043e\u0434\u0437\u0456\u0446\u0435\u0441\u044f \u045e \u043f\u0435\u0440\u0448\u0430\u0441\u043d\u0430\u0439 \u0456 \u045e\u043d\u0456\u043a\u0430\u043b\u044c\u043d\u0430\u0439 \u043b\u044f\u0441\u043d\u043e\u0439 \u0437\u043e\u043d\u0435 \u043d\u0430\u0446\u044b\u044f\u043d\u0430\u043b\u044c\u043d\u0430\u0433\u0430 \u043f\u0430\u0440\u043a\u0443 \u041b\u043e\u0441-\u0425\u0430\u0439\u0446\u0456\u0441\u044d\u0441. \u041f\u0440\u044b\u0445\u043e\u0434\u0437\u044c\u0446\u0435 \u0437 Booking Adventures \u0456 \u043f\u0430\u0447\u043d\u0456\u0446\u0435 \u0431\u0430\u0447\u044b\u0446\u044c \u043d\u0435\u043a\u0430\u0442\u043e\u0440\u044b\u044f \u044d\u043d\u0434\u044d\u043c\u0456\u0447\u043d\u044b\u044f \u0432\u0456\u0434\u044b \u043f\u0442\u0443\u0448\u0430\u043a, \u043c\u043b\u0435\u043a\u0430\u043a\u043e\u0440\u043c\u044f\u0447\u044b\u0445 \u0456 \u0440\u0430\u0441\u043b\u0456\u043d, \u043f\u0430\u0433\u043e\u0440\u043a\u0456 \u043f\u044b\u0448\u043d\u0430\u0439 \u0440\u0430\u0441\u043b\u0456\u043d\u043d\u0430\u0441\u0446\u0456 \u0456 \u043f\u044f\u0447\u043e\u0440\u044b \u043d\u0430\u0446\u044b\u044f\u043d\u0430\u043b\u044c\u043d\u0430\u0433\u0430 \u043f\u0430\u0440\u043a\u0443 \u041b\u043e\u0441-\u0425\u0430\u0439\u0446\u0456\u0441\u044d\u0441.<\/p>\n<p>El nombre del parque nacional proviene de sus habitantes originales, los indios ta\u00ednos. En su idioma, \u00abHaitises\u00bb se traduce en tierras altas o colinas, una referencia a las empinadas formaciones geol\u00f3gicas de la costa con calizas. Avent\u00farate en el parque para explorar cuevas como la Cueva de la Arena y la Cueva de la L\u00ednea. Puede combinar el recorrido en barco con el viaje de senderismo. Solo cont\u00e1ctenos.<\/p>\n<p>\u041f\u044f\u0447\u043e\u0440\u044b \u045e \u0437\u0430\u043f\u0430\u0432\u0435\u0434\u043d\u0456\u043a\u0443 \u0432\u044b\u043a\u0430\u0440\u044b\u0441\u0442\u043e\u045e\u0432\u0430\u043b\u0456\u0441\u044f \u045e \u044f\u043a\u0430\u0441\u0446\u0456 \u043f\u0440\u044b\u0442\u0443\u043b\u043a\u0443 \u0456\u043d\u0434\u0437\u0435\u0439\u0446\u0430\u043c\u0456 \u0442\u0430\u0456\u043d\u043e, \u0430 \u043f\u0430\u0437\u043d\u0435\u0439 - \u0441\u0445\u0430\u0432\u0430\u043d\u044b\u043c\u0456 \u043f\u0456\u0440\u0430\u0442\u0430\u043c\u0456. \u0417\u043d\u0430\u0439\u0434\u0437\u0456\u0446\u0435 \u043c\u0430\u043b\u044e\u043d\u043a\u0456 \u0456\u043d\u0434\u0437\u0435\u0439\u0446\u0430\u045e, \u044f\u043a\u0456\u044f \u045e\u043f\u0440\u044b\u0433\u043e\u0436\u0432\u0430\u044e\u0446\u044c \u043d\u0435\u043a\u0430\u0442\u043e\u0440\u044b\u044f \u0441\u0446\u0435\u043d\u044b. \u0423 \u0442\u0440\u0430\u043f\u0456\u0447\u043d\u044b\u0445 \u043b\u044f\u0441\u0430\u0445 \u043d\u0430\u043b\u0456\u0447\u0432\u0430\u0435\u0446\u0446\u0430 \u0431\u043e\u043b\u044c\u0448 \u0437\u0430 700 \u0432\u0456\u0434\u0430\u045e \u0440\u0430\u0441\u043b\u0456\u043d, \u043d\u0430 \u0433\u044d\u0442\u044b\u043c \u043f\u0435\u0448\u044b\u043c \u043c\u0430\u0440\u0448\u0440\u0443\u0446\u0435 \u043c\u044b \u0441\u0442\u0430\u0440\u0430\u0435\u043c\u0441\u044f \u043d\u0430\u0432\u0443\u0447\u044b\u0446\u044c \u043d\u0430\u0432\u0435\u0434\u0432\u0430\u043b\u044c\u043d\u0456\u043a\u0430\u045e \u0443\u0441\u0456\u043c \u0432\u044f\u0434\u043e\u043c\u044b\u043c \u043d\u0430\u043c \u043b\u0435\u043a\u0430\u0432\u044b\u043c \u0440\u0430\u0441\u043b\u0456\u043d\u0430\u043c.<\/p>\n<p>\u041f\u0440\u044b\u0445\u043e\u0434\u0437\u044c\u0446\u0435 \u0432\u0443\u0447\u044b\u0446\u0446\u0430, \u0445\u0430\u0434\u0437\u0456\u0446\u044c \u0443 \u043f\u0430\u0445\u043e\u0434 \u0456 \u0430\u0442\u0440\u044b\u043c\u043b\u0456\u0432\u0430\u0446\u044c \u0430\u0441\u0430\u043b\u043e\u0434\u0443 \u0430\u0434 \u0441\u0430\u043f\u0440\u0430\u045e\u0434\u043d\u0430\u0439 \u043f\u0440\u044b\u0440\u043e\u0434\u044b \u043d\u0430\u0446\u044b\u044f\u043d\u0430\u043b\u044c\u043d\u0430\u0433\u0430 \u043f\u0430\u0440\u043a\u0443 \u041b\u043e\u0441-\u0425\u0430\u0439\u0446\u0456\u0441\u0435\u0441.<\/p>\n<h3><em>\u0428\u0442\u043e \u0442\u0440\u044d\u0431\u0430 \u045e\u0437\u044f\u0446\u044c \u0437 \u0441\u0430\u0431\u043e\u0439?<\/em><\/h3>\n<ul>\n<li>\u041a\u0430\u043c\u0435\u0440\u0430<\/li>\n<li>\u0420\u044d\u043f\u0435\u043b\u0435\u043d\u0442\u044b<\/li>\n<li>\u0421\u043e\u043d\u0446\u0430\u0430\u0445\u043e\u045e\u043d\u044b \u043a\u0440\u044d\u043c<\/li>\n<li>\u041a\u0430\u043f\u044f\u043b\u044e\u0448<\/li>\n<li>\u0417\u0440\u0443\u0447\u043d\u044b\u044f \u0448\u0442\u0430\u043d\u044b<\/li>\n<li>\u0410\u0431\u0443\u0442\u0430\u043a \u0434\u043b\u044f \u043f\u0430\u0445\u043e\u0434\u0443 \u045e \u043b\u0435\u0441<\/li>\n<li>\u0411\u0430\u0441\u0430\u043d\u043e\u0436\u043a\u0456 \u0434\u043b\u044f \u0432\u044f\u0441\u043d\u043e\u0432\u044b\u0445 \u043d\u0430\u043f\u0440\u0430\u043c\u043a\u0430\u045e.<\/li>\n<li>\u041a\u0443\u043f\u0430\u043b\u044c\u043d\u0456\u043a<\/li>\n<\/ul>\n<h3><em>\u0414\u0430\u0441\u0442\u0430\u045e\u043a\u0430 \u0437 \u0433\u0430\u0442\u044d\u043b\u044f<\/em><\/h3>\n<p>\u0422\u0440\u0430\u043d\u0441\u0444\u0435\u0440 \u0437 \u0433\u0430\u0442\u044d\u043b\u044f \u043d\u0435 \u043f\u0440\u0430\u043f\u0430\u043d\u0443\u0435\u0446\u0446\u0430 \u0434\u043b\u044f \u0433\u044d\u0442\u0430\u0433\u0430 \u0442\u0443\u0440\u0430. \u0422\u043e\u043b\u044c\u043a\u0456 \u043a\u0430\u043b\u0456 \u0432\u044b \u0437\u043d\u0430\u0445\u043e\u0434\u0437\u0456\u0446\u0435\u0441\u044f \u045e \u0433\u0430\u0442\u044d\u043b\u0456 Cano Hondo \u0430\u0431\u043e \u0433\u0430\u0442\u044d\u043b\u044f\u0445 \u0443 \u0440\u0430\u0451\u043d\u0435 \u0421\u0430\u0431\u0430\u043d\u0430-\u0434\u044d-\u043b\u0430-\u041c\u0430\u0440.<\/p>\n<p><strong>\u041d\u0430\u0442\u0430\u0442\u043a\u0430<\/strong>: \u041a\u0430\u043b\u0456 \u0432\u044b \u0437\u0430\u0431\u0440\u0430\u043d\u0456\u0440\u0443\u0435\u0446\u0435 \u043d\u0430 \u043f\u0440\u0430\u0446\u044f\u0433\u0443 24 \u0433\u0430\u0434\u0437\u0456\u043d \u043f\u0430\u0441\u043b\u044f \u0430\u0434\u043f\u0440\u0430\u045e\u043b\u0435\u043d\u043d\u044f \u0442\u0443\u0440\u0430\/\u044d\u043a\u0441\u043a\u0443\u0440\u0441\u0456\u0456, \u043c\u044b \u043c\u043e\u0436\u0430\u043c \u0430\u0440\u0433\u0430\u043d\u0456\u0437\u0430\u0432\u0430\u0446\u044c \u0442\u0440\u0430\u043d\u0441\u0444\u0435\u0440 \u0437 \u0433\u0430\u0442\u044d\u043b\u044f \u0437 \u043b\u044e\u0431\u043e\u0439 \u043a\u0440\u043e\u043f\u043a\u0456 \u0414\u0430\u043c\u0456\u043d\u0456\u043a\u0430\u043d\u0441\u043a\u0430\u0439 \u0420\u044d\u0441\u043f\u0443\u0431\u043b\u0456\u043a\u0456 \u0437\u0430 \u0434\u0430\u0434\u0430\u0442\u043a\u043e\u0432\u0443\u044e \u043f\u043b\u0430\u0442\u0443. \u041f\u0430\u0441\u043b\u044f \u0437\u0430\u0432\u044f\u0440\u0448\u044d\u043d\u043d\u044f \u043f\u0430\u043a\u0443\u043f\u043a\u0456 \u043c\u044b \u0432\u044b\u0448\u043b\u0435\u043c \u0432\u0430\u043c \u043f\u043e\u045e\u043d\u0443\u044e \u043a\u0430\u043d\u0442\u0430\u043a\u0442\u043d\u0443\u044e \u0456\u043d\u0444\u0430\u0440\u043c\u0430\u0446\u044b\u044e (\u043d\u0443\u043c\u0430\u0440 \u0442\u044d\u043b\u0435\u0444\u043e\u043d\u0430, \u0430\u0434\u0440\u0430\u0441 \u044d\u043b\u0435\u043a\u0442\u0440\u043e\u043d\u043d\u0430\u0439 \u043f\u043e\u0448\u0442\u044b \u0456 \u0433.\u0434.), \u043a\u0430\u0431 \u043d\u0430\u0448 \u043c\u044f\u0441\u0446\u043e\u0432\u044b \u0433\u0456\u0434 \u0430\u0440\u0433\u0430\u043d\u0456\u0437\u0430\u0432\u0430\u045e \u0434\u0430\u0441\u0442\u0430\u045e\u043a\u0443.<\/p>\n<h3><em>\u041f\u0430\u0446\u0432\u044f\u0440\u0434\u0436\u044d\u043d\u043d\u0435 \u0434\u0430\u0434\u0430\u0442\u043a\u043e\u0432\u0430\u0439 \u0456\u043d\u0444\u0430\u0440\u043c\u0430\u0446\u044b\u0456<\/em><\/h3>\n<ol>\n<li>\u041a\u0432\u0456\u0442\u043a\u0456 \u0437&#039;\u044f\u045e\u043b\u044f\u044e\u0446\u0446\u0430 \u043a\u0432\u0456\u0442\u0430\u043d\u0446\u044b\u044f\u0439 \u043f\u0430\u0441\u043b\u044f \u0430\u043f\u043b\u0430\u0442\u044b \u0433\u044d\u0442\u0430\u0433\u0430 \u0442\u0443\u0440\u0430. \u0412\u044b \u043c\u043e\u0436\u0430\u0446\u0435 \u043f\u0430\u043a\u0430\u0437\u0430\u0446\u044c \u0430\u043f\u043b\u0430\u0442\u0443 \u043d\u0430 \u0441\u0432\u0430\u0456\u043c \u0442\u044d\u043b\u0435\u0444\u043e\u043d\u0435.<\/li>\n<li>\u041c\u0435\u0441\u0446\u0430 \u0441\u0443\u0441\u0442\u0440\u044d\u0447\u044b \u0431\u0443\u0434\u0437\u0435 \u0430\u0442\u0440\u044b\u043c\u0430\u043d\u0430 \u043f\u0430\u0441\u043b\u044f \u043f\u0440\u0430\u0446\u044d\u0441\u0443 \u0431\u0440\u0430\u043d\u0456\u0440\u0430\u0432\u0430\u043d\u043d\u044f.<\/li>\n<li>\u0414\u0437\u0435\u0446\u0456 \u043f\u0430\u0432\u0456\u043d\u043d\u044b \u0431\u044b\u0446\u044c \u0443 \u0441\u0443\u043f\u0440\u0430\u0432\u0430\u0434\u0436\u044d\u043d\u043d\u0456 \u0434\u0430\u0440\u043e\u0441\u043b\u044b\u0445.<\/li>\n<li>\u041d\u0435\u0434\u0430\u0441\u0442\u0443\u043f\u043d\u0430 \u0434\u043b\u044f \u0456\u043d\u0432\u0430\u043b\u0456\u0434\u0430\u045e-\u043a\u0430\u043b\u044f\u0441\u0430\u0447\u043d\u0456\u043a\u0430\u045e<\/li>\n<li>\u0414\u0437\u0435\u0446\u0456 \u043f\u0430\u0432\u0456\u043d\u043d\u044b \u0441\u044f\u0434\u0437\u0435\u0446\u044c \u0443 \u0434\u0437\u0456\u0446\u044f\u0447\u044b\u0445 \u043a\u0440\u044d\u0441\u043b\u0430\u0445 \u0430\u0431\u043e \u0437 \u0431\u0430\u0446\u044c\u043a\u0430\u043c\u0456<\/li>\n<li>\u041d\u0435 \u0440\u044d\u043a\u0430\u043c\u0435\u043d\u0434\u0443\u0435\u0446\u0446\u0430 \u043f\u0430\u0434\u0430\u0440\u043e\u0436\u043d\u0456\u043a\u0430\u043c \u0437 \u043f\u0440\u0430\u0431\u043b\u0435\u043c\u0430\u043c\u0456 \u0441\u043f\u0456\u043d\u044b.<\/li>\n<li>\u041d\u0435 \u0440\u044d\u043a\u0430\u043c\u0435\u043d\u0434\u0443\u0435\u0446\u0446\u0430 \u0446\u044f\u0436\u0430\u0440\u043d\u044b\u043c.<\/li>\n<li>\u041d\u044f\u043c\u0430 \u043f\u0440\u0430\u0431\u043b\u0435\u043c \u0437 \u0441\u044d\u0440\u0446\u0430\u043c \u0430\u0431\u043e \u0456\u043d\u0448\u044b\u0445 \u0441\u0443\u0440&#039;\u0451\u0437\u043d\u044b\u0445 \u0437\u0430\u0445\u0432\u043e\u0440\u0432\u0430\u043d\u043d\u044f\u045e.<\/li>\n<li>\u0411\u043e\u043b\u044c\u0448\u0430\u0441\u0446\u044c \u043f\u0430\u0434\u0430\u0440\u043e\u0436\u043d\u0456\u043a\u0430\u045e \u043c\u043e\u0433\u0443\u0446\u044c \u043f\u0440\u044b\u043d\u044f\u0446\u044c \u0443\u0434\u0437\u0435\u043b.<\/li>\n<\/ol>\n<h3><em>\u041f\u0430\u043b\u0456\u0442\u044b\u043a\u0430 \u0430\u0434\u043c\u0435\u043d\u044b<\/em><\/h3>\n<p>\u0414\u043b\u044f \u043f\u043e\u045e\u043d\u0430\u0433\u0430 \u0432\u044f\u0440\u0442\u0430\u043d\u043d\u044f \u0441\u0440\u043e\u0434\u043a\u0430\u045e \u0430\u0434\u043c\u044f\u043d\u0456\u0446\u0435 \u043f\u0430\u0434\u043f\u0456\u0441\u043a\u0443 \u044f\u043a \u043c\u0456\u043d\u0456\u043c\u0443\u043c \u0437\u0430 24 \u0433\u0430\u0434\u0437\u0456\u043d\u044b \u0434\u0430 \u0434\u0430\u0442\u044b \u043f\u0430\u0447\u0430\u0442\u043a\u0443 \u0432\u043e\u043f\u044b\u0442\u0443. \u0421\u0440\u043e\u0434\u043a\u0456 \u0431\u0443\u0434\u0443\u0446\u044c \u0441\u0442\u0440\u0430\u0447\u0430\u043d\u044b, \u043a\u0430\u043b\u0456 \u0431\u0440\u0430\u043d\u0456\u0440\u0430\u0432\u0430\u043d\u043d\u0435 \u0431\u0443\u0434\u0437\u0435 \u0430\u0434\u043c\u0435\u043d\u0435\u043d\u0430 \u045e \u0442\u043e\u0439 \u0436\u0430 \u0434\u0437\u0435\u043d\u044c \u043f\u0430\u0435\u0437\u0434\u043a\u0456.<\/p>\n<h2>\u041f\u0435\u0448\u044b\u044f \u043f\u0440\u0430\u0433\u0443\u043b\u043a\u0456 \u043f\u0430 \u0442\u0440\u0430\u043f\u0456\u0447\u043d\u044b\u0445 \u043b\u044f\u0441\u0430\u0445 \u0456 \u043a\u0430\u0442\u0430\u043d\u043d\u0435 \u043d\u0430 \u0431\u0430\u0439\u0434\u0430\u0440\u043a\u0430\u0445<br \/>\n\u041f\u0430\u0445\u043e\u0434 + \u0431\u0430\u0439\u0434\u0430\u0440\u043a\u0430 \u041d\u0430\u0446\u044b\u044f\u043d\u0430\u043b\u044c\u043d\u044b \u043f\u0430\u0440\u043a \u041b\u043e\u0441-\u0425\u0430\u0439\u0446\u0456\u0441\u0435\u0441<\/h2>\n<p>\u0413\u044d\u0442\u044b \u0432\u043e\u043f\u044b\u0442 \u043f\u0430\u0442\u0440\u0430\u0431\u0443\u0435 \u043c\u0456\u043d\u0456\u043c\u0443\u043c 2 \u0443\u0434\u0437\u0435\u043b\u044c\u043d\u0456\u043a\u0430\u045e. \u041a\u0430\u043b\u0456 \u0432\u0430\u043c \u043d\u044f\u043c\u0430 2 \u0433\u0430\u0434\u043e\u045e, \u043a\u0430\u043b\u0456 \u043b\u0430\u0441\u043a\u0430, \u043d\u0435 \u0441\u0430\u0440\u043e\u043c\u0435\u0439\u0446\u0435\u0441\u044f \u0437\u0432\u044f\u0437\u0430\u0446\u0446\u0430 \u0437 \u043d\u0430\u043c\u0456!<\/p>\n<h3>\u0417\u0432\u044f\u0436\u044b\u0446\u0435\u0441\u044f \u0437 \u043d\u0430\u043c\u0456?<\/h3>\n<p><em>\u0411\u0440\u0430\u043d\u0456\u0440\u0430\u0432\u0430\u043d\u043d\u0435 \u043f\u0440\u044b\u0433\u043e\u0434<\/em><br \/>\n\u041c\u044f\u0441\u0446\u043e\u0432\u044b\u044f \u0456 \u043d\u0430\u0446\u044b\u044f\u043d\u0430\u043b\u044c\u043d\u044b\u044f \u044d\u043a\u0441\u043a\u0443\u0440\u0441\u0430\u0432\u043e\u0434\u044b \u0456 \u0430\u0431\u0441\u043b\u0443\u0433\u043e\u045e\u0432\u0430\u043d\u043d\u0435 \u0433\u0430\u0441\u0446\u0435\u0439<\/p>\n<p>\u0411\u0440\u0430\u043d\u0456\u0440\u0430\u0432\u0430\u043d\u043d\u0435: \u0442\u0443\u0440\u044b \u0456 \u044d\u043a\u0441\u043a\u0443\u0440\u0441\u0456\u0456 \u045e \u0414\u043e\u043c \u0440\u044d\u0441\u043f.<\/p>\n<p>\ud83d\udcde \u0422\u044d\u043b\/Whatsapp +1-809-720-6035.<\/p>\n<p>\ud83d\udce9 info@bookingadventures.com.do<\/p>\n<p>\u041c\u044b \u043f\u0440\u044b\u0432\u0430\u0442\u043d\u044b\u044f \u0442\u0443\u0440\u044b \u0437 \u0433\u043d\u0443\u0442\u043a\u0430\u0439 \u043a\u0430\u043d\u0444\u0456\u0433\u0443\u0440\u0430\u0446\u044b\u044f\u0439 \u043f\u0430 Whatsapp: +18097206035.<\/p>\n\n\t\t<\/div>\n\t<\/div>\n<\/div><\/div><\/div><\/div>","protected":false},"excerpt":{"rendered":"<p>3-\u0433\u0430\u0434\u0437\u0456\u043d\u043d\u044b \u043f\u0430\u0445\u043e\u0434 \u0456 \u043a\u0430\u0442\u0430\u043d\u043d\u0435 \u043d\u0430 \u0431\u0430\u0439\u0434\u0430\u0440\u043a\u0430\u0445 \u0443 \u043c\u0430\u043d\u0433\u0440\u0430\u0432\u044b\u0445 \u0437\u0430\u0440\u0430\u0441\u043d\u0456\u043a\u0430\u0445 \u0443 \u043d\u0430\u0446\u044b\u044f\u043d\u0430\u043b\u044c\u043d\u044b\u043c \u043f\u0430\u0440\u043a\u0443 \u041b\u043e\u0441-\u0425\u0430\u0439\u0446\u0456\u0441\u0435\u0441 \u0437 \u043c\u044f\u0441\u0446\u043e\u0432\u044b\u043c \u0433\u0456\u0434\u0430\u043c \u0437 \u0421\u0430\u0431\u0430\u043d\u0430-\u0434\u044d-\u043b\u0430-\u041c\u0430\u0440. \u041d\u0430\u0432\u0435\u0434\u0432\u0430\u043d\u043d\u0435 \u0442\u0440\u0430\u043f\u0456\u0447\u043d\u044b\u0445 \u043b\u044f\u0441\u043e\u045e, \u043a\u0430\u043a\u043e\u0441\u0430\u0432\u044b\u0445, \u043a\u0430\u0432\u0430\u0432\u044b\u0445 \u0456 \u043a\u0430\u043a\u0430\u0432\u0430-\u0440\u0430\u0451\u043d\u0430\u045e. \u0414\u0430\u0432\u0435\u0434\u0430\u0439\u0446\u0435\u0441\u044f \u043f\u0440\u0430 \u043f\u0435\u0440\u0448\u0430\u043f\u0430\u0447\u0430\u0442\u043a\u043e\u0432\u0443\u044e \u0433\u0456\u0441\u0442\u043e\u0440\u044b\u044e \u043d\u0430\u0446\u044b\u044f\u043d\u0430\u043b\u044c\u043d\u0430\u0433\u0430 \u043f\u0430\u0440\u043a\u0443 \u041b\u043e\u0441-\u0425\u0430\u0439\u0446\u0456\u0441\u0435\u0441.<\/p>\n<p><strong>\u0412\u044b\u0431\u0435\u0440\u044b\u0446\u0435 \u0434\u0430\u0442\u0443 \u0442\u0443\u0440\u044b\u0441\u0442\u044b\u0447\u043d\u0430\u0433\u0430 \u043f\u0430\u0445\u043e\u0434\u0443:<\/strong><\/p>","protected":false},"featured_media":515,"template":"","meta":[],"product_brand":[],"product_cat":[356,96,443,123,124],"product_tag":[341,206,129,130,412,413,221,414,415,152,153,198,133,416,215,217,417,223,114,418,148,143,419],"class_list":{"0":"post-548","1":"product","2":"type-product","3":"status-publish","4":"has-post-thumbnail","6":"product_cat-day-trips","7":"product_cat-hiking","8":"product_cat-tours-y-excursiones-es","9":"product_cat-tours-excursions-los-haitises-national-park","10":"product_cat-tours-excursions-samana-bay-dominican-republic","11":"product_tag-cano-hondo-sabana-de-la-mar","12":"product_tag-caves-los-haitises","13":"product_tag-eco-tours","14":"product_tag-excursion","15":"product_tag-hike-kayak","16":"product_tag-hike-kayak-los-haitises-national-park","17":"product_tag-hiking-los-haitises","18":"product_tag-hiking-sabana-de-la-mar","19":"product_tag-hiking-samana","20":"product_tag-kayak-tour","21":"product_tag-kayaking","22":"product_tag-kayaking-los-haitises","23":"product_tag-los-haitises-national-park","24":"product_tag-los-haitises-national-park-entrance-fee","25":"product_tag-los-haitises-national-park-tour-from-las-terrenas","26":"product_tag-los-haitises-national-park-tour-from-santo-domingo","27":"product_tag-los-haitises-national-park-weather","28":"product_tag-los-haitises-sabana-de-la-mar","29":"product_tag-sabana-de-la-mar","30":"product_tag-sabana-de-la-mar-tour","31":"product_tag-samana-excursions","32":"product_tag-samana-tours","33":"product_tag-secrets-of-los-haitises","35":"first","36":"instock","37":"sale","38":"sold-individually","39":"shipping-taxable","40":"product-type-external"},"_links":{"self":[{"href":"https:\/\/visitaloshaitises.com\/be\/wp-json\/wp\/v2\/product\/548","targetHints":{"allow":["GET"]}}],"collection":[{"href":"https:\/\/visitaloshaitises.com\/be\/wp-json\/wp\/v2\/product"}],"about":[{"href":"https:\/\/visitaloshaitises.com\/be\/wp-json\/wp\/v2\/types\/product"}],"wp:featuredmedia":[{"embeddable":true,"href":"https:\/\/visitaloshaitises.com\/be\/wp-json\/wp\/v2\/media\/515"}],"wp:attachment":[{"href":"https:\/\/visitaloshaitises.com\/be\/wp-json\/wp\/v2\/media?parent=548"}],"wp:term":[{"taxonomy":"product_brand","embeddable":true,"href":"https:\/\/visitaloshaitises.com\/be\/wp-json\/wp\/v2\/product_brand?post=548"},{"taxonomy":"product_cat","embeddable":true,"href":"https:\/\/visitaloshaitises.com\/be\/wp-json\/wp\/v2\/product_cat?post=548"},{"taxonomy":"product_tag","embeddable":true,"href":"https:\/\/visitaloshaitises.com\/be\/wp-json\/wp\/v2\/product_tag?post=548"}],"curies":[{"name":"wp","href":"https:\/\/api.w.org\/{rel}","templated":true}]}}