{"id":11067,"date":"2021-04-09T10:46:12","date_gmt":"2021-04-09T10:46:12","guid":{"rendered":"https:\/\/haitises.com\/product\/import-placeholder-for-11643\/"},"modified":"2024-04-12T17:55:21","modified_gmt":"2024-04-12T17:55:21","slug":"pico-duarte-hike-with-local-experts-duarte-peak-camping-trekking","status":"publish","type":"product","link":"https:\/\/visitaloshaitises.com\/be\/private\/pico-duarte-hike-with-local-experts-duarte-peak-camping-trekking\/","title":{"rendered":"Pico Duarte Hike with Local Experts &#8211; Duarte Peak Camping &#038; Trekking"},"content":{"rendered":"<div class=\"vc_row wpb_row vc_row-fluid\" ><div class=\"wpb_column vc_column_container vc_col-sm-12\"><div class=\"vc_column-inner\"><div class=\"wpb_wrapper\"><div class=\"vc_empty_space\"   style=\"height: 32px\"><span class=\"vc_empty_space_inner\"><\/span><\/div><div class=\"mkdf-section-title-holder\" style=\"text-align: left\">\n\t<div class=\"mkdf-st-inner\">\n\t\t\t\t\t<h5 class=\"mkdf-st-subtitle\" >\n\t\t\t\tDuarte Peak Camping &amp; Trekking\t\t\t<\/h5>\n\t\t\t\t\t\t\t<h3 class=\"mkdf-st-title\" >\n\t\t\t\tPico Duarte Hike with Local Experts\t\t\t<\/h3>\n\t\t\t\t\t<\/div>\n<\/div><div class=\"vc_empty_space\"   style=\"height: 32px\"><span class=\"vc_empty_space_inner\"><\/span><\/div><div class=\"vc_message_box vc_message_box-standard vc_message_box-rounded vc_color-info\" ><div class=\"vc_message_box-icon\"><i class=\"fas fa-info-circle\"><\/i><\/div><p>Please Book ( 7) days before the due Day.<\/p>\n<\/div><div class=\"vc_empty_space\"   style=\"height: 32px\"><span class=\"vc_empty_space_inner\"><\/span><\/div><\/div><\/div><\/div><\/div><div class=\"vc_row wpb_row vc_row-fluid\" ><div class=\"wpb_column vc_column_container vc_col-sm-12\"><div class=\"vc_column-inner\"><div class=\"wpb_wrapper\">\n\t<div class=\"wpb_text_column wpb_content_element\" >\n\t\t<div class=\"wpb_wrapper\">\n\t\t\t<div class=\"vc_row wpb_row vc_row-fluid\">\n<div class=\"wpb_column vc_column_container vc_col-sm-12\">\n<div class=\"vc_column-inner\">\n<div class=\"wpb_wrapper\">\n<div class=\"wpb_text_column wpb_content_element\">\n<div class=\"wpb_wrapper\">\n<div class=\"vc_row wpb_row vc_row-fluid\">\n<div class=\"wpb_column vc_column_container vc_col-sm-12\">\n<div class=\"vc_column-inner\">\n<div class=\"wpb_wrapper\">\n<div class=\"wpb_text_column wpb_content_element\">\n<div class=\"wpb_wrapper\">\n<h2><span style=\"font-weight: 400;\">Pico Duarte Trekking\u00a0<\/span><\/h2>\n<p><span style=\"font-weight: 400;\">Join us to climb the tallest point of the caribbean at J. Almando Bermudez National located in the Central Mountain Range of the country. <\/span><span style=\"font-weight: 400;\">The tour will go from a tropical forest to the pine forest of J. Armando Bermudez National Park, walking on trails through thousands of ferns, you will see parrots, goldfinches and other exotic birds.\u00a0<\/span><\/p>\n<p><span style=\"font-weight: 400;\">This National Park was established in 1956, the Armando Berm\u00fadez National Park stretches 767 square kilometers (296 square miles), and together with the neighboring Jos\u00e9 del Carmen Ram\u00edrez National Park.<\/span><\/p>\n<p><span style=\"font-weight: 400;\">It is the source of the Yaque del Norte river, as well as several more river sources. The two parks cover the surface of the entire Cordillera Central mountain range. You\u2019ll spot unique flora at this altitude, where temperatures range from 12\u00baC (53\u00baF) to -8\u00baC (17\u00baF) at night.<\/span><\/p>\n<\/div>\n<h4><strong>Tour Guides:\u00a0<\/strong><\/h4>\n<div class=\"wpb_wrapper\">\n<p><span style=\"font-weight: 400;\">With the company of a professional guide, you will make this journey through the largest mountain range with more than 250 km in length and 60 km of light, Pico Duarte is the highest peak\u00a0 in the Caribbean with (3&#8217;098 m) which is about 10,164 feets.<\/span><\/p>\n<p>&nbsp;<\/p>\n<p><span style=\"font-weight: 400;\">Pico Duarte (Duarte peak) is named after Juan Pablo Duarte, considered one of the founding fathers of the Dominican Republic. <\/span><span style=\"font-weight: 400;\">You\u2019ll hike\u00a0 28-mile (46-kilometer) round-trip,\u00a0 this tour\u00a0 can be completed in three days, with well-maintained mountain lodges providing overnight accommodations.<\/span><\/p>\n<p><span style=\"font-weight: 400;\">This three days hike is led by local Dominican guides\u00a0 who are in charge to take you both ways. They also have horses for those who don&#8217;t want to walk the distance and can ride mules. As you walk, take in the stunning scenery and watch for local wildlife.\u00a0<\/span><\/p>\n<p><span style=\"font-weight: 400;\">The mountains and landscape are populated with a variety of birds and iguanas that inhabit the rugged terrain. Enjoy being surrounded by shady trees and water springs where you can cool off after a hard day of hiking.<\/span><\/p>\n<p>&nbsp;<\/p>\n<h2><b>Itinerary:\u00a0<\/b><\/h2>\n<p>&nbsp;<\/p>\n<h4><b>Day 1<\/b><span style=\"font-weight: 400;\">&#8211; <\/span><\/h4>\n<p><span style=\"font-weight: 400;\">Meeting Point you must be at 9:30 am at Jarabacoa. Lunch in Jarabacoa (this meal is not included) Arrival at the Cienaga de Jarabacoa. Walk to Caseta de Los Tablones, inside the Park (4kms soft). Dinner. Asleep<\/span><\/p>\n<p>&nbsp;<\/p>\n<h4><b>Day 2- <\/b><\/h4>\n<p><span style=\"font-weight: 400;\">This morning we\u2019ll get up early . We had breakfast. Beginning of the walk at 5 am towards La Caseta de Compartici\u00f3n for about 13 kms. Short rest break. Some snacks. We continue towards the top of the Peak, passing through Valle de Lil\u00eds (6kms from Compartici\u00f3n to the top). There will be specific resting points. From la Cima, we return to La Compartici\u00f3n to have lunch \/ dinner, rest, bathe, have tea at the campfire and sleep.<\/span><\/p>\n<p>&nbsp;<\/p>\n<h4><b>Day 3-<\/b><\/h4>\n<p><span style=\"font-weight: 400;\"> We get up at 6 am. We have breakfast and we go back to La Ci\u00e9naga, for about 17 kms. Typical lunch before the return.<\/span><\/p>\n<p>&nbsp;<\/p>\n<p><span style=\"font-weight: 400;\">Note: Each participant must carry in their backpack their snacks from the walk (hydrating, sweet and salty, edible of their choice, water bottles to fill on the way).\u00a0<\/span><\/p>\n<p><span style=\"font-weight: 400;\">The people to participate must be in optimal health, physical and mental conditions. People with a health condition that can affect prolonged efforts, such as asthma, pressure problems, diabetes, or other ailments related to this type of physical activity that could endanger should not participate.<\/span><\/p>\n<p>&nbsp;<\/p>\n<h4><b>\u0423\u043a\u043b\u044e\u0447\u044d\u043d\u043d\u0456 \u0456 \u0432\u044b\u043a\u043b\u044e\u0447\u044d\u043d\u043d\u0456<\/b><\/h4>\n<p><b>\u0423\u043a\u043b\u044e\u0447\u044d\u043d\u043d\u044f<\/b><\/p>\n<ul>\n<li style=\"font-weight: 400;\"><span style=\"font-weight: 400;\">Three Days Trekking<\/span><\/li>\n<li style=\"font-weight: 400;\"><span style=\"font-weight: 400;\">Local Guide<\/span><\/li>\n<li style=\"font-weight: 400;\"><span style=\"font-weight: 400;\">Mules to Carry Stuffs<\/span><\/li>\n<li style=\"font-weight: 400;\"><span style=\"font-weight: 400;\">\u0422\u0443\u0430\u043b\u0435\u0442\u00a0<\/span><\/li>\n<li style=\"font-weight: 400;\"><span style=\"font-weight: 400;\">Fruits\u00a0<\/span><\/li>\n<li style=\"font-weight: 400;\"><span style=\"font-weight: 400;\">National Park Taxes\u00a0<\/span><\/li>\n<li style=\"font-weight: 400;\"><span style=\"font-weight: 400;\">Juice, Coffee, Hot Chocolate<\/span><\/li>\n<\/ul>\n<p><b>\u0412\u044b\u043a\u043b\u044e\u0447\u044d\u043d\u043d\u0456<\/b><\/p>\n<ol>\n<li>\u0427\u0430\u044f\u0432\u044b\u044f<\/li>\n<li>\u0422\u0440\u0430\u043d\u0441\u0444\u0435\u0440\u043d\u044b \u0430\u045e\u0442\u0430\u043c\u0430\u0431\u0456\u043b\u044c<\/li>\n<li>Camping Tends<\/li>\n<li>Back Pack<\/li>\n<li>Meals<\/li>\n<li>\u0410\u043b\u043a\u0430\u0433\u043e\u043b\u044c\u043d\u044b\u044f \u043d\u0430\u043f\u043e\u0456<\/li>\n<\/ol>\n<h4><em><strong>\u0410\u0434\u043f\u0440\u0430\u045e\u043b\u0435\u043d\u043d\u0435 \u0456 \u0432\u044f\u0440\u0442\u0430\u043d\u043d\u0435<\/strong><\/em><\/h4>\n<p>This trip starts at 9:30 Am and finishes 2 days later around 4:00 PM.<\/p>\n<p>\u041f\u0430\u0434\u0430\u0440\u043e\u0436\u043d\u0456\u043a \u0430\u0442\u0440\u044b\u043c\u0430\u0435 \u043c\u0435\u0441\u0446\u0430 \u0441\u0443\u0441\u0442\u0440\u044d\u0447\u044b \u043f\u0430\u0441\u043b\u044f \u043f\u0440\u0430\u0446\u044d\u0441\u0443 \u0431\u0440\u0430\u043d\u0456\u0440\u0430\u0432\u0430\u043d\u043d\u044f. \u0422\u0443\u0440\u044b \u043f\u0430\u0447\u044b\u043d\u0430\u044e\u0446\u0446\u0430 \u0456 \u0437\u0430\u043a\u0430\u043d\u0447\u0432\u0430\u044e\u0446\u0446\u0430 \u045e \u043d\u0430\u0448\u044b\u0445 \u043c\u0435\u0441\u0446\u0430\u0445 \u0441\u0443\u0441\u0442\u0440\u044d\u0447\u044b.<\/p>\n<p><strong>\u0420\u0430\u0441\u043a\u043b\u0430\u0434:<\/strong><\/p>\n<p>3 DAYS TRIP<\/p>\n<p>&nbsp;<\/p>\n<h4><em><strong>\u0428\u0442\u043e \u0442\u0440\u044d\u0431\u0430 \u045e\u0437\u044f\u0446\u044c \u0437 \u0441\u0430\u0431\u043e\u0439?<\/strong><\/em><\/h4>\n<ul>\n<li>\u043a\u0430\u043c\u0435\u0440\u0430<\/li>\n<li>Towel<\/li>\n<li>Sun protection<\/li>\n<li>\u041a\u0430\u043f\u044f\u043b\u044e\u0448<\/li>\n<li>Food<\/li>\n<li>Camping tents<\/li>\n<li>Comfortable pants and shoes<\/li>\n<li>\u0410\u0434\u0437\u0435\u043d\u043d\u0435 \u0434\u043b\u044f \u043f\u043b\u0430\u0432\u0430\u043d\u043d\u044f<\/li>\n<li>\u041d\u0430\u044f\u045e\u043d\u044b\u044f \u043d\u0430 \u0441\u0443\u0432\u0435\u043d\u0456\u0440\u044b<\/li>\n<\/ul>\n<p>&nbsp;<\/p>\n<h4><b><i>\u0421\u0430\u043c\u0430\u0432\u044b\u0432\u0430\u0437 \u0437 \u0433\u0430\u0442\u044d\u043b\u044f<\/i><\/b><\/h4>\n<p>\u0422\u0440\u0430\u043d\u0441\u0444\u0435\u0440 \u0437 \u0433\u0430\u0442\u044d\u043b\u044f \u0434\u043b\u044f \u0433\u044d\u0442\u0430\u0433\u0430 \u0442\u0443\u0440\u0430 \u043d\u0435 \u043f\u0440\u0430\u0434\u0443\u0433\u043b\u0435\u0434\u0436\u0430\u043d\u044b.<\/p>\n<p><b>\u043d\u0430\u0442\u0430\u0442\u043a\u0430:<\/b> if you are booking within 24 hours of the tour\/Excursion departure time, we can arrangements hotel pick-up with extra Charges From any place of Dominican Republic. Once your purchase is complete, we will send you complete contact information (phone number, email address, etc.) for our local Tour guide to organize pick-up arrangements.<\/p>\n<h4><b><i>\u041f\u0430\u0446\u0432\u0435\u0440\u0434\u0436\u0430\u043d\u043d\u0435 \u0434\u0430\u0434\u0430\u0442\u043a\u043e\u0432\u0430\u0439 \u0456\u043d\u0444\u0430\u0440\u043c\u0430\u0446\u044b\u0456<\/i><\/b><\/h4>\n<ol>\n<li>\u041a\u0432\u0456\u0442\u043a\u0456 \u0437&#039;\u044f\u045e\u043b\u044f\u044e\u0446\u0446\u0430 \u043a\u0432\u0456\u0442\u0430\u043d\u0446\u044b\u044f\u0439 \u043f\u0430\u0441\u043b\u044f \u0430\u043f\u043b\u0430\u0442\u044b \u0433\u044d\u0442\u0430\u0433\u0430 \u0442\u0443\u0440\u0430. \u0412\u044b \u043c\u043e\u0436\u0430\u0446\u0435 \u043f\u0430\u043a\u0430\u0437\u0430\u0446\u044c \u0430\u043f\u043b\u0430\u0442\u0443 \u043d\u0430 \u0441\u0432\u0430\u0456\u043c \u0442\u044d\u043b\u0435\u0444\u043e\u043d\u0435.<\/li>\n<li>\u041c\u0435\u0441\u0446\u0430 \u0441\u0443\u0441\u0442\u0440\u044d\u0447\u044b \u0431\u0443\u0434\u0437\u0435 \u0430\u0442\u0440\u044b\u043c\u0430\u043d\u0430 \u043f\u0430\u0441\u043b\u044f \u043f\u0440\u0430\u0446\u044d\u0441\u0443 \u0431\u0440\u0430\u043d\u0456\u0440\u0430\u0432\u0430\u043d\u043d\u044f.<\/li>\n<li>\u0414\u0437\u0435\u0446\u0456 \u043f\u0430\u0432\u0456\u043d\u043d\u044b \u0431\u044b\u0446\u044c \u0443 \u0441\u0443\u043f\u0440\u0430\u0432\u0430\u0434\u0436\u044d\u043d\u043d\u0456 \u0434\u0430\u0440\u043e\u0441\u043b\u044b\u0445.<\/li>\n<li>\u0434\u0430\u0441\u0442\u0443\u043f\u043d\u0430 \u0434\u043b\u044f \u0456\u043d\u0432\u0430\u043b\u0456\u0434\u0430\u045e-\u043a\u0430\u043b\u044f\u0441\u0430\u0447\u043d\u0456\u043a\u0430\u045e<\/li>\n<li>\u041d\u0435\u043c\u0430\u045e\u043b\u044f\u0442\u044b \u043f\u0430\u0432\u0456\u043d\u043d\u044b \u0441\u044f\u0434\u0437\u0435\u0446\u044c \u043d\u0430 \u043a\u0430\u043b\u0435\u043d\u044f\u0445<\/li>\n<li>\u0411\u043e\u043b\u044c\u0448\u0430\u0441\u0446\u044c \u043f\u0430\u0434\u0430\u0440\u043e\u0436\u043d\u0456\u043a\u0430\u045e \u043c\u043e\u0433\u0443\u0446\u044c \u043f\u0440\u044b\u043d\u044f\u0446\u044c \u0443\u0434\u0437\u0435\u043b<\/li>\n<li>Pregnant Woman&#8217;s are not recommend to participate<\/li>\n<\/ol>\n<h4><b><i>\u041f\u0430\u043b\u0456\u0442\u044b\u043a\u0430 \u0430\u0434\u043c\u0435\u043d\u044b<\/i><\/b><\/h4>\n<p>For a full refund, cancel at least 14 days\u00a0 in advance of the start date of the experience.<\/p>\n<\/div>\n<\/div>\n<\/div>\n<\/div>\n<\/div>\n<\/div>\n<\/div>\n<\/div>\n<\/div>\n<\/div>\n<\/div>\n<\/div>\n<div class=\"vc_row wpb_row vc_row-fluid\">\n<div class=\"wpb_column vc_column_container vc_col-sm-12\">\n<div class=\"vc_column-inner\">\n<div class=\"wpb_wrapper\">\n<div class=\"vc_empty_space\"><\/div>\n<div class=\"wpb_text_column wpb_content_element\">\n<div class=\"wpb_wrapper\">\n<h4>\u0417\u0432\u044f\u0436\u044b\u0446\u0435\u0441\u044f \u0437 \u043d\u0430\u043c\u0456?<\/h4>\n<h5><b><i>\u0411\u0440\u0430\u043d\u0456\u0440\u0430\u0432\u0430\u043d\u043d\u0435 \u043f\u0440\u044b\u0433\u043e\u0434<\/i><\/b><\/h5>\n<p><em><strong>\u041c\u044f\u0441\u0446\u043e\u0432\u044b\u044f \u0436\u044b\u0445\u0430\u0440\u044b<\/strong>\u00a0\u0456\u00a0<strong>\u0413\u0440\u0430\u043c\u0430\u0434\u0437\u044f\u043d\u0435<\/strong>\u00a0\u0413\u0456\u0434\u044b \u0456 \u0430\u0431\u0441\u043b\u0443\u0433\u043e\u045e\u0432\u0430\u043d\u043d\u0435 \u0433\u0430\u0441\u0446\u0435\u0439<\/em><\/p>\n<p><span class=\"text-turquoise\">\u0411\u0440\u0430\u043d\u0456\u0440\u0430\u0432\u0430\u043d\u043d\u0435:<\/span>\u00a0\u0422\u0443\u0440\u044b \u0456 \u044d\u043a\u0441\u043a\u0443\u0440\u0441\u0456\u0456 \u045e \u0414\u043e\u043c. \u0420\u044d\u0441\u043f.<\/p>\n<p><img decoding=\"async\" class=\"emoji\" draggable=\"false\" src=\"https:\/\/s.w.org\/images\/core\/emoji\/11.2.0\/svg\/1f4de.svg\" alt=\"\ud83d\udcde\" \/>\u00a0\u0422\u044d\u043b\/Whatsapp\u00a0\u00a0<a href=\"tel:+1-809-720-6035\">+1-809-720-6035<\/a>.<\/p>\n<p><img decoding=\"async\" class=\"emoji\" draggable=\"false\" src=\"https:\/\/s.w.org\/images\/core\/emoji\/11.2.0\/svg\/1f4e9.svg\" alt=\"\ud83d\udce9\" \/>\u00a0<a href=\"mailto:info@bookingadventures.com.do\">info@bookingadventures.com.do<\/a><\/p>\n<p><strong>\u041c\u044b \u0433\u043d\u0443\u0442\u043a\u0430 \u043d\u0430\u043b\u0430\u0434\u0436\u0432\u0430\u0435\u043c \u043f\u0440\u044b\u0432\u0430\u0442\u043d\u044b\u044f \u0442\u0443\u0440\u044b \u043f\u0440\u0430\u0437 Whatsapp:\u00a0<a href=\"tel:+18097206035\">+18097206035.<\/a><\/strong><\/p>\n<\/div>\n<\/div>\n<\/div>\n<\/div>\n<\/div>\n<\/div>\n\n\t\t<\/div>\n\t<\/div>\n<div class=\"vc_empty_space\"   style=\"height: 32px\"><span class=\"vc_empty_space_inner\"><\/span><\/div><div class=\"vc_message_box vc_message_box-standard vc_message_box-rounded vc_color-info\" ><div class=\"vc_message_box-icon\"><i class=\"fas fa-info-circle\"><\/i><\/div><p>Please Book ( 7) days before the due Day.<\/p>\n<\/div><div class=\"vc_empty_space\"   style=\"height: 32px\"><span class=\"vc_empty_space_inner\"><\/span><\/div><\/div><\/div><\/div><\/div>","protected":false},"excerpt":{"rendered":"<p>&nbsp;<\/p>\n<p><span style=\"font-weight: 400;\">Join us to climb the tallest point of the Caribbean at J. Almando Bermudez National located in the Central Mountain Range of the country.<\/span><\/p>\n<p><span style=\"font-weight: 400;\">The tour will go from a tropical forest to the pine forest of J. Armando Bermudez National Park, walking on trails through thousands of ferns, you will see parrots, goldfinches and other exotic birds. <\/span><\/p>\n<p><em><strong>Please Select the date to start\u00a0 The Trip:<\/strong><\/em><\/p>","protected":false},"featured_media":11128,"template":"","meta":[],"product_brand":[],"product_cat":[465],"product_tag":[466,467,468],"class_list":{"0":"post-11067","1":"product","2":"type-product","3":"status-publish","4":"has-post-thumbnail","6":"product_cat-pico-duarte-hike-with-local-experts-duarte-peak-camping-trekking","7":"product_tag-camping-trekking","8":"product_tag-duarte-peak","9":"product_tag-pico-duarte-hike-with-local-experts-duarte-peak-camping-trekking","11":"first","12":"instock","13":"sale","14":"sold-individually","15":"shipping-taxable","16":"product-type-external"},"_links":{"self":[{"href":"https:\/\/visitaloshaitises.com\/be\/wp-json\/wp\/v2\/product\/11067","targetHints":{"allow":["GET"]}}],"collection":[{"href":"https:\/\/visitaloshaitises.com\/be\/wp-json\/wp\/v2\/product"}],"about":[{"href":"https:\/\/visitaloshaitises.com\/be\/wp-json\/wp\/v2\/types\/product"}],"wp:featuredmedia":[{"embeddable":true,"href":"https:\/\/visitaloshaitises.com\/be\/wp-json\/wp\/v2\/media\/11128"}],"wp:attachment":[{"href":"https:\/\/visitaloshaitises.com\/be\/wp-json\/wp\/v2\/media?parent=11067"}],"wp:term":[{"taxonomy":"product_brand","embeddable":true,"href":"https:\/\/visitaloshaitises.com\/be\/wp-json\/wp\/v2\/product_brand?post=11067"},{"taxonomy":"product_cat","embeddable":true,"href":"https:\/\/visitaloshaitises.com\/be\/wp-json\/wp\/v2\/product_cat?post=11067"},{"taxonomy":"product_tag","embeddable":true,"href":"https:\/\/visitaloshaitises.com\/be\/wp-json\/wp\/v2\/product_tag?post=11067"}],"curies":[{"name":"wp","href":"https:\/\/api.w.org\/{rel}","templated":true}]}}